{"id":13610,"date":"2024-08-25T15:49:31","date_gmt":"2024-08-25T12:49:31","guid":{"rendered":"https:\/\/skaitytaknyga.lt\/?post_type=product&#038;p=13610"},"modified":"2025-05-15T10:20:23","modified_gmt":"2025-05-15T07:20:23","slug":"zemaitiu-gruozenes-literaturas-antuoluogeje","status":"publish","type":"product","link":"https:\/\/skaitytaknyga.lt\/en\/produktas\/zemaitiu-gruozenes-literaturas-antuoluogeje\/","title":{"rendered":"\u017demaitiu gruo\u017e\u0117n\u0117s literat\u016bras antuoluog\u0117j\u0117"},"content":{"rendered":"<p>Knygoje spausdinami \u017eemai\u010di\u0173 kalba para\u0161yti 48 autori\u0173 poezijos, prozos ir dramos k\u016briniai.<\/p>\n<p>Antologijoje \u2013 \u017eemaiti\u0161kai ra\u0161iusi\u0173 1935\u20131945 m. veikusio \u017demai\u010di\u0173 ra\u0161ytoj\u0173 samb\u016brio nari\u0173, kurie 1938 m. Kaune i\u0161leido savo k\u016brini\u0173 rinktin\u0119 \u201e\u017demai\u010diai&#8221;, Sofijos Kymantait\u0117s-\u010ciurlionien\u0117s \u017eemaiti\u0161kai para\u0161yti tekstai bei Lietuvos atgimimo metais \u017eemai\u010di\u0173 kalba prad\u0117jusi\u0173 kurti ir \u0161i\u0105 tradicij\u0105 iki \u0161iol t\u0119sian\u010di\u0173 autori\u0173 k\u016bryba. Tarp j\u0173 \u2013 nema\u017eai savo knygas \u017eemai\u010di\u0173 ir lietuvi\u0173 kalbomis jau i\u0161leidusi\u0173 autori\u0173. Tai Donatas Butkus, Viktorija Daujotyt\u0117, Tekl\u0117 D\u017eervien\u0117, Justinas Kubilius, Edvardas Rudys, Dalia Tamo\u0161auskait\u0117-Zabitien\u0117, Edmundas Untulis ir kt.<\/p>\n<ul class=\"about-product d-none d-xl-block mt-4\">\n<li><strong>Autorius:<\/strong>\u00a0Danut\u0117 Ramonait\u0117-Mukien\u0117<\/li>\n<li><strong>Leid\u0117jas:<\/strong>\u00a0Region\u0173 kult\u016brini\u0173 iniciatyv\u0173 centras<\/li>\n<li><strong>Metai:<\/strong>\u00a02018<\/li>\n<li><strong>Puslapiai:<\/strong>\u00a0556<\/li>\n<li><strong>ISBN:<\/strong>\u00a09789955818243<\/li>\n<li><strong>Formatas:<\/strong>\u00a014 x 22 x 3 cm, kieti vir\u0161eliai<\/li>\n<li><strong>Kalba:<\/strong>\u00a0Lietuvi\u0173<\/li>\n<\/ul>\n","protected":false},"excerpt":{"rendered":"<p>Knygoje spausdinami \u017eemai\u010di\u0173 kalba para\u0161yti 48 autori\u0173 poezijos, prozos ir dramos k\u016briniai. Antologijoje \u2013 \u017eemaiti\u0161kai ra\u0161iusi\u0173 1935\u20131945 m. veikusio \u017demai\u010di\u0173 ra\u0161ytoj\u0173 samb\u016brio nari\u0173, kurie 1938 m. Kaune i\u0161leido savo k\u016brini\u0173 rinktin\u0119 \u201e\u017demai\u010diai&#8221;, Sofijos Kymantait\u0117s-\u010ciurlionien\u0117s \u017eemaiti\u0161kai para\u0161yti tekstai bei Lietuvos atgimimo metais \u017eemai\u010di\u0173 kalba prad\u0117jusi\u0173 kurti ir \u0161i\u0105 tradicij\u0105 iki \u0161iol t\u0119sian\u010di\u0173 autori\u0173 k\u016bryba. Tarp j\u0173 \u2013 nema\u017eai savo knygas \u017eemai\u010di\u0173 ir lietuvi\u0173 kalbomis jau i\u0161leidusi\u0173 autori\u0173. Tai Donatas Butkus, Viktorija Daujotyt\u0117, Tekl\u0117 D\u017eervien\u0117, Justinas Kubilius, Edvardas Rudys, Dalia Tamo\u0161auskait\u0117-Zabitien\u0117, Edmundas Untulis ir kt. Autorius:\u00a0Danut\u0117 Ramonait\u0117-Mukien\u0117 Leid\u0117jas:\u00a0Region\u0173 kult\u016brini\u0173 iniciatyv\u0173 centras Metai:\u00a02018 Puslapiai:\u00a0556 ISBN:\u00a09789955818243 Formatas:\u00a014 x 22 x 3 cm, kieti vir\u0161eliai Kalba:\u00a0Lietuvi\u0173<\/p>\n","protected":false},"featured_media":13665,"comment_status":"open","ping_status":"closed","template":"","meta":{"_acf_changed":false,"site-sidebar-layout":"default","site-content-layout":"","ast-site-content-layout":"default","site-content-style":"default","site-sidebar-style":"default","ast-global-header-display":"","ast-banner-title-visibility":"","ast-main-header-display":"","ast-hfb-above-header-display":"","ast-hfb-below-header-display":"","ast-hfb-mobile-header-display":"","site-post-title":"","ast-breadcrumbs-content":"","ast-featured-img":"","footer-sml-layout":"","ast-disable-related-posts":"","theme-transparent-header-meta":"default","adv-header-id-meta":"","stick-header-meta":"","header-above-stick-meta":"","header-main-stick-meta":"","header-below-stick-meta":"","astra-migrate-meta-layouts":"set","ast-page-background-enabled":"default","ast-page-background-meta":{"desktop":{"background-color":"","background-image":"","background-repeat":"repeat","background-position":"center center","background-size":"auto","background-attachment":"scroll","background-type":"","background-media":"","overlay-type":"","overlay-color":"","overlay-opacity":"","overlay-gradient":""},"tablet":{"background-color":"","background-image":"","background-repeat":"repeat","background-position":"center center","background-size":"auto","background-attachment":"scroll","background-type":"","background-media":"","overlay-type":"","overlay-color":"","overlay-opacity":"","overlay-gradient":""},"mobile":{"background-color":"","background-image":"","background-repeat":"repeat","background-position":"center center","background-size":"auto","background-attachment":"scroll","background-type":"","background-media":"","overlay-type":"","overlay-color":"","overlay-opacity":"","overlay-gradient":""}},"ast-content-background-meta":{"desktop":{"background-color":"var(--ast-global-color-4)","background-image":"","background-repeat":"repeat","background-position":"center center","background-size":"auto","background-attachment":"scroll","background-type":"","background-media":"","overlay-type":"","overlay-color":"","overlay-opacity":"","overlay-gradient":""},"tablet":{"background-color":"var(--ast-global-color-4)","background-image":"","background-repeat":"repeat","background-position":"center center","background-size":"auto","background-attachment":"scroll","background-type":"","background-media":"","overlay-type":"","overlay-color":"","overlay-opacity":"","overlay-gradient":""},"mobile":{"background-color":"var(--ast-global-color-4)","background-image":"","background-repeat":"repeat","background-position":"center center","background-size":"auto","background-attachment":"scroll","background-type":"","background-media":"","overlay-type":"","overlay-color":"","overlay-opacity":"","overlay-gradient":""}}},"product_brand":[],"product_cat":[2836],"product_tag":[2976,1492,1211,2807,2977],"class_list":{"0":"post-13610","1":"product","2":"type-product","3":"status-publish","4":"has-post-thumbnail","6":"product_cat-kalba-kalbotyra-zodynai-2","7":"product_tag-danute-ramonaite-mukiene","8":"product_tag-literatura","9":"product_tag-tautosaka","10":"product_tag-tradicijos","11":"product_tag-zemaitija","12":"desktop-align-left","13":"tablet-align-left","14":"mobile-align-left","16":"first","17":"instock","18":"shipping-taxable","19":"purchasable","20":"product-type-simple"},"acf":[],"yoast_head":"<!-- This site is optimized with the Yoast SEO plugin v27.0 - https:\/\/yoast.com\/product\/yoast-seo-wordpress\/ -->\n<title>\u017demaitiu gruo\u017e\u0117n\u0117s literat\u016bras antuoluog\u0117j\u0117<\/title>\n<meta name=\"description\" content=\"Knygoje spausdinami \u017eemai\u010di\u0173 kalba para\u0161yti 48 autori\u0173 poezijos, prozos ir dramos k\u016briniai. Antologijoje \u2013 \u017eemaiti\u0161kai ra\u0161iusi\u0173 1935\u20131945 m. veikusio\" \/>\n<meta name=\"robots\" content=\"index, follow, max-snippet:-1, max-image-preview:large, max-video-preview:-1\" \/>\n<link rel=\"canonical\" href=\"https:\/\/skaitytaknyga.lt\/en\/produktas\/zemaitiu-gruozenes-literaturas-antuoluogeje\/\" \/>\n<meta property=\"og:locale\" content=\"en_GB\" \/>\n<meta property=\"og:locale:alternate\" content=\"lt_LT\" \/>\n<meta property=\"og:type\" content=\"article\" \/>\n<meta property=\"og:title\" content=\"\u017demaitiu gruo\u017e\u0117n\u0117s literat\u016bras antuoluog\u0117j\u0117\" \/>\n<meta property=\"og:description\" content=\"Knygoje spausdinami \u017eemai\u010di\u0173 kalba para\u0161yti 48 autori\u0173 poezijos, prozos ir dramos k\u016briniai. Antologijoje \u2013 \u017eemaiti\u0161kai ra\u0161iusi\u0173 1935\u20131945 m. veikusio\" \/>\n<meta property=\"og:url\" content=\"https:\/\/skaitytaknyga.lt\/en\/produktas\/zemaitiu-gruozenes-literaturas-antuoluogeje\/\" \/>\n<meta property=\"og:site_name\" content=\"Skaitytaknyga\" \/>\n<meta property=\"article:publisher\" content=\"https:\/\/www.facebook.com\/skaitytaknyga\/\" \/>\n<meta property=\"article:modified_time\" content=\"2025-05-15T07:20:23+00:00\" \/>\n<meta property=\"og:image\" content=\"https:\/\/skaitytaknyga.lt\/wp-content\/uploads\/2024\/08\/zemaiciu.webp\" \/>\n\t<meta property=\"og:image:width\" content=\"505\" \/>\n\t<meta property=\"og:image:height\" content=\"800\" \/>\n\t<meta property=\"og:image:type\" content=\"image\/webp\" \/>\n<meta name=\"twitter:card\" content=\"summary_large_image\" \/>\n<meta name=\"twitter:label1\" content=\"Estimated reading time\" \/>\n\t<meta name=\"twitter:data1\" content=\"1 minute\" \/>\n<script type=\"application\/ld+json\" class=\"yoast-schema-graph\">{\"@context\":\"https:\/\/schema.org\",\"@graph\":[{\"@type\":\"WebPage\",\"@id\":\"https:\/\/skaitytaknyga.lt\/produktas\/zemaitiu-gruozenes-literaturas-antuoluogeje\/\",\"url\":\"https:\/\/skaitytaknyga.lt\/produktas\/zemaitiu-gruozenes-literaturas-antuoluogeje\/\",\"name\":\"\u017demaitiu gruo\u017e\u0117n\u0117s literat\u016bras antuoluog\u0117j\u0117\",\"isPartOf\":{\"@id\":\"https:\/\/skaitytaknyga.lt\/#website\"},\"primaryImageOfPage\":{\"@id\":\"https:\/\/skaitytaknyga.lt\/produktas\/zemaitiu-gruozenes-literaturas-antuoluogeje\/#primaryimage\"},\"image\":{\"@id\":\"https:\/\/skaitytaknyga.lt\/produktas\/zemaitiu-gruozenes-literaturas-antuoluogeje\/#primaryimage\"},\"thumbnailUrl\":\"https:\/\/skaitytaknyga.lt\/wp-content\/uploads\/2024\/08\/zemaiciu.webp\",\"datePublished\":\"2024-08-25T12:49:31+00:00\",\"dateModified\":\"2025-05-15T07:20:23+00:00\",\"description\":\"Knygoje spausdinami \u017eemai\u010di\u0173 kalba para\u0161yti 48 autori\u0173 poezijos, prozos ir dramos k\u016briniai. Antologijoje \u2013 \u017eemaiti\u0161kai ra\u0161iusi\u0173 1935\u20131945 m. veikusio\",\"breadcrumb\":{\"@id\":\"https:\/\/skaitytaknyga.lt\/produktas\/zemaitiu-gruozenes-literaturas-antuoluogeje\/#breadcrumb\"},\"inLanguage\":\"en-GB\",\"potentialAction\":[{\"@type\":\"ReadAction\",\"target\":[\"https:\/\/skaitytaknyga.lt\/produktas\/zemaitiu-gruozenes-literaturas-antuoluogeje\/\"]}]},{\"@type\":\"ImageObject\",\"inLanguage\":\"en-GB\",\"@id\":\"https:\/\/skaitytaknyga.lt\/produktas\/zemaitiu-gruozenes-literaturas-antuoluogeje\/#primaryimage\",\"url\":\"https:\/\/skaitytaknyga.lt\/wp-content\/uploads\/2024\/08\/zemaiciu.webp\",\"contentUrl\":\"https:\/\/skaitytaknyga.lt\/wp-content\/uploads\/2024\/08\/zemaiciu.webp\",\"width\":505,\"height\":800,\"caption\":\"\u017demaitiu gruo\u017e\u0117n\u0117s literat\u016bras antuoluog\u0117j\u0117\"},{\"@type\":\"BreadcrumbList\",\"@id\":\"https:\/\/skaitytaknyga.lt\/produktas\/zemaitiu-gruozenes-literaturas-antuoluogeje\/#breadcrumb\",\"itemListElement\":[{\"@type\":\"ListItem\",\"position\":1,\"name\":\"Home\",\"item\":\"https:\/\/skaitytaknyga.lt\/\"},{\"@type\":\"ListItem\",\"position\":2,\"name\":\"Parduotuv\u0117\",\"item\":\"https:\/\/skaitytaknyga.lt\/knygu-parduotuve\/\"},{\"@type\":\"ListItem\",\"position\":3,\"name\":\"\u017demaitiu gruo\u017e\u0117n\u0117s literat\u016bras antuoluog\u0117j\u0117\"}]},{\"@type\":\"WebSite\",\"@id\":\"https:\/\/skaitytaknyga.lt\/#website\",\"url\":\"https:\/\/skaitytaknyga.lt\/\",\"name\":\"skaitytaknyga.lt\",\"description\":\"Skaitytaknyga.lt \u2013 tai ma\u017eas \u0161eimos verslas, kuris prasid\u0117jo nuo meil\u0117s knygoms ir siekio i\u0161gelb\u0117ti knygas nuo likimo prie konteinerio. Kas vienam nereikalingas daiktas \u2013 kitam lobis, o mes esame tarpininkai, kurie padeda abiems tapti laimingesniems ???? \u017dinome kaip nelengva i\u0161gyventi ma\u017eiems verslams, tad nuo \u0161iol, \u010dia rasite ir kit\u0173, ma\u017e\u0173 \u0161eim\u0173 versl\u0173, rank\u0173 darbo, dovan\u0173 sau ir artimiesiems.\",\"publisher\":{\"@id\":\"https:\/\/skaitytaknyga.lt\/#organization\"},\"potentialAction\":[{\"@type\":\"SearchAction\",\"target\":{\"@type\":\"EntryPoint\",\"urlTemplate\":\"https:\/\/skaitytaknyga.lt\/?s={search_term_string}\"},\"query-input\":{\"@type\":\"PropertyValueSpecification\",\"valueRequired\":true,\"valueName\":\"search_term_string\"}}],\"inLanguage\":\"en-GB\"},{\"@type\":\"Organization\",\"@id\":\"https:\/\/skaitytaknyga.lt\/#organization\",\"name\":\"skaitytaknyga.lt\",\"url\":\"https:\/\/skaitytaknyga.lt\/\",\"logo\":{\"@type\":\"ImageObject\",\"inLanguage\":\"en-GB\",\"@id\":\"https:\/\/skaitytaknyga.lt\/#\/schema\/logo\/image\/\",\"url\":\"https:\/\/skaitytaknyga.lt\/wp-content\/uploads\/2024\/05\/cropped-cropped-cropped-02_00843_jt3bggkj1j3HLc7SyY6rEUpg.jpeg\",\"contentUrl\":\"https:\/\/skaitytaknyga.lt\/wp-content\/uploads\/2024\/05\/cropped-cropped-cropped-02_00843_jt3bggkj1j3HLc7SyY6rEUpg.jpeg\",\"width\":1600,\"height\":1600,\"caption\":\"skaitytaknyga.lt\"},\"image\":{\"@id\":\"https:\/\/skaitytaknyga.lt\/#\/schema\/logo\/image\/\"},\"sameAs\":[\"https:\/\/www.facebook.com\/skaitytaknyga\/\"]}]}<\/script>\n<!-- \/ Yoast SEO plugin. -->","yoast_head_json":{"title":"\u017demaitiu gruo\u017e\u0117n\u0117s literat\u016bras antuoluog\u0117j\u0117","description":"Knygoje spausdinami \u017eemai\u010di\u0173 kalba para\u0161yti 48 autori\u0173 poezijos, prozos ir dramos k\u016briniai. Antologijoje \u2013 \u017eemaiti\u0161kai ra\u0161iusi\u0173 1935\u20131945 m. veikusio","robots":{"index":"index","follow":"follow","max-snippet":"max-snippet:-1","max-image-preview":"max-image-preview:large","max-video-preview":"max-video-preview:-1"},"canonical":"https:\/\/skaitytaknyga.lt\/en\/produktas\/zemaitiu-gruozenes-literaturas-antuoluogeje\/","og_locale":"en_GB","og_type":"article","og_title":"[:lt]\u017demaitiu gruo\u017e\u0117n\u0117s literat\u016bras antuoluog\u0117j\u0117[:] - Skaitytaknyga","og_description":"Knygoje spausdinami \u017eemai\u010di\u0173 kalba para\u0161yti 48 autori\u0173 poezijos, prozos ir dramos k\u016briniai. Antologijoje \u2013 \u017eemaiti\u0161kai ra\u0161iusi\u0173 1935\u20131945 m. veikusio","og_url":"https:\/\/skaitytaknyga.lt\/en\/produktas\/zemaitiu-gruozenes-literaturas-antuoluogeje\/","og_site_name":"Skaitytaknyga","article_publisher":"https:\/\/www.facebook.com\/skaitytaknyga\/","article_modified_time":"2025-05-15T07:20:23+00:00","og_image":[{"width":505,"height":800,"url":"https:\/\/skaitytaknyga.lt\/wp-content\/uploads\/2024\/08\/zemaiciu.webp","type":"image\/webp"}],"twitter_card":"summary_large_image","twitter_misc":{"Estimated reading time":"1 minute"},"schema":{"@context":"https:\/\/schema.org","@graph":[{"@type":"WebPage","@id":"https:\/\/skaitytaknyga.lt\/produktas\/zemaitiu-gruozenes-literaturas-antuoluogeje\/","url":"https:\/\/skaitytaknyga.lt\/produktas\/zemaitiu-gruozenes-literaturas-antuoluogeje\/","name":"\u017demaitiu gruo\u017e\u0117n\u0117s literat\u016bras antuoluog\u0117j\u0117","isPartOf":{"@id":"https:\/\/skaitytaknyga.lt\/#website"},"primaryImageOfPage":{"@id":"https:\/\/skaitytaknyga.lt\/produktas\/zemaitiu-gruozenes-literaturas-antuoluogeje\/#primaryimage"},"image":{"@id":"https:\/\/skaitytaknyga.lt\/produktas\/zemaitiu-gruozenes-literaturas-antuoluogeje\/#primaryimage"},"thumbnailUrl":"https:\/\/skaitytaknyga.lt\/wp-content\/uploads\/2024\/08\/zemaiciu.webp","datePublished":"2024-08-25T12:49:31+00:00","dateModified":"2025-05-15T07:20:23+00:00","description":"Knygoje spausdinami \u017eemai\u010di\u0173 kalba para\u0161yti 48 autori\u0173 poezijos, prozos ir dramos k\u016briniai. Antologijoje \u2013 \u017eemaiti\u0161kai ra\u0161iusi\u0173 1935\u20131945 m. veikusio","breadcrumb":{"@id":"https:\/\/skaitytaknyga.lt\/produktas\/zemaitiu-gruozenes-literaturas-antuoluogeje\/#breadcrumb"},"inLanguage":"en-GB","potentialAction":[{"@type":"ReadAction","target":["https:\/\/skaitytaknyga.lt\/produktas\/zemaitiu-gruozenes-literaturas-antuoluogeje\/"]}]},{"@type":"ImageObject","inLanguage":"en-GB","@id":"https:\/\/skaitytaknyga.lt\/produktas\/zemaitiu-gruozenes-literaturas-antuoluogeje\/#primaryimage","url":"https:\/\/skaitytaknyga.lt\/wp-content\/uploads\/2024\/08\/zemaiciu.webp","contentUrl":"https:\/\/skaitytaknyga.lt\/wp-content\/uploads\/2024\/08\/zemaiciu.webp","width":505,"height":800,"caption":"\u017demaitiu gruo\u017e\u0117n\u0117s literat\u016bras antuoluog\u0117j\u0117"},{"@type":"BreadcrumbList","@id":"https:\/\/skaitytaknyga.lt\/produktas\/zemaitiu-gruozenes-literaturas-antuoluogeje\/#breadcrumb","itemListElement":[{"@type":"ListItem","position":1,"name":"Home","item":"https:\/\/skaitytaknyga.lt\/"},{"@type":"ListItem","position":2,"name":"Parduotuv\u0117","item":"https:\/\/skaitytaknyga.lt\/knygu-parduotuve\/"},{"@type":"ListItem","position":3,"name":"\u017demaitiu gruo\u017e\u0117n\u0117s literat\u016bras antuoluog\u0117j\u0117"}]},{"@type":"WebSite","@id":"https:\/\/skaitytaknyga.lt\/#website","url":"https:\/\/skaitytaknyga.lt\/","name":"skaitytaknyga.lt","description":"Skaitytaknyga.lt \u2013 tai ma\u017eas \u0161eimos verslas, kuris prasid\u0117jo nuo meil\u0117s knygoms ir siekio i\u0161gelb\u0117ti knygas nuo likimo prie konteinerio. Kas vienam nereikalingas daiktas \u2013 kitam lobis, o mes esame tarpininkai, kurie padeda abiems tapti laimingesniems ???? \u017dinome kaip nelengva i\u0161gyventi ma\u017eiems verslams, tad nuo \u0161iol, \u010dia rasite ir kit\u0173, ma\u017e\u0173 \u0161eim\u0173 versl\u0173, rank\u0173 darbo, dovan\u0173 sau ir artimiesiems.","publisher":{"@id":"https:\/\/skaitytaknyga.lt\/#organization"},"potentialAction":[{"@type":"SearchAction","target":{"@type":"EntryPoint","urlTemplate":"https:\/\/skaitytaknyga.lt\/?s={search_term_string}"},"query-input":{"@type":"PropertyValueSpecification","valueRequired":true,"valueName":"search_term_string"}}],"inLanguage":"en-GB"},{"@type":"Organization","@id":"https:\/\/skaitytaknyga.lt\/#organization","name":"skaitytaknyga.lt","url":"https:\/\/skaitytaknyga.lt\/","logo":{"@type":"ImageObject","inLanguage":"en-GB","@id":"https:\/\/skaitytaknyga.lt\/#\/schema\/logo\/image\/","url":"https:\/\/skaitytaknyga.lt\/wp-content\/uploads\/2024\/05\/cropped-cropped-cropped-02_00843_jt3bggkj1j3HLc7SyY6rEUpg.jpeg","contentUrl":"https:\/\/skaitytaknyga.lt\/wp-content\/uploads\/2024\/05\/cropped-cropped-cropped-02_00843_jt3bggkj1j3HLc7SyY6rEUpg.jpeg","width":1600,"height":1600,"caption":"skaitytaknyga.lt"},"image":{"@id":"https:\/\/skaitytaknyga.lt\/#\/schema\/logo\/image\/"},"sameAs":["https:\/\/www.facebook.com\/skaitytaknyga\/"]}]}},"_links":{"self":[{"href":"https:\/\/skaitytaknyga.lt\/en\/wp-json\/wp\/v2\/product\/13610","targetHints":{"allow":["GET"]}}],"collection":[{"href":"https:\/\/skaitytaknyga.lt\/en\/wp-json\/wp\/v2\/product"}],"about":[{"href":"https:\/\/skaitytaknyga.lt\/en\/wp-json\/wp\/v2\/types\/product"}],"replies":[{"embeddable":true,"href":"https:\/\/skaitytaknyga.lt\/en\/wp-json\/wp\/v2\/comments?post=13610"}],"wp:featuredmedia":[{"embeddable":true,"href":"https:\/\/skaitytaknyga.lt\/en\/wp-json\/wp\/v2\/media\/13665"}],"wp:attachment":[{"href":"https:\/\/skaitytaknyga.lt\/en\/wp-json\/wp\/v2\/media?parent=13610"}],"wp:term":[{"taxonomy":"product_brand","embeddable":true,"href":"https:\/\/skaitytaknyga.lt\/en\/wp-json\/wp\/v2\/product_brand?post=13610"},{"taxonomy":"product_cat","embeddable":true,"href":"https:\/\/skaitytaknyga.lt\/en\/wp-json\/wp\/v2\/product_cat?post=13610"},{"taxonomy":"product_tag","embeddable":true,"href":"https:\/\/skaitytaknyga.lt\/en\/wp-json\/wp\/v2\/product_tag?post=13610"}],"curies":[{"name":"wp","href":"https:\/\/api.w.org\/{rel}","templated":true}]}}