{"id":13605,"date":"2024-08-25T15:33:25","date_gmt":"2024-08-25T12:33:25","guid":{"rendered":"https:\/\/skaitytaknyga.lt\/?post_type=product&#038;p=13605"},"modified":"2026-03-18T14:59:53","modified_gmt":"2026-03-18T12:59:53","slug":"arvydas-anusauskas-kgb-lietuvoje-slaptosios-veiklos-bruozai","status":"publish","type":"product","link":"https:\/\/skaitytaknyga.lt\/en\/produktas\/arvydas-anusauskas-kgb-lietuvoje-slaptosios-veiklos-bruozai\/","title":{"rendered":"Arvydas Anu\u0161auskas \u201eKGB Lietuvoje. Slaptosios veiklos bruo\u017eai\u201c"},"content":{"rendered":"<p>\u017dinomo Lietuvos istoriko ir visuomen\u0117s veik\u0117jo Arvydo Anu\u0161ausko archyvini\u0173 dokument\u0173 kopijomis gausiai iliustruotoje knygoje &#8220;KGB Lietuvoje. Slaptosios veiklos bruo\u017eai&#8221; ap\u017evelgiama bene \u017einomiausios pasaulyje slaptosios tarnybos \u2013 KGB \u2013 veikla Lietuvoje 1940-1991 metais, taip pat sovietini\u0173 \u017evalgybos strukt\u016br\u0173 veikla iki 1940-\u0173j\u0173.<br \/>\nAtskleid\u017eiama, kokius veiklos metodus (agent\u016brinio \u012fsiskverbimo, kompromitavimo, dezinformacijos, \u0161anta\u017eo ir t.t.) naudojo KGB, kokios \u012ftakos \u0161i strukt\u016bra tur\u0117jo visuomen\u0117s procesams bei atskiriems \u012fvykiams.<br \/>\nAutoriaus nuomone KGB archyvai turi b\u016bti atverti visuomenei, bendradarbi\u0173 pavard\u0117s pavie\u0161intos, o KGB visagalyb\u0117 \u2013 nuvainikuota. Sakydami ne vis\u0105 ties\u0105 griauname valstyb\u0117s pamatus, skatiname pilie\u010di\u0173 abejingum\u0105 ne tik savo \u0161alies praei\u010diai, bet ir atei\u010diai.<\/p>\n<ul>\n<li>Autorius:\u00a0Arvydas Anu\u0161auskas<\/li>\n<li>Leid\u0117jas:\u00a0Atva\u017eiavo me\u0161ka<\/li>\n<li>I\u0161leidimo metai:\u00a02009<\/li>\n<li>Knygos puslapi\u0173 skai\u010dius:\u00a0252<\/li>\n<li>Formatas:\u00a024&#215;15, mink\u0161ti vir\u0161eliai<\/li>\n<li>ISBN ar kodas:\u00a09786099503806<\/li>\n<\/ul>\n","protected":false},"excerpt":{"rendered":"<p>\u017dinomo Lietuvos istoriko ir visuomen\u0117s veik\u0117jo Arvydo Anu\u0161ausko archyvini\u0173 dokument\u0173 kopijomis gausiai iliustruotoje knygoje &#8220;KGB Lietuvoje. Slaptosios veiklos bruo\u017eai&#8221; ap\u017evelgiama bene \u017einomiausios pasaulyje slaptosios tarnybos \u2013 KGB \u2013 veikla Lietuvoje 1940-1991 metais, taip pat sovietini\u0173 \u017evalgybos strukt\u016br\u0173 veikla iki 1940-\u0173j\u0173. Atskleid\u017eiama, kokius veiklos metodus (agent\u016brinio \u012fsiskverbimo, kompromitavimo, dezinformacijos, \u0161anta\u017eo ir t.t.) naudojo KGB, kokios \u012ftakos \u0161i strukt\u016bra tur\u0117jo visuomen\u0117s procesams bei atskiriems \u012fvykiams. Autoriaus nuomone KGB archyvai turi b\u016bti atverti visuomenei, bendradarbi\u0173 pavard\u0117s pavie\u0161intos, o KGB visagalyb\u0117 \u2013 nuvainikuota. Sakydami ne vis\u0105 ties\u0105 griauname valstyb\u0117s pamatus, skatiname pilie\u010di\u0173 abejingum\u0105 ne tik savo \u0161alies praei\u010diai, bet ir atei\u010diai. Autorius:\u00a0Arvydas Anu\u0161auskas Leid\u0117jas:\u00a0Atva\u017eiavo me\u0161ka I\u0161leidimo metai:\u00a02009 Knygos puslapi\u0173 skai\u010dius:\u00a0252 Formatas:\u00a024&#215;15, mink\u0161ti vir\u0161eliai ISBN ar kodas:\u00a09786099503806<\/p>\n","protected":false},"featured_media":13669,"comment_status":"open","ping_status":"closed","template":"","meta":{"_acf_changed":false,"site-sidebar-layout":"default","site-content-layout":"","ast-site-content-layout":"default","site-content-style":"default","site-sidebar-style":"default","ast-global-header-display":"","ast-banner-title-visibility":"","ast-main-header-display":"","ast-hfb-above-header-display":"","ast-hfb-below-header-display":"","ast-hfb-mobile-header-display":"","site-post-title":"","ast-breadcrumbs-content":"","ast-featured-img":"","footer-sml-layout":"","ast-disable-related-posts":"","theme-transparent-header-meta":"default","adv-header-id-meta":"","stick-header-meta":"","header-above-stick-meta":"","header-main-stick-meta":"","header-below-stick-meta":"","astra-migrate-meta-layouts":"set","ast-page-background-enabled":"default","ast-page-background-meta":{"desktop":{"background-color":"","background-image":"","background-repeat":"repeat","background-position":"center center","background-size":"auto","background-attachment":"scroll","background-type":"","background-media":"","overlay-type":"","overlay-color":"","overlay-opacity":"","overlay-gradient":""},"tablet":{"background-color":"","background-image":"","background-repeat":"repeat","background-position":"center center","background-size":"auto","background-attachment":"scroll","background-type":"","background-media":"","overlay-type":"","overlay-color":"","overlay-opacity":"","overlay-gradient":""},"mobile":{"background-color":"","background-image":"","background-repeat":"repeat","background-position":"center center","background-size":"auto","background-attachment":"scroll","background-type":"","background-media":"","overlay-type":"","overlay-color":"","overlay-opacity":"","overlay-gradient":""}},"ast-content-background-meta":{"desktop":{"background-color":"var(--ast-global-color-4)","background-image":"","background-repeat":"repeat","background-position":"center center","background-size":"auto","background-attachment":"scroll","background-type":"","background-media":"","overlay-type":"","overlay-color":"","overlay-opacity":"","overlay-gradient":""},"tablet":{"background-color":"var(--ast-global-color-4)","background-image":"","background-repeat":"repeat","background-position":"center center","background-size":"auto","background-attachment":"scroll","background-type":"","background-media":"","overlay-type":"","overlay-color":"","overlay-opacity":"","overlay-gradient":""},"mobile":{"background-color":"var(--ast-global-color-4)","background-image":"","background-repeat":"repeat","background-position":"center center","background-size":"auto","background-attachment":"scroll","background-type":"","background-media":"","overlay-type":"","overlay-color":"","overlay-opacity":"","overlay-gradient":""}}},"product_brand":[],"product_cat":[9862,174,15],"product_tag":[],"class_list":{"0":"post-13605","1":"product","2":"type-product","3":"status-publish","4":"has-post-thumbnail","6":"product_cat-lietuvos-istorija","7":"product_cat-istorija-ir-politologija","8":"product_cat-uncategorized","9":"desktop-align-left","10":"tablet-align-left","11":"mobile-align-left","13":"first","14":"outofstock","15":"shipping-taxable","16":"purchasable","17":"product-type-simple"},"acf":[],"yoast_head":"<!-- This site is optimized with the Yoast SEO plugin v27.0 - https:\/\/yoast.com\/product\/yoast-seo-wordpress\/ -->\n<title>Arvydas Anu\u0161auskas \u201eKGB Lietuvoje. Slaptosios veiklos bruo\u017eai\u201c<\/title>\n<meta name=\"description\" content=\"\u017dinomo Lietuvos istoriko ir visuomen\u0117s veik\u0117jo Arvydo Anu\u0161ausko archyvini\u0173 dokument\u0173 kopijomis gausiai iliustruotoje knygoje &quot;KGB Lietuvoje. Slaptosios\" \/>\n<meta name=\"robots\" content=\"index, follow, max-snippet:-1, max-image-preview:large, max-video-preview:-1\" \/>\n<link rel=\"canonical\" href=\"https:\/\/skaitytaknyga.lt\/en\/produktas\/arvydas-anusauskas-kgb-lietuvoje-slaptosios-veiklos-bruozai\/\" \/>\n<meta property=\"og:locale\" content=\"en_GB\" \/>\n<meta property=\"og:locale:alternate\" content=\"lt_LT\" \/>\n<meta property=\"og:type\" content=\"article\" \/>\n<meta property=\"og:title\" content=\"Arvydas Anu\u0161auskas \u201eKGB Lietuvoje. Slaptosios veiklos bruo\u017eai\u201c\" \/>\n<meta property=\"og:description\" content=\"\u017dinomo Lietuvos istoriko ir visuomen\u0117s veik\u0117jo Arvydo Anu\u0161ausko archyvini\u0173 dokument\u0173 kopijomis gausiai iliustruotoje knygoje &quot;KGB Lietuvoje. Slaptosios\" \/>\n<meta property=\"og:url\" content=\"https:\/\/skaitytaknyga.lt\/en\/produktas\/arvydas-anusauskas-kgb-lietuvoje-slaptosios-veiklos-bruozai\/\" \/>\n<meta property=\"og:site_name\" content=\"Skaitytaknyga\" \/>\n<meta property=\"article:publisher\" content=\"https:\/\/www.facebook.com\/skaitytaknyga\/\" \/>\n<meta property=\"article:modified_time\" content=\"2026-03-18T12:59:53+00:00\" \/>\n<meta property=\"og:image\" content=\"https:\/\/skaitytaknyga.lt\/wp-content\/uploads\/2024\/08\/kgb-lietuvoje-slaptosios-veiklos-bruozai-1-625x794_0.jpg\" \/>\n\t<meta property=\"og:image:width\" content=\"625\" \/>\n\t<meta property=\"og:image:height\" content=\"794\" \/>\n\t<meta property=\"og:image:type\" content=\"image\/jpeg\" \/>\n<meta name=\"twitter:card\" content=\"summary_large_image\" \/>\n<meta name=\"twitter:label1\" content=\"Estimated reading time\" \/>\n\t<meta name=\"twitter:data1\" content=\"1 minute\" \/>\n<script type=\"application\/ld+json\" class=\"yoast-schema-graph\">{\"@context\":\"https:\/\/schema.org\",\"@graph\":[{\"@type\":\"WebPage\",\"@id\":\"https:\/\/skaitytaknyga.lt\/produktas\/arvydas-anusauskas-kgb-lietuvoje-slaptosios-veiklos-bruozai\/\",\"url\":\"https:\/\/skaitytaknyga.lt\/produktas\/arvydas-anusauskas-kgb-lietuvoje-slaptosios-veiklos-bruozai\/\",\"name\":\"Arvydas Anu\u0161auskas \u201eKGB Lietuvoje. Slaptosios veiklos bruo\u017eai\u201c\",\"isPartOf\":{\"@id\":\"https:\/\/skaitytaknyga.lt\/#website\"},\"primaryImageOfPage\":{\"@id\":\"https:\/\/skaitytaknyga.lt\/produktas\/arvydas-anusauskas-kgb-lietuvoje-slaptosios-veiklos-bruozai\/#primaryimage\"},\"image\":{\"@id\":\"https:\/\/skaitytaknyga.lt\/produktas\/arvydas-anusauskas-kgb-lietuvoje-slaptosios-veiklos-bruozai\/#primaryimage\"},\"thumbnailUrl\":\"https:\/\/skaitytaknyga.lt\/wp-content\/uploads\/2024\/08\/kgb-lietuvoje-slaptosios-veiklos-bruozai-1-625x794_0.jpg\",\"datePublished\":\"2024-08-25T12:33:25+00:00\",\"dateModified\":\"2026-03-18T12:59:53+00:00\",\"description\":\"\u017dinomo Lietuvos istoriko ir visuomen\u0117s veik\u0117jo Arvydo Anu\u0161ausko archyvini\u0173 dokument\u0173 kopijomis gausiai iliustruotoje knygoje \\\"KGB Lietuvoje. Slaptosios\",\"breadcrumb\":{\"@id\":\"https:\/\/skaitytaknyga.lt\/produktas\/arvydas-anusauskas-kgb-lietuvoje-slaptosios-veiklos-bruozai\/#breadcrumb\"},\"inLanguage\":\"en-GB\",\"potentialAction\":[{\"@type\":\"ReadAction\",\"target\":[\"https:\/\/skaitytaknyga.lt\/produktas\/arvydas-anusauskas-kgb-lietuvoje-slaptosios-veiklos-bruozai\/\"]}]},{\"@type\":\"ImageObject\",\"inLanguage\":\"en-GB\",\"@id\":\"https:\/\/skaitytaknyga.lt\/produktas\/arvydas-anusauskas-kgb-lietuvoje-slaptosios-veiklos-bruozai\/#primaryimage\",\"url\":\"https:\/\/skaitytaknyga.lt\/wp-content\/uploads\/2024\/08\/kgb-lietuvoje-slaptosios-veiklos-bruozai-1-625x794_0.jpg\",\"contentUrl\":\"https:\/\/skaitytaknyga.lt\/wp-content\/uploads\/2024\/08\/kgb-lietuvoje-slaptosios-veiklos-bruozai-1-625x794_0.jpg\",\"width\":625,\"height\":794,\"caption\":\"Arvydas Anu\u0161auskas \u201eKGB Lietuvoje. Slaptosios veiklos bruo\u017eai\u201c\"},{\"@type\":\"BreadcrumbList\",\"@id\":\"https:\/\/skaitytaknyga.lt\/produktas\/arvydas-anusauskas-kgb-lietuvoje-slaptosios-veiklos-bruozai\/#breadcrumb\",\"itemListElement\":[{\"@type\":\"ListItem\",\"position\":1,\"name\":\"Home\",\"item\":\"https:\/\/skaitytaknyga.lt\/\"},{\"@type\":\"ListItem\",\"position\":2,\"name\":\"Parduotuv\u0117\",\"item\":\"https:\/\/skaitytaknyga.lt\/knygu-parduotuve\/\"},{\"@type\":\"ListItem\",\"position\":3,\"name\":\"Arvydas Anu\u0161auskas \u201eKGB Lietuvoje. Slaptosios veiklos bruo\u017eai\u201c\"}]},{\"@type\":\"WebSite\",\"@id\":\"https:\/\/skaitytaknyga.lt\/#website\",\"url\":\"https:\/\/skaitytaknyga.lt\/\",\"name\":\"skaitytaknyga.lt\",\"description\":\"Skaitytaknyga.lt \u2013 tai ma\u017eas \u0161eimos verslas, kuris prasid\u0117jo nuo meil\u0117s knygoms ir siekio i\u0161gelb\u0117ti knygas nuo likimo prie konteinerio. Kas vienam nereikalingas daiktas \u2013 kitam lobis, o mes esame tarpininkai, kurie padeda abiems tapti laimingesniems ???? \u017dinome kaip nelengva i\u0161gyventi ma\u017eiems verslams, tad nuo \u0161iol, \u010dia rasite ir kit\u0173, ma\u017e\u0173 \u0161eim\u0173 versl\u0173, rank\u0173 darbo, dovan\u0173 sau ir artimiesiems.\",\"publisher\":{\"@id\":\"https:\/\/skaitytaknyga.lt\/#organization\"},\"potentialAction\":[{\"@type\":\"SearchAction\",\"target\":{\"@type\":\"EntryPoint\",\"urlTemplate\":\"https:\/\/skaitytaknyga.lt\/?s={search_term_string}\"},\"query-input\":{\"@type\":\"PropertyValueSpecification\",\"valueRequired\":true,\"valueName\":\"search_term_string\"}}],\"inLanguage\":\"en-GB\"},{\"@type\":\"Organization\",\"@id\":\"https:\/\/skaitytaknyga.lt\/#organization\",\"name\":\"skaitytaknyga.lt\",\"url\":\"https:\/\/skaitytaknyga.lt\/\",\"logo\":{\"@type\":\"ImageObject\",\"inLanguage\":\"en-GB\",\"@id\":\"https:\/\/skaitytaknyga.lt\/#\/schema\/logo\/image\/\",\"url\":\"https:\/\/skaitytaknyga.lt\/wp-content\/uploads\/2024\/05\/cropped-cropped-cropped-02_00843_jt3bggkj1j3HLc7SyY6rEUpg.jpeg\",\"contentUrl\":\"https:\/\/skaitytaknyga.lt\/wp-content\/uploads\/2024\/05\/cropped-cropped-cropped-02_00843_jt3bggkj1j3HLc7SyY6rEUpg.jpeg\",\"width\":1600,\"height\":1600,\"caption\":\"skaitytaknyga.lt\"},\"image\":{\"@id\":\"https:\/\/skaitytaknyga.lt\/#\/schema\/logo\/image\/\"},\"sameAs\":[\"https:\/\/www.facebook.com\/skaitytaknyga\/\"]}]}<\/script>\n<!-- \/ Yoast SEO plugin. -->","yoast_head_json":{"title":"Arvydas Anu\u0161auskas \u201eKGB Lietuvoje. Slaptosios veiklos bruo\u017eai\u201c","description":"\u017dinomo Lietuvos istoriko ir visuomen\u0117s veik\u0117jo Arvydo Anu\u0161ausko archyvini\u0173 dokument\u0173 kopijomis gausiai iliustruotoje knygoje \"KGB Lietuvoje. Slaptosios","robots":{"index":"index","follow":"follow","max-snippet":"max-snippet:-1","max-image-preview":"max-image-preview:large","max-video-preview":"max-video-preview:-1"},"canonical":"https:\/\/skaitytaknyga.lt\/en\/produktas\/arvydas-anusauskas-kgb-lietuvoje-slaptosios-veiklos-bruozai\/","og_locale":"en_GB","og_type":"article","og_title":"[:lt]Arvydas Anu\u0161auskas \u201eKGB Lietuvoje. Slaptosios veiklos bruo\u017eai\u201c[:] - Skaitytaknyga","og_description":"\u017dinomo Lietuvos istoriko ir visuomen\u0117s veik\u0117jo Arvydo Anu\u0161ausko archyvini\u0173 dokument\u0173 kopijomis gausiai iliustruotoje knygoje \"KGB Lietuvoje. Slaptosios","og_url":"https:\/\/skaitytaknyga.lt\/en\/produktas\/arvydas-anusauskas-kgb-lietuvoje-slaptosios-veiklos-bruozai\/","og_site_name":"Skaitytaknyga","article_publisher":"https:\/\/www.facebook.com\/skaitytaknyga\/","article_modified_time":"2026-03-18T12:59:53+00:00","og_image":[{"width":625,"height":794,"url":"https:\/\/skaitytaknyga.lt\/wp-content\/uploads\/2024\/08\/kgb-lietuvoje-slaptosios-veiklos-bruozai-1-625x794_0.jpg","type":"image\/jpeg"}],"twitter_card":"summary_large_image","twitter_misc":{"Estimated reading time":"1 minute"},"schema":{"@context":"https:\/\/schema.org","@graph":[{"@type":"WebPage","@id":"https:\/\/skaitytaknyga.lt\/produktas\/arvydas-anusauskas-kgb-lietuvoje-slaptosios-veiklos-bruozai\/","url":"https:\/\/skaitytaknyga.lt\/produktas\/arvydas-anusauskas-kgb-lietuvoje-slaptosios-veiklos-bruozai\/","name":"Arvydas Anu\u0161auskas \u201eKGB Lietuvoje. Slaptosios veiklos bruo\u017eai\u201c","isPartOf":{"@id":"https:\/\/skaitytaknyga.lt\/#website"},"primaryImageOfPage":{"@id":"https:\/\/skaitytaknyga.lt\/produktas\/arvydas-anusauskas-kgb-lietuvoje-slaptosios-veiklos-bruozai\/#primaryimage"},"image":{"@id":"https:\/\/skaitytaknyga.lt\/produktas\/arvydas-anusauskas-kgb-lietuvoje-slaptosios-veiklos-bruozai\/#primaryimage"},"thumbnailUrl":"https:\/\/skaitytaknyga.lt\/wp-content\/uploads\/2024\/08\/kgb-lietuvoje-slaptosios-veiklos-bruozai-1-625x794_0.jpg","datePublished":"2024-08-25T12:33:25+00:00","dateModified":"2026-03-18T12:59:53+00:00","description":"\u017dinomo Lietuvos istoriko ir visuomen\u0117s veik\u0117jo Arvydo Anu\u0161ausko archyvini\u0173 dokument\u0173 kopijomis gausiai iliustruotoje knygoje \"KGB Lietuvoje. Slaptosios","breadcrumb":{"@id":"https:\/\/skaitytaknyga.lt\/produktas\/arvydas-anusauskas-kgb-lietuvoje-slaptosios-veiklos-bruozai\/#breadcrumb"},"inLanguage":"en-GB","potentialAction":[{"@type":"ReadAction","target":["https:\/\/skaitytaknyga.lt\/produktas\/arvydas-anusauskas-kgb-lietuvoje-slaptosios-veiklos-bruozai\/"]}]},{"@type":"ImageObject","inLanguage":"en-GB","@id":"https:\/\/skaitytaknyga.lt\/produktas\/arvydas-anusauskas-kgb-lietuvoje-slaptosios-veiklos-bruozai\/#primaryimage","url":"https:\/\/skaitytaknyga.lt\/wp-content\/uploads\/2024\/08\/kgb-lietuvoje-slaptosios-veiklos-bruozai-1-625x794_0.jpg","contentUrl":"https:\/\/skaitytaknyga.lt\/wp-content\/uploads\/2024\/08\/kgb-lietuvoje-slaptosios-veiklos-bruozai-1-625x794_0.jpg","width":625,"height":794,"caption":"Arvydas Anu\u0161auskas \u201eKGB Lietuvoje. Slaptosios veiklos bruo\u017eai\u201c"},{"@type":"BreadcrumbList","@id":"https:\/\/skaitytaknyga.lt\/produktas\/arvydas-anusauskas-kgb-lietuvoje-slaptosios-veiklos-bruozai\/#breadcrumb","itemListElement":[{"@type":"ListItem","position":1,"name":"Home","item":"https:\/\/skaitytaknyga.lt\/"},{"@type":"ListItem","position":2,"name":"Parduotuv\u0117","item":"https:\/\/skaitytaknyga.lt\/knygu-parduotuve\/"},{"@type":"ListItem","position":3,"name":"Arvydas Anu\u0161auskas \u201eKGB Lietuvoje. Slaptosios veiklos bruo\u017eai\u201c"}]},{"@type":"WebSite","@id":"https:\/\/skaitytaknyga.lt\/#website","url":"https:\/\/skaitytaknyga.lt\/","name":"skaitytaknyga.lt","description":"Skaitytaknyga.lt \u2013 tai ma\u017eas \u0161eimos verslas, kuris prasid\u0117jo nuo meil\u0117s knygoms ir siekio i\u0161gelb\u0117ti knygas nuo likimo prie konteinerio. Kas vienam nereikalingas daiktas \u2013 kitam lobis, o mes esame tarpininkai, kurie padeda abiems tapti laimingesniems ???? \u017dinome kaip nelengva i\u0161gyventi ma\u017eiems verslams, tad nuo \u0161iol, \u010dia rasite ir kit\u0173, ma\u017e\u0173 \u0161eim\u0173 versl\u0173, rank\u0173 darbo, dovan\u0173 sau ir artimiesiems.","publisher":{"@id":"https:\/\/skaitytaknyga.lt\/#organization"},"potentialAction":[{"@type":"SearchAction","target":{"@type":"EntryPoint","urlTemplate":"https:\/\/skaitytaknyga.lt\/?s={search_term_string}"},"query-input":{"@type":"PropertyValueSpecification","valueRequired":true,"valueName":"search_term_string"}}],"inLanguage":"en-GB"},{"@type":"Organization","@id":"https:\/\/skaitytaknyga.lt\/#organization","name":"skaitytaknyga.lt","url":"https:\/\/skaitytaknyga.lt\/","logo":{"@type":"ImageObject","inLanguage":"en-GB","@id":"https:\/\/skaitytaknyga.lt\/#\/schema\/logo\/image\/","url":"https:\/\/skaitytaknyga.lt\/wp-content\/uploads\/2024\/05\/cropped-cropped-cropped-02_00843_jt3bggkj1j3HLc7SyY6rEUpg.jpeg","contentUrl":"https:\/\/skaitytaknyga.lt\/wp-content\/uploads\/2024\/05\/cropped-cropped-cropped-02_00843_jt3bggkj1j3HLc7SyY6rEUpg.jpeg","width":1600,"height":1600,"caption":"skaitytaknyga.lt"},"image":{"@id":"https:\/\/skaitytaknyga.lt\/#\/schema\/logo\/image\/"},"sameAs":["https:\/\/www.facebook.com\/skaitytaknyga\/"]}]}},"_links":{"self":[{"href":"https:\/\/skaitytaknyga.lt\/en\/wp-json\/wp\/v2\/product\/13605","targetHints":{"allow":["GET"]}}],"collection":[{"href":"https:\/\/skaitytaknyga.lt\/en\/wp-json\/wp\/v2\/product"}],"about":[{"href":"https:\/\/skaitytaknyga.lt\/en\/wp-json\/wp\/v2\/types\/product"}],"replies":[{"embeddable":true,"href":"https:\/\/skaitytaknyga.lt\/en\/wp-json\/wp\/v2\/comments?post=13605"}],"wp:featuredmedia":[{"embeddable":true,"href":"https:\/\/skaitytaknyga.lt\/en\/wp-json\/wp\/v2\/media\/13669"}],"wp:attachment":[{"href":"https:\/\/skaitytaknyga.lt\/en\/wp-json\/wp\/v2\/media?parent=13605"}],"wp:term":[{"taxonomy":"product_brand","embeddable":true,"href":"https:\/\/skaitytaknyga.lt\/en\/wp-json\/wp\/v2\/product_brand?post=13605"},{"taxonomy":"product_cat","embeddable":true,"href":"https:\/\/skaitytaknyga.lt\/en\/wp-json\/wp\/v2\/product_cat?post=13605"},{"taxonomy":"product_tag","embeddable":true,"href":"https:\/\/skaitytaknyga.lt\/en\/wp-json\/wp\/v2\/product_tag?post=13605"}],"curies":[{"name":"wp","href":"https:\/\/api.w.org\/{rel}","templated":true}]}}