{"id":13604,"date":"2024-08-25T15:33:24","date_gmt":"2024-08-25T12:33:24","guid":{"rendered":"https:\/\/skaitytaknyga.lt\/?post_type=product&#038;p=13604"},"modified":"2026-02-05T11:48:29","modified_gmt":"2026-02-05T09:48:29","slug":"alfonsas-svarinskas-nepataisomasis-monsinjoro-alfonso-svarinsko-atsiminimai","status":"publish","type":"product","link":"https:\/\/skaitytaknyga.lt\/en\/produktas\/alfonsas-svarinskas-nepataisomasis-monsinjoro-alfonso-svarinsko-atsiminimai\/","title":{"rendered":"Nepataisomasis. Monsinjoro Alfonso Svarinsko atsiminimai (yra skaitymo \u017eymi\u0173)"},"content":{"rendered":"<p>\u0160ioje knygoje\u00a0<b>&#8220;Nepataisomasis. Monsinjoro Alfonso Svarinsko atsiminimai&#8221;<\/b>\u00a0nepailstantis kovotojas u\u017e tik\u0117jim\u0105 ir Lietuvos laisv\u0119, disidentas monsinjoras Alfonsas Svarinskas apra\u0161o savo 40-ies gyvenimo met\u0173 laikotarp\u012f nuo vaikyst\u0117s iki 1965 met\u0173. Tai pirmoji atsiminim\u0173 dalis, kurioje pasakojama apie \u0161eim\u0105, mokslus, du r\u016bs\u010dius kalinimo laikotarpius, kunigyst\u0117s \u0161ventimus ir tarnyst\u0119 pirmosiose parapijose. Per autoriaus gyvenimo patirtis atsiskleid\u017eia laisvos prie\u0161kario valstyb\u0117s ir v\u0117liau okupuotos Lietuvos ir lietuvi\u0173 gyvenimo realijos.<br \/>\nAntroji papildoma knygos laida buvo i\u0161leista po m\u0117nesio nuo knygos pasirodymo 2014 04 29, nebelikus nei vieno nei\u0161platinto pirmosios laidos egzemplioriaus. Tre\u010dioji laida i\u0161leid\u017eiama jau po \u0161viesaus atminimo monsinjoro mirties (2014 07 17).<\/p>\n<ul class=\"details-list mt5\">\n<li>Autorius:\u00a0Alfonsas Svarinskas<\/li>\n<li>Leid\u0117jas:\u00a0Versm\u0117<\/li>\n<li>I\u0161leidimo metai:\u00a02014<\/li>\n<li>Knygos puslapi\u0173 skai\u010dius:\u00a0296<\/li>\n<li>Formatas:\u00a015&#215;21, kieti vir\u0161eliai<\/li>\n<li>ISBN ar kodas:\u00a09789955589914<\/li>\n<\/ul>\n","protected":false},"excerpt":{"rendered":"<p>\u0160ioje knygoje\u00a0&#8220;Nepataisomasis. Monsinjoro Alfonso Svarinsko atsiminimai&#8221;\u00a0nepailstantis kovotojas u\u017e tik\u0117jim\u0105 ir Lietuvos laisv\u0119, disidentas monsinjoras Alfonsas Svarinskas apra\u0161o savo 40-ies gyvenimo met\u0173 laikotarp\u012f nuo vaikyst\u0117s iki 1965 met\u0173. Tai pirmoji atsiminim\u0173 dalis, kurioje pasakojama apie \u0161eim\u0105, mokslus, du r\u016bs\u010dius kalinimo laikotarpius, kunigyst\u0117s \u0161ventimus ir tarnyst\u0119 pirmosiose parapijose. Per autoriaus gyvenimo patirtis atsiskleid\u017eia laisvos prie\u0161kario valstyb\u0117s ir v\u0117liau okupuotos Lietuvos ir lietuvi\u0173 gyvenimo realijos. Antroji papildoma knygos laida buvo i\u0161leista po m\u0117nesio nuo knygos pasirodymo 2014 04 29, nebelikus nei vieno nei\u0161platinto pirmosios laidos egzemplioriaus. Tre\u010dioji laida i\u0161leid\u017eiama jau po \u0161viesaus atminimo monsinjoro mirties (2014 07 17). Autorius:\u00a0Alfonsas Svarinskas Leid\u0117jas:\u00a0Versm\u0117 I\u0161leidimo metai:\u00a02014 Knygos puslapi\u0173 skai\u010dius:\u00a0296 Formatas:\u00a015&#215;21, kieti vir\u0161eliai ISBN ar kodas:\u00a09789955589914<\/p>\n","protected":false},"featured_media":13671,"comment_status":"open","ping_status":"closed","template":"","meta":{"_acf_changed":false,"site-sidebar-layout":"default","site-content-layout":"","ast-site-content-layout":"default","site-content-style":"default","site-sidebar-style":"default","ast-global-header-display":"","ast-banner-title-visibility":"","ast-main-header-display":"","ast-hfb-above-header-display":"","ast-hfb-below-header-display":"","ast-hfb-mobile-header-display":"","site-post-title":"","ast-breadcrumbs-content":"","ast-featured-img":"","footer-sml-layout":"","ast-disable-related-posts":"","theme-transparent-header-meta":"default","adv-header-id-meta":"","stick-header-meta":"","header-above-stick-meta":"","header-main-stick-meta":"","header-below-stick-meta":"","astra-migrate-meta-layouts":"set","ast-page-background-enabled":"default","ast-page-background-meta":{"desktop":{"background-color":"","background-image":"","background-repeat":"repeat","background-position":"center center","background-size":"auto","background-attachment":"scroll","background-type":"","background-media":"","overlay-type":"","overlay-color":"","overlay-opacity":"","overlay-gradient":""},"tablet":{"background-color":"","background-image":"","background-repeat":"repeat","background-position":"center center","background-size":"auto","background-attachment":"scroll","background-type":"","background-media":"","overlay-type":"","overlay-color":"","overlay-opacity":"","overlay-gradient":""},"mobile":{"background-color":"","background-image":"","background-repeat":"repeat","background-position":"center center","background-size":"auto","background-attachment":"scroll","background-type":"","background-media":"","overlay-type":"","overlay-color":"","overlay-opacity":"","overlay-gradient":""}},"ast-content-background-meta":{"desktop":{"background-color":"var(--ast-global-color-4)","background-image":"","background-repeat":"repeat","background-position":"center center","background-size":"auto","background-attachment":"scroll","background-type":"","background-media":"","overlay-type":"","overlay-color":"","overlay-opacity":"","overlay-gradient":""},"tablet":{"background-color":"var(--ast-global-color-4)","background-image":"","background-repeat":"repeat","background-position":"center center","background-size":"auto","background-attachment":"scroll","background-type":"","background-media":"","overlay-type":"","overlay-color":"","overlay-opacity":"","overlay-gradient":""},"mobile":{"background-color":"var(--ast-global-color-4)","background-image":"","background-repeat":"repeat","background-position":"center center","background-size":"auto","background-attachment":"scroll","background-type":"","background-media":"","overlay-type":"","overlay-color":"","overlay-opacity":"","overlay-gradient":""}}},"product_brand":[],"product_cat":[33,15,165],"product_tag":[],"class_list":{"0":"post-13604","1":"product","2":"type-product","3":"status-publish","4":"has-post-thumbnail","6":"product_cat-biografijos","7":"product_cat-uncategorized","8":"product_cat-religija-filosofija-ir-ezoterika","9":"desktop-align-left","10":"tablet-align-left","11":"mobile-align-left","13":"first","14":"instock","15":"shipping-taxable","16":"purchasable","17":"product-type-simple"},"acf":[],"yoast_head":"<!-- This site is optimized with the Yoast SEO plugin v27.0 - https:\/\/yoast.com\/product\/yoast-seo-wordpress\/ -->\n<title>Nepataisomasis. Monsinjoro Alfonso Svarinsko atsiminimai (yra skaitymo \u017eymi\u0173)<\/title>\n<meta name=\"description\" content=\"\u0160ioje knygoje\u00a0&quot;Nepataisomasis. Monsinjoro Alfonso Svarinsko atsiminimai&quot;\u00a0nepailstantis kovotojas u\u017e tik\u0117jim\u0105 ir Lietuvos laisv\u0119, disidentas monsinjoras\" \/>\n<meta name=\"robots\" content=\"index, follow, max-snippet:-1, max-image-preview:large, max-video-preview:-1\" \/>\n<link rel=\"canonical\" href=\"https:\/\/skaitytaknyga.lt\/en\/produktas\/alfonsas-svarinskas-nepataisomasis-monsinjoro-alfonso-svarinsko-atsiminimai\/\" \/>\n<meta property=\"og:locale\" content=\"en_GB\" \/>\n<meta property=\"og:locale:alternate\" content=\"lt_LT\" \/>\n<meta property=\"og:type\" content=\"article\" \/>\n<meta property=\"og:title\" content=\"Nepataisomasis. Monsinjoro Alfonso Svarinsko atsiminimai (yra skaitymo \u017eymi\u0173)\" \/>\n<meta property=\"og:description\" content=\"\u0160ioje knygoje\u00a0&quot;Nepataisomasis. Monsinjoro Alfonso Svarinsko atsiminimai&quot;\u00a0nepailstantis kovotojas u\u017e tik\u0117jim\u0105 ir Lietuvos laisv\u0119, disidentas monsinjoras\" \/>\n<meta property=\"og:url\" content=\"https:\/\/skaitytaknyga.lt\/en\/produktas\/alfonsas-svarinskas-nepataisomasis-monsinjoro-alfonso-svarinsko-atsiminimai\/\" \/>\n<meta property=\"og:site_name\" content=\"Skaitytaknyga\" \/>\n<meta property=\"article:publisher\" content=\"https:\/\/www.facebook.com\/skaitytaknyga\/\" \/>\n<meta property=\"article:modified_time\" content=\"2026-02-05T09:48:29+00:00\" \/>\n<meta property=\"og:image\" content=\"https:\/\/skaitytaknyga.lt\/wp-content\/uploads\/2024\/08\/Alfonsas-Svarinskas-\u201eNepataisomasis.-Monsinjoro-Alfonso-Svarinsko-atsiminimai-1-1.jpg\" \/>\n\t<meta property=\"og:image:width\" content=\"468\" \/>\n\t<meta property=\"og:image:height\" content=\"682\" \/>\n\t<meta property=\"og:image:type\" content=\"image\/jpeg\" \/>\n<meta name=\"twitter:card\" content=\"summary_large_image\" \/>\n<meta name=\"twitter:label1\" content=\"Estimated reading time\" \/>\n\t<meta name=\"twitter:data1\" content=\"1 minute\" \/>\n<script type=\"application\/ld+json\" class=\"yoast-schema-graph\">{\"@context\":\"https:\/\/schema.org\",\"@graph\":[{\"@type\":\"WebPage\",\"@id\":\"https:\/\/skaitytaknyga.lt\/produktas\/alfonsas-svarinskas-nepataisomasis-monsinjoro-alfonso-svarinsko-atsiminimai\/\",\"url\":\"https:\/\/skaitytaknyga.lt\/produktas\/alfonsas-svarinskas-nepataisomasis-monsinjoro-alfonso-svarinsko-atsiminimai\/\",\"name\":\"Nepataisomasis. Monsinjoro Alfonso Svarinsko atsiminimai (yra skaitymo \u017eymi\u0173)\",\"isPartOf\":{\"@id\":\"https:\/\/skaitytaknyga.lt\/#website\"},\"primaryImageOfPage\":{\"@id\":\"https:\/\/skaitytaknyga.lt\/produktas\/alfonsas-svarinskas-nepataisomasis-monsinjoro-alfonso-svarinsko-atsiminimai\/#primaryimage\"},\"image\":{\"@id\":\"https:\/\/skaitytaknyga.lt\/produktas\/alfonsas-svarinskas-nepataisomasis-monsinjoro-alfonso-svarinsko-atsiminimai\/#primaryimage\"},\"thumbnailUrl\":\"https:\/\/skaitytaknyga.lt\/wp-content\/uploads\/2024\/08\/Alfonsas-Svarinskas-\u201eNepataisomasis.-Monsinjoro-Alfonso-Svarinsko-atsiminimai-1-1.jpg\",\"datePublished\":\"2024-08-25T12:33:24+00:00\",\"dateModified\":\"2026-02-05T09:48:29+00:00\",\"description\":\"\u0160ioje knygoje\u00a0\\\"Nepataisomasis. Monsinjoro Alfonso Svarinsko atsiminimai\\\"\u00a0nepailstantis kovotojas u\u017e tik\u0117jim\u0105 ir Lietuvos laisv\u0119, disidentas monsinjoras\",\"breadcrumb\":{\"@id\":\"https:\/\/skaitytaknyga.lt\/produktas\/alfonsas-svarinskas-nepataisomasis-monsinjoro-alfonso-svarinsko-atsiminimai\/#breadcrumb\"},\"inLanguage\":\"en-GB\",\"potentialAction\":[{\"@type\":\"ReadAction\",\"target\":[\"https:\/\/skaitytaknyga.lt\/produktas\/alfonsas-svarinskas-nepataisomasis-monsinjoro-alfonso-svarinsko-atsiminimai\/\"]}]},{\"@type\":\"ImageObject\",\"inLanguage\":\"en-GB\",\"@id\":\"https:\/\/skaitytaknyga.lt\/produktas\/alfonsas-svarinskas-nepataisomasis-monsinjoro-alfonso-svarinsko-atsiminimai\/#primaryimage\",\"url\":\"https:\/\/skaitytaknyga.lt\/wp-content\/uploads\/2024\/08\/Alfonsas-Svarinskas-\u201eNepataisomasis.-Monsinjoro-Alfonso-Svarinsko-atsiminimai-1-1.jpg\",\"contentUrl\":\"https:\/\/skaitytaknyga.lt\/wp-content\/uploads\/2024\/08\/Alfonsas-Svarinskas-\u201eNepataisomasis.-Monsinjoro-Alfonso-Svarinsko-atsiminimai-1-1.jpg\",\"width\":468,\"height\":682,\"caption\":\"Alfonsas Svarinskas \u201eNepataisomasis. Monsinjoro Alfonso Svarinsko atsiminimai\u201c\"},{\"@type\":\"BreadcrumbList\",\"@id\":\"https:\/\/skaitytaknyga.lt\/produktas\/alfonsas-svarinskas-nepataisomasis-monsinjoro-alfonso-svarinsko-atsiminimai\/#breadcrumb\",\"itemListElement\":[{\"@type\":\"ListItem\",\"position\":1,\"name\":\"Home\",\"item\":\"https:\/\/skaitytaknyga.lt\/\"},{\"@type\":\"ListItem\",\"position\":2,\"name\":\"Parduotuv\u0117\",\"item\":\"https:\/\/skaitytaknyga.lt\/knygu-parduotuve\/\"},{\"@type\":\"ListItem\",\"position\":3,\"name\":\"Nepataisomasis. Monsinjoro Alfonso Svarinsko atsiminimai (yra skaitymo \u017eymi\u0173)\"}]},{\"@type\":\"WebSite\",\"@id\":\"https:\/\/skaitytaknyga.lt\/#website\",\"url\":\"https:\/\/skaitytaknyga.lt\/\",\"name\":\"skaitytaknyga.lt\",\"description\":\"Skaitytaknyga.lt \u2013 tai ma\u017eas \u0161eimos verslas, kuris prasid\u0117jo nuo meil\u0117s knygoms ir siekio i\u0161gelb\u0117ti knygas nuo likimo prie konteinerio. Kas vienam nereikalingas daiktas \u2013 kitam lobis, o mes esame tarpininkai, kurie padeda abiems tapti laimingesniems ???? \u017dinome kaip nelengva i\u0161gyventi ma\u017eiems verslams, tad nuo \u0161iol, \u010dia rasite ir kit\u0173, ma\u017e\u0173 \u0161eim\u0173 versl\u0173, rank\u0173 darbo, dovan\u0173 sau ir artimiesiems.\",\"publisher\":{\"@id\":\"https:\/\/skaitytaknyga.lt\/#organization\"},\"potentialAction\":[{\"@type\":\"SearchAction\",\"target\":{\"@type\":\"EntryPoint\",\"urlTemplate\":\"https:\/\/skaitytaknyga.lt\/?s={search_term_string}\"},\"query-input\":{\"@type\":\"PropertyValueSpecification\",\"valueRequired\":true,\"valueName\":\"search_term_string\"}}],\"inLanguage\":\"en-GB\"},{\"@type\":\"Organization\",\"@id\":\"https:\/\/skaitytaknyga.lt\/#organization\",\"name\":\"skaitytaknyga.lt\",\"url\":\"https:\/\/skaitytaknyga.lt\/\",\"logo\":{\"@type\":\"ImageObject\",\"inLanguage\":\"en-GB\",\"@id\":\"https:\/\/skaitytaknyga.lt\/#\/schema\/logo\/image\/\",\"url\":\"https:\/\/skaitytaknyga.lt\/wp-content\/uploads\/2024\/05\/cropped-cropped-cropped-02_00843_jt3bggkj1j3HLc7SyY6rEUpg.jpeg\",\"contentUrl\":\"https:\/\/skaitytaknyga.lt\/wp-content\/uploads\/2024\/05\/cropped-cropped-cropped-02_00843_jt3bggkj1j3HLc7SyY6rEUpg.jpeg\",\"width\":1600,\"height\":1600,\"caption\":\"skaitytaknyga.lt\"},\"image\":{\"@id\":\"https:\/\/skaitytaknyga.lt\/#\/schema\/logo\/image\/\"},\"sameAs\":[\"https:\/\/www.facebook.com\/skaitytaknyga\/\"]}]}<\/script>\n<!-- \/ Yoast SEO plugin. -->","yoast_head_json":{"title":"Nepataisomasis. Monsinjoro Alfonso Svarinsko atsiminimai (yra skaitymo \u017eymi\u0173)","description":"\u0160ioje knygoje\u00a0\"Nepataisomasis. Monsinjoro Alfonso Svarinsko atsiminimai\"\u00a0nepailstantis kovotojas u\u017e tik\u0117jim\u0105 ir Lietuvos laisv\u0119, disidentas monsinjoras","robots":{"index":"index","follow":"follow","max-snippet":"max-snippet:-1","max-image-preview":"max-image-preview:large","max-video-preview":"max-video-preview:-1"},"canonical":"https:\/\/skaitytaknyga.lt\/en\/produktas\/alfonsas-svarinskas-nepataisomasis-monsinjoro-alfonso-svarinsko-atsiminimai\/","og_locale":"en_GB","og_type":"article","og_title":"[:lt]Nepataisomasis. Monsinjoro Alfonso Svarinsko atsiminimai (yra skaitymo \u017eymi\u0173)[:] - Skaitytaknyga","og_description":"\u0160ioje knygoje\u00a0\"Nepataisomasis. Monsinjoro Alfonso Svarinsko atsiminimai\"\u00a0nepailstantis kovotojas u\u017e tik\u0117jim\u0105 ir Lietuvos laisv\u0119, disidentas monsinjoras","og_url":"https:\/\/skaitytaknyga.lt\/en\/produktas\/alfonsas-svarinskas-nepataisomasis-monsinjoro-alfonso-svarinsko-atsiminimai\/","og_site_name":"Skaitytaknyga","article_publisher":"https:\/\/www.facebook.com\/skaitytaknyga\/","article_modified_time":"2026-02-05T09:48:29+00:00","og_image":[{"width":468,"height":682,"url":"https:\/\/skaitytaknyga.lt\/wp-content\/uploads\/2024\/08\/Alfonsas-Svarinskas-\u201eNepataisomasis.-Monsinjoro-Alfonso-Svarinsko-atsiminimai-1-1.jpg","type":"image\/jpeg"}],"twitter_card":"summary_large_image","twitter_misc":{"Estimated reading time":"1 minute"},"schema":{"@context":"https:\/\/schema.org","@graph":[{"@type":"WebPage","@id":"https:\/\/skaitytaknyga.lt\/produktas\/alfonsas-svarinskas-nepataisomasis-monsinjoro-alfonso-svarinsko-atsiminimai\/","url":"https:\/\/skaitytaknyga.lt\/produktas\/alfonsas-svarinskas-nepataisomasis-monsinjoro-alfonso-svarinsko-atsiminimai\/","name":"Nepataisomasis. Monsinjoro Alfonso Svarinsko atsiminimai (yra skaitymo \u017eymi\u0173)","isPartOf":{"@id":"https:\/\/skaitytaknyga.lt\/#website"},"primaryImageOfPage":{"@id":"https:\/\/skaitytaknyga.lt\/produktas\/alfonsas-svarinskas-nepataisomasis-monsinjoro-alfonso-svarinsko-atsiminimai\/#primaryimage"},"image":{"@id":"https:\/\/skaitytaknyga.lt\/produktas\/alfonsas-svarinskas-nepataisomasis-monsinjoro-alfonso-svarinsko-atsiminimai\/#primaryimage"},"thumbnailUrl":"https:\/\/skaitytaknyga.lt\/wp-content\/uploads\/2024\/08\/Alfonsas-Svarinskas-\u201eNepataisomasis.-Monsinjoro-Alfonso-Svarinsko-atsiminimai-1-1.jpg","datePublished":"2024-08-25T12:33:24+00:00","dateModified":"2026-02-05T09:48:29+00:00","description":"\u0160ioje knygoje\u00a0\"Nepataisomasis. Monsinjoro Alfonso Svarinsko atsiminimai\"\u00a0nepailstantis kovotojas u\u017e tik\u0117jim\u0105 ir Lietuvos laisv\u0119, disidentas monsinjoras","breadcrumb":{"@id":"https:\/\/skaitytaknyga.lt\/produktas\/alfonsas-svarinskas-nepataisomasis-monsinjoro-alfonso-svarinsko-atsiminimai\/#breadcrumb"},"inLanguage":"en-GB","potentialAction":[{"@type":"ReadAction","target":["https:\/\/skaitytaknyga.lt\/produktas\/alfonsas-svarinskas-nepataisomasis-monsinjoro-alfonso-svarinsko-atsiminimai\/"]}]},{"@type":"ImageObject","inLanguage":"en-GB","@id":"https:\/\/skaitytaknyga.lt\/produktas\/alfonsas-svarinskas-nepataisomasis-monsinjoro-alfonso-svarinsko-atsiminimai\/#primaryimage","url":"https:\/\/skaitytaknyga.lt\/wp-content\/uploads\/2024\/08\/Alfonsas-Svarinskas-\u201eNepataisomasis.-Monsinjoro-Alfonso-Svarinsko-atsiminimai-1-1.jpg","contentUrl":"https:\/\/skaitytaknyga.lt\/wp-content\/uploads\/2024\/08\/Alfonsas-Svarinskas-\u201eNepataisomasis.-Monsinjoro-Alfonso-Svarinsko-atsiminimai-1-1.jpg","width":468,"height":682,"caption":"Alfonsas Svarinskas \u201eNepataisomasis. Monsinjoro Alfonso Svarinsko atsiminimai\u201c"},{"@type":"BreadcrumbList","@id":"https:\/\/skaitytaknyga.lt\/produktas\/alfonsas-svarinskas-nepataisomasis-monsinjoro-alfonso-svarinsko-atsiminimai\/#breadcrumb","itemListElement":[{"@type":"ListItem","position":1,"name":"Home","item":"https:\/\/skaitytaknyga.lt\/"},{"@type":"ListItem","position":2,"name":"Parduotuv\u0117","item":"https:\/\/skaitytaknyga.lt\/knygu-parduotuve\/"},{"@type":"ListItem","position":3,"name":"Nepataisomasis. Monsinjoro Alfonso Svarinsko atsiminimai (yra skaitymo \u017eymi\u0173)"}]},{"@type":"WebSite","@id":"https:\/\/skaitytaknyga.lt\/#website","url":"https:\/\/skaitytaknyga.lt\/","name":"skaitytaknyga.lt","description":"Skaitytaknyga.lt \u2013 tai ma\u017eas \u0161eimos verslas, kuris prasid\u0117jo nuo meil\u0117s knygoms ir siekio i\u0161gelb\u0117ti knygas nuo likimo prie konteinerio. Kas vienam nereikalingas daiktas \u2013 kitam lobis, o mes esame tarpininkai, kurie padeda abiems tapti laimingesniems ???? \u017dinome kaip nelengva i\u0161gyventi ma\u017eiems verslams, tad nuo \u0161iol, \u010dia rasite ir kit\u0173, ma\u017e\u0173 \u0161eim\u0173 versl\u0173, rank\u0173 darbo, dovan\u0173 sau ir artimiesiems.","publisher":{"@id":"https:\/\/skaitytaknyga.lt\/#organization"},"potentialAction":[{"@type":"SearchAction","target":{"@type":"EntryPoint","urlTemplate":"https:\/\/skaitytaknyga.lt\/?s={search_term_string}"},"query-input":{"@type":"PropertyValueSpecification","valueRequired":true,"valueName":"search_term_string"}}],"inLanguage":"en-GB"},{"@type":"Organization","@id":"https:\/\/skaitytaknyga.lt\/#organization","name":"skaitytaknyga.lt","url":"https:\/\/skaitytaknyga.lt\/","logo":{"@type":"ImageObject","inLanguage":"en-GB","@id":"https:\/\/skaitytaknyga.lt\/#\/schema\/logo\/image\/","url":"https:\/\/skaitytaknyga.lt\/wp-content\/uploads\/2024\/05\/cropped-cropped-cropped-02_00843_jt3bggkj1j3HLc7SyY6rEUpg.jpeg","contentUrl":"https:\/\/skaitytaknyga.lt\/wp-content\/uploads\/2024\/05\/cropped-cropped-cropped-02_00843_jt3bggkj1j3HLc7SyY6rEUpg.jpeg","width":1600,"height":1600,"caption":"skaitytaknyga.lt"},"image":{"@id":"https:\/\/skaitytaknyga.lt\/#\/schema\/logo\/image\/"},"sameAs":["https:\/\/www.facebook.com\/skaitytaknyga\/"]}]}},"_links":{"self":[{"href":"https:\/\/skaitytaknyga.lt\/en\/wp-json\/wp\/v2\/product\/13604","targetHints":{"allow":["GET"]}}],"collection":[{"href":"https:\/\/skaitytaknyga.lt\/en\/wp-json\/wp\/v2\/product"}],"about":[{"href":"https:\/\/skaitytaknyga.lt\/en\/wp-json\/wp\/v2\/types\/product"}],"replies":[{"embeddable":true,"href":"https:\/\/skaitytaknyga.lt\/en\/wp-json\/wp\/v2\/comments?post=13604"}],"wp:featuredmedia":[{"embeddable":true,"href":"https:\/\/skaitytaknyga.lt\/en\/wp-json\/wp\/v2\/media\/13671"}],"wp:attachment":[{"href":"https:\/\/skaitytaknyga.lt\/en\/wp-json\/wp\/v2\/media?parent=13604"}],"wp:term":[{"taxonomy":"product_brand","embeddable":true,"href":"https:\/\/skaitytaknyga.lt\/en\/wp-json\/wp\/v2\/product_brand?post=13604"},{"taxonomy":"product_cat","embeddable":true,"href":"https:\/\/skaitytaknyga.lt\/en\/wp-json\/wp\/v2\/product_cat?post=13604"},{"taxonomy":"product_tag","embeddable":true,"href":"https:\/\/skaitytaknyga.lt\/en\/wp-json\/wp\/v2\/product_tag?post=13604"}],"curies":[{"name":"wp","href":"https:\/\/api.w.org\/{rel}","templated":true}]}}