{"id":13602,"date":"2024-08-25T15:33:22","date_gmt":"2024-08-25T12:33:22","guid":{"rendered":"https:\/\/skaitytaknyga.lt\/?post_type=product&#038;p=13602"},"modified":"2025-06-11T07:42:55","modified_gmt":"2025-06-11T04:42:55","slug":"vytautas-racickas-sveciuose-pas-meska","status":"publish","type":"product","link":"https:\/\/skaitytaknyga.lt\/en\/produktas\/vytautas-racickas-sveciuose-pas-meska\/","title":{"rendered":"Sve\u010diuose pas me\u0161k\u0105"},"content":{"rendered":"<p>\u0160ias istorijas i\u0161gyveno Stalino represij\u0173 aukos. Pasakojim\u0173 herojai liudija \u017eiauri\u0105 Sibiro tremtini\u0173 kasdienyb\u0119 \u2013 bad\u0105, \u0161alt\u012f, artim\u0173j\u0173 netektis, paty\u010dias.<\/p>\n<p>Ir neu\u017egesinam\u0105 vilt\u012f sugr\u012f\u017eti \u012f Lietuv\u0105.<\/p>\n<ul class=\"about-product d-none d-xl-block mt-4\">\n<li><strong>Autorius:<\/strong>\u00a0Vytautas Ra\u010dickas<\/li>\n<li><strong>Leid\u0117jas:<\/strong>\u00a0Vytautas Ra\u010dickas<\/li>\n<li><strong>Metai:<\/strong>\u00a02016<\/li>\n<li><strong>Puslapiai:<\/strong>\u00a0128<\/li>\n<li><strong>ISBN:<\/strong>\u00a09786094088216<\/li>\n<li><strong>Formatas:<\/strong>\u00a013 x 20 x 1,5 cm, kieti vir\u0161eliai<\/li>\n<li><strong>Kalba:<\/strong>\u00a0Lietuvi\u0173<\/li>\n<\/ul>\n","protected":false},"excerpt":{"rendered":"<p>\u0160ias istorijas i\u0161gyveno Stalino represij\u0173 aukos. Pasakojim\u0173 herojai liudija \u017eiauri\u0105 Sibiro tremtini\u0173 kasdienyb\u0119 \u2013 bad\u0105, \u0161alt\u012f, artim\u0173j\u0173 netektis, paty\u010dias. Ir neu\u017egesinam\u0105 vilt\u012f sugr\u012f\u017eti \u012f Lietuv\u0105. Autorius:\u00a0Vytautas Ra\u010dickas Leid\u0117jas:\u00a0Vytautas Ra\u010dickas Metai:\u00a02016 Puslapiai:\u00a0128 ISBN:\u00a09786094088216 Formatas:\u00a013 x 20 x 1,5 cm, kieti vir\u0161eliai Kalba:\u00a0Lietuvi\u0173<\/p>\n","protected":false},"featured_media":13667,"comment_status":"open","ping_status":"closed","template":"","meta":{"_acf_changed":false,"site-sidebar-layout":"default","site-content-layout":"","ast-site-content-layout":"default","site-content-style":"default","site-sidebar-style":"default","ast-global-header-display":"","ast-banner-title-visibility":"","ast-main-header-display":"","ast-hfb-above-header-display":"","ast-hfb-below-header-display":"","ast-hfb-mobile-header-display":"","site-post-title":"","ast-breadcrumbs-content":"","ast-featured-img":"","footer-sml-layout":"","ast-disable-related-posts":"","theme-transparent-header-meta":"default","adv-header-id-meta":"","stick-header-meta":"","header-above-stick-meta":"","header-main-stick-meta":"","header-below-stick-meta":"","astra-migrate-meta-layouts":"set","ast-page-background-enabled":"default","ast-page-background-meta":{"desktop":{"background-color":"","background-image":"","background-repeat":"repeat","background-position":"center center","background-size":"auto","background-attachment":"scroll","background-type":"","background-media":"","overlay-type":"","overlay-color":"","overlay-opacity":"","overlay-gradient":""},"tablet":{"background-color":"","background-image":"","background-repeat":"repeat","background-position":"center center","background-size":"auto","background-attachment":"scroll","background-type":"","background-media":"","overlay-type":"","overlay-color":"","overlay-opacity":"","overlay-gradient":""},"mobile":{"background-color":"","background-image":"","background-repeat":"repeat","background-position":"center center","background-size":"auto","background-attachment":"scroll","background-type":"","background-media":"","overlay-type":"","overlay-color":"","overlay-opacity":"","overlay-gradient":""}},"ast-content-background-meta":{"desktop":{"background-color":"var(--ast-global-color-4)","background-image":"","background-repeat":"repeat","background-position":"center center","background-size":"auto","background-attachment":"scroll","background-type":"","background-media":"","overlay-type":"","overlay-color":"","overlay-opacity":"","overlay-gradient":""},"tablet":{"background-color":"var(--ast-global-color-4)","background-image":"","background-repeat":"repeat","background-position":"center center","background-size":"auto","background-attachment":"scroll","background-type":"","background-media":"","overlay-type":"","overlay-color":"","overlay-opacity":"","overlay-gradient":""},"mobile":{"background-color":"var(--ast-global-color-4)","background-image":"","background-repeat":"repeat","background-position":"center center","background-size":"auto","background-attachment":"scroll","background-type":"","background-media":"","overlay-type":"","overlay-color":"","overlay-opacity":"","overlay-gradient":""}}},"product_brand":[],"product_cat":[31,15],"product_tag":[3090,3047,1785,4744],"class_list":{"0":"post-13602","1":"product","2":"type-product","3":"status-publish","4":"has-post-thumbnail","6":"product_cat-grozine-literatura","7":"product_cat-uncategorized","8":"product_tag-pasakojimai","9":"product_tag-sibiras","10":"product_tag-vaikams","11":"product_tag-vytautas-racickas","12":"desktop-align-left","13":"tablet-align-left","14":"mobile-align-left","16":"first","17":"instock","18":"shipping-taxable","19":"purchasable","20":"product-type-simple"},"acf":[],"yoast_head":"<!-- This site is optimized with the Yoast SEO plugin v27.0 - https:\/\/yoast.com\/product\/yoast-seo-wordpress\/ -->\n<title>Sve\u010diuose pas me\u0161k\u0105<\/title>\n<meta name=\"description\" content=\"\u0160ias istorijas i\u0161gyveno Stalino represij\u0173 aukos. Pasakojim\u0173 herojai liudija \u017eiauri\u0105 Sibiro tremtini\u0173 kasdienyb\u0119 \u2013 bad\u0105, \u0161alt\u012f, artim\u0173j\u0173 netektis,\" \/>\n<meta name=\"robots\" content=\"index, follow, max-snippet:-1, max-image-preview:large, max-video-preview:-1\" \/>\n<link rel=\"canonical\" href=\"https:\/\/skaitytaknyga.lt\/en\/produktas\/vytautas-racickas-sveciuose-pas-meska\/\" \/>\n<meta property=\"og:locale\" content=\"en_GB\" \/>\n<meta property=\"og:locale:alternate\" content=\"lt_LT\" \/>\n<meta property=\"og:type\" content=\"article\" \/>\n<meta property=\"og:title\" content=\"Sve\u010diuose pas me\u0161k\u0105\" \/>\n<meta property=\"og:description\" content=\"\u0160ias istorijas i\u0161gyveno Stalino represij\u0173 aukos. Pasakojim\u0173 herojai liudija \u017eiauri\u0105 Sibiro tremtini\u0173 kasdienyb\u0119 \u2013 bad\u0105, \u0161alt\u012f, artim\u0173j\u0173 netektis,\" \/>\n<meta property=\"og:url\" content=\"https:\/\/skaitytaknyga.lt\/en\/produktas\/vytautas-racickas-sveciuose-pas-meska\/\" \/>\n<meta property=\"og:site_name\" content=\"Skaitytaknyga\" \/>\n<meta property=\"article:publisher\" content=\"https:\/\/www.facebook.com\/skaitytaknyga\/\" \/>\n<meta property=\"article:modified_time\" content=\"2025-06-11T04:42:55+00:00\" \/>\n<meta property=\"og:image\" content=\"https:\/\/skaitytaknyga.lt\/wp-content\/uploads\/2024\/08\/Vytautas-Racickas-\u201eSveciuose-pas-meska.webp\" \/>\n\t<meta property=\"og:image:width\" content=\"429\" \/>\n\t<meta property=\"og:image:height\" content=\"695\" \/>\n\t<meta property=\"og:image:type\" content=\"image\/webp\" \/>\n<meta name=\"twitter:card\" content=\"summary_large_image\" \/>\n<meta name=\"twitter:label1\" content=\"Estimated reading time\" \/>\n\t<meta name=\"twitter:data1\" content=\"1 minute\" \/>\n<script type=\"application\/ld+json\" class=\"yoast-schema-graph\">{\"@context\":\"https:\/\/schema.org\",\"@graph\":[{\"@type\":\"WebPage\",\"@id\":\"https:\/\/skaitytaknyga.lt\/produktas\/vytautas-racickas-sveciuose-pas-meska\/\",\"url\":\"https:\/\/skaitytaknyga.lt\/produktas\/vytautas-racickas-sveciuose-pas-meska\/\",\"name\":\"Sve\u010diuose pas me\u0161k\u0105\",\"isPartOf\":{\"@id\":\"https:\/\/skaitytaknyga.lt\/#website\"},\"primaryImageOfPage\":{\"@id\":\"https:\/\/skaitytaknyga.lt\/produktas\/vytautas-racickas-sveciuose-pas-meska\/#primaryimage\"},\"image\":{\"@id\":\"https:\/\/skaitytaknyga.lt\/produktas\/vytautas-racickas-sveciuose-pas-meska\/#primaryimage\"},\"thumbnailUrl\":\"https:\/\/skaitytaknyga.lt\/wp-content\/uploads\/2024\/08\/Vytautas-Racickas-\u201eSveciuose-pas-meska.webp\",\"datePublished\":\"2024-08-25T12:33:22+00:00\",\"dateModified\":\"2025-06-11T04:42:55+00:00\",\"description\":\"\u0160ias istorijas i\u0161gyveno Stalino represij\u0173 aukos. Pasakojim\u0173 herojai liudija \u017eiauri\u0105 Sibiro tremtini\u0173 kasdienyb\u0119 \u2013 bad\u0105, \u0161alt\u012f, artim\u0173j\u0173 netektis,\",\"breadcrumb\":{\"@id\":\"https:\/\/skaitytaknyga.lt\/produktas\/vytautas-racickas-sveciuose-pas-meska\/#breadcrumb\"},\"inLanguage\":\"en-GB\",\"potentialAction\":[{\"@type\":\"ReadAction\",\"target\":[\"https:\/\/skaitytaknyga.lt\/produktas\/vytautas-racickas-sveciuose-pas-meska\/\"]}]},{\"@type\":\"ImageObject\",\"inLanguage\":\"en-GB\",\"@id\":\"https:\/\/skaitytaknyga.lt\/produktas\/vytautas-racickas-sveciuose-pas-meska\/#primaryimage\",\"url\":\"https:\/\/skaitytaknyga.lt\/wp-content\/uploads\/2024\/08\/Vytautas-Racickas-\u201eSveciuose-pas-meska.webp\",\"contentUrl\":\"https:\/\/skaitytaknyga.lt\/wp-content\/uploads\/2024\/08\/Vytautas-Racickas-\u201eSveciuose-pas-meska.webp\",\"width\":429,\"height\":695,\"caption\":\"Vytautas Ra\u010dickas \u201eSve\u010diuose pas me\u0161k\u0105\u201c\"},{\"@type\":\"BreadcrumbList\",\"@id\":\"https:\/\/skaitytaknyga.lt\/produktas\/vytautas-racickas-sveciuose-pas-meska\/#breadcrumb\",\"itemListElement\":[{\"@type\":\"ListItem\",\"position\":1,\"name\":\"Home\",\"item\":\"https:\/\/skaitytaknyga.lt\/\"},{\"@type\":\"ListItem\",\"position\":2,\"name\":\"Parduotuv\u0117\",\"item\":\"https:\/\/skaitytaknyga.lt\/knygu-parduotuve\/\"},{\"@type\":\"ListItem\",\"position\":3,\"name\":\"Sve\u010diuose pas me\u0161k\u0105\"}]},{\"@type\":\"WebSite\",\"@id\":\"https:\/\/skaitytaknyga.lt\/#website\",\"url\":\"https:\/\/skaitytaknyga.lt\/\",\"name\":\"skaitytaknyga.lt\",\"description\":\"Skaitytaknyga.lt \u2013 tai ma\u017eas \u0161eimos verslas, kuris prasid\u0117jo nuo meil\u0117s knygoms ir siekio i\u0161gelb\u0117ti knygas nuo likimo prie konteinerio. Kas vienam nereikalingas daiktas \u2013 kitam lobis, o mes esame tarpininkai, kurie padeda abiems tapti laimingesniems ???? \u017dinome kaip nelengva i\u0161gyventi ma\u017eiems verslams, tad nuo \u0161iol, \u010dia rasite ir kit\u0173, ma\u017e\u0173 \u0161eim\u0173 versl\u0173, rank\u0173 darbo, dovan\u0173 sau ir artimiesiems.\",\"publisher\":{\"@id\":\"https:\/\/skaitytaknyga.lt\/#organization\"},\"potentialAction\":[{\"@type\":\"SearchAction\",\"target\":{\"@type\":\"EntryPoint\",\"urlTemplate\":\"https:\/\/skaitytaknyga.lt\/?s={search_term_string}\"},\"query-input\":{\"@type\":\"PropertyValueSpecification\",\"valueRequired\":true,\"valueName\":\"search_term_string\"}}],\"inLanguage\":\"en-GB\"},{\"@type\":\"Organization\",\"@id\":\"https:\/\/skaitytaknyga.lt\/#organization\",\"name\":\"skaitytaknyga.lt\",\"url\":\"https:\/\/skaitytaknyga.lt\/\",\"logo\":{\"@type\":\"ImageObject\",\"inLanguage\":\"en-GB\",\"@id\":\"https:\/\/skaitytaknyga.lt\/#\/schema\/logo\/image\/\",\"url\":\"https:\/\/skaitytaknyga.lt\/wp-content\/uploads\/2024\/05\/cropped-cropped-cropped-02_00843_jt3bggkj1j3HLc7SyY6rEUpg.jpeg\",\"contentUrl\":\"https:\/\/skaitytaknyga.lt\/wp-content\/uploads\/2024\/05\/cropped-cropped-cropped-02_00843_jt3bggkj1j3HLc7SyY6rEUpg.jpeg\",\"width\":1600,\"height\":1600,\"caption\":\"skaitytaknyga.lt\"},\"image\":{\"@id\":\"https:\/\/skaitytaknyga.lt\/#\/schema\/logo\/image\/\"},\"sameAs\":[\"https:\/\/www.facebook.com\/skaitytaknyga\/\"]}]}<\/script>\n<!-- \/ Yoast SEO plugin. -->","yoast_head_json":{"title":"Sve\u010diuose pas me\u0161k\u0105","description":"\u0160ias istorijas i\u0161gyveno Stalino represij\u0173 aukos. Pasakojim\u0173 herojai liudija \u017eiauri\u0105 Sibiro tremtini\u0173 kasdienyb\u0119 \u2013 bad\u0105, \u0161alt\u012f, artim\u0173j\u0173 netektis,","robots":{"index":"index","follow":"follow","max-snippet":"max-snippet:-1","max-image-preview":"max-image-preview:large","max-video-preview":"max-video-preview:-1"},"canonical":"https:\/\/skaitytaknyga.lt\/en\/produktas\/vytautas-racickas-sveciuose-pas-meska\/","og_locale":"en_GB","og_type":"article","og_title":"[:lt]Sve\u010diuose pas me\u0161k\u0105[:] - Skaitytaknyga","og_description":"\u0160ias istorijas i\u0161gyveno Stalino represij\u0173 aukos. Pasakojim\u0173 herojai liudija \u017eiauri\u0105 Sibiro tremtini\u0173 kasdienyb\u0119 \u2013 bad\u0105, \u0161alt\u012f, artim\u0173j\u0173 netektis,","og_url":"https:\/\/skaitytaknyga.lt\/en\/produktas\/vytautas-racickas-sveciuose-pas-meska\/","og_site_name":"Skaitytaknyga","article_publisher":"https:\/\/www.facebook.com\/skaitytaknyga\/","article_modified_time":"2025-06-11T04:42:55+00:00","og_image":[{"width":429,"height":695,"url":"https:\/\/skaitytaknyga.lt\/wp-content\/uploads\/2024\/08\/Vytautas-Racickas-\u201eSveciuose-pas-meska.webp","type":"image\/webp"}],"twitter_card":"summary_large_image","twitter_misc":{"Estimated reading time":"1 minute"},"schema":{"@context":"https:\/\/schema.org","@graph":[{"@type":"WebPage","@id":"https:\/\/skaitytaknyga.lt\/produktas\/vytautas-racickas-sveciuose-pas-meska\/","url":"https:\/\/skaitytaknyga.lt\/produktas\/vytautas-racickas-sveciuose-pas-meska\/","name":"Sve\u010diuose pas me\u0161k\u0105","isPartOf":{"@id":"https:\/\/skaitytaknyga.lt\/#website"},"primaryImageOfPage":{"@id":"https:\/\/skaitytaknyga.lt\/produktas\/vytautas-racickas-sveciuose-pas-meska\/#primaryimage"},"image":{"@id":"https:\/\/skaitytaknyga.lt\/produktas\/vytautas-racickas-sveciuose-pas-meska\/#primaryimage"},"thumbnailUrl":"https:\/\/skaitytaknyga.lt\/wp-content\/uploads\/2024\/08\/Vytautas-Racickas-\u201eSveciuose-pas-meska.webp","datePublished":"2024-08-25T12:33:22+00:00","dateModified":"2025-06-11T04:42:55+00:00","description":"\u0160ias istorijas i\u0161gyveno Stalino represij\u0173 aukos. Pasakojim\u0173 herojai liudija \u017eiauri\u0105 Sibiro tremtini\u0173 kasdienyb\u0119 \u2013 bad\u0105, \u0161alt\u012f, artim\u0173j\u0173 netektis,","breadcrumb":{"@id":"https:\/\/skaitytaknyga.lt\/produktas\/vytautas-racickas-sveciuose-pas-meska\/#breadcrumb"},"inLanguage":"en-GB","potentialAction":[{"@type":"ReadAction","target":["https:\/\/skaitytaknyga.lt\/produktas\/vytautas-racickas-sveciuose-pas-meska\/"]}]},{"@type":"ImageObject","inLanguage":"en-GB","@id":"https:\/\/skaitytaknyga.lt\/produktas\/vytautas-racickas-sveciuose-pas-meska\/#primaryimage","url":"https:\/\/skaitytaknyga.lt\/wp-content\/uploads\/2024\/08\/Vytautas-Racickas-\u201eSveciuose-pas-meska.webp","contentUrl":"https:\/\/skaitytaknyga.lt\/wp-content\/uploads\/2024\/08\/Vytautas-Racickas-\u201eSveciuose-pas-meska.webp","width":429,"height":695,"caption":"Vytautas Ra\u010dickas \u201eSve\u010diuose pas me\u0161k\u0105\u201c"},{"@type":"BreadcrumbList","@id":"https:\/\/skaitytaknyga.lt\/produktas\/vytautas-racickas-sveciuose-pas-meska\/#breadcrumb","itemListElement":[{"@type":"ListItem","position":1,"name":"Home","item":"https:\/\/skaitytaknyga.lt\/"},{"@type":"ListItem","position":2,"name":"Parduotuv\u0117","item":"https:\/\/skaitytaknyga.lt\/knygu-parduotuve\/"},{"@type":"ListItem","position":3,"name":"Sve\u010diuose pas me\u0161k\u0105"}]},{"@type":"WebSite","@id":"https:\/\/skaitytaknyga.lt\/#website","url":"https:\/\/skaitytaknyga.lt\/","name":"skaitytaknyga.lt","description":"Skaitytaknyga.lt \u2013 tai ma\u017eas \u0161eimos verslas, kuris prasid\u0117jo nuo meil\u0117s knygoms ir siekio i\u0161gelb\u0117ti knygas nuo likimo prie konteinerio. Kas vienam nereikalingas daiktas \u2013 kitam lobis, o mes esame tarpininkai, kurie padeda abiems tapti laimingesniems ???? \u017dinome kaip nelengva i\u0161gyventi ma\u017eiems verslams, tad nuo \u0161iol, \u010dia rasite ir kit\u0173, ma\u017e\u0173 \u0161eim\u0173 versl\u0173, rank\u0173 darbo, dovan\u0173 sau ir artimiesiems.","publisher":{"@id":"https:\/\/skaitytaknyga.lt\/#organization"},"potentialAction":[{"@type":"SearchAction","target":{"@type":"EntryPoint","urlTemplate":"https:\/\/skaitytaknyga.lt\/?s={search_term_string}"},"query-input":{"@type":"PropertyValueSpecification","valueRequired":true,"valueName":"search_term_string"}}],"inLanguage":"en-GB"},{"@type":"Organization","@id":"https:\/\/skaitytaknyga.lt\/#organization","name":"skaitytaknyga.lt","url":"https:\/\/skaitytaknyga.lt\/","logo":{"@type":"ImageObject","inLanguage":"en-GB","@id":"https:\/\/skaitytaknyga.lt\/#\/schema\/logo\/image\/","url":"https:\/\/skaitytaknyga.lt\/wp-content\/uploads\/2024\/05\/cropped-cropped-cropped-02_00843_jt3bggkj1j3HLc7SyY6rEUpg.jpeg","contentUrl":"https:\/\/skaitytaknyga.lt\/wp-content\/uploads\/2024\/05\/cropped-cropped-cropped-02_00843_jt3bggkj1j3HLc7SyY6rEUpg.jpeg","width":1600,"height":1600,"caption":"skaitytaknyga.lt"},"image":{"@id":"https:\/\/skaitytaknyga.lt\/#\/schema\/logo\/image\/"},"sameAs":["https:\/\/www.facebook.com\/skaitytaknyga\/"]}]}},"_links":{"self":[{"href":"https:\/\/skaitytaknyga.lt\/en\/wp-json\/wp\/v2\/product\/13602","targetHints":{"allow":["GET"]}}],"collection":[{"href":"https:\/\/skaitytaknyga.lt\/en\/wp-json\/wp\/v2\/product"}],"about":[{"href":"https:\/\/skaitytaknyga.lt\/en\/wp-json\/wp\/v2\/types\/product"}],"replies":[{"embeddable":true,"href":"https:\/\/skaitytaknyga.lt\/en\/wp-json\/wp\/v2\/comments?post=13602"}],"wp:featuredmedia":[{"embeddable":true,"href":"https:\/\/skaitytaknyga.lt\/en\/wp-json\/wp\/v2\/media\/13667"}],"wp:attachment":[{"href":"https:\/\/skaitytaknyga.lt\/en\/wp-json\/wp\/v2\/media?parent=13602"}],"wp:term":[{"taxonomy":"product_brand","embeddable":true,"href":"https:\/\/skaitytaknyga.lt\/en\/wp-json\/wp\/v2\/product_brand?post=13602"},{"taxonomy":"product_cat","embeddable":true,"href":"https:\/\/skaitytaknyga.lt\/en\/wp-json\/wp\/v2\/product_cat?post=13602"},{"taxonomy":"product_tag","embeddable":true,"href":"https:\/\/skaitytaknyga.lt\/en\/wp-json\/wp\/v2\/product_tag?post=13602"}],"curies":[{"name":"wp","href":"https:\/\/api.w.org\/{rel}","templated":true}]}}