{"id":13601,"date":"2024-08-25T15:33:21","date_gmt":"2024-08-25T12:33:21","guid":{"rendered":"https:\/\/skaitytaknyga.lt\/?post_type=product&#038;p=13601"},"modified":"2025-06-15T20:36:34","modified_gmt":"2025-06-15T17:36:34","slug":"estelle-maskame-negaliu-taves-pamirsti","status":"publish","type":"product","link":"https:\/\/skaitytaknyga.lt\/en\/produktas\/estelle-maskame-negaliu-taves-pamirsti\/","title":{"rendered":"Negaliu tav\u0119s pamir\u0161ti"},"content":{"rendered":"<p>Ties\u0105 sakant, Makenzei viskas klostosi s\u0117kmingai: ji turi nuostabi\u0173 draug\u0173, jai puikiai sekasi mokykloje, o gra\u017euolis buv\u0119s vaikinas trok\u0161ta j\u0105 susigr\u0105\u017einti. Bet giliai viduje mergina \u017eino, kad svarbiausio dalyko jos gyvenime n\u0117ra. Tas svarbiausias dalykas yra D\u017eeidenas \u2013 auk\u0161tas, atleti\u0161kas, s\u0105mojingas. Prie\u0161 metus Makenz\u0117 buvo beproti\u0161kai \u012fsimyl\u0117jusi j\u012f ir jo \u017eavi\u0105 kreivok\u0105 \u0161ypsen\u0105.<\/p>\n<p>O tada negailestingas likimo sm\u016bgis visk\u0105 sugriov\u0117. Makenz\u0117 atsitrauk\u0117, nes jau \u017einojo, kaip nelaim\u0117s pakei\u010dia mylimus \u017emones.<\/p>\n<p>Ir kai vien\u0105 vakar\u0105 ilgai nesima\u010dius j\u0173 akys susiduria, seni jausmai atgyja. Makenz\u0117 sutrikusi. Be to, ramyb\u0117s jai neduoda buv\u0119s vaikinas ir vis keis\u010diau besielgiantis geriausias draugas. Ar Makenz\u0117 i\u0161dr\u012fs atskleisti savo baimes ir likti su did\u017ei\u0105ja savo gyvenimo meile?<\/p>\n<p><strong>\u201eNegaliu tav\u0119s pamir\u0161ti\u201c<\/strong>\u00a0\u2013 tai subtilus, jaudinantis ir abejing\u0173 nepaliekantis knygos\u00a0\u201eAr sakiau, kad myliu tave?\u201c\u00a0autor\u0117s\u00a0<strong>Estelle Maskame<\/strong>\u00a0pasakojimas apie tikr\u0105j\u0105 meil\u0119, baim\u0119 suklysti ir nenumaldom\u0105 tro\u0161kim\u0105 b\u016bti laimingai.<\/p>\n<p>&nbsp;<\/p>\n<ul class=\"about-product d-none d-xl-block mt-4\">\n<li><strong>Originalus pavadinimas:<\/strong>\u00a0Dare to Fall<\/li>\n<li><strong>Autorius:<\/strong>\u00a0Estelle Maskame<\/li>\n<li><strong>Leid\u0117jas:<\/strong>\u00a0Alma littera<\/li>\n<li><strong>Metai:<\/strong>\u00a02019<\/li>\n<li><strong>Puslapiai:<\/strong>\u00a0304<\/li>\n<li><strong>ISBN:<\/strong>\u00a09786090136683<\/li>\n<li><strong>Versijos kodas:<\/strong>\u00a0PT.<\/li>\n<li><strong>Formatas:<\/strong>\u00a014,3 x 21,3 x 2,6 cm, kieti vir\u0161eliai<\/li>\n<li><strong>Kalba:<\/strong>\u00a0Lietuvi\u0173<\/li>\n<li><strong>Vert\u0117jas:<\/strong>\u00a0Ieva Venskevi\u010di\u016bt\u0117<\/li>\n<\/ul>\n","protected":false},"excerpt":{"rendered":"<p>Ties\u0105 sakant, Makenzei viskas klostosi s\u0117kmingai: ji turi nuostabi\u0173 draug\u0173, jai puikiai sekasi mokykloje, o gra\u017euolis buv\u0119s vaikinas trok\u0161ta j\u0105 susigr\u0105\u017einti. Bet giliai viduje mergina \u017eino, kad svarbiausio dalyko jos gyvenime n\u0117ra. Tas svarbiausias dalykas yra D\u017eeidenas \u2013 auk\u0161tas, atleti\u0161kas, s\u0105mojingas. Prie\u0161 metus Makenz\u0117 buvo beproti\u0161kai \u012fsimyl\u0117jusi j\u012f ir jo \u017eavi\u0105 kreivok\u0105 \u0161ypsen\u0105. O tada negailestingas likimo sm\u016bgis visk\u0105 sugriov\u0117. Makenz\u0117 atsitrauk\u0117, nes jau \u017einojo, kaip nelaim\u0117s pakei\u010dia mylimus \u017emones. Ir kai vien\u0105 vakar\u0105 ilgai nesima\u010dius j\u0173 akys susiduria, seni jausmai atgyja. Makenz\u0117 sutrikusi. Be to, ramyb\u0117s jai neduoda buv\u0119s vaikinas ir vis keis\u010diau besielgiantis geriausias draugas. Ar Makenz\u0117 i\u0161dr\u012fs atskleisti savo baimes ir likti su did\u017ei\u0105ja savo gyvenimo meile? \u201eNegaliu tav\u0119s pamir\u0161ti\u201c\u00a0\u2013 tai subtilus, jaudinantis ir abejing\u0173 nepaliekantis knygos\u00a0\u201eAr sakiau, kad myliu tave?\u201c\u00a0autor\u0117s\u00a0Estelle Maskame\u00a0pasakojimas apie tikr\u0105j\u0105 meil\u0119, baim\u0119 suklysti ir nenumaldom\u0105 tro\u0161kim\u0105 b\u016bti laimingai. &nbsp; Originalus pavadinimas:\u00a0Dare to Fall Autorius:\u00a0Estelle Maskame Leid\u0117jas:\u00a0Alma littera Metai:\u00a02019 Puslapiai:\u00a0304 ISBN:\u00a09786090136683 Versijos kodas:\u00a0PT. Formatas:\u00a014,3 x 21,3 x 2,6 cm, kieti vir\u0161eliai Kalba:\u00a0Lietuvi\u0173 Vert\u0117jas:\u00a0Ieva Venskevi\u010di\u016bt\u0117<\/p>\n","protected":false},"featured_media":13668,"comment_status":"open","ping_status":"closed","template":"","meta":{"_acf_changed":false,"site-sidebar-layout":"default","site-content-layout":"","ast-site-content-layout":"default","site-content-style":"default","site-sidebar-style":"default","ast-global-header-display":"","ast-banner-title-visibility":"","ast-main-header-display":"","ast-hfb-above-header-display":"","ast-hfb-below-header-display":"","ast-hfb-mobile-header-display":"","site-post-title":"","ast-breadcrumbs-content":"","ast-featured-img":"","footer-sml-layout":"","ast-disable-related-posts":"","theme-transparent-header-meta":"default","adv-header-id-meta":"","stick-header-meta":"","header-above-stick-meta":"","header-main-stick-meta":"","header-below-stick-meta":"","astra-migrate-meta-layouts":"set","ast-page-background-enabled":"default","ast-page-background-meta":{"desktop":{"background-color":"","background-image":"","background-repeat":"repeat","background-position":"center center","background-size":"auto","background-attachment":"scroll","background-type":"","background-media":"","overlay-type":"","overlay-color":"","overlay-opacity":"","overlay-gradient":""},"tablet":{"background-color":"","background-image":"","background-repeat":"repeat","background-position":"center center","background-size":"auto","background-attachment":"scroll","background-type":"","background-media":"","overlay-type":"","overlay-color":"","overlay-opacity":"","overlay-gradient":""},"mobile":{"background-color":"","background-image":"","background-repeat":"repeat","background-position":"center center","background-size":"auto","background-attachment":"scroll","background-type":"","background-media":"","overlay-type":"","overlay-color":"","overlay-opacity":"","overlay-gradient":""}},"ast-content-background-meta":{"desktop":{"background-color":"var(--ast-global-color-4)","background-image":"","background-repeat":"repeat","background-position":"center center","background-size":"auto","background-attachment":"scroll","background-type":"","background-media":"","overlay-type":"","overlay-color":"","overlay-opacity":"","overlay-gradient":""},"tablet":{"background-color":"var(--ast-global-color-4)","background-image":"","background-repeat":"repeat","background-position":"center center","background-size":"auto","background-attachment":"scroll","background-type":"","background-media":"","overlay-type":"","overlay-color":"","overlay-opacity":"","overlay-gradient":""},"mobile":{"background-color":"var(--ast-global-color-4)","background-image":"","background-repeat":"repeat","background-position":"center center","background-size":"auto","background-attachment":"scroll","background-type":"","background-media":"","overlay-type":"","overlay-color":"","overlay-opacity":"","overlay-gradient":""}}},"product_brand":[],"product_cat":[31,15],"product_tag":[],"class_list":{"0":"post-13601","1":"product","2":"type-product","3":"status-publish","4":"has-post-thumbnail","6":"product_cat-grozine-literatura","7":"product_cat-uncategorized","8":"desktop-align-left","9":"tablet-align-left","10":"mobile-align-left","12":"first","13":"instock","14":"shipping-taxable","15":"purchasable","16":"product-type-simple"},"acf":[],"yoast_head":"<!-- This site is optimized with the Yoast SEO plugin v27.0 - https:\/\/yoast.com\/product\/yoast-seo-wordpress\/ -->\n<title>Negaliu tav\u0119s pamir\u0161ti<\/title>\n<meta name=\"description\" content=\"Ties\u0105 sakant, Makenzei viskas klostosi s\u0117kmingai: ji turi nuostabi\u0173 draug\u0173, jai puikiai sekasi mokykloje, o gra\u017euolis buv\u0119s vaikinas trok\u0161ta j\u0105\" \/>\n<meta name=\"robots\" content=\"index, follow, max-snippet:-1, max-image-preview:large, max-video-preview:-1\" \/>\n<link rel=\"canonical\" href=\"https:\/\/skaitytaknyga.lt\/en\/produktas\/estelle-maskame-negaliu-taves-pamirsti\/\" \/>\n<meta property=\"og:locale\" content=\"en_GB\" \/>\n<meta property=\"og:locale:alternate\" content=\"lt_LT\" \/>\n<meta property=\"og:type\" content=\"article\" \/>\n<meta property=\"og:title\" content=\"Negaliu tav\u0119s pamir\u0161ti\" \/>\n<meta property=\"og:description\" content=\"Ties\u0105 sakant, Makenzei viskas klostosi s\u0117kmingai: ji turi nuostabi\u0173 draug\u0173, jai puikiai sekasi mokykloje, o gra\u017euolis buv\u0119s vaikinas trok\u0161ta j\u0105\" \/>\n<meta property=\"og:url\" content=\"https:\/\/skaitytaknyga.lt\/en\/produktas\/estelle-maskame-negaliu-taves-pamirsti\/\" \/>\n<meta property=\"og:site_name\" content=\"Skaitytaknyga\" \/>\n<meta property=\"article:publisher\" content=\"https:\/\/www.facebook.com\/skaitytaknyga\/\" \/>\n<meta property=\"article:modified_time\" content=\"2025-06-15T17:36:34+00:00\" \/>\n<meta property=\"og:image\" content=\"https:\/\/skaitytaknyga.lt\/wp-content\/uploads\/2024\/08\/Estelle-Maskame-\u201eNegaliu-taves-pamirsti.webp\" \/>\n\t<meta property=\"og:image:width\" content=\"403\" \/>\n\t<meta property=\"og:image:height\" content=\"600\" \/>\n\t<meta property=\"og:image:type\" content=\"image\/webp\" \/>\n<meta name=\"twitter:card\" content=\"summary_large_image\" \/>\n<meta name=\"twitter:label1\" content=\"Estimated reading time\" \/>\n\t<meta name=\"twitter:data1\" content=\"2 minutes\" \/>\n<script type=\"application\/ld+json\" class=\"yoast-schema-graph\">{\"@context\":\"https:\/\/schema.org\",\"@graph\":[{\"@type\":\"WebPage\",\"@id\":\"https:\/\/skaitytaknyga.lt\/produktas\/estelle-maskame-negaliu-taves-pamirsti\/\",\"url\":\"https:\/\/skaitytaknyga.lt\/produktas\/estelle-maskame-negaliu-taves-pamirsti\/\",\"name\":\"Negaliu tav\u0119s pamir\u0161ti\",\"isPartOf\":{\"@id\":\"https:\/\/skaitytaknyga.lt\/#website\"},\"primaryImageOfPage\":{\"@id\":\"https:\/\/skaitytaknyga.lt\/produktas\/estelle-maskame-negaliu-taves-pamirsti\/#primaryimage\"},\"image\":{\"@id\":\"https:\/\/skaitytaknyga.lt\/produktas\/estelle-maskame-negaliu-taves-pamirsti\/#primaryimage\"},\"thumbnailUrl\":\"https:\/\/skaitytaknyga.lt\/wp-content\/uploads\/2024\/08\/Estelle-Maskame-\u201eNegaliu-taves-pamirsti.webp\",\"datePublished\":\"2024-08-25T12:33:21+00:00\",\"dateModified\":\"2025-06-15T17:36:34+00:00\",\"description\":\"Ties\u0105 sakant, Makenzei viskas klostosi s\u0117kmingai: ji turi nuostabi\u0173 draug\u0173, jai puikiai sekasi mokykloje, o gra\u017euolis buv\u0119s vaikinas trok\u0161ta j\u0105\",\"breadcrumb\":{\"@id\":\"https:\/\/skaitytaknyga.lt\/produktas\/estelle-maskame-negaliu-taves-pamirsti\/#breadcrumb\"},\"inLanguage\":\"en-GB\",\"potentialAction\":[{\"@type\":\"ReadAction\",\"target\":[\"https:\/\/skaitytaknyga.lt\/produktas\/estelle-maskame-negaliu-taves-pamirsti\/\"]}]},{\"@type\":\"ImageObject\",\"inLanguage\":\"en-GB\",\"@id\":\"https:\/\/skaitytaknyga.lt\/produktas\/estelle-maskame-negaliu-taves-pamirsti\/#primaryimage\",\"url\":\"https:\/\/skaitytaknyga.lt\/wp-content\/uploads\/2024\/08\/Estelle-Maskame-\u201eNegaliu-taves-pamirsti.webp\",\"contentUrl\":\"https:\/\/skaitytaknyga.lt\/wp-content\/uploads\/2024\/08\/Estelle-Maskame-\u201eNegaliu-taves-pamirsti.webp\",\"width\":403,\"height\":600,\"caption\":\"Estelle Maskame \u201eNegaliu tav\u0119s pamir\u0161ti\u201c\"},{\"@type\":\"BreadcrumbList\",\"@id\":\"https:\/\/skaitytaknyga.lt\/produktas\/estelle-maskame-negaliu-taves-pamirsti\/#breadcrumb\",\"itemListElement\":[{\"@type\":\"ListItem\",\"position\":1,\"name\":\"Home\",\"item\":\"https:\/\/skaitytaknyga.lt\/\"},{\"@type\":\"ListItem\",\"position\":2,\"name\":\"Parduotuv\u0117\",\"item\":\"https:\/\/skaitytaknyga.lt\/knygu-parduotuve\/\"},{\"@type\":\"ListItem\",\"position\":3,\"name\":\"Negaliu tav\u0119s pamir\u0161ti\"}]},{\"@type\":\"WebSite\",\"@id\":\"https:\/\/skaitytaknyga.lt\/#website\",\"url\":\"https:\/\/skaitytaknyga.lt\/\",\"name\":\"skaitytaknyga.lt\",\"description\":\"Skaitytaknyga.lt \u2013 tai ma\u017eas \u0161eimos verslas, kuris prasid\u0117jo nuo meil\u0117s knygoms ir siekio i\u0161gelb\u0117ti knygas nuo likimo prie konteinerio. Kas vienam nereikalingas daiktas \u2013 kitam lobis, o mes esame tarpininkai, kurie padeda abiems tapti laimingesniems ???? \u017dinome kaip nelengva i\u0161gyventi ma\u017eiems verslams, tad nuo \u0161iol, \u010dia rasite ir kit\u0173, ma\u017e\u0173 \u0161eim\u0173 versl\u0173, rank\u0173 darbo, dovan\u0173 sau ir artimiesiems.\",\"publisher\":{\"@id\":\"https:\/\/skaitytaknyga.lt\/#organization\"},\"potentialAction\":[{\"@type\":\"SearchAction\",\"target\":{\"@type\":\"EntryPoint\",\"urlTemplate\":\"https:\/\/skaitytaknyga.lt\/?s={search_term_string}\"},\"query-input\":{\"@type\":\"PropertyValueSpecification\",\"valueRequired\":true,\"valueName\":\"search_term_string\"}}],\"inLanguage\":\"en-GB\"},{\"@type\":\"Organization\",\"@id\":\"https:\/\/skaitytaknyga.lt\/#organization\",\"name\":\"skaitytaknyga.lt\",\"url\":\"https:\/\/skaitytaknyga.lt\/\",\"logo\":{\"@type\":\"ImageObject\",\"inLanguage\":\"en-GB\",\"@id\":\"https:\/\/skaitytaknyga.lt\/#\/schema\/logo\/image\/\",\"url\":\"https:\/\/skaitytaknyga.lt\/wp-content\/uploads\/2024\/05\/cropped-cropped-cropped-02_00843_jt3bggkj1j3HLc7SyY6rEUpg.jpeg\",\"contentUrl\":\"https:\/\/skaitytaknyga.lt\/wp-content\/uploads\/2024\/05\/cropped-cropped-cropped-02_00843_jt3bggkj1j3HLc7SyY6rEUpg.jpeg\",\"width\":1600,\"height\":1600,\"caption\":\"skaitytaknyga.lt\"},\"image\":{\"@id\":\"https:\/\/skaitytaknyga.lt\/#\/schema\/logo\/image\/\"},\"sameAs\":[\"https:\/\/www.facebook.com\/skaitytaknyga\/\"]}]}<\/script>\n<!-- \/ Yoast SEO plugin. -->","yoast_head_json":{"title":"Negaliu tav\u0119s pamir\u0161ti","description":"Ties\u0105 sakant, Makenzei viskas klostosi s\u0117kmingai: ji turi nuostabi\u0173 draug\u0173, jai puikiai sekasi mokykloje, o gra\u017euolis buv\u0119s vaikinas trok\u0161ta j\u0105","robots":{"index":"index","follow":"follow","max-snippet":"max-snippet:-1","max-image-preview":"max-image-preview:large","max-video-preview":"max-video-preview:-1"},"canonical":"https:\/\/skaitytaknyga.lt\/en\/produktas\/estelle-maskame-negaliu-taves-pamirsti\/","og_locale":"en_GB","og_type":"article","og_title":"[:lt]Negaliu tav\u0119s pamir\u0161ti[:] - Skaitytaknyga","og_description":"Ties\u0105 sakant, Makenzei viskas klostosi s\u0117kmingai: ji turi nuostabi\u0173 draug\u0173, jai puikiai sekasi mokykloje, o gra\u017euolis buv\u0119s vaikinas trok\u0161ta j\u0105","og_url":"https:\/\/skaitytaknyga.lt\/en\/produktas\/estelle-maskame-negaliu-taves-pamirsti\/","og_site_name":"Skaitytaknyga","article_publisher":"https:\/\/www.facebook.com\/skaitytaknyga\/","article_modified_time":"2025-06-15T17:36:34+00:00","og_image":[{"width":403,"height":600,"url":"https:\/\/skaitytaknyga.lt\/wp-content\/uploads\/2024\/08\/Estelle-Maskame-\u201eNegaliu-taves-pamirsti.webp","type":"image\/webp"}],"twitter_card":"summary_large_image","twitter_misc":{"Estimated reading time":"2 minutes"},"schema":{"@context":"https:\/\/schema.org","@graph":[{"@type":"WebPage","@id":"https:\/\/skaitytaknyga.lt\/produktas\/estelle-maskame-negaliu-taves-pamirsti\/","url":"https:\/\/skaitytaknyga.lt\/produktas\/estelle-maskame-negaliu-taves-pamirsti\/","name":"Negaliu tav\u0119s pamir\u0161ti","isPartOf":{"@id":"https:\/\/skaitytaknyga.lt\/#website"},"primaryImageOfPage":{"@id":"https:\/\/skaitytaknyga.lt\/produktas\/estelle-maskame-negaliu-taves-pamirsti\/#primaryimage"},"image":{"@id":"https:\/\/skaitytaknyga.lt\/produktas\/estelle-maskame-negaliu-taves-pamirsti\/#primaryimage"},"thumbnailUrl":"https:\/\/skaitytaknyga.lt\/wp-content\/uploads\/2024\/08\/Estelle-Maskame-\u201eNegaliu-taves-pamirsti.webp","datePublished":"2024-08-25T12:33:21+00:00","dateModified":"2025-06-15T17:36:34+00:00","description":"Ties\u0105 sakant, Makenzei viskas klostosi s\u0117kmingai: ji turi nuostabi\u0173 draug\u0173, jai puikiai sekasi mokykloje, o gra\u017euolis buv\u0119s vaikinas trok\u0161ta j\u0105","breadcrumb":{"@id":"https:\/\/skaitytaknyga.lt\/produktas\/estelle-maskame-negaliu-taves-pamirsti\/#breadcrumb"},"inLanguage":"en-GB","potentialAction":[{"@type":"ReadAction","target":["https:\/\/skaitytaknyga.lt\/produktas\/estelle-maskame-negaliu-taves-pamirsti\/"]}]},{"@type":"ImageObject","inLanguage":"en-GB","@id":"https:\/\/skaitytaknyga.lt\/produktas\/estelle-maskame-negaliu-taves-pamirsti\/#primaryimage","url":"https:\/\/skaitytaknyga.lt\/wp-content\/uploads\/2024\/08\/Estelle-Maskame-\u201eNegaliu-taves-pamirsti.webp","contentUrl":"https:\/\/skaitytaknyga.lt\/wp-content\/uploads\/2024\/08\/Estelle-Maskame-\u201eNegaliu-taves-pamirsti.webp","width":403,"height":600,"caption":"Estelle Maskame \u201eNegaliu tav\u0119s pamir\u0161ti\u201c"},{"@type":"BreadcrumbList","@id":"https:\/\/skaitytaknyga.lt\/produktas\/estelle-maskame-negaliu-taves-pamirsti\/#breadcrumb","itemListElement":[{"@type":"ListItem","position":1,"name":"Home","item":"https:\/\/skaitytaknyga.lt\/"},{"@type":"ListItem","position":2,"name":"Parduotuv\u0117","item":"https:\/\/skaitytaknyga.lt\/knygu-parduotuve\/"},{"@type":"ListItem","position":3,"name":"Negaliu tav\u0119s pamir\u0161ti"}]},{"@type":"WebSite","@id":"https:\/\/skaitytaknyga.lt\/#website","url":"https:\/\/skaitytaknyga.lt\/","name":"skaitytaknyga.lt","description":"Skaitytaknyga.lt \u2013 tai ma\u017eas \u0161eimos verslas, kuris prasid\u0117jo nuo meil\u0117s knygoms ir siekio i\u0161gelb\u0117ti knygas nuo likimo prie konteinerio. Kas vienam nereikalingas daiktas \u2013 kitam lobis, o mes esame tarpininkai, kurie padeda abiems tapti laimingesniems ???? \u017dinome kaip nelengva i\u0161gyventi ma\u017eiems verslams, tad nuo \u0161iol, \u010dia rasite ir kit\u0173, ma\u017e\u0173 \u0161eim\u0173 versl\u0173, rank\u0173 darbo, dovan\u0173 sau ir artimiesiems.","publisher":{"@id":"https:\/\/skaitytaknyga.lt\/#organization"},"potentialAction":[{"@type":"SearchAction","target":{"@type":"EntryPoint","urlTemplate":"https:\/\/skaitytaknyga.lt\/?s={search_term_string}"},"query-input":{"@type":"PropertyValueSpecification","valueRequired":true,"valueName":"search_term_string"}}],"inLanguage":"en-GB"},{"@type":"Organization","@id":"https:\/\/skaitytaknyga.lt\/#organization","name":"skaitytaknyga.lt","url":"https:\/\/skaitytaknyga.lt\/","logo":{"@type":"ImageObject","inLanguage":"en-GB","@id":"https:\/\/skaitytaknyga.lt\/#\/schema\/logo\/image\/","url":"https:\/\/skaitytaknyga.lt\/wp-content\/uploads\/2024\/05\/cropped-cropped-cropped-02_00843_jt3bggkj1j3HLc7SyY6rEUpg.jpeg","contentUrl":"https:\/\/skaitytaknyga.lt\/wp-content\/uploads\/2024\/05\/cropped-cropped-cropped-02_00843_jt3bggkj1j3HLc7SyY6rEUpg.jpeg","width":1600,"height":1600,"caption":"skaitytaknyga.lt"},"image":{"@id":"https:\/\/skaitytaknyga.lt\/#\/schema\/logo\/image\/"},"sameAs":["https:\/\/www.facebook.com\/skaitytaknyga\/"]}]}},"_links":{"self":[{"href":"https:\/\/skaitytaknyga.lt\/en\/wp-json\/wp\/v2\/product\/13601","targetHints":{"allow":["GET"]}}],"collection":[{"href":"https:\/\/skaitytaknyga.lt\/en\/wp-json\/wp\/v2\/product"}],"about":[{"href":"https:\/\/skaitytaknyga.lt\/en\/wp-json\/wp\/v2\/types\/product"}],"replies":[{"embeddable":true,"href":"https:\/\/skaitytaknyga.lt\/en\/wp-json\/wp\/v2\/comments?post=13601"}],"wp:featuredmedia":[{"embeddable":true,"href":"https:\/\/skaitytaknyga.lt\/en\/wp-json\/wp\/v2\/media\/13668"}],"wp:attachment":[{"href":"https:\/\/skaitytaknyga.lt\/en\/wp-json\/wp\/v2\/media?parent=13601"}],"wp:term":[{"taxonomy":"product_brand","embeddable":true,"href":"https:\/\/skaitytaknyga.lt\/en\/wp-json\/wp\/v2\/product_brand?post=13601"},{"taxonomy":"product_cat","embeddable":true,"href":"https:\/\/skaitytaknyga.lt\/en\/wp-json\/wp\/v2\/product_cat?post=13601"},{"taxonomy":"product_tag","embeddable":true,"href":"https:\/\/skaitytaknyga.lt\/en\/wp-json\/wp\/v2\/product_tag?post=13601"}],"curies":[{"name":"wp","href":"https:\/\/api.w.org\/{rel}","templated":true}]}}