{"id":13588,"date":"2024-08-25T15:20:51","date_gmt":"2024-08-25T12:20:51","guid":{"rendered":"https:\/\/skaitytaknyga.lt\/?post_type=product&#038;p=13588"},"modified":"2026-03-17T11:55:16","modified_gmt":"2026-03-17T09:55:16","slug":"edmundas-malukas-dilges","status":"publish","type":"product","link":"https:\/\/skaitytaknyga.lt\/en\/produktas\/edmundas-malukas-dilges\/","title":{"rendered":"Dilg\u0117s"},"content":{"rendered":"<p><strong>\u201eNuod\u0117m\u0117 gyventi sau, nes a\u0161, \u017dmogus, ne\u017einau, kokiu pavidalu mano nuod\u0117m\u0117 sugr\u012f\u0161 man pa\u010diam. Negali b\u016bti teis\u0117ju tas, kuris neturi teismo savyje.<\/strong><\/p>\n<p>Moteris lyg vynas: gurk\u0161nis \u017eadina j\u0117g\u0105, o \u0161imtas gurk\u0161ni\u0173 migdo. \u012e\u017eengiu \u012f poezijos lov\u0105, kad pajus\u010diau k\u016bno proz\u0105.<\/p>\n<p>Tas, kuris eina \u012f tiksl\u0105, turi atsispirti nuo kli\u016b\u010di\u0173 ir \u0161uoliuoti neatsigr\u0119\u017edamas. Atmink: nugal\u0117tojus gimdo narsa, o nenugalimuosius &#8211; mok\u0117jimas suprasti. Tam, kas vykdo pareig\u0105, bus atleistos ir nes\u0117km\u0117s.\u201c<\/p>\n<ul class=\"about-product d-none d-xl-block mt-4\">\n<li><strong>Autorius:<\/strong>\u00a0<a href=\"https:\/\/skaitytaknyga.lt\/?s=mal%C5%ABkas&#038;post_type=product&#038;dgwt_wcas=1\">Edmundas Mal\u016bkas<\/a><\/li>\n<li><strong>Leid\u0117jas:<\/strong>\u00a0Magil\u0117<\/li>\n<li><strong>Metai:<\/strong>\u00a02009<\/li>\n<li><strong>Puslapiai:<\/strong>\u00a0344<\/li>\n<li><strong>ISBN:<\/strong>\u00a09789986956716<\/li>\n<li><strong>Versijos kodas:<\/strong>\u00a0PT.<\/li>\n<li><strong>Formatas:<\/strong>\u00a015 x 22 cm, kieti vir\u0161eliai<\/li>\n<li><strong>Kalba:<\/strong>\u00a0Lietuvi\u0173<\/li>\n<\/ul>\n","protected":false},"excerpt":{"rendered":"<p>\u201eNuod\u0117m\u0117 gyventi sau, nes a\u0161, \u017dmogus, ne\u017einau, kokiu pavidalu mano nuod\u0117m\u0117 sugr\u012f\u0161 man pa\u010diam. Negali b\u016bti teis\u0117ju tas, kuris neturi teismo savyje. Moteris lyg vynas: gurk\u0161nis \u017eadina j\u0117g\u0105, o \u0161imtas gurk\u0161ni\u0173 migdo. \u012e\u017eengiu \u012f poezijos lov\u0105, kad pajus\u010diau k\u016bno proz\u0105. Tas, kuris eina \u012f tiksl\u0105, turi atsispirti nuo kli\u016b\u010di\u0173 ir \u0161uoliuoti neatsigr\u0119\u017edamas. Atmink: nugal\u0117tojus gimdo narsa, o nenugalimuosius &#8211; mok\u0117jimas suprasti. Tam, kas vykdo pareig\u0105, bus atleistos ir nes\u0117km\u0117s.\u201c Autorius:\u00a0Edmundas Mal\u016bkas Leid\u0117jas:\u00a0Magil\u0117 Metai:\u00a02009 Puslapiai:\u00a0344 ISBN:\u00a09789986956716 Versijos kodas:\u00a0PT. Formatas:\u00a015 x 22 cm, kieti vir\u0161eliai Kalba:\u00a0Lietuvi\u0173<\/p>\n","protected":false},"featured_media":13589,"comment_status":"open","ping_status":"closed","template":"","meta":{"_acf_changed":false,"site-sidebar-layout":"default","site-content-layout":"","ast-site-content-layout":"default","site-content-style":"default","site-sidebar-style":"default","ast-global-header-display":"","ast-banner-title-visibility":"","ast-main-header-display":"","ast-hfb-above-header-display":"","ast-hfb-below-header-display":"","ast-hfb-mobile-header-display":"","site-post-title":"","ast-breadcrumbs-content":"","ast-featured-img":"","footer-sml-layout":"","ast-disable-related-posts":"","theme-transparent-header-meta":"default","adv-header-id-meta":"","stick-header-meta":"","header-above-stick-meta":"","header-main-stick-meta":"","header-below-stick-meta":"","astra-migrate-meta-layouts":"set","ast-page-background-enabled":"default","ast-page-background-meta":{"desktop":{"background-color":"","background-image":"","background-repeat":"repeat","background-position":"center center","background-size":"auto","background-attachment":"scroll","background-type":"","background-media":"","overlay-type":"","overlay-color":"","overlay-opacity":"","overlay-gradient":""},"tablet":{"background-color":"","background-image":"","background-repeat":"repeat","background-position":"center center","background-size":"auto","background-attachment":"scroll","background-type":"","background-media":"","overlay-type":"","overlay-color":"","overlay-opacity":"","overlay-gradient":""},"mobile":{"background-color":"","background-image":"","background-repeat":"repeat","background-position":"center center","background-size":"auto","background-attachment":"scroll","background-type":"","background-media":"","overlay-type":"","overlay-color":"","overlay-opacity":"","overlay-gradient":""}},"ast-content-background-meta":{"desktop":{"background-color":"var(--ast-global-color-4)","background-image":"","background-repeat":"repeat","background-position":"center center","background-size":"auto","background-attachment":"scroll","background-type":"","background-media":"","overlay-type":"","overlay-color":"","overlay-opacity":"","overlay-gradient":""},"tablet":{"background-color":"var(--ast-global-color-4)","background-image":"","background-repeat":"repeat","background-position":"center center","background-size":"auto","background-attachment":"scroll","background-type":"","background-media":"","overlay-type":"","overlay-color":"","overlay-opacity":"","overlay-gradient":""},"mobile":{"background-color":"var(--ast-global-color-4)","background-image":"","background-repeat":"repeat","background-position":"center center","background-size":"auto","background-attachment":"scroll","background-type":"","background-media":"","overlay-type":"","overlay-color":"","overlay-opacity":"","overlay-gradient":""}}},"product_brand":[],"product_cat":[9581,9590],"product_tag":[1808,1246,1744,1748,1809,1745,1789],"class_list":{"0":"post-13588","1":"product","2":"type-product","3":"status-publish","4":"has-post-thumbnail","6":"product_cat-kriminaliniai-romanai","7":"product_cat-lietuviu-literatura","8":"product_tag-dilges","9":"product_tag-edmundas-malukas","10":"product_tag-lietuviu-literatura","11":"product_tag-meiles-istorija","12":"product_tag-poezija","13":"product_tag-romanas","14":"product_tag-zmogaus-likimas","15":"desktop-align-left","16":"tablet-align-left","17":"mobile-align-left","19":"first","20":"instock","21":"shipping-taxable","22":"purchasable","23":"product-type-simple"},"acf":[],"yoast_head":"<!-- This site is optimized with the Yoast SEO plugin v27.0 - https:\/\/yoast.com\/product\/yoast-seo-wordpress\/ -->\n<title>Dilg\u0117s<\/title>\n<meta name=\"description\" content=\"\u201eNuod\u0117m\u0117 gyventi sau, nes a\u0161, \u017dmogus, ne\u017einau, kokiu pavidalu mano nuod\u0117m\u0117 sugr\u012f\u0161 man pa\u010diam. Negali b\u016bti teis\u0117ju tas, kuris neturi teismo savyje. Moteris\" \/>\n<meta name=\"robots\" content=\"index, follow, max-snippet:-1, max-image-preview:large, max-video-preview:-1\" \/>\n<link rel=\"canonical\" href=\"https:\/\/skaitytaknyga.lt\/en\/produktas\/edmundas-malukas-dilges\/\" \/>\n<meta property=\"og:locale\" content=\"en_GB\" \/>\n<meta property=\"og:locale:alternate\" content=\"lt_LT\" \/>\n<meta property=\"og:type\" content=\"article\" \/>\n<meta property=\"og:title\" content=\"Dilg\u0117s\" \/>\n<meta property=\"og:description\" content=\"\u201eNuod\u0117m\u0117 gyventi sau, nes a\u0161, \u017dmogus, ne\u017einau, kokiu pavidalu mano nuod\u0117m\u0117 sugr\u012f\u0161 man pa\u010diam. Negali b\u016bti teis\u0117ju tas, kuris neturi teismo savyje. Moteris\" \/>\n<meta property=\"og:url\" content=\"https:\/\/skaitytaknyga.lt\/en\/produktas\/edmundas-malukas-dilges\/\" \/>\n<meta property=\"og:site_name\" content=\"Skaitytaknyga\" \/>\n<meta property=\"article:publisher\" content=\"https:\/\/www.facebook.com\/skaitytaknyga\/\" \/>\n<meta property=\"article:modified_time\" content=\"2026-03-17T09:55:16+00:00\" \/>\n<meta property=\"og:image\" content=\"https:\/\/skaitytaknyga.lt\/wp-content\/uploads\/2024\/08\/Edmundas-Malukas-\u201eDilges.webp\" \/>\n\t<meta property=\"og:image:width\" content=\"363\" \/>\n\t<meta property=\"og:image:height\" content=\"550\" \/>\n\t<meta property=\"og:image:type\" content=\"image\/webp\" \/>\n<meta name=\"twitter:card\" content=\"summary_large_image\" \/>\n<meta name=\"twitter:label1\" content=\"Estimated reading time\" \/>\n\t<meta name=\"twitter:data1\" content=\"1 minute\" \/>\n<script type=\"application\/ld+json\" class=\"yoast-schema-graph\">{\"@context\":\"https:\/\/schema.org\",\"@graph\":[{\"@type\":\"WebPage\",\"@id\":\"https:\/\/skaitytaknyga.lt\/produktas\/edmundas-malukas-dilges\/\",\"url\":\"https:\/\/skaitytaknyga.lt\/produktas\/edmundas-malukas-dilges\/\",\"name\":\"Dilg\u0117s\",\"isPartOf\":{\"@id\":\"https:\/\/skaitytaknyga.lt\/#website\"},\"primaryImageOfPage\":{\"@id\":\"https:\/\/skaitytaknyga.lt\/produktas\/edmundas-malukas-dilges\/#primaryimage\"},\"image\":{\"@id\":\"https:\/\/skaitytaknyga.lt\/produktas\/edmundas-malukas-dilges\/#primaryimage\"},\"thumbnailUrl\":\"https:\/\/skaitytaknyga.lt\/wp-content\/uploads\/2024\/08\/Edmundas-Malukas-\u201eDilges.webp\",\"datePublished\":\"2024-08-25T12:20:51+00:00\",\"dateModified\":\"2026-03-17T09:55:16+00:00\",\"description\":\"\u201eNuod\u0117m\u0117 gyventi sau, nes a\u0161, \u017dmogus, ne\u017einau, kokiu pavidalu mano nuod\u0117m\u0117 sugr\u012f\u0161 man pa\u010diam. Negali b\u016bti teis\u0117ju tas, kuris neturi teismo savyje. Moteris\",\"breadcrumb\":{\"@id\":\"https:\/\/skaitytaknyga.lt\/produktas\/edmundas-malukas-dilges\/#breadcrumb\"},\"inLanguage\":\"en-GB\",\"potentialAction\":[{\"@type\":\"ReadAction\",\"target\":[\"https:\/\/skaitytaknyga.lt\/produktas\/edmundas-malukas-dilges\/\"]}]},{\"@type\":\"ImageObject\",\"inLanguage\":\"en-GB\",\"@id\":\"https:\/\/skaitytaknyga.lt\/produktas\/edmundas-malukas-dilges\/#primaryimage\",\"url\":\"https:\/\/skaitytaknyga.lt\/wp-content\/uploads\/2024\/08\/Edmundas-Malukas-\u201eDilges.webp\",\"contentUrl\":\"https:\/\/skaitytaknyga.lt\/wp-content\/uploads\/2024\/08\/Edmundas-Malukas-\u201eDilges.webp\",\"width\":363,\"height\":550,\"caption\":\"Edmundas Mal\u016bkas \u201eDilg\u0117s\u201c\"},{\"@type\":\"BreadcrumbList\",\"@id\":\"https:\/\/skaitytaknyga.lt\/produktas\/edmundas-malukas-dilges\/#breadcrumb\",\"itemListElement\":[{\"@type\":\"ListItem\",\"position\":1,\"name\":\"Home\",\"item\":\"https:\/\/skaitytaknyga.lt\/\"},{\"@type\":\"ListItem\",\"position\":2,\"name\":\"Parduotuv\u0117\",\"item\":\"https:\/\/skaitytaknyga.lt\/knygu-parduotuve\/\"},{\"@type\":\"ListItem\",\"position\":3,\"name\":\"Dilg\u0117s\"}]},{\"@type\":\"WebSite\",\"@id\":\"https:\/\/skaitytaknyga.lt\/#website\",\"url\":\"https:\/\/skaitytaknyga.lt\/\",\"name\":\"skaitytaknyga.lt\",\"description\":\"Skaitytaknyga.lt \u2013 tai ma\u017eas \u0161eimos verslas, kuris prasid\u0117jo nuo meil\u0117s knygoms ir siekio i\u0161gelb\u0117ti knygas nuo likimo prie konteinerio. Kas vienam nereikalingas daiktas \u2013 kitam lobis, o mes esame tarpininkai, kurie padeda abiems tapti laimingesniems ???? \u017dinome kaip nelengva i\u0161gyventi ma\u017eiems verslams, tad nuo \u0161iol, \u010dia rasite ir kit\u0173, ma\u017e\u0173 \u0161eim\u0173 versl\u0173, rank\u0173 darbo, dovan\u0173 sau ir artimiesiems.\",\"publisher\":{\"@id\":\"https:\/\/skaitytaknyga.lt\/#organization\"},\"potentialAction\":[{\"@type\":\"SearchAction\",\"target\":{\"@type\":\"EntryPoint\",\"urlTemplate\":\"https:\/\/skaitytaknyga.lt\/?s={search_term_string}\"},\"query-input\":{\"@type\":\"PropertyValueSpecification\",\"valueRequired\":true,\"valueName\":\"search_term_string\"}}],\"inLanguage\":\"en-GB\"},{\"@type\":\"Organization\",\"@id\":\"https:\/\/skaitytaknyga.lt\/#organization\",\"name\":\"skaitytaknyga.lt\",\"url\":\"https:\/\/skaitytaknyga.lt\/\",\"logo\":{\"@type\":\"ImageObject\",\"inLanguage\":\"en-GB\",\"@id\":\"https:\/\/skaitytaknyga.lt\/#\/schema\/logo\/image\/\",\"url\":\"https:\/\/skaitytaknyga.lt\/wp-content\/uploads\/2024\/05\/cropped-cropped-cropped-02_00843_jt3bggkj1j3HLc7SyY6rEUpg.jpeg\",\"contentUrl\":\"https:\/\/skaitytaknyga.lt\/wp-content\/uploads\/2024\/05\/cropped-cropped-cropped-02_00843_jt3bggkj1j3HLc7SyY6rEUpg.jpeg\",\"width\":1600,\"height\":1600,\"caption\":\"skaitytaknyga.lt\"},\"image\":{\"@id\":\"https:\/\/skaitytaknyga.lt\/#\/schema\/logo\/image\/\"},\"sameAs\":[\"https:\/\/www.facebook.com\/skaitytaknyga\/\"]}]}<\/script>\n<!-- \/ Yoast SEO plugin. -->","yoast_head_json":{"title":"Dilg\u0117s","description":"\u201eNuod\u0117m\u0117 gyventi sau, nes a\u0161, \u017dmogus, ne\u017einau, kokiu pavidalu mano nuod\u0117m\u0117 sugr\u012f\u0161 man pa\u010diam. Negali b\u016bti teis\u0117ju tas, kuris neturi teismo savyje. Moteris","robots":{"index":"index","follow":"follow","max-snippet":"max-snippet:-1","max-image-preview":"max-image-preview:large","max-video-preview":"max-video-preview:-1"},"canonical":"https:\/\/skaitytaknyga.lt\/en\/produktas\/edmundas-malukas-dilges\/","og_locale":"en_GB","og_type":"article","og_title":"[:lt]Dilg\u0117s[:] - Skaitytaknyga","og_description":"\u201eNuod\u0117m\u0117 gyventi sau, nes a\u0161, \u017dmogus, ne\u017einau, kokiu pavidalu mano nuod\u0117m\u0117 sugr\u012f\u0161 man pa\u010diam. Negali b\u016bti teis\u0117ju tas, kuris neturi teismo savyje. Moteris","og_url":"https:\/\/skaitytaknyga.lt\/en\/produktas\/edmundas-malukas-dilges\/","og_site_name":"Skaitytaknyga","article_publisher":"https:\/\/www.facebook.com\/skaitytaknyga\/","article_modified_time":"2026-03-17T09:55:16+00:00","og_image":[{"width":363,"height":550,"url":"https:\/\/skaitytaknyga.lt\/wp-content\/uploads\/2024\/08\/Edmundas-Malukas-\u201eDilges.webp","type":"image\/webp"}],"twitter_card":"summary_large_image","twitter_misc":{"Estimated reading time":"1 minute"},"schema":{"@context":"https:\/\/schema.org","@graph":[{"@type":"WebPage","@id":"https:\/\/skaitytaknyga.lt\/produktas\/edmundas-malukas-dilges\/","url":"https:\/\/skaitytaknyga.lt\/produktas\/edmundas-malukas-dilges\/","name":"Dilg\u0117s","isPartOf":{"@id":"https:\/\/skaitytaknyga.lt\/#website"},"primaryImageOfPage":{"@id":"https:\/\/skaitytaknyga.lt\/produktas\/edmundas-malukas-dilges\/#primaryimage"},"image":{"@id":"https:\/\/skaitytaknyga.lt\/produktas\/edmundas-malukas-dilges\/#primaryimage"},"thumbnailUrl":"https:\/\/skaitytaknyga.lt\/wp-content\/uploads\/2024\/08\/Edmundas-Malukas-\u201eDilges.webp","datePublished":"2024-08-25T12:20:51+00:00","dateModified":"2026-03-17T09:55:16+00:00","description":"\u201eNuod\u0117m\u0117 gyventi sau, nes a\u0161, \u017dmogus, ne\u017einau, kokiu pavidalu mano nuod\u0117m\u0117 sugr\u012f\u0161 man pa\u010diam. Negali b\u016bti teis\u0117ju tas, kuris neturi teismo savyje. Moteris","breadcrumb":{"@id":"https:\/\/skaitytaknyga.lt\/produktas\/edmundas-malukas-dilges\/#breadcrumb"},"inLanguage":"en-GB","potentialAction":[{"@type":"ReadAction","target":["https:\/\/skaitytaknyga.lt\/produktas\/edmundas-malukas-dilges\/"]}]},{"@type":"ImageObject","inLanguage":"en-GB","@id":"https:\/\/skaitytaknyga.lt\/produktas\/edmundas-malukas-dilges\/#primaryimage","url":"https:\/\/skaitytaknyga.lt\/wp-content\/uploads\/2024\/08\/Edmundas-Malukas-\u201eDilges.webp","contentUrl":"https:\/\/skaitytaknyga.lt\/wp-content\/uploads\/2024\/08\/Edmundas-Malukas-\u201eDilges.webp","width":363,"height":550,"caption":"Edmundas Mal\u016bkas \u201eDilg\u0117s\u201c"},{"@type":"BreadcrumbList","@id":"https:\/\/skaitytaknyga.lt\/produktas\/edmundas-malukas-dilges\/#breadcrumb","itemListElement":[{"@type":"ListItem","position":1,"name":"Home","item":"https:\/\/skaitytaknyga.lt\/"},{"@type":"ListItem","position":2,"name":"Parduotuv\u0117","item":"https:\/\/skaitytaknyga.lt\/knygu-parduotuve\/"},{"@type":"ListItem","position":3,"name":"Dilg\u0117s"}]},{"@type":"WebSite","@id":"https:\/\/skaitytaknyga.lt\/#website","url":"https:\/\/skaitytaknyga.lt\/","name":"skaitytaknyga.lt","description":"Skaitytaknyga.lt \u2013 tai ma\u017eas \u0161eimos verslas, kuris prasid\u0117jo nuo meil\u0117s knygoms ir siekio i\u0161gelb\u0117ti knygas nuo likimo prie konteinerio. Kas vienam nereikalingas daiktas \u2013 kitam lobis, o mes esame tarpininkai, kurie padeda abiems tapti laimingesniems ???? \u017dinome kaip nelengva i\u0161gyventi ma\u017eiems verslams, tad nuo \u0161iol, \u010dia rasite ir kit\u0173, ma\u017e\u0173 \u0161eim\u0173 versl\u0173, rank\u0173 darbo, dovan\u0173 sau ir artimiesiems.","publisher":{"@id":"https:\/\/skaitytaknyga.lt\/#organization"},"potentialAction":[{"@type":"SearchAction","target":{"@type":"EntryPoint","urlTemplate":"https:\/\/skaitytaknyga.lt\/?s={search_term_string}"},"query-input":{"@type":"PropertyValueSpecification","valueRequired":true,"valueName":"search_term_string"}}],"inLanguage":"en-GB"},{"@type":"Organization","@id":"https:\/\/skaitytaknyga.lt\/#organization","name":"skaitytaknyga.lt","url":"https:\/\/skaitytaknyga.lt\/","logo":{"@type":"ImageObject","inLanguage":"en-GB","@id":"https:\/\/skaitytaknyga.lt\/#\/schema\/logo\/image\/","url":"https:\/\/skaitytaknyga.lt\/wp-content\/uploads\/2024\/05\/cropped-cropped-cropped-02_00843_jt3bggkj1j3HLc7SyY6rEUpg.jpeg","contentUrl":"https:\/\/skaitytaknyga.lt\/wp-content\/uploads\/2024\/05\/cropped-cropped-cropped-02_00843_jt3bggkj1j3HLc7SyY6rEUpg.jpeg","width":1600,"height":1600,"caption":"skaitytaknyga.lt"},"image":{"@id":"https:\/\/skaitytaknyga.lt\/#\/schema\/logo\/image\/"},"sameAs":["https:\/\/www.facebook.com\/skaitytaknyga\/"]}]}},"_links":{"self":[{"href":"https:\/\/skaitytaknyga.lt\/en\/wp-json\/wp\/v2\/product\/13588","targetHints":{"allow":["GET"]}}],"collection":[{"href":"https:\/\/skaitytaknyga.lt\/en\/wp-json\/wp\/v2\/product"}],"about":[{"href":"https:\/\/skaitytaknyga.lt\/en\/wp-json\/wp\/v2\/types\/product"}],"replies":[{"embeddable":true,"href":"https:\/\/skaitytaknyga.lt\/en\/wp-json\/wp\/v2\/comments?post=13588"}],"wp:featuredmedia":[{"embeddable":true,"href":"https:\/\/skaitytaknyga.lt\/en\/wp-json\/wp\/v2\/media\/13589"}],"wp:attachment":[{"href":"https:\/\/skaitytaknyga.lt\/en\/wp-json\/wp\/v2\/media?parent=13588"}],"wp:term":[{"taxonomy":"product_brand","embeddable":true,"href":"https:\/\/skaitytaknyga.lt\/en\/wp-json\/wp\/v2\/product_brand?post=13588"},{"taxonomy":"product_cat","embeddable":true,"href":"https:\/\/skaitytaknyga.lt\/en\/wp-json\/wp\/v2\/product_cat?post=13588"},{"taxonomy":"product_tag","embeddable":true,"href":"https:\/\/skaitytaknyga.lt\/en\/wp-json\/wp\/v2\/product_tag?post=13588"}],"curies":[{"name":"wp","href":"https:\/\/api.w.org\/{rel}","templated":true}]}}