{"id":13584,"date":"2024-08-25T15:20:51","date_gmt":"2024-08-25T12:20:51","guid":{"rendered":"https:\/\/skaitytaknyga.lt\/?post_type=product&#038;p=13584"},"modified":"2026-03-05T13:01:19","modified_gmt":"2026-03-05T11:01:19","slug":"geras-zmogus-itaigus-ir-tikroviskas-psichologinis-trileris-apie-tai-kaip-lengvai-bet-kuris-zmogus-gali-tapti-pabaisa","status":"publish","type":"product","link":"https:\/\/skaitytaknyga.lt\/en\/produktas\/geras-zmogus-itaigus-ir-tikroviskas-psichologinis-trileris-apie-tai-kaip-lengvai-bet-kuris-zmogus-gali-tapti-pabaisa\/","title":{"rendered":"GERAS \u017dMOGUS. \u012etaigus ir tikrovi\u0161kas psichologinis trileris apie tai, kaip lengvai bet kuris \u017emogus gali tapti pabaisa"},"content":{"rendered":"<p><em>Man pa\u010diam iki galo neai\u0161ku, kaip viskas \u012fvyko. Kartais atrodo, kad esu aplinkybi\u0173 auka. Kartais laikau save monstru. O da\u017eniausiai \u012fsivaizduoju save kaip Tanhoizer\u012f \u2013 smarkiai nusid\u0117jus\u012f vyr\u0105, i\u0161 nevilties paaukojus\u012f visk\u0105, k\u0105 tur\u0117jo brangaus; nusid\u0117j\u0117l\u012f, radus\u012f i\u0161sigelb\u0117jim\u0105 savo mylimiausios moters mirties kaina.<\/em><\/p>\n<p>Tomas Martinas tro\u0161ko visk\u0105 daryti tik gerai. Steng\u0117si suteikti savo \u0161eimai ramyb\u0119 ir stabilum\u0105, kuri\u0173 netur\u0117jo varganoje vaikyst\u0117je. Band\u0117 apgaubti dukr\u0105 ir \u017emon\u0105 apsauginiu stiklu, kad joms netekt\u0173 patirti to, k\u0105 patyr\u0117 jis pats. R\u016bpinosi keistuole motina ir niekaip nesuaugan\u010diomis seserimis.<\/p>\n<p>Puikus darbas presti\u017ein\u0117je Manhatano reklamos kompanijoje, prabangus namas \u0161iaurin\u0117je Long Ailando pakrant\u0117je ir kone idili\u0161kas \u0161eimos gyvenimas leid\u017eia Tomui jaustis vyru, kokiu nori b\u016bti. Ta\u010diau u\u017e paradinio fasado slepiasi trapus \u017emogus, vis labiau ai\u017e\u0117jantis nuo kiekvieno likimo kir\u010dio. Kol vien\u0105 dien\u0105 atsitinka kai kas \u0161iurpaus&#8230;<\/p>\n<p><strong>Psichologi\u0161kai \u012ftaigus, nepaprastai tikrovi\u0161kas, dr\u0105sus pasakojimas nugramzdina \u012f \u0161iurpaus nusikaltimo gelmes ir ie\u0161ko atsakym\u0173 \u012f klausimus, kas yra geras \u017emogus ir kaip lengvai jis gali virsti pabaisa.<\/strong><\/p>\n<ul class=\"about-product d-none d-xl-block mt-4\">\n<li><strong>Originalus pavadinimas:<\/strong>\u00a0A Good Man<\/li>\n<li><strong>Autorius:<\/strong>\u00a0Ani Katz<\/li>\n<li><strong>Leid\u0117jas:<\/strong>\u00a0BALTO leidybos namai<\/li>\n<li><strong>Metai:<\/strong>\u00a02020<\/li>\n<li><strong>Puslapiai:<\/strong>\u00a0272<\/li>\n<li><strong>ISBN:<\/strong>\u00a09786094870897<\/li>\n<li><strong>Formatas:<\/strong>\u00a014,3 x 21,3 x 2,5 cm, kieti vir\u0161eliai<\/li>\n<li><strong>Kalba:<\/strong>\u00a0Lietuvi\u0173<\/li>\n<li><strong>Vert\u0117jas:<\/strong>\u00a0Regina \u0160e\u0161kuvien\u0117<\/li>\n<\/ul>\n","protected":false},"excerpt":{"rendered":"<p>Man pa\u010diam iki galo neai\u0161ku, kaip viskas \u012fvyko. Kartais atrodo, kad esu aplinkybi\u0173 auka. Kartais laikau save monstru. O da\u017eniausiai \u012fsivaizduoju save kaip Tanhoizer\u012f \u2013 smarkiai nusid\u0117jus\u012f vyr\u0105, i\u0161 nevilties paaukojus\u012f visk\u0105, k\u0105 tur\u0117jo brangaus; nusid\u0117j\u0117l\u012f, radus\u012f i\u0161sigelb\u0117jim\u0105 savo mylimiausios moters mirties kaina. Tomas Martinas tro\u0161ko visk\u0105 daryti tik gerai. Steng\u0117si suteikti savo \u0161eimai ramyb\u0119 ir stabilum\u0105, kuri\u0173 netur\u0117jo varganoje vaikyst\u0117je. Band\u0117 apgaubti dukr\u0105 ir \u017emon\u0105 apsauginiu stiklu, kad joms netekt\u0173 patirti to, k\u0105 patyr\u0117 jis pats. R\u016bpinosi keistuole motina ir niekaip nesuaugan\u010diomis seserimis. Puikus darbas presti\u017ein\u0117je Manhatano reklamos kompanijoje, prabangus namas \u0161iaurin\u0117je Long Ailando pakrant\u0117je ir kone idili\u0161kas \u0161eimos gyvenimas leid\u017eia Tomui jaustis vyru, kokiu nori b\u016bti. Ta\u010diau u\u017e paradinio fasado slepiasi trapus \u017emogus, vis labiau ai\u017e\u0117jantis nuo kiekvieno likimo kir\u010dio. Kol vien\u0105 dien\u0105 atsitinka kai kas \u0161iurpaus&#8230; Psichologi\u0161kai \u012ftaigus, nepaprastai tikrovi\u0161kas, dr\u0105sus pasakojimas nugramzdina \u012f \u0161iurpaus nusikaltimo gelmes ir ie\u0161ko atsakym\u0173 \u012f klausimus, kas yra geras \u017emogus ir kaip lengvai jis gali virsti pabaisa. Originalus pavadinimas:\u00a0A Good Man Autorius:\u00a0Ani Katz Leid\u0117jas:\u00a0BALTO leidybos namai Metai:\u00a02020 Puslapiai:\u00a0272 ISBN:\u00a09786094870897 Formatas:\u00a014,3 x 21,3 x 2,5 cm, kieti vir\u0161eliai Kalba:\u00a0Lietuvi\u0173 Vert\u0117jas:\u00a0Regina \u0160e\u0161kuvien\u0117<\/p>\n","protected":false},"featured_media":13593,"comment_status":"open","ping_status":"closed","template":"","meta":{"_acf_changed":false,"site-sidebar-layout":"default","site-content-layout":"","ast-site-content-layout":"default","site-content-style":"default","site-sidebar-style":"default","ast-global-header-display":"","ast-banner-title-visibility":"","ast-main-header-display":"","ast-hfb-above-header-display":"","ast-hfb-below-header-display":"","ast-hfb-mobile-header-display":"","site-post-title":"","ast-breadcrumbs-content":"","ast-featured-img":"","footer-sml-layout":"","ast-disable-related-posts":"","theme-transparent-header-meta":"default","adv-header-id-meta":"","stick-header-meta":"","header-above-stick-meta":"","header-main-stick-meta":"","header-below-stick-meta":"","astra-migrate-meta-layouts":"set","ast-page-background-enabled":"default","ast-page-background-meta":{"desktop":{"background-color":"","background-image":"","background-repeat":"repeat","background-position":"center center","background-size":"auto","background-attachment":"scroll","background-type":"","background-media":"","overlay-type":"","overlay-color":"","overlay-opacity":"","overlay-gradient":""},"tablet":{"background-color":"","background-image":"","background-repeat":"repeat","background-position":"center center","background-size":"auto","background-attachment":"scroll","background-type":"","background-media":"","overlay-type":"","overlay-color":"","overlay-opacity":"","overlay-gradient":""},"mobile":{"background-color":"","background-image":"","background-repeat":"repeat","background-position":"center center","background-size":"auto","background-attachment":"scroll","background-type":"","background-media":"","overlay-type":"","overlay-color":"","overlay-opacity":"","overlay-gradient":""}},"ast-content-background-meta":{"desktop":{"background-color":"var(--ast-global-color-4)","background-image":"","background-repeat":"repeat","background-position":"center center","background-size":"auto","background-attachment":"scroll","background-type":"","background-media":"","overlay-type":"","overlay-color":"","overlay-opacity":"","overlay-gradient":""},"tablet":{"background-color":"var(--ast-global-color-4)","background-image":"","background-repeat":"repeat","background-position":"center center","background-size":"auto","background-attachment":"scroll","background-type":"","background-media":"","overlay-type":"","overlay-color":"","overlay-opacity":"","overlay-gradient":""},"mobile":{"background-color":"var(--ast-global-color-4)","background-image":"","background-repeat":"repeat","background-position":"center center","background-size":"auto","background-attachment":"scroll","background-type":"","background-media":"","overlay-type":"","overlay-color":"","overlay-opacity":"","overlay-gradient":""}}},"product_brand":[],"product_cat":[9580],"product_tag":[],"class_list":{"0":"post-13584","1":"product","2":"type-product","3":"status-publish","4":"has-post-thumbnail","6":"product_cat-psichologiniai-detektyvai","7":"desktop-align-left","8":"tablet-align-left","9":"mobile-align-left","11":"first","12":"instock","13":"shipping-taxable","14":"purchasable","15":"product-type-simple"},"acf":[],"yoast_head":"<!-- This site is optimized with the Yoast SEO plugin v27.0 - https:\/\/yoast.com\/product\/yoast-seo-wordpress\/ -->\n<title>GERAS \u017dMOGUS. \u012etaigus ir tikrovi\u0161kas psichologinis trileris apie tai, kaip lengvai bet kuris \u017emogus gali tapti pabaisa<\/title>\n<meta name=\"description\" content=\"Man pa\u010diam iki galo neai\u0161ku, kaip viskas \u012fvyko. Kartais atrodo, kad esu aplinkybi\u0173 auka. Kartais laikau save monstru. O da\u017eniausiai \u012fsivaizduoju save kaip\" \/>\n<meta name=\"robots\" content=\"index, follow, max-snippet:-1, max-image-preview:large, max-video-preview:-1\" \/>\n<link rel=\"canonical\" href=\"https:\/\/skaitytaknyga.lt\/en\/produktas\/geras-zmogus-itaigus-ir-tikroviskas-psichologinis-trileris-apie-tai-kaip-lengvai-bet-kuris-zmogus-gali-tapti-pabaisa\/\" \/>\n<meta property=\"og:locale\" content=\"en_GB\" \/>\n<meta property=\"og:locale:alternate\" content=\"lt_LT\" \/>\n<meta property=\"og:type\" content=\"article\" \/>\n<meta property=\"og:title\" content=\"GERAS \u017dMOGUS. \u012etaigus ir tikrovi\u0161kas psichologinis trileris apie tai, kaip lengvai bet kuris \u017emogus gali tapti pabaisa\" \/>\n<meta property=\"og:description\" content=\"Man pa\u010diam iki galo neai\u0161ku, kaip viskas \u012fvyko. Kartais atrodo, kad esu aplinkybi\u0173 auka. Kartais laikau save monstru. O da\u017eniausiai \u012fsivaizduoju save kaip\" \/>\n<meta property=\"og:url\" content=\"https:\/\/skaitytaknyga.lt\/en\/produktas\/geras-zmogus-itaigus-ir-tikroviskas-psichologinis-trileris-apie-tai-kaip-lengvai-bet-kuris-zmogus-gali-tapti-pabaisa\/\" \/>\n<meta property=\"og:site_name\" content=\"Skaitytaknyga\" \/>\n<meta property=\"article:publisher\" content=\"https:\/\/www.facebook.com\/skaitytaknyga\/\" \/>\n<meta property=\"article:modified_time\" content=\"2026-03-05T11:01:19+00:00\" \/>\n<meta property=\"og:image\" content=\"https:\/\/skaitytaknyga.lt\/wp-content\/uploads\/2024\/08\/GERAS-ZMOGUS.-Itaigus-ir-tikroviskas-psichologinis-trileris-apie-tai-kaip-lengvai-bet-kuris-zmogus-gali-tapti-pabaisa.webp\" \/>\n\t<meta property=\"og:image:width\" content=\"417\" \/>\n\t<meta property=\"og:image:height\" content=\"621\" \/>\n\t<meta property=\"og:image:type\" content=\"image\/webp\" \/>\n<meta name=\"twitter:card\" content=\"summary_large_image\" \/>\n<meta name=\"twitter:label1\" content=\"Estimated reading time\" \/>\n\t<meta name=\"twitter:data1\" content=\"2 minutes\" \/>\n<script type=\"application\/ld+json\" class=\"yoast-schema-graph\">{\"@context\":\"https:\/\/schema.org\",\"@graph\":[{\"@type\":\"WebPage\",\"@id\":\"https:\/\/skaitytaknyga.lt\/produktas\/geras-zmogus-itaigus-ir-tikroviskas-psichologinis-trileris-apie-tai-kaip-lengvai-bet-kuris-zmogus-gali-tapti-pabaisa\/\",\"url\":\"https:\/\/skaitytaknyga.lt\/produktas\/geras-zmogus-itaigus-ir-tikroviskas-psichologinis-trileris-apie-tai-kaip-lengvai-bet-kuris-zmogus-gali-tapti-pabaisa\/\",\"name\":\"GERAS \u017dMOGUS. \u012etaigus ir tikrovi\u0161kas psichologinis trileris apie tai, kaip lengvai bet kuris \u017emogus gali tapti pabaisa\",\"isPartOf\":{\"@id\":\"https:\/\/skaitytaknyga.lt\/#website\"},\"primaryImageOfPage\":{\"@id\":\"https:\/\/skaitytaknyga.lt\/produktas\/geras-zmogus-itaigus-ir-tikroviskas-psichologinis-trileris-apie-tai-kaip-lengvai-bet-kuris-zmogus-gali-tapti-pabaisa\/#primaryimage\"},\"image\":{\"@id\":\"https:\/\/skaitytaknyga.lt\/produktas\/geras-zmogus-itaigus-ir-tikroviskas-psichologinis-trileris-apie-tai-kaip-lengvai-bet-kuris-zmogus-gali-tapti-pabaisa\/#primaryimage\"},\"thumbnailUrl\":\"https:\/\/skaitytaknyga.lt\/wp-content\/uploads\/2024\/08\/GERAS-ZMOGUS.-Itaigus-ir-tikroviskas-psichologinis-trileris-apie-tai-kaip-lengvai-bet-kuris-zmogus-gali-tapti-pabaisa.webp\",\"datePublished\":\"2024-08-25T12:20:51+00:00\",\"dateModified\":\"2026-03-05T11:01:19+00:00\",\"description\":\"Man pa\u010diam iki galo neai\u0161ku, kaip viskas \u012fvyko. Kartais atrodo, kad esu aplinkybi\u0173 auka. Kartais laikau save monstru. O da\u017eniausiai \u012fsivaizduoju save kaip\",\"breadcrumb\":{\"@id\":\"https:\/\/skaitytaknyga.lt\/produktas\/geras-zmogus-itaigus-ir-tikroviskas-psichologinis-trileris-apie-tai-kaip-lengvai-bet-kuris-zmogus-gali-tapti-pabaisa\/#breadcrumb\"},\"inLanguage\":\"en-GB\",\"potentialAction\":[{\"@type\":\"ReadAction\",\"target\":[\"https:\/\/skaitytaknyga.lt\/produktas\/geras-zmogus-itaigus-ir-tikroviskas-psichologinis-trileris-apie-tai-kaip-lengvai-bet-kuris-zmogus-gali-tapti-pabaisa\/\"]}]},{\"@type\":\"ImageObject\",\"inLanguage\":\"en-GB\",\"@id\":\"https:\/\/skaitytaknyga.lt\/produktas\/geras-zmogus-itaigus-ir-tikroviskas-psichologinis-trileris-apie-tai-kaip-lengvai-bet-kuris-zmogus-gali-tapti-pabaisa\/#primaryimage\",\"url\":\"https:\/\/skaitytaknyga.lt\/wp-content\/uploads\/2024\/08\/GERAS-ZMOGUS.-Itaigus-ir-tikroviskas-psichologinis-trileris-apie-tai-kaip-lengvai-bet-kuris-zmogus-gali-tapti-pabaisa.webp\",\"contentUrl\":\"https:\/\/skaitytaknyga.lt\/wp-content\/uploads\/2024\/08\/GERAS-ZMOGUS.-Itaigus-ir-tikroviskas-psichologinis-trileris-apie-tai-kaip-lengvai-bet-kuris-zmogus-gali-tapti-pabaisa.webp\",\"width\":417,\"height\":621,\"caption\":\"GERAS \u017dMOGUS. \u012etaigus ir tikrovi\u0161kas psichologinis trileris apie tai, kaip lengvai bet kuris \u017emogus gali tapti pabaisa\"},{\"@type\":\"BreadcrumbList\",\"@id\":\"https:\/\/skaitytaknyga.lt\/produktas\/geras-zmogus-itaigus-ir-tikroviskas-psichologinis-trileris-apie-tai-kaip-lengvai-bet-kuris-zmogus-gali-tapti-pabaisa\/#breadcrumb\",\"itemListElement\":[{\"@type\":\"ListItem\",\"position\":1,\"name\":\"Home\",\"item\":\"https:\/\/skaitytaknyga.lt\/\"},{\"@type\":\"ListItem\",\"position\":2,\"name\":\"Parduotuv\u0117\",\"item\":\"https:\/\/skaitytaknyga.lt\/knygu-parduotuve\/\"},{\"@type\":\"ListItem\",\"position\":3,\"name\":\"GERAS \u017dMOGUS. \u012etaigus ir tikrovi\u0161kas psichologinis trileris apie tai, kaip lengvai bet kuris \u017emogus gali tapti pabaisa\"}]},{\"@type\":\"WebSite\",\"@id\":\"https:\/\/skaitytaknyga.lt\/#website\",\"url\":\"https:\/\/skaitytaknyga.lt\/\",\"name\":\"skaitytaknyga.lt\",\"description\":\"Skaitytaknyga.lt \u2013 tai ma\u017eas \u0161eimos verslas, kuris prasid\u0117jo nuo meil\u0117s knygoms ir siekio i\u0161gelb\u0117ti knygas nuo likimo prie konteinerio. Kas vienam nereikalingas daiktas \u2013 kitam lobis, o mes esame tarpininkai, kurie padeda abiems tapti laimingesniems ???? \u017dinome kaip nelengva i\u0161gyventi ma\u017eiems verslams, tad nuo \u0161iol, \u010dia rasite ir kit\u0173, ma\u017e\u0173 \u0161eim\u0173 versl\u0173, rank\u0173 darbo, dovan\u0173 sau ir artimiesiems.\",\"publisher\":{\"@id\":\"https:\/\/skaitytaknyga.lt\/#organization\"},\"potentialAction\":[{\"@type\":\"SearchAction\",\"target\":{\"@type\":\"EntryPoint\",\"urlTemplate\":\"https:\/\/skaitytaknyga.lt\/?s={search_term_string}\"},\"query-input\":{\"@type\":\"PropertyValueSpecification\",\"valueRequired\":true,\"valueName\":\"search_term_string\"}}],\"inLanguage\":\"en-GB\"},{\"@type\":\"Organization\",\"@id\":\"https:\/\/skaitytaknyga.lt\/#organization\",\"name\":\"skaitytaknyga.lt\",\"url\":\"https:\/\/skaitytaknyga.lt\/\",\"logo\":{\"@type\":\"ImageObject\",\"inLanguage\":\"en-GB\",\"@id\":\"https:\/\/skaitytaknyga.lt\/#\/schema\/logo\/image\/\",\"url\":\"https:\/\/skaitytaknyga.lt\/wp-content\/uploads\/2024\/05\/cropped-cropped-cropped-02_00843_jt3bggkj1j3HLc7SyY6rEUpg.jpeg\",\"contentUrl\":\"https:\/\/skaitytaknyga.lt\/wp-content\/uploads\/2024\/05\/cropped-cropped-cropped-02_00843_jt3bggkj1j3HLc7SyY6rEUpg.jpeg\",\"width\":1600,\"height\":1600,\"caption\":\"skaitytaknyga.lt\"},\"image\":{\"@id\":\"https:\/\/skaitytaknyga.lt\/#\/schema\/logo\/image\/\"},\"sameAs\":[\"https:\/\/www.facebook.com\/skaitytaknyga\/\"]}]}<\/script>\n<!-- \/ Yoast SEO plugin. -->","yoast_head_json":{"title":"GERAS \u017dMOGUS. \u012etaigus ir tikrovi\u0161kas psichologinis trileris apie tai, kaip lengvai bet kuris \u017emogus gali tapti pabaisa","description":"Man pa\u010diam iki galo neai\u0161ku, kaip viskas \u012fvyko. Kartais atrodo, kad esu aplinkybi\u0173 auka. Kartais laikau save monstru. O da\u017eniausiai \u012fsivaizduoju save kaip","robots":{"index":"index","follow":"follow","max-snippet":"max-snippet:-1","max-image-preview":"max-image-preview:large","max-video-preview":"max-video-preview:-1"},"canonical":"https:\/\/skaitytaknyga.lt\/en\/produktas\/geras-zmogus-itaigus-ir-tikroviskas-psichologinis-trileris-apie-tai-kaip-lengvai-bet-kuris-zmogus-gali-tapti-pabaisa\/","og_locale":"en_GB","og_type":"article","og_title":"[:lt]GERAS \u017dMOGUS. \u012etaigus ir tikrovi\u0161kas psichologinis trileris apie tai, kaip lengvai bet kuris \u017emogus gali tapti pabaisa[:] - Skaitytaknyga","og_description":"Man pa\u010diam iki galo neai\u0161ku, kaip viskas \u012fvyko. Kartais atrodo, kad esu aplinkybi\u0173 auka. Kartais laikau save monstru. O da\u017eniausiai \u012fsivaizduoju save kaip","og_url":"https:\/\/skaitytaknyga.lt\/en\/produktas\/geras-zmogus-itaigus-ir-tikroviskas-psichologinis-trileris-apie-tai-kaip-lengvai-bet-kuris-zmogus-gali-tapti-pabaisa\/","og_site_name":"Skaitytaknyga","article_publisher":"https:\/\/www.facebook.com\/skaitytaknyga\/","article_modified_time":"2026-03-05T11:01:19+00:00","og_image":[{"width":417,"height":621,"url":"https:\/\/skaitytaknyga.lt\/wp-content\/uploads\/2024\/08\/GERAS-ZMOGUS.-Itaigus-ir-tikroviskas-psichologinis-trileris-apie-tai-kaip-lengvai-bet-kuris-zmogus-gali-tapti-pabaisa.webp","type":"image\/webp"}],"twitter_card":"summary_large_image","twitter_misc":{"Estimated reading time":"2 minutes"},"schema":{"@context":"https:\/\/schema.org","@graph":[{"@type":"WebPage","@id":"https:\/\/skaitytaknyga.lt\/produktas\/geras-zmogus-itaigus-ir-tikroviskas-psichologinis-trileris-apie-tai-kaip-lengvai-bet-kuris-zmogus-gali-tapti-pabaisa\/","url":"https:\/\/skaitytaknyga.lt\/produktas\/geras-zmogus-itaigus-ir-tikroviskas-psichologinis-trileris-apie-tai-kaip-lengvai-bet-kuris-zmogus-gali-tapti-pabaisa\/","name":"GERAS \u017dMOGUS. \u012etaigus ir tikrovi\u0161kas psichologinis trileris apie tai, kaip lengvai bet kuris \u017emogus gali tapti pabaisa","isPartOf":{"@id":"https:\/\/skaitytaknyga.lt\/#website"},"primaryImageOfPage":{"@id":"https:\/\/skaitytaknyga.lt\/produktas\/geras-zmogus-itaigus-ir-tikroviskas-psichologinis-trileris-apie-tai-kaip-lengvai-bet-kuris-zmogus-gali-tapti-pabaisa\/#primaryimage"},"image":{"@id":"https:\/\/skaitytaknyga.lt\/produktas\/geras-zmogus-itaigus-ir-tikroviskas-psichologinis-trileris-apie-tai-kaip-lengvai-bet-kuris-zmogus-gali-tapti-pabaisa\/#primaryimage"},"thumbnailUrl":"https:\/\/skaitytaknyga.lt\/wp-content\/uploads\/2024\/08\/GERAS-ZMOGUS.-Itaigus-ir-tikroviskas-psichologinis-trileris-apie-tai-kaip-lengvai-bet-kuris-zmogus-gali-tapti-pabaisa.webp","datePublished":"2024-08-25T12:20:51+00:00","dateModified":"2026-03-05T11:01:19+00:00","description":"Man pa\u010diam iki galo neai\u0161ku, kaip viskas \u012fvyko. Kartais atrodo, kad esu aplinkybi\u0173 auka. Kartais laikau save monstru. O da\u017eniausiai \u012fsivaizduoju save kaip","breadcrumb":{"@id":"https:\/\/skaitytaknyga.lt\/produktas\/geras-zmogus-itaigus-ir-tikroviskas-psichologinis-trileris-apie-tai-kaip-lengvai-bet-kuris-zmogus-gali-tapti-pabaisa\/#breadcrumb"},"inLanguage":"en-GB","potentialAction":[{"@type":"ReadAction","target":["https:\/\/skaitytaknyga.lt\/produktas\/geras-zmogus-itaigus-ir-tikroviskas-psichologinis-trileris-apie-tai-kaip-lengvai-bet-kuris-zmogus-gali-tapti-pabaisa\/"]}]},{"@type":"ImageObject","inLanguage":"en-GB","@id":"https:\/\/skaitytaknyga.lt\/produktas\/geras-zmogus-itaigus-ir-tikroviskas-psichologinis-trileris-apie-tai-kaip-lengvai-bet-kuris-zmogus-gali-tapti-pabaisa\/#primaryimage","url":"https:\/\/skaitytaknyga.lt\/wp-content\/uploads\/2024\/08\/GERAS-ZMOGUS.-Itaigus-ir-tikroviskas-psichologinis-trileris-apie-tai-kaip-lengvai-bet-kuris-zmogus-gali-tapti-pabaisa.webp","contentUrl":"https:\/\/skaitytaknyga.lt\/wp-content\/uploads\/2024\/08\/GERAS-ZMOGUS.-Itaigus-ir-tikroviskas-psichologinis-trileris-apie-tai-kaip-lengvai-bet-kuris-zmogus-gali-tapti-pabaisa.webp","width":417,"height":621,"caption":"GERAS \u017dMOGUS. \u012etaigus ir tikrovi\u0161kas psichologinis trileris apie tai, kaip lengvai bet kuris \u017emogus gali tapti pabaisa"},{"@type":"BreadcrumbList","@id":"https:\/\/skaitytaknyga.lt\/produktas\/geras-zmogus-itaigus-ir-tikroviskas-psichologinis-trileris-apie-tai-kaip-lengvai-bet-kuris-zmogus-gali-tapti-pabaisa\/#breadcrumb","itemListElement":[{"@type":"ListItem","position":1,"name":"Home","item":"https:\/\/skaitytaknyga.lt\/"},{"@type":"ListItem","position":2,"name":"Parduotuv\u0117","item":"https:\/\/skaitytaknyga.lt\/knygu-parduotuve\/"},{"@type":"ListItem","position":3,"name":"GERAS \u017dMOGUS. \u012etaigus ir tikrovi\u0161kas psichologinis trileris apie tai, kaip lengvai bet kuris \u017emogus gali tapti pabaisa"}]},{"@type":"WebSite","@id":"https:\/\/skaitytaknyga.lt\/#website","url":"https:\/\/skaitytaknyga.lt\/","name":"skaitytaknyga.lt","description":"Skaitytaknyga.lt \u2013 tai ma\u017eas \u0161eimos verslas, kuris prasid\u0117jo nuo meil\u0117s knygoms ir siekio i\u0161gelb\u0117ti knygas nuo likimo prie konteinerio. Kas vienam nereikalingas daiktas \u2013 kitam lobis, o mes esame tarpininkai, kurie padeda abiems tapti laimingesniems ???? \u017dinome kaip nelengva i\u0161gyventi ma\u017eiems verslams, tad nuo \u0161iol, \u010dia rasite ir kit\u0173, ma\u017e\u0173 \u0161eim\u0173 versl\u0173, rank\u0173 darbo, dovan\u0173 sau ir artimiesiems.","publisher":{"@id":"https:\/\/skaitytaknyga.lt\/#organization"},"potentialAction":[{"@type":"SearchAction","target":{"@type":"EntryPoint","urlTemplate":"https:\/\/skaitytaknyga.lt\/?s={search_term_string}"},"query-input":{"@type":"PropertyValueSpecification","valueRequired":true,"valueName":"search_term_string"}}],"inLanguage":"en-GB"},{"@type":"Organization","@id":"https:\/\/skaitytaknyga.lt\/#organization","name":"skaitytaknyga.lt","url":"https:\/\/skaitytaknyga.lt\/","logo":{"@type":"ImageObject","inLanguage":"en-GB","@id":"https:\/\/skaitytaknyga.lt\/#\/schema\/logo\/image\/","url":"https:\/\/skaitytaknyga.lt\/wp-content\/uploads\/2024\/05\/cropped-cropped-cropped-02_00843_jt3bggkj1j3HLc7SyY6rEUpg.jpeg","contentUrl":"https:\/\/skaitytaknyga.lt\/wp-content\/uploads\/2024\/05\/cropped-cropped-cropped-02_00843_jt3bggkj1j3HLc7SyY6rEUpg.jpeg","width":1600,"height":1600,"caption":"skaitytaknyga.lt"},"image":{"@id":"https:\/\/skaitytaknyga.lt\/#\/schema\/logo\/image\/"},"sameAs":["https:\/\/www.facebook.com\/skaitytaknyga\/"]}]}},"_links":{"self":[{"href":"https:\/\/skaitytaknyga.lt\/en\/wp-json\/wp\/v2\/product\/13584","targetHints":{"allow":["GET"]}}],"collection":[{"href":"https:\/\/skaitytaknyga.lt\/en\/wp-json\/wp\/v2\/product"}],"about":[{"href":"https:\/\/skaitytaknyga.lt\/en\/wp-json\/wp\/v2\/types\/product"}],"replies":[{"embeddable":true,"href":"https:\/\/skaitytaknyga.lt\/en\/wp-json\/wp\/v2\/comments?post=13584"}],"wp:featuredmedia":[{"embeddable":true,"href":"https:\/\/skaitytaknyga.lt\/en\/wp-json\/wp\/v2\/media\/13593"}],"wp:attachment":[{"href":"https:\/\/skaitytaknyga.lt\/en\/wp-json\/wp\/v2\/media?parent=13584"}],"wp:term":[{"taxonomy":"product_brand","embeddable":true,"href":"https:\/\/skaitytaknyga.lt\/en\/wp-json\/wp\/v2\/product_brand?post=13584"},{"taxonomy":"product_cat","embeddable":true,"href":"https:\/\/skaitytaknyga.lt\/en\/wp-json\/wp\/v2\/product_cat?post=13584"},{"taxonomy":"product_tag","embeddable":true,"href":"https:\/\/skaitytaknyga.lt\/en\/wp-json\/wp\/v2\/product_tag?post=13584"}],"curies":[{"name":"wp","href":"https:\/\/api.w.org\/{rel}","templated":true}]}}