{"id":13583,"date":"2024-08-25T15:17:50","date_gmt":"2024-08-25T12:17:50","guid":{"rendered":"https:\/\/skaitytaknyga.lt\/?post_type=product&#038;p=13583"},"modified":"2025-05-01T16:26:10","modified_gmt":"2025-05-01T13:26:10","slug":"chanel-n%cb%9a5-paslaptis-issami-garsiausiu-pasaulio-kvepalu-istorijatilar-j-mazzeo","status":"publish","type":"product","link":"https:\/\/skaitytaknyga.lt\/en\/produktas\/chanel-n%cb%9a5-paslaptis-issami-garsiausiu-pasaulio-kvepalu-istorijatilar-j-mazzeo\/","title":{"rendered":"CHANEL N\u02da5 paslaptis. I\u0161sami garsiausi\u0173 pasaulio kvepal\u0173 istorija"},"content":{"rendered":"<p>\u201eChanel N\u00b05 paslaptis\u201c \u2013 i\u0161samus ir stulbinamas Tilaros J. Mazzeo pasakojimas, \u012f\u017evelgiant daugiau nei sklandantys gandai apie tikr\u0105j\u0105 \u201eN\u00b05\u201c atsiradimo istorij\u0105, tapim\u0105 ikona ir nepaprast\u0105 s\u0117km\u0119. Mazzeo nukeliauja laiku ir \u012fsigilina \u012f talentingos, kontroversi\u0161kos bei gele\u017eine valia pasi\u017eymin\u010dios kvepal\u0173 verslinink\u0117s \u0161ird\u012f, \u012f Coco Chanel gyvenim\u0105.<\/p>\n<p>Skaitytojas i\u0161vysta ro\u017ei\u0173 plantacijas ir garsiuosius jazmin\u0173 laukus, kuriuose prasideda kvepal\u0173 kelias, v\u0117liau \u2013 laboratorijos ir valdybos pos\u0117d\u017ei\u0173 kabinetus, kuriuose aromatai ir seksas neatsiejami&#8230; Knygos autor\u0117 atveria duris ir \u012f \u201eChanel\u201c imperijos \u0161ird\u012f \u2013 31 Rue Cambon, pagrindin\u012f Coco Chanel kompanijos butik\u0105. Prie\u0161 \u0161e\u0161et\u0105 de\u0161imtme\u010di\u0173 \u010dia it sk\u0117riai supuol\u0117 amerikie\u010di\u0173 prekybos p\u0117stininkai, tro\u0161k\u0119 gauti ir savo \u0161alies merginoms parve\u017eti magi\u0161kojo eliksyro, \u012fk\u016bnijusio Pary\u017eiaus prabang\u0105 ir romantik\u0105.<\/p>\n<p>Smalsum\u0105 \u017eadinanti istorija ir kruop\u0161tus tyrimas&#8230; Ne\u012fprastas derinys ir viliojantis pasakojimas apie kvepalus, suliejan\u010dius men\u0105 ir jausmus su verslo \u017evilgesiu.<\/p>\n<ul class=\"about-product d-none d-xl-block mt-4\">\n<li><strong>Autorius:<\/strong>\u00a0Tilar J. Mazzeo<\/li>\n<li><strong>Leid\u0117jas:<\/strong>\u00a0\u0160arkos knygos<\/li>\n<li><strong>Metai:<\/strong>\u00a02012<\/li>\n<li><strong>Puslapiai:<\/strong>\u00a0312<\/li>\n<li><strong>ISBN:<\/strong>\u00a09789955918080<\/li>\n<li><strong>Versijos kodas:<\/strong>\u00a0PT.<\/li>\n<li><strong>Formatas:<\/strong>\u00a015 x 21,5 cm, kieti vir\u0161eliai<\/li>\n<li><strong>Kalba:<\/strong>\u00a0Lietuvi\u0173<\/li>\n<li><strong>Vert\u0117jas:<\/strong>\u00a0Aist\u0117 Kvedarait\u0117-Nichols<\/li>\n<\/ul>\n","protected":false},"excerpt":{"rendered":"<p>\u201eChanel N\u00b05 paslaptis\u201c \u2013 i\u0161samus ir stulbinamas Tilaros J. Mazzeo pasakojimas, \u012f\u017evelgiant daugiau nei sklandantys gandai apie tikr\u0105j\u0105 \u201eN\u00b05\u201c atsiradimo istorij\u0105, tapim\u0105 ikona ir nepaprast\u0105 s\u0117km\u0119. Mazzeo nukeliauja laiku ir \u012fsigilina \u012f talentingos, kontroversi\u0161kos bei gele\u017eine valia pasi\u017eymin\u010dios kvepal\u0173 verslinink\u0117s \u0161ird\u012f, \u012f Coco Chanel gyvenim\u0105. Skaitytojas i\u0161vysta ro\u017ei\u0173 plantacijas ir garsiuosius jazmin\u0173 laukus, kuriuose prasideda kvepal\u0173 kelias, v\u0117liau \u2013 laboratorijos ir valdybos pos\u0117d\u017ei\u0173 kabinetus, kuriuose aromatai ir seksas neatsiejami&#8230; Knygos autor\u0117 atveria duris ir \u012f \u201eChanel\u201c imperijos \u0161ird\u012f \u2013 31 Rue Cambon, pagrindin\u012f Coco Chanel kompanijos butik\u0105. Prie\u0161 \u0161e\u0161et\u0105 de\u0161imtme\u010di\u0173 \u010dia it sk\u0117riai supuol\u0117 amerikie\u010di\u0173 prekybos p\u0117stininkai, tro\u0161k\u0119 gauti ir savo \u0161alies merginoms parve\u017eti magi\u0161kojo eliksyro, \u012fk\u016bnijusio Pary\u017eiaus prabang\u0105 ir romantik\u0105. Smalsum\u0105 \u017eadinanti istorija ir kruop\u0161tus tyrimas&#8230; Ne\u012fprastas derinys ir viliojantis pasakojimas apie kvepalus, suliejan\u010dius men\u0105 ir jausmus su verslo \u017evilgesiu. Autorius:\u00a0Tilar J. Mazzeo Leid\u0117jas:\u00a0\u0160arkos knygos Metai:\u00a02012 Puslapiai:\u00a0312 ISBN:\u00a09789955918080 Versijos kodas:\u00a0PT. Formatas:\u00a015 x 21,5 cm, kieti vir\u0161eliai Kalba:\u00a0Lietuvi\u0173 Vert\u0117jas:\u00a0Aist\u0117 Kvedarait\u0117-Nichols<\/p>\n","protected":false},"featured_media":13594,"comment_status":"open","ping_status":"closed","template":"","meta":{"_acf_changed":false,"site-sidebar-layout":"default","site-content-layout":"","ast-site-content-layout":"default","site-content-style":"default","site-sidebar-style":"default","ast-global-header-display":"","ast-banner-title-visibility":"","ast-main-header-display":"","ast-hfb-above-header-display":"","ast-hfb-below-header-display":"","ast-hfb-mobile-header-display":"","site-post-title":"","ast-breadcrumbs-content":"","ast-featured-img":"","footer-sml-layout":"","ast-disable-related-posts":"","theme-transparent-header-meta":"default","adv-header-id-meta":"","stick-header-meta":"","header-above-stick-meta":"","header-main-stick-meta":"","header-below-stick-meta":"","astra-migrate-meta-layouts":"set","ast-page-background-enabled":"default","ast-page-background-meta":{"desktop":{"background-color":"","background-image":"","background-repeat":"repeat","background-position":"center center","background-size":"auto","background-attachment":"scroll","background-type":"","background-media":"","overlay-type":"","overlay-color":"","overlay-opacity":"","overlay-gradient":""},"tablet":{"background-color":"","background-image":"","background-repeat":"repeat","background-position":"center center","background-size":"auto","background-attachment":"scroll","background-type":"","background-media":"","overlay-type":"","overlay-color":"","overlay-opacity":"","overlay-gradient":""},"mobile":{"background-color":"","background-image":"","background-repeat":"repeat","background-position":"center center","background-size":"auto","background-attachment":"scroll","background-type":"","background-media":"","overlay-type":"","overlay-color":"","overlay-opacity":"","overlay-gradient":""}},"ast-content-background-meta":{"desktop":{"background-color":"var(--ast-global-color-4)","background-image":"","background-repeat":"repeat","background-position":"center center","background-size":"auto","background-attachment":"scroll","background-type":"","background-media":"","overlay-type":"","overlay-color":"","overlay-opacity":"","overlay-gradient":""},"tablet":{"background-color":"var(--ast-global-color-4)","background-image":"","background-repeat":"repeat","background-position":"center center","background-size":"auto","background-attachment":"scroll","background-type":"","background-media":"","overlay-type":"","overlay-color":"","overlay-opacity":"","overlay-gradient":""},"mobile":{"background-color":"var(--ast-global-color-4)","background-image":"","background-repeat":"repeat","background-position":"center center","background-size":"auto","background-attachment":"scroll","background-type":"","background-media":"","overlay-type":"","overlay-color":"","overlay-opacity":"","overlay-gradient":""}}},"product_brand":[],"product_cat":[33,15],"product_tag":[],"class_list":{"0":"post-13583","1":"product","2":"type-product","3":"status-publish","4":"has-post-thumbnail","6":"product_cat-biografijos","7":"product_cat-uncategorized","8":"desktop-align-left","9":"tablet-align-left","10":"mobile-align-left","12":"first","13":"outofstock","14":"shipping-taxable","15":"purchasable","16":"product-type-simple"},"acf":[],"yoast_head":"<!-- This site is optimized with the Yoast SEO plugin v27.0 - https:\/\/yoast.com\/product\/yoast-seo-wordpress\/ -->\n<title>CHANEL N\u02da5 paslaptis. I\u0161sami garsiausi\u0173 pasaulio kvepal\u0173 istorija<\/title>\n<meta name=\"description\" content=\"\u201eChanel N\u00b05 paslaptis\u201c \u2013 i\u0161samus ir stulbinamas Tilaros J. Mazzeo pasakojimas, \u012f\u017evelgiant daugiau nei sklandantys gandai apie tikr\u0105j\u0105 \u201eN\u00b05\u201c atsiradimo\" \/>\n<meta name=\"robots\" content=\"index, follow, max-snippet:-1, max-image-preview:large, max-video-preview:-1\" \/>\n<link rel=\"canonical\" href=\"https:\/\/skaitytaknyga.lt\/en\/produktas\/chanel-n\u02da5-paslaptis-issami-garsiausiu-pasaulio-kvepalu-istorijatilar-j-mazzeo\/\" \/>\n<meta property=\"og:locale\" content=\"en_GB\" \/>\n<meta property=\"og:locale:alternate\" content=\"lt_LT\" \/>\n<meta property=\"og:type\" content=\"article\" \/>\n<meta property=\"og:title\" content=\"CHANEL N\u02da5 paslaptis. I\u0161sami garsiausi\u0173 pasaulio kvepal\u0173 istorija\" \/>\n<meta property=\"og:description\" content=\"\u201eChanel N\u00b05 paslaptis\u201c \u2013 i\u0161samus ir stulbinamas Tilaros J. Mazzeo pasakojimas, \u012f\u017evelgiant daugiau nei sklandantys gandai apie tikr\u0105j\u0105 \u201eN\u00b05\u201c atsiradimo\" \/>\n<meta property=\"og:url\" content=\"https:\/\/skaitytaknyga.lt\/en\/produktas\/chanel-n\u02da5-paslaptis-issami-garsiausiu-pasaulio-kvepalu-istorijatilar-j-mazzeo\/\" \/>\n<meta property=\"og:site_name\" content=\"Skaitytaknyga\" \/>\n<meta property=\"article:publisher\" content=\"https:\/\/www.facebook.com\/skaitytaknyga\/\" \/>\n<meta property=\"article:modified_time\" content=\"2025-05-01T13:26:10+00:00\" \/>\n<meta property=\"og:image\" content=\"https:\/\/skaitytaknyga.lt\/wp-content\/uploads\/2024\/08\/CHANEL-N\u02da5-paslaptis.-Issami-garsiausiu-pasaulio-kvepalu-istorijaTilar-J.-Mazzeo.webp\" \/>\n\t<meta property=\"og:image:width\" content=\"436\" \/>\n\t<meta property=\"og:image:height\" content=\"633\" \/>\n\t<meta property=\"og:image:type\" content=\"image\/webp\" \/>\n<meta name=\"twitter:card\" content=\"summary_large_image\" \/>\n<meta name=\"twitter:label1\" content=\"Estimated reading time\" \/>\n\t<meta name=\"twitter:data1\" content=\"2 minutes\" \/>\n<script type=\"application\/ld+json\" class=\"yoast-schema-graph\">{\"@context\":\"https:\/\/schema.org\",\"@graph\":[{\"@type\":\"WebPage\",\"@id\":\"https:\/\/skaitytaknyga.lt\/produktas\/chanel-n%cb%9a5-paslaptis-issami-garsiausiu-pasaulio-kvepalu-istorijatilar-j-mazzeo\/\",\"url\":\"https:\/\/skaitytaknyga.lt\/produktas\/chanel-n%cb%9a5-paslaptis-issami-garsiausiu-pasaulio-kvepalu-istorijatilar-j-mazzeo\/\",\"name\":\"CHANEL N\u02da5 paslaptis. I\u0161sami garsiausi\u0173 pasaulio kvepal\u0173 istorija\",\"isPartOf\":{\"@id\":\"https:\/\/skaitytaknyga.lt\/#website\"},\"primaryImageOfPage\":{\"@id\":\"https:\/\/skaitytaknyga.lt\/produktas\/chanel-n%cb%9a5-paslaptis-issami-garsiausiu-pasaulio-kvepalu-istorijatilar-j-mazzeo\/#primaryimage\"},\"image\":{\"@id\":\"https:\/\/skaitytaknyga.lt\/produktas\/chanel-n%cb%9a5-paslaptis-issami-garsiausiu-pasaulio-kvepalu-istorijatilar-j-mazzeo\/#primaryimage\"},\"thumbnailUrl\":\"https:\/\/skaitytaknyga.lt\/wp-content\/uploads\/2024\/08\/CHANEL-N\u02da5-paslaptis.-Issami-garsiausiu-pasaulio-kvepalu-istorijaTilar-J.-Mazzeo.webp\",\"datePublished\":\"2024-08-25T12:17:50+00:00\",\"dateModified\":\"2025-05-01T13:26:10+00:00\",\"description\":\"\u201eChanel N\u00b05 paslaptis\u201c \u2013 i\u0161samus ir stulbinamas Tilaros J. Mazzeo pasakojimas, \u012f\u017evelgiant daugiau nei sklandantys gandai apie tikr\u0105j\u0105 \u201eN\u00b05\u201c atsiradimo\",\"breadcrumb\":{\"@id\":\"https:\/\/skaitytaknyga.lt\/produktas\/chanel-n%cb%9a5-paslaptis-issami-garsiausiu-pasaulio-kvepalu-istorijatilar-j-mazzeo\/#breadcrumb\"},\"inLanguage\":\"en-GB\",\"potentialAction\":[{\"@type\":\"ReadAction\",\"target\":[\"https:\/\/skaitytaknyga.lt\/produktas\/chanel-n%cb%9a5-paslaptis-issami-garsiausiu-pasaulio-kvepalu-istorijatilar-j-mazzeo\/\"]}]},{\"@type\":\"ImageObject\",\"inLanguage\":\"en-GB\",\"@id\":\"https:\/\/skaitytaknyga.lt\/produktas\/chanel-n%cb%9a5-paslaptis-issami-garsiausiu-pasaulio-kvepalu-istorijatilar-j-mazzeo\/#primaryimage\",\"url\":\"https:\/\/skaitytaknyga.lt\/wp-content\/uploads\/2024\/08\/CHANEL-N\u02da5-paslaptis.-Issami-garsiausiu-pasaulio-kvepalu-istorijaTilar-J.-Mazzeo.webp\",\"contentUrl\":\"https:\/\/skaitytaknyga.lt\/wp-content\/uploads\/2024\/08\/CHANEL-N\u02da5-paslaptis.-Issami-garsiausiu-pasaulio-kvepalu-istorijaTilar-J.-Mazzeo.webp\",\"width\":436,\"height\":633,\"caption\":\"CHANEL N\u02da5 paslaptis. I\u0161sami garsiausi\u0173 pasaulio kvepal\u0173 istorija Tilar J. Mazzeo\"},{\"@type\":\"BreadcrumbList\",\"@id\":\"https:\/\/skaitytaknyga.lt\/produktas\/chanel-n%cb%9a5-paslaptis-issami-garsiausiu-pasaulio-kvepalu-istorijatilar-j-mazzeo\/#breadcrumb\",\"itemListElement\":[{\"@type\":\"ListItem\",\"position\":1,\"name\":\"Home\",\"item\":\"https:\/\/skaitytaknyga.lt\/\"},{\"@type\":\"ListItem\",\"position\":2,\"name\":\"Parduotuv\u0117\",\"item\":\"https:\/\/skaitytaknyga.lt\/knygu-parduotuve\/\"},{\"@type\":\"ListItem\",\"position\":3,\"name\":\"CHANEL N\u02da5 paslaptis. I\u0161sami garsiausi\u0173 pasaulio kvepal\u0173 istorija\"}]},{\"@type\":\"WebSite\",\"@id\":\"https:\/\/skaitytaknyga.lt\/#website\",\"url\":\"https:\/\/skaitytaknyga.lt\/\",\"name\":\"skaitytaknyga.lt\",\"description\":\"Skaitytaknyga.lt \u2013 tai ma\u017eas \u0161eimos verslas, kuris prasid\u0117jo nuo meil\u0117s knygoms ir siekio i\u0161gelb\u0117ti knygas nuo likimo prie konteinerio. Kas vienam nereikalingas daiktas \u2013 kitam lobis, o mes esame tarpininkai, kurie padeda abiems tapti laimingesniems ???? \u017dinome kaip nelengva i\u0161gyventi ma\u017eiems verslams, tad nuo \u0161iol, \u010dia rasite ir kit\u0173, ma\u017e\u0173 \u0161eim\u0173 versl\u0173, rank\u0173 darbo, dovan\u0173 sau ir artimiesiems.\",\"publisher\":{\"@id\":\"https:\/\/skaitytaknyga.lt\/#organization\"},\"potentialAction\":[{\"@type\":\"SearchAction\",\"target\":{\"@type\":\"EntryPoint\",\"urlTemplate\":\"https:\/\/skaitytaknyga.lt\/?s={search_term_string}\"},\"query-input\":{\"@type\":\"PropertyValueSpecification\",\"valueRequired\":true,\"valueName\":\"search_term_string\"}}],\"inLanguage\":\"en-GB\"},{\"@type\":\"Organization\",\"@id\":\"https:\/\/skaitytaknyga.lt\/#organization\",\"name\":\"skaitytaknyga.lt\",\"url\":\"https:\/\/skaitytaknyga.lt\/\",\"logo\":{\"@type\":\"ImageObject\",\"inLanguage\":\"en-GB\",\"@id\":\"https:\/\/skaitytaknyga.lt\/#\/schema\/logo\/image\/\",\"url\":\"https:\/\/skaitytaknyga.lt\/wp-content\/uploads\/2024\/05\/cropped-cropped-cropped-02_00843_jt3bggkj1j3HLc7SyY6rEUpg.jpeg\",\"contentUrl\":\"https:\/\/skaitytaknyga.lt\/wp-content\/uploads\/2024\/05\/cropped-cropped-cropped-02_00843_jt3bggkj1j3HLc7SyY6rEUpg.jpeg\",\"width\":1600,\"height\":1600,\"caption\":\"skaitytaknyga.lt\"},\"image\":{\"@id\":\"https:\/\/skaitytaknyga.lt\/#\/schema\/logo\/image\/\"},\"sameAs\":[\"https:\/\/www.facebook.com\/skaitytaknyga\/\"]}]}<\/script>\n<!-- \/ Yoast SEO plugin. -->","yoast_head_json":{"title":"CHANEL N\u02da5 paslaptis. I\u0161sami garsiausi\u0173 pasaulio kvepal\u0173 istorija","description":"\u201eChanel N\u00b05 paslaptis\u201c \u2013 i\u0161samus ir stulbinamas Tilaros J. Mazzeo pasakojimas, \u012f\u017evelgiant daugiau nei sklandantys gandai apie tikr\u0105j\u0105 \u201eN\u00b05\u201c atsiradimo","robots":{"index":"index","follow":"follow","max-snippet":"max-snippet:-1","max-image-preview":"max-image-preview:large","max-video-preview":"max-video-preview:-1"},"canonical":"https:\/\/skaitytaknyga.lt\/en\/produktas\/chanel-n\u02da5-paslaptis-issami-garsiausiu-pasaulio-kvepalu-istorijatilar-j-mazzeo\/","og_locale":"en_GB","og_type":"article","og_title":"[:lt]CHANEL N\u02da5 paslaptis. I\u0161sami garsiausi\u0173 pasaulio kvepal\u0173 istorija[:] - Skaitytaknyga","og_description":"\u201eChanel N\u00b05 paslaptis\u201c \u2013 i\u0161samus ir stulbinamas Tilaros J. Mazzeo pasakojimas, \u012f\u017evelgiant daugiau nei sklandantys gandai apie tikr\u0105j\u0105 \u201eN\u00b05\u201c atsiradimo","og_url":"https:\/\/skaitytaknyga.lt\/en\/produktas\/chanel-n\u02da5-paslaptis-issami-garsiausiu-pasaulio-kvepalu-istorijatilar-j-mazzeo\/","og_site_name":"Skaitytaknyga","article_publisher":"https:\/\/www.facebook.com\/skaitytaknyga\/","article_modified_time":"2025-05-01T13:26:10+00:00","og_image":[{"width":436,"height":633,"url":"https:\/\/skaitytaknyga.lt\/wp-content\/uploads\/2024\/08\/CHANEL-N\u02da5-paslaptis.-Issami-garsiausiu-pasaulio-kvepalu-istorijaTilar-J.-Mazzeo.webp","type":"image\/webp"}],"twitter_card":"summary_large_image","twitter_misc":{"Estimated reading time":"2 minutes"},"schema":{"@context":"https:\/\/schema.org","@graph":[{"@type":"WebPage","@id":"https:\/\/skaitytaknyga.lt\/produktas\/chanel-n%cb%9a5-paslaptis-issami-garsiausiu-pasaulio-kvepalu-istorijatilar-j-mazzeo\/","url":"https:\/\/skaitytaknyga.lt\/produktas\/chanel-n%cb%9a5-paslaptis-issami-garsiausiu-pasaulio-kvepalu-istorijatilar-j-mazzeo\/","name":"CHANEL N\u02da5 paslaptis. I\u0161sami garsiausi\u0173 pasaulio kvepal\u0173 istorija","isPartOf":{"@id":"https:\/\/skaitytaknyga.lt\/#website"},"primaryImageOfPage":{"@id":"https:\/\/skaitytaknyga.lt\/produktas\/chanel-n%cb%9a5-paslaptis-issami-garsiausiu-pasaulio-kvepalu-istorijatilar-j-mazzeo\/#primaryimage"},"image":{"@id":"https:\/\/skaitytaknyga.lt\/produktas\/chanel-n%cb%9a5-paslaptis-issami-garsiausiu-pasaulio-kvepalu-istorijatilar-j-mazzeo\/#primaryimage"},"thumbnailUrl":"https:\/\/skaitytaknyga.lt\/wp-content\/uploads\/2024\/08\/CHANEL-N\u02da5-paslaptis.-Issami-garsiausiu-pasaulio-kvepalu-istorijaTilar-J.-Mazzeo.webp","datePublished":"2024-08-25T12:17:50+00:00","dateModified":"2025-05-01T13:26:10+00:00","description":"\u201eChanel N\u00b05 paslaptis\u201c \u2013 i\u0161samus ir stulbinamas Tilaros J. Mazzeo pasakojimas, \u012f\u017evelgiant daugiau nei sklandantys gandai apie tikr\u0105j\u0105 \u201eN\u00b05\u201c atsiradimo","breadcrumb":{"@id":"https:\/\/skaitytaknyga.lt\/produktas\/chanel-n%cb%9a5-paslaptis-issami-garsiausiu-pasaulio-kvepalu-istorijatilar-j-mazzeo\/#breadcrumb"},"inLanguage":"en-GB","potentialAction":[{"@type":"ReadAction","target":["https:\/\/skaitytaknyga.lt\/produktas\/chanel-n%cb%9a5-paslaptis-issami-garsiausiu-pasaulio-kvepalu-istorijatilar-j-mazzeo\/"]}]},{"@type":"ImageObject","inLanguage":"en-GB","@id":"https:\/\/skaitytaknyga.lt\/produktas\/chanel-n%cb%9a5-paslaptis-issami-garsiausiu-pasaulio-kvepalu-istorijatilar-j-mazzeo\/#primaryimage","url":"https:\/\/skaitytaknyga.lt\/wp-content\/uploads\/2024\/08\/CHANEL-N\u02da5-paslaptis.-Issami-garsiausiu-pasaulio-kvepalu-istorijaTilar-J.-Mazzeo.webp","contentUrl":"https:\/\/skaitytaknyga.lt\/wp-content\/uploads\/2024\/08\/CHANEL-N\u02da5-paslaptis.-Issami-garsiausiu-pasaulio-kvepalu-istorijaTilar-J.-Mazzeo.webp","width":436,"height":633,"caption":"CHANEL N\u02da5 paslaptis. I\u0161sami garsiausi\u0173 pasaulio kvepal\u0173 istorija Tilar J. Mazzeo"},{"@type":"BreadcrumbList","@id":"https:\/\/skaitytaknyga.lt\/produktas\/chanel-n%cb%9a5-paslaptis-issami-garsiausiu-pasaulio-kvepalu-istorijatilar-j-mazzeo\/#breadcrumb","itemListElement":[{"@type":"ListItem","position":1,"name":"Home","item":"https:\/\/skaitytaknyga.lt\/"},{"@type":"ListItem","position":2,"name":"Parduotuv\u0117","item":"https:\/\/skaitytaknyga.lt\/knygu-parduotuve\/"},{"@type":"ListItem","position":3,"name":"CHANEL N\u02da5 paslaptis. I\u0161sami garsiausi\u0173 pasaulio kvepal\u0173 istorija"}]},{"@type":"WebSite","@id":"https:\/\/skaitytaknyga.lt\/#website","url":"https:\/\/skaitytaknyga.lt\/","name":"skaitytaknyga.lt","description":"Skaitytaknyga.lt \u2013 tai ma\u017eas \u0161eimos verslas, kuris prasid\u0117jo nuo meil\u0117s knygoms ir siekio i\u0161gelb\u0117ti knygas nuo likimo prie konteinerio. Kas vienam nereikalingas daiktas \u2013 kitam lobis, o mes esame tarpininkai, kurie padeda abiems tapti laimingesniems ???? \u017dinome kaip nelengva i\u0161gyventi ma\u017eiems verslams, tad nuo \u0161iol, \u010dia rasite ir kit\u0173, ma\u017e\u0173 \u0161eim\u0173 versl\u0173, rank\u0173 darbo, dovan\u0173 sau ir artimiesiems.","publisher":{"@id":"https:\/\/skaitytaknyga.lt\/#organization"},"potentialAction":[{"@type":"SearchAction","target":{"@type":"EntryPoint","urlTemplate":"https:\/\/skaitytaknyga.lt\/?s={search_term_string}"},"query-input":{"@type":"PropertyValueSpecification","valueRequired":true,"valueName":"search_term_string"}}],"inLanguage":"en-GB"},{"@type":"Organization","@id":"https:\/\/skaitytaknyga.lt\/#organization","name":"skaitytaknyga.lt","url":"https:\/\/skaitytaknyga.lt\/","logo":{"@type":"ImageObject","inLanguage":"en-GB","@id":"https:\/\/skaitytaknyga.lt\/#\/schema\/logo\/image\/","url":"https:\/\/skaitytaknyga.lt\/wp-content\/uploads\/2024\/05\/cropped-cropped-cropped-02_00843_jt3bggkj1j3HLc7SyY6rEUpg.jpeg","contentUrl":"https:\/\/skaitytaknyga.lt\/wp-content\/uploads\/2024\/05\/cropped-cropped-cropped-02_00843_jt3bggkj1j3HLc7SyY6rEUpg.jpeg","width":1600,"height":1600,"caption":"skaitytaknyga.lt"},"image":{"@id":"https:\/\/skaitytaknyga.lt\/#\/schema\/logo\/image\/"},"sameAs":["https:\/\/www.facebook.com\/skaitytaknyga\/"]}]}},"_links":{"self":[{"href":"https:\/\/skaitytaknyga.lt\/en\/wp-json\/wp\/v2\/product\/13583","targetHints":{"allow":["GET"]}}],"collection":[{"href":"https:\/\/skaitytaknyga.lt\/en\/wp-json\/wp\/v2\/product"}],"about":[{"href":"https:\/\/skaitytaknyga.lt\/en\/wp-json\/wp\/v2\/types\/product"}],"replies":[{"embeddable":true,"href":"https:\/\/skaitytaknyga.lt\/en\/wp-json\/wp\/v2\/comments?post=13583"}],"wp:featuredmedia":[{"embeddable":true,"href":"https:\/\/skaitytaknyga.lt\/en\/wp-json\/wp\/v2\/media\/13594"}],"wp:attachment":[{"href":"https:\/\/skaitytaknyga.lt\/en\/wp-json\/wp\/v2\/media?parent=13583"}],"wp:term":[{"taxonomy":"product_brand","embeddable":true,"href":"https:\/\/skaitytaknyga.lt\/en\/wp-json\/wp\/v2\/product_brand?post=13583"},{"taxonomy":"product_cat","embeddable":true,"href":"https:\/\/skaitytaknyga.lt\/en\/wp-json\/wp\/v2\/product_cat?post=13583"},{"taxonomy":"product_tag","embeddable":true,"href":"https:\/\/skaitytaknyga.lt\/en\/wp-json\/wp\/v2\/product_tag?post=13583"}],"curies":[{"name":"wp","href":"https:\/\/api.w.org\/{rel}","templated":true}]}}