{"id":13577,"date":"2024-08-25T15:26:03","date_gmt":"2024-08-25T12:26:03","guid":{"rendered":"https:\/\/skaitytaknyga.lt\/?post_type=product&#038;p=13577"},"modified":"2025-09-20T19:18:05","modified_gmt":"2025-09-20T16:18:05","slug":"septyni-dvasiniai-jogos-desniai","status":"publish","type":"product","link":"https:\/\/skaitytaknyga.lt\/en\/produktas\/septyni-dvasiniai-jogos-desniai\/","title":{"rendered":"Saiva"},"content":{"rendered":"<p>Dingsta Saivos sesuo. Mergina nusprend\u017eia nes\u0117d\u0117ti rank\u0173 sud\u0117jusi \u2013 ji pati ie\u0161kos Ingos. Paskutin\u012f kart\u0105 j\u0105 mat\u0117 naktiniame klube, nepa\u017e\u012fstamo vyro gl\u0117byje.<\/p>\n<p>Pasikliaudama beveik vien nuojauta Saiva netrukus atsiduria pavojing\u0173 nusikalt\u0117li\u0173 draugijoje. Ji turi veikti greitai, be jokio plano, ta\u010diau panikuoti n\u0117ra laiko. Net supratusi, kad seser\u012f prekeiviai \u017emon\u0117mis grei\u010diausiai i\u0161ve\u017e\u0117 \u012f u\u017esien\u012f, Saiva stengiasi nepasiduoti paraly\u017eiuojan\u010diai baimei. Ta\u010diau n\u0117 nenumano, \u012f koki\u0173 \u012fvyki\u0173 s\u016bkur\u012f papuol\u0117.<\/p>\n<p>Kas gal\u0117t\u0173 patik\u0117ti, jog vienas i\u0161 nusikalt\u0117li\u0173, ma\u017eakalbis rimtuolis Ignas, surizikuos i\u0161tiesti jai pagalbos rank\u0105&#8230; ir \u012fsi\u017eiebs aistra?<\/p>\n<p>Puikiai skaitytoj\u0173 \u012fvertint\u0173 romantini\u0173 trileri\u0173 \u201eDvigubas \u017eaidimas\u201c ir \u201e\u0160viesa lange\u201c autor\u0117.<\/p>\n","protected":false},"excerpt":{"rendered":"<p>Dingsta Saivos sesuo. Mergina nusprend\u017eia nes\u0117d\u0117ti rank\u0173 sud\u0117jusi \u2013 ji pati ie\u0161kos Ingos. Paskutin\u012f kart\u0105 j\u0105 mat\u0117 naktiniame klube, nepa\u017e\u012fstamo vyro gl\u0117byje. Pasikliaudama beveik vien nuojauta Saiva netrukus atsiduria pavojing\u0173 nusikalt\u0117li\u0173 draugijoje. Ji turi veikti greitai, be jokio plano, ta\u010diau panikuoti n\u0117ra laiko. Net supratusi, kad seser\u012f prekeiviai \u017emon\u0117mis grei\u010diausiai i\u0161ve\u017e\u0117 \u012f u\u017esien\u012f, Saiva stengiasi nepasiduoti paraly\u017eiuojan\u010diai baimei. Ta\u010diau n\u0117 nenumano, \u012f koki\u0173 \u012fvyki\u0173 s\u016bkur\u012f papuol\u0117. Kas gal\u0117t\u0173 patik\u0117ti, jog vienas i\u0161 nusikalt\u0117li\u0173, ma\u017eakalbis rimtuolis Ignas, surizikuos i\u0161tiesti jai pagalbos rank\u0105&#8230; ir \u012fsi\u017eiebs aistra? Puikiai skaitytoj\u0173 \u012fvertint\u0173 romantini\u0173 trileri\u0173 \u201eDvigubas \u017eaidimas\u201c ir \u201e\u0160viesa lange\u201c autor\u0117.<\/p>\n","protected":false},"featured_media":20972,"comment_status":"open","ping_status":"closed","template":"","meta":{"_acf_changed":false,"site-sidebar-layout":"default","site-content-layout":"","ast-site-content-layout":"default","site-content-style":"default","site-sidebar-style":"default","ast-global-header-display":"","ast-banner-title-visibility":"","ast-main-header-display":"","ast-hfb-above-header-display":"","ast-hfb-below-header-display":"","ast-hfb-mobile-header-display":"","site-post-title":"","ast-breadcrumbs-content":"","ast-featured-img":"","footer-sml-layout":"","ast-disable-related-posts":"","theme-transparent-header-meta":"default","adv-header-id-meta":"","stick-header-meta":"","header-above-stick-meta":"","header-main-stick-meta":"","header-below-stick-meta":"","astra-migrate-meta-layouts":"set","ast-page-background-enabled":"default","ast-page-background-meta":{"desktop":{"background-color":"","background-image":"","background-repeat":"repeat","background-position":"center center","background-size":"auto","background-attachment":"scroll","background-type":"","background-media":"","overlay-type":"","overlay-color":"","overlay-opacity":"","overlay-gradient":""},"tablet":{"background-color":"","background-image":"","background-repeat":"repeat","background-position":"center center","background-size":"auto","background-attachment":"scroll","background-type":"","background-media":"","overlay-type":"","overlay-color":"","overlay-opacity":"","overlay-gradient":""},"mobile":{"background-color":"","background-image":"","background-repeat":"repeat","background-position":"center center","background-size":"auto","background-attachment":"scroll","background-type":"","background-media":"","overlay-type":"","overlay-color":"","overlay-opacity":"","overlay-gradient":""}},"ast-content-background-meta":{"desktop":{"background-color":"var(--ast-global-color-4)","background-image":"","background-repeat":"repeat","background-position":"center center","background-size":"auto","background-attachment":"scroll","background-type":"","background-media":"","overlay-type":"","overlay-color":"","overlay-opacity":"","overlay-gradient":""},"tablet":{"background-color":"var(--ast-global-color-4)","background-image":"","background-repeat":"repeat","background-position":"center center","background-size":"auto","background-attachment":"scroll","background-type":"","background-media":"","overlay-type":"","overlay-color":"","overlay-opacity":"","overlay-gradient":""},"mobile":{"background-color":"var(--ast-global-color-4)","background-image":"","background-repeat":"repeat","background-position":"center center","background-size":"auto","background-attachment":"scroll","background-type":"","background-media":"","overlay-type":"","overlay-color":"","overlay-opacity":"","overlay-gradient":""}}},"product_brand":[],"product_cat":[15],"product_tag":[],"class_list":{"0":"post-13577","1":"product","2":"type-product","3":"status-publish","4":"has-post-thumbnail","6":"product_cat-uncategorized","7":"desktop-align-left","8":"tablet-align-left","9":"mobile-align-left","11":"first","12":"instock","13":"shipping-taxable","14":"purchasable","15":"product-type-simple"},"acf":[],"yoast_head":"<!-- This site is optimized with the Yoast SEO plugin v27.0 - https:\/\/yoast.com\/product\/yoast-seo-wordpress\/ -->\n<title>Saiva<\/title>\n<meta name=\"description\" content=\"Dingsta Saivos sesuo. Mergina nusprend\u017eia nes\u0117d\u0117ti rank\u0173 sud\u0117jusi \u2013 ji pati ie\u0161kos Ingos. Paskutin\u012f kart\u0105 j\u0105 mat\u0117 naktiniame klube, nepa\u017e\u012fstamo vyro\" \/>\n<meta name=\"robots\" content=\"index, follow, max-snippet:-1, max-image-preview:large, max-video-preview:-1\" \/>\n<link rel=\"canonical\" href=\"https:\/\/skaitytaknyga.lt\/en\/produktas\/septyni-dvasiniai-jogos-desniai\/\" \/>\n<meta property=\"og:locale\" content=\"en_GB\" \/>\n<meta property=\"og:locale:alternate\" content=\"lt_LT\" \/>\n<meta property=\"og:type\" content=\"article\" \/>\n<meta property=\"og:title\" content=\"Saiva\" \/>\n<meta property=\"og:description\" content=\"Dingsta Saivos sesuo. Mergina nusprend\u017eia nes\u0117d\u0117ti rank\u0173 sud\u0117jusi \u2013 ji pati ie\u0161kos Ingos. Paskutin\u012f kart\u0105 j\u0105 mat\u0117 naktiniame klube, nepa\u017e\u012fstamo vyro\" \/>\n<meta property=\"og:url\" content=\"https:\/\/skaitytaknyga.lt\/en\/produktas\/septyni-dvasiniai-jogos-desniai\/\" \/>\n<meta property=\"og:site_name\" content=\"Skaitytaknyga\" \/>\n<meta property=\"article:publisher\" content=\"https:\/\/www.facebook.com\/skaitytaknyga\/\" \/>\n<meta property=\"article:modified_time\" content=\"2025-09-20T16:18:05+00:00\" \/>\n<meta property=\"og:image\" content=\"https:\/\/skaitytaknyga.lt\/wp-content\/uploads\/2025\/09\/Saiva-1-e1758385050773.webp\" \/>\n\t<meta property=\"og:image:width\" content=\"225\" \/>\n\t<meta property=\"og:image:height\" content=\"374\" \/>\n\t<meta property=\"og:image:type\" content=\"image\/webp\" \/>\n<meta name=\"twitter:card\" content=\"summary_large_image\" \/>\n<meta name=\"twitter:label1\" content=\"Estimated reading time\" \/>\n\t<meta name=\"twitter:data1\" content=\"1 minute\" \/>\n<script type=\"application\/ld+json\" class=\"yoast-schema-graph\">{\"@context\":\"https:\/\/schema.org\",\"@graph\":[{\"@type\":\"WebPage\",\"@id\":\"https:\/\/skaitytaknyga.lt\/produktas\/septyni-dvasiniai-jogos-desniai\/\",\"url\":\"https:\/\/skaitytaknyga.lt\/produktas\/septyni-dvasiniai-jogos-desniai\/\",\"name\":\"Saiva\",\"isPartOf\":{\"@id\":\"https:\/\/skaitytaknyga.lt\/#website\"},\"primaryImageOfPage\":{\"@id\":\"https:\/\/skaitytaknyga.lt\/produktas\/septyni-dvasiniai-jogos-desniai\/#primaryimage\"},\"image\":{\"@id\":\"https:\/\/skaitytaknyga.lt\/produktas\/septyni-dvasiniai-jogos-desniai\/#primaryimage\"},\"thumbnailUrl\":\"https:\/\/skaitytaknyga.lt\/wp-content\/uploads\/2025\/09\/Saiva-1-e1758385050773.webp\",\"datePublished\":\"2024-08-25T12:26:03+00:00\",\"dateModified\":\"2025-09-20T16:18:05+00:00\",\"description\":\"Dingsta Saivos sesuo. Mergina nusprend\u017eia nes\u0117d\u0117ti rank\u0173 sud\u0117jusi \u2013 ji pati ie\u0161kos Ingos. Paskutin\u012f kart\u0105 j\u0105 mat\u0117 naktiniame klube, nepa\u017e\u012fstamo vyro\",\"breadcrumb\":{\"@id\":\"https:\/\/skaitytaknyga.lt\/produktas\/septyni-dvasiniai-jogos-desniai\/#breadcrumb\"},\"inLanguage\":\"en-GB\",\"potentialAction\":[{\"@type\":\"ReadAction\",\"target\":[\"https:\/\/skaitytaknyga.lt\/produktas\/septyni-dvasiniai-jogos-desniai\/\"]}]},{\"@type\":\"ImageObject\",\"inLanguage\":\"en-GB\",\"@id\":\"https:\/\/skaitytaknyga.lt\/produktas\/septyni-dvasiniai-jogos-desniai\/#primaryimage\",\"url\":\"https:\/\/skaitytaknyga.lt\/wp-content\/uploads\/2025\/09\/Saiva-1-e1758385050773.webp\",\"contentUrl\":\"https:\/\/skaitytaknyga.lt\/wp-content\/uploads\/2025\/09\/Saiva-1-e1758385050773.webp\",\"width\":225,\"height\":374},{\"@type\":\"BreadcrumbList\",\"@id\":\"https:\/\/skaitytaknyga.lt\/produktas\/septyni-dvasiniai-jogos-desniai\/#breadcrumb\",\"itemListElement\":[{\"@type\":\"ListItem\",\"position\":1,\"name\":\"Home\",\"item\":\"https:\/\/skaitytaknyga.lt\/\"},{\"@type\":\"ListItem\",\"position\":2,\"name\":\"Parduotuv\u0117\",\"item\":\"https:\/\/skaitytaknyga.lt\/knygu-parduotuve\/\"},{\"@type\":\"ListItem\",\"position\":3,\"name\":\"Saiva\"}]},{\"@type\":\"WebSite\",\"@id\":\"https:\/\/skaitytaknyga.lt\/#website\",\"url\":\"https:\/\/skaitytaknyga.lt\/\",\"name\":\"skaitytaknyga.lt\",\"description\":\"Skaitytaknyga.lt \u2013 tai ma\u017eas \u0161eimos verslas, kuris prasid\u0117jo nuo meil\u0117s knygoms ir siekio i\u0161gelb\u0117ti knygas nuo likimo prie konteinerio. Kas vienam nereikalingas daiktas \u2013 kitam lobis, o mes esame tarpininkai, kurie padeda abiems tapti laimingesniems ???? \u017dinome kaip nelengva i\u0161gyventi ma\u017eiems verslams, tad nuo \u0161iol, \u010dia rasite ir kit\u0173, ma\u017e\u0173 \u0161eim\u0173 versl\u0173, rank\u0173 darbo, dovan\u0173 sau ir artimiesiems.\",\"publisher\":{\"@id\":\"https:\/\/skaitytaknyga.lt\/#organization\"},\"potentialAction\":[{\"@type\":\"SearchAction\",\"target\":{\"@type\":\"EntryPoint\",\"urlTemplate\":\"https:\/\/skaitytaknyga.lt\/?s={search_term_string}\"},\"query-input\":{\"@type\":\"PropertyValueSpecification\",\"valueRequired\":true,\"valueName\":\"search_term_string\"}}],\"inLanguage\":\"en-GB\"},{\"@type\":\"Organization\",\"@id\":\"https:\/\/skaitytaknyga.lt\/#organization\",\"name\":\"skaitytaknyga.lt\",\"url\":\"https:\/\/skaitytaknyga.lt\/\",\"logo\":{\"@type\":\"ImageObject\",\"inLanguage\":\"en-GB\",\"@id\":\"https:\/\/skaitytaknyga.lt\/#\/schema\/logo\/image\/\",\"url\":\"https:\/\/skaitytaknyga.lt\/wp-content\/uploads\/2024\/05\/cropped-cropped-cropped-02_00843_jt3bggkj1j3HLc7SyY6rEUpg.jpeg\",\"contentUrl\":\"https:\/\/skaitytaknyga.lt\/wp-content\/uploads\/2024\/05\/cropped-cropped-cropped-02_00843_jt3bggkj1j3HLc7SyY6rEUpg.jpeg\",\"width\":1600,\"height\":1600,\"caption\":\"skaitytaknyga.lt\"},\"image\":{\"@id\":\"https:\/\/skaitytaknyga.lt\/#\/schema\/logo\/image\/\"},\"sameAs\":[\"https:\/\/www.facebook.com\/skaitytaknyga\/\"]}]}<\/script>\n<!-- \/ Yoast SEO plugin. -->","yoast_head_json":{"title":"Saiva","description":"Dingsta Saivos sesuo. Mergina nusprend\u017eia nes\u0117d\u0117ti rank\u0173 sud\u0117jusi \u2013 ji pati ie\u0161kos Ingos. Paskutin\u012f kart\u0105 j\u0105 mat\u0117 naktiniame klube, nepa\u017e\u012fstamo vyro","robots":{"index":"index","follow":"follow","max-snippet":"max-snippet:-1","max-image-preview":"max-image-preview:large","max-video-preview":"max-video-preview:-1"},"canonical":"https:\/\/skaitytaknyga.lt\/en\/produktas\/septyni-dvasiniai-jogos-desniai\/","og_locale":"en_GB","og_type":"article","og_title":"[:lt]Saiva[:] - Skaitytaknyga","og_description":"Dingsta Saivos sesuo. Mergina nusprend\u017eia nes\u0117d\u0117ti rank\u0173 sud\u0117jusi \u2013 ji pati ie\u0161kos Ingos. Paskutin\u012f kart\u0105 j\u0105 mat\u0117 naktiniame klube, nepa\u017e\u012fstamo vyro","og_url":"https:\/\/skaitytaknyga.lt\/en\/produktas\/septyni-dvasiniai-jogos-desniai\/","og_site_name":"Skaitytaknyga","article_publisher":"https:\/\/www.facebook.com\/skaitytaknyga\/","article_modified_time":"2025-09-20T16:18:05+00:00","og_image":[{"width":225,"height":374,"url":"https:\/\/skaitytaknyga.lt\/wp-content\/uploads\/2025\/09\/Saiva-1-e1758385050773.webp","type":"image\/webp"}],"twitter_card":"summary_large_image","twitter_misc":{"Estimated reading time":"1 minute"},"schema":{"@context":"https:\/\/schema.org","@graph":[{"@type":"WebPage","@id":"https:\/\/skaitytaknyga.lt\/produktas\/septyni-dvasiniai-jogos-desniai\/","url":"https:\/\/skaitytaknyga.lt\/produktas\/septyni-dvasiniai-jogos-desniai\/","name":"Saiva","isPartOf":{"@id":"https:\/\/skaitytaknyga.lt\/#website"},"primaryImageOfPage":{"@id":"https:\/\/skaitytaknyga.lt\/produktas\/septyni-dvasiniai-jogos-desniai\/#primaryimage"},"image":{"@id":"https:\/\/skaitytaknyga.lt\/produktas\/septyni-dvasiniai-jogos-desniai\/#primaryimage"},"thumbnailUrl":"https:\/\/skaitytaknyga.lt\/wp-content\/uploads\/2025\/09\/Saiva-1-e1758385050773.webp","datePublished":"2024-08-25T12:26:03+00:00","dateModified":"2025-09-20T16:18:05+00:00","description":"Dingsta Saivos sesuo. Mergina nusprend\u017eia nes\u0117d\u0117ti rank\u0173 sud\u0117jusi \u2013 ji pati ie\u0161kos Ingos. Paskutin\u012f kart\u0105 j\u0105 mat\u0117 naktiniame klube, nepa\u017e\u012fstamo vyro","breadcrumb":{"@id":"https:\/\/skaitytaknyga.lt\/produktas\/septyni-dvasiniai-jogos-desniai\/#breadcrumb"},"inLanguage":"en-GB","potentialAction":[{"@type":"ReadAction","target":["https:\/\/skaitytaknyga.lt\/produktas\/septyni-dvasiniai-jogos-desniai\/"]}]},{"@type":"ImageObject","inLanguage":"en-GB","@id":"https:\/\/skaitytaknyga.lt\/produktas\/septyni-dvasiniai-jogos-desniai\/#primaryimage","url":"https:\/\/skaitytaknyga.lt\/wp-content\/uploads\/2025\/09\/Saiva-1-e1758385050773.webp","contentUrl":"https:\/\/skaitytaknyga.lt\/wp-content\/uploads\/2025\/09\/Saiva-1-e1758385050773.webp","width":225,"height":374},{"@type":"BreadcrumbList","@id":"https:\/\/skaitytaknyga.lt\/produktas\/septyni-dvasiniai-jogos-desniai\/#breadcrumb","itemListElement":[{"@type":"ListItem","position":1,"name":"Home","item":"https:\/\/skaitytaknyga.lt\/"},{"@type":"ListItem","position":2,"name":"Parduotuv\u0117","item":"https:\/\/skaitytaknyga.lt\/knygu-parduotuve\/"},{"@type":"ListItem","position":3,"name":"Saiva"}]},{"@type":"WebSite","@id":"https:\/\/skaitytaknyga.lt\/#website","url":"https:\/\/skaitytaknyga.lt\/","name":"skaitytaknyga.lt","description":"Skaitytaknyga.lt \u2013 tai ma\u017eas \u0161eimos verslas, kuris prasid\u0117jo nuo meil\u0117s knygoms ir siekio i\u0161gelb\u0117ti knygas nuo likimo prie konteinerio. Kas vienam nereikalingas daiktas \u2013 kitam lobis, o mes esame tarpininkai, kurie padeda abiems tapti laimingesniems ???? \u017dinome kaip nelengva i\u0161gyventi ma\u017eiems verslams, tad nuo \u0161iol, \u010dia rasite ir kit\u0173, ma\u017e\u0173 \u0161eim\u0173 versl\u0173, rank\u0173 darbo, dovan\u0173 sau ir artimiesiems.","publisher":{"@id":"https:\/\/skaitytaknyga.lt\/#organization"},"potentialAction":[{"@type":"SearchAction","target":{"@type":"EntryPoint","urlTemplate":"https:\/\/skaitytaknyga.lt\/?s={search_term_string}"},"query-input":{"@type":"PropertyValueSpecification","valueRequired":true,"valueName":"search_term_string"}}],"inLanguage":"en-GB"},{"@type":"Organization","@id":"https:\/\/skaitytaknyga.lt\/#organization","name":"skaitytaknyga.lt","url":"https:\/\/skaitytaknyga.lt\/","logo":{"@type":"ImageObject","inLanguage":"en-GB","@id":"https:\/\/skaitytaknyga.lt\/#\/schema\/logo\/image\/","url":"https:\/\/skaitytaknyga.lt\/wp-content\/uploads\/2024\/05\/cropped-cropped-cropped-02_00843_jt3bggkj1j3HLc7SyY6rEUpg.jpeg","contentUrl":"https:\/\/skaitytaknyga.lt\/wp-content\/uploads\/2024\/05\/cropped-cropped-cropped-02_00843_jt3bggkj1j3HLc7SyY6rEUpg.jpeg","width":1600,"height":1600,"caption":"skaitytaknyga.lt"},"image":{"@id":"https:\/\/skaitytaknyga.lt\/#\/schema\/logo\/image\/"},"sameAs":["https:\/\/www.facebook.com\/skaitytaknyga\/"]}]}},"_links":{"self":[{"href":"https:\/\/skaitytaknyga.lt\/en\/wp-json\/wp\/v2\/product\/13577","targetHints":{"allow":["GET"]}}],"collection":[{"href":"https:\/\/skaitytaknyga.lt\/en\/wp-json\/wp\/v2\/product"}],"about":[{"href":"https:\/\/skaitytaknyga.lt\/en\/wp-json\/wp\/v2\/types\/product"}],"replies":[{"embeddable":true,"href":"https:\/\/skaitytaknyga.lt\/en\/wp-json\/wp\/v2\/comments?post=13577"}],"wp:featuredmedia":[{"embeddable":true,"href":"https:\/\/skaitytaknyga.lt\/en\/wp-json\/wp\/v2\/media\/20972"}],"wp:attachment":[{"href":"https:\/\/skaitytaknyga.lt\/en\/wp-json\/wp\/v2\/media?parent=13577"}],"wp:term":[{"taxonomy":"product_brand","embeddable":true,"href":"https:\/\/skaitytaknyga.lt\/en\/wp-json\/wp\/v2\/product_brand?post=13577"},{"taxonomy":"product_cat","embeddable":true,"href":"https:\/\/skaitytaknyga.lt\/en\/wp-json\/wp\/v2\/product_cat?post=13577"},{"taxonomy":"product_tag","embeddable":true,"href":"https:\/\/skaitytaknyga.lt\/en\/wp-json\/wp\/v2\/product_tag?post=13577"}],"curies":[{"name":"wp","href":"https:\/\/api.w.org\/{rel}","templated":true}]}}