{"id":13564,"date":"2024-08-25T13:54:43","date_gmt":"2024-08-25T10:54:43","guid":{"rendered":"https:\/\/skaitytaknyga.lt\/?post_type=product&#038;p=13564"},"modified":"2024-08-25T13:58:32","modified_gmt":"2024-08-25T10:58:32","slug":"zemaiciu-kriksto-kelio-vadovas","status":"publish","type":"product","link":"https:\/\/skaitytaknyga.lt\/en\/produktas\/zemaiciu-kriksto-kelio-vadovas\/","title":{"rendered":"\u017demai\u010di\u0173 krik\u0161to kelio vadovas"},"content":{"rendered":"<p>Prie\u0161 600 met\u0173, 1413 m. Lietuvos didysis kunigaik\u0161tis Vytautas Aleksandras ir Lenkijos karalius Jogaila Vladislovas, lydimi kunig\u0173, s\u0117do Kaune \u012f laiv\u0105, plaukdami Nemunu ir Dubysa, pasiek\u0117 \u017demaitij\u0105 ir prad\u0117jo \u017eemai\u010di\u0173 krik\u0161t\u0105.<\/p>\n<p>Su \u0161iuo mons. Rimanto Gudlinkio parengtu kelioni\u0173 vadovu kvie\u010diu \u0161iais, Jubiliejiniais \u017demai\u010di\u0173 krik\u0161to metais, keliauti Vytauto ir Jogailos keliais, raginu tapti piligrimais, kad geriau pa\u017eintume save, Ba\u017eny\u010di\u0105 ir savo gimt\u0105j\u012f kra\u0161t\u0105, kad sutiktume gyv\u0105j\u012f Diev\u0105 ir \u012ftik\u0117tume, kaip kadaise \u012f J\u012f \u012ftik\u0117jo m\u016bs\u0173 prot\u0117viai, \u012ftik\u0117jo ir tuo tik\u0117jimu gyveno, j\u012f liudijo taip, kad sve\u010di\u0173 \u0161ali\u0173 keliautojai \u017demaitij\u0105 pavadino \u0161venta.<\/p>\n<p>\u0160is mons. Rimanto Gudlinkio parengtas kelioni\u0173 apra\u0161ymas prasideda nuo Kauno arkikatedros bazilikos ir baigiasi svarbiausia Tel\u0161i\u0173 vyskupijos piligrimine vieta \u017demai\u010di\u0173 Kalvarija. Piligrimas, perskait\u0119s \u0161\u012f kelioni\u0173 apra\u0161ym\u0105, gali susidaryti savo kelioni\u0173 mar\u0161rut\u0105, priklausomai nuo interes\u0173 ir turimo laiko. Nor\u0117\u010diau i\u0161skirti svarbesnius kelion\u0117s punktus: Kaunas, Veliuona, Ariogala, G\u0117luvos piliakalnis (Birutkalnis), \u0160iluva, Tytuv\u0117nai, \u0160atrijos piliakalnis, Luok\u0117, Varniai, Tel\u0161iai, Als\u0117d\u017eiai, \u017demai\u010di\u0173 Kalvarija.<\/p>\n<p>Tegu \u0161is trumpas kelioni\u0173 vadovas \u017demaitijos krik\u0161to keliais paskatina \u0161iais jubiliejiniais metais \u017eemai\u010dius, lietuvius ir sve\u010dius keliauti ir atrasti savo \u0161vent\u0105j\u0105 \u017demaitij\u0105.<\/p>\n","protected":false},"excerpt":{"rendered":"<p>Prie\u0161 600 met\u0173, 1413 m. Lietuvos didysis kunigaik\u0161tis Vytautas Aleksandras ir Lenkijos karalius Jogaila Vladislovas, lydimi kunig\u0173, s\u0117do Kaune \u012f laiv\u0105, plaukdami Nemunu ir Dubysa, pasiek\u0117 \u017demaitij\u0105 ir prad\u0117jo \u017eemai\u010di\u0173 krik\u0161t\u0105. Su \u0161iuo mons. Rimanto Gudlinkio parengtu kelioni\u0173 vadovu kvie\u010diu \u0161iais, Jubiliejiniais \u017demai\u010di\u0173 krik\u0161to metais, keliauti Vytauto ir Jogailos keliais, raginu tapti piligrimais, kad geriau pa\u017eintume save, Ba\u017eny\u010di\u0105 ir savo gimt\u0105j\u012f kra\u0161t\u0105, kad sutiktume gyv\u0105j\u012f Diev\u0105 ir \u012ftik\u0117tume, kaip kadaise \u012f J\u012f \u012ftik\u0117jo m\u016bs\u0173 prot\u0117viai, \u012ftik\u0117jo ir tuo tik\u0117jimu gyveno, j\u012f liudijo taip, kad sve\u010di\u0173 \u0161ali\u0173 keliautojai \u017demaitij\u0105 pavadino \u0161venta. \u0160is mons. Rimanto Gudlinkio parengtas kelioni\u0173 apra\u0161ymas prasideda nuo Kauno arkikatedros bazilikos ir baigiasi svarbiausia Tel\u0161i\u0173 vyskupijos piligrimine vieta \u017demai\u010di\u0173 Kalvarija. Piligrimas, perskait\u0119s \u0161\u012f kelioni\u0173 apra\u0161ym\u0105, gali susidaryti savo kelioni\u0173 mar\u0161rut\u0105, priklausomai nuo interes\u0173 ir turimo laiko. Nor\u0117\u010diau i\u0161skirti svarbesnius kelion\u0117s punktus: Kaunas, Veliuona, Ariogala, G\u0117luvos piliakalnis (Birutkalnis), \u0160iluva, Tytuv\u0117nai, \u0160atrijos piliakalnis, Luok\u0117, Varniai, Tel\u0161iai, Als\u0117d\u017eiai, \u017demai\u010di\u0173 Kalvarija. Tegu \u0161is trumpas kelioni\u0173 vadovas \u017demaitijos krik\u0161to keliais paskatina \u0161iais jubiliejiniais metais \u017eemai\u010dius, lietuvius ir sve\u010dius keliauti ir atrasti savo \u0161vent\u0105j\u0105 \u017demaitij\u0105.<\/p>\n","protected":false},"featured_media":13576,"comment_status":"open","ping_status":"closed","template":"","meta":{"_acf_changed":false,"site-sidebar-layout":"default","site-content-layout":"","ast-site-content-layout":"default","site-content-style":"default","site-sidebar-style":"default","ast-global-header-display":"","ast-banner-title-visibility":"","ast-main-header-display":"","ast-hfb-above-header-display":"","ast-hfb-below-header-display":"","ast-hfb-mobile-header-display":"","site-post-title":"","ast-breadcrumbs-content":"","ast-featured-img":"","footer-sml-layout":"","ast-disable-related-posts":"","theme-transparent-header-meta":"default","adv-header-id-meta":"","stick-header-meta":"","header-above-stick-meta":"","header-main-stick-meta":"","header-below-stick-meta":"","astra-migrate-meta-layouts":"set","ast-page-background-enabled":"default","ast-page-background-meta":{"desktop":{"background-color":"","background-image":"","background-repeat":"repeat","background-position":"center center","background-size":"auto","background-attachment":"scroll","background-type":"","background-media":"","overlay-type":"","overlay-color":"","overlay-opacity":"","overlay-gradient":""},"tablet":{"background-color":"","background-image":"","background-repeat":"repeat","background-position":"center center","background-size":"auto","background-attachment":"scroll","background-type":"","background-media":"","overlay-type":"","overlay-color":"","overlay-opacity":"","overlay-gradient":""},"mobile":{"background-color":"","background-image":"","background-repeat":"repeat","background-position":"center center","background-size":"auto","background-attachment":"scroll","background-type":"","background-media":"","overlay-type":"","overlay-color":"","overlay-opacity":"","overlay-gradient":""}},"ast-content-background-meta":{"desktop":{"background-color":"var(--ast-global-color-4)","background-image":"","background-repeat":"repeat","background-position":"center center","background-size":"auto","background-attachment":"scroll","background-type":"","background-media":"","overlay-type":"","overlay-color":"","overlay-opacity":"","overlay-gradient":""},"tablet":{"background-color":"var(--ast-global-color-4)","background-image":"","background-repeat":"repeat","background-position":"center center","background-size":"auto","background-attachment":"scroll","background-type":"","background-media":"","overlay-type":"","overlay-color":"","overlay-opacity":"","overlay-gradient":""},"mobile":{"background-color":"var(--ast-global-color-4)","background-image":"","background-repeat":"repeat","background-position":"center center","background-size":"auto","background-attachment":"scroll","background-type":"","background-media":"","overlay-type":"","overlay-color":"","overlay-opacity":"","overlay-gradient":""}}},"product_brand":[],"product_cat":[15,165],"product_tag":[],"class_list":{"0":"post-13564","1":"product","2":"type-product","3":"status-publish","4":"has-post-thumbnail","6":"product_cat-uncategorized","7":"product_cat-religija-filosofija-ir-ezoterika","8":"desktop-align-left","9":"tablet-align-left","10":"mobile-align-left","12":"first","13":"instock","14":"shipping-taxable","15":"purchasable","16":"product-type-simple"},"acf":[],"yoast_head":"<!-- This site is optimized with the Yoast SEO plugin v27.0 - https:\/\/yoast.com\/product\/yoast-seo-wordpress\/ -->\n<title>\u017demai\u010di\u0173 krik\u0161to kelio vadovas<\/title>\n<meta name=\"description\" content=\"Prie\u0161 600 met\u0173, 1413 m. Lietuvos didysis kunigaik\u0161tis Vytautas Aleksandras ir Lenkijos karalius Jogaila Vladislovas, lydimi kunig\u0173, s\u0117do Kaune \u012f laiv\u0105,\" \/>\n<meta name=\"robots\" content=\"index, follow, max-snippet:-1, max-image-preview:large, max-video-preview:-1\" \/>\n<link rel=\"canonical\" href=\"https:\/\/skaitytaknyga.lt\/en\/produktas\/zemaiciu-kriksto-kelio-vadovas\/\" \/>\n<meta property=\"og:locale\" content=\"en_GB\" \/>\n<meta property=\"og:locale:alternate\" content=\"lt_LT\" \/>\n<meta property=\"og:type\" content=\"article\" \/>\n<meta property=\"og:title\" content=\"\u017demai\u010di\u0173 krik\u0161to kelio vadovas\" \/>\n<meta property=\"og:description\" content=\"Prie\u0161 600 met\u0173, 1413 m. Lietuvos didysis kunigaik\u0161tis Vytautas Aleksandras ir Lenkijos karalius Jogaila Vladislovas, lydimi kunig\u0173, s\u0117do Kaune \u012f laiv\u0105,\" \/>\n<meta property=\"og:url\" content=\"https:\/\/skaitytaknyga.lt\/en\/produktas\/zemaiciu-kriksto-kelio-vadovas\/\" \/>\n<meta property=\"og:site_name\" content=\"Skaitytaknyga\" \/>\n<meta property=\"article:publisher\" content=\"https:\/\/www.facebook.com\/skaitytaknyga\/\" \/>\n<meta property=\"article:modified_time\" content=\"2024-08-25T10:58:32+00:00\" \/>\n<meta property=\"og:image\" content=\"https:\/\/skaitytaknyga.lt\/wp-content\/uploads\/2024\/08\/d.png\" \/>\n\t<meta property=\"og:image:width\" content=\"226\" \/>\n\t<meta property=\"og:image:height\" content=\"310\" \/>\n\t<meta property=\"og:image:type\" content=\"image\/png\" \/>\n<meta name=\"twitter:card\" content=\"summary_large_image\" \/>\n<meta name=\"twitter:label1\" content=\"Estimated reading time\" \/>\n\t<meta name=\"twitter:data1\" content=\"2 minutes\" \/>\n<script type=\"application\/ld+json\" class=\"yoast-schema-graph\">{\"@context\":\"https:\/\/schema.org\",\"@graph\":[{\"@type\":\"WebPage\",\"@id\":\"https:\/\/skaitytaknyga.lt\/produktas\/zemaiciu-kriksto-kelio-vadovas\/\",\"url\":\"https:\/\/skaitytaknyga.lt\/produktas\/zemaiciu-kriksto-kelio-vadovas\/\",\"name\":\"\u017demai\u010di\u0173 krik\u0161to kelio vadovas\",\"isPartOf\":{\"@id\":\"https:\/\/skaitytaknyga.lt\/#website\"},\"primaryImageOfPage\":{\"@id\":\"https:\/\/skaitytaknyga.lt\/produktas\/zemaiciu-kriksto-kelio-vadovas\/#primaryimage\"},\"image\":{\"@id\":\"https:\/\/skaitytaknyga.lt\/produktas\/zemaiciu-kriksto-kelio-vadovas\/#primaryimage\"},\"thumbnailUrl\":\"https:\/\/skaitytaknyga.lt\/wp-content\/uploads\/2024\/08\/d.png\",\"datePublished\":\"2024-08-25T10:54:43+00:00\",\"dateModified\":\"2024-08-25T10:58:32+00:00\",\"description\":\"Prie\u0161 600 met\u0173, 1413 m. Lietuvos didysis kunigaik\u0161tis Vytautas Aleksandras ir Lenkijos karalius Jogaila Vladislovas, lydimi kunig\u0173, s\u0117do Kaune \u012f laiv\u0105,\",\"breadcrumb\":{\"@id\":\"https:\/\/skaitytaknyga.lt\/produktas\/zemaiciu-kriksto-kelio-vadovas\/#breadcrumb\"},\"inLanguage\":\"en-GB\",\"potentialAction\":[{\"@type\":\"ReadAction\",\"target\":[\"https:\/\/skaitytaknyga.lt\/produktas\/zemaiciu-kriksto-kelio-vadovas\/\"]}]},{\"@type\":\"ImageObject\",\"inLanguage\":\"en-GB\",\"@id\":\"https:\/\/skaitytaknyga.lt\/produktas\/zemaiciu-kriksto-kelio-vadovas\/#primaryimage\",\"url\":\"https:\/\/skaitytaknyga.lt\/wp-content\/uploads\/2024\/08\/d.png\",\"contentUrl\":\"https:\/\/skaitytaknyga.lt\/wp-content\/uploads\/2024\/08\/d.png\",\"width\":226,\"height\":310,\"caption\":\"\u017demai\u010di\u0173 krik\u0161to kelio vadovas\"},{\"@type\":\"BreadcrumbList\",\"@id\":\"https:\/\/skaitytaknyga.lt\/produktas\/zemaiciu-kriksto-kelio-vadovas\/#breadcrumb\",\"itemListElement\":[{\"@type\":\"ListItem\",\"position\":1,\"name\":\"Home\",\"item\":\"https:\/\/skaitytaknyga.lt\/\"},{\"@type\":\"ListItem\",\"position\":2,\"name\":\"Parduotuv\u0117\",\"item\":\"https:\/\/skaitytaknyga.lt\/knygu-parduotuve\/\"},{\"@type\":\"ListItem\",\"position\":3,\"name\":\"\u017demai\u010di\u0173 krik\u0161to kelio vadovas\"}]},{\"@type\":\"WebSite\",\"@id\":\"https:\/\/skaitytaknyga.lt\/#website\",\"url\":\"https:\/\/skaitytaknyga.lt\/\",\"name\":\"skaitytaknyga.lt\",\"description\":\"Skaitytaknyga.lt \u2013 tai ma\u017eas \u0161eimos verslas, kuris prasid\u0117jo nuo meil\u0117s knygoms ir siekio i\u0161gelb\u0117ti knygas nuo likimo prie konteinerio. Kas vienam nereikalingas daiktas \u2013 kitam lobis, o mes esame tarpininkai, kurie padeda abiems tapti laimingesniems ???? \u017dinome kaip nelengva i\u0161gyventi ma\u017eiems verslams, tad nuo \u0161iol, \u010dia rasite ir kit\u0173, ma\u017e\u0173 \u0161eim\u0173 versl\u0173, rank\u0173 darbo, dovan\u0173 sau ir artimiesiems.\",\"publisher\":{\"@id\":\"https:\/\/skaitytaknyga.lt\/#organization\"},\"potentialAction\":[{\"@type\":\"SearchAction\",\"target\":{\"@type\":\"EntryPoint\",\"urlTemplate\":\"https:\/\/skaitytaknyga.lt\/?s={search_term_string}\"},\"query-input\":{\"@type\":\"PropertyValueSpecification\",\"valueRequired\":true,\"valueName\":\"search_term_string\"}}],\"inLanguage\":\"en-GB\"},{\"@type\":\"Organization\",\"@id\":\"https:\/\/skaitytaknyga.lt\/#organization\",\"name\":\"skaitytaknyga.lt\",\"url\":\"https:\/\/skaitytaknyga.lt\/\",\"logo\":{\"@type\":\"ImageObject\",\"inLanguage\":\"en-GB\",\"@id\":\"https:\/\/skaitytaknyga.lt\/#\/schema\/logo\/image\/\",\"url\":\"https:\/\/skaitytaknyga.lt\/wp-content\/uploads\/2024\/05\/cropped-cropped-cropped-02_00843_jt3bggkj1j3HLc7SyY6rEUpg.jpeg\",\"contentUrl\":\"https:\/\/skaitytaknyga.lt\/wp-content\/uploads\/2024\/05\/cropped-cropped-cropped-02_00843_jt3bggkj1j3HLc7SyY6rEUpg.jpeg\",\"width\":1600,\"height\":1600,\"caption\":\"skaitytaknyga.lt\"},\"image\":{\"@id\":\"https:\/\/skaitytaknyga.lt\/#\/schema\/logo\/image\/\"},\"sameAs\":[\"https:\/\/www.facebook.com\/skaitytaknyga\/\"]}]}<\/script>\n<!-- \/ Yoast SEO plugin. -->","yoast_head_json":{"title":"\u017demai\u010di\u0173 krik\u0161to kelio vadovas","description":"Prie\u0161 600 met\u0173, 1413 m. Lietuvos didysis kunigaik\u0161tis Vytautas Aleksandras ir Lenkijos karalius Jogaila Vladislovas, lydimi kunig\u0173, s\u0117do Kaune \u012f laiv\u0105,","robots":{"index":"index","follow":"follow","max-snippet":"max-snippet:-1","max-image-preview":"max-image-preview:large","max-video-preview":"max-video-preview:-1"},"canonical":"https:\/\/skaitytaknyga.lt\/en\/produktas\/zemaiciu-kriksto-kelio-vadovas\/","og_locale":"en_GB","og_type":"article","og_title":"[:lt]\u017demai\u010di\u0173 krik\u0161to kelio vadovas[:] - Skaitytaknyga","og_description":"Prie\u0161 600 met\u0173, 1413 m. Lietuvos didysis kunigaik\u0161tis Vytautas Aleksandras ir Lenkijos karalius Jogaila Vladislovas, lydimi kunig\u0173, s\u0117do Kaune \u012f laiv\u0105,","og_url":"https:\/\/skaitytaknyga.lt\/en\/produktas\/zemaiciu-kriksto-kelio-vadovas\/","og_site_name":"Skaitytaknyga","article_publisher":"https:\/\/www.facebook.com\/skaitytaknyga\/","article_modified_time":"2024-08-25T10:58:32+00:00","og_image":[{"width":226,"height":310,"url":"https:\/\/skaitytaknyga.lt\/wp-content\/uploads\/2024\/08\/d.png","type":"image\/png"}],"twitter_card":"summary_large_image","twitter_misc":{"Estimated reading time":"2 minutes"},"schema":{"@context":"https:\/\/schema.org","@graph":[{"@type":"WebPage","@id":"https:\/\/skaitytaknyga.lt\/produktas\/zemaiciu-kriksto-kelio-vadovas\/","url":"https:\/\/skaitytaknyga.lt\/produktas\/zemaiciu-kriksto-kelio-vadovas\/","name":"\u017demai\u010di\u0173 krik\u0161to kelio vadovas","isPartOf":{"@id":"https:\/\/skaitytaknyga.lt\/#website"},"primaryImageOfPage":{"@id":"https:\/\/skaitytaknyga.lt\/produktas\/zemaiciu-kriksto-kelio-vadovas\/#primaryimage"},"image":{"@id":"https:\/\/skaitytaknyga.lt\/produktas\/zemaiciu-kriksto-kelio-vadovas\/#primaryimage"},"thumbnailUrl":"https:\/\/skaitytaknyga.lt\/wp-content\/uploads\/2024\/08\/d.png","datePublished":"2024-08-25T10:54:43+00:00","dateModified":"2024-08-25T10:58:32+00:00","description":"Prie\u0161 600 met\u0173, 1413 m. Lietuvos didysis kunigaik\u0161tis Vytautas Aleksandras ir Lenkijos karalius Jogaila Vladislovas, lydimi kunig\u0173, s\u0117do Kaune \u012f laiv\u0105,","breadcrumb":{"@id":"https:\/\/skaitytaknyga.lt\/produktas\/zemaiciu-kriksto-kelio-vadovas\/#breadcrumb"},"inLanguage":"en-GB","potentialAction":[{"@type":"ReadAction","target":["https:\/\/skaitytaknyga.lt\/produktas\/zemaiciu-kriksto-kelio-vadovas\/"]}]},{"@type":"ImageObject","inLanguage":"en-GB","@id":"https:\/\/skaitytaknyga.lt\/produktas\/zemaiciu-kriksto-kelio-vadovas\/#primaryimage","url":"https:\/\/skaitytaknyga.lt\/wp-content\/uploads\/2024\/08\/d.png","contentUrl":"https:\/\/skaitytaknyga.lt\/wp-content\/uploads\/2024\/08\/d.png","width":226,"height":310,"caption":"\u017demai\u010di\u0173 krik\u0161to kelio vadovas"},{"@type":"BreadcrumbList","@id":"https:\/\/skaitytaknyga.lt\/produktas\/zemaiciu-kriksto-kelio-vadovas\/#breadcrumb","itemListElement":[{"@type":"ListItem","position":1,"name":"Home","item":"https:\/\/skaitytaknyga.lt\/"},{"@type":"ListItem","position":2,"name":"Parduotuv\u0117","item":"https:\/\/skaitytaknyga.lt\/knygu-parduotuve\/"},{"@type":"ListItem","position":3,"name":"\u017demai\u010di\u0173 krik\u0161to kelio vadovas"}]},{"@type":"WebSite","@id":"https:\/\/skaitytaknyga.lt\/#website","url":"https:\/\/skaitytaknyga.lt\/","name":"skaitytaknyga.lt","description":"Skaitytaknyga.lt \u2013 tai ma\u017eas \u0161eimos verslas, kuris prasid\u0117jo nuo meil\u0117s knygoms ir siekio i\u0161gelb\u0117ti knygas nuo likimo prie konteinerio. Kas vienam nereikalingas daiktas \u2013 kitam lobis, o mes esame tarpininkai, kurie padeda abiems tapti laimingesniems ???? \u017dinome kaip nelengva i\u0161gyventi ma\u017eiems verslams, tad nuo \u0161iol, \u010dia rasite ir kit\u0173, ma\u017e\u0173 \u0161eim\u0173 versl\u0173, rank\u0173 darbo, dovan\u0173 sau ir artimiesiems.","publisher":{"@id":"https:\/\/skaitytaknyga.lt\/#organization"},"potentialAction":[{"@type":"SearchAction","target":{"@type":"EntryPoint","urlTemplate":"https:\/\/skaitytaknyga.lt\/?s={search_term_string}"},"query-input":{"@type":"PropertyValueSpecification","valueRequired":true,"valueName":"search_term_string"}}],"inLanguage":"en-GB"},{"@type":"Organization","@id":"https:\/\/skaitytaknyga.lt\/#organization","name":"skaitytaknyga.lt","url":"https:\/\/skaitytaknyga.lt\/","logo":{"@type":"ImageObject","inLanguage":"en-GB","@id":"https:\/\/skaitytaknyga.lt\/#\/schema\/logo\/image\/","url":"https:\/\/skaitytaknyga.lt\/wp-content\/uploads\/2024\/05\/cropped-cropped-cropped-02_00843_jt3bggkj1j3HLc7SyY6rEUpg.jpeg","contentUrl":"https:\/\/skaitytaknyga.lt\/wp-content\/uploads\/2024\/05\/cropped-cropped-cropped-02_00843_jt3bggkj1j3HLc7SyY6rEUpg.jpeg","width":1600,"height":1600,"caption":"skaitytaknyga.lt"},"image":{"@id":"https:\/\/skaitytaknyga.lt\/#\/schema\/logo\/image\/"},"sameAs":["https:\/\/www.facebook.com\/skaitytaknyga\/"]}]}},"_links":{"self":[{"href":"https:\/\/skaitytaknyga.lt\/en\/wp-json\/wp\/v2\/product\/13564","targetHints":{"allow":["GET"]}}],"collection":[{"href":"https:\/\/skaitytaknyga.lt\/en\/wp-json\/wp\/v2\/product"}],"about":[{"href":"https:\/\/skaitytaknyga.lt\/en\/wp-json\/wp\/v2\/types\/product"}],"replies":[{"embeddable":true,"href":"https:\/\/skaitytaknyga.lt\/en\/wp-json\/wp\/v2\/comments?post=13564"}],"wp:featuredmedia":[{"embeddable":true,"href":"https:\/\/skaitytaknyga.lt\/en\/wp-json\/wp\/v2\/media\/13576"}],"wp:attachment":[{"href":"https:\/\/skaitytaknyga.lt\/en\/wp-json\/wp\/v2\/media?parent=13564"}],"wp:term":[{"taxonomy":"product_brand","embeddable":true,"href":"https:\/\/skaitytaknyga.lt\/en\/wp-json\/wp\/v2\/product_brand?post=13564"},{"taxonomy":"product_cat","embeddable":true,"href":"https:\/\/skaitytaknyga.lt\/en\/wp-json\/wp\/v2\/product_cat?post=13564"},{"taxonomy":"product_tag","embeddable":true,"href":"https:\/\/skaitytaknyga.lt\/en\/wp-json\/wp\/v2\/product_tag?post=13564"}],"curies":[{"name":"wp","href":"https:\/\/api.w.org\/{rel}","templated":true}]}}