{"id":13563,"date":"2024-08-25T13:54:43","date_gmt":"2024-08-25T10:54:43","guid":{"rendered":"https:\/\/skaitytaknyga.lt\/?post_type=product&#038;p=13563"},"modified":"2024-08-25T13:57:54","modified_gmt":"2024-08-25T10:57:54","slug":"nicolas-barreau-paryzius-visada-gera-mintis","status":"publish","type":"product","link":"https:\/\/skaitytaknyga.lt\/en\/produktas\/nicolas-barreau-paryzius-visada-gera-mintis\/","title":{"rendered":"Nicolas Barreau \u201ePary\u017eius visada gera mintis\u201c"},"content":{"rendered":"<p>Ma\u017ea atviruk\u0173 krautuv\u0117l\u0117 Pary\u017eiuje&#8230; \u017davus amerikietis&#8230; Romanti\u0161ka meil\u0117s istorija&#8230;<\/p>\n<p>Rozali yra nedidel\u0117s atviruk\u0173 krautuv\u0117l\u0117s Sen \u017dermene savinink\u0117. U\u017edariusi krautuv\u0117l\u0119, ji iki v\u0117lumos pie\u0161ia sveikinimus tiems, kurie dar tiki ranka ra\u0161ytais \u017eod\u017eiais. Kiekvien\u0105 gimtadien\u012f mergina nusipie\u0161davo atviruk\u0105 ir sau. Tuomet eidavo prie Eifelio bok\u0161to, kur paleisdavo \u012f or\u0105 sau skirtus link\u0117jimus. Ji u\u017emerkdavo akis ir \u012fsivaizduodavo, kaip pildosi jos noras. D\u0117ja, iki \u0161iol n\u0117 vienas nei\u0161sipild\u0117&#8230;<\/p>\n<p>Staiga viskas pasikei\u010dia, kai netik\u0117tai \u012f krautuv\u0117l\u0119 u\u017esuk\u0119s pagyven\u0119s vyri\u0161kis nuver\u010dia atviruk\u0173 stov\u0105. Per vis\u0105 mai\u0161at\u012f mergina ne i\u0161 karto atpa\u017e\u012fsta gars\u0173 vaiki\u0161k\u0173 knyg\u0173 autori\u0173 Maks\u0105 Mar\u0161\u0117. Jam pasi\u016blius iliustruoti nauj\u0105 pasak\u0105 \u201eM\u0117lynasis tigras\u201c Rozali mielai sutinka. Puik\u016bs \u012fvertinimai glosto merginos \u0161ird\u012f, tad knyg\u0105 i\u0161sistatyti vitrinoje kaip savo darbo \u012fvertinim\u0105 atrodo puiki mintis.<\/p>\n<p>Ta\u010diau vien\u0105 dien\u0105 \u201eM\u0117lynasis tigras\u201c patraukia pro \u0161al\u012f einan\u010dio \u017eavaus nepa\u017e\u012fstamojo d\u0117mes\u012f. U\u017esuk\u0119s ap\u017ei\u016br\u0117ti knygos vyras negali patik\u0117ti, jog ka\u017ekas pavog\u0117 jo istorij\u0105. Jis toks susijaudin\u0119s ir \u012fsiaudrin\u0119s, kad atviruk\u0173 stovas apvirsta dar kart\u0105, ir Rozali belieka laukti, k\u0105 \u0161\u012f kart\u0105 i\u0161kr\u0117s likimas.<\/p>\n<ul class=\"about-product d-none d-xl-block mt-4\">\n<li><strong>Originalus pavadinimas:<\/strong>\u00a0Paris ist immer eine gute Idee<\/li>\n<li><strong>Autorius:<\/strong>\u00a0Nicolas Barreau<\/li>\n<li><strong>Leid\u0117jas:<\/strong>\u00a0Sofoklis<\/li>\n<li><strong>Metai:<\/strong>\u00a02015<\/li>\n<li><strong>Puslapiai:<\/strong>\u00a0304<\/li>\n<li><strong>ISBN:<\/strong>\u00a09786094441523<\/li>\n<li><strong>Versijos kodas:<\/strong>\u00a0PT.<\/li>\n<li><strong>Formatas:<\/strong>\u00a014,5 x 21,5 cm, kieti vir\u0161eliai<\/li>\n<li><strong>Kalba:<\/strong>\u00a0Lietuvi\u0173<\/li>\n<li><strong>Vert\u0117jas:<\/strong>\u00a0Lina \u017dukauskait\u0117<\/li>\n<\/ul>\n","protected":false},"excerpt":{"rendered":"<p>Ma\u017ea atviruk\u0173 krautuv\u0117l\u0117 Pary\u017eiuje&#8230; \u017davus amerikietis&#8230; Romanti\u0161ka meil\u0117s istorija&#8230; Rozali yra nedidel\u0117s atviruk\u0173 krautuv\u0117l\u0117s Sen \u017dermene savinink\u0117. U\u017edariusi krautuv\u0117l\u0119, ji iki v\u0117lumos pie\u0161ia sveikinimus tiems, kurie dar tiki ranka ra\u0161ytais \u017eod\u017eiais. Kiekvien\u0105 gimtadien\u012f mergina nusipie\u0161davo atviruk\u0105 ir sau. Tuomet eidavo prie Eifelio bok\u0161to, kur paleisdavo \u012f or\u0105 sau skirtus link\u0117jimus. Ji u\u017emerkdavo akis ir \u012fsivaizduodavo, kaip pildosi jos noras. D\u0117ja, iki \u0161iol n\u0117 vienas nei\u0161sipild\u0117&#8230; Staiga viskas pasikei\u010dia, kai netik\u0117tai \u012f krautuv\u0117l\u0119 u\u017esuk\u0119s pagyven\u0119s vyri\u0161kis nuver\u010dia atviruk\u0173 stov\u0105. Per vis\u0105 mai\u0161at\u012f mergina ne i\u0161 karto atpa\u017e\u012fsta gars\u0173 vaiki\u0161k\u0173 knyg\u0173 autori\u0173 Maks\u0105 Mar\u0161\u0117. Jam pasi\u016blius iliustruoti nauj\u0105 pasak\u0105 \u201eM\u0117lynasis tigras\u201c Rozali mielai sutinka. Puik\u016bs \u012fvertinimai glosto merginos \u0161ird\u012f, tad knyg\u0105 i\u0161sistatyti vitrinoje kaip savo darbo \u012fvertinim\u0105 atrodo puiki mintis. Ta\u010diau vien\u0105 dien\u0105 \u201eM\u0117lynasis tigras\u201c patraukia pro \u0161al\u012f einan\u010dio \u017eavaus nepa\u017e\u012fstamojo d\u0117mes\u012f. U\u017esuk\u0119s ap\u017ei\u016br\u0117ti knygos vyras negali patik\u0117ti, jog ka\u017ekas pavog\u0117 jo istorij\u0105. Jis toks susijaudin\u0119s ir \u012fsiaudrin\u0119s, kad atviruk\u0173 stovas apvirsta dar kart\u0105, ir Rozali belieka laukti, k\u0105 \u0161\u012f kart\u0105 i\u0161kr\u0117s likimas. Originalus pavadinimas:\u00a0Paris ist immer eine gute Idee Autorius:\u00a0Nicolas Barreau Leid\u0117jas:\u00a0Sofoklis Metai:\u00a02015 Puslapiai:\u00a0304 ISBN:\u00a09786094441523 Versijos kodas:\u00a0PT. Formatas:\u00a014,5 x 21,5 cm, kieti vir\u0161eliai Kalba:\u00a0Lietuvi\u0173 Vert\u0117jas:\u00a0Lina \u017dukauskait\u0117<\/p>\n","protected":false},"featured_media":13566,"comment_status":"open","ping_status":"closed","template":"","meta":{"_acf_changed":false,"site-sidebar-layout":"default","site-content-layout":"","ast-site-content-layout":"default","site-content-style":"default","site-sidebar-style":"default","ast-global-header-display":"","ast-banner-title-visibility":"","ast-main-header-display":"","ast-hfb-above-header-display":"","ast-hfb-below-header-display":"","ast-hfb-mobile-header-display":"","site-post-title":"","ast-breadcrumbs-content":"","ast-featured-img":"","footer-sml-layout":"","ast-disable-related-posts":"","theme-transparent-header-meta":"default","adv-header-id-meta":"","stick-header-meta":"","header-above-stick-meta":"","header-main-stick-meta":"","header-below-stick-meta":"","astra-migrate-meta-layouts":"set","ast-page-background-enabled":"default","ast-page-background-meta":{"desktop":{"background-color":"","background-image":"","background-repeat":"repeat","background-position":"center center","background-size":"auto","background-attachment":"scroll","background-type":"","background-media":"","overlay-type":"","overlay-color":"","overlay-opacity":"","overlay-gradient":""},"tablet":{"background-color":"","background-image":"","background-repeat":"repeat","background-position":"center center","background-size":"auto","background-attachment":"scroll","background-type":"","background-media":"","overlay-type":"","overlay-color":"","overlay-opacity":"","overlay-gradient":""},"mobile":{"background-color":"","background-image":"","background-repeat":"repeat","background-position":"center center","background-size":"auto","background-attachment":"scroll","background-type":"","background-media":"","overlay-type":"","overlay-color":"","overlay-opacity":"","overlay-gradient":""}},"ast-content-background-meta":{"desktop":{"background-color":"var(--ast-global-color-4)","background-image":"","background-repeat":"repeat","background-position":"center center","background-size":"auto","background-attachment":"scroll","background-type":"","background-media":"","overlay-type":"","overlay-color":"","overlay-opacity":"","overlay-gradient":""},"tablet":{"background-color":"var(--ast-global-color-4)","background-image":"","background-repeat":"repeat","background-position":"center center","background-size":"auto","background-attachment":"scroll","background-type":"","background-media":"","overlay-type":"","overlay-color":"","overlay-opacity":"","overlay-gradient":""},"mobile":{"background-color":"var(--ast-global-color-4)","background-image":"","background-repeat":"repeat","background-position":"center center","background-size":"auto","background-attachment":"scroll","background-type":"","background-media":"","overlay-type":"","overlay-color":"","overlay-opacity":"","overlay-gradient":""}}},"product_brand":[],"product_cat":[31,15],"product_tag":[],"class_list":{"0":"post-13563","1":"product","2":"type-product","3":"status-publish","4":"has-post-thumbnail","6":"product_cat-grozine-literatura","7":"product_cat-uncategorized","8":"desktop-align-left","9":"tablet-align-left","10":"mobile-align-left","12":"first","13":"instock","14":"shipping-taxable","15":"purchasable","16":"product-type-simple"},"acf":[],"yoast_head":"<!-- This site is optimized with the Yoast SEO plugin v27.0 - https:\/\/yoast.com\/product\/yoast-seo-wordpress\/ -->\n<title>Nicolas Barreau \u201ePary\u017eius visada gera mintis\u201c<\/title>\n<meta name=\"description\" content=\"Ma\u017ea atviruk\u0173 krautuv\u0117l\u0117 Pary\u017eiuje... \u017davus amerikietis... Romanti\u0161ka meil\u0117s istorija... Rozali yra nedidel\u0117s atviruk\u0173 krautuv\u0117l\u0117s Sen \u017dermene savinink\u0117.\" \/>\n<meta name=\"robots\" content=\"index, follow, max-snippet:-1, max-image-preview:large, max-video-preview:-1\" \/>\n<link rel=\"canonical\" href=\"https:\/\/skaitytaknyga.lt\/en\/produktas\/nicolas-barreau-paryzius-visada-gera-mintis\/\" \/>\n<meta property=\"og:locale\" content=\"en_GB\" \/>\n<meta property=\"og:locale:alternate\" content=\"lt_LT\" \/>\n<meta property=\"og:type\" content=\"article\" \/>\n<meta property=\"og:title\" content=\"Nicolas Barreau \u201ePary\u017eius visada gera mintis\u201c\" \/>\n<meta property=\"og:description\" content=\"Ma\u017ea atviruk\u0173 krautuv\u0117l\u0117 Pary\u017eiuje... \u017davus amerikietis... Romanti\u0161ka meil\u0117s istorija... Rozali yra nedidel\u0117s atviruk\u0173 krautuv\u0117l\u0117s Sen \u017dermene savinink\u0117.\" \/>\n<meta property=\"og:url\" content=\"https:\/\/skaitytaknyga.lt\/en\/produktas\/nicolas-barreau-paryzius-visada-gera-mintis\/\" \/>\n<meta property=\"og:site_name\" content=\"Skaitytaknyga\" \/>\n<meta property=\"article:publisher\" content=\"https:\/\/www.facebook.com\/skaitytaknyga\/\" \/>\n<meta property=\"article:modified_time\" content=\"2024-08-25T10:57:54+00:00\" \/>\n<meta property=\"og:image\" content=\"https:\/\/skaitytaknyga.lt\/wp-content\/uploads\/2024\/08\/Paryzius-visada-gera-mintis.webp\" \/>\n\t<meta property=\"og:image:width\" content=\"533\" \/>\n\t<meta property=\"og:image:height\" content=\"800\" \/>\n\t<meta property=\"og:image:type\" content=\"image\/webp\" \/>\n<meta name=\"twitter:card\" content=\"summary_large_image\" \/>\n<meta name=\"twitter:label1\" content=\"Estimated reading time\" \/>\n\t<meta name=\"twitter:data1\" content=\"2 minutes\" \/>\n<script type=\"application\/ld+json\" class=\"yoast-schema-graph\">{\"@context\":\"https:\/\/schema.org\",\"@graph\":[{\"@type\":\"WebPage\",\"@id\":\"https:\/\/skaitytaknyga.lt\/produktas\/nicolas-barreau-paryzius-visada-gera-mintis\/\",\"url\":\"https:\/\/skaitytaknyga.lt\/produktas\/nicolas-barreau-paryzius-visada-gera-mintis\/\",\"name\":\"Nicolas Barreau \u201ePary\u017eius visada gera mintis\u201c\",\"isPartOf\":{\"@id\":\"https:\/\/skaitytaknyga.lt\/#website\"},\"primaryImageOfPage\":{\"@id\":\"https:\/\/skaitytaknyga.lt\/produktas\/nicolas-barreau-paryzius-visada-gera-mintis\/#primaryimage\"},\"image\":{\"@id\":\"https:\/\/skaitytaknyga.lt\/produktas\/nicolas-barreau-paryzius-visada-gera-mintis\/#primaryimage\"},\"thumbnailUrl\":\"https:\/\/skaitytaknyga.lt\/wp-content\/uploads\/2024\/08\/Paryzius-visada-gera-mintis.webp\",\"datePublished\":\"2024-08-25T10:54:43+00:00\",\"dateModified\":\"2024-08-25T10:57:54+00:00\",\"description\":\"Ma\u017ea atviruk\u0173 krautuv\u0117l\u0117 Pary\u017eiuje... \u017davus amerikietis... Romanti\u0161ka meil\u0117s istorija... Rozali yra nedidel\u0117s atviruk\u0173 krautuv\u0117l\u0117s Sen \u017dermene savinink\u0117.\",\"breadcrumb\":{\"@id\":\"https:\/\/skaitytaknyga.lt\/produktas\/nicolas-barreau-paryzius-visada-gera-mintis\/#breadcrumb\"},\"inLanguage\":\"en-GB\",\"potentialAction\":[{\"@type\":\"ReadAction\",\"target\":[\"https:\/\/skaitytaknyga.lt\/produktas\/nicolas-barreau-paryzius-visada-gera-mintis\/\"]}]},{\"@type\":\"ImageObject\",\"inLanguage\":\"en-GB\",\"@id\":\"https:\/\/skaitytaknyga.lt\/produktas\/nicolas-barreau-paryzius-visada-gera-mintis\/#primaryimage\",\"url\":\"https:\/\/skaitytaknyga.lt\/wp-content\/uploads\/2024\/08\/Paryzius-visada-gera-mintis.webp\",\"contentUrl\":\"https:\/\/skaitytaknyga.lt\/wp-content\/uploads\/2024\/08\/Paryzius-visada-gera-mintis.webp\",\"width\":533,\"height\":800,\"caption\":\"Pary\u017eius visada gera mintis\"},{\"@type\":\"BreadcrumbList\",\"@id\":\"https:\/\/skaitytaknyga.lt\/produktas\/nicolas-barreau-paryzius-visada-gera-mintis\/#breadcrumb\",\"itemListElement\":[{\"@type\":\"ListItem\",\"position\":1,\"name\":\"Home\",\"item\":\"https:\/\/skaitytaknyga.lt\/\"},{\"@type\":\"ListItem\",\"position\":2,\"name\":\"Parduotuv\u0117\",\"item\":\"https:\/\/skaitytaknyga.lt\/knygu-parduotuve\/\"},{\"@type\":\"ListItem\",\"position\":3,\"name\":\"Nicolas Barreau \u201ePary\u017eius visada gera mintis\u201c\"}]},{\"@type\":\"WebSite\",\"@id\":\"https:\/\/skaitytaknyga.lt\/#website\",\"url\":\"https:\/\/skaitytaknyga.lt\/\",\"name\":\"skaitytaknyga.lt\",\"description\":\"Skaitytaknyga.lt \u2013 tai ma\u017eas \u0161eimos verslas, kuris prasid\u0117jo nuo meil\u0117s knygoms ir siekio i\u0161gelb\u0117ti knygas nuo likimo prie konteinerio. Kas vienam nereikalingas daiktas \u2013 kitam lobis, o mes esame tarpininkai, kurie padeda abiems tapti laimingesniems ???? \u017dinome kaip nelengva i\u0161gyventi ma\u017eiems verslams, tad nuo \u0161iol, \u010dia rasite ir kit\u0173, ma\u017e\u0173 \u0161eim\u0173 versl\u0173, rank\u0173 darbo, dovan\u0173 sau ir artimiesiems.\",\"publisher\":{\"@id\":\"https:\/\/skaitytaknyga.lt\/#organization\"},\"potentialAction\":[{\"@type\":\"SearchAction\",\"target\":{\"@type\":\"EntryPoint\",\"urlTemplate\":\"https:\/\/skaitytaknyga.lt\/?s={search_term_string}\"},\"query-input\":{\"@type\":\"PropertyValueSpecification\",\"valueRequired\":true,\"valueName\":\"search_term_string\"}}],\"inLanguage\":\"en-GB\"},{\"@type\":\"Organization\",\"@id\":\"https:\/\/skaitytaknyga.lt\/#organization\",\"name\":\"skaitytaknyga.lt\",\"url\":\"https:\/\/skaitytaknyga.lt\/\",\"logo\":{\"@type\":\"ImageObject\",\"inLanguage\":\"en-GB\",\"@id\":\"https:\/\/skaitytaknyga.lt\/#\/schema\/logo\/image\/\",\"url\":\"https:\/\/skaitytaknyga.lt\/wp-content\/uploads\/2024\/05\/cropped-cropped-cropped-02_00843_jt3bggkj1j3HLc7SyY6rEUpg.jpeg\",\"contentUrl\":\"https:\/\/skaitytaknyga.lt\/wp-content\/uploads\/2024\/05\/cropped-cropped-cropped-02_00843_jt3bggkj1j3HLc7SyY6rEUpg.jpeg\",\"width\":1600,\"height\":1600,\"caption\":\"skaitytaknyga.lt\"},\"image\":{\"@id\":\"https:\/\/skaitytaknyga.lt\/#\/schema\/logo\/image\/\"},\"sameAs\":[\"https:\/\/www.facebook.com\/skaitytaknyga\/\"]}]}<\/script>\n<!-- \/ Yoast SEO plugin. -->","yoast_head_json":{"title":"Nicolas Barreau \u201ePary\u017eius visada gera mintis\u201c","description":"Ma\u017ea atviruk\u0173 krautuv\u0117l\u0117 Pary\u017eiuje... \u017davus amerikietis... Romanti\u0161ka meil\u0117s istorija... Rozali yra nedidel\u0117s atviruk\u0173 krautuv\u0117l\u0117s Sen \u017dermene savinink\u0117.","robots":{"index":"index","follow":"follow","max-snippet":"max-snippet:-1","max-image-preview":"max-image-preview:large","max-video-preview":"max-video-preview:-1"},"canonical":"https:\/\/skaitytaknyga.lt\/en\/produktas\/nicolas-barreau-paryzius-visada-gera-mintis\/","og_locale":"en_GB","og_type":"article","og_title":"[:lt]Nicolas Barreau \u201ePary\u017eius visada gera mintis\u201c[:] - Skaitytaknyga","og_description":"Ma\u017ea atviruk\u0173 krautuv\u0117l\u0117 Pary\u017eiuje... \u017davus amerikietis... Romanti\u0161ka meil\u0117s istorija... Rozali yra nedidel\u0117s atviruk\u0173 krautuv\u0117l\u0117s Sen \u017dermene savinink\u0117.","og_url":"https:\/\/skaitytaknyga.lt\/en\/produktas\/nicolas-barreau-paryzius-visada-gera-mintis\/","og_site_name":"Skaitytaknyga","article_publisher":"https:\/\/www.facebook.com\/skaitytaknyga\/","article_modified_time":"2024-08-25T10:57:54+00:00","og_image":[{"width":533,"height":800,"url":"https:\/\/skaitytaknyga.lt\/wp-content\/uploads\/2024\/08\/Paryzius-visada-gera-mintis.webp","type":"image\/webp"}],"twitter_card":"summary_large_image","twitter_misc":{"Estimated reading time":"2 minutes"},"schema":{"@context":"https:\/\/schema.org","@graph":[{"@type":"WebPage","@id":"https:\/\/skaitytaknyga.lt\/produktas\/nicolas-barreau-paryzius-visada-gera-mintis\/","url":"https:\/\/skaitytaknyga.lt\/produktas\/nicolas-barreau-paryzius-visada-gera-mintis\/","name":"Nicolas Barreau \u201ePary\u017eius visada gera mintis\u201c","isPartOf":{"@id":"https:\/\/skaitytaknyga.lt\/#website"},"primaryImageOfPage":{"@id":"https:\/\/skaitytaknyga.lt\/produktas\/nicolas-barreau-paryzius-visada-gera-mintis\/#primaryimage"},"image":{"@id":"https:\/\/skaitytaknyga.lt\/produktas\/nicolas-barreau-paryzius-visada-gera-mintis\/#primaryimage"},"thumbnailUrl":"https:\/\/skaitytaknyga.lt\/wp-content\/uploads\/2024\/08\/Paryzius-visada-gera-mintis.webp","datePublished":"2024-08-25T10:54:43+00:00","dateModified":"2024-08-25T10:57:54+00:00","description":"Ma\u017ea atviruk\u0173 krautuv\u0117l\u0117 Pary\u017eiuje... \u017davus amerikietis... Romanti\u0161ka meil\u0117s istorija... Rozali yra nedidel\u0117s atviruk\u0173 krautuv\u0117l\u0117s Sen \u017dermene savinink\u0117.","breadcrumb":{"@id":"https:\/\/skaitytaknyga.lt\/produktas\/nicolas-barreau-paryzius-visada-gera-mintis\/#breadcrumb"},"inLanguage":"en-GB","potentialAction":[{"@type":"ReadAction","target":["https:\/\/skaitytaknyga.lt\/produktas\/nicolas-barreau-paryzius-visada-gera-mintis\/"]}]},{"@type":"ImageObject","inLanguage":"en-GB","@id":"https:\/\/skaitytaknyga.lt\/produktas\/nicolas-barreau-paryzius-visada-gera-mintis\/#primaryimage","url":"https:\/\/skaitytaknyga.lt\/wp-content\/uploads\/2024\/08\/Paryzius-visada-gera-mintis.webp","contentUrl":"https:\/\/skaitytaknyga.lt\/wp-content\/uploads\/2024\/08\/Paryzius-visada-gera-mintis.webp","width":533,"height":800,"caption":"Pary\u017eius visada gera mintis"},{"@type":"BreadcrumbList","@id":"https:\/\/skaitytaknyga.lt\/produktas\/nicolas-barreau-paryzius-visada-gera-mintis\/#breadcrumb","itemListElement":[{"@type":"ListItem","position":1,"name":"Home","item":"https:\/\/skaitytaknyga.lt\/"},{"@type":"ListItem","position":2,"name":"Parduotuv\u0117","item":"https:\/\/skaitytaknyga.lt\/knygu-parduotuve\/"},{"@type":"ListItem","position":3,"name":"Nicolas Barreau \u201ePary\u017eius visada gera mintis\u201c"}]},{"@type":"WebSite","@id":"https:\/\/skaitytaknyga.lt\/#website","url":"https:\/\/skaitytaknyga.lt\/","name":"skaitytaknyga.lt","description":"Skaitytaknyga.lt \u2013 tai ma\u017eas \u0161eimos verslas, kuris prasid\u0117jo nuo meil\u0117s knygoms ir siekio i\u0161gelb\u0117ti knygas nuo likimo prie konteinerio. Kas vienam nereikalingas daiktas \u2013 kitam lobis, o mes esame tarpininkai, kurie padeda abiems tapti laimingesniems ???? \u017dinome kaip nelengva i\u0161gyventi ma\u017eiems verslams, tad nuo \u0161iol, \u010dia rasite ir kit\u0173, ma\u017e\u0173 \u0161eim\u0173 versl\u0173, rank\u0173 darbo, dovan\u0173 sau ir artimiesiems.","publisher":{"@id":"https:\/\/skaitytaknyga.lt\/#organization"},"potentialAction":[{"@type":"SearchAction","target":{"@type":"EntryPoint","urlTemplate":"https:\/\/skaitytaknyga.lt\/?s={search_term_string}"},"query-input":{"@type":"PropertyValueSpecification","valueRequired":true,"valueName":"search_term_string"}}],"inLanguage":"en-GB"},{"@type":"Organization","@id":"https:\/\/skaitytaknyga.lt\/#organization","name":"skaitytaknyga.lt","url":"https:\/\/skaitytaknyga.lt\/","logo":{"@type":"ImageObject","inLanguage":"en-GB","@id":"https:\/\/skaitytaknyga.lt\/#\/schema\/logo\/image\/","url":"https:\/\/skaitytaknyga.lt\/wp-content\/uploads\/2024\/05\/cropped-cropped-cropped-02_00843_jt3bggkj1j3HLc7SyY6rEUpg.jpeg","contentUrl":"https:\/\/skaitytaknyga.lt\/wp-content\/uploads\/2024\/05\/cropped-cropped-cropped-02_00843_jt3bggkj1j3HLc7SyY6rEUpg.jpeg","width":1600,"height":1600,"caption":"skaitytaknyga.lt"},"image":{"@id":"https:\/\/skaitytaknyga.lt\/#\/schema\/logo\/image\/"},"sameAs":["https:\/\/www.facebook.com\/skaitytaknyga\/"]}]}},"_links":{"self":[{"href":"https:\/\/skaitytaknyga.lt\/en\/wp-json\/wp\/v2\/product\/13563","targetHints":{"allow":["GET"]}}],"collection":[{"href":"https:\/\/skaitytaknyga.lt\/en\/wp-json\/wp\/v2\/product"}],"about":[{"href":"https:\/\/skaitytaknyga.lt\/en\/wp-json\/wp\/v2\/types\/product"}],"replies":[{"embeddable":true,"href":"https:\/\/skaitytaknyga.lt\/en\/wp-json\/wp\/v2\/comments?post=13563"}],"wp:featuredmedia":[{"embeddable":true,"href":"https:\/\/skaitytaknyga.lt\/en\/wp-json\/wp\/v2\/media\/13566"}],"wp:attachment":[{"href":"https:\/\/skaitytaknyga.lt\/en\/wp-json\/wp\/v2\/media?parent=13563"}],"wp:term":[{"taxonomy":"product_brand","embeddable":true,"href":"https:\/\/skaitytaknyga.lt\/en\/wp-json\/wp\/v2\/product_brand?post=13563"},{"taxonomy":"product_cat","embeddable":true,"href":"https:\/\/skaitytaknyga.lt\/en\/wp-json\/wp\/v2\/product_cat?post=13563"},{"taxonomy":"product_tag","embeddable":true,"href":"https:\/\/skaitytaknyga.lt\/en\/wp-json\/wp\/v2\/product_tag?post=13563"}],"curies":[{"name":"wp","href":"https:\/\/api.w.org\/{rel}","templated":true}]}}