{"id":13562,"date":"2024-08-25T13:54:44","date_gmt":"2024-08-25T10:54:44","guid":{"rendered":"https:\/\/skaitytaknyga.lt\/?post_type=product&#038;p=13562"},"modified":"2025-06-26T15:37:31","modified_gmt":"2025-06-26T12:37:31","slug":"ruduo-istabus-dvieju-skirtingu-kartu-biciuliu-apmastymai-apie-turtu-pasiekimu-ir-nuopelnu-prasme","status":"publish","type":"product","link":"https:\/\/skaitytaknyga.lt\/en\/produktas\/ruduo-istabus-dvieju-skirtingu-kartu-biciuliu-apmastymai-apie-turtu-pasiekimu-ir-nuopelnu-prasme\/","title":{"rendered":"Ruduo: \u012fstab\u016bs dviej\u0173 skirting\u0173 kart\u0173 bi\u010diuli\u0173 apm\u0105stymai apie turt\u0173, pasiekim\u0173 ir nuopeln\u0173 prasm\u0119"},"content":{"rendered":"<p>2017 m. \u201eMan Booker&#8221; premijos trumpasis s\u0105ra\u0161as.<\/p>\n<p>Ruduo. Laikas migl\u0173, gausos sulting\u0173 vaisi\u0173. Du seni bi\u010diuliai \u2013 \u0161imtametis Danielis ir 1984-\u0173j\u0173 gimimo Elizabet \u2013 kalbasi apie praeit\u012f, ateit\u012f, paveikslus, vardus, mel\u0105 ir atmint\u012f. O tuo metu Jungtin\u0117 Karalyst\u0117 \u2013 labai susiskald\u017eiusi po k\u0105 tik nutikusio lemtingo istorinio \u012fvykio. Dviej\u0173 skirting\u0173 kart\u0173 bi\u010diuli\u0173 ry\u0161ys \u2013 lyg atsvara ei\u017e\u0117jan\u010diam ir svetim\u0117jan\u010diam pasauliui.<\/p>\n<p>\u0160is \u012fstabi\u0173 apm\u0105stym\u0173 apie turt\u0173, pasiekim\u0173 ir nuopeln\u0173 prasm\u0119 kupinas romanas<strong>\u00a0\u201eRuduo\u201c<\/strong>\u00a0\u2013 pirmoji met\u0173 laikams skirto\u00a0<strong>Ali Smith<\/strong>\u00a0knyg\u0173 ketverto dalis. Kas mes esame? Kas mus formavo? \u0160ekspyri\u0161kas kandus s\u0105mojis, kytsi\u0161ka melancholija, gaivali\u0161ka septintojo de\u0161imtme\u010dio poparto energija. Po skirtingus laikus klaid\u017eiojantis\u00a0<strong>\u201eRuduo&#8221;<\/strong>\u00a0pasakoja apie senatv\u0119, laik\u0105 ir meil\u0119. O met\u0173 laikai, kaip visada, kei\u010dia vienas kit\u0105.<\/p>\n<p><strong>Ali Smith<\/strong>\u00a0\u2013 savito stiliaus, \u012f ne vien\u0105 de\u0161imt\u012f pasaulio kalb\u0173 ver\u010diama, daugyb\u0119 presti\u017eini\u0173 premij\u0173 pelniusi \u0161kot\u0173 ra\u0161ytoja, \u0161iuolaikin\u0117s literat\u016bros grand\u0117. Net keturis kartus buvo nominuota vienai svarbiausi\u0173 anglosaksi\u0161kame pasaulyje \u201eMan Booker&#8221; premijai. Pastar\u0105j\u012f kart\u0105, 2017 m., \u2013 b\u016btent u\u017e \u0161\u012f roman\u0105.<\/p>\n<ul class=\"about-product d-none d-xl-block mt-4\">\n<li><strong>Originalus pavadinimas:<\/strong>\u00a0Autumn<\/li>\n<li><strong>Autorius:<\/strong>\u00a0Ali Smith<\/li>\n<li><strong>Leid\u0117jas:<\/strong>\u00a0Lietuvos ra\u0161ytoj\u0173 s\u0105jungos leidykla<\/li>\n<li><strong>Metai:<\/strong>\u00a02018<\/li>\n<li><strong>Puslapiai:<\/strong>\u00a0248<\/li>\n<li><strong>ISBN:<\/strong>\u00a09786094800504<\/li>\n<li><strong>Versijos kodas:<\/strong>\u00a0PT.<\/li>\n<li><strong>Formatas:<\/strong>\u00a014,5 x 21,7 x 2,5 cm, kieti vir\u0161eliai<\/li>\n<li><strong>Kalba:<\/strong>\u00a0Lietuvi\u0173<\/li>\n<li><strong>Vert\u0117jas:<\/strong>\u00a0Gabriel\u0117 Gaili\u016bt\u0117<\/li>\n<\/ul>\n","protected":false},"excerpt":{"rendered":"<p>2017 m. \u201eMan Booker&#8221; premijos trumpasis s\u0105ra\u0161as. Ruduo. Laikas migl\u0173, gausos sulting\u0173 vaisi\u0173. Du seni bi\u010diuliai \u2013 \u0161imtametis Danielis ir 1984-\u0173j\u0173 gimimo Elizabet \u2013 kalbasi apie praeit\u012f, ateit\u012f, paveikslus, vardus, mel\u0105 ir atmint\u012f. O tuo metu Jungtin\u0117 Karalyst\u0117 \u2013 labai susiskald\u017eiusi po k\u0105 tik nutikusio lemtingo istorinio \u012fvykio. Dviej\u0173 skirting\u0173 kart\u0173 bi\u010diuli\u0173 ry\u0161ys \u2013 lyg atsvara ei\u017e\u0117jan\u010diam ir svetim\u0117jan\u010diam pasauliui. \u0160is \u012fstabi\u0173 apm\u0105stym\u0173 apie turt\u0173, pasiekim\u0173 ir nuopeln\u0173 prasm\u0119 kupinas romanas\u00a0\u201eRuduo\u201c\u00a0\u2013 pirmoji met\u0173 laikams skirto\u00a0Ali Smith\u00a0knyg\u0173 ketverto dalis. Kas mes esame? Kas mus formavo? \u0160ekspyri\u0161kas kandus s\u0105mojis, kytsi\u0161ka melancholija, gaivali\u0161ka septintojo de\u0161imtme\u010dio poparto energija. Po skirtingus laikus klaid\u017eiojantis\u00a0\u201eRuduo&#8221;\u00a0pasakoja apie senatv\u0119, laik\u0105 ir meil\u0119. O met\u0173 laikai, kaip visada, kei\u010dia vienas kit\u0105. Ali Smith\u00a0\u2013 savito stiliaus, \u012f ne vien\u0105 de\u0161imt\u012f pasaulio kalb\u0173 ver\u010diama, daugyb\u0119 presti\u017eini\u0173 premij\u0173 pelniusi \u0161kot\u0173 ra\u0161ytoja, \u0161iuolaikin\u0117s literat\u016bros grand\u0117. Net keturis kartus buvo nominuota vienai svarbiausi\u0173 anglosaksi\u0161kame pasaulyje \u201eMan Booker&#8221; premijai. Pastar\u0105j\u012f kart\u0105, 2017 m., \u2013 b\u016btent u\u017e \u0161\u012f roman\u0105. Originalus pavadinimas:\u00a0Autumn Autorius:\u00a0Ali Smith Leid\u0117jas:\u00a0Lietuvos ra\u0161ytoj\u0173 s\u0105jungos leidykla Metai:\u00a02018 Puslapiai:\u00a0248 ISBN:\u00a09786094800504 Versijos kodas:\u00a0PT. Formatas:\u00a014,5 x 21,7 x 2,5 cm, kieti vir\u0161eliai Kalba:\u00a0Lietuvi\u0173 Vert\u0117jas:\u00a0Gabriel\u0117 Gaili\u016bt\u0117<\/p>\n","protected":false},"featured_media":13567,"comment_status":"open","ping_status":"closed","template":"","meta":{"_acf_changed":false,"site-sidebar-layout":"default","site-content-layout":"","ast-site-content-layout":"default","site-content-style":"default","site-sidebar-style":"default","ast-global-header-display":"","ast-banner-title-visibility":"","ast-main-header-display":"","ast-hfb-above-header-display":"","ast-hfb-below-header-display":"","ast-hfb-mobile-header-display":"","site-post-title":"","ast-breadcrumbs-content":"","ast-featured-img":"","footer-sml-layout":"","ast-disable-related-posts":"","theme-transparent-header-meta":"default","adv-header-id-meta":"","stick-header-meta":"","header-above-stick-meta":"","header-main-stick-meta":"","header-below-stick-meta":"","astra-migrate-meta-layouts":"set","ast-page-background-enabled":"default","ast-page-background-meta":{"desktop":{"background-color":"","background-image":"","background-repeat":"repeat","background-position":"center center","background-size":"auto","background-attachment":"scroll","background-type":"","background-media":"","overlay-type":"","overlay-color":"","overlay-opacity":"","overlay-gradient":""},"tablet":{"background-color":"","background-image":"","background-repeat":"repeat","background-position":"center center","background-size":"auto","background-attachment":"scroll","background-type":"","background-media":"","overlay-type":"","overlay-color":"","overlay-opacity":"","overlay-gradient":""},"mobile":{"background-color":"","background-image":"","background-repeat":"repeat","background-position":"center center","background-size":"auto","background-attachment":"scroll","background-type":"","background-media":"","overlay-type":"","overlay-color":"","overlay-opacity":"","overlay-gradient":""}},"ast-content-background-meta":{"desktop":{"background-color":"var(--ast-global-color-4)","background-image":"","background-repeat":"repeat","background-position":"center center","background-size":"auto","background-attachment":"scroll","background-type":"","background-media":"","overlay-type":"","overlay-color":"","overlay-opacity":"","overlay-gradient":""},"tablet":{"background-color":"var(--ast-global-color-4)","background-image":"","background-repeat":"repeat","background-position":"center center","background-size":"auto","background-attachment":"scroll","background-type":"","background-media":"","overlay-type":"","overlay-color":"","overlay-opacity":"","overlay-gradient":""},"mobile":{"background-color":"var(--ast-global-color-4)","background-image":"","background-repeat":"repeat","background-position":"center center","background-size":"auto","background-attachment":"scroll","background-type":"","background-media":"","overlay-type":"","overlay-color":"","overlay-opacity":"","overlay-gradient":""}}},"product_brand":[],"product_cat":[15,165],"product_tag":[5764,3786,5175,5766,4144,5765],"class_list":{"0":"post-13562","1":"product","2":"type-product","3":"status-publish","4":"has-post-thumbnail","6":"product_cat-uncategorized","7":"product_cat-religija-filosofija-ir-ezoterika","8":"product_tag-ali-smith","9":"product_tag-apmastymai","10":"product_tag-man-booker","11":"product_tag-melancholija","12":"product_tag-siuolaikine-literatura","13":"product_tag-skotu-rasytoja","14":"desktop-align-left","15":"tablet-align-left","16":"mobile-align-left","18":"first","19":"instock","20":"shipping-taxable","21":"purchasable","22":"product-type-simple"},"acf":[],"yoast_head":"<!-- This site is optimized with the Yoast SEO plugin v27.0 - https:\/\/yoast.com\/product\/yoast-seo-wordpress\/ -->\n<title>Ruduo: \u012fstab\u016bs dviej\u0173 skirting\u0173 kart\u0173 bi\u010diuli\u0173 apm\u0105stymai apie turt\u0173, pasiekim\u0173 ir nuopeln\u0173 prasm\u0119<\/title>\n<meta name=\"description\" content=\"2017 m. \u201eMan Booker&quot; premijos trumpasis s\u0105ra\u0161as. Ruduo. Laikas migl\u0173, gausos sulting\u0173 vaisi\u0173. Du seni bi\u010diuliai \u2013 \u0161imtametis Danielis ir 1984-\u0173j\u0173 gimimo\" \/>\n<meta name=\"robots\" content=\"index, follow, max-snippet:-1, max-image-preview:large, max-video-preview:-1\" \/>\n<link rel=\"canonical\" href=\"https:\/\/skaitytaknyga.lt\/en\/produktas\/ruduo-istabus-dvieju-skirtingu-kartu-biciuliu-apmastymai-apie-turtu-pasiekimu-ir-nuopelnu-prasme\/\" \/>\n<meta property=\"og:locale\" content=\"en_GB\" \/>\n<meta property=\"og:locale:alternate\" content=\"lt_LT\" \/>\n<meta property=\"og:type\" content=\"article\" \/>\n<meta property=\"og:title\" content=\"Ruduo: \u012fstab\u016bs dviej\u0173 skirting\u0173 kart\u0173 bi\u010diuli\u0173 apm\u0105stymai apie turt\u0173, pasiekim\u0173 ir nuopeln\u0173 prasm\u0119\" \/>\n<meta property=\"og:description\" content=\"2017 m. \u201eMan Booker&quot; premijos trumpasis s\u0105ra\u0161as. Ruduo. Laikas migl\u0173, gausos sulting\u0173 vaisi\u0173. Du seni bi\u010diuliai \u2013 \u0161imtametis Danielis ir 1984-\u0173j\u0173 gimimo\" \/>\n<meta property=\"og:url\" content=\"https:\/\/skaitytaknyga.lt\/en\/produktas\/ruduo-istabus-dvieju-skirtingu-kartu-biciuliu-apmastymai-apie-turtu-pasiekimu-ir-nuopelnu-prasme\/\" \/>\n<meta property=\"og:site_name\" content=\"Skaitytaknyga\" \/>\n<meta property=\"article:publisher\" content=\"https:\/\/www.facebook.com\/skaitytaknyga\/\" \/>\n<meta property=\"article:modified_time\" content=\"2025-06-26T12:37:31+00:00\" \/>\n<meta property=\"og:image\" content=\"https:\/\/skaitytaknyga.lt\/wp-content\/uploads\/2024\/08\/RUDUO-istabus-dvieju-skirtingu-kartu-biciuliu-apmastymai-apie-turtu-pasiekimu-ir-nuopelnu-prasme.webp\" \/>\n\t<meta property=\"og:image:width\" content=\"330\" \/>\n\t<meta property=\"og:image:height\" content=\"500\" \/>\n\t<meta property=\"og:image:type\" content=\"image\/webp\" \/>\n<meta name=\"twitter:card\" content=\"summary_large_image\" \/>\n<meta name=\"twitter:label1\" content=\"Estimated reading time\" \/>\n\t<meta name=\"twitter:data1\" content=\"2 minutes\" \/>\n<script type=\"application\/ld+json\" class=\"yoast-schema-graph\">{\"@context\":\"https:\/\/schema.org\",\"@graph\":[{\"@type\":\"WebPage\",\"@id\":\"https:\/\/skaitytaknyga.lt\/produktas\/ruduo-istabus-dvieju-skirtingu-kartu-biciuliu-apmastymai-apie-turtu-pasiekimu-ir-nuopelnu-prasme\/\",\"url\":\"https:\/\/skaitytaknyga.lt\/produktas\/ruduo-istabus-dvieju-skirtingu-kartu-biciuliu-apmastymai-apie-turtu-pasiekimu-ir-nuopelnu-prasme\/\",\"name\":\"Ruduo: \u012fstab\u016bs dviej\u0173 skirting\u0173 kart\u0173 bi\u010diuli\u0173 apm\u0105stymai apie turt\u0173, pasiekim\u0173 ir nuopeln\u0173 prasm\u0119\",\"isPartOf\":{\"@id\":\"https:\/\/skaitytaknyga.lt\/#website\"},\"primaryImageOfPage\":{\"@id\":\"https:\/\/skaitytaknyga.lt\/produktas\/ruduo-istabus-dvieju-skirtingu-kartu-biciuliu-apmastymai-apie-turtu-pasiekimu-ir-nuopelnu-prasme\/#primaryimage\"},\"image\":{\"@id\":\"https:\/\/skaitytaknyga.lt\/produktas\/ruduo-istabus-dvieju-skirtingu-kartu-biciuliu-apmastymai-apie-turtu-pasiekimu-ir-nuopelnu-prasme\/#primaryimage\"},\"thumbnailUrl\":\"https:\/\/skaitytaknyga.lt\/wp-content\/uploads\/2024\/08\/RUDUO-istabus-dvieju-skirtingu-kartu-biciuliu-apmastymai-apie-turtu-pasiekimu-ir-nuopelnu-prasme.webp\",\"datePublished\":\"2024-08-25T10:54:44+00:00\",\"dateModified\":\"2025-06-26T12:37:31+00:00\",\"description\":\"2017 m. \u201eMan Booker\\\" premijos trumpasis s\u0105ra\u0161as. Ruduo. Laikas migl\u0173, gausos sulting\u0173 vaisi\u0173. Du seni bi\u010diuliai \u2013 \u0161imtametis Danielis ir 1984-\u0173j\u0173 gimimo\",\"breadcrumb\":{\"@id\":\"https:\/\/skaitytaknyga.lt\/produktas\/ruduo-istabus-dvieju-skirtingu-kartu-biciuliu-apmastymai-apie-turtu-pasiekimu-ir-nuopelnu-prasme\/#breadcrumb\"},\"inLanguage\":\"en-GB\",\"potentialAction\":[{\"@type\":\"ReadAction\",\"target\":[\"https:\/\/skaitytaknyga.lt\/produktas\/ruduo-istabus-dvieju-skirtingu-kartu-biciuliu-apmastymai-apie-turtu-pasiekimu-ir-nuopelnu-prasme\/\"]}]},{\"@type\":\"ImageObject\",\"inLanguage\":\"en-GB\",\"@id\":\"https:\/\/skaitytaknyga.lt\/produktas\/ruduo-istabus-dvieju-skirtingu-kartu-biciuliu-apmastymai-apie-turtu-pasiekimu-ir-nuopelnu-prasme\/#primaryimage\",\"url\":\"https:\/\/skaitytaknyga.lt\/wp-content\/uploads\/2024\/08\/RUDUO-istabus-dvieju-skirtingu-kartu-biciuliu-apmastymai-apie-turtu-pasiekimu-ir-nuopelnu-prasme.webp\",\"contentUrl\":\"https:\/\/skaitytaknyga.lt\/wp-content\/uploads\/2024\/08\/RUDUO-istabus-dvieju-skirtingu-kartu-biciuliu-apmastymai-apie-turtu-pasiekimu-ir-nuopelnu-prasme.webp\",\"width\":330,\"height\":500,\"caption\":\"RUDUO \u012fstab\u016bs dviej\u0173 skirting\u0173 kart\u0173 bi\u010diuli\u0173 apm\u0105stymai apie turt\u0173, pasiekim\u0173 ir nuopeln\u0173 prasm\u0119\"},{\"@type\":\"BreadcrumbList\",\"@id\":\"https:\/\/skaitytaknyga.lt\/produktas\/ruduo-istabus-dvieju-skirtingu-kartu-biciuliu-apmastymai-apie-turtu-pasiekimu-ir-nuopelnu-prasme\/#breadcrumb\",\"itemListElement\":[{\"@type\":\"ListItem\",\"position\":1,\"name\":\"Home\",\"item\":\"https:\/\/skaitytaknyga.lt\/\"},{\"@type\":\"ListItem\",\"position\":2,\"name\":\"Parduotuv\u0117\",\"item\":\"https:\/\/skaitytaknyga.lt\/knygu-parduotuve\/\"},{\"@type\":\"ListItem\",\"position\":3,\"name\":\"Ruduo: \u012fstab\u016bs dviej\u0173 skirting\u0173 kart\u0173 bi\u010diuli\u0173 apm\u0105stymai apie turt\u0173, pasiekim\u0173 ir nuopeln\u0173 prasm\u0119\"}]},{\"@type\":\"WebSite\",\"@id\":\"https:\/\/skaitytaknyga.lt\/#website\",\"url\":\"https:\/\/skaitytaknyga.lt\/\",\"name\":\"skaitytaknyga.lt\",\"description\":\"Skaitytaknyga.lt \u2013 tai ma\u017eas \u0161eimos verslas, kuris prasid\u0117jo nuo meil\u0117s knygoms ir siekio i\u0161gelb\u0117ti knygas nuo likimo prie konteinerio. Kas vienam nereikalingas daiktas \u2013 kitam lobis, o mes esame tarpininkai, kurie padeda abiems tapti laimingesniems ???? \u017dinome kaip nelengva i\u0161gyventi ma\u017eiems verslams, tad nuo \u0161iol, \u010dia rasite ir kit\u0173, ma\u017e\u0173 \u0161eim\u0173 versl\u0173, rank\u0173 darbo, dovan\u0173 sau ir artimiesiems.\",\"publisher\":{\"@id\":\"https:\/\/skaitytaknyga.lt\/#organization\"},\"potentialAction\":[{\"@type\":\"SearchAction\",\"target\":{\"@type\":\"EntryPoint\",\"urlTemplate\":\"https:\/\/skaitytaknyga.lt\/?s={search_term_string}\"},\"query-input\":{\"@type\":\"PropertyValueSpecification\",\"valueRequired\":true,\"valueName\":\"search_term_string\"}}],\"inLanguage\":\"en-GB\"},{\"@type\":\"Organization\",\"@id\":\"https:\/\/skaitytaknyga.lt\/#organization\",\"name\":\"skaitytaknyga.lt\",\"url\":\"https:\/\/skaitytaknyga.lt\/\",\"logo\":{\"@type\":\"ImageObject\",\"inLanguage\":\"en-GB\",\"@id\":\"https:\/\/skaitytaknyga.lt\/#\/schema\/logo\/image\/\",\"url\":\"https:\/\/skaitytaknyga.lt\/wp-content\/uploads\/2024\/05\/cropped-cropped-cropped-02_00843_jt3bggkj1j3HLc7SyY6rEUpg.jpeg\",\"contentUrl\":\"https:\/\/skaitytaknyga.lt\/wp-content\/uploads\/2024\/05\/cropped-cropped-cropped-02_00843_jt3bggkj1j3HLc7SyY6rEUpg.jpeg\",\"width\":1600,\"height\":1600,\"caption\":\"skaitytaknyga.lt\"},\"image\":{\"@id\":\"https:\/\/skaitytaknyga.lt\/#\/schema\/logo\/image\/\"},\"sameAs\":[\"https:\/\/www.facebook.com\/skaitytaknyga\/\"]}]}<\/script>\n<!-- \/ Yoast SEO plugin. -->","yoast_head_json":{"title":"Ruduo: \u012fstab\u016bs dviej\u0173 skirting\u0173 kart\u0173 bi\u010diuli\u0173 apm\u0105stymai apie turt\u0173, pasiekim\u0173 ir nuopeln\u0173 prasm\u0119","description":"2017 m. \u201eMan Booker\" premijos trumpasis s\u0105ra\u0161as. Ruduo. Laikas migl\u0173, gausos sulting\u0173 vaisi\u0173. Du seni bi\u010diuliai \u2013 \u0161imtametis Danielis ir 1984-\u0173j\u0173 gimimo","robots":{"index":"index","follow":"follow","max-snippet":"max-snippet:-1","max-image-preview":"max-image-preview:large","max-video-preview":"max-video-preview:-1"},"canonical":"https:\/\/skaitytaknyga.lt\/en\/produktas\/ruduo-istabus-dvieju-skirtingu-kartu-biciuliu-apmastymai-apie-turtu-pasiekimu-ir-nuopelnu-prasme\/","og_locale":"en_GB","og_type":"article","og_title":"[:lt]Ruduo: \u012fstab\u016bs dviej\u0173 skirting\u0173 kart\u0173 bi\u010diuli\u0173 apm\u0105stymai apie turt\u0173, pasiekim\u0173 ir nuopeln\u0173 prasm\u0119[:] - Skaitytaknyga","og_description":"2017 m. \u201eMan Booker\" premijos trumpasis s\u0105ra\u0161as. Ruduo. Laikas migl\u0173, gausos sulting\u0173 vaisi\u0173. Du seni bi\u010diuliai \u2013 \u0161imtametis Danielis ir 1984-\u0173j\u0173 gimimo","og_url":"https:\/\/skaitytaknyga.lt\/en\/produktas\/ruduo-istabus-dvieju-skirtingu-kartu-biciuliu-apmastymai-apie-turtu-pasiekimu-ir-nuopelnu-prasme\/","og_site_name":"Skaitytaknyga","article_publisher":"https:\/\/www.facebook.com\/skaitytaknyga\/","article_modified_time":"2025-06-26T12:37:31+00:00","og_image":[{"width":330,"height":500,"url":"https:\/\/skaitytaknyga.lt\/wp-content\/uploads\/2024\/08\/RUDUO-istabus-dvieju-skirtingu-kartu-biciuliu-apmastymai-apie-turtu-pasiekimu-ir-nuopelnu-prasme.webp","type":"image\/webp"}],"twitter_card":"summary_large_image","twitter_misc":{"Estimated reading time":"2 minutes"},"schema":{"@context":"https:\/\/schema.org","@graph":[{"@type":"WebPage","@id":"https:\/\/skaitytaknyga.lt\/produktas\/ruduo-istabus-dvieju-skirtingu-kartu-biciuliu-apmastymai-apie-turtu-pasiekimu-ir-nuopelnu-prasme\/","url":"https:\/\/skaitytaknyga.lt\/produktas\/ruduo-istabus-dvieju-skirtingu-kartu-biciuliu-apmastymai-apie-turtu-pasiekimu-ir-nuopelnu-prasme\/","name":"Ruduo: \u012fstab\u016bs dviej\u0173 skirting\u0173 kart\u0173 bi\u010diuli\u0173 apm\u0105stymai apie turt\u0173, pasiekim\u0173 ir nuopeln\u0173 prasm\u0119","isPartOf":{"@id":"https:\/\/skaitytaknyga.lt\/#website"},"primaryImageOfPage":{"@id":"https:\/\/skaitytaknyga.lt\/produktas\/ruduo-istabus-dvieju-skirtingu-kartu-biciuliu-apmastymai-apie-turtu-pasiekimu-ir-nuopelnu-prasme\/#primaryimage"},"image":{"@id":"https:\/\/skaitytaknyga.lt\/produktas\/ruduo-istabus-dvieju-skirtingu-kartu-biciuliu-apmastymai-apie-turtu-pasiekimu-ir-nuopelnu-prasme\/#primaryimage"},"thumbnailUrl":"https:\/\/skaitytaknyga.lt\/wp-content\/uploads\/2024\/08\/RUDUO-istabus-dvieju-skirtingu-kartu-biciuliu-apmastymai-apie-turtu-pasiekimu-ir-nuopelnu-prasme.webp","datePublished":"2024-08-25T10:54:44+00:00","dateModified":"2025-06-26T12:37:31+00:00","description":"2017 m. \u201eMan Booker\" premijos trumpasis s\u0105ra\u0161as. Ruduo. Laikas migl\u0173, gausos sulting\u0173 vaisi\u0173. Du seni bi\u010diuliai \u2013 \u0161imtametis Danielis ir 1984-\u0173j\u0173 gimimo","breadcrumb":{"@id":"https:\/\/skaitytaknyga.lt\/produktas\/ruduo-istabus-dvieju-skirtingu-kartu-biciuliu-apmastymai-apie-turtu-pasiekimu-ir-nuopelnu-prasme\/#breadcrumb"},"inLanguage":"en-GB","potentialAction":[{"@type":"ReadAction","target":["https:\/\/skaitytaknyga.lt\/produktas\/ruduo-istabus-dvieju-skirtingu-kartu-biciuliu-apmastymai-apie-turtu-pasiekimu-ir-nuopelnu-prasme\/"]}]},{"@type":"ImageObject","inLanguage":"en-GB","@id":"https:\/\/skaitytaknyga.lt\/produktas\/ruduo-istabus-dvieju-skirtingu-kartu-biciuliu-apmastymai-apie-turtu-pasiekimu-ir-nuopelnu-prasme\/#primaryimage","url":"https:\/\/skaitytaknyga.lt\/wp-content\/uploads\/2024\/08\/RUDUO-istabus-dvieju-skirtingu-kartu-biciuliu-apmastymai-apie-turtu-pasiekimu-ir-nuopelnu-prasme.webp","contentUrl":"https:\/\/skaitytaknyga.lt\/wp-content\/uploads\/2024\/08\/RUDUO-istabus-dvieju-skirtingu-kartu-biciuliu-apmastymai-apie-turtu-pasiekimu-ir-nuopelnu-prasme.webp","width":330,"height":500,"caption":"RUDUO \u012fstab\u016bs dviej\u0173 skirting\u0173 kart\u0173 bi\u010diuli\u0173 apm\u0105stymai apie turt\u0173, pasiekim\u0173 ir nuopeln\u0173 prasm\u0119"},{"@type":"BreadcrumbList","@id":"https:\/\/skaitytaknyga.lt\/produktas\/ruduo-istabus-dvieju-skirtingu-kartu-biciuliu-apmastymai-apie-turtu-pasiekimu-ir-nuopelnu-prasme\/#breadcrumb","itemListElement":[{"@type":"ListItem","position":1,"name":"Home","item":"https:\/\/skaitytaknyga.lt\/"},{"@type":"ListItem","position":2,"name":"Parduotuv\u0117","item":"https:\/\/skaitytaknyga.lt\/knygu-parduotuve\/"},{"@type":"ListItem","position":3,"name":"Ruduo: \u012fstab\u016bs dviej\u0173 skirting\u0173 kart\u0173 bi\u010diuli\u0173 apm\u0105stymai apie turt\u0173, pasiekim\u0173 ir nuopeln\u0173 prasm\u0119"}]},{"@type":"WebSite","@id":"https:\/\/skaitytaknyga.lt\/#website","url":"https:\/\/skaitytaknyga.lt\/","name":"skaitytaknyga.lt","description":"Skaitytaknyga.lt \u2013 tai ma\u017eas \u0161eimos verslas, kuris prasid\u0117jo nuo meil\u0117s knygoms ir siekio i\u0161gelb\u0117ti knygas nuo likimo prie konteinerio. Kas vienam nereikalingas daiktas \u2013 kitam lobis, o mes esame tarpininkai, kurie padeda abiems tapti laimingesniems ???? \u017dinome kaip nelengva i\u0161gyventi ma\u017eiems verslams, tad nuo \u0161iol, \u010dia rasite ir kit\u0173, ma\u017e\u0173 \u0161eim\u0173 versl\u0173, rank\u0173 darbo, dovan\u0173 sau ir artimiesiems.","publisher":{"@id":"https:\/\/skaitytaknyga.lt\/#organization"},"potentialAction":[{"@type":"SearchAction","target":{"@type":"EntryPoint","urlTemplate":"https:\/\/skaitytaknyga.lt\/?s={search_term_string}"},"query-input":{"@type":"PropertyValueSpecification","valueRequired":true,"valueName":"search_term_string"}}],"inLanguage":"en-GB"},{"@type":"Organization","@id":"https:\/\/skaitytaknyga.lt\/#organization","name":"skaitytaknyga.lt","url":"https:\/\/skaitytaknyga.lt\/","logo":{"@type":"ImageObject","inLanguage":"en-GB","@id":"https:\/\/skaitytaknyga.lt\/#\/schema\/logo\/image\/","url":"https:\/\/skaitytaknyga.lt\/wp-content\/uploads\/2024\/05\/cropped-cropped-cropped-02_00843_jt3bggkj1j3HLc7SyY6rEUpg.jpeg","contentUrl":"https:\/\/skaitytaknyga.lt\/wp-content\/uploads\/2024\/05\/cropped-cropped-cropped-02_00843_jt3bggkj1j3HLc7SyY6rEUpg.jpeg","width":1600,"height":1600,"caption":"skaitytaknyga.lt"},"image":{"@id":"https:\/\/skaitytaknyga.lt\/#\/schema\/logo\/image\/"},"sameAs":["https:\/\/www.facebook.com\/skaitytaknyga\/"]}]}},"_links":{"self":[{"href":"https:\/\/skaitytaknyga.lt\/en\/wp-json\/wp\/v2\/product\/13562","targetHints":{"allow":["GET"]}}],"collection":[{"href":"https:\/\/skaitytaknyga.lt\/en\/wp-json\/wp\/v2\/product"}],"about":[{"href":"https:\/\/skaitytaknyga.lt\/en\/wp-json\/wp\/v2\/types\/product"}],"replies":[{"embeddable":true,"href":"https:\/\/skaitytaknyga.lt\/en\/wp-json\/wp\/v2\/comments?post=13562"}],"wp:featuredmedia":[{"embeddable":true,"href":"https:\/\/skaitytaknyga.lt\/en\/wp-json\/wp\/v2\/media\/13567"}],"wp:attachment":[{"href":"https:\/\/skaitytaknyga.lt\/en\/wp-json\/wp\/v2\/media?parent=13562"}],"wp:term":[{"taxonomy":"product_brand","embeddable":true,"href":"https:\/\/skaitytaknyga.lt\/en\/wp-json\/wp\/v2\/product_brand?post=13562"},{"taxonomy":"product_cat","embeddable":true,"href":"https:\/\/skaitytaknyga.lt\/en\/wp-json\/wp\/v2\/product_cat?post=13562"},{"taxonomy":"product_tag","embeddable":true,"href":"https:\/\/skaitytaknyga.lt\/en\/wp-json\/wp\/v2\/product_tag?post=13562"}],"curies":[{"name":"wp","href":"https:\/\/api.w.org\/{rel}","templated":true}]}}