{"id":13561,"date":"2024-08-25T13:54:44","date_gmt":"2024-08-25T10:54:44","guid":{"rendered":"https:\/\/skaitytaknyga.lt\/?post_type=product&#038;p=13561"},"modified":"2025-03-14T17:31:00","modified_gmt":"2025-03-14T15:31:00","slug":"dievas-ir-pasaulis-krikscioniu-tikejimo-paslaptys-pokalbis-su-peteriu-seewaldu","status":"publish","type":"product","link":"https:\/\/skaitytaknyga.lt\/en\/produktas\/dievas-ir-pasaulis-krikscioniu-tikejimo-paslaptys-pokalbis-su-peteriu-seewaldu\/","title":{"rendered":"Dievas ir pasaulis: krik\u0161\u010dioni\u0173 tik\u0117jimo paslaptys. Pokalbis su Peteriu Seewaldu"},"content":{"rendered":"<p>Dievo vardas niekada nebuvo tariamas taip da\u017enai kaip m\u016bs\u0173 laikais. Niekada nebuvo tiek daug kalbama apie Ba\u017eny\u010di\u0105 &#8211; ir niekada apie j\u0105 ne\u017einota taip ma\u017eai, kaip dabar. Kas toji Ba\u017eny\u010dia, kaip ji atsirado?<\/p>\n<p>Kokia jos misija? Ir apskritai ar XXI am\u017eiuje dar \u012fmanoma taikyti krik\u0161\u010dioni\u0173 mokym\u0105 gyvenime ir tik\u0117jime? Peterio Seewaldo ir Josepho Ratzingerio, popie\u017eiaus Benedikto XVI, pirmoji knyga &#8220;\u017dem\u0117s druska&#8221; susilauk\u0117 s\u0117km\u0117s visame pasaulyje. Joje kriti\u0161kai ap\u017evelgiamos Ba\u017eny\u010dios ir visuomen\u0117s problemos t\u016bkstantme\u010di\u0173 sand\u016broje.<\/p>\n<p>\u0160i knyga &#8211; antra j\u0173 veikalo dalis. Knyga \u201eDievas ir pasaulis&#8221; &#8211; tai ilgiausias per vis\u0105 Ba\u017eny\u010dios istorij\u0105 interviu. Joje pateikiamas glaustas, patrauklus krik\u0161\u010dionyb\u0117s \u012fvadas, nuodugniai ai\u0161kinamos tik\u0117jimo paslaptys gyvenimui ir krik\u0161\u010dionybei XXI am\u017eiuje: ai\u0161kinimas \u012fdomus, inteligenti\u0161kas, provokuojamas. \u010cia randame atsakymus \u012f klausimus, kylan\u010dius d\u0117l gilios krik\u0161\u010dionyb\u0117s kriz\u0117s Europoje.<\/p>\n<p>\u0160i knyga &#8211; tai manifestas prie\u0161 laiko dvasi\u0105, prie\u0161 subanalint\u0105, l\u0117k\u0161t\u0105 krik\u0161\u010dionyb\u0119, kuri nutolusi nuo savo \u0161akn\u0173 ir siekia b\u016bti kuo patogesn\u0117. Dabarties valand\u0105, kai krik\u0161\u010dionybei ir Ba\u017eny\u010diai metami dideli i\u0161\u0161\u016bkiai, vienas svarbiausi\u0173 mokslinink\u0173 ir didis katalik\u0173 Ba\u017eny\u010dios dvasinis vadovas nuodugniai ir suprantamai atsako \u012f klausimus apie krik\u0161\u010dioni\u0173 tik\u0117jimo reik\u0161m\u0119 ir jo turinius.<\/p>\n<p>Josephas Ratzingeris, dabartinis popie\u017eius Benediktas XVI, parodo, kad Ba\u017eny\u010dia &#8211; tai jokia seniena, o Kristaus mokymas skirtas ir individo, ir visos visuomen\u0117s gyvenimui, ir \u0161iandien dar svarbesnis negu anks\u010diau.<\/p>\n<ul class=\"about-product d-none d-xl-block mt-4\">\n<li><strong>Autorius:<\/strong>\u00a0Joseph Ratzinger<\/li>\n<li><strong>Leid\u0117jas:<\/strong>\u00a0Alma littera<\/li>\n<li><strong>Metai:<\/strong>\u00a02010<\/li>\n<li><strong>Puslapiai:<\/strong>\u00a0398<\/li>\n<li><strong>ISBN:<\/strong>\u00a09789955381785<\/li>\n<li><strong>Versijos kodas:<\/strong>\u00a0PT.<\/li>\n<li><strong>Formatas:<\/strong>\u00a013 x 21 cm, kieti vir\u0161eliai<\/li>\n<li><strong>Kalba:<\/strong>\u00a0Lietuvi\u0173<\/li>\n<\/ul>\n","protected":false},"excerpt":{"rendered":"<p>Dievo vardas niekada nebuvo tariamas taip da\u017enai kaip m\u016bs\u0173 laikais. Niekada nebuvo tiek daug kalbama apie Ba\u017eny\u010di\u0105 &#8211; ir niekada apie j\u0105 ne\u017einota taip ma\u017eai, kaip dabar. Kas toji Ba\u017eny\u010dia, kaip ji atsirado? Kokia jos misija? Ir apskritai ar XXI am\u017eiuje dar \u012fmanoma taikyti krik\u0161\u010dioni\u0173 mokym\u0105 gyvenime ir tik\u0117jime? Peterio Seewaldo ir Josepho Ratzingerio, popie\u017eiaus Benedikto XVI, pirmoji knyga &#8220;\u017dem\u0117s druska&#8221; susilauk\u0117 s\u0117km\u0117s visame pasaulyje. Joje kriti\u0161kai ap\u017evelgiamos Ba\u017eny\u010dios ir visuomen\u0117s problemos t\u016bkstantme\u010di\u0173 sand\u016broje. \u0160i knyga &#8211; antra j\u0173 veikalo dalis. Knyga \u201eDievas ir pasaulis&#8221; &#8211; tai ilgiausias per vis\u0105 Ba\u017eny\u010dios istorij\u0105 interviu. Joje pateikiamas glaustas, patrauklus krik\u0161\u010dionyb\u0117s \u012fvadas, nuodugniai ai\u0161kinamos tik\u0117jimo paslaptys gyvenimui ir krik\u0161\u010dionybei XXI am\u017eiuje: ai\u0161kinimas \u012fdomus, inteligenti\u0161kas, provokuojamas. \u010cia randame atsakymus \u012f klausimus, kylan\u010dius d\u0117l gilios krik\u0161\u010dionyb\u0117s kriz\u0117s Europoje. \u0160i knyga &#8211; tai manifestas prie\u0161 laiko dvasi\u0105, prie\u0161 subanalint\u0105, l\u0117k\u0161t\u0105 krik\u0161\u010dionyb\u0119, kuri nutolusi nuo savo \u0161akn\u0173 ir siekia b\u016bti kuo patogesn\u0117. Dabarties valand\u0105, kai krik\u0161\u010dionybei ir Ba\u017eny\u010diai metami dideli i\u0161\u0161\u016bkiai, vienas svarbiausi\u0173 mokslinink\u0173 ir didis katalik\u0173 Ba\u017eny\u010dios dvasinis vadovas nuodugniai ir suprantamai atsako \u012f klausimus apie krik\u0161\u010dioni\u0173 tik\u0117jimo reik\u0161m\u0119 ir jo turinius. Josephas Ratzingeris, dabartinis popie\u017eius Benediktas XVI, parodo, kad Ba\u017eny\u010dia &#8211; tai jokia seniena, o Kristaus mokymas skirtas ir individo, ir visos visuomen\u0117s gyvenimui, ir \u0161iandien dar svarbesnis negu anks\u010diau. Autorius:\u00a0Joseph Ratzinger Leid\u0117jas:\u00a0Alma littera Metai:\u00a02010 Puslapiai:\u00a0398 ISBN:\u00a09789955381785 Versijos kodas:\u00a0PT. Formatas:\u00a013 x 21 cm, kieti vir\u0161eliai Kalba:\u00a0Lietuvi\u0173<\/p>\n","protected":false},"featured_media":13568,"comment_status":"open","ping_status":"closed","template":"","meta":{"_acf_changed":false,"site-sidebar-layout":"default","site-content-layout":"","ast-site-content-layout":"default","site-content-style":"default","site-sidebar-style":"default","ast-global-header-display":"","ast-banner-title-visibility":"","ast-main-header-display":"","ast-hfb-above-header-display":"","ast-hfb-below-header-display":"","ast-hfb-mobile-header-display":"","site-post-title":"","ast-breadcrumbs-content":"","ast-featured-img":"","footer-sml-layout":"","ast-disable-related-posts":"","theme-transparent-header-meta":"default","adv-header-id-meta":"","stick-header-meta":"","header-above-stick-meta":"","header-main-stick-meta":"","header-below-stick-meta":"","astra-migrate-meta-layouts":"set","ast-page-background-enabled":"default","ast-page-background-meta":{"desktop":{"background-color":"","background-image":"","background-repeat":"repeat","background-position":"center center","background-size":"auto","background-attachment":"scroll","background-type":"","background-media":"","overlay-type":"","overlay-color":"","overlay-opacity":"","overlay-gradient":""},"tablet":{"background-color":"","background-image":"","background-repeat":"repeat","background-position":"center center","background-size":"auto","background-attachment":"scroll","background-type":"","background-media":"","overlay-type":"","overlay-color":"","overlay-opacity":"","overlay-gradient":""},"mobile":{"background-color":"","background-image":"","background-repeat":"repeat","background-position":"center center","background-size":"auto","background-attachment":"scroll","background-type":"","background-media":"","overlay-type":"","overlay-color":"","overlay-opacity":"","overlay-gradient":""}},"ast-content-background-meta":{"desktop":{"background-color":"var(--ast-global-color-4)","background-image":"","background-repeat":"repeat","background-position":"center center","background-size":"auto","background-attachment":"scroll","background-type":"","background-media":"","overlay-type":"","overlay-color":"","overlay-opacity":"","overlay-gradient":""},"tablet":{"background-color":"var(--ast-global-color-4)","background-image":"","background-repeat":"repeat","background-position":"center center","background-size":"auto","background-attachment":"scroll","background-type":"","background-media":"","overlay-type":"","overlay-color":"","overlay-opacity":"","overlay-gradient":""},"mobile":{"background-color":"var(--ast-global-color-4)","background-image":"","background-repeat":"repeat","background-position":"center center","background-size":"auto","background-attachment":"scroll","background-type":"","background-media":"","overlay-type":"","overlay-color":"","overlay-opacity":"","overlay-gradient":""}}},"product_brand":[],"product_cat":[15,165],"product_tag":[],"class_list":{"0":"post-13561","1":"product","2":"type-product","3":"status-publish","4":"has-post-thumbnail","6":"product_cat-uncategorized","7":"product_cat-religija-filosofija-ir-ezoterika","8":"desktop-align-left","9":"tablet-align-left","10":"mobile-align-left","12":"first","13":"outofstock","14":"shipping-taxable","15":"purchasable","16":"product-type-simple"},"acf":[],"yoast_head":"<!-- This site is optimized with the Yoast SEO plugin v27.0 - https:\/\/yoast.com\/product\/yoast-seo-wordpress\/ -->\n<title>Dievas ir pasaulis: krik\u0161\u010dioni\u0173 tik\u0117jimo paslaptys. Pokalbis su Peteriu Seewaldu<\/title>\n<meta name=\"description\" content=\"Dievo vardas niekada nebuvo tariamas taip da\u017enai kaip m\u016bs\u0173 laikais. Niekada nebuvo tiek daug kalbama apie Ba\u017eny\u010di\u0105 - ir niekada apie j\u0105 ne\u017einota taip\" \/>\n<meta name=\"robots\" content=\"index, follow, max-snippet:-1, max-image-preview:large, max-video-preview:-1\" \/>\n<link rel=\"canonical\" href=\"https:\/\/skaitytaknyga.lt\/en\/produktas\/dievas-ir-pasaulis-krikscioniu-tikejimo-paslaptys-pokalbis-su-peteriu-seewaldu\/\" \/>\n<meta property=\"og:locale\" content=\"en_GB\" \/>\n<meta property=\"og:locale:alternate\" content=\"lt_LT\" \/>\n<meta property=\"og:type\" content=\"article\" \/>\n<meta property=\"og:title\" content=\"Dievas ir pasaulis: krik\u0161\u010dioni\u0173 tik\u0117jimo paslaptys. Pokalbis su Peteriu Seewaldu\" \/>\n<meta property=\"og:description\" content=\"Dievo vardas niekada nebuvo tariamas taip da\u017enai kaip m\u016bs\u0173 laikais. Niekada nebuvo tiek daug kalbama apie Ba\u017eny\u010di\u0105 - ir niekada apie j\u0105 ne\u017einota taip\" \/>\n<meta property=\"og:url\" content=\"https:\/\/skaitytaknyga.lt\/en\/produktas\/dievas-ir-pasaulis-krikscioniu-tikejimo-paslaptys-pokalbis-su-peteriu-seewaldu\/\" \/>\n<meta property=\"og:site_name\" content=\"Skaitytaknyga\" \/>\n<meta property=\"article:publisher\" content=\"https:\/\/www.facebook.com\/skaitytaknyga\/\" \/>\n<meta property=\"article:modified_time\" content=\"2025-03-14T15:31:00+00:00\" \/>\n<meta property=\"og:image\" content=\"https:\/\/skaitytaknyga.lt\/wp-content\/uploads\/2024\/08\/Dievas-ir-pasaulis-krikscioniu-tikejimo-paslaptys-Pokalbis-su-Peteriu-Seewaldu.webp\" \/>\n\t<meta property=\"og:image:width\" content=\"416\" \/>\n\t<meta property=\"og:image:height\" content=\"650\" \/>\n\t<meta property=\"og:image:type\" content=\"image\/webp\" \/>\n<meta name=\"twitter:card\" content=\"summary_large_image\" \/>\n<meta name=\"twitter:label1\" content=\"Estimated reading time\" \/>\n\t<meta name=\"twitter:data1\" content=\"2 minutes\" \/>\n<script type=\"application\/ld+json\" class=\"yoast-schema-graph\">{\"@context\":\"https:\/\/schema.org\",\"@graph\":[{\"@type\":\"WebPage\",\"@id\":\"https:\/\/skaitytaknyga.lt\/produktas\/dievas-ir-pasaulis-krikscioniu-tikejimo-paslaptys-pokalbis-su-peteriu-seewaldu\/\",\"url\":\"https:\/\/skaitytaknyga.lt\/produktas\/dievas-ir-pasaulis-krikscioniu-tikejimo-paslaptys-pokalbis-su-peteriu-seewaldu\/\",\"name\":\"Dievas ir pasaulis: krik\u0161\u010dioni\u0173 tik\u0117jimo paslaptys. Pokalbis su Peteriu Seewaldu\",\"isPartOf\":{\"@id\":\"https:\/\/skaitytaknyga.lt\/#website\"},\"primaryImageOfPage\":{\"@id\":\"https:\/\/skaitytaknyga.lt\/produktas\/dievas-ir-pasaulis-krikscioniu-tikejimo-paslaptys-pokalbis-su-peteriu-seewaldu\/#primaryimage\"},\"image\":{\"@id\":\"https:\/\/skaitytaknyga.lt\/produktas\/dievas-ir-pasaulis-krikscioniu-tikejimo-paslaptys-pokalbis-su-peteriu-seewaldu\/#primaryimage\"},\"thumbnailUrl\":\"https:\/\/skaitytaknyga.lt\/wp-content\/uploads\/2024\/08\/Dievas-ir-pasaulis-krikscioniu-tikejimo-paslaptys-Pokalbis-su-Peteriu-Seewaldu.webp\",\"datePublished\":\"2024-08-25T10:54:44+00:00\",\"dateModified\":\"2025-03-14T15:31:00+00:00\",\"description\":\"Dievo vardas niekada nebuvo tariamas taip da\u017enai kaip m\u016bs\u0173 laikais. Niekada nebuvo tiek daug kalbama apie Ba\u017eny\u010di\u0105 - ir niekada apie j\u0105 ne\u017einota taip\",\"breadcrumb\":{\"@id\":\"https:\/\/skaitytaknyga.lt\/produktas\/dievas-ir-pasaulis-krikscioniu-tikejimo-paslaptys-pokalbis-su-peteriu-seewaldu\/#breadcrumb\"},\"inLanguage\":\"en-GB\",\"potentialAction\":[{\"@type\":\"ReadAction\",\"target\":[\"https:\/\/skaitytaknyga.lt\/produktas\/dievas-ir-pasaulis-krikscioniu-tikejimo-paslaptys-pokalbis-su-peteriu-seewaldu\/\"]}]},{\"@type\":\"ImageObject\",\"inLanguage\":\"en-GB\",\"@id\":\"https:\/\/skaitytaknyga.lt\/produktas\/dievas-ir-pasaulis-krikscioniu-tikejimo-paslaptys-pokalbis-su-peteriu-seewaldu\/#primaryimage\",\"url\":\"https:\/\/skaitytaknyga.lt\/wp-content\/uploads\/2024\/08\/Dievas-ir-pasaulis-krikscioniu-tikejimo-paslaptys-Pokalbis-su-Peteriu-Seewaldu.webp\",\"contentUrl\":\"https:\/\/skaitytaknyga.lt\/wp-content\/uploads\/2024\/08\/Dievas-ir-pasaulis-krikscioniu-tikejimo-paslaptys-Pokalbis-su-Peteriu-Seewaldu.webp\",\"width\":416,\"height\":650,\"caption\":\"Dievas ir pasaulis krik\u0161\u010dioni\u0173 tik\u0117jimo paslaptys Pokalbis su Peteriu Seewaldu\"},{\"@type\":\"BreadcrumbList\",\"@id\":\"https:\/\/skaitytaknyga.lt\/produktas\/dievas-ir-pasaulis-krikscioniu-tikejimo-paslaptys-pokalbis-su-peteriu-seewaldu\/#breadcrumb\",\"itemListElement\":[{\"@type\":\"ListItem\",\"position\":1,\"name\":\"Home\",\"item\":\"https:\/\/skaitytaknyga.lt\/\"},{\"@type\":\"ListItem\",\"position\":2,\"name\":\"Parduotuv\u0117\",\"item\":\"https:\/\/skaitytaknyga.lt\/knygu-parduotuve\/\"},{\"@type\":\"ListItem\",\"position\":3,\"name\":\"Dievas ir pasaulis: krik\u0161\u010dioni\u0173 tik\u0117jimo paslaptys. Pokalbis su Peteriu Seewaldu\"}]},{\"@type\":\"WebSite\",\"@id\":\"https:\/\/skaitytaknyga.lt\/#website\",\"url\":\"https:\/\/skaitytaknyga.lt\/\",\"name\":\"skaitytaknyga.lt\",\"description\":\"Skaitytaknyga.lt \u2013 tai ma\u017eas \u0161eimos verslas, kuris prasid\u0117jo nuo meil\u0117s knygoms ir siekio i\u0161gelb\u0117ti knygas nuo likimo prie konteinerio. Kas vienam nereikalingas daiktas \u2013 kitam lobis, o mes esame tarpininkai, kurie padeda abiems tapti laimingesniems ???? \u017dinome kaip nelengva i\u0161gyventi ma\u017eiems verslams, tad nuo \u0161iol, \u010dia rasite ir kit\u0173, ma\u017e\u0173 \u0161eim\u0173 versl\u0173, rank\u0173 darbo, dovan\u0173 sau ir artimiesiems.\",\"publisher\":{\"@id\":\"https:\/\/skaitytaknyga.lt\/#organization\"},\"potentialAction\":[{\"@type\":\"SearchAction\",\"target\":{\"@type\":\"EntryPoint\",\"urlTemplate\":\"https:\/\/skaitytaknyga.lt\/?s={search_term_string}\"},\"query-input\":{\"@type\":\"PropertyValueSpecification\",\"valueRequired\":true,\"valueName\":\"search_term_string\"}}],\"inLanguage\":\"en-GB\"},{\"@type\":\"Organization\",\"@id\":\"https:\/\/skaitytaknyga.lt\/#organization\",\"name\":\"skaitytaknyga.lt\",\"url\":\"https:\/\/skaitytaknyga.lt\/\",\"logo\":{\"@type\":\"ImageObject\",\"inLanguage\":\"en-GB\",\"@id\":\"https:\/\/skaitytaknyga.lt\/#\/schema\/logo\/image\/\",\"url\":\"https:\/\/skaitytaknyga.lt\/wp-content\/uploads\/2024\/05\/cropped-cropped-cropped-02_00843_jt3bggkj1j3HLc7SyY6rEUpg.jpeg\",\"contentUrl\":\"https:\/\/skaitytaknyga.lt\/wp-content\/uploads\/2024\/05\/cropped-cropped-cropped-02_00843_jt3bggkj1j3HLc7SyY6rEUpg.jpeg\",\"width\":1600,\"height\":1600,\"caption\":\"skaitytaknyga.lt\"},\"image\":{\"@id\":\"https:\/\/skaitytaknyga.lt\/#\/schema\/logo\/image\/\"},\"sameAs\":[\"https:\/\/www.facebook.com\/skaitytaknyga\/\"]}]}<\/script>\n<!-- \/ Yoast SEO plugin. -->","yoast_head_json":{"title":"Dievas ir pasaulis: krik\u0161\u010dioni\u0173 tik\u0117jimo paslaptys. Pokalbis su Peteriu Seewaldu","description":"Dievo vardas niekada nebuvo tariamas taip da\u017enai kaip m\u016bs\u0173 laikais. Niekada nebuvo tiek daug kalbama apie Ba\u017eny\u010di\u0105 - ir niekada apie j\u0105 ne\u017einota taip","robots":{"index":"index","follow":"follow","max-snippet":"max-snippet:-1","max-image-preview":"max-image-preview:large","max-video-preview":"max-video-preview:-1"},"canonical":"https:\/\/skaitytaknyga.lt\/en\/produktas\/dievas-ir-pasaulis-krikscioniu-tikejimo-paslaptys-pokalbis-su-peteriu-seewaldu\/","og_locale":"en_GB","og_type":"article","og_title":"[:lt]Dievas ir pasaulis: krik\u0161\u010dioni\u0173 tik\u0117jimo paslaptys. Pokalbis su Peteriu Seewaldu[:] - Skaitytaknyga","og_description":"Dievo vardas niekada nebuvo tariamas taip da\u017enai kaip m\u016bs\u0173 laikais. Niekada nebuvo tiek daug kalbama apie Ba\u017eny\u010di\u0105 - ir niekada apie j\u0105 ne\u017einota taip","og_url":"https:\/\/skaitytaknyga.lt\/en\/produktas\/dievas-ir-pasaulis-krikscioniu-tikejimo-paslaptys-pokalbis-su-peteriu-seewaldu\/","og_site_name":"Skaitytaknyga","article_publisher":"https:\/\/www.facebook.com\/skaitytaknyga\/","article_modified_time":"2025-03-14T15:31:00+00:00","og_image":[{"width":416,"height":650,"url":"https:\/\/skaitytaknyga.lt\/wp-content\/uploads\/2024\/08\/Dievas-ir-pasaulis-krikscioniu-tikejimo-paslaptys-Pokalbis-su-Peteriu-Seewaldu.webp","type":"image\/webp"}],"twitter_card":"summary_large_image","twitter_misc":{"Estimated reading time":"2 minutes"},"schema":{"@context":"https:\/\/schema.org","@graph":[{"@type":"WebPage","@id":"https:\/\/skaitytaknyga.lt\/produktas\/dievas-ir-pasaulis-krikscioniu-tikejimo-paslaptys-pokalbis-su-peteriu-seewaldu\/","url":"https:\/\/skaitytaknyga.lt\/produktas\/dievas-ir-pasaulis-krikscioniu-tikejimo-paslaptys-pokalbis-su-peteriu-seewaldu\/","name":"Dievas ir pasaulis: krik\u0161\u010dioni\u0173 tik\u0117jimo paslaptys. Pokalbis su Peteriu Seewaldu","isPartOf":{"@id":"https:\/\/skaitytaknyga.lt\/#website"},"primaryImageOfPage":{"@id":"https:\/\/skaitytaknyga.lt\/produktas\/dievas-ir-pasaulis-krikscioniu-tikejimo-paslaptys-pokalbis-su-peteriu-seewaldu\/#primaryimage"},"image":{"@id":"https:\/\/skaitytaknyga.lt\/produktas\/dievas-ir-pasaulis-krikscioniu-tikejimo-paslaptys-pokalbis-su-peteriu-seewaldu\/#primaryimage"},"thumbnailUrl":"https:\/\/skaitytaknyga.lt\/wp-content\/uploads\/2024\/08\/Dievas-ir-pasaulis-krikscioniu-tikejimo-paslaptys-Pokalbis-su-Peteriu-Seewaldu.webp","datePublished":"2024-08-25T10:54:44+00:00","dateModified":"2025-03-14T15:31:00+00:00","description":"Dievo vardas niekada nebuvo tariamas taip da\u017enai kaip m\u016bs\u0173 laikais. Niekada nebuvo tiek daug kalbama apie Ba\u017eny\u010di\u0105 - ir niekada apie j\u0105 ne\u017einota taip","breadcrumb":{"@id":"https:\/\/skaitytaknyga.lt\/produktas\/dievas-ir-pasaulis-krikscioniu-tikejimo-paslaptys-pokalbis-su-peteriu-seewaldu\/#breadcrumb"},"inLanguage":"en-GB","potentialAction":[{"@type":"ReadAction","target":["https:\/\/skaitytaknyga.lt\/produktas\/dievas-ir-pasaulis-krikscioniu-tikejimo-paslaptys-pokalbis-su-peteriu-seewaldu\/"]}]},{"@type":"ImageObject","inLanguage":"en-GB","@id":"https:\/\/skaitytaknyga.lt\/produktas\/dievas-ir-pasaulis-krikscioniu-tikejimo-paslaptys-pokalbis-su-peteriu-seewaldu\/#primaryimage","url":"https:\/\/skaitytaknyga.lt\/wp-content\/uploads\/2024\/08\/Dievas-ir-pasaulis-krikscioniu-tikejimo-paslaptys-Pokalbis-su-Peteriu-Seewaldu.webp","contentUrl":"https:\/\/skaitytaknyga.lt\/wp-content\/uploads\/2024\/08\/Dievas-ir-pasaulis-krikscioniu-tikejimo-paslaptys-Pokalbis-su-Peteriu-Seewaldu.webp","width":416,"height":650,"caption":"Dievas ir pasaulis krik\u0161\u010dioni\u0173 tik\u0117jimo paslaptys Pokalbis su Peteriu Seewaldu"},{"@type":"BreadcrumbList","@id":"https:\/\/skaitytaknyga.lt\/produktas\/dievas-ir-pasaulis-krikscioniu-tikejimo-paslaptys-pokalbis-su-peteriu-seewaldu\/#breadcrumb","itemListElement":[{"@type":"ListItem","position":1,"name":"Home","item":"https:\/\/skaitytaknyga.lt\/"},{"@type":"ListItem","position":2,"name":"Parduotuv\u0117","item":"https:\/\/skaitytaknyga.lt\/knygu-parduotuve\/"},{"@type":"ListItem","position":3,"name":"Dievas ir pasaulis: krik\u0161\u010dioni\u0173 tik\u0117jimo paslaptys. Pokalbis su Peteriu Seewaldu"}]},{"@type":"WebSite","@id":"https:\/\/skaitytaknyga.lt\/#website","url":"https:\/\/skaitytaknyga.lt\/","name":"skaitytaknyga.lt","description":"Skaitytaknyga.lt \u2013 tai ma\u017eas \u0161eimos verslas, kuris prasid\u0117jo nuo meil\u0117s knygoms ir siekio i\u0161gelb\u0117ti knygas nuo likimo prie konteinerio. Kas vienam nereikalingas daiktas \u2013 kitam lobis, o mes esame tarpininkai, kurie padeda abiems tapti laimingesniems ???? \u017dinome kaip nelengva i\u0161gyventi ma\u017eiems verslams, tad nuo \u0161iol, \u010dia rasite ir kit\u0173, ma\u017e\u0173 \u0161eim\u0173 versl\u0173, rank\u0173 darbo, dovan\u0173 sau ir artimiesiems.","publisher":{"@id":"https:\/\/skaitytaknyga.lt\/#organization"},"potentialAction":[{"@type":"SearchAction","target":{"@type":"EntryPoint","urlTemplate":"https:\/\/skaitytaknyga.lt\/?s={search_term_string}"},"query-input":{"@type":"PropertyValueSpecification","valueRequired":true,"valueName":"search_term_string"}}],"inLanguage":"en-GB"},{"@type":"Organization","@id":"https:\/\/skaitytaknyga.lt\/#organization","name":"skaitytaknyga.lt","url":"https:\/\/skaitytaknyga.lt\/","logo":{"@type":"ImageObject","inLanguage":"en-GB","@id":"https:\/\/skaitytaknyga.lt\/#\/schema\/logo\/image\/","url":"https:\/\/skaitytaknyga.lt\/wp-content\/uploads\/2024\/05\/cropped-cropped-cropped-02_00843_jt3bggkj1j3HLc7SyY6rEUpg.jpeg","contentUrl":"https:\/\/skaitytaknyga.lt\/wp-content\/uploads\/2024\/05\/cropped-cropped-cropped-02_00843_jt3bggkj1j3HLc7SyY6rEUpg.jpeg","width":1600,"height":1600,"caption":"skaitytaknyga.lt"},"image":{"@id":"https:\/\/skaitytaknyga.lt\/#\/schema\/logo\/image\/"},"sameAs":["https:\/\/www.facebook.com\/skaitytaknyga\/"]}]}},"_links":{"self":[{"href":"https:\/\/skaitytaknyga.lt\/en\/wp-json\/wp\/v2\/product\/13561","targetHints":{"allow":["GET"]}}],"collection":[{"href":"https:\/\/skaitytaknyga.lt\/en\/wp-json\/wp\/v2\/product"}],"about":[{"href":"https:\/\/skaitytaknyga.lt\/en\/wp-json\/wp\/v2\/types\/product"}],"replies":[{"embeddable":true,"href":"https:\/\/skaitytaknyga.lt\/en\/wp-json\/wp\/v2\/comments?post=13561"}],"wp:featuredmedia":[{"embeddable":true,"href":"https:\/\/skaitytaknyga.lt\/en\/wp-json\/wp\/v2\/media\/13568"}],"wp:attachment":[{"href":"https:\/\/skaitytaknyga.lt\/en\/wp-json\/wp\/v2\/media?parent=13561"}],"wp:term":[{"taxonomy":"product_brand","embeddable":true,"href":"https:\/\/skaitytaknyga.lt\/en\/wp-json\/wp\/v2\/product_brand?post=13561"},{"taxonomy":"product_cat","embeddable":true,"href":"https:\/\/skaitytaknyga.lt\/en\/wp-json\/wp\/v2\/product_cat?post=13561"},{"taxonomy":"product_tag","embeddable":true,"href":"https:\/\/skaitytaknyga.lt\/en\/wp-json\/wp\/v2\/product_tag?post=13561"}],"curies":[{"name":"wp","href":"https:\/\/api.w.org\/{rel}","templated":true}]}}