{"id":13560,"date":"2024-08-25T13:54:44","date_gmt":"2024-08-25T10:54:44","guid":{"rendered":"https:\/\/skaitytaknyga.lt\/?post_type=product&#038;p=13560"},"modified":"2024-08-25T14:03:05","modified_gmt":"2024-08-25T11:03:05","slug":"popiezius-pranciskus","status":"publish","type":"product","link":"https:\/\/skaitytaknyga.lt\/en\/produktas\/popiezius-pranciskus\/","title":{"rendered":"Popie\u017eius Pranci\u0161kus"},"content":{"rendered":"<p>Knygoje pateikiami unikal\u016bs ir tiksl\u016bs popie\u017eiaus liudijimai apie \u012fvairius jo gyvenimo vingius. Popie\u017eius pasakoja apie savo t\u0117v\u0173 atvykim\u0105 \u012f Buenos Aires 1929 metais, savo gimimo aplinkybes, vaikyst\u0119 ir pirmuosius religinio pa\u0161aukimo pasirei\u0161kimus, kuriuos patyr\u0117 po sunkaus plau\u010di\u0173 u\u017edegimo.<\/p>\n<p>Prisimena studijas kunig\u0173 seminarijoje, kalba apie savo, kaip psichologo ir literat\u016brologo, patirt\u012f. Nuo\u0161ird\u017eiai dalijasi su skaitytojais \u0161viesiomis savo mintimis ir nevengia n\u0117 vienos nemalonios temos: dr\u0105siai kalba apie maldos patirtis, celibat\u0105, ganytoji\u0161k\u0105 Ba\u017eny\u010dios veikl\u0105 ir j\u0105 supur\u010diusius seksualinius skandalus.<\/p>\n<ul class=\"about-product d-none d-xl-block mt-4\">\n<li><strong>Autorius:<\/strong>\u00a0Sergio Rubin,\u00a0Francesca Ambrogetti<\/li>\n<li><strong>Leid\u0117jas:<\/strong>\u00a0Katalik\u0173 pasaulio leidiniai<\/li>\n<li><strong>Metai:<\/strong>\u00a02013<\/li>\n<li><strong>Puslapiai:<\/strong>\u00a0176<\/li>\n<li><strong>ISBN:<\/strong>\u00a09789955292357<\/li>\n<li><strong>Formatas:<\/strong>\u00a014 x 22 cm, kieti vir\u0161eliai<\/li>\n<li><strong>Kalba:<\/strong>\u00a0Lietuvi\u0173<\/li>\n<\/ul>\n","protected":false},"excerpt":{"rendered":"<p>Knygoje pateikiami unikal\u016bs ir tiksl\u016bs popie\u017eiaus liudijimai apie \u012fvairius jo gyvenimo vingius. Popie\u017eius pasakoja apie savo t\u0117v\u0173 atvykim\u0105 \u012f Buenos Aires 1929 metais, savo gimimo aplinkybes, vaikyst\u0119 ir pirmuosius religinio pa\u0161aukimo pasirei\u0161kimus, kuriuos patyr\u0117 po sunkaus plau\u010di\u0173 u\u017edegimo. Prisimena studijas kunig\u0173 seminarijoje, kalba apie savo, kaip psichologo ir literat\u016brologo, patirt\u012f. Nuo\u0161ird\u017eiai dalijasi su skaitytojais \u0161viesiomis savo mintimis ir nevengia n\u0117 vienos nemalonios temos: dr\u0105siai kalba apie maldos patirtis, celibat\u0105, ganytoji\u0161k\u0105 Ba\u017eny\u010dios veikl\u0105 ir j\u0105 supur\u010diusius seksualinius skandalus. Autorius:\u00a0Sergio Rubin,\u00a0Francesca Ambrogetti Leid\u0117jas:\u00a0Katalik\u0173 pasaulio leidiniai Metai:\u00a02013 Puslapiai:\u00a0176 ISBN:\u00a09789955292357 Formatas:\u00a014 x 22 cm, kieti vir\u0161eliai Kalba:\u00a0Lietuvi\u0173<\/p>\n","protected":false},"featured_media":13569,"comment_status":"open","ping_status":"closed","template":"","meta":{"_acf_changed":false,"site-sidebar-layout":"default","site-content-layout":"","ast-site-content-layout":"default","site-content-style":"default","site-sidebar-style":"default","ast-global-header-display":"","ast-banner-title-visibility":"","ast-main-header-display":"","ast-hfb-above-header-display":"","ast-hfb-below-header-display":"","ast-hfb-mobile-header-display":"","site-post-title":"","ast-breadcrumbs-content":"","ast-featured-img":"","footer-sml-layout":"","ast-disable-related-posts":"","theme-transparent-header-meta":"default","adv-header-id-meta":"","stick-header-meta":"","header-above-stick-meta":"","header-main-stick-meta":"","header-below-stick-meta":"","astra-migrate-meta-layouts":"set","ast-page-background-enabled":"default","ast-page-background-meta":{"desktop":{"background-color":"","background-image":"","background-repeat":"repeat","background-position":"center center","background-size":"auto","background-attachment":"scroll","background-type":"","background-media":"","overlay-type":"","overlay-color":"","overlay-opacity":"","overlay-gradient":""},"tablet":{"background-color":"","background-image":"","background-repeat":"repeat","background-position":"center center","background-size":"auto","background-attachment":"scroll","background-type":"","background-media":"","overlay-type":"","overlay-color":"","overlay-opacity":"","overlay-gradient":""},"mobile":{"background-color":"","background-image":"","background-repeat":"repeat","background-position":"center center","background-size":"auto","background-attachment":"scroll","background-type":"","background-media":"","overlay-type":"","overlay-color":"","overlay-opacity":"","overlay-gradient":""}},"ast-content-background-meta":{"desktop":{"background-color":"var(--ast-global-color-4)","background-image":"","background-repeat":"repeat","background-position":"center center","background-size":"auto","background-attachment":"scroll","background-type":"","background-media":"","overlay-type":"","overlay-color":"","overlay-opacity":"","overlay-gradient":""},"tablet":{"background-color":"var(--ast-global-color-4)","background-image":"","background-repeat":"repeat","background-position":"center center","background-size":"auto","background-attachment":"scroll","background-type":"","background-media":"","overlay-type":"","overlay-color":"","overlay-opacity":"","overlay-gradient":""},"mobile":{"background-color":"var(--ast-global-color-4)","background-image":"","background-repeat":"repeat","background-position":"center center","background-size":"auto","background-attachment":"scroll","background-type":"","background-media":"","overlay-type":"","overlay-color":"","overlay-opacity":"","overlay-gradient":""}}},"product_brand":[],"product_cat":[15,165],"product_tag":[],"class_list":{"0":"post-13560","1":"product","2":"type-product","3":"status-publish","4":"has-post-thumbnail","6":"product_cat-uncategorized","7":"product_cat-religija-filosofija-ir-ezoterika","8":"desktop-align-left","9":"tablet-align-left","10":"mobile-align-left","12":"first","13":"instock","14":"shipping-taxable","15":"purchasable","16":"product-type-simple"},"acf":[],"yoast_head":"<!-- This site is optimized with the Yoast SEO plugin v27.0 - https:\/\/yoast.com\/product\/yoast-seo-wordpress\/ -->\n<title>Popie\u017eius Pranci\u0161kus<\/title>\n<meta name=\"description\" content=\"Knygoje pateikiami unikal\u016bs ir tiksl\u016bs popie\u017eiaus liudijimai apie \u012fvairius jo gyvenimo vingius. Popie\u017eius pasakoja apie savo t\u0117v\u0173 atvykim\u0105 \u012f Buenos Aires\" \/>\n<meta name=\"robots\" content=\"index, follow, max-snippet:-1, max-image-preview:large, max-video-preview:-1\" \/>\n<link rel=\"canonical\" href=\"https:\/\/skaitytaknyga.lt\/en\/produktas\/popiezius-pranciskus\/\" \/>\n<meta property=\"og:locale\" content=\"en_GB\" \/>\n<meta property=\"og:locale:alternate\" content=\"lt_LT\" \/>\n<meta property=\"og:type\" content=\"article\" \/>\n<meta property=\"og:title\" content=\"Popie\u017eius Pranci\u0161kus\" \/>\n<meta property=\"og:description\" content=\"Knygoje pateikiami unikal\u016bs ir tiksl\u016bs popie\u017eiaus liudijimai apie \u012fvairius jo gyvenimo vingius. Popie\u017eius pasakoja apie savo t\u0117v\u0173 atvykim\u0105 \u012f Buenos Aires\" \/>\n<meta property=\"og:url\" content=\"https:\/\/skaitytaknyga.lt\/en\/produktas\/popiezius-pranciskus\/\" \/>\n<meta property=\"og:site_name\" content=\"Skaitytaknyga\" \/>\n<meta property=\"article:publisher\" content=\"https:\/\/www.facebook.com\/skaitytaknyga\/\" \/>\n<meta property=\"article:modified_time\" content=\"2024-08-25T11:03:05+00:00\" \/>\n<meta property=\"og:image\" content=\"https:\/\/skaitytaknyga.lt\/wp-content\/uploads\/2024\/08\/Popiezius-Pranciskus.webp\" \/>\n\t<meta property=\"og:image:width\" content=\"484\" \/>\n\t<meta property=\"og:image:height\" content=\"750\" \/>\n\t<meta property=\"og:image:type\" content=\"image\/webp\" \/>\n<meta name=\"twitter:card\" content=\"summary_large_image\" \/>\n<meta name=\"twitter:label1\" content=\"Estimated reading time\" \/>\n\t<meta name=\"twitter:data1\" content=\"1 minute\" \/>\n<script type=\"application\/ld+json\" class=\"yoast-schema-graph\">{\"@context\":\"https:\/\/schema.org\",\"@graph\":[{\"@type\":\"WebPage\",\"@id\":\"https:\/\/skaitytaknyga.lt\/produktas\/popiezius-pranciskus\/\",\"url\":\"https:\/\/skaitytaknyga.lt\/produktas\/popiezius-pranciskus\/\",\"name\":\"Popie\u017eius Pranci\u0161kus\",\"isPartOf\":{\"@id\":\"https:\/\/skaitytaknyga.lt\/#website\"},\"primaryImageOfPage\":{\"@id\":\"https:\/\/skaitytaknyga.lt\/produktas\/popiezius-pranciskus\/#primaryimage\"},\"image\":{\"@id\":\"https:\/\/skaitytaknyga.lt\/produktas\/popiezius-pranciskus\/#primaryimage\"},\"thumbnailUrl\":\"https:\/\/skaitytaknyga.lt\/wp-content\/uploads\/2024\/08\/Popiezius-Pranciskus.webp\",\"datePublished\":\"2024-08-25T10:54:44+00:00\",\"dateModified\":\"2024-08-25T11:03:05+00:00\",\"description\":\"Knygoje pateikiami unikal\u016bs ir tiksl\u016bs popie\u017eiaus liudijimai apie \u012fvairius jo gyvenimo vingius. Popie\u017eius pasakoja apie savo t\u0117v\u0173 atvykim\u0105 \u012f Buenos Aires\",\"breadcrumb\":{\"@id\":\"https:\/\/skaitytaknyga.lt\/produktas\/popiezius-pranciskus\/#breadcrumb\"},\"inLanguage\":\"en-GB\",\"potentialAction\":[{\"@type\":\"ReadAction\",\"target\":[\"https:\/\/skaitytaknyga.lt\/produktas\/popiezius-pranciskus\/\"]}]},{\"@type\":\"ImageObject\",\"inLanguage\":\"en-GB\",\"@id\":\"https:\/\/skaitytaknyga.lt\/produktas\/popiezius-pranciskus\/#primaryimage\",\"url\":\"https:\/\/skaitytaknyga.lt\/wp-content\/uploads\/2024\/08\/Popiezius-Pranciskus.webp\",\"contentUrl\":\"https:\/\/skaitytaknyga.lt\/wp-content\/uploads\/2024\/08\/Popiezius-Pranciskus.webp\",\"width\":484,\"height\":750,\"caption\":\"Popie\u017eius Pranci\u0161kus\"},{\"@type\":\"BreadcrumbList\",\"@id\":\"https:\/\/skaitytaknyga.lt\/produktas\/popiezius-pranciskus\/#breadcrumb\",\"itemListElement\":[{\"@type\":\"ListItem\",\"position\":1,\"name\":\"Home\",\"item\":\"https:\/\/skaitytaknyga.lt\/\"},{\"@type\":\"ListItem\",\"position\":2,\"name\":\"Parduotuv\u0117\",\"item\":\"https:\/\/skaitytaknyga.lt\/knygu-parduotuve\/\"},{\"@type\":\"ListItem\",\"position\":3,\"name\":\"Popie\u017eius Pranci\u0161kus\"}]},{\"@type\":\"WebSite\",\"@id\":\"https:\/\/skaitytaknyga.lt\/#website\",\"url\":\"https:\/\/skaitytaknyga.lt\/\",\"name\":\"skaitytaknyga.lt\",\"description\":\"Skaitytaknyga.lt \u2013 tai ma\u017eas \u0161eimos verslas, kuris prasid\u0117jo nuo meil\u0117s knygoms ir siekio i\u0161gelb\u0117ti knygas nuo likimo prie konteinerio. Kas vienam nereikalingas daiktas \u2013 kitam lobis, o mes esame tarpininkai, kurie padeda abiems tapti laimingesniems ???? \u017dinome kaip nelengva i\u0161gyventi ma\u017eiems verslams, tad nuo \u0161iol, \u010dia rasite ir kit\u0173, ma\u017e\u0173 \u0161eim\u0173 versl\u0173, rank\u0173 darbo, dovan\u0173 sau ir artimiesiems.\",\"publisher\":{\"@id\":\"https:\/\/skaitytaknyga.lt\/#organization\"},\"potentialAction\":[{\"@type\":\"SearchAction\",\"target\":{\"@type\":\"EntryPoint\",\"urlTemplate\":\"https:\/\/skaitytaknyga.lt\/?s={search_term_string}\"},\"query-input\":{\"@type\":\"PropertyValueSpecification\",\"valueRequired\":true,\"valueName\":\"search_term_string\"}}],\"inLanguage\":\"en-GB\"},{\"@type\":\"Organization\",\"@id\":\"https:\/\/skaitytaknyga.lt\/#organization\",\"name\":\"skaitytaknyga.lt\",\"url\":\"https:\/\/skaitytaknyga.lt\/\",\"logo\":{\"@type\":\"ImageObject\",\"inLanguage\":\"en-GB\",\"@id\":\"https:\/\/skaitytaknyga.lt\/#\/schema\/logo\/image\/\",\"url\":\"https:\/\/skaitytaknyga.lt\/wp-content\/uploads\/2024\/05\/cropped-cropped-cropped-02_00843_jt3bggkj1j3HLc7SyY6rEUpg.jpeg\",\"contentUrl\":\"https:\/\/skaitytaknyga.lt\/wp-content\/uploads\/2024\/05\/cropped-cropped-cropped-02_00843_jt3bggkj1j3HLc7SyY6rEUpg.jpeg\",\"width\":1600,\"height\":1600,\"caption\":\"skaitytaknyga.lt\"},\"image\":{\"@id\":\"https:\/\/skaitytaknyga.lt\/#\/schema\/logo\/image\/\"},\"sameAs\":[\"https:\/\/www.facebook.com\/skaitytaknyga\/\"]}]}<\/script>\n<!-- \/ Yoast SEO plugin. -->","yoast_head_json":{"title":"Popie\u017eius Pranci\u0161kus","description":"Knygoje pateikiami unikal\u016bs ir tiksl\u016bs popie\u017eiaus liudijimai apie \u012fvairius jo gyvenimo vingius. Popie\u017eius pasakoja apie savo t\u0117v\u0173 atvykim\u0105 \u012f Buenos Aires","robots":{"index":"index","follow":"follow","max-snippet":"max-snippet:-1","max-image-preview":"max-image-preview:large","max-video-preview":"max-video-preview:-1"},"canonical":"https:\/\/skaitytaknyga.lt\/en\/produktas\/popiezius-pranciskus\/","og_locale":"en_GB","og_type":"article","og_title":"[:lt]Popie\u017eius Pranci\u0161kus[:] - Skaitytaknyga","og_description":"Knygoje pateikiami unikal\u016bs ir tiksl\u016bs popie\u017eiaus liudijimai apie \u012fvairius jo gyvenimo vingius. Popie\u017eius pasakoja apie savo t\u0117v\u0173 atvykim\u0105 \u012f Buenos Aires","og_url":"https:\/\/skaitytaknyga.lt\/en\/produktas\/popiezius-pranciskus\/","og_site_name":"Skaitytaknyga","article_publisher":"https:\/\/www.facebook.com\/skaitytaknyga\/","article_modified_time":"2024-08-25T11:03:05+00:00","og_image":[{"width":484,"height":750,"url":"https:\/\/skaitytaknyga.lt\/wp-content\/uploads\/2024\/08\/Popiezius-Pranciskus.webp","type":"image\/webp"}],"twitter_card":"summary_large_image","twitter_misc":{"Estimated reading time":"1 minute"},"schema":{"@context":"https:\/\/schema.org","@graph":[{"@type":"WebPage","@id":"https:\/\/skaitytaknyga.lt\/produktas\/popiezius-pranciskus\/","url":"https:\/\/skaitytaknyga.lt\/produktas\/popiezius-pranciskus\/","name":"Popie\u017eius Pranci\u0161kus","isPartOf":{"@id":"https:\/\/skaitytaknyga.lt\/#website"},"primaryImageOfPage":{"@id":"https:\/\/skaitytaknyga.lt\/produktas\/popiezius-pranciskus\/#primaryimage"},"image":{"@id":"https:\/\/skaitytaknyga.lt\/produktas\/popiezius-pranciskus\/#primaryimage"},"thumbnailUrl":"https:\/\/skaitytaknyga.lt\/wp-content\/uploads\/2024\/08\/Popiezius-Pranciskus.webp","datePublished":"2024-08-25T10:54:44+00:00","dateModified":"2024-08-25T11:03:05+00:00","description":"Knygoje pateikiami unikal\u016bs ir tiksl\u016bs popie\u017eiaus liudijimai apie \u012fvairius jo gyvenimo vingius. Popie\u017eius pasakoja apie savo t\u0117v\u0173 atvykim\u0105 \u012f Buenos Aires","breadcrumb":{"@id":"https:\/\/skaitytaknyga.lt\/produktas\/popiezius-pranciskus\/#breadcrumb"},"inLanguage":"en-GB","potentialAction":[{"@type":"ReadAction","target":["https:\/\/skaitytaknyga.lt\/produktas\/popiezius-pranciskus\/"]}]},{"@type":"ImageObject","inLanguage":"en-GB","@id":"https:\/\/skaitytaknyga.lt\/produktas\/popiezius-pranciskus\/#primaryimage","url":"https:\/\/skaitytaknyga.lt\/wp-content\/uploads\/2024\/08\/Popiezius-Pranciskus.webp","contentUrl":"https:\/\/skaitytaknyga.lt\/wp-content\/uploads\/2024\/08\/Popiezius-Pranciskus.webp","width":484,"height":750,"caption":"Popie\u017eius Pranci\u0161kus"},{"@type":"BreadcrumbList","@id":"https:\/\/skaitytaknyga.lt\/produktas\/popiezius-pranciskus\/#breadcrumb","itemListElement":[{"@type":"ListItem","position":1,"name":"Home","item":"https:\/\/skaitytaknyga.lt\/"},{"@type":"ListItem","position":2,"name":"Parduotuv\u0117","item":"https:\/\/skaitytaknyga.lt\/knygu-parduotuve\/"},{"@type":"ListItem","position":3,"name":"Popie\u017eius Pranci\u0161kus"}]},{"@type":"WebSite","@id":"https:\/\/skaitytaknyga.lt\/#website","url":"https:\/\/skaitytaknyga.lt\/","name":"skaitytaknyga.lt","description":"Skaitytaknyga.lt \u2013 tai ma\u017eas \u0161eimos verslas, kuris prasid\u0117jo nuo meil\u0117s knygoms ir siekio i\u0161gelb\u0117ti knygas nuo likimo prie konteinerio. Kas vienam nereikalingas daiktas \u2013 kitam lobis, o mes esame tarpininkai, kurie padeda abiems tapti laimingesniems ???? \u017dinome kaip nelengva i\u0161gyventi ma\u017eiems verslams, tad nuo \u0161iol, \u010dia rasite ir kit\u0173, ma\u017e\u0173 \u0161eim\u0173 versl\u0173, rank\u0173 darbo, dovan\u0173 sau ir artimiesiems.","publisher":{"@id":"https:\/\/skaitytaknyga.lt\/#organization"},"potentialAction":[{"@type":"SearchAction","target":{"@type":"EntryPoint","urlTemplate":"https:\/\/skaitytaknyga.lt\/?s={search_term_string}"},"query-input":{"@type":"PropertyValueSpecification","valueRequired":true,"valueName":"search_term_string"}}],"inLanguage":"en-GB"},{"@type":"Organization","@id":"https:\/\/skaitytaknyga.lt\/#organization","name":"skaitytaknyga.lt","url":"https:\/\/skaitytaknyga.lt\/","logo":{"@type":"ImageObject","inLanguage":"en-GB","@id":"https:\/\/skaitytaknyga.lt\/#\/schema\/logo\/image\/","url":"https:\/\/skaitytaknyga.lt\/wp-content\/uploads\/2024\/05\/cropped-cropped-cropped-02_00843_jt3bggkj1j3HLc7SyY6rEUpg.jpeg","contentUrl":"https:\/\/skaitytaknyga.lt\/wp-content\/uploads\/2024\/05\/cropped-cropped-cropped-02_00843_jt3bggkj1j3HLc7SyY6rEUpg.jpeg","width":1600,"height":1600,"caption":"skaitytaknyga.lt"},"image":{"@id":"https:\/\/skaitytaknyga.lt\/#\/schema\/logo\/image\/"},"sameAs":["https:\/\/www.facebook.com\/skaitytaknyga\/"]}]}},"_links":{"self":[{"href":"https:\/\/skaitytaknyga.lt\/en\/wp-json\/wp\/v2\/product\/13560","targetHints":{"allow":["GET"]}}],"collection":[{"href":"https:\/\/skaitytaknyga.lt\/en\/wp-json\/wp\/v2\/product"}],"about":[{"href":"https:\/\/skaitytaknyga.lt\/en\/wp-json\/wp\/v2\/types\/product"}],"replies":[{"embeddable":true,"href":"https:\/\/skaitytaknyga.lt\/en\/wp-json\/wp\/v2\/comments?post=13560"}],"wp:featuredmedia":[{"embeddable":true,"href":"https:\/\/skaitytaknyga.lt\/en\/wp-json\/wp\/v2\/media\/13569"}],"wp:attachment":[{"href":"https:\/\/skaitytaknyga.lt\/en\/wp-json\/wp\/v2\/media?parent=13560"}],"wp:term":[{"taxonomy":"product_brand","embeddable":true,"href":"https:\/\/skaitytaknyga.lt\/en\/wp-json\/wp\/v2\/product_brand?post=13560"},{"taxonomy":"product_cat","embeddable":true,"href":"https:\/\/skaitytaknyga.lt\/en\/wp-json\/wp\/v2\/product_cat?post=13560"},{"taxonomy":"product_tag","embeddable":true,"href":"https:\/\/skaitytaknyga.lt\/en\/wp-json\/wp\/v2\/product_tag?post=13560"}],"curies":[{"name":"wp","href":"https:\/\/api.w.org\/{rel}","templated":true}]}}