{"id":13559,"date":"2024-08-25T13:54:44","date_gmt":"2024-08-25T10:54:44","guid":{"rendered":"https:\/\/skaitytaknyga.lt\/?post_type=product&#038;p=13559"},"modified":"2024-08-25T14:03:39","modified_gmt":"2024-08-25T11:03:39","slug":"claudio-mina-meiles-psichologija-2","status":"publish","type":"product","link":"https:\/\/skaitytaknyga.lt\/en\/produktas\/claudio-mina-meiles-psichologija-2\/","title":{"rendered":"Claudio Mina \u201eMeil\u0117s psichologija\u201c"},"content":{"rendered":"<p>\u201eMyl\u0117ti yra sud\u0117tingiausia u\u017eduotis, kuri nesiliauja egzistavusi nuo tada, vos tik ryte atsikeli, iki tolei, kol vakare atsiguli. Ta\u010diau tuo pat metu tai ir did\u017eiausi\u0105 paguod\u0105 teikianti u\u017eduotis, nes kiekvien\u0105 dien\u0105 tave d\u017eiugins nauji fini\u0161ai, kuriuos ji leis tau pasiekti, ir tu patirsi nauj\u0173 i\u0161 prad\u017ei\u0173 ne\u012f\u017evelgiam\u0173 malonum\u0173, kurie v\u0117liau pasirodys tau esminiai, nes b\u016bsi kit\u0173 mylimas.\u201c (Levas Tolstojus)<\/p>\n<p>Meil\u0117 \u2013 svarbiausias m\u016bs\u0173 gyvenimo elementas, nes vien ji patenkina esminius kiekvieno \u017emogaus poreikius, teigia autorius. Knygoje tikrai rimtai gilinamasi \u012f meil\u0117s prigimties savitumus, siekiama pateikti paprast\u0105 ir ai\u0161k\u0173 jos apibr\u0117\u017eim\u0105, nustatyti b\u016bdus bei elgesio modelius, padedan\u010dius \u0161\u012f nuostab\u0173 geb\u0117jim\u0105 lavinti.<\/p>\n<p>Daugumoje skyri\u0173 autorius apm\u0105sto pa\u010dius kasdieni\u0161kiausius meil\u0117s gyvenimo aspektus:kaip saugotis subjektyvi\u0173 veiksni\u0173, kurie pateikia mums neteising\u0105 kit\u0173 \u012fvertinim\u0105, k\u0105 daryti su agresija, kaip \u012fgyti laim\u0119 myl\u0117ti save.<\/p>\n<ul class=\"about-product d-none d-xl-block mt-4\">\n<li><strong>Autorius:<\/strong>\u00a0Claudio Mina<\/li>\n<li><strong>Leid\u0117jas:<\/strong>\u00a0Katalik\u0173 pasaulio leidiniai<\/li>\n<li><strong>Metai:<\/strong>\u00a02005<\/li>\n<li><strong>Puslapiai:<\/strong>\u00a0116<\/li>\n<li><strong>ISBN:<\/strong>\u00a09789955619390<\/li>\n<li><strong>Formatas:<\/strong>\u00a012,6 x 19,8, mink\u0161ti vir\u0161eliai<\/li>\n<li><strong>Kalba:<\/strong>\u00a0Lietuvi\u0173<\/li>\n<li><strong>Vert\u0117jas:<\/strong>\u00a0Vaidil\u0117 Pukien\u0117<\/li>\n<\/ul>\n","protected":false},"excerpt":{"rendered":"<p>\u201eMyl\u0117ti yra sud\u0117tingiausia u\u017eduotis, kuri nesiliauja egzistavusi nuo tada, vos tik ryte atsikeli, iki tolei, kol vakare atsiguli. Ta\u010diau tuo pat metu tai ir did\u017eiausi\u0105 paguod\u0105 teikianti u\u017eduotis, nes kiekvien\u0105 dien\u0105 tave d\u017eiugins nauji fini\u0161ai, kuriuos ji leis tau pasiekti, ir tu patirsi nauj\u0173 i\u0161 prad\u017ei\u0173 ne\u012f\u017evelgiam\u0173 malonum\u0173, kurie v\u0117liau pasirodys tau esminiai, nes b\u016bsi kit\u0173 mylimas.\u201c (Levas Tolstojus) Meil\u0117 \u2013 svarbiausias m\u016bs\u0173 gyvenimo elementas, nes vien ji patenkina esminius kiekvieno \u017emogaus poreikius, teigia autorius. Knygoje tikrai rimtai gilinamasi \u012f meil\u0117s prigimties savitumus, siekiama pateikti paprast\u0105 ir ai\u0161k\u0173 jos apibr\u0117\u017eim\u0105, nustatyti b\u016bdus bei elgesio modelius, padedan\u010dius \u0161\u012f nuostab\u0173 geb\u0117jim\u0105 lavinti. Daugumoje skyri\u0173 autorius apm\u0105sto pa\u010dius kasdieni\u0161kiausius meil\u0117s gyvenimo aspektus:kaip saugotis subjektyvi\u0173 veiksni\u0173, kurie pateikia mums neteising\u0105 kit\u0173 \u012fvertinim\u0105, k\u0105 daryti su agresija, kaip \u012fgyti laim\u0119 myl\u0117ti save. Autorius:\u00a0Claudio Mina Leid\u0117jas:\u00a0Katalik\u0173 pasaulio leidiniai Metai:\u00a02005 Puslapiai:\u00a0116 ISBN:\u00a09789955619390 Formatas:\u00a012,6 x 19,8, mink\u0161ti vir\u0161eliai Kalba:\u00a0Lietuvi\u0173 Vert\u0117jas:\u00a0Vaidil\u0117 Pukien\u0117<\/p>\n","protected":false},"featured_media":13570,"comment_status":"open","ping_status":"closed","template":"","meta":{"_acf_changed":false,"site-sidebar-layout":"default","site-content-layout":"","ast-site-content-layout":"default","site-content-style":"default","site-sidebar-style":"default","ast-global-header-display":"","ast-banner-title-visibility":"","ast-main-header-display":"","ast-hfb-above-header-display":"","ast-hfb-below-header-display":"","ast-hfb-mobile-header-display":"","site-post-title":"","ast-breadcrumbs-content":"","ast-featured-img":"","footer-sml-layout":"","ast-disable-related-posts":"","theme-transparent-header-meta":"default","adv-header-id-meta":"","stick-header-meta":"","header-above-stick-meta":"","header-main-stick-meta":"","header-below-stick-meta":"","astra-migrate-meta-layouts":"set","ast-page-background-enabled":"default","ast-page-background-meta":{"desktop":{"background-color":"","background-image":"","background-repeat":"repeat","background-position":"center center","background-size":"auto","background-attachment":"scroll","background-type":"","background-media":"","overlay-type":"","overlay-color":"","overlay-opacity":"","overlay-gradient":""},"tablet":{"background-color":"","background-image":"","background-repeat":"repeat","background-position":"center center","background-size":"auto","background-attachment":"scroll","background-type":"","background-media":"","overlay-type":"","overlay-color":"","overlay-opacity":"","overlay-gradient":""},"mobile":{"background-color":"","background-image":"","background-repeat":"repeat","background-position":"center center","background-size":"auto","background-attachment":"scroll","background-type":"","background-media":"","overlay-type":"","overlay-color":"","overlay-opacity":"","overlay-gradient":""}},"ast-content-background-meta":{"desktop":{"background-color":"var(--ast-global-color-4)","background-image":"","background-repeat":"repeat","background-position":"center center","background-size":"auto","background-attachment":"scroll","background-type":"","background-media":"","overlay-type":"","overlay-color":"","overlay-opacity":"","overlay-gradient":""},"tablet":{"background-color":"var(--ast-global-color-4)","background-image":"","background-repeat":"repeat","background-position":"center center","background-size":"auto","background-attachment":"scroll","background-type":"","background-media":"","overlay-type":"","overlay-color":"","overlay-opacity":"","overlay-gradient":""},"mobile":{"background-color":"var(--ast-global-color-4)","background-image":"","background-repeat":"repeat","background-position":"center center","background-size":"auto","background-attachment":"scroll","background-type":"","background-media":"","overlay-type":"","overlay-color":"","overlay-opacity":"","overlay-gradient":""}}},"product_brand":[],"product_cat":[15,165],"product_tag":[],"class_list":{"0":"post-13559","1":"product","2":"type-product","3":"status-publish","4":"has-post-thumbnail","6":"product_cat-uncategorized","7":"product_cat-religija-filosofija-ir-ezoterika","8":"desktop-align-left","9":"tablet-align-left","10":"mobile-align-left","12":"first","13":"instock","14":"shipping-taxable","15":"purchasable","16":"product-type-simple"},"acf":[],"yoast_head":"<!-- This site is optimized with the Yoast SEO plugin v27.0 - https:\/\/yoast.com\/product\/yoast-seo-wordpress\/ -->\n<title>Claudio Mina \u201eMeil\u0117s psichologija\u201c<\/title>\n<meta name=\"description\" content=\"\u201eMyl\u0117ti yra sud\u0117tingiausia u\u017eduotis, kuri nesiliauja egzistavusi nuo tada, vos tik ryte atsikeli, iki tolei, kol vakare atsiguli. Ta\u010diau tuo pat metu tai\" \/>\n<meta name=\"robots\" content=\"index, follow, max-snippet:-1, max-image-preview:large, max-video-preview:-1\" \/>\n<link rel=\"canonical\" href=\"https:\/\/skaitytaknyga.lt\/en\/produktas\/claudio-mina-meiles-psichologija-2\/\" \/>\n<meta property=\"og:locale\" content=\"en_GB\" \/>\n<meta property=\"og:locale:alternate\" content=\"lt_LT\" \/>\n<meta property=\"og:type\" content=\"article\" \/>\n<meta property=\"og:title\" content=\"Claudio Mina \u201eMeil\u0117s psichologija\u201c\" \/>\n<meta property=\"og:description\" content=\"\u201eMyl\u0117ti yra sud\u0117tingiausia u\u017eduotis, kuri nesiliauja egzistavusi nuo tada, vos tik ryte atsikeli, iki tolei, kol vakare atsiguli. Ta\u010diau tuo pat metu tai\" \/>\n<meta property=\"og:url\" content=\"https:\/\/skaitytaknyga.lt\/en\/produktas\/claudio-mina-meiles-psichologija-2\/\" \/>\n<meta property=\"og:site_name\" content=\"Skaitytaknyga\" \/>\n<meta property=\"article:publisher\" content=\"https:\/\/www.facebook.com\/skaitytaknyga\/\" \/>\n<meta property=\"article:modified_time\" content=\"2024-08-25T11:03:39+00:00\" \/>\n<meta property=\"og:image\" content=\"https:\/\/skaitytaknyga.lt\/wp-content\/uploads\/2024\/08\/Meiles-psichologijaClaudio-Mina.webp\" \/>\n\t<meta property=\"og:image:width\" content=\"470\" \/>\n\t<meta property=\"og:image:height\" content=\"800\" \/>\n\t<meta property=\"og:image:type\" content=\"image\/webp\" \/>\n<meta name=\"twitter:card\" content=\"summary_large_image\" \/>\n<meta name=\"twitter:label1\" content=\"Estimated reading time\" \/>\n\t<meta name=\"twitter:data1\" content=\"1 minute\" \/>\n<script type=\"application\/ld+json\" class=\"yoast-schema-graph\">{\"@context\":\"https:\/\/schema.org\",\"@graph\":[{\"@type\":\"WebPage\",\"@id\":\"https:\/\/skaitytaknyga.lt\/produktas\/claudio-mina-meiles-psichologija-2\/\",\"url\":\"https:\/\/skaitytaknyga.lt\/produktas\/claudio-mina-meiles-psichologija-2\/\",\"name\":\"Claudio Mina \u201eMeil\u0117s psichologija\u201c\",\"isPartOf\":{\"@id\":\"https:\/\/skaitytaknyga.lt\/#website\"},\"primaryImageOfPage\":{\"@id\":\"https:\/\/skaitytaknyga.lt\/produktas\/claudio-mina-meiles-psichologija-2\/#primaryimage\"},\"image\":{\"@id\":\"https:\/\/skaitytaknyga.lt\/produktas\/claudio-mina-meiles-psichologija-2\/#primaryimage\"},\"thumbnailUrl\":\"https:\/\/skaitytaknyga.lt\/wp-content\/uploads\/2024\/08\/Meiles-psichologijaClaudio-Mina.webp\",\"datePublished\":\"2024-08-25T10:54:44+00:00\",\"dateModified\":\"2024-08-25T11:03:39+00:00\",\"description\":\"\u201eMyl\u0117ti yra sud\u0117tingiausia u\u017eduotis, kuri nesiliauja egzistavusi nuo tada, vos tik ryte atsikeli, iki tolei, kol vakare atsiguli. Ta\u010diau tuo pat metu tai\",\"breadcrumb\":{\"@id\":\"https:\/\/skaitytaknyga.lt\/produktas\/claudio-mina-meiles-psichologija-2\/#breadcrumb\"},\"inLanguage\":\"en-GB\",\"potentialAction\":[{\"@type\":\"ReadAction\",\"target\":[\"https:\/\/skaitytaknyga.lt\/produktas\/claudio-mina-meiles-psichologija-2\/\"]}]},{\"@type\":\"ImageObject\",\"inLanguage\":\"en-GB\",\"@id\":\"https:\/\/skaitytaknyga.lt\/produktas\/claudio-mina-meiles-psichologija-2\/#primaryimage\",\"url\":\"https:\/\/skaitytaknyga.lt\/wp-content\/uploads\/2024\/08\/Meiles-psichologijaClaudio-Mina.webp\",\"contentUrl\":\"https:\/\/skaitytaknyga.lt\/wp-content\/uploads\/2024\/08\/Meiles-psichologijaClaudio-Mina.webp\",\"width\":470,\"height\":800,\"caption\":\"Claudio Mina \u201eMeil\u0117s psichologija\u201c\"},{\"@type\":\"BreadcrumbList\",\"@id\":\"https:\/\/skaitytaknyga.lt\/produktas\/claudio-mina-meiles-psichologija-2\/#breadcrumb\",\"itemListElement\":[{\"@type\":\"ListItem\",\"position\":1,\"name\":\"Home\",\"item\":\"https:\/\/skaitytaknyga.lt\/\"},{\"@type\":\"ListItem\",\"position\":2,\"name\":\"Parduotuv\u0117\",\"item\":\"https:\/\/skaitytaknyga.lt\/knygu-parduotuve\/\"},{\"@type\":\"ListItem\",\"position\":3,\"name\":\"Claudio Mina \u201eMeil\u0117s psichologija\u201c\"}]},{\"@type\":\"WebSite\",\"@id\":\"https:\/\/skaitytaknyga.lt\/#website\",\"url\":\"https:\/\/skaitytaknyga.lt\/\",\"name\":\"skaitytaknyga.lt\",\"description\":\"Skaitytaknyga.lt \u2013 tai ma\u017eas \u0161eimos verslas, kuris prasid\u0117jo nuo meil\u0117s knygoms ir siekio i\u0161gelb\u0117ti knygas nuo likimo prie konteinerio. Kas vienam nereikalingas daiktas \u2013 kitam lobis, o mes esame tarpininkai, kurie padeda abiems tapti laimingesniems ???? \u017dinome kaip nelengva i\u0161gyventi ma\u017eiems verslams, tad nuo \u0161iol, \u010dia rasite ir kit\u0173, ma\u017e\u0173 \u0161eim\u0173 versl\u0173, rank\u0173 darbo, dovan\u0173 sau ir artimiesiems.\",\"publisher\":{\"@id\":\"https:\/\/skaitytaknyga.lt\/#organization\"},\"potentialAction\":[{\"@type\":\"SearchAction\",\"target\":{\"@type\":\"EntryPoint\",\"urlTemplate\":\"https:\/\/skaitytaknyga.lt\/?s={search_term_string}\"},\"query-input\":{\"@type\":\"PropertyValueSpecification\",\"valueRequired\":true,\"valueName\":\"search_term_string\"}}],\"inLanguage\":\"en-GB\"},{\"@type\":\"Organization\",\"@id\":\"https:\/\/skaitytaknyga.lt\/#organization\",\"name\":\"skaitytaknyga.lt\",\"url\":\"https:\/\/skaitytaknyga.lt\/\",\"logo\":{\"@type\":\"ImageObject\",\"inLanguage\":\"en-GB\",\"@id\":\"https:\/\/skaitytaknyga.lt\/#\/schema\/logo\/image\/\",\"url\":\"https:\/\/skaitytaknyga.lt\/wp-content\/uploads\/2024\/05\/cropped-cropped-cropped-02_00843_jt3bggkj1j3HLc7SyY6rEUpg.jpeg\",\"contentUrl\":\"https:\/\/skaitytaknyga.lt\/wp-content\/uploads\/2024\/05\/cropped-cropped-cropped-02_00843_jt3bggkj1j3HLc7SyY6rEUpg.jpeg\",\"width\":1600,\"height\":1600,\"caption\":\"skaitytaknyga.lt\"},\"image\":{\"@id\":\"https:\/\/skaitytaknyga.lt\/#\/schema\/logo\/image\/\"},\"sameAs\":[\"https:\/\/www.facebook.com\/skaitytaknyga\/\"]}]}<\/script>\n<!-- \/ Yoast SEO plugin. -->","yoast_head_json":{"title":"Claudio Mina \u201eMeil\u0117s psichologija\u201c","description":"\u201eMyl\u0117ti yra sud\u0117tingiausia u\u017eduotis, kuri nesiliauja egzistavusi nuo tada, vos tik ryte atsikeli, iki tolei, kol vakare atsiguli. Ta\u010diau tuo pat metu tai","robots":{"index":"index","follow":"follow","max-snippet":"max-snippet:-1","max-image-preview":"max-image-preview:large","max-video-preview":"max-video-preview:-1"},"canonical":"https:\/\/skaitytaknyga.lt\/en\/produktas\/claudio-mina-meiles-psichologija-2\/","og_locale":"en_GB","og_type":"article","og_title":"[:lt]Claudio Mina \u201eMeil\u0117s psichologija\u201c[:] - Skaitytaknyga","og_description":"\u201eMyl\u0117ti yra sud\u0117tingiausia u\u017eduotis, kuri nesiliauja egzistavusi nuo tada, vos tik ryte atsikeli, iki tolei, kol vakare atsiguli. Ta\u010diau tuo pat metu tai","og_url":"https:\/\/skaitytaknyga.lt\/en\/produktas\/claudio-mina-meiles-psichologija-2\/","og_site_name":"Skaitytaknyga","article_publisher":"https:\/\/www.facebook.com\/skaitytaknyga\/","article_modified_time":"2024-08-25T11:03:39+00:00","og_image":[{"width":470,"height":800,"url":"https:\/\/skaitytaknyga.lt\/wp-content\/uploads\/2024\/08\/Meiles-psichologijaClaudio-Mina.webp","type":"image\/webp"}],"twitter_card":"summary_large_image","twitter_misc":{"Estimated reading time":"1 minute"},"schema":{"@context":"https:\/\/schema.org","@graph":[{"@type":"WebPage","@id":"https:\/\/skaitytaknyga.lt\/produktas\/claudio-mina-meiles-psichologija-2\/","url":"https:\/\/skaitytaknyga.lt\/produktas\/claudio-mina-meiles-psichologija-2\/","name":"Claudio Mina \u201eMeil\u0117s psichologija\u201c","isPartOf":{"@id":"https:\/\/skaitytaknyga.lt\/#website"},"primaryImageOfPage":{"@id":"https:\/\/skaitytaknyga.lt\/produktas\/claudio-mina-meiles-psichologija-2\/#primaryimage"},"image":{"@id":"https:\/\/skaitytaknyga.lt\/produktas\/claudio-mina-meiles-psichologija-2\/#primaryimage"},"thumbnailUrl":"https:\/\/skaitytaknyga.lt\/wp-content\/uploads\/2024\/08\/Meiles-psichologijaClaudio-Mina.webp","datePublished":"2024-08-25T10:54:44+00:00","dateModified":"2024-08-25T11:03:39+00:00","description":"\u201eMyl\u0117ti yra sud\u0117tingiausia u\u017eduotis, kuri nesiliauja egzistavusi nuo tada, vos tik ryte atsikeli, iki tolei, kol vakare atsiguli. Ta\u010diau tuo pat metu tai","breadcrumb":{"@id":"https:\/\/skaitytaknyga.lt\/produktas\/claudio-mina-meiles-psichologija-2\/#breadcrumb"},"inLanguage":"en-GB","potentialAction":[{"@type":"ReadAction","target":["https:\/\/skaitytaknyga.lt\/produktas\/claudio-mina-meiles-psichologija-2\/"]}]},{"@type":"ImageObject","inLanguage":"en-GB","@id":"https:\/\/skaitytaknyga.lt\/produktas\/claudio-mina-meiles-psichologija-2\/#primaryimage","url":"https:\/\/skaitytaknyga.lt\/wp-content\/uploads\/2024\/08\/Meiles-psichologijaClaudio-Mina.webp","contentUrl":"https:\/\/skaitytaknyga.lt\/wp-content\/uploads\/2024\/08\/Meiles-psichologijaClaudio-Mina.webp","width":470,"height":800,"caption":"Claudio Mina \u201eMeil\u0117s psichologija\u201c"},{"@type":"BreadcrumbList","@id":"https:\/\/skaitytaknyga.lt\/produktas\/claudio-mina-meiles-psichologija-2\/#breadcrumb","itemListElement":[{"@type":"ListItem","position":1,"name":"Home","item":"https:\/\/skaitytaknyga.lt\/"},{"@type":"ListItem","position":2,"name":"Parduotuv\u0117","item":"https:\/\/skaitytaknyga.lt\/knygu-parduotuve\/"},{"@type":"ListItem","position":3,"name":"Claudio Mina \u201eMeil\u0117s psichologija\u201c"}]},{"@type":"WebSite","@id":"https:\/\/skaitytaknyga.lt\/#website","url":"https:\/\/skaitytaknyga.lt\/","name":"skaitytaknyga.lt","description":"Skaitytaknyga.lt \u2013 tai ma\u017eas \u0161eimos verslas, kuris prasid\u0117jo nuo meil\u0117s knygoms ir siekio i\u0161gelb\u0117ti knygas nuo likimo prie konteinerio. Kas vienam nereikalingas daiktas \u2013 kitam lobis, o mes esame tarpininkai, kurie padeda abiems tapti laimingesniems ???? \u017dinome kaip nelengva i\u0161gyventi ma\u017eiems verslams, tad nuo \u0161iol, \u010dia rasite ir kit\u0173, ma\u017e\u0173 \u0161eim\u0173 versl\u0173, rank\u0173 darbo, dovan\u0173 sau ir artimiesiems.","publisher":{"@id":"https:\/\/skaitytaknyga.lt\/#organization"},"potentialAction":[{"@type":"SearchAction","target":{"@type":"EntryPoint","urlTemplate":"https:\/\/skaitytaknyga.lt\/?s={search_term_string}"},"query-input":{"@type":"PropertyValueSpecification","valueRequired":true,"valueName":"search_term_string"}}],"inLanguage":"en-GB"},{"@type":"Organization","@id":"https:\/\/skaitytaknyga.lt\/#organization","name":"skaitytaknyga.lt","url":"https:\/\/skaitytaknyga.lt\/","logo":{"@type":"ImageObject","inLanguage":"en-GB","@id":"https:\/\/skaitytaknyga.lt\/#\/schema\/logo\/image\/","url":"https:\/\/skaitytaknyga.lt\/wp-content\/uploads\/2024\/05\/cropped-cropped-cropped-02_00843_jt3bggkj1j3HLc7SyY6rEUpg.jpeg","contentUrl":"https:\/\/skaitytaknyga.lt\/wp-content\/uploads\/2024\/05\/cropped-cropped-cropped-02_00843_jt3bggkj1j3HLc7SyY6rEUpg.jpeg","width":1600,"height":1600,"caption":"skaitytaknyga.lt"},"image":{"@id":"https:\/\/skaitytaknyga.lt\/#\/schema\/logo\/image\/"},"sameAs":["https:\/\/www.facebook.com\/skaitytaknyga\/"]}]}},"_links":{"self":[{"href":"https:\/\/skaitytaknyga.lt\/en\/wp-json\/wp\/v2\/product\/13559","targetHints":{"allow":["GET"]}}],"collection":[{"href":"https:\/\/skaitytaknyga.lt\/en\/wp-json\/wp\/v2\/product"}],"about":[{"href":"https:\/\/skaitytaknyga.lt\/en\/wp-json\/wp\/v2\/types\/product"}],"replies":[{"embeddable":true,"href":"https:\/\/skaitytaknyga.lt\/en\/wp-json\/wp\/v2\/comments?post=13559"}],"wp:featuredmedia":[{"embeddable":true,"href":"https:\/\/skaitytaknyga.lt\/en\/wp-json\/wp\/v2\/media\/13570"}],"wp:attachment":[{"href":"https:\/\/skaitytaknyga.lt\/en\/wp-json\/wp\/v2\/media?parent=13559"}],"wp:term":[{"taxonomy":"product_brand","embeddable":true,"href":"https:\/\/skaitytaknyga.lt\/en\/wp-json\/wp\/v2\/product_brand?post=13559"},{"taxonomy":"product_cat","embeddable":true,"href":"https:\/\/skaitytaknyga.lt\/en\/wp-json\/wp\/v2\/product_cat?post=13559"},{"taxonomy":"product_tag","embeddable":true,"href":"https:\/\/skaitytaknyga.lt\/en\/wp-json\/wp\/v2\/product_tag?post=13559"}],"curies":[{"name":"wp","href":"https:\/\/api.w.org\/{rel}","templated":true}]}}