{"id":13558,"date":"2024-08-25T13:54:44","date_gmt":"2024-08-25T10:54:44","guid":{"rendered":"https:\/\/skaitytaknyga.lt\/?post_type=product&#038;p=13558"},"modified":"2024-08-25T13:59:07","modified_gmt":"2024-08-25T10:59:07","slug":"kaip-uzauginti-tikra-vyra-be-tevo-seimoje","status":"publish","type":"product","link":"https:\/\/skaitytaknyga.lt\/en\/produktas\/kaip-uzauginti-tikra-vyra-be-tevo-seimoje\/","title":{"rendered":"Kaip u\u017eauginti tikr\u0105 vyr\u0105 be t\u0117vo \u0161eimoje"},"content":{"rendered":"<p>Pasitelkdami gyvus pavyzd\u017eius, autoriai atsako \u012f daugel\u012f klausim\u0173: koks mano, kaip vieni\u0161os motinos, vaidmuo? Ar galiu b\u016bti tikra, kad mano s\u016bnus u\u017eaugs neprarasdamas vyri\u0161kos tapatyb\u0117s? Galiausiai, kaip nepamir\u0161ti sav\u0119s ir savo poreiki\u0173.<\/p>\n<ul class=\"about-product d-none d-xl-block mt-4\">\n<li><strong>Autorius:<\/strong>\u00a0Richard Bromfield,\u00a0Cheryl Erwin<\/li>\n<li><strong>Leid\u0117jas:<\/strong>\u00a0Baltos lankos<\/li>\n<li><strong>Metai:<\/strong>\u00a02006<\/li>\n<li><strong>Puslapiai:<\/strong>\u00a0277<\/li>\n<li><strong>ISBN:<\/strong>\u00a09789955230571<\/li>\n<li><strong>Formatas:<\/strong>\u00a015 x 21,5 cm, mink\u0161ti vir\u0161eliai<\/li>\n<li><strong>Kalba:<\/strong>\u00a0Lietuvi\u0173<\/li>\n<li><strong>Vert\u0117jas:<\/strong>\u00a0Andrius Kun\u010dina<\/li>\n<\/ul>\n","protected":false},"excerpt":{"rendered":"<p>Pasitelkdami gyvus pavyzd\u017eius, autoriai atsako \u012f daugel\u012f klausim\u0173: koks mano, kaip vieni\u0161os motinos, vaidmuo? Ar galiu b\u016bti tikra, kad mano s\u016bnus u\u017eaugs neprarasdamas vyri\u0161kos tapatyb\u0117s? Galiausiai, kaip nepamir\u0161ti sav\u0119s ir savo poreiki\u0173. Autorius:\u00a0Richard Bromfield,\u00a0Cheryl Erwin Leid\u0117jas:\u00a0Baltos lankos Metai:\u00a02006 Puslapiai:\u00a0277 ISBN:\u00a09789955230571 Formatas:\u00a015 x 21,5 cm, mink\u0161ti vir\u0161eliai Kalba:\u00a0Lietuvi\u0173 Vert\u0117jas:\u00a0Andrius Kun\u010dina<\/p>\n","protected":false},"featured_media":13571,"comment_status":"open","ping_status":"closed","template":"","meta":{"_acf_changed":false,"site-sidebar-layout":"default","site-content-layout":"","ast-site-content-layout":"default","site-content-style":"default","site-sidebar-style":"default","ast-global-header-display":"","ast-banner-title-visibility":"","ast-main-header-display":"","ast-hfb-above-header-display":"","ast-hfb-below-header-display":"","ast-hfb-mobile-header-display":"","site-post-title":"","ast-breadcrumbs-content":"","ast-featured-img":"","footer-sml-layout":"","ast-disable-related-posts":"","theme-transparent-header-meta":"default","adv-header-id-meta":"","stick-header-meta":"","header-above-stick-meta":"","header-main-stick-meta":"","header-below-stick-meta":"","astra-migrate-meta-layouts":"set","ast-page-background-enabled":"default","ast-page-background-meta":{"desktop":{"background-color":"","background-image":"","background-repeat":"repeat","background-position":"center center","background-size":"auto","background-attachment":"scroll","background-type":"","background-media":"","overlay-type":"","overlay-color":"","overlay-opacity":"","overlay-gradient":""},"tablet":{"background-color":"","background-image":"","background-repeat":"repeat","background-position":"center center","background-size":"auto","background-attachment":"scroll","background-type":"","background-media":"","overlay-type":"","overlay-color":"","overlay-opacity":"","overlay-gradient":""},"mobile":{"background-color":"","background-image":"","background-repeat":"repeat","background-position":"center center","background-size":"auto","background-attachment":"scroll","background-type":"","background-media":"","overlay-type":"","overlay-color":"","overlay-opacity":"","overlay-gradient":""}},"ast-content-background-meta":{"desktop":{"background-color":"var(--ast-global-color-4)","background-image":"","background-repeat":"repeat","background-position":"center center","background-size":"auto","background-attachment":"scroll","background-type":"","background-media":"","overlay-type":"","overlay-color":"","overlay-opacity":"","overlay-gradient":""},"tablet":{"background-color":"var(--ast-global-color-4)","background-image":"","background-repeat":"repeat","background-position":"center center","background-size":"auto","background-attachment":"scroll","background-type":"","background-media":"","overlay-type":"","overlay-color":"","overlay-opacity":"","overlay-gradient":""},"mobile":{"background-color":"var(--ast-global-color-4)","background-image":"","background-repeat":"repeat","background-position":"center center","background-size":"auto","background-attachment":"scroll","background-type":"","background-media":"","overlay-type":"","overlay-color":"","overlay-opacity":"","overlay-gradient":""}}},"product_brand":[],"product_cat":[15],"product_tag":[],"class_list":{"0":"post-13558","1":"product","2":"type-product","3":"status-publish","4":"has-post-thumbnail","6":"product_cat-uncategorized","7":"desktop-align-left","8":"tablet-align-left","9":"mobile-align-left","11":"first","12":"instock","13":"shipping-taxable","14":"purchasable","15":"product-type-simple"},"acf":[],"yoast_head":"<!-- This site is optimized with the Yoast SEO plugin v27.0 - https:\/\/yoast.com\/product\/yoast-seo-wordpress\/ -->\n<title>Kaip u\u017eauginti tikr\u0105 vyr\u0105 be t\u0117vo \u0161eimoje<\/title>\n<meta name=\"description\" content=\"Pasitelkdami gyvus pavyzd\u017eius, autoriai atsako \u012f daugel\u012f klausim\u0173: koks mano, kaip vieni\u0161os motinos, vaidmuo? Ar galiu b\u016bti tikra, kad mano s\u016bnus u\u017eaugs\" \/>\n<meta name=\"robots\" content=\"index, follow, max-snippet:-1, max-image-preview:large, max-video-preview:-1\" \/>\n<link rel=\"canonical\" href=\"https:\/\/skaitytaknyga.lt\/en\/produktas\/kaip-uzauginti-tikra-vyra-be-tevo-seimoje\/\" \/>\n<meta property=\"og:locale\" content=\"en_GB\" \/>\n<meta property=\"og:locale:alternate\" content=\"lt_LT\" \/>\n<meta property=\"og:type\" content=\"article\" \/>\n<meta property=\"og:title\" content=\"Kaip u\u017eauginti tikr\u0105 vyr\u0105 be t\u0117vo \u0161eimoje\" \/>\n<meta property=\"og:description\" content=\"Pasitelkdami gyvus pavyzd\u017eius, autoriai atsako \u012f daugel\u012f klausim\u0173: koks mano, kaip vieni\u0161os motinos, vaidmuo? Ar galiu b\u016bti tikra, kad mano s\u016bnus u\u017eaugs\" \/>\n<meta property=\"og:url\" content=\"https:\/\/skaitytaknyga.lt\/en\/produktas\/kaip-uzauginti-tikra-vyra-be-tevo-seimoje\/\" \/>\n<meta property=\"og:site_name\" content=\"Skaitytaknyga\" \/>\n<meta property=\"article:publisher\" content=\"https:\/\/www.facebook.com\/skaitytaknyga\/\" \/>\n<meta property=\"article:modified_time\" content=\"2024-08-25T10:59:07+00:00\" \/>\n<meta property=\"og:image\" content=\"https:\/\/skaitytaknyga.lt\/wp-content\/uploads\/2024\/08\/Kaip-uzauginti-tikra-vyra-be-tevo-seimoje.webp\" \/>\n\t<meta property=\"og:image:width\" content=\"388\" \/>\n\t<meta property=\"og:image:height\" content=\"574\" \/>\n\t<meta property=\"og:image:type\" content=\"image\/webp\" \/>\n<meta name=\"twitter:card\" content=\"summary_large_image\" \/>\n<meta name=\"twitter:label1\" content=\"Estimated reading time\" \/>\n\t<meta name=\"twitter:data1\" content=\"1 minute\" \/>\n<script type=\"application\/ld+json\" class=\"yoast-schema-graph\">{\"@context\":\"https:\/\/schema.org\",\"@graph\":[{\"@type\":\"WebPage\",\"@id\":\"https:\/\/skaitytaknyga.lt\/produktas\/kaip-uzauginti-tikra-vyra-be-tevo-seimoje\/\",\"url\":\"https:\/\/skaitytaknyga.lt\/produktas\/kaip-uzauginti-tikra-vyra-be-tevo-seimoje\/\",\"name\":\"Kaip u\u017eauginti tikr\u0105 vyr\u0105 be t\u0117vo \u0161eimoje\",\"isPartOf\":{\"@id\":\"https:\/\/skaitytaknyga.lt\/#website\"},\"primaryImageOfPage\":{\"@id\":\"https:\/\/skaitytaknyga.lt\/produktas\/kaip-uzauginti-tikra-vyra-be-tevo-seimoje\/#primaryimage\"},\"image\":{\"@id\":\"https:\/\/skaitytaknyga.lt\/produktas\/kaip-uzauginti-tikra-vyra-be-tevo-seimoje\/#primaryimage\"},\"thumbnailUrl\":\"https:\/\/skaitytaknyga.lt\/wp-content\/uploads\/2024\/08\/Kaip-uzauginti-tikra-vyra-be-tevo-seimoje.webp\",\"datePublished\":\"2024-08-25T10:54:44+00:00\",\"dateModified\":\"2024-08-25T10:59:07+00:00\",\"description\":\"Pasitelkdami gyvus pavyzd\u017eius, autoriai atsako \u012f daugel\u012f klausim\u0173: koks mano, kaip vieni\u0161os motinos, vaidmuo? Ar galiu b\u016bti tikra, kad mano s\u016bnus u\u017eaugs\",\"breadcrumb\":{\"@id\":\"https:\/\/skaitytaknyga.lt\/produktas\/kaip-uzauginti-tikra-vyra-be-tevo-seimoje\/#breadcrumb\"},\"inLanguage\":\"en-GB\",\"potentialAction\":[{\"@type\":\"ReadAction\",\"target\":[\"https:\/\/skaitytaknyga.lt\/produktas\/kaip-uzauginti-tikra-vyra-be-tevo-seimoje\/\"]}]},{\"@type\":\"ImageObject\",\"inLanguage\":\"en-GB\",\"@id\":\"https:\/\/skaitytaknyga.lt\/produktas\/kaip-uzauginti-tikra-vyra-be-tevo-seimoje\/#primaryimage\",\"url\":\"https:\/\/skaitytaknyga.lt\/wp-content\/uploads\/2024\/08\/Kaip-uzauginti-tikra-vyra-be-tevo-seimoje.webp\",\"contentUrl\":\"https:\/\/skaitytaknyga.lt\/wp-content\/uploads\/2024\/08\/Kaip-uzauginti-tikra-vyra-be-tevo-seimoje.webp\",\"width\":388,\"height\":574,\"caption\":\"Kaip u\u017eauginti tikr\u0105 vyr\u0105 be t\u0117vo \u0161eimoje\"},{\"@type\":\"BreadcrumbList\",\"@id\":\"https:\/\/skaitytaknyga.lt\/produktas\/kaip-uzauginti-tikra-vyra-be-tevo-seimoje\/#breadcrumb\",\"itemListElement\":[{\"@type\":\"ListItem\",\"position\":1,\"name\":\"Home\",\"item\":\"https:\/\/skaitytaknyga.lt\/\"},{\"@type\":\"ListItem\",\"position\":2,\"name\":\"Parduotuv\u0117\",\"item\":\"https:\/\/skaitytaknyga.lt\/knygu-parduotuve\/\"},{\"@type\":\"ListItem\",\"position\":3,\"name\":\"Kaip u\u017eauginti tikr\u0105 vyr\u0105 be t\u0117vo \u0161eimoje\"}]},{\"@type\":\"WebSite\",\"@id\":\"https:\/\/skaitytaknyga.lt\/#website\",\"url\":\"https:\/\/skaitytaknyga.lt\/\",\"name\":\"skaitytaknyga.lt\",\"description\":\"Skaitytaknyga.lt \u2013 tai ma\u017eas \u0161eimos verslas, kuris prasid\u0117jo nuo meil\u0117s knygoms ir siekio i\u0161gelb\u0117ti knygas nuo likimo prie konteinerio. Kas vienam nereikalingas daiktas \u2013 kitam lobis, o mes esame tarpininkai, kurie padeda abiems tapti laimingesniems ???? \u017dinome kaip nelengva i\u0161gyventi ma\u017eiems verslams, tad nuo \u0161iol, \u010dia rasite ir kit\u0173, ma\u017e\u0173 \u0161eim\u0173 versl\u0173, rank\u0173 darbo, dovan\u0173 sau ir artimiesiems.\",\"publisher\":{\"@id\":\"https:\/\/skaitytaknyga.lt\/#organization\"},\"potentialAction\":[{\"@type\":\"SearchAction\",\"target\":{\"@type\":\"EntryPoint\",\"urlTemplate\":\"https:\/\/skaitytaknyga.lt\/?s={search_term_string}\"},\"query-input\":{\"@type\":\"PropertyValueSpecification\",\"valueRequired\":true,\"valueName\":\"search_term_string\"}}],\"inLanguage\":\"en-GB\"},{\"@type\":\"Organization\",\"@id\":\"https:\/\/skaitytaknyga.lt\/#organization\",\"name\":\"skaitytaknyga.lt\",\"url\":\"https:\/\/skaitytaknyga.lt\/\",\"logo\":{\"@type\":\"ImageObject\",\"inLanguage\":\"en-GB\",\"@id\":\"https:\/\/skaitytaknyga.lt\/#\/schema\/logo\/image\/\",\"url\":\"https:\/\/skaitytaknyga.lt\/wp-content\/uploads\/2024\/05\/cropped-cropped-cropped-02_00843_jt3bggkj1j3HLc7SyY6rEUpg.jpeg\",\"contentUrl\":\"https:\/\/skaitytaknyga.lt\/wp-content\/uploads\/2024\/05\/cropped-cropped-cropped-02_00843_jt3bggkj1j3HLc7SyY6rEUpg.jpeg\",\"width\":1600,\"height\":1600,\"caption\":\"skaitytaknyga.lt\"},\"image\":{\"@id\":\"https:\/\/skaitytaknyga.lt\/#\/schema\/logo\/image\/\"},\"sameAs\":[\"https:\/\/www.facebook.com\/skaitytaknyga\/\"]}]}<\/script>\n<!-- \/ Yoast SEO plugin. -->","yoast_head_json":{"title":"Kaip u\u017eauginti tikr\u0105 vyr\u0105 be t\u0117vo \u0161eimoje","description":"Pasitelkdami gyvus pavyzd\u017eius, autoriai atsako \u012f daugel\u012f klausim\u0173: koks mano, kaip vieni\u0161os motinos, vaidmuo? Ar galiu b\u016bti tikra, kad mano s\u016bnus u\u017eaugs","robots":{"index":"index","follow":"follow","max-snippet":"max-snippet:-1","max-image-preview":"max-image-preview:large","max-video-preview":"max-video-preview:-1"},"canonical":"https:\/\/skaitytaknyga.lt\/en\/produktas\/kaip-uzauginti-tikra-vyra-be-tevo-seimoje\/","og_locale":"en_GB","og_type":"article","og_title":"[:lt]Kaip u\u017eauginti tikr\u0105 vyr\u0105 be t\u0117vo \u0161eimoje[:] - Skaitytaknyga","og_description":"Pasitelkdami gyvus pavyzd\u017eius, autoriai atsako \u012f daugel\u012f klausim\u0173: koks mano, kaip vieni\u0161os motinos, vaidmuo? Ar galiu b\u016bti tikra, kad mano s\u016bnus u\u017eaugs","og_url":"https:\/\/skaitytaknyga.lt\/en\/produktas\/kaip-uzauginti-tikra-vyra-be-tevo-seimoje\/","og_site_name":"Skaitytaknyga","article_publisher":"https:\/\/www.facebook.com\/skaitytaknyga\/","article_modified_time":"2024-08-25T10:59:07+00:00","og_image":[{"width":388,"height":574,"url":"https:\/\/skaitytaknyga.lt\/wp-content\/uploads\/2024\/08\/Kaip-uzauginti-tikra-vyra-be-tevo-seimoje.webp","type":"image\/webp"}],"twitter_card":"summary_large_image","twitter_misc":{"Estimated reading time":"1 minute"},"schema":{"@context":"https:\/\/schema.org","@graph":[{"@type":"WebPage","@id":"https:\/\/skaitytaknyga.lt\/produktas\/kaip-uzauginti-tikra-vyra-be-tevo-seimoje\/","url":"https:\/\/skaitytaknyga.lt\/produktas\/kaip-uzauginti-tikra-vyra-be-tevo-seimoje\/","name":"Kaip u\u017eauginti tikr\u0105 vyr\u0105 be t\u0117vo \u0161eimoje","isPartOf":{"@id":"https:\/\/skaitytaknyga.lt\/#website"},"primaryImageOfPage":{"@id":"https:\/\/skaitytaknyga.lt\/produktas\/kaip-uzauginti-tikra-vyra-be-tevo-seimoje\/#primaryimage"},"image":{"@id":"https:\/\/skaitytaknyga.lt\/produktas\/kaip-uzauginti-tikra-vyra-be-tevo-seimoje\/#primaryimage"},"thumbnailUrl":"https:\/\/skaitytaknyga.lt\/wp-content\/uploads\/2024\/08\/Kaip-uzauginti-tikra-vyra-be-tevo-seimoje.webp","datePublished":"2024-08-25T10:54:44+00:00","dateModified":"2024-08-25T10:59:07+00:00","description":"Pasitelkdami gyvus pavyzd\u017eius, autoriai atsako \u012f daugel\u012f klausim\u0173: koks mano, kaip vieni\u0161os motinos, vaidmuo? Ar galiu b\u016bti tikra, kad mano s\u016bnus u\u017eaugs","breadcrumb":{"@id":"https:\/\/skaitytaknyga.lt\/produktas\/kaip-uzauginti-tikra-vyra-be-tevo-seimoje\/#breadcrumb"},"inLanguage":"en-GB","potentialAction":[{"@type":"ReadAction","target":["https:\/\/skaitytaknyga.lt\/produktas\/kaip-uzauginti-tikra-vyra-be-tevo-seimoje\/"]}]},{"@type":"ImageObject","inLanguage":"en-GB","@id":"https:\/\/skaitytaknyga.lt\/produktas\/kaip-uzauginti-tikra-vyra-be-tevo-seimoje\/#primaryimage","url":"https:\/\/skaitytaknyga.lt\/wp-content\/uploads\/2024\/08\/Kaip-uzauginti-tikra-vyra-be-tevo-seimoje.webp","contentUrl":"https:\/\/skaitytaknyga.lt\/wp-content\/uploads\/2024\/08\/Kaip-uzauginti-tikra-vyra-be-tevo-seimoje.webp","width":388,"height":574,"caption":"Kaip u\u017eauginti tikr\u0105 vyr\u0105 be t\u0117vo \u0161eimoje"},{"@type":"BreadcrumbList","@id":"https:\/\/skaitytaknyga.lt\/produktas\/kaip-uzauginti-tikra-vyra-be-tevo-seimoje\/#breadcrumb","itemListElement":[{"@type":"ListItem","position":1,"name":"Home","item":"https:\/\/skaitytaknyga.lt\/"},{"@type":"ListItem","position":2,"name":"Parduotuv\u0117","item":"https:\/\/skaitytaknyga.lt\/knygu-parduotuve\/"},{"@type":"ListItem","position":3,"name":"Kaip u\u017eauginti tikr\u0105 vyr\u0105 be t\u0117vo \u0161eimoje"}]},{"@type":"WebSite","@id":"https:\/\/skaitytaknyga.lt\/#website","url":"https:\/\/skaitytaknyga.lt\/","name":"skaitytaknyga.lt","description":"Skaitytaknyga.lt \u2013 tai ma\u017eas \u0161eimos verslas, kuris prasid\u0117jo nuo meil\u0117s knygoms ir siekio i\u0161gelb\u0117ti knygas nuo likimo prie konteinerio. Kas vienam nereikalingas daiktas \u2013 kitam lobis, o mes esame tarpininkai, kurie padeda abiems tapti laimingesniems ???? \u017dinome kaip nelengva i\u0161gyventi ma\u017eiems verslams, tad nuo \u0161iol, \u010dia rasite ir kit\u0173, ma\u017e\u0173 \u0161eim\u0173 versl\u0173, rank\u0173 darbo, dovan\u0173 sau ir artimiesiems.","publisher":{"@id":"https:\/\/skaitytaknyga.lt\/#organization"},"potentialAction":[{"@type":"SearchAction","target":{"@type":"EntryPoint","urlTemplate":"https:\/\/skaitytaknyga.lt\/?s={search_term_string}"},"query-input":{"@type":"PropertyValueSpecification","valueRequired":true,"valueName":"search_term_string"}}],"inLanguage":"en-GB"},{"@type":"Organization","@id":"https:\/\/skaitytaknyga.lt\/#organization","name":"skaitytaknyga.lt","url":"https:\/\/skaitytaknyga.lt\/","logo":{"@type":"ImageObject","inLanguage":"en-GB","@id":"https:\/\/skaitytaknyga.lt\/#\/schema\/logo\/image\/","url":"https:\/\/skaitytaknyga.lt\/wp-content\/uploads\/2024\/05\/cropped-cropped-cropped-02_00843_jt3bggkj1j3HLc7SyY6rEUpg.jpeg","contentUrl":"https:\/\/skaitytaknyga.lt\/wp-content\/uploads\/2024\/05\/cropped-cropped-cropped-02_00843_jt3bggkj1j3HLc7SyY6rEUpg.jpeg","width":1600,"height":1600,"caption":"skaitytaknyga.lt"},"image":{"@id":"https:\/\/skaitytaknyga.lt\/#\/schema\/logo\/image\/"},"sameAs":["https:\/\/www.facebook.com\/skaitytaknyga\/"]}]}},"_links":{"self":[{"href":"https:\/\/skaitytaknyga.lt\/en\/wp-json\/wp\/v2\/product\/13558","targetHints":{"allow":["GET"]}}],"collection":[{"href":"https:\/\/skaitytaknyga.lt\/en\/wp-json\/wp\/v2\/product"}],"about":[{"href":"https:\/\/skaitytaknyga.lt\/en\/wp-json\/wp\/v2\/types\/product"}],"replies":[{"embeddable":true,"href":"https:\/\/skaitytaknyga.lt\/en\/wp-json\/wp\/v2\/comments?post=13558"}],"wp:featuredmedia":[{"embeddable":true,"href":"https:\/\/skaitytaknyga.lt\/en\/wp-json\/wp\/v2\/media\/13571"}],"wp:attachment":[{"href":"https:\/\/skaitytaknyga.lt\/en\/wp-json\/wp\/v2\/media?parent=13558"}],"wp:term":[{"taxonomy":"product_brand","embeddable":true,"href":"https:\/\/skaitytaknyga.lt\/en\/wp-json\/wp\/v2\/product_brand?post=13558"},{"taxonomy":"product_cat","embeddable":true,"href":"https:\/\/skaitytaknyga.lt\/en\/wp-json\/wp\/v2\/product_cat?post=13558"},{"taxonomy":"product_tag","embeddable":true,"href":"https:\/\/skaitytaknyga.lt\/en\/wp-json\/wp\/v2\/product_tag?post=13558"}],"curies":[{"name":"wp","href":"https:\/\/api.w.org\/{rel}","templated":true}]}}