{"id":13541,"date":"2024-08-25T12:10:24","date_gmt":"2024-08-25T09:10:24","guid":{"rendered":"https:\/\/skaitytaknyga.lt\/?post_type=product&#038;p=13541"},"modified":"2026-03-05T16:00:46","modified_gmt":"2026-03-05T14:00:46","slug":"harold-robbins-park-aveniu-79","status":"publish","type":"product","link":"https:\/\/skaitytaknyga.lt\/en\/produktas\/harold-robbins-park-aveniu-79\/","title":{"rendered":"Park aveniu 79"},"content":{"rendered":"<p>Park Aveniu 79 \u2013 vienos daugeliui \u017einomos Niujorko modeli\u0173 agent\u016bros adresas. Taip pat daug kas \u017eino, kuo dar \u0161i agent\u016bra ver\u010diasi \u2013 \u010dia bet kada buvo galima u\u017esisakyti puiki\u0173 mergin\u0173 intymioms paslaugoms.<\/p>\n<p>Geid\u017eiamiausia telefonu i\u0161kvie\u010diama &#8220;elitin\u0117&#8221; prostitut\u0117 \u2013 kerinti gra\u017euol\u0117 Marija, nesyk teista u\u017e nelegali\u0105 veikl\u0105. Nors vyr\u0173 savo gyvenime sutiko daugyb\u0119, kai kuri\u0173 ji niekada neu\u017emir\u0161: pat\u0117vio, past\u016bm\u0117jusio \u012f \u0161\u012f pavojing\u0105 keli\u0105, gangsterio ir reketininko Roso Diego, u\u017e jos meil\u0119 pasirengusio mok\u0117ti pasiutusius pinigus, ir Maiko Kaiso, prokuroro, kaltinusio j\u0105 teisme, ta\u010diau vienintelio, kur\u012f ji myl\u0117jo.<\/p>\n<ul class=\"about-product d-none d-xl-block mt-4\">\n<li><strong>Originalus pavadinimas:<\/strong>\u00a079 Park Avenue<\/li>\n<li><strong>Autorius:<\/strong>\u00a0Harold Robbins<\/li>\n<li><strong>Leid\u0117jas:<\/strong>\u00a0Jotema<\/li>\n<li><strong>Metai:<\/strong>\u00a02008<\/li>\n<li><strong>Puslapiai:<\/strong>\u00a0320<\/li>\n<li><strong>ISBN:<\/strong>\u00a09789955131632<\/li>\n<li><strong>Formatas:<\/strong>\u00a014,5 x 20,5 cm, kieti vir\u0161eliai<\/li>\n<li><strong>Kalba:<\/strong>\u00a0Lietuvi\u0173<\/li>\n<li><strong>Vert\u0117jas:<\/strong>\u00a0Jonas \u010ceponis<\/li>\n<\/ul>\n","protected":false},"excerpt":{"rendered":"<p>Park Aveniu 79 \u2013 vienos daugeliui \u017einomos Niujorko modeli\u0173 agent\u016bros adresas. Taip pat daug kas \u017eino, kuo dar \u0161i agent\u016bra ver\u010diasi \u2013 \u010dia bet kada buvo galima u\u017esisakyti puiki\u0173 mergin\u0173 intymioms paslaugoms. Geid\u017eiamiausia telefonu i\u0161kvie\u010diama &#8220;elitin\u0117&#8221; prostitut\u0117 \u2013 kerinti gra\u017euol\u0117 Marija, nesyk teista u\u017e nelegali\u0105 veikl\u0105. Nors vyr\u0173 savo gyvenime sutiko daugyb\u0119, kai kuri\u0173 ji niekada neu\u017emir\u0161: pat\u0117vio, past\u016bm\u0117jusio \u012f \u0161\u012f pavojing\u0105 keli\u0105, gangsterio ir reketininko Roso Diego, u\u017e jos meil\u0119 pasirengusio mok\u0117ti pasiutusius pinigus, ir Maiko Kaiso, prokuroro, kaltinusio j\u0105 teisme, ta\u010diau vienintelio, kur\u012f ji myl\u0117jo. Originalus pavadinimas:\u00a079 Park Avenue Autorius:\u00a0Harold Robbins Leid\u0117jas:\u00a0Jotema Metai:\u00a02008 Puslapiai:\u00a0320 ISBN:\u00a09789955131632 Formatas:\u00a014,5 x 20,5 cm, kieti vir\u0161eliai Kalba:\u00a0Lietuvi\u0173 Vert\u0117jas:\u00a0Jonas \u010ceponis<\/p>\n","protected":false},"featured_media":13544,"comment_status":"open","ping_status":"closed","template":"","meta":{"_acf_changed":false,"site-sidebar-layout":"default","site-content-layout":"","ast-site-content-layout":"default","site-content-style":"default","site-sidebar-style":"default","ast-global-header-display":"","ast-banner-title-visibility":"","ast-main-header-display":"","ast-hfb-above-header-display":"","ast-hfb-below-header-display":"","ast-hfb-mobile-header-display":"","site-post-title":"","ast-breadcrumbs-content":"","ast-featured-img":"","footer-sml-layout":"","ast-disable-related-posts":"","theme-transparent-header-meta":"default","adv-header-id-meta":"","stick-header-meta":"","header-above-stick-meta":"","header-main-stick-meta":"","header-below-stick-meta":"","astra-migrate-meta-layouts":"set","ast-page-background-enabled":"default","ast-page-background-meta":{"desktop":{"background-color":"","background-image":"","background-repeat":"repeat","background-position":"center center","background-size":"auto","background-attachment":"scroll","background-type":"","background-media":"","overlay-type":"","overlay-color":"","overlay-opacity":"","overlay-gradient":""},"tablet":{"background-color":"","background-image":"","background-repeat":"repeat","background-position":"center center","background-size":"auto","background-attachment":"scroll","background-type":"","background-media":"","overlay-type":"","overlay-color":"","overlay-opacity":"","overlay-gradient":""},"mobile":{"background-color":"","background-image":"","background-repeat":"repeat","background-position":"center center","background-size":"auto","background-attachment":"scroll","background-type":"","background-media":"","overlay-type":"","overlay-color":"","overlay-opacity":"","overlay-gradient":""}},"ast-content-background-meta":{"desktop":{"background-color":"var(--ast-global-color-4)","background-image":"","background-repeat":"repeat","background-position":"center center","background-size":"auto","background-attachment":"scroll","background-type":"","background-media":"","overlay-type":"","overlay-color":"","overlay-opacity":"","overlay-gradient":""},"tablet":{"background-color":"var(--ast-global-color-4)","background-image":"","background-repeat":"repeat","background-position":"center center","background-size":"auto","background-attachment":"scroll","background-type":"","background-media":"","overlay-type":"","overlay-color":"","overlay-opacity":"","overlay-gradient":""},"mobile":{"background-color":"var(--ast-global-color-4)","background-image":"","background-repeat":"repeat","background-position":"center center","background-size":"auto","background-attachment":"scroll","background-type":"","background-media":"","overlay-type":"","overlay-color":"","overlay-opacity":"","overlay-gradient":""}}},"product_brand":[],"product_cat":[9581],"product_tag":[1248],"class_list":{"0":"post-13541","1":"product","2":"type-product","3":"status-publish","4":"has-post-thumbnail","6":"product_cat-kriminaliniai-romanai","7":"product_tag-harold-robbins","8":"desktop-align-left","9":"tablet-align-left","10":"mobile-align-left","12":"first","13":"instock","14":"shipping-taxable","15":"purchasable","16":"product-type-simple"},"acf":[],"yoast_head":"<!-- This site is optimized with the Yoast SEO plugin v27.0 - https:\/\/yoast.com\/product\/yoast-seo-wordpress\/ -->\n<title>Park aveniu 79<\/title>\n<meta name=\"description\" content=\"Park Aveniu 79 \u2013 vienos daugeliui \u017einomos Niujorko modeli\u0173 agent\u016bros adresas. Taip pat daug kas \u017eino, kuo dar \u0161i agent\u016bra ver\u010diasi \u2013 \u010dia bet kada buvo\" \/>\n<meta name=\"robots\" content=\"index, follow, max-snippet:-1, max-image-preview:large, max-video-preview:-1\" \/>\n<link rel=\"canonical\" href=\"https:\/\/skaitytaknyga.lt\/en\/produktas\/harold-robbins-park-aveniu-79\/\" \/>\n<meta property=\"og:locale\" content=\"en_GB\" \/>\n<meta property=\"og:locale:alternate\" content=\"lt_LT\" \/>\n<meta property=\"og:type\" content=\"article\" \/>\n<meta property=\"og:title\" content=\"Park aveniu 79\" \/>\n<meta property=\"og:description\" content=\"Park Aveniu 79 \u2013 vienos daugeliui \u017einomos Niujorko modeli\u0173 agent\u016bros adresas. Taip pat daug kas \u017eino, kuo dar \u0161i agent\u016bra ver\u010diasi \u2013 \u010dia bet kada buvo\" \/>\n<meta property=\"og:url\" content=\"https:\/\/skaitytaknyga.lt\/en\/produktas\/harold-robbins-park-aveniu-79\/\" \/>\n<meta property=\"og:site_name\" content=\"Skaitytaknyga\" \/>\n<meta property=\"article:publisher\" content=\"https:\/\/www.facebook.com\/skaitytaknyga\/\" \/>\n<meta property=\"article:modified_time\" content=\"2026-03-05T14:00:46+00:00\" \/>\n<meta property=\"og:image\" content=\"https:\/\/skaitytaknyga.lt\/wp-content\/uploads\/2024\/08\/Park-aveniu-79-2008Harold-Robbins.webp\" \/>\n\t<meta property=\"og:image:width\" content=\"503\" \/>\n\t<meta property=\"og:image:height\" content=\"800\" \/>\n\t<meta property=\"og:image:type\" content=\"image\/webp\" \/>\n<meta name=\"twitter:card\" content=\"summary_large_image\" \/>\n<meta name=\"twitter:label1\" content=\"Estimated reading time\" \/>\n\t<meta name=\"twitter:data1\" content=\"1 minute\" \/>\n<script type=\"application\/ld+json\" class=\"yoast-schema-graph\">{\"@context\":\"https:\/\/schema.org\",\"@graph\":[{\"@type\":\"WebPage\",\"@id\":\"https:\/\/skaitytaknyga.lt\/produktas\/harold-robbins-park-aveniu-79\/\",\"url\":\"https:\/\/skaitytaknyga.lt\/produktas\/harold-robbins-park-aveniu-79\/\",\"name\":\"Park aveniu 79\",\"isPartOf\":{\"@id\":\"https:\/\/skaitytaknyga.lt\/#website\"},\"primaryImageOfPage\":{\"@id\":\"https:\/\/skaitytaknyga.lt\/produktas\/harold-robbins-park-aveniu-79\/#primaryimage\"},\"image\":{\"@id\":\"https:\/\/skaitytaknyga.lt\/produktas\/harold-robbins-park-aveniu-79\/#primaryimage\"},\"thumbnailUrl\":\"https:\/\/skaitytaknyga.lt\/wp-content\/uploads\/2024\/08\/Park-aveniu-79-2008Harold-Robbins.webp\",\"datePublished\":\"2024-08-25T09:10:24+00:00\",\"dateModified\":\"2026-03-05T14:00:46+00:00\",\"description\":\"Park Aveniu 79 \u2013 vienos daugeliui \u017einomos Niujorko modeli\u0173 agent\u016bros adresas. Taip pat daug kas \u017eino, kuo dar \u0161i agent\u016bra ver\u010diasi \u2013 \u010dia bet kada buvo\",\"breadcrumb\":{\"@id\":\"https:\/\/skaitytaknyga.lt\/produktas\/harold-robbins-park-aveniu-79\/#breadcrumb\"},\"inLanguage\":\"en-GB\",\"potentialAction\":[{\"@type\":\"ReadAction\",\"target\":[\"https:\/\/skaitytaknyga.lt\/produktas\/harold-robbins-park-aveniu-79\/\"]}]},{\"@type\":\"ImageObject\",\"inLanguage\":\"en-GB\",\"@id\":\"https:\/\/skaitytaknyga.lt\/produktas\/harold-robbins-park-aveniu-79\/#primaryimage\",\"url\":\"https:\/\/skaitytaknyga.lt\/wp-content\/uploads\/2024\/08\/Park-aveniu-79-2008Harold-Robbins.webp\",\"contentUrl\":\"https:\/\/skaitytaknyga.lt\/wp-content\/uploads\/2024\/08\/Park-aveniu-79-2008Harold-Robbins.webp\",\"width\":503,\"height\":800,\"caption\":\"Park aveniu 79 Harold Robbins\"},{\"@type\":\"BreadcrumbList\",\"@id\":\"https:\/\/skaitytaknyga.lt\/produktas\/harold-robbins-park-aveniu-79\/#breadcrumb\",\"itemListElement\":[{\"@type\":\"ListItem\",\"position\":1,\"name\":\"Home\",\"item\":\"https:\/\/skaitytaknyga.lt\/\"},{\"@type\":\"ListItem\",\"position\":2,\"name\":\"Parduotuv\u0117\",\"item\":\"https:\/\/skaitytaknyga.lt\/knygu-parduotuve\/\"},{\"@type\":\"ListItem\",\"position\":3,\"name\":\"Park aveniu 79\"}]},{\"@type\":\"WebSite\",\"@id\":\"https:\/\/skaitytaknyga.lt\/#website\",\"url\":\"https:\/\/skaitytaknyga.lt\/\",\"name\":\"skaitytaknyga.lt\",\"description\":\"Skaitytaknyga.lt \u2013 tai ma\u017eas \u0161eimos verslas, kuris prasid\u0117jo nuo meil\u0117s knygoms ir siekio i\u0161gelb\u0117ti knygas nuo likimo prie konteinerio. Kas vienam nereikalingas daiktas \u2013 kitam lobis, o mes esame tarpininkai, kurie padeda abiems tapti laimingesniems ???? \u017dinome kaip nelengva i\u0161gyventi ma\u017eiems verslams, tad nuo \u0161iol, \u010dia rasite ir kit\u0173, ma\u017e\u0173 \u0161eim\u0173 versl\u0173, rank\u0173 darbo, dovan\u0173 sau ir artimiesiems.\",\"publisher\":{\"@id\":\"https:\/\/skaitytaknyga.lt\/#organization\"},\"potentialAction\":[{\"@type\":\"SearchAction\",\"target\":{\"@type\":\"EntryPoint\",\"urlTemplate\":\"https:\/\/skaitytaknyga.lt\/?s={search_term_string}\"},\"query-input\":{\"@type\":\"PropertyValueSpecification\",\"valueRequired\":true,\"valueName\":\"search_term_string\"}}],\"inLanguage\":\"en-GB\"},{\"@type\":\"Organization\",\"@id\":\"https:\/\/skaitytaknyga.lt\/#organization\",\"name\":\"skaitytaknyga.lt\",\"url\":\"https:\/\/skaitytaknyga.lt\/\",\"logo\":{\"@type\":\"ImageObject\",\"inLanguage\":\"en-GB\",\"@id\":\"https:\/\/skaitytaknyga.lt\/#\/schema\/logo\/image\/\",\"url\":\"https:\/\/skaitytaknyga.lt\/wp-content\/uploads\/2024\/05\/cropped-cropped-cropped-02_00843_jt3bggkj1j3HLc7SyY6rEUpg.jpeg\",\"contentUrl\":\"https:\/\/skaitytaknyga.lt\/wp-content\/uploads\/2024\/05\/cropped-cropped-cropped-02_00843_jt3bggkj1j3HLc7SyY6rEUpg.jpeg\",\"width\":1600,\"height\":1600,\"caption\":\"skaitytaknyga.lt\"},\"image\":{\"@id\":\"https:\/\/skaitytaknyga.lt\/#\/schema\/logo\/image\/\"},\"sameAs\":[\"https:\/\/www.facebook.com\/skaitytaknyga\/\"]}]}<\/script>\n<!-- \/ Yoast SEO plugin. -->","yoast_head_json":{"title":"Park aveniu 79","description":"Park Aveniu 79 \u2013 vienos daugeliui \u017einomos Niujorko modeli\u0173 agent\u016bros adresas. Taip pat daug kas \u017eino, kuo dar \u0161i agent\u016bra ver\u010diasi \u2013 \u010dia bet kada buvo","robots":{"index":"index","follow":"follow","max-snippet":"max-snippet:-1","max-image-preview":"max-image-preview:large","max-video-preview":"max-video-preview:-1"},"canonical":"https:\/\/skaitytaknyga.lt\/en\/produktas\/harold-robbins-park-aveniu-79\/","og_locale":"en_GB","og_type":"article","og_title":"[:lt]Park aveniu 79[:] - Skaitytaknyga","og_description":"Park Aveniu 79 \u2013 vienos daugeliui \u017einomos Niujorko modeli\u0173 agent\u016bros adresas. Taip pat daug kas \u017eino, kuo dar \u0161i agent\u016bra ver\u010diasi \u2013 \u010dia bet kada buvo","og_url":"https:\/\/skaitytaknyga.lt\/en\/produktas\/harold-robbins-park-aveniu-79\/","og_site_name":"Skaitytaknyga","article_publisher":"https:\/\/www.facebook.com\/skaitytaknyga\/","article_modified_time":"2026-03-05T14:00:46+00:00","og_image":[{"width":503,"height":800,"url":"https:\/\/skaitytaknyga.lt\/wp-content\/uploads\/2024\/08\/Park-aveniu-79-2008Harold-Robbins.webp","type":"image\/webp"}],"twitter_card":"summary_large_image","twitter_misc":{"Estimated reading time":"1 minute"},"schema":{"@context":"https:\/\/schema.org","@graph":[{"@type":"WebPage","@id":"https:\/\/skaitytaknyga.lt\/produktas\/harold-robbins-park-aveniu-79\/","url":"https:\/\/skaitytaknyga.lt\/produktas\/harold-robbins-park-aveniu-79\/","name":"Park aveniu 79","isPartOf":{"@id":"https:\/\/skaitytaknyga.lt\/#website"},"primaryImageOfPage":{"@id":"https:\/\/skaitytaknyga.lt\/produktas\/harold-robbins-park-aveniu-79\/#primaryimage"},"image":{"@id":"https:\/\/skaitytaknyga.lt\/produktas\/harold-robbins-park-aveniu-79\/#primaryimage"},"thumbnailUrl":"https:\/\/skaitytaknyga.lt\/wp-content\/uploads\/2024\/08\/Park-aveniu-79-2008Harold-Robbins.webp","datePublished":"2024-08-25T09:10:24+00:00","dateModified":"2026-03-05T14:00:46+00:00","description":"Park Aveniu 79 \u2013 vienos daugeliui \u017einomos Niujorko modeli\u0173 agent\u016bros adresas. Taip pat daug kas \u017eino, kuo dar \u0161i agent\u016bra ver\u010diasi \u2013 \u010dia bet kada buvo","breadcrumb":{"@id":"https:\/\/skaitytaknyga.lt\/produktas\/harold-robbins-park-aveniu-79\/#breadcrumb"},"inLanguage":"en-GB","potentialAction":[{"@type":"ReadAction","target":["https:\/\/skaitytaknyga.lt\/produktas\/harold-robbins-park-aveniu-79\/"]}]},{"@type":"ImageObject","inLanguage":"en-GB","@id":"https:\/\/skaitytaknyga.lt\/produktas\/harold-robbins-park-aveniu-79\/#primaryimage","url":"https:\/\/skaitytaknyga.lt\/wp-content\/uploads\/2024\/08\/Park-aveniu-79-2008Harold-Robbins.webp","contentUrl":"https:\/\/skaitytaknyga.lt\/wp-content\/uploads\/2024\/08\/Park-aveniu-79-2008Harold-Robbins.webp","width":503,"height":800,"caption":"Park aveniu 79 Harold Robbins"},{"@type":"BreadcrumbList","@id":"https:\/\/skaitytaknyga.lt\/produktas\/harold-robbins-park-aveniu-79\/#breadcrumb","itemListElement":[{"@type":"ListItem","position":1,"name":"Home","item":"https:\/\/skaitytaknyga.lt\/"},{"@type":"ListItem","position":2,"name":"Parduotuv\u0117","item":"https:\/\/skaitytaknyga.lt\/knygu-parduotuve\/"},{"@type":"ListItem","position":3,"name":"Park aveniu 79"}]},{"@type":"WebSite","@id":"https:\/\/skaitytaknyga.lt\/#website","url":"https:\/\/skaitytaknyga.lt\/","name":"skaitytaknyga.lt","description":"Skaitytaknyga.lt \u2013 tai ma\u017eas \u0161eimos verslas, kuris prasid\u0117jo nuo meil\u0117s knygoms ir siekio i\u0161gelb\u0117ti knygas nuo likimo prie konteinerio. Kas vienam nereikalingas daiktas \u2013 kitam lobis, o mes esame tarpininkai, kurie padeda abiems tapti laimingesniems ???? \u017dinome kaip nelengva i\u0161gyventi ma\u017eiems verslams, tad nuo \u0161iol, \u010dia rasite ir kit\u0173, ma\u017e\u0173 \u0161eim\u0173 versl\u0173, rank\u0173 darbo, dovan\u0173 sau ir artimiesiems.","publisher":{"@id":"https:\/\/skaitytaknyga.lt\/#organization"},"potentialAction":[{"@type":"SearchAction","target":{"@type":"EntryPoint","urlTemplate":"https:\/\/skaitytaknyga.lt\/?s={search_term_string}"},"query-input":{"@type":"PropertyValueSpecification","valueRequired":true,"valueName":"search_term_string"}}],"inLanguage":"en-GB"},{"@type":"Organization","@id":"https:\/\/skaitytaknyga.lt\/#organization","name":"skaitytaknyga.lt","url":"https:\/\/skaitytaknyga.lt\/","logo":{"@type":"ImageObject","inLanguage":"en-GB","@id":"https:\/\/skaitytaknyga.lt\/#\/schema\/logo\/image\/","url":"https:\/\/skaitytaknyga.lt\/wp-content\/uploads\/2024\/05\/cropped-cropped-cropped-02_00843_jt3bggkj1j3HLc7SyY6rEUpg.jpeg","contentUrl":"https:\/\/skaitytaknyga.lt\/wp-content\/uploads\/2024\/05\/cropped-cropped-cropped-02_00843_jt3bggkj1j3HLc7SyY6rEUpg.jpeg","width":1600,"height":1600,"caption":"skaitytaknyga.lt"},"image":{"@id":"https:\/\/skaitytaknyga.lt\/#\/schema\/logo\/image\/"},"sameAs":["https:\/\/www.facebook.com\/skaitytaknyga\/"]}]}},"_links":{"self":[{"href":"https:\/\/skaitytaknyga.lt\/en\/wp-json\/wp\/v2\/product\/13541","targetHints":{"allow":["GET"]}}],"collection":[{"href":"https:\/\/skaitytaknyga.lt\/en\/wp-json\/wp\/v2\/product"}],"about":[{"href":"https:\/\/skaitytaknyga.lt\/en\/wp-json\/wp\/v2\/types\/product"}],"replies":[{"embeddable":true,"href":"https:\/\/skaitytaknyga.lt\/en\/wp-json\/wp\/v2\/comments?post=13541"}],"wp:featuredmedia":[{"embeddable":true,"href":"https:\/\/skaitytaknyga.lt\/en\/wp-json\/wp\/v2\/media\/13544"}],"wp:attachment":[{"href":"https:\/\/skaitytaknyga.lt\/en\/wp-json\/wp\/v2\/media?parent=13541"}],"wp:term":[{"taxonomy":"product_brand","embeddable":true,"href":"https:\/\/skaitytaknyga.lt\/en\/wp-json\/wp\/v2\/product_brand?post=13541"},{"taxonomy":"product_cat","embeddable":true,"href":"https:\/\/skaitytaknyga.lt\/en\/wp-json\/wp\/v2\/product_cat?post=13541"},{"taxonomy":"product_tag","embeddable":true,"href":"https:\/\/skaitytaknyga.lt\/en\/wp-json\/wp\/v2\/product_tag?post=13541"}],"curies":[{"name":"wp","href":"https:\/\/api.w.org\/{rel}","templated":true}]}}