{"id":13539,"date":"2024-08-25T12:10:23","date_gmt":"2024-08-25T09:10:23","guid":{"rendered":"https:\/\/skaitytaknyga.lt\/?post_type=product&#038;p=13539"},"modified":"2024-08-25T12:41:12","modified_gmt":"2024-08-25T09:41:12","slug":"dagne-jakseviciute-monika-mironaite-apie-gyvenima-meile-ir-kuryba","status":"publish","type":"product","link":"https:\/\/skaitytaknyga.lt\/en\/produktas\/dagne-jakseviciute-monika-mironaite-apie-gyvenima-meile-ir-kuryba\/","title":{"rendered":"Dagn\u0117 Jak\u0161evi\u010di\u016bt\u0117 \u201eMonika Mironait\u0117. Apie gyvenim\u0105, meil\u0119 ir k\u016bryb\u0105\u201c"},"content":{"rendered":"<p>\u201eNor\u0117\u010diau ir jums, gerbiami skaitytojai, atverti Monikos Mironait\u0117s vidin\u012f pasaul\u012f, kuris taip ry\u0161kiai i\u0161kyla jos dienora\u0161\u010di\u0173 puslapiuose, lai\u0161kuose, jos pasaul\u012f, sukurt\u0105 i\u0161 jos vaidmen\u0173, jos pa\u010dios para\u0161yt\u0173 eil\u0117ra\u0161\u010di\u0173, apsakym\u0173, straipsni\u0173 ir net recenzij\u0173.<\/p>\n<p>Be lai\u0161k\u0173, dar \u012fdom\u016bs jos pa\u010dios pasvarstymai apie likim\u0105, talent\u0105, siekius, apie teatr\u0105. Tuo labiau, kad i\u0161sakyti jie buvo brand\u017eiame am\u017eiuje, kai ji jau gal\u0117jo analizuoti savo gyvenim\u0105.<br \/>\nVien\u0105 knygos dal\u012f sudaro jos draug\u0173, koleg\u0173, am\u017einink\u0173 prisiminimai. Jie kalba apie tai, koki\u0105 \u012ftak\u0105 dar\u0117 jiems Monika Mironait\u0117, jos pasaulis, kaip jis trauk\u0117 ir \u017eav\u0117jo j\u0105 supusius \u017emones.&#8221;<\/p>\n<ul class=\"about-product d-none d-xl-block mt-4\">\n<li><strong>Autorius:<\/strong>\u00a0Dagn\u0117 Jak\u0161evi\u010di\u016bt\u0117<\/li>\n<li><strong>Leid\u0117jas:<\/strong>\u00a0Margi ra\u0161tai<\/li>\n<li><strong>Metai:<\/strong>\u00a02002<\/li>\n<li><strong>Puslapiai:<\/strong>\u00a0228<\/li>\n<li><strong>ISBN:<\/strong>\u00a09789986092551<\/li>\n<li><strong>Versijos kodas:<\/strong>\u00a0PT.<\/li>\n<li><strong>Formatas:<\/strong>\u00a017 x 24 cm, mink\u0161ti vir\u0161eliai<\/li>\n<li><strong>Kalba:<\/strong>\u00a0Lietuvi\u0173<\/li>\n<\/ul>\n","protected":false},"excerpt":{"rendered":"<p>\u201eNor\u0117\u010diau ir jums, gerbiami skaitytojai, atverti Monikos Mironait\u0117s vidin\u012f pasaul\u012f, kuris taip ry\u0161kiai i\u0161kyla jos dienora\u0161\u010di\u0173 puslapiuose, lai\u0161kuose, jos pasaul\u012f, sukurt\u0105 i\u0161 jos vaidmen\u0173, jos pa\u010dios para\u0161yt\u0173 eil\u0117ra\u0161\u010di\u0173, apsakym\u0173, straipsni\u0173 ir net recenzij\u0173. Be lai\u0161k\u0173, dar \u012fdom\u016bs jos pa\u010dios pasvarstymai apie likim\u0105, talent\u0105, siekius, apie teatr\u0105. Tuo labiau, kad i\u0161sakyti jie buvo brand\u017eiame am\u017eiuje, kai ji jau gal\u0117jo analizuoti savo gyvenim\u0105. Vien\u0105 knygos dal\u012f sudaro jos draug\u0173, koleg\u0173, am\u017einink\u0173 prisiminimai. Jie kalba apie tai, koki\u0105 \u012ftak\u0105 dar\u0117 jiems Monika Mironait\u0117, jos pasaulis, kaip jis trauk\u0117 ir \u017eav\u0117jo j\u0105 supusius \u017emones.&#8221; Autorius:\u00a0Dagn\u0117 Jak\u0161evi\u010di\u016bt\u0117 Leid\u0117jas:\u00a0Margi ra\u0161tai Metai:\u00a02002 Puslapiai:\u00a0228 ISBN:\u00a09789986092551 Versijos kodas:\u00a0PT. Formatas:\u00a017 x 24 cm, mink\u0161ti vir\u0161eliai Kalba:\u00a0Lietuvi\u0173<\/p>\n","protected":false},"featured_media":13546,"comment_status":"open","ping_status":"closed","template":"","meta":{"_acf_changed":false,"site-sidebar-layout":"default","site-content-layout":"","ast-site-content-layout":"default","site-content-style":"default","site-sidebar-style":"default","ast-global-header-display":"","ast-banner-title-visibility":"","ast-main-header-display":"","ast-hfb-above-header-display":"","ast-hfb-below-header-display":"","ast-hfb-mobile-header-display":"","site-post-title":"","ast-breadcrumbs-content":"","ast-featured-img":"","footer-sml-layout":"","ast-disable-related-posts":"","theme-transparent-header-meta":"default","adv-header-id-meta":"","stick-header-meta":"","header-above-stick-meta":"","header-main-stick-meta":"","header-below-stick-meta":"","astra-migrate-meta-layouts":"set","ast-page-background-enabled":"default","ast-page-background-meta":{"desktop":{"background-color":"","background-image":"","background-repeat":"repeat","background-position":"center center","background-size":"auto","background-attachment":"scroll","background-type":"","background-media":"","overlay-type":"","overlay-color":"","overlay-opacity":"","overlay-gradient":""},"tablet":{"background-color":"","background-image":"","background-repeat":"repeat","background-position":"center center","background-size":"auto","background-attachment":"scroll","background-type":"","background-media":"","overlay-type":"","overlay-color":"","overlay-opacity":"","overlay-gradient":""},"mobile":{"background-color":"","background-image":"","background-repeat":"repeat","background-position":"center center","background-size":"auto","background-attachment":"scroll","background-type":"","background-media":"","overlay-type":"","overlay-color":"","overlay-opacity":"","overlay-gradient":""}},"ast-content-background-meta":{"desktop":{"background-color":"var(--ast-global-color-4)","background-image":"","background-repeat":"repeat","background-position":"center center","background-size":"auto","background-attachment":"scroll","background-type":"","background-media":"","overlay-type":"","overlay-color":"","overlay-opacity":"","overlay-gradient":""},"tablet":{"background-color":"var(--ast-global-color-4)","background-image":"","background-repeat":"repeat","background-position":"center center","background-size":"auto","background-attachment":"scroll","background-type":"","background-media":"","overlay-type":"","overlay-color":"","overlay-opacity":"","overlay-gradient":""},"mobile":{"background-color":"var(--ast-global-color-4)","background-image":"","background-repeat":"repeat","background-position":"center center","background-size":"auto","background-attachment":"scroll","background-type":"","background-media":"","overlay-type":"","overlay-color":"","overlay-opacity":"","overlay-gradient":""}}},"product_brand":[],"product_cat":[33,15],"product_tag":[],"class_list":{"0":"post-13539","1":"product","2":"type-product","3":"status-publish","4":"has-post-thumbnail","6":"product_cat-biografijos","7":"product_cat-uncategorized","8":"desktop-align-left","9":"tablet-align-left","10":"mobile-align-left","12":"first","13":"instock","14":"shipping-taxable","15":"purchasable","16":"product-type-simple"},"acf":[],"yoast_head":"<!-- This site is optimized with the Yoast SEO plugin v27.0 - https:\/\/yoast.com\/product\/yoast-seo-wordpress\/ -->\n<title>Dagn\u0117 Jak\u0161evi\u010di\u016bt\u0117 \u201eMonika Mironait\u0117. Apie gyvenim\u0105, meil\u0119 ir k\u016bryb\u0105\u201c<\/title>\n<meta name=\"description\" content=\"\u201eNor\u0117\u010diau ir jums, gerbiami skaitytojai, atverti Monikos Mironait\u0117s vidin\u012f pasaul\u012f, kuris taip ry\u0161kiai i\u0161kyla jos dienora\u0161\u010di\u0173 puslapiuose, lai\u0161kuose, jos\" \/>\n<meta name=\"robots\" content=\"index, follow, max-snippet:-1, max-image-preview:large, max-video-preview:-1\" \/>\n<link rel=\"canonical\" href=\"https:\/\/skaitytaknyga.lt\/en\/produktas\/dagne-jakseviciute-monika-mironaite-apie-gyvenima-meile-ir-kuryba\/\" \/>\n<meta property=\"og:locale\" content=\"en_GB\" \/>\n<meta property=\"og:locale:alternate\" content=\"lt_LT\" \/>\n<meta property=\"og:type\" content=\"article\" \/>\n<meta property=\"og:title\" content=\"Dagn\u0117 Jak\u0161evi\u010di\u016bt\u0117 \u201eMonika Mironait\u0117. Apie gyvenim\u0105, meil\u0119 ir k\u016bryb\u0105\u201c\" \/>\n<meta property=\"og:description\" content=\"\u201eNor\u0117\u010diau ir jums, gerbiami skaitytojai, atverti Monikos Mironait\u0117s vidin\u012f pasaul\u012f, kuris taip ry\u0161kiai i\u0161kyla jos dienora\u0161\u010di\u0173 puslapiuose, lai\u0161kuose, jos\" \/>\n<meta property=\"og:url\" content=\"https:\/\/skaitytaknyga.lt\/en\/produktas\/dagne-jakseviciute-monika-mironaite-apie-gyvenima-meile-ir-kuryba\/\" \/>\n<meta property=\"og:site_name\" content=\"Skaitytaknyga\" \/>\n<meta property=\"article:publisher\" content=\"https:\/\/www.facebook.com\/skaitytaknyga\/\" \/>\n<meta property=\"article:modified_time\" content=\"2024-08-25T09:41:12+00:00\" \/>\n<meta property=\"og:image\" content=\"https:\/\/skaitytaknyga.lt\/wp-content\/uploads\/2024\/08\/Monika-Mironaite.-Apie-gyvenima-meile-ir-kuryba-Dagne-Jakseviciute.webp\" \/>\n\t<meta property=\"og:image:width\" content=\"574\" \/>\n\t<meta property=\"og:image:height\" content=\"800\" \/>\n\t<meta property=\"og:image:type\" content=\"image\/webp\" \/>\n<meta name=\"twitter:card\" content=\"summary_large_image\" \/>\n<meta name=\"twitter:label1\" content=\"Estimated reading time\" \/>\n\t<meta name=\"twitter:data1\" content=\"1 minute\" \/>\n<script type=\"application\/ld+json\" class=\"yoast-schema-graph\">{\"@context\":\"https:\/\/schema.org\",\"@graph\":[{\"@type\":\"WebPage\",\"@id\":\"https:\/\/skaitytaknyga.lt\/produktas\/dagne-jakseviciute-monika-mironaite-apie-gyvenima-meile-ir-kuryba\/\",\"url\":\"https:\/\/skaitytaknyga.lt\/produktas\/dagne-jakseviciute-monika-mironaite-apie-gyvenima-meile-ir-kuryba\/\",\"name\":\"Dagn\u0117 Jak\u0161evi\u010di\u016bt\u0117 \u201eMonika Mironait\u0117. Apie gyvenim\u0105, meil\u0119 ir k\u016bryb\u0105\u201c\",\"isPartOf\":{\"@id\":\"https:\/\/skaitytaknyga.lt\/#website\"},\"primaryImageOfPage\":{\"@id\":\"https:\/\/skaitytaknyga.lt\/produktas\/dagne-jakseviciute-monika-mironaite-apie-gyvenima-meile-ir-kuryba\/#primaryimage\"},\"image\":{\"@id\":\"https:\/\/skaitytaknyga.lt\/produktas\/dagne-jakseviciute-monika-mironaite-apie-gyvenima-meile-ir-kuryba\/#primaryimage\"},\"thumbnailUrl\":\"https:\/\/skaitytaknyga.lt\/wp-content\/uploads\/2024\/08\/Monika-Mironaite.-Apie-gyvenima-meile-ir-kuryba-Dagne-Jakseviciute.webp\",\"datePublished\":\"2024-08-25T09:10:23+00:00\",\"dateModified\":\"2024-08-25T09:41:12+00:00\",\"description\":\"\u201eNor\u0117\u010diau ir jums, gerbiami skaitytojai, atverti Monikos Mironait\u0117s vidin\u012f pasaul\u012f, kuris taip ry\u0161kiai i\u0161kyla jos dienora\u0161\u010di\u0173 puslapiuose, lai\u0161kuose, jos\",\"breadcrumb\":{\"@id\":\"https:\/\/skaitytaknyga.lt\/produktas\/dagne-jakseviciute-monika-mironaite-apie-gyvenima-meile-ir-kuryba\/#breadcrumb\"},\"inLanguage\":\"en-GB\",\"potentialAction\":[{\"@type\":\"ReadAction\",\"target\":[\"https:\/\/skaitytaknyga.lt\/produktas\/dagne-jakseviciute-monika-mironaite-apie-gyvenima-meile-ir-kuryba\/\"]}]},{\"@type\":\"ImageObject\",\"inLanguage\":\"en-GB\",\"@id\":\"https:\/\/skaitytaknyga.lt\/produktas\/dagne-jakseviciute-monika-mironaite-apie-gyvenima-meile-ir-kuryba\/#primaryimage\",\"url\":\"https:\/\/skaitytaknyga.lt\/wp-content\/uploads\/2024\/08\/Monika-Mironaite.-Apie-gyvenima-meile-ir-kuryba-Dagne-Jakseviciute.webp\",\"contentUrl\":\"https:\/\/skaitytaknyga.lt\/wp-content\/uploads\/2024\/08\/Monika-Mironaite.-Apie-gyvenima-meile-ir-kuryba-Dagne-Jakseviciute.webp\",\"width\":574,\"height\":800,\"caption\":\"Dagn\u0117 Jak\u0161evi\u010di\u016bt\u0117 \u201eMonika Mironait\u0117. Apie gyvenim\u0105, meil\u0119 ir k\u016bryb\u0105\u201c\"},{\"@type\":\"BreadcrumbList\",\"@id\":\"https:\/\/skaitytaknyga.lt\/produktas\/dagne-jakseviciute-monika-mironaite-apie-gyvenima-meile-ir-kuryba\/#breadcrumb\",\"itemListElement\":[{\"@type\":\"ListItem\",\"position\":1,\"name\":\"Home\",\"item\":\"https:\/\/skaitytaknyga.lt\/\"},{\"@type\":\"ListItem\",\"position\":2,\"name\":\"Parduotuv\u0117\",\"item\":\"https:\/\/skaitytaknyga.lt\/knygu-parduotuve\/\"},{\"@type\":\"ListItem\",\"position\":3,\"name\":\"Dagn\u0117 Jak\u0161evi\u010di\u016bt\u0117 \u201eMonika Mironait\u0117. Apie gyvenim\u0105, meil\u0119 ir k\u016bryb\u0105\u201c\"}]},{\"@type\":\"WebSite\",\"@id\":\"https:\/\/skaitytaknyga.lt\/#website\",\"url\":\"https:\/\/skaitytaknyga.lt\/\",\"name\":\"skaitytaknyga.lt\",\"description\":\"Skaitytaknyga.lt \u2013 tai ma\u017eas \u0161eimos verslas, kuris prasid\u0117jo nuo meil\u0117s knygoms ir siekio i\u0161gelb\u0117ti knygas nuo likimo prie konteinerio. Kas vienam nereikalingas daiktas \u2013 kitam lobis, o mes esame tarpininkai, kurie padeda abiems tapti laimingesniems ???? \u017dinome kaip nelengva i\u0161gyventi ma\u017eiems verslams, tad nuo \u0161iol, \u010dia rasite ir kit\u0173, ma\u017e\u0173 \u0161eim\u0173 versl\u0173, rank\u0173 darbo, dovan\u0173 sau ir artimiesiems.\",\"publisher\":{\"@id\":\"https:\/\/skaitytaknyga.lt\/#organization\"},\"potentialAction\":[{\"@type\":\"SearchAction\",\"target\":{\"@type\":\"EntryPoint\",\"urlTemplate\":\"https:\/\/skaitytaknyga.lt\/?s={search_term_string}\"},\"query-input\":{\"@type\":\"PropertyValueSpecification\",\"valueRequired\":true,\"valueName\":\"search_term_string\"}}],\"inLanguage\":\"en-GB\"},{\"@type\":\"Organization\",\"@id\":\"https:\/\/skaitytaknyga.lt\/#organization\",\"name\":\"skaitytaknyga.lt\",\"url\":\"https:\/\/skaitytaknyga.lt\/\",\"logo\":{\"@type\":\"ImageObject\",\"inLanguage\":\"en-GB\",\"@id\":\"https:\/\/skaitytaknyga.lt\/#\/schema\/logo\/image\/\",\"url\":\"https:\/\/skaitytaknyga.lt\/wp-content\/uploads\/2024\/05\/cropped-cropped-cropped-02_00843_jt3bggkj1j3HLc7SyY6rEUpg.jpeg\",\"contentUrl\":\"https:\/\/skaitytaknyga.lt\/wp-content\/uploads\/2024\/05\/cropped-cropped-cropped-02_00843_jt3bggkj1j3HLc7SyY6rEUpg.jpeg\",\"width\":1600,\"height\":1600,\"caption\":\"skaitytaknyga.lt\"},\"image\":{\"@id\":\"https:\/\/skaitytaknyga.lt\/#\/schema\/logo\/image\/\"},\"sameAs\":[\"https:\/\/www.facebook.com\/skaitytaknyga\/\"]}]}<\/script>\n<!-- \/ Yoast SEO plugin. -->","yoast_head_json":{"title":"Dagn\u0117 Jak\u0161evi\u010di\u016bt\u0117 \u201eMonika Mironait\u0117. Apie gyvenim\u0105, meil\u0119 ir k\u016bryb\u0105\u201c","description":"\u201eNor\u0117\u010diau ir jums, gerbiami skaitytojai, atverti Monikos Mironait\u0117s vidin\u012f pasaul\u012f, kuris taip ry\u0161kiai i\u0161kyla jos dienora\u0161\u010di\u0173 puslapiuose, lai\u0161kuose, jos","robots":{"index":"index","follow":"follow","max-snippet":"max-snippet:-1","max-image-preview":"max-image-preview:large","max-video-preview":"max-video-preview:-1"},"canonical":"https:\/\/skaitytaknyga.lt\/en\/produktas\/dagne-jakseviciute-monika-mironaite-apie-gyvenima-meile-ir-kuryba\/","og_locale":"en_GB","og_type":"article","og_title":"[:lt]Dagn\u0117 Jak\u0161evi\u010di\u016bt\u0117 \u201eMonika Mironait\u0117. Apie gyvenim\u0105, meil\u0119 ir k\u016bryb\u0105\u201c[:] - Skaitytaknyga","og_description":"\u201eNor\u0117\u010diau ir jums, gerbiami skaitytojai, atverti Monikos Mironait\u0117s vidin\u012f pasaul\u012f, kuris taip ry\u0161kiai i\u0161kyla jos dienora\u0161\u010di\u0173 puslapiuose, lai\u0161kuose, jos","og_url":"https:\/\/skaitytaknyga.lt\/en\/produktas\/dagne-jakseviciute-monika-mironaite-apie-gyvenima-meile-ir-kuryba\/","og_site_name":"Skaitytaknyga","article_publisher":"https:\/\/www.facebook.com\/skaitytaknyga\/","article_modified_time":"2024-08-25T09:41:12+00:00","og_image":[{"width":574,"height":800,"url":"https:\/\/skaitytaknyga.lt\/wp-content\/uploads\/2024\/08\/Monika-Mironaite.-Apie-gyvenima-meile-ir-kuryba-Dagne-Jakseviciute.webp","type":"image\/webp"}],"twitter_card":"summary_large_image","twitter_misc":{"Estimated reading time":"1 minute"},"schema":{"@context":"https:\/\/schema.org","@graph":[{"@type":"WebPage","@id":"https:\/\/skaitytaknyga.lt\/produktas\/dagne-jakseviciute-monika-mironaite-apie-gyvenima-meile-ir-kuryba\/","url":"https:\/\/skaitytaknyga.lt\/produktas\/dagne-jakseviciute-monika-mironaite-apie-gyvenima-meile-ir-kuryba\/","name":"Dagn\u0117 Jak\u0161evi\u010di\u016bt\u0117 \u201eMonika Mironait\u0117. Apie gyvenim\u0105, meil\u0119 ir k\u016bryb\u0105\u201c","isPartOf":{"@id":"https:\/\/skaitytaknyga.lt\/#website"},"primaryImageOfPage":{"@id":"https:\/\/skaitytaknyga.lt\/produktas\/dagne-jakseviciute-monika-mironaite-apie-gyvenima-meile-ir-kuryba\/#primaryimage"},"image":{"@id":"https:\/\/skaitytaknyga.lt\/produktas\/dagne-jakseviciute-monika-mironaite-apie-gyvenima-meile-ir-kuryba\/#primaryimage"},"thumbnailUrl":"https:\/\/skaitytaknyga.lt\/wp-content\/uploads\/2024\/08\/Monika-Mironaite.-Apie-gyvenima-meile-ir-kuryba-Dagne-Jakseviciute.webp","datePublished":"2024-08-25T09:10:23+00:00","dateModified":"2024-08-25T09:41:12+00:00","description":"\u201eNor\u0117\u010diau ir jums, gerbiami skaitytojai, atverti Monikos Mironait\u0117s vidin\u012f pasaul\u012f, kuris taip ry\u0161kiai i\u0161kyla jos dienora\u0161\u010di\u0173 puslapiuose, lai\u0161kuose, jos","breadcrumb":{"@id":"https:\/\/skaitytaknyga.lt\/produktas\/dagne-jakseviciute-monika-mironaite-apie-gyvenima-meile-ir-kuryba\/#breadcrumb"},"inLanguage":"en-GB","potentialAction":[{"@type":"ReadAction","target":["https:\/\/skaitytaknyga.lt\/produktas\/dagne-jakseviciute-monika-mironaite-apie-gyvenima-meile-ir-kuryba\/"]}]},{"@type":"ImageObject","inLanguage":"en-GB","@id":"https:\/\/skaitytaknyga.lt\/produktas\/dagne-jakseviciute-monika-mironaite-apie-gyvenima-meile-ir-kuryba\/#primaryimage","url":"https:\/\/skaitytaknyga.lt\/wp-content\/uploads\/2024\/08\/Monika-Mironaite.-Apie-gyvenima-meile-ir-kuryba-Dagne-Jakseviciute.webp","contentUrl":"https:\/\/skaitytaknyga.lt\/wp-content\/uploads\/2024\/08\/Monika-Mironaite.-Apie-gyvenima-meile-ir-kuryba-Dagne-Jakseviciute.webp","width":574,"height":800,"caption":"Dagn\u0117 Jak\u0161evi\u010di\u016bt\u0117 \u201eMonika Mironait\u0117. Apie gyvenim\u0105, meil\u0119 ir k\u016bryb\u0105\u201c"},{"@type":"BreadcrumbList","@id":"https:\/\/skaitytaknyga.lt\/produktas\/dagne-jakseviciute-monika-mironaite-apie-gyvenima-meile-ir-kuryba\/#breadcrumb","itemListElement":[{"@type":"ListItem","position":1,"name":"Home","item":"https:\/\/skaitytaknyga.lt\/"},{"@type":"ListItem","position":2,"name":"Parduotuv\u0117","item":"https:\/\/skaitytaknyga.lt\/knygu-parduotuve\/"},{"@type":"ListItem","position":3,"name":"Dagn\u0117 Jak\u0161evi\u010di\u016bt\u0117 \u201eMonika Mironait\u0117. Apie gyvenim\u0105, meil\u0119 ir k\u016bryb\u0105\u201c"}]},{"@type":"WebSite","@id":"https:\/\/skaitytaknyga.lt\/#website","url":"https:\/\/skaitytaknyga.lt\/","name":"skaitytaknyga.lt","description":"Skaitytaknyga.lt \u2013 tai ma\u017eas \u0161eimos verslas, kuris prasid\u0117jo nuo meil\u0117s knygoms ir siekio i\u0161gelb\u0117ti knygas nuo likimo prie konteinerio. Kas vienam nereikalingas daiktas \u2013 kitam lobis, o mes esame tarpininkai, kurie padeda abiems tapti laimingesniems ???? \u017dinome kaip nelengva i\u0161gyventi ma\u017eiems verslams, tad nuo \u0161iol, \u010dia rasite ir kit\u0173, ma\u017e\u0173 \u0161eim\u0173 versl\u0173, rank\u0173 darbo, dovan\u0173 sau ir artimiesiems.","publisher":{"@id":"https:\/\/skaitytaknyga.lt\/#organization"},"potentialAction":[{"@type":"SearchAction","target":{"@type":"EntryPoint","urlTemplate":"https:\/\/skaitytaknyga.lt\/?s={search_term_string}"},"query-input":{"@type":"PropertyValueSpecification","valueRequired":true,"valueName":"search_term_string"}}],"inLanguage":"en-GB"},{"@type":"Organization","@id":"https:\/\/skaitytaknyga.lt\/#organization","name":"skaitytaknyga.lt","url":"https:\/\/skaitytaknyga.lt\/","logo":{"@type":"ImageObject","inLanguage":"en-GB","@id":"https:\/\/skaitytaknyga.lt\/#\/schema\/logo\/image\/","url":"https:\/\/skaitytaknyga.lt\/wp-content\/uploads\/2024\/05\/cropped-cropped-cropped-02_00843_jt3bggkj1j3HLc7SyY6rEUpg.jpeg","contentUrl":"https:\/\/skaitytaknyga.lt\/wp-content\/uploads\/2024\/05\/cropped-cropped-cropped-02_00843_jt3bggkj1j3HLc7SyY6rEUpg.jpeg","width":1600,"height":1600,"caption":"skaitytaknyga.lt"},"image":{"@id":"https:\/\/skaitytaknyga.lt\/#\/schema\/logo\/image\/"},"sameAs":["https:\/\/www.facebook.com\/skaitytaknyga\/"]}]}},"_links":{"self":[{"href":"https:\/\/skaitytaknyga.lt\/en\/wp-json\/wp\/v2\/product\/13539","targetHints":{"allow":["GET"]}}],"collection":[{"href":"https:\/\/skaitytaknyga.lt\/en\/wp-json\/wp\/v2\/product"}],"about":[{"href":"https:\/\/skaitytaknyga.lt\/en\/wp-json\/wp\/v2\/types\/product"}],"replies":[{"embeddable":true,"href":"https:\/\/skaitytaknyga.lt\/en\/wp-json\/wp\/v2\/comments?post=13539"}],"wp:featuredmedia":[{"embeddable":true,"href":"https:\/\/skaitytaknyga.lt\/en\/wp-json\/wp\/v2\/media\/13546"}],"wp:attachment":[{"href":"https:\/\/skaitytaknyga.lt\/en\/wp-json\/wp\/v2\/media?parent=13539"}],"wp:term":[{"taxonomy":"product_brand","embeddable":true,"href":"https:\/\/skaitytaknyga.lt\/en\/wp-json\/wp\/v2\/product_brand?post=13539"},{"taxonomy":"product_cat","embeddable":true,"href":"https:\/\/skaitytaknyga.lt\/en\/wp-json\/wp\/v2\/product_cat?post=13539"},{"taxonomy":"product_tag","embeddable":true,"href":"https:\/\/skaitytaknyga.lt\/en\/wp-json\/wp\/v2\/product_tag?post=13539"}],"curies":[{"name":"wp","href":"https:\/\/api.w.org\/{rel}","templated":true}]}}