{"id":13538,"date":"2024-08-25T12:10:23","date_gmt":"2024-08-25T09:10:23","guid":{"rendered":"https:\/\/skaitytaknyga.lt\/?post_type=product&#038;p=13538"},"modified":"2026-03-18T12:37:18","modified_gmt":"2026-03-18T10:37:18","slug":"graham-swift-motinu-sekmadienis","status":"publish","type":"product","link":"https:\/\/skaitytaknyga.lt\/en\/produktas\/graham-swift-motinu-sekmadienis\/","title":{"rendered":"Motin\u0173 sekmadienis"},"content":{"rendered":"<p><strong>Motin\u0173 sekmadienis&#8221;<\/strong>\u00a0\u2013 tai ne\u012ftik\u0117tinai talpus, subtiliai jausmingas ir rafinuotai sentimentalus vieno garsiausi\u0173 \u0161iuolaikini\u0173 brit\u0173 ra\u0161ytoj\u0173\u00a0<strong>Grahamo Swifto<\/strong>\u00a0k\u016brinys, atskleid\u017eiantis tarnait\u0117s ir jauno dvarininko slapto meil\u0117s romano atgarsius viso gyvenimo kontekste. Poeti\u0161kas pasakojimas harmoningai i\u0161siskleid\u017eia paminint ir svarbiausius XX am\u017eiaus pirmos pus\u0117s istorijos \u012fvykius.<\/p>\n<p>1924 m. kovo 30-oji i\u0161au\u0161o ne\u012fprastai \u0161ilta ir saul\u0117ta \u2013 tiesiog tobulas Motin\u0173 sekmadienis. Ta\u010diau dvide\u0161imt dvej\u0173 na\u0161laitei D\u017eeinei Fer\u010daild \u0161i diena niekuo neypatinga. Nebent tuo, kad tai proga pasim\u0117gauti laisve nuo tarnait\u0117s pareig\u0173 kilming\u0173 angl\u0173 namuose, kuriuose ji dirba nuo \u0161e\u0161iolikos met\u0173. T\u0105dien lemtingai suskamb\u0119s telefonas pakeit\u0117 ne tik dienos planus. Slapto D\u017eein\u0117s meilu\u017eio Polo \u0160eringemo, kaiminyst\u0117je gyvenan\u010dio jaunojo dvaro paveld\u0117tojo, skambutis ir toliau sek\u0119 \u012fvykiai pakeit\u0117 viso nepaprasto jos gyvenimo t\u0117km\u0119. D\u017eein\u0117 dar ne\u017eino, kad \u0161is judviej\u0173 susitikimas bus paskutinis.<\/p>\n<p>D\u017eein\u0117s istorija \u2013 daugiau nei paprastas pasakojimas apie prab\u0117gus\u012f gyvenim\u0105. Tai d\u0117mes\u012f prikaustantis prisiminim\u0173 \u0161e\u0161\u0117li\u0173 \u0161okis. Tai trapus ir grak\u0161tus b\u016bties porcelianas. Tai sav\u0119s ir intelektualin\u0117s, socialin\u0117s ir seksualin\u0117s laisv\u0117s paie\u0161kos. Tai savitumu kerintis geb\u0117jimas matyti kasdienyb\u0119 nekasdieni\u0161kai. Ir \u0161\u012f geb\u0117jim\u0105 Grahamas Swiftas perduoda skaitytojams, leid\u017eiantiems sau neskubant pasim\u0117gauti kiekvienu meistri\u0161kai sukurtu sakiniu.<\/p>\n<ul class=\"about-product d-none d-xl-block mt-4\">\n<li><strong>Originalus pavadinimas:<\/strong>\u00a0Mothering Sunday<\/li>\n<li><strong>Autorius:<\/strong>\u00a0Graham Swift<\/li>\n<li><strong>Leid\u0117jas:<\/strong>\u00a0<a href=\"https:\/\/www.knygos.lt\/lt\/knygos\/leidejas\/baltos-lankos\/\">Baltos lankos<\/a><\/li>\n<li><strong>Metai:<\/strong>\u00a02019<\/li>\n<li><strong>Puslapiai:<\/strong>\u00a0128<\/li>\n<li><strong>ISBN:<\/strong>\u00a09786094791765<\/li>\n<li><strong>Versijos kodas:<\/strong>\u00a04<\/li>\n<li><strong>Formatas:<\/strong>\u00a014,5 x 21 x 1,3 cm, kieti vir\u0161eliai<\/li>\n<li><strong>Kalba:<\/strong>\u00a0Lietuvi\u0173<\/li>\n<li><strong>Vert\u0117jas:<\/strong>\u00a0Emilija Ferdmanait\u0117<\/li>\n<\/ul>\n","protected":false},"excerpt":{"rendered":"<p>Motin\u0173 sekmadienis&#8221;\u00a0\u2013 tai ne\u012ftik\u0117tinai talpus, subtiliai jausmingas ir rafinuotai sentimentalus vieno garsiausi\u0173 \u0161iuolaikini\u0173 brit\u0173 ra\u0161ytoj\u0173\u00a0Grahamo Swifto\u00a0k\u016brinys, atskleid\u017eiantis tarnait\u0117s ir jauno dvarininko slapto meil\u0117s romano atgarsius viso gyvenimo kontekste. Poeti\u0161kas pasakojimas harmoningai i\u0161siskleid\u017eia paminint ir svarbiausius XX am\u017eiaus pirmos pus\u0117s istorijos \u012fvykius. 1924 m. kovo 30-oji i\u0161au\u0161o ne\u012fprastai \u0161ilta ir saul\u0117ta \u2013 tiesiog tobulas Motin\u0173 sekmadienis. Ta\u010diau dvide\u0161imt dvej\u0173 na\u0161laitei D\u017eeinei Fer\u010daild \u0161i diena niekuo neypatinga. Nebent tuo, kad tai proga pasim\u0117gauti laisve nuo tarnait\u0117s pareig\u0173 kilming\u0173 angl\u0173 namuose, kuriuose ji dirba nuo \u0161e\u0161iolikos met\u0173. T\u0105dien lemtingai suskamb\u0119s telefonas pakeit\u0117 ne tik dienos planus. Slapto D\u017eein\u0117s meilu\u017eio Polo \u0160eringemo, kaiminyst\u0117je gyvenan\u010dio jaunojo dvaro paveld\u0117tojo, skambutis ir toliau sek\u0119 \u012fvykiai pakeit\u0117 viso nepaprasto jos gyvenimo t\u0117km\u0119. D\u017eein\u0117 dar ne\u017eino, kad \u0161is judviej\u0173 susitikimas bus paskutinis. D\u017eein\u0117s istorija \u2013 daugiau nei paprastas pasakojimas apie prab\u0117gus\u012f gyvenim\u0105. Tai d\u0117mes\u012f prikaustantis prisiminim\u0173 \u0161e\u0161\u0117li\u0173 \u0161okis. Tai trapus ir grak\u0161tus b\u016bties porcelianas. Tai sav\u0119s ir intelektualin\u0117s, socialin\u0117s ir seksualin\u0117s laisv\u0117s paie\u0161kos. Tai savitumu kerintis geb\u0117jimas matyti kasdienyb\u0119 nekasdieni\u0161kai. Ir \u0161\u012f geb\u0117jim\u0105 Grahamas Swiftas perduoda skaitytojams, leid\u017eiantiems sau neskubant pasim\u0117gauti kiekvienu meistri\u0161kai sukurtu sakiniu. Originalus pavadinimas:\u00a0Mothering Sunday Autorius:\u00a0Graham Swift Leid\u0117jas:\u00a0Baltos lankos Metai:\u00a02019 Puslapiai:\u00a0128 ISBN:\u00a09786094791765 Versijos kodas:\u00a04 Formatas:\u00a014,5 x 21 x 1,3 cm, kieti vir\u0161eliai Kalba:\u00a0Lietuvi\u0173 Vert\u0117jas:\u00a0Emilija Ferdmanait\u0117<\/p>\n","protected":false},"featured_media":13547,"comment_status":"open","ping_status":"closed","template":"","meta":{"_acf_changed":false,"site-sidebar-layout":"default","site-content-layout":"","ast-site-content-layout":"default","site-content-style":"default","site-sidebar-style":"default","ast-global-header-display":"","ast-banner-title-visibility":"","ast-main-header-display":"","ast-hfb-above-header-display":"","ast-hfb-below-header-display":"","ast-hfb-mobile-header-display":"","site-post-title":"","ast-breadcrumbs-content":"","ast-featured-img":"","footer-sml-layout":"","ast-disable-related-posts":"","theme-transparent-header-meta":"default","adv-header-id-meta":"","stick-header-meta":"","header-above-stick-meta":"","header-main-stick-meta":"","header-below-stick-meta":"","astra-migrate-meta-layouts":"set","ast-page-background-enabled":"default","ast-page-background-meta":{"desktop":{"background-color":"","background-image":"","background-repeat":"repeat","background-position":"center center","background-size":"auto","background-attachment":"scroll","background-type":"","background-media":"","overlay-type":"","overlay-color":"","overlay-opacity":"","overlay-gradient":""},"tablet":{"background-color":"","background-image":"","background-repeat":"repeat","background-position":"center center","background-size":"auto","background-attachment":"scroll","background-type":"","background-media":"","overlay-type":"","overlay-color":"","overlay-opacity":"","overlay-gradient":""},"mobile":{"background-color":"","background-image":"","background-repeat":"repeat","background-position":"center center","background-size":"auto","background-attachment":"scroll","background-type":"","background-media":"","overlay-type":"","overlay-color":"","overlay-opacity":"","overlay-gradient":""}},"ast-content-background-meta":{"desktop":{"background-color":"var(--ast-global-color-4)","background-image":"","background-repeat":"repeat","background-position":"center center","background-size":"auto","background-attachment":"scroll","background-type":"","background-media":"","overlay-type":"","overlay-color":"","overlay-opacity":"","overlay-gradient":""},"tablet":{"background-color":"var(--ast-global-color-4)","background-image":"","background-repeat":"repeat","background-position":"center center","background-size":"auto","background-attachment":"scroll","background-type":"","background-media":"","overlay-type":"","overlay-color":"","overlay-opacity":"","overlay-gradient":""},"mobile":{"background-color":"var(--ast-global-color-4)","background-image":"","background-repeat":"repeat","background-position":"center center","background-size":"auto","background-attachment":"scroll","background-type":"","background-media":"","overlay-type":"","overlay-color":"","overlay-opacity":"","overlay-gradient":""}}},"product_brand":[],"product_cat":[9734,15],"product_tag":[4510,4509,4508,2069,1748],"class_list":{"0":"post-13538","1":"product","2":"type-product","3":"status-publish","4":"has-post-thumbnail","6":"product_cat-romanai","7":"product_cat-uncategorized","8":"product_tag-1920-ieji","9":"product_tag-anglija","10":"product_tag-graham-swift","11":"product_tag-istorinis-romanas","12":"product_tag-meiles-istorija","13":"desktop-align-left","14":"tablet-align-left","15":"mobile-align-left","17":"first","18":"instock","19":"shipping-taxable","20":"purchasable","21":"product-type-simple"},"acf":[],"yoast_head":"<!-- This site is optimized with the Yoast SEO plugin v27.0 - https:\/\/yoast.com\/product\/yoast-seo-wordpress\/ -->\n<title>Motin\u0173 sekmadienis<\/title>\n<meta name=\"description\" content=\"Motin\u0173 sekmadienis&quot;\u00a0\u2013 tai ne\u012ftik\u0117tinai talpus, subtiliai jausmingas ir rafinuotai sentimentalus vieno garsiausi\u0173 \u0161iuolaikini\u0173 brit\u0173 ra\u0161ytoj\u0173\u00a0Grahamo\" \/>\n<meta name=\"robots\" content=\"index, follow, max-snippet:-1, max-image-preview:large, max-video-preview:-1\" \/>\n<link rel=\"canonical\" href=\"https:\/\/skaitytaknyga.lt\/en\/produktas\/graham-swift-motinu-sekmadienis\/\" \/>\n<meta property=\"og:locale\" content=\"en_GB\" \/>\n<meta property=\"og:locale:alternate\" content=\"lt_LT\" \/>\n<meta property=\"og:type\" content=\"article\" \/>\n<meta property=\"og:title\" content=\"Motin\u0173 sekmadienis\" \/>\n<meta property=\"og:description\" content=\"Motin\u0173 sekmadienis&quot;\u00a0\u2013 tai ne\u012ftik\u0117tinai talpus, subtiliai jausmingas ir rafinuotai sentimentalus vieno garsiausi\u0173 \u0161iuolaikini\u0173 brit\u0173 ra\u0161ytoj\u0173\u00a0Grahamo\" \/>\n<meta property=\"og:url\" content=\"https:\/\/skaitytaknyga.lt\/en\/produktas\/graham-swift-motinu-sekmadienis\/\" \/>\n<meta property=\"og:site_name\" content=\"Skaitytaknyga\" \/>\n<meta property=\"article:publisher\" content=\"https:\/\/www.facebook.com\/skaitytaknyga\/\" \/>\n<meta property=\"article:modified_time\" content=\"2026-03-18T10:37:18+00:00\" \/>\n<meta property=\"og:image\" content=\"https:\/\/skaitytaknyga.lt\/wp-content\/uploads\/2024\/08\/Motinu-sekmadienis.webp\" \/>\n\t<meta property=\"og:image:width\" content=\"453\" \/>\n\t<meta property=\"og:image:height\" content=\"652\" \/>\n\t<meta property=\"og:image:type\" content=\"image\/webp\" \/>\n<meta name=\"twitter:card\" content=\"summary_large_image\" \/>\n<meta name=\"twitter:label1\" content=\"Estimated reading time\" \/>\n\t<meta name=\"twitter:data1\" content=\"2 minutes\" \/>\n<script type=\"application\/ld+json\" class=\"yoast-schema-graph\">{\"@context\":\"https:\/\/schema.org\",\"@graph\":[{\"@type\":\"WebPage\",\"@id\":\"https:\/\/skaitytaknyga.lt\/produktas\/graham-swift-motinu-sekmadienis\/\",\"url\":\"https:\/\/skaitytaknyga.lt\/produktas\/graham-swift-motinu-sekmadienis\/\",\"name\":\"Motin\u0173 sekmadienis\",\"isPartOf\":{\"@id\":\"https:\/\/skaitytaknyga.lt\/#website\"},\"primaryImageOfPage\":{\"@id\":\"https:\/\/skaitytaknyga.lt\/produktas\/graham-swift-motinu-sekmadienis\/#primaryimage\"},\"image\":{\"@id\":\"https:\/\/skaitytaknyga.lt\/produktas\/graham-swift-motinu-sekmadienis\/#primaryimage\"},\"thumbnailUrl\":\"https:\/\/skaitytaknyga.lt\/wp-content\/uploads\/2024\/08\/Motinu-sekmadienis.webp\",\"datePublished\":\"2024-08-25T09:10:23+00:00\",\"dateModified\":\"2026-03-18T10:37:18+00:00\",\"description\":\"Motin\u0173 sekmadienis\\\"\u00a0\u2013 tai ne\u012ftik\u0117tinai talpus, subtiliai jausmingas ir rafinuotai sentimentalus vieno garsiausi\u0173 \u0161iuolaikini\u0173 brit\u0173 ra\u0161ytoj\u0173\u00a0Grahamo\",\"breadcrumb\":{\"@id\":\"https:\/\/skaitytaknyga.lt\/produktas\/graham-swift-motinu-sekmadienis\/#breadcrumb\"},\"inLanguage\":\"en-GB\",\"potentialAction\":[{\"@type\":\"ReadAction\",\"target\":[\"https:\/\/skaitytaknyga.lt\/produktas\/graham-swift-motinu-sekmadienis\/\"]}]},{\"@type\":\"ImageObject\",\"inLanguage\":\"en-GB\",\"@id\":\"https:\/\/skaitytaknyga.lt\/produktas\/graham-swift-motinu-sekmadienis\/#primaryimage\",\"url\":\"https:\/\/skaitytaknyga.lt\/wp-content\/uploads\/2024\/08\/Motinu-sekmadienis.webp\",\"contentUrl\":\"https:\/\/skaitytaknyga.lt\/wp-content\/uploads\/2024\/08\/Motinu-sekmadienis.webp\",\"width\":453,\"height\":652,\"caption\":\"Graham Swift \u201eMotin\u0173 sekmadienis\u201c\"},{\"@type\":\"BreadcrumbList\",\"@id\":\"https:\/\/skaitytaknyga.lt\/produktas\/graham-swift-motinu-sekmadienis\/#breadcrumb\",\"itemListElement\":[{\"@type\":\"ListItem\",\"position\":1,\"name\":\"Home\",\"item\":\"https:\/\/skaitytaknyga.lt\/\"},{\"@type\":\"ListItem\",\"position\":2,\"name\":\"Parduotuv\u0117\",\"item\":\"https:\/\/skaitytaknyga.lt\/knygu-parduotuve\/\"},{\"@type\":\"ListItem\",\"position\":3,\"name\":\"Motin\u0173 sekmadienis\"}]},{\"@type\":\"WebSite\",\"@id\":\"https:\/\/skaitytaknyga.lt\/#website\",\"url\":\"https:\/\/skaitytaknyga.lt\/\",\"name\":\"skaitytaknyga.lt\",\"description\":\"Skaitytaknyga.lt \u2013 tai ma\u017eas \u0161eimos verslas, kuris prasid\u0117jo nuo meil\u0117s knygoms ir siekio i\u0161gelb\u0117ti knygas nuo likimo prie konteinerio. Kas vienam nereikalingas daiktas \u2013 kitam lobis, o mes esame tarpininkai, kurie padeda abiems tapti laimingesniems ???? \u017dinome kaip nelengva i\u0161gyventi ma\u017eiems verslams, tad nuo \u0161iol, \u010dia rasite ir kit\u0173, ma\u017e\u0173 \u0161eim\u0173 versl\u0173, rank\u0173 darbo, dovan\u0173 sau ir artimiesiems.\",\"publisher\":{\"@id\":\"https:\/\/skaitytaknyga.lt\/#organization\"},\"potentialAction\":[{\"@type\":\"SearchAction\",\"target\":{\"@type\":\"EntryPoint\",\"urlTemplate\":\"https:\/\/skaitytaknyga.lt\/?s={search_term_string}\"},\"query-input\":{\"@type\":\"PropertyValueSpecification\",\"valueRequired\":true,\"valueName\":\"search_term_string\"}}],\"inLanguage\":\"en-GB\"},{\"@type\":\"Organization\",\"@id\":\"https:\/\/skaitytaknyga.lt\/#organization\",\"name\":\"skaitytaknyga.lt\",\"url\":\"https:\/\/skaitytaknyga.lt\/\",\"logo\":{\"@type\":\"ImageObject\",\"inLanguage\":\"en-GB\",\"@id\":\"https:\/\/skaitytaknyga.lt\/#\/schema\/logo\/image\/\",\"url\":\"https:\/\/skaitytaknyga.lt\/wp-content\/uploads\/2024\/05\/cropped-cropped-cropped-02_00843_jt3bggkj1j3HLc7SyY6rEUpg.jpeg\",\"contentUrl\":\"https:\/\/skaitytaknyga.lt\/wp-content\/uploads\/2024\/05\/cropped-cropped-cropped-02_00843_jt3bggkj1j3HLc7SyY6rEUpg.jpeg\",\"width\":1600,\"height\":1600,\"caption\":\"skaitytaknyga.lt\"},\"image\":{\"@id\":\"https:\/\/skaitytaknyga.lt\/#\/schema\/logo\/image\/\"},\"sameAs\":[\"https:\/\/www.facebook.com\/skaitytaknyga\/\"]}]}<\/script>\n<!-- \/ Yoast SEO plugin. -->","yoast_head_json":{"title":"Motin\u0173 sekmadienis","description":"Motin\u0173 sekmadienis\"\u00a0\u2013 tai ne\u012ftik\u0117tinai talpus, subtiliai jausmingas ir rafinuotai sentimentalus vieno garsiausi\u0173 \u0161iuolaikini\u0173 brit\u0173 ra\u0161ytoj\u0173\u00a0Grahamo","robots":{"index":"index","follow":"follow","max-snippet":"max-snippet:-1","max-image-preview":"max-image-preview:large","max-video-preview":"max-video-preview:-1"},"canonical":"https:\/\/skaitytaknyga.lt\/en\/produktas\/graham-swift-motinu-sekmadienis\/","og_locale":"en_GB","og_type":"article","og_title":"[:lt]Motin\u0173 sekmadienis[:] - Skaitytaknyga","og_description":"Motin\u0173 sekmadienis\"\u00a0\u2013 tai ne\u012ftik\u0117tinai talpus, subtiliai jausmingas ir rafinuotai sentimentalus vieno garsiausi\u0173 \u0161iuolaikini\u0173 brit\u0173 ra\u0161ytoj\u0173\u00a0Grahamo","og_url":"https:\/\/skaitytaknyga.lt\/en\/produktas\/graham-swift-motinu-sekmadienis\/","og_site_name":"Skaitytaknyga","article_publisher":"https:\/\/www.facebook.com\/skaitytaknyga\/","article_modified_time":"2026-03-18T10:37:18+00:00","og_image":[{"width":453,"height":652,"url":"https:\/\/skaitytaknyga.lt\/wp-content\/uploads\/2024\/08\/Motinu-sekmadienis.webp","type":"image\/webp"}],"twitter_card":"summary_large_image","twitter_misc":{"Estimated reading time":"2 minutes"},"schema":{"@context":"https:\/\/schema.org","@graph":[{"@type":"WebPage","@id":"https:\/\/skaitytaknyga.lt\/produktas\/graham-swift-motinu-sekmadienis\/","url":"https:\/\/skaitytaknyga.lt\/produktas\/graham-swift-motinu-sekmadienis\/","name":"Motin\u0173 sekmadienis","isPartOf":{"@id":"https:\/\/skaitytaknyga.lt\/#website"},"primaryImageOfPage":{"@id":"https:\/\/skaitytaknyga.lt\/produktas\/graham-swift-motinu-sekmadienis\/#primaryimage"},"image":{"@id":"https:\/\/skaitytaknyga.lt\/produktas\/graham-swift-motinu-sekmadienis\/#primaryimage"},"thumbnailUrl":"https:\/\/skaitytaknyga.lt\/wp-content\/uploads\/2024\/08\/Motinu-sekmadienis.webp","datePublished":"2024-08-25T09:10:23+00:00","dateModified":"2026-03-18T10:37:18+00:00","description":"Motin\u0173 sekmadienis\"\u00a0\u2013 tai ne\u012ftik\u0117tinai talpus, subtiliai jausmingas ir rafinuotai sentimentalus vieno garsiausi\u0173 \u0161iuolaikini\u0173 brit\u0173 ra\u0161ytoj\u0173\u00a0Grahamo","breadcrumb":{"@id":"https:\/\/skaitytaknyga.lt\/produktas\/graham-swift-motinu-sekmadienis\/#breadcrumb"},"inLanguage":"en-GB","potentialAction":[{"@type":"ReadAction","target":["https:\/\/skaitytaknyga.lt\/produktas\/graham-swift-motinu-sekmadienis\/"]}]},{"@type":"ImageObject","inLanguage":"en-GB","@id":"https:\/\/skaitytaknyga.lt\/produktas\/graham-swift-motinu-sekmadienis\/#primaryimage","url":"https:\/\/skaitytaknyga.lt\/wp-content\/uploads\/2024\/08\/Motinu-sekmadienis.webp","contentUrl":"https:\/\/skaitytaknyga.lt\/wp-content\/uploads\/2024\/08\/Motinu-sekmadienis.webp","width":453,"height":652,"caption":"Graham Swift \u201eMotin\u0173 sekmadienis\u201c"},{"@type":"BreadcrumbList","@id":"https:\/\/skaitytaknyga.lt\/produktas\/graham-swift-motinu-sekmadienis\/#breadcrumb","itemListElement":[{"@type":"ListItem","position":1,"name":"Home","item":"https:\/\/skaitytaknyga.lt\/"},{"@type":"ListItem","position":2,"name":"Parduotuv\u0117","item":"https:\/\/skaitytaknyga.lt\/knygu-parduotuve\/"},{"@type":"ListItem","position":3,"name":"Motin\u0173 sekmadienis"}]},{"@type":"WebSite","@id":"https:\/\/skaitytaknyga.lt\/#website","url":"https:\/\/skaitytaknyga.lt\/","name":"skaitytaknyga.lt","description":"Skaitytaknyga.lt \u2013 tai ma\u017eas \u0161eimos verslas, kuris prasid\u0117jo nuo meil\u0117s knygoms ir siekio i\u0161gelb\u0117ti knygas nuo likimo prie konteinerio. Kas vienam nereikalingas daiktas \u2013 kitam lobis, o mes esame tarpininkai, kurie padeda abiems tapti laimingesniems ???? \u017dinome kaip nelengva i\u0161gyventi ma\u017eiems verslams, tad nuo \u0161iol, \u010dia rasite ir kit\u0173, ma\u017e\u0173 \u0161eim\u0173 versl\u0173, rank\u0173 darbo, dovan\u0173 sau ir artimiesiems.","publisher":{"@id":"https:\/\/skaitytaknyga.lt\/#organization"},"potentialAction":[{"@type":"SearchAction","target":{"@type":"EntryPoint","urlTemplate":"https:\/\/skaitytaknyga.lt\/?s={search_term_string}"},"query-input":{"@type":"PropertyValueSpecification","valueRequired":true,"valueName":"search_term_string"}}],"inLanguage":"en-GB"},{"@type":"Organization","@id":"https:\/\/skaitytaknyga.lt\/#organization","name":"skaitytaknyga.lt","url":"https:\/\/skaitytaknyga.lt\/","logo":{"@type":"ImageObject","inLanguage":"en-GB","@id":"https:\/\/skaitytaknyga.lt\/#\/schema\/logo\/image\/","url":"https:\/\/skaitytaknyga.lt\/wp-content\/uploads\/2024\/05\/cropped-cropped-cropped-02_00843_jt3bggkj1j3HLc7SyY6rEUpg.jpeg","contentUrl":"https:\/\/skaitytaknyga.lt\/wp-content\/uploads\/2024\/05\/cropped-cropped-cropped-02_00843_jt3bggkj1j3HLc7SyY6rEUpg.jpeg","width":1600,"height":1600,"caption":"skaitytaknyga.lt"},"image":{"@id":"https:\/\/skaitytaknyga.lt\/#\/schema\/logo\/image\/"},"sameAs":["https:\/\/www.facebook.com\/skaitytaknyga\/"]}]}},"_links":{"self":[{"href":"https:\/\/skaitytaknyga.lt\/en\/wp-json\/wp\/v2\/product\/13538","targetHints":{"allow":["GET"]}}],"collection":[{"href":"https:\/\/skaitytaknyga.lt\/en\/wp-json\/wp\/v2\/product"}],"about":[{"href":"https:\/\/skaitytaknyga.lt\/en\/wp-json\/wp\/v2\/types\/product"}],"replies":[{"embeddable":true,"href":"https:\/\/skaitytaknyga.lt\/en\/wp-json\/wp\/v2\/comments?post=13538"}],"wp:featuredmedia":[{"embeddable":true,"href":"https:\/\/skaitytaknyga.lt\/en\/wp-json\/wp\/v2\/media\/13547"}],"wp:attachment":[{"href":"https:\/\/skaitytaknyga.lt\/en\/wp-json\/wp\/v2\/media?parent=13538"}],"wp:term":[{"taxonomy":"product_brand","embeddable":true,"href":"https:\/\/skaitytaknyga.lt\/en\/wp-json\/wp\/v2\/product_brand?post=13538"},{"taxonomy":"product_cat","embeddable":true,"href":"https:\/\/skaitytaknyga.lt\/en\/wp-json\/wp\/v2\/product_cat?post=13538"},{"taxonomy":"product_tag","embeddable":true,"href":"https:\/\/skaitytaknyga.lt\/en\/wp-json\/wp\/v2\/product_tag?post=13538"}],"curies":[{"name":"wp","href":"https:\/\/api.w.org\/{rel}","templated":true}]}}