{"id":13537,"date":"2024-08-25T12:10:22","date_gmt":"2024-08-25T09:10:22","guid":{"rendered":"https:\/\/skaitytaknyga.lt\/?post_type=product&#038;p=13537"},"modified":"2024-08-25T12:38:59","modified_gmt":"2024-08-25T09:38:59","slug":"michael-laitman-is-chaoso-i-harmonija","status":"publish","type":"product","link":"https:\/\/skaitytaknyga.lt\/en\/produktas\/michael-laitman-is-chaoso-i-harmonija\/","title":{"rendered":"Michael Laitman \u201eI\u0161 chaoso \u012f harmonij\u0105\u201c"},"content":{"rendered":"<p>Ne paslaptis, kad \u017emonija i\u0161gyvena gili\u0105 kriz\u0119. Daugelis jau patiria tai savo kailiu.\u00a0Beprasmyb\u0117, nusivylimas, tu\u0161tuma u\u017etvind\u0117 m\u016bs\u0173 gyvenim\u0105; \u0161eimos instituto ir \u0161vietimo sistemos griuvimas, narkomanija, ekonominis bei politinis nesaugumas, branduolinio karo gr\u0117sm\u0117, ekologin\u0117s nelaim\u0117s \u2013 visa tai tik dalis problem\u0173, temdan\u010di\u0173 dabartin\u0119 situacij\u0105 ir ateities perspektyvas.<\/p>\n<p>Akivaizdu, kad praradome geb\u0117jim\u0105 kontroliuoti savo gyvenim\u0105 ir pasaulini\u0173 \u012fvyki\u0173 eig\u0105.Kaip \u017einome, teisinga diagnoz\u0117 \u2013 jau pus\u0117 gydymo. Tod\u0117l nor\u0117dami surasti m\u016bs\u0173 problem\u0173 sprendim\u0105, turime suprasti j\u0173 prie\u017east\u012f. Patikimiausia b\u016bt\u0173 remtis \u017emogaus ir pasaulio prigimties pa\u017einimu.<\/p>\n<p>I\u0161tyr\u0119 savo prigimt\u012f ir mus veikian\u010dius d\u0117snius, suprasime, kur klystame ir kaip galima i\u0161eiti i\u0161 susidariusios pad\u0117ties.<\/p>\n<p>Leidinyje apra\u0161yti pagrindiniai kabalos d\u0117sniai ir kartu pateikti \u012fvairi\u0173 mokslo sri\u010di\u0173 paskutini\u0173 tyrin\u0117jim\u0173 rezultatai. J\u016bs susipa\u017einsite su \u017emonijos ir savo paties, kaip jos dalies, raidos programa, pamatysite, kaip j\u0105 galima teisingai realizuoti, kad pasiektume norim\u0105 final\u0105.<\/p>\n<ul class=\"about-product d-none d-xl-block mt-4\">\n<li><strong>Autorius:<\/strong>\u00a0Michael Laitman<\/li>\n<li><strong>Leid\u0117jas:<\/strong>\u00a0Kabalos studij\u0173 centras<\/li>\n<li><strong>Metai:<\/strong>\u00a02007<\/li>\n<li><strong>Puslapiai:<\/strong>\u00a095<\/li>\n<li><strong>ISBN:<\/strong>\u00a09789955993551<\/li>\n<li><strong>Versijos kodas:<\/strong>\u00a0PT.<\/li>\n<li><strong>Formatas:<\/strong>\u00a014 x 20 cm, mink\u0161ti vir\u0161eliai<\/li>\n<li><strong>Kalba:<\/strong>\u00a0Lietuvi\u0173<\/li>\n<li><strong>Vert\u0117jas:<\/strong>\u00a0Giedr\u0117 Jotautien\u0117<\/li>\n<\/ul>\n","protected":false},"excerpt":{"rendered":"<p>Ne paslaptis, kad \u017emonija i\u0161gyvena gili\u0105 kriz\u0119. Daugelis jau patiria tai savo kailiu.\u00a0Beprasmyb\u0117, nusivylimas, tu\u0161tuma u\u017etvind\u0117 m\u016bs\u0173 gyvenim\u0105; \u0161eimos instituto ir \u0161vietimo sistemos griuvimas, narkomanija, ekonominis bei politinis nesaugumas, branduolinio karo gr\u0117sm\u0117, ekologin\u0117s nelaim\u0117s \u2013 visa tai tik dalis problem\u0173, temdan\u010di\u0173 dabartin\u0119 situacij\u0105 ir ateities perspektyvas. Akivaizdu, kad praradome geb\u0117jim\u0105 kontroliuoti savo gyvenim\u0105 ir pasaulini\u0173 \u012fvyki\u0173 eig\u0105.Kaip \u017einome, teisinga diagnoz\u0117 \u2013 jau pus\u0117 gydymo. Tod\u0117l nor\u0117dami surasti m\u016bs\u0173 problem\u0173 sprendim\u0105, turime suprasti j\u0173 prie\u017east\u012f. Patikimiausia b\u016bt\u0173 remtis \u017emogaus ir pasaulio prigimties pa\u017einimu. I\u0161tyr\u0119 savo prigimt\u012f ir mus veikian\u010dius d\u0117snius, suprasime, kur klystame ir kaip galima i\u0161eiti i\u0161 susidariusios pad\u0117ties. Leidinyje apra\u0161yti pagrindiniai kabalos d\u0117sniai ir kartu pateikti \u012fvairi\u0173 mokslo sri\u010di\u0173 paskutini\u0173 tyrin\u0117jim\u0173 rezultatai. J\u016bs susipa\u017einsite su \u017emonijos ir savo paties, kaip jos dalies, raidos programa, pamatysite, kaip j\u0105 galima teisingai realizuoti, kad pasiektume norim\u0105 final\u0105. Autorius:\u00a0Michael Laitman Leid\u0117jas:\u00a0Kabalos studij\u0173 centras Metai:\u00a02007 Puslapiai:\u00a095 ISBN:\u00a09789955993551 Versijos kodas:\u00a0PT. Formatas:\u00a014 x 20 cm, mink\u0161ti vir\u0161eliai Kalba:\u00a0Lietuvi\u0173 Vert\u0117jas:\u00a0Giedr\u0117 Jotautien\u0117<\/p>\n","protected":false},"featured_media":13548,"comment_status":"open","ping_status":"closed","template":"","meta":{"_acf_changed":false,"site-sidebar-layout":"default","site-content-layout":"","ast-site-content-layout":"default","site-content-style":"default","site-sidebar-style":"default","ast-global-header-display":"","ast-banner-title-visibility":"","ast-main-header-display":"","ast-hfb-above-header-display":"","ast-hfb-below-header-display":"","ast-hfb-mobile-header-display":"","site-post-title":"","ast-breadcrumbs-content":"","ast-featured-img":"","footer-sml-layout":"","ast-disable-related-posts":"","theme-transparent-header-meta":"default","adv-header-id-meta":"","stick-header-meta":"","header-above-stick-meta":"","header-main-stick-meta":"","header-below-stick-meta":"","astra-migrate-meta-layouts":"set","ast-page-background-enabled":"default","ast-page-background-meta":{"desktop":{"background-color":"","background-image":"","background-repeat":"repeat","background-position":"center center","background-size":"auto","background-attachment":"scroll","background-type":"","background-media":"","overlay-type":"","overlay-color":"","overlay-opacity":"","overlay-gradient":""},"tablet":{"background-color":"","background-image":"","background-repeat":"repeat","background-position":"center center","background-size":"auto","background-attachment":"scroll","background-type":"","background-media":"","overlay-type":"","overlay-color":"","overlay-opacity":"","overlay-gradient":""},"mobile":{"background-color":"","background-image":"","background-repeat":"repeat","background-position":"center center","background-size":"auto","background-attachment":"scroll","background-type":"","background-media":"","overlay-type":"","overlay-color":"","overlay-opacity":"","overlay-gradient":""}},"ast-content-background-meta":{"desktop":{"background-color":"var(--ast-global-color-4)","background-image":"","background-repeat":"repeat","background-position":"center center","background-size":"auto","background-attachment":"scroll","background-type":"","background-media":"","overlay-type":"","overlay-color":"","overlay-opacity":"","overlay-gradient":""},"tablet":{"background-color":"var(--ast-global-color-4)","background-image":"","background-repeat":"repeat","background-position":"center center","background-size":"auto","background-attachment":"scroll","background-type":"","background-media":"","overlay-type":"","overlay-color":"","overlay-opacity":"","overlay-gradient":""},"mobile":{"background-color":"var(--ast-global-color-4)","background-image":"","background-repeat":"repeat","background-position":"center center","background-size":"auto","background-attachment":"scroll","background-type":"","background-media":"","overlay-type":"","overlay-color":"","overlay-opacity":"","overlay-gradient":""}}},"product_brand":[],"product_cat":[15,165],"product_tag":[],"class_list":{"0":"post-13537","1":"product","2":"type-product","3":"status-publish","4":"has-post-thumbnail","6":"product_cat-uncategorized","7":"product_cat-religija-filosofija-ir-ezoterika","8":"desktop-align-left","9":"tablet-align-left","10":"mobile-align-left","12":"first","13":"instock","14":"shipping-taxable","15":"purchasable","16":"product-type-simple"},"acf":[],"yoast_head":"<!-- This site is optimized with the Yoast SEO plugin v27.0 - https:\/\/yoast.com\/product\/yoast-seo-wordpress\/ -->\n<title>Michael Laitman \u201eI\u0161 chaoso \u012f harmonij\u0105\u201c<\/title>\n<meta name=\"description\" content=\"Ne paslaptis, kad \u017emonija i\u0161gyvena gili\u0105 kriz\u0119. Daugelis jau patiria tai savo kailiu.\u00a0Beprasmyb\u0117, nusivylimas, tu\u0161tuma u\u017etvind\u0117 m\u016bs\u0173 gyvenim\u0105; \u0161eimos\" \/>\n<meta name=\"robots\" content=\"index, follow, max-snippet:-1, max-image-preview:large, max-video-preview:-1\" \/>\n<link rel=\"canonical\" href=\"https:\/\/skaitytaknyga.lt\/en\/produktas\/michael-laitman-is-chaoso-i-harmonija\/\" \/>\n<meta property=\"og:locale\" content=\"en_GB\" \/>\n<meta property=\"og:locale:alternate\" content=\"lt_LT\" \/>\n<meta property=\"og:type\" content=\"article\" \/>\n<meta property=\"og:title\" content=\"Michael Laitman \u201eI\u0161 chaoso \u012f harmonij\u0105\u201c\" \/>\n<meta property=\"og:description\" content=\"Ne paslaptis, kad \u017emonija i\u0161gyvena gili\u0105 kriz\u0119. Daugelis jau patiria tai savo kailiu.\u00a0Beprasmyb\u0117, nusivylimas, tu\u0161tuma u\u017etvind\u0117 m\u016bs\u0173 gyvenim\u0105; \u0161eimos\" \/>\n<meta property=\"og:url\" content=\"https:\/\/skaitytaknyga.lt\/en\/produktas\/michael-laitman-is-chaoso-i-harmonija\/\" \/>\n<meta property=\"og:site_name\" content=\"Skaitytaknyga\" \/>\n<meta property=\"article:publisher\" content=\"https:\/\/www.facebook.com\/skaitytaknyga\/\" \/>\n<meta property=\"article:modified_time\" content=\"2024-08-25T09:38:59+00:00\" \/>\n<meta property=\"og:image\" content=\"https:\/\/skaitytaknyga.lt\/wp-content\/uploads\/2024\/08\/Is-chaoso-i-harmonija.webp\" \/>\n\t<meta property=\"og:image:width\" content=\"472\" \/>\n\t<meta property=\"og:image:height\" content=\"800\" \/>\n\t<meta property=\"og:image:type\" content=\"image\/webp\" \/>\n<meta name=\"twitter:card\" content=\"summary_large_image\" \/>\n<meta name=\"twitter:label1\" content=\"Estimated reading time\" \/>\n\t<meta name=\"twitter:data1\" content=\"1 minute\" \/>\n<script type=\"application\/ld+json\" class=\"yoast-schema-graph\">{\"@context\":\"https:\/\/schema.org\",\"@graph\":[{\"@type\":\"WebPage\",\"@id\":\"https:\/\/skaitytaknyga.lt\/produktas\/michael-laitman-is-chaoso-i-harmonija\/\",\"url\":\"https:\/\/skaitytaknyga.lt\/produktas\/michael-laitman-is-chaoso-i-harmonija\/\",\"name\":\"Michael Laitman \u201eI\u0161 chaoso \u012f harmonij\u0105\u201c\",\"isPartOf\":{\"@id\":\"https:\/\/skaitytaknyga.lt\/#website\"},\"primaryImageOfPage\":{\"@id\":\"https:\/\/skaitytaknyga.lt\/produktas\/michael-laitman-is-chaoso-i-harmonija\/#primaryimage\"},\"image\":{\"@id\":\"https:\/\/skaitytaknyga.lt\/produktas\/michael-laitman-is-chaoso-i-harmonija\/#primaryimage\"},\"thumbnailUrl\":\"https:\/\/skaitytaknyga.lt\/wp-content\/uploads\/2024\/08\/Is-chaoso-i-harmonija.webp\",\"datePublished\":\"2024-08-25T09:10:22+00:00\",\"dateModified\":\"2024-08-25T09:38:59+00:00\",\"description\":\"Ne paslaptis, kad \u017emonija i\u0161gyvena gili\u0105 kriz\u0119. Daugelis jau patiria tai savo kailiu.\u00a0Beprasmyb\u0117, nusivylimas, tu\u0161tuma u\u017etvind\u0117 m\u016bs\u0173 gyvenim\u0105; \u0161eimos\",\"breadcrumb\":{\"@id\":\"https:\/\/skaitytaknyga.lt\/produktas\/michael-laitman-is-chaoso-i-harmonija\/#breadcrumb\"},\"inLanguage\":\"en-GB\",\"potentialAction\":[{\"@type\":\"ReadAction\",\"target\":[\"https:\/\/skaitytaknyga.lt\/produktas\/michael-laitman-is-chaoso-i-harmonija\/\"]}]},{\"@type\":\"ImageObject\",\"inLanguage\":\"en-GB\",\"@id\":\"https:\/\/skaitytaknyga.lt\/produktas\/michael-laitman-is-chaoso-i-harmonija\/#primaryimage\",\"url\":\"https:\/\/skaitytaknyga.lt\/wp-content\/uploads\/2024\/08\/Is-chaoso-i-harmonija.webp\",\"contentUrl\":\"https:\/\/skaitytaknyga.lt\/wp-content\/uploads\/2024\/08\/Is-chaoso-i-harmonija.webp\",\"width\":472,\"height\":800,\"caption\":\"Michael Laitman \u201eI\u0161 chaoso \u012f harmonij\u0105\u201c\"},{\"@type\":\"BreadcrumbList\",\"@id\":\"https:\/\/skaitytaknyga.lt\/produktas\/michael-laitman-is-chaoso-i-harmonija\/#breadcrumb\",\"itemListElement\":[{\"@type\":\"ListItem\",\"position\":1,\"name\":\"Home\",\"item\":\"https:\/\/skaitytaknyga.lt\/\"},{\"@type\":\"ListItem\",\"position\":2,\"name\":\"Parduotuv\u0117\",\"item\":\"https:\/\/skaitytaknyga.lt\/knygu-parduotuve\/\"},{\"@type\":\"ListItem\",\"position\":3,\"name\":\"Michael Laitman \u201eI\u0161 chaoso \u012f harmonij\u0105\u201c\"}]},{\"@type\":\"WebSite\",\"@id\":\"https:\/\/skaitytaknyga.lt\/#website\",\"url\":\"https:\/\/skaitytaknyga.lt\/\",\"name\":\"skaitytaknyga.lt\",\"description\":\"Skaitytaknyga.lt \u2013 tai ma\u017eas \u0161eimos verslas, kuris prasid\u0117jo nuo meil\u0117s knygoms ir siekio i\u0161gelb\u0117ti knygas nuo likimo prie konteinerio. Kas vienam nereikalingas daiktas \u2013 kitam lobis, o mes esame tarpininkai, kurie padeda abiems tapti laimingesniems ???? \u017dinome kaip nelengva i\u0161gyventi ma\u017eiems verslams, tad nuo \u0161iol, \u010dia rasite ir kit\u0173, ma\u017e\u0173 \u0161eim\u0173 versl\u0173, rank\u0173 darbo, dovan\u0173 sau ir artimiesiems.\",\"publisher\":{\"@id\":\"https:\/\/skaitytaknyga.lt\/#organization\"},\"potentialAction\":[{\"@type\":\"SearchAction\",\"target\":{\"@type\":\"EntryPoint\",\"urlTemplate\":\"https:\/\/skaitytaknyga.lt\/?s={search_term_string}\"},\"query-input\":{\"@type\":\"PropertyValueSpecification\",\"valueRequired\":true,\"valueName\":\"search_term_string\"}}],\"inLanguage\":\"en-GB\"},{\"@type\":\"Organization\",\"@id\":\"https:\/\/skaitytaknyga.lt\/#organization\",\"name\":\"skaitytaknyga.lt\",\"url\":\"https:\/\/skaitytaknyga.lt\/\",\"logo\":{\"@type\":\"ImageObject\",\"inLanguage\":\"en-GB\",\"@id\":\"https:\/\/skaitytaknyga.lt\/#\/schema\/logo\/image\/\",\"url\":\"https:\/\/skaitytaknyga.lt\/wp-content\/uploads\/2024\/05\/cropped-cropped-cropped-02_00843_jt3bggkj1j3HLc7SyY6rEUpg.jpeg\",\"contentUrl\":\"https:\/\/skaitytaknyga.lt\/wp-content\/uploads\/2024\/05\/cropped-cropped-cropped-02_00843_jt3bggkj1j3HLc7SyY6rEUpg.jpeg\",\"width\":1600,\"height\":1600,\"caption\":\"skaitytaknyga.lt\"},\"image\":{\"@id\":\"https:\/\/skaitytaknyga.lt\/#\/schema\/logo\/image\/\"},\"sameAs\":[\"https:\/\/www.facebook.com\/skaitytaknyga\/\"]}]}<\/script>\n<!-- \/ Yoast SEO plugin. -->","yoast_head_json":{"title":"Michael Laitman \u201eI\u0161 chaoso \u012f harmonij\u0105\u201c","description":"Ne paslaptis, kad \u017emonija i\u0161gyvena gili\u0105 kriz\u0119. Daugelis jau patiria tai savo kailiu.\u00a0Beprasmyb\u0117, nusivylimas, tu\u0161tuma u\u017etvind\u0117 m\u016bs\u0173 gyvenim\u0105; \u0161eimos","robots":{"index":"index","follow":"follow","max-snippet":"max-snippet:-1","max-image-preview":"max-image-preview:large","max-video-preview":"max-video-preview:-1"},"canonical":"https:\/\/skaitytaknyga.lt\/en\/produktas\/michael-laitman-is-chaoso-i-harmonija\/","og_locale":"en_GB","og_type":"article","og_title":"[:lt]Michael Laitman \u201eI\u0161 chaoso \u012f harmonij\u0105\u201c[:] - Skaitytaknyga","og_description":"Ne paslaptis, kad \u017emonija i\u0161gyvena gili\u0105 kriz\u0119. Daugelis jau patiria tai savo kailiu.\u00a0Beprasmyb\u0117, nusivylimas, tu\u0161tuma u\u017etvind\u0117 m\u016bs\u0173 gyvenim\u0105; \u0161eimos","og_url":"https:\/\/skaitytaknyga.lt\/en\/produktas\/michael-laitman-is-chaoso-i-harmonija\/","og_site_name":"Skaitytaknyga","article_publisher":"https:\/\/www.facebook.com\/skaitytaknyga\/","article_modified_time":"2024-08-25T09:38:59+00:00","og_image":[{"width":472,"height":800,"url":"https:\/\/skaitytaknyga.lt\/wp-content\/uploads\/2024\/08\/Is-chaoso-i-harmonija.webp","type":"image\/webp"}],"twitter_card":"summary_large_image","twitter_misc":{"Estimated reading time":"1 minute"},"schema":{"@context":"https:\/\/schema.org","@graph":[{"@type":"WebPage","@id":"https:\/\/skaitytaknyga.lt\/produktas\/michael-laitman-is-chaoso-i-harmonija\/","url":"https:\/\/skaitytaknyga.lt\/produktas\/michael-laitman-is-chaoso-i-harmonija\/","name":"Michael Laitman \u201eI\u0161 chaoso \u012f harmonij\u0105\u201c","isPartOf":{"@id":"https:\/\/skaitytaknyga.lt\/#website"},"primaryImageOfPage":{"@id":"https:\/\/skaitytaknyga.lt\/produktas\/michael-laitman-is-chaoso-i-harmonija\/#primaryimage"},"image":{"@id":"https:\/\/skaitytaknyga.lt\/produktas\/michael-laitman-is-chaoso-i-harmonija\/#primaryimage"},"thumbnailUrl":"https:\/\/skaitytaknyga.lt\/wp-content\/uploads\/2024\/08\/Is-chaoso-i-harmonija.webp","datePublished":"2024-08-25T09:10:22+00:00","dateModified":"2024-08-25T09:38:59+00:00","description":"Ne paslaptis, kad \u017emonija i\u0161gyvena gili\u0105 kriz\u0119. Daugelis jau patiria tai savo kailiu.\u00a0Beprasmyb\u0117, nusivylimas, tu\u0161tuma u\u017etvind\u0117 m\u016bs\u0173 gyvenim\u0105; \u0161eimos","breadcrumb":{"@id":"https:\/\/skaitytaknyga.lt\/produktas\/michael-laitman-is-chaoso-i-harmonija\/#breadcrumb"},"inLanguage":"en-GB","potentialAction":[{"@type":"ReadAction","target":["https:\/\/skaitytaknyga.lt\/produktas\/michael-laitman-is-chaoso-i-harmonija\/"]}]},{"@type":"ImageObject","inLanguage":"en-GB","@id":"https:\/\/skaitytaknyga.lt\/produktas\/michael-laitman-is-chaoso-i-harmonija\/#primaryimage","url":"https:\/\/skaitytaknyga.lt\/wp-content\/uploads\/2024\/08\/Is-chaoso-i-harmonija.webp","contentUrl":"https:\/\/skaitytaknyga.lt\/wp-content\/uploads\/2024\/08\/Is-chaoso-i-harmonija.webp","width":472,"height":800,"caption":"Michael Laitman \u201eI\u0161 chaoso \u012f harmonij\u0105\u201c"},{"@type":"BreadcrumbList","@id":"https:\/\/skaitytaknyga.lt\/produktas\/michael-laitman-is-chaoso-i-harmonija\/#breadcrumb","itemListElement":[{"@type":"ListItem","position":1,"name":"Home","item":"https:\/\/skaitytaknyga.lt\/"},{"@type":"ListItem","position":2,"name":"Parduotuv\u0117","item":"https:\/\/skaitytaknyga.lt\/knygu-parduotuve\/"},{"@type":"ListItem","position":3,"name":"Michael Laitman \u201eI\u0161 chaoso \u012f harmonij\u0105\u201c"}]},{"@type":"WebSite","@id":"https:\/\/skaitytaknyga.lt\/#website","url":"https:\/\/skaitytaknyga.lt\/","name":"skaitytaknyga.lt","description":"Skaitytaknyga.lt \u2013 tai ma\u017eas \u0161eimos verslas, kuris prasid\u0117jo nuo meil\u0117s knygoms ir siekio i\u0161gelb\u0117ti knygas nuo likimo prie konteinerio. Kas vienam nereikalingas daiktas \u2013 kitam lobis, o mes esame tarpininkai, kurie padeda abiems tapti laimingesniems ???? \u017dinome kaip nelengva i\u0161gyventi ma\u017eiems verslams, tad nuo \u0161iol, \u010dia rasite ir kit\u0173, ma\u017e\u0173 \u0161eim\u0173 versl\u0173, rank\u0173 darbo, dovan\u0173 sau ir artimiesiems.","publisher":{"@id":"https:\/\/skaitytaknyga.lt\/#organization"},"potentialAction":[{"@type":"SearchAction","target":{"@type":"EntryPoint","urlTemplate":"https:\/\/skaitytaknyga.lt\/?s={search_term_string}"},"query-input":{"@type":"PropertyValueSpecification","valueRequired":true,"valueName":"search_term_string"}}],"inLanguage":"en-GB"},{"@type":"Organization","@id":"https:\/\/skaitytaknyga.lt\/#organization","name":"skaitytaknyga.lt","url":"https:\/\/skaitytaknyga.lt\/","logo":{"@type":"ImageObject","inLanguage":"en-GB","@id":"https:\/\/skaitytaknyga.lt\/#\/schema\/logo\/image\/","url":"https:\/\/skaitytaknyga.lt\/wp-content\/uploads\/2024\/05\/cropped-cropped-cropped-02_00843_jt3bggkj1j3HLc7SyY6rEUpg.jpeg","contentUrl":"https:\/\/skaitytaknyga.lt\/wp-content\/uploads\/2024\/05\/cropped-cropped-cropped-02_00843_jt3bggkj1j3HLc7SyY6rEUpg.jpeg","width":1600,"height":1600,"caption":"skaitytaknyga.lt"},"image":{"@id":"https:\/\/skaitytaknyga.lt\/#\/schema\/logo\/image\/"},"sameAs":["https:\/\/www.facebook.com\/skaitytaknyga\/"]}]}},"_links":{"self":[{"href":"https:\/\/skaitytaknyga.lt\/en\/wp-json\/wp\/v2\/product\/13537","targetHints":{"allow":["GET"]}}],"collection":[{"href":"https:\/\/skaitytaknyga.lt\/en\/wp-json\/wp\/v2\/product"}],"about":[{"href":"https:\/\/skaitytaknyga.lt\/en\/wp-json\/wp\/v2\/types\/product"}],"replies":[{"embeddable":true,"href":"https:\/\/skaitytaknyga.lt\/en\/wp-json\/wp\/v2\/comments?post=13537"}],"wp:featuredmedia":[{"embeddable":true,"href":"https:\/\/skaitytaknyga.lt\/en\/wp-json\/wp\/v2\/media\/13548"}],"wp:attachment":[{"href":"https:\/\/skaitytaknyga.lt\/en\/wp-json\/wp\/v2\/media?parent=13537"}],"wp:term":[{"taxonomy":"product_brand","embeddable":true,"href":"https:\/\/skaitytaknyga.lt\/en\/wp-json\/wp\/v2\/product_brand?post=13537"},{"taxonomy":"product_cat","embeddable":true,"href":"https:\/\/skaitytaknyga.lt\/en\/wp-json\/wp\/v2\/product_cat?post=13537"},{"taxonomy":"product_tag","embeddable":true,"href":"https:\/\/skaitytaknyga.lt\/en\/wp-json\/wp\/v2\/product_tag?post=13537"}],"curies":[{"name":"wp","href":"https:\/\/api.w.org\/{rel}","templated":true}]}}