{"id":13536,"date":"2024-08-25T12:10:22","date_gmt":"2024-08-25T09:10:22","guid":{"rendered":"https:\/\/skaitytaknyga.lt\/?post_type=product&#038;p=13536"},"modified":"2024-09-30T11:03:28","modified_gmt":"2024-09-30T08:03:28","slug":"donald-j-trump-tony-schwartz-trump-sandorio-menas","status":"publish","type":"product","link":"https:\/\/skaitytaknyga.lt\/en\/produktas\/donald-j-trump-tony-schwartz-trump-sandorio-menas\/","title":{"rendered":"Donald J. Trump, Tony Schwartz \u201eTrump. Sandorio menas\u201c"},"content":{"rendered":"<p>Visame pasaulyje milijoniniais tira\u017eais parduodamoje knygoje pateikiama intriguojanti verslo praktika, skirta visiems, kurie siekia verslo s\u0117km\u0117s. Knygoje apra\u0161oma viena Trampo gyvenimo savait\u0117. Jis i\u0161skiria ma\u017eiausias stambiausi\u0173 savo sandori\u0173 detales, griauna mitus (&#8220;nereikia geriausios vietos, reikia tik geriausio sandorio&#8221;), neslepia vard\u0173, \u012fvardija sumas ir atskleid\u017eia sandori\u0173 sudarymo meno ypatybes: nuo apleisto \u016bkio, kuris virto Jacobo K. Javitso konferencij\u0173 centru, iki nutriu\u0161usio vie\u0161bu\u010dio, tapusio prabangiu &#8220;Grand Hyatt&#8221;; nuo lenktyni\u0173 d\u0117l centrinio parko Volmano \u010diuo\u017eyklos atnaujinimo iki bizanti\u0161kos sagos apie \u017eem\u0117s lopin\u0117l\u012f, kuriame i\u0161dygo Trampo dangorai\u017eis.<\/p>\n<p>\u201eAtrodo, kad Trampas tikras pasip\u016bt\u0117lis, karingas, ambicingas ir nebijantis parodyti, koks jis i\u0161 ties\u0173 yra. Ir manau, kad visa tai labai \u017eavinga.\u201c<br \/>\nMike Wallace, CBS News<\/p>\n<ul class=\"about-product d-none d-xl-block mt-4\">\n<li><strong>Autorius:<\/strong>\u00a0Donald J. Trump,\u00a0Tony Schwartz<\/li>\n<li><strong>Leid\u0117jas:<\/strong>\u00a0Eugrimas<\/li>\n<li><strong>Metai:<\/strong>\u00a02007<\/li>\n<li><strong>Puslapiai:<\/strong>\u00a0256<\/li>\n<li><strong>ISBN:<\/strong>\u00a09789955682936<\/li>\n<li><strong>Versijos kodas:<\/strong>\u00a0PT.<\/li>\n<li><strong>Formatas:<\/strong>\u00a024,5 x 15 cm, kieti vir\u0161eliai<\/li>\n<li><strong>Kalba:<\/strong>\u00a0Lietuvi\u0173<\/li>\n<li><strong>Vert\u0117jas:<\/strong>\u00a0Ignas Bieli\u016bnas<\/li>\n<\/ul>\n","protected":false},"excerpt":{"rendered":"<p>Visame pasaulyje milijoniniais tira\u017eais parduodamoje knygoje pateikiama intriguojanti verslo praktika, skirta visiems, kurie siekia verslo s\u0117km\u0117s. Knygoje apra\u0161oma viena Trampo gyvenimo savait\u0117. Jis i\u0161skiria ma\u017eiausias stambiausi\u0173 savo sandori\u0173 detales, griauna mitus (&#8220;nereikia geriausios vietos, reikia tik geriausio sandorio&#8221;), neslepia vard\u0173, \u012fvardija sumas ir atskleid\u017eia sandori\u0173 sudarymo meno ypatybes: nuo apleisto \u016bkio, kuris virto Jacobo K. Javitso konferencij\u0173 centru, iki nutriu\u0161usio vie\u0161bu\u010dio, tapusio prabangiu &#8220;Grand Hyatt&#8221;; nuo lenktyni\u0173 d\u0117l centrinio parko Volmano \u010diuo\u017eyklos atnaujinimo iki bizanti\u0161kos sagos apie \u017eem\u0117s lopin\u0117l\u012f, kuriame i\u0161dygo Trampo dangorai\u017eis. \u201eAtrodo, kad Trampas tikras pasip\u016bt\u0117lis, karingas, ambicingas ir nebijantis parodyti, koks jis i\u0161 ties\u0173 yra. Ir manau, kad visa tai labai \u017eavinga.\u201c Mike Wallace, CBS News Autorius:\u00a0Donald J. Trump,\u00a0Tony Schwartz Leid\u0117jas:\u00a0Eugrimas Metai:\u00a02007 Puslapiai:\u00a0256 ISBN:\u00a09789955682936 Versijos kodas:\u00a0PT. Formatas:\u00a024,5 x 15 cm, kieti vir\u0161eliai Kalba:\u00a0Lietuvi\u0173 Vert\u0117jas:\u00a0Ignas Bieli\u016bnas<\/p>\n","protected":false},"featured_media":13549,"comment_status":"open","ping_status":"closed","template":"","meta":{"_acf_changed":false,"site-sidebar-layout":"default","site-content-layout":"","ast-site-content-layout":"default","site-content-style":"default","site-sidebar-style":"default","ast-global-header-display":"","ast-banner-title-visibility":"","ast-main-header-display":"","ast-hfb-above-header-display":"","ast-hfb-below-header-display":"","ast-hfb-mobile-header-display":"","site-post-title":"","ast-breadcrumbs-content":"","ast-featured-img":"","footer-sml-layout":"","ast-disable-related-posts":"","theme-transparent-header-meta":"default","adv-header-id-meta":"","stick-header-meta":"","header-above-stick-meta":"","header-main-stick-meta":"","header-below-stick-meta":"","astra-migrate-meta-layouts":"set","ast-page-background-enabled":"default","ast-page-background-meta":{"desktop":{"background-color":"","background-image":"","background-repeat":"repeat","background-position":"center center","background-size":"auto","background-attachment":"scroll","background-type":"","background-media":"","overlay-type":"","overlay-color":"","overlay-opacity":"","overlay-gradient":""},"tablet":{"background-color":"","background-image":"","background-repeat":"repeat","background-position":"center center","background-size":"auto","background-attachment":"scroll","background-type":"","background-media":"","overlay-type":"","overlay-color":"","overlay-opacity":"","overlay-gradient":""},"mobile":{"background-color":"","background-image":"","background-repeat":"repeat","background-position":"center center","background-size":"auto","background-attachment":"scroll","background-type":"","background-media":"","overlay-type":"","overlay-color":"","overlay-opacity":"","overlay-gradient":""}},"ast-content-background-meta":{"desktop":{"background-color":"var(--ast-global-color-4)","background-image":"","background-repeat":"repeat","background-position":"center center","background-size":"auto","background-attachment":"scroll","background-type":"","background-media":"","overlay-type":"","overlay-color":"","overlay-opacity":"","overlay-gradient":""},"tablet":{"background-color":"var(--ast-global-color-4)","background-image":"","background-repeat":"repeat","background-position":"center center","background-size":"auto","background-attachment":"scroll","background-type":"","background-media":"","overlay-type":"","overlay-color":"","overlay-opacity":"","overlay-gradient":""},"mobile":{"background-color":"var(--ast-global-color-4)","background-image":"","background-repeat":"repeat","background-position":"center center","background-size":"auto","background-attachment":"scroll","background-type":"","background-media":"","overlay-type":"","overlay-color":"","overlay-opacity":"","overlay-gradient":""}}},"product_brand":[],"product_cat":[15,26],"product_tag":[],"class_list":{"0":"post-13536","1":"product","2":"type-product","3":"status-publish","4":"has-post-thumbnail","6":"product_cat-uncategorized","7":"product_cat-verslas-vadyba-ir-finansai","8":"desktop-align-left","9":"tablet-align-left","10":"mobile-align-left","12":"first","13":"outofstock","14":"shipping-taxable","15":"purchasable","16":"product-type-simple"},"acf":[],"yoast_head":"<!-- This site is optimized with the Yoast SEO plugin v27.0 - https:\/\/yoast.com\/product\/yoast-seo-wordpress\/ -->\n<title>Donald J. Trump, Tony Schwartz \u201eTrump. Sandorio menas\u201c<\/title>\n<meta name=\"description\" content=\"Visame pasaulyje milijoniniais tira\u017eais parduodamoje knygoje pateikiama intriguojanti verslo praktika, skirta visiems, kurie siekia verslo s\u0117km\u0117s. Knygoje\" \/>\n<meta name=\"robots\" content=\"index, follow, max-snippet:-1, max-image-preview:large, max-video-preview:-1\" \/>\n<link rel=\"canonical\" href=\"https:\/\/skaitytaknyga.lt\/en\/produktas\/donald-j-trump-tony-schwartz-trump-sandorio-menas\/\" \/>\n<meta property=\"og:locale\" content=\"en_GB\" \/>\n<meta property=\"og:locale:alternate\" content=\"lt_LT\" \/>\n<meta property=\"og:type\" content=\"article\" \/>\n<meta property=\"og:title\" content=\"Donald J. Trump, Tony Schwartz \u201eTrump. Sandorio menas\u201c\" \/>\n<meta property=\"og:description\" content=\"Visame pasaulyje milijoniniais tira\u017eais parduodamoje knygoje pateikiama intriguojanti verslo praktika, skirta visiems, kurie siekia verslo s\u0117km\u0117s. Knygoje\" \/>\n<meta property=\"og:url\" content=\"https:\/\/skaitytaknyga.lt\/en\/produktas\/donald-j-trump-tony-schwartz-trump-sandorio-menas\/\" \/>\n<meta property=\"og:site_name\" content=\"Skaitytaknyga\" \/>\n<meta property=\"article:publisher\" content=\"https:\/\/www.facebook.com\/skaitytaknyga\/\" \/>\n<meta property=\"article:modified_time\" content=\"2024-09-30T08:03:28+00:00\" \/>\n<meta property=\"og:image\" content=\"https:\/\/skaitytaknyga.lt\/wp-content\/uploads\/2024\/08\/Trump.-Sandorio-menas.webp\" \/>\n\t<meta property=\"og:image:width\" content=\"280\" \/>\n\t<meta property=\"og:image:height\" content=\"472\" \/>\n\t<meta property=\"og:image:type\" content=\"image\/webp\" \/>\n<meta name=\"twitter:card\" content=\"summary_large_image\" \/>\n<meta name=\"twitter:label1\" content=\"Estimated reading time\" \/>\n\t<meta name=\"twitter:data1\" content=\"1 minute\" \/>\n<script type=\"application\/ld+json\" class=\"yoast-schema-graph\">{\"@context\":\"https:\/\/schema.org\",\"@graph\":[{\"@type\":\"WebPage\",\"@id\":\"https:\/\/skaitytaknyga.lt\/produktas\/donald-j-trump-tony-schwartz-trump-sandorio-menas\/\",\"url\":\"https:\/\/skaitytaknyga.lt\/produktas\/donald-j-trump-tony-schwartz-trump-sandorio-menas\/\",\"name\":\"Donald J. Trump, Tony Schwartz \u201eTrump. Sandorio menas\u201c\",\"isPartOf\":{\"@id\":\"https:\/\/skaitytaknyga.lt\/#website\"},\"primaryImageOfPage\":{\"@id\":\"https:\/\/skaitytaknyga.lt\/produktas\/donald-j-trump-tony-schwartz-trump-sandorio-menas\/#primaryimage\"},\"image\":{\"@id\":\"https:\/\/skaitytaknyga.lt\/produktas\/donald-j-trump-tony-schwartz-trump-sandorio-menas\/#primaryimage\"},\"thumbnailUrl\":\"https:\/\/skaitytaknyga.lt\/wp-content\/uploads\/2024\/08\/Trump.-Sandorio-menas.webp\",\"datePublished\":\"2024-08-25T09:10:22+00:00\",\"dateModified\":\"2024-09-30T08:03:28+00:00\",\"description\":\"Visame pasaulyje milijoniniais tira\u017eais parduodamoje knygoje pateikiama intriguojanti verslo praktika, skirta visiems, kurie siekia verslo s\u0117km\u0117s. Knygoje\",\"breadcrumb\":{\"@id\":\"https:\/\/skaitytaknyga.lt\/produktas\/donald-j-trump-tony-schwartz-trump-sandorio-menas\/#breadcrumb\"},\"inLanguage\":\"en-GB\",\"potentialAction\":[{\"@type\":\"ReadAction\",\"target\":[\"https:\/\/skaitytaknyga.lt\/produktas\/donald-j-trump-tony-schwartz-trump-sandorio-menas\/\"]}]},{\"@type\":\"ImageObject\",\"inLanguage\":\"en-GB\",\"@id\":\"https:\/\/skaitytaknyga.lt\/produktas\/donald-j-trump-tony-schwartz-trump-sandorio-menas\/#primaryimage\",\"url\":\"https:\/\/skaitytaknyga.lt\/wp-content\/uploads\/2024\/08\/Trump.-Sandorio-menas.webp\",\"contentUrl\":\"https:\/\/skaitytaknyga.lt\/wp-content\/uploads\/2024\/08\/Trump.-Sandorio-menas.webp\",\"width\":280,\"height\":472,\"caption\":\"Donald J. Trump, Tony Schwartz \u201eTrump. Sandorio menas\u201c\"},{\"@type\":\"BreadcrumbList\",\"@id\":\"https:\/\/skaitytaknyga.lt\/produktas\/donald-j-trump-tony-schwartz-trump-sandorio-menas\/#breadcrumb\",\"itemListElement\":[{\"@type\":\"ListItem\",\"position\":1,\"name\":\"Home\",\"item\":\"https:\/\/skaitytaknyga.lt\/\"},{\"@type\":\"ListItem\",\"position\":2,\"name\":\"Parduotuv\u0117\",\"item\":\"https:\/\/skaitytaknyga.lt\/knygu-parduotuve\/\"},{\"@type\":\"ListItem\",\"position\":3,\"name\":\"Donald J. Trump, Tony Schwartz \u201eTrump. Sandorio menas\u201c\"}]},{\"@type\":\"WebSite\",\"@id\":\"https:\/\/skaitytaknyga.lt\/#website\",\"url\":\"https:\/\/skaitytaknyga.lt\/\",\"name\":\"skaitytaknyga.lt\",\"description\":\"Skaitytaknyga.lt \u2013 tai ma\u017eas \u0161eimos verslas, kuris prasid\u0117jo nuo meil\u0117s knygoms ir siekio i\u0161gelb\u0117ti knygas nuo likimo prie konteinerio. Kas vienam nereikalingas daiktas \u2013 kitam lobis, o mes esame tarpininkai, kurie padeda abiems tapti laimingesniems ???? \u017dinome kaip nelengva i\u0161gyventi ma\u017eiems verslams, tad nuo \u0161iol, \u010dia rasite ir kit\u0173, ma\u017e\u0173 \u0161eim\u0173 versl\u0173, rank\u0173 darbo, dovan\u0173 sau ir artimiesiems.\",\"publisher\":{\"@id\":\"https:\/\/skaitytaknyga.lt\/#organization\"},\"potentialAction\":[{\"@type\":\"SearchAction\",\"target\":{\"@type\":\"EntryPoint\",\"urlTemplate\":\"https:\/\/skaitytaknyga.lt\/?s={search_term_string}\"},\"query-input\":{\"@type\":\"PropertyValueSpecification\",\"valueRequired\":true,\"valueName\":\"search_term_string\"}}],\"inLanguage\":\"en-GB\"},{\"@type\":\"Organization\",\"@id\":\"https:\/\/skaitytaknyga.lt\/#organization\",\"name\":\"skaitytaknyga.lt\",\"url\":\"https:\/\/skaitytaknyga.lt\/\",\"logo\":{\"@type\":\"ImageObject\",\"inLanguage\":\"en-GB\",\"@id\":\"https:\/\/skaitytaknyga.lt\/#\/schema\/logo\/image\/\",\"url\":\"https:\/\/skaitytaknyga.lt\/wp-content\/uploads\/2024\/05\/cropped-cropped-cropped-02_00843_jt3bggkj1j3HLc7SyY6rEUpg.jpeg\",\"contentUrl\":\"https:\/\/skaitytaknyga.lt\/wp-content\/uploads\/2024\/05\/cropped-cropped-cropped-02_00843_jt3bggkj1j3HLc7SyY6rEUpg.jpeg\",\"width\":1600,\"height\":1600,\"caption\":\"skaitytaknyga.lt\"},\"image\":{\"@id\":\"https:\/\/skaitytaknyga.lt\/#\/schema\/logo\/image\/\"},\"sameAs\":[\"https:\/\/www.facebook.com\/skaitytaknyga\/\"]}]}<\/script>\n<!-- \/ Yoast SEO plugin. -->","yoast_head_json":{"title":"Donald J. Trump, Tony Schwartz \u201eTrump. Sandorio menas\u201c","description":"Visame pasaulyje milijoniniais tira\u017eais parduodamoje knygoje pateikiama intriguojanti verslo praktika, skirta visiems, kurie siekia verslo s\u0117km\u0117s. Knygoje","robots":{"index":"index","follow":"follow","max-snippet":"max-snippet:-1","max-image-preview":"max-image-preview:large","max-video-preview":"max-video-preview:-1"},"canonical":"https:\/\/skaitytaknyga.lt\/en\/produktas\/donald-j-trump-tony-schwartz-trump-sandorio-menas\/","og_locale":"en_GB","og_type":"article","og_title":"[:lt]Donald J. Trump, Tony Schwartz \u201eTrump. Sandorio menas\u201c[:] - Skaitytaknyga","og_description":"Visame pasaulyje milijoniniais tira\u017eais parduodamoje knygoje pateikiama intriguojanti verslo praktika, skirta visiems, kurie siekia verslo s\u0117km\u0117s. Knygoje","og_url":"https:\/\/skaitytaknyga.lt\/en\/produktas\/donald-j-trump-tony-schwartz-trump-sandorio-menas\/","og_site_name":"Skaitytaknyga","article_publisher":"https:\/\/www.facebook.com\/skaitytaknyga\/","article_modified_time":"2024-09-30T08:03:28+00:00","og_image":[{"width":280,"height":472,"url":"https:\/\/skaitytaknyga.lt\/wp-content\/uploads\/2024\/08\/Trump.-Sandorio-menas.webp","type":"image\/webp"}],"twitter_card":"summary_large_image","twitter_misc":{"Estimated reading time":"1 minute"},"schema":{"@context":"https:\/\/schema.org","@graph":[{"@type":"WebPage","@id":"https:\/\/skaitytaknyga.lt\/produktas\/donald-j-trump-tony-schwartz-trump-sandorio-menas\/","url":"https:\/\/skaitytaknyga.lt\/produktas\/donald-j-trump-tony-schwartz-trump-sandorio-menas\/","name":"Donald J. Trump, Tony Schwartz \u201eTrump. Sandorio menas\u201c","isPartOf":{"@id":"https:\/\/skaitytaknyga.lt\/#website"},"primaryImageOfPage":{"@id":"https:\/\/skaitytaknyga.lt\/produktas\/donald-j-trump-tony-schwartz-trump-sandorio-menas\/#primaryimage"},"image":{"@id":"https:\/\/skaitytaknyga.lt\/produktas\/donald-j-trump-tony-schwartz-trump-sandorio-menas\/#primaryimage"},"thumbnailUrl":"https:\/\/skaitytaknyga.lt\/wp-content\/uploads\/2024\/08\/Trump.-Sandorio-menas.webp","datePublished":"2024-08-25T09:10:22+00:00","dateModified":"2024-09-30T08:03:28+00:00","description":"Visame pasaulyje milijoniniais tira\u017eais parduodamoje knygoje pateikiama intriguojanti verslo praktika, skirta visiems, kurie siekia verslo s\u0117km\u0117s. Knygoje","breadcrumb":{"@id":"https:\/\/skaitytaknyga.lt\/produktas\/donald-j-trump-tony-schwartz-trump-sandorio-menas\/#breadcrumb"},"inLanguage":"en-GB","potentialAction":[{"@type":"ReadAction","target":["https:\/\/skaitytaknyga.lt\/produktas\/donald-j-trump-tony-schwartz-trump-sandorio-menas\/"]}]},{"@type":"ImageObject","inLanguage":"en-GB","@id":"https:\/\/skaitytaknyga.lt\/produktas\/donald-j-trump-tony-schwartz-trump-sandorio-menas\/#primaryimage","url":"https:\/\/skaitytaknyga.lt\/wp-content\/uploads\/2024\/08\/Trump.-Sandorio-menas.webp","contentUrl":"https:\/\/skaitytaknyga.lt\/wp-content\/uploads\/2024\/08\/Trump.-Sandorio-menas.webp","width":280,"height":472,"caption":"Donald J. Trump, Tony Schwartz \u201eTrump. Sandorio menas\u201c"},{"@type":"BreadcrumbList","@id":"https:\/\/skaitytaknyga.lt\/produktas\/donald-j-trump-tony-schwartz-trump-sandorio-menas\/#breadcrumb","itemListElement":[{"@type":"ListItem","position":1,"name":"Home","item":"https:\/\/skaitytaknyga.lt\/"},{"@type":"ListItem","position":2,"name":"Parduotuv\u0117","item":"https:\/\/skaitytaknyga.lt\/knygu-parduotuve\/"},{"@type":"ListItem","position":3,"name":"Donald J. Trump, Tony Schwartz \u201eTrump. Sandorio menas\u201c"}]},{"@type":"WebSite","@id":"https:\/\/skaitytaknyga.lt\/#website","url":"https:\/\/skaitytaknyga.lt\/","name":"skaitytaknyga.lt","description":"Skaitytaknyga.lt \u2013 tai ma\u017eas \u0161eimos verslas, kuris prasid\u0117jo nuo meil\u0117s knygoms ir siekio i\u0161gelb\u0117ti knygas nuo likimo prie konteinerio. Kas vienam nereikalingas daiktas \u2013 kitam lobis, o mes esame tarpininkai, kurie padeda abiems tapti laimingesniems ???? \u017dinome kaip nelengva i\u0161gyventi ma\u017eiems verslams, tad nuo \u0161iol, \u010dia rasite ir kit\u0173, ma\u017e\u0173 \u0161eim\u0173 versl\u0173, rank\u0173 darbo, dovan\u0173 sau ir artimiesiems.","publisher":{"@id":"https:\/\/skaitytaknyga.lt\/#organization"},"potentialAction":[{"@type":"SearchAction","target":{"@type":"EntryPoint","urlTemplate":"https:\/\/skaitytaknyga.lt\/?s={search_term_string}"},"query-input":{"@type":"PropertyValueSpecification","valueRequired":true,"valueName":"search_term_string"}}],"inLanguage":"en-GB"},{"@type":"Organization","@id":"https:\/\/skaitytaknyga.lt\/#organization","name":"skaitytaknyga.lt","url":"https:\/\/skaitytaknyga.lt\/","logo":{"@type":"ImageObject","inLanguage":"en-GB","@id":"https:\/\/skaitytaknyga.lt\/#\/schema\/logo\/image\/","url":"https:\/\/skaitytaknyga.lt\/wp-content\/uploads\/2024\/05\/cropped-cropped-cropped-02_00843_jt3bggkj1j3HLc7SyY6rEUpg.jpeg","contentUrl":"https:\/\/skaitytaknyga.lt\/wp-content\/uploads\/2024\/05\/cropped-cropped-cropped-02_00843_jt3bggkj1j3HLc7SyY6rEUpg.jpeg","width":1600,"height":1600,"caption":"skaitytaknyga.lt"},"image":{"@id":"https:\/\/skaitytaknyga.lt\/#\/schema\/logo\/image\/"},"sameAs":["https:\/\/www.facebook.com\/skaitytaknyga\/"]}]}},"_links":{"self":[{"href":"https:\/\/skaitytaknyga.lt\/en\/wp-json\/wp\/v2\/product\/13536","targetHints":{"allow":["GET"]}}],"collection":[{"href":"https:\/\/skaitytaknyga.lt\/en\/wp-json\/wp\/v2\/product"}],"about":[{"href":"https:\/\/skaitytaknyga.lt\/en\/wp-json\/wp\/v2\/types\/product"}],"replies":[{"embeddable":true,"href":"https:\/\/skaitytaknyga.lt\/en\/wp-json\/wp\/v2\/comments?post=13536"}],"wp:featuredmedia":[{"embeddable":true,"href":"https:\/\/skaitytaknyga.lt\/en\/wp-json\/wp\/v2\/media\/13549"}],"wp:attachment":[{"href":"https:\/\/skaitytaknyga.lt\/en\/wp-json\/wp\/v2\/media?parent=13536"}],"wp:term":[{"taxonomy":"product_brand","embeddable":true,"href":"https:\/\/skaitytaknyga.lt\/en\/wp-json\/wp\/v2\/product_brand?post=13536"},{"taxonomy":"product_cat","embeddable":true,"href":"https:\/\/skaitytaknyga.lt\/en\/wp-json\/wp\/v2\/product_cat?post=13536"},{"taxonomy":"product_tag","embeddable":true,"href":"https:\/\/skaitytaknyga.lt\/en\/wp-json\/wp\/v2\/product_tag?post=13536"}],"curies":[{"name":"wp","href":"https:\/\/api.w.org\/{rel}","templated":true}]}}