{"id":13535,"date":"2024-08-25T12:10:22","date_gmt":"2024-08-25T09:10:22","guid":{"rendered":"https:\/\/skaitytaknyga.lt\/?post_type=product&#038;p=13535"},"modified":"2024-08-25T12:38:25","modified_gmt":"2024-08-25T09:38:25","slug":"emily-griffin-myleti-ta-kuris-salia-2","status":"publish","type":"product","link":"https:\/\/skaitytaknyga.lt\/en\/produktas\/emily-griffin-myleti-ta-kuris-salia-2\/","title":{"rendered":"Emily Griffin \u201eMyl\u0117ti t\u0105, kuris \u0161alia?\u201c"},"content":{"rendered":"<p>Jei negali pamir\u0161ti to, kuris pasipust\u0117 padus, ar gali myl\u0117ti t\u0105, kuris \u0161alia?<\/p>\n<p>Elen Dempsi yra laimingai i\u0161tek\u0117jusi u\u017e linksmuolio m\u0117lynakio End\u017eio. Nuo pat pirm\u0173 dien\u0173 j\u0173 santuoka ne tik atrodo tobula \u2013 ji yra tobula. Ta\u010diau vien\u0105 lemting\u0105 dien\u0105 Elen sankry\u017eoje susitinka Leo \u2013 vaikin\u0105, kuris ka\u017ekada sudau\u017e\u0117 jai \u0161ird\u012f ir paliko nieko dorai nepaai\u0161kin\u0119s. Susitikimas su juo suk\u0117l\u0117 seniai u\u017eslopintus jausmus ir Elen kilo klausimas, ar jos idealus gyvenimas yra tikrai tai, ko ji trok\u0161ta. Galiausiai Elen bauginamai suvokia, kad ateina diena, kai privalo pasirinkti t\u0105, kur\u012f myli i\u0161 ties\u0173.<\/p>\n<ul class=\"about-product d-none d-xl-block mt-4\">\n<li><strong>Autorius:<\/strong>\u00a0Emily Griffin<\/li>\n<li><strong>Leid\u0117jas:<\/strong>\u00a0Metodika<\/li>\n<li><strong>Metai:<\/strong>\u00a02011<\/li>\n<li><strong>Puslapiai:<\/strong>\u00a0360<\/li>\n<li><strong>ISBN:<\/strong>\u00a09786094440465<\/li>\n<li><strong>Versijos kodas:<\/strong>\u00a0PT.<\/li>\n<li><strong>Formatas:<\/strong>\u00a015 x 22 cm, kieti vir\u0161eliai<\/li>\n<li><strong>Kalba:<\/strong>\u00a0Lietuvi\u0173<\/li>\n<li><strong>Vert\u0117jas:<\/strong>\u00a0Milda Baronait\u0117<\/li>\n<\/ul>\n<p>&nbsp;<\/p>\n","protected":false},"excerpt":{"rendered":"<p>Jei negali pamir\u0161ti to, kuris pasipust\u0117 padus, ar gali myl\u0117ti t\u0105, kuris \u0161alia? Elen Dempsi yra laimingai i\u0161tek\u0117jusi u\u017e linksmuolio m\u0117lynakio End\u017eio. Nuo pat pirm\u0173 dien\u0173 j\u0173 santuoka ne tik atrodo tobula \u2013 ji yra tobula. Ta\u010diau vien\u0105 lemting\u0105 dien\u0105 Elen sankry\u017eoje susitinka Leo \u2013 vaikin\u0105, kuris ka\u017ekada sudau\u017e\u0117 jai \u0161ird\u012f ir paliko nieko dorai nepaai\u0161kin\u0119s. Susitikimas su juo suk\u0117l\u0117 seniai u\u017eslopintus jausmus ir Elen kilo klausimas, ar jos idealus gyvenimas yra tikrai tai, ko ji trok\u0161ta. Galiausiai Elen bauginamai suvokia, kad ateina diena, kai privalo pasirinkti t\u0105, kur\u012f myli i\u0161 ties\u0173. Autorius:\u00a0Emily Griffin Leid\u0117jas:\u00a0Metodika Metai:\u00a02011 Puslapiai:\u00a0360 ISBN:\u00a09786094440465 Versijos kodas:\u00a0PT. Formatas:\u00a015 x 22 cm, kieti vir\u0161eliai Kalba:\u00a0Lietuvi\u0173 Vert\u0117jas:\u00a0Milda Baronait\u0117 &nbsp;<\/p>\n","protected":false},"featured_media":13550,"comment_status":"open","ping_status":"closed","template":"","meta":{"_acf_changed":false,"site-sidebar-layout":"default","site-content-layout":"","ast-site-content-layout":"default","site-content-style":"default","site-sidebar-style":"default","ast-global-header-display":"","ast-banner-title-visibility":"","ast-main-header-display":"","ast-hfb-above-header-display":"","ast-hfb-below-header-display":"","ast-hfb-mobile-header-display":"","site-post-title":"","ast-breadcrumbs-content":"","ast-featured-img":"","footer-sml-layout":"","ast-disable-related-posts":"","theme-transparent-header-meta":"default","adv-header-id-meta":"","stick-header-meta":"","header-above-stick-meta":"","header-main-stick-meta":"","header-below-stick-meta":"","astra-migrate-meta-layouts":"set","ast-page-background-enabled":"default","ast-page-background-meta":{"desktop":{"background-color":"","background-image":"","background-repeat":"repeat","background-position":"center center","background-size":"auto","background-attachment":"scroll","background-type":"","background-media":"","overlay-type":"","overlay-color":"","overlay-opacity":"","overlay-gradient":""},"tablet":{"background-color":"","background-image":"","background-repeat":"repeat","background-position":"center center","background-size":"auto","background-attachment":"scroll","background-type":"","background-media":"","overlay-type":"","overlay-color":"","overlay-opacity":"","overlay-gradient":""},"mobile":{"background-color":"","background-image":"","background-repeat":"repeat","background-position":"center center","background-size":"auto","background-attachment":"scroll","background-type":"","background-media":"","overlay-type":"","overlay-color":"","overlay-opacity":"","overlay-gradient":""}},"ast-content-background-meta":{"desktop":{"background-color":"var(--ast-global-color-4)","background-image":"","background-repeat":"repeat","background-position":"center center","background-size":"auto","background-attachment":"scroll","background-type":"","background-media":"","overlay-type":"","overlay-color":"","overlay-opacity":"","overlay-gradient":""},"tablet":{"background-color":"var(--ast-global-color-4)","background-image":"","background-repeat":"repeat","background-position":"center center","background-size":"auto","background-attachment":"scroll","background-type":"","background-media":"","overlay-type":"","overlay-color":"","overlay-opacity":"","overlay-gradient":""},"mobile":{"background-color":"var(--ast-global-color-4)","background-image":"","background-repeat":"repeat","background-position":"center center","background-size":"auto","background-attachment":"scroll","background-type":"","background-media":"","overlay-type":"","overlay-color":"","overlay-opacity":"","overlay-gradient":""}}},"product_brand":[],"product_cat":[31,15],"product_tag":[],"class_list":{"0":"post-13535","1":"product","2":"type-product","3":"status-publish","4":"has-post-thumbnail","6":"product_cat-grozine-literatura","7":"product_cat-uncategorized","8":"desktop-align-left","9":"tablet-align-left","10":"mobile-align-left","12":"first","13":"instock","14":"shipping-taxable","15":"purchasable","16":"product-type-simple"},"acf":[],"yoast_head":"<!-- This site is optimized with the Yoast SEO plugin v27.0 - https:\/\/yoast.com\/product\/yoast-seo-wordpress\/ -->\n<title>Emily Griffin \u201eMyl\u0117ti t\u0105, kuris \u0161alia?\u201c<\/title>\n<meta name=\"description\" content=\"Jei negali pamir\u0161ti to, kuris pasipust\u0117 padus, ar gali myl\u0117ti t\u0105, kuris \u0161alia? Elen Dempsi yra laimingai i\u0161tek\u0117jusi u\u017e linksmuolio m\u0117lynakio End\u017eio. Nuo\" \/>\n<meta name=\"robots\" content=\"index, follow, max-snippet:-1, max-image-preview:large, max-video-preview:-1\" \/>\n<link rel=\"canonical\" href=\"https:\/\/skaitytaknyga.lt\/en\/produktas\/emily-griffin-myleti-ta-kuris-salia-2\/\" \/>\n<meta property=\"og:locale\" content=\"en_GB\" \/>\n<meta property=\"og:locale:alternate\" content=\"lt_LT\" \/>\n<meta property=\"og:type\" content=\"article\" \/>\n<meta property=\"og:title\" content=\"Emily Griffin \u201eMyl\u0117ti t\u0105, kuris \u0161alia?\u201c\" \/>\n<meta property=\"og:description\" content=\"Jei negali pamir\u0161ti to, kuris pasipust\u0117 padus, ar gali myl\u0117ti t\u0105, kuris \u0161alia? Elen Dempsi yra laimingai i\u0161tek\u0117jusi u\u017e linksmuolio m\u0117lynakio End\u017eio. Nuo\" \/>\n<meta property=\"og:url\" content=\"https:\/\/skaitytaknyga.lt\/en\/produktas\/emily-griffin-myleti-ta-kuris-salia-2\/\" \/>\n<meta property=\"og:site_name\" content=\"Skaitytaknyga\" \/>\n<meta property=\"article:publisher\" content=\"https:\/\/www.facebook.com\/skaitytaknyga\/\" \/>\n<meta property=\"article:modified_time\" content=\"2024-08-25T09:38:25+00:00\" \/>\n<meta property=\"og:image\" content=\"https:\/\/skaitytaknyga.lt\/wp-content\/uploads\/2024\/08\/Myleti-ta-kuris-salia.webp\" \/>\n\t<meta property=\"og:image:width\" content=\"433\" \/>\n\t<meta property=\"og:image:height\" content=\"642\" \/>\n\t<meta property=\"og:image:type\" content=\"image\/webp\" \/>\n<meta name=\"twitter:card\" content=\"summary_large_image\" \/>\n<meta name=\"twitter:label1\" content=\"Estimated reading time\" \/>\n\t<meta name=\"twitter:data1\" content=\"1 minute\" \/>\n<script type=\"application\/ld+json\" class=\"yoast-schema-graph\">{\"@context\":\"https:\/\/schema.org\",\"@graph\":[{\"@type\":\"WebPage\",\"@id\":\"https:\/\/skaitytaknyga.lt\/produktas\/emily-griffin-myleti-ta-kuris-salia-2\/\",\"url\":\"https:\/\/skaitytaknyga.lt\/produktas\/emily-griffin-myleti-ta-kuris-salia-2\/\",\"name\":\"Emily Griffin \u201eMyl\u0117ti t\u0105, kuris \u0161alia?\u201c\",\"isPartOf\":{\"@id\":\"https:\/\/skaitytaknyga.lt\/#website\"},\"primaryImageOfPage\":{\"@id\":\"https:\/\/skaitytaknyga.lt\/produktas\/emily-griffin-myleti-ta-kuris-salia-2\/#primaryimage\"},\"image\":{\"@id\":\"https:\/\/skaitytaknyga.lt\/produktas\/emily-griffin-myleti-ta-kuris-salia-2\/#primaryimage\"},\"thumbnailUrl\":\"https:\/\/skaitytaknyga.lt\/wp-content\/uploads\/2024\/08\/Myleti-ta-kuris-salia.webp\",\"datePublished\":\"2024-08-25T09:10:22+00:00\",\"dateModified\":\"2024-08-25T09:38:25+00:00\",\"description\":\"Jei negali pamir\u0161ti to, kuris pasipust\u0117 padus, ar gali myl\u0117ti t\u0105, kuris \u0161alia? Elen Dempsi yra laimingai i\u0161tek\u0117jusi u\u017e linksmuolio m\u0117lynakio End\u017eio. Nuo\",\"breadcrumb\":{\"@id\":\"https:\/\/skaitytaknyga.lt\/produktas\/emily-griffin-myleti-ta-kuris-salia-2\/#breadcrumb\"},\"inLanguage\":\"en-GB\",\"potentialAction\":[{\"@type\":\"ReadAction\",\"target\":[\"https:\/\/skaitytaknyga.lt\/produktas\/emily-griffin-myleti-ta-kuris-salia-2\/\"]}]},{\"@type\":\"ImageObject\",\"inLanguage\":\"en-GB\",\"@id\":\"https:\/\/skaitytaknyga.lt\/produktas\/emily-griffin-myleti-ta-kuris-salia-2\/#primaryimage\",\"url\":\"https:\/\/skaitytaknyga.lt\/wp-content\/uploads\/2024\/08\/Myleti-ta-kuris-salia.webp\",\"contentUrl\":\"https:\/\/skaitytaknyga.lt\/wp-content\/uploads\/2024\/08\/Myleti-ta-kuris-salia.webp\",\"width\":433,\"height\":642,\"caption\":\"Emily Griffin \u201eMyl\u0117ti t\u0105, kuris \u0161alia?\u201c\"},{\"@type\":\"BreadcrumbList\",\"@id\":\"https:\/\/skaitytaknyga.lt\/produktas\/emily-griffin-myleti-ta-kuris-salia-2\/#breadcrumb\",\"itemListElement\":[{\"@type\":\"ListItem\",\"position\":1,\"name\":\"Home\",\"item\":\"https:\/\/skaitytaknyga.lt\/\"},{\"@type\":\"ListItem\",\"position\":2,\"name\":\"Parduotuv\u0117\",\"item\":\"https:\/\/skaitytaknyga.lt\/knygu-parduotuve\/\"},{\"@type\":\"ListItem\",\"position\":3,\"name\":\"Emily Griffin \u201eMyl\u0117ti t\u0105, kuris \u0161alia?\u201c\"}]},{\"@type\":\"WebSite\",\"@id\":\"https:\/\/skaitytaknyga.lt\/#website\",\"url\":\"https:\/\/skaitytaknyga.lt\/\",\"name\":\"skaitytaknyga.lt\",\"description\":\"Skaitytaknyga.lt \u2013 tai ma\u017eas \u0161eimos verslas, kuris prasid\u0117jo nuo meil\u0117s knygoms ir siekio i\u0161gelb\u0117ti knygas nuo likimo prie konteinerio. Kas vienam nereikalingas daiktas \u2013 kitam lobis, o mes esame tarpininkai, kurie padeda abiems tapti laimingesniems ???? \u017dinome kaip nelengva i\u0161gyventi ma\u017eiems verslams, tad nuo \u0161iol, \u010dia rasite ir kit\u0173, ma\u017e\u0173 \u0161eim\u0173 versl\u0173, rank\u0173 darbo, dovan\u0173 sau ir artimiesiems.\",\"publisher\":{\"@id\":\"https:\/\/skaitytaknyga.lt\/#organization\"},\"potentialAction\":[{\"@type\":\"SearchAction\",\"target\":{\"@type\":\"EntryPoint\",\"urlTemplate\":\"https:\/\/skaitytaknyga.lt\/?s={search_term_string}\"},\"query-input\":{\"@type\":\"PropertyValueSpecification\",\"valueRequired\":true,\"valueName\":\"search_term_string\"}}],\"inLanguage\":\"en-GB\"},{\"@type\":\"Organization\",\"@id\":\"https:\/\/skaitytaknyga.lt\/#organization\",\"name\":\"skaitytaknyga.lt\",\"url\":\"https:\/\/skaitytaknyga.lt\/\",\"logo\":{\"@type\":\"ImageObject\",\"inLanguage\":\"en-GB\",\"@id\":\"https:\/\/skaitytaknyga.lt\/#\/schema\/logo\/image\/\",\"url\":\"https:\/\/skaitytaknyga.lt\/wp-content\/uploads\/2024\/05\/cropped-cropped-cropped-02_00843_jt3bggkj1j3HLc7SyY6rEUpg.jpeg\",\"contentUrl\":\"https:\/\/skaitytaknyga.lt\/wp-content\/uploads\/2024\/05\/cropped-cropped-cropped-02_00843_jt3bggkj1j3HLc7SyY6rEUpg.jpeg\",\"width\":1600,\"height\":1600,\"caption\":\"skaitytaknyga.lt\"},\"image\":{\"@id\":\"https:\/\/skaitytaknyga.lt\/#\/schema\/logo\/image\/\"},\"sameAs\":[\"https:\/\/www.facebook.com\/skaitytaknyga\/\"]}]}<\/script>\n<!-- \/ Yoast SEO plugin. -->","yoast_head_json":{"title":"Emily Griffin \u201eMyl\u0117ti t\u0105, kuris \u0161alia?\u201c","description":"Jei negali pamir\u0161ti to, kuris pasipust\u0117 padus, ar gali myl\u0117ti t\u0105, kuris \u0161alia? Elen Dempsi yra laimingai i\u0161tek\u0117jusi u\u017e linksmuolio m\u0117lynakio End\u017eio. Nuo","robots":{"index":"index","follow":"follow","max-snippet":"max-snippet:-1","max-image-preview":"max-image-preview:large","max-video-preview":"max-video-preview:-1"},"canonical":"https:\/\/skaitytaknyga.lt\/en\/produktas\/emily-griffin-myleti-ta-kuris-salia-2\/","og_locale":"en_GB","og_type":"article","og_title":"[:lt]Emily Griffin \u201eMyl\u0117ti t\u0105, kuris \u0161alia?\u201c[:] - Skaitytaknyga","og_description":"Jei negali pamir\u0161ti to, kuris pasipust\u0117 padus, ar gali myl\u0117ti t\u0105, kuris \u0161alia? Elen Dempsi yra laimingai i\u0161tek\u0117jusi u\u017e linksmuolio m\u0117lynakio End\u017eio. Nuo","og_url":"https:\/\/skaitytaknyga.lt\/en\/produktas\/emily-griffin-myleti-ta-kuris-salia-2\/","og_site_name":"Skaitytaknyga","article_publisher":"https:\/\/www.facebook.com\/skaitytaknyga\/","article_modified_time":"2024-08-25T09:38:25+00:00","og_image":[{"width":433,"height":642,"url":"https:\/\/skaitytaknyga.lt\/wp-content\/uploads\/2024\/08\/Myleti-ta-kuris-salia.webp","type":"image\/webp"}],"twitter_card":"summary_large_image","twitter_misc":{"Estimated reading time":"1 minute"},"schema":{"@context":"https:\/\/schema.org","@graph":[{"@type":"WebPage","@id":"https:\/\/skaitytaknyga.lt\/produktas\/emily-griffin-myleti-ta-kuris-salia-2\/","url":"https:\/\/skaitytaknyga.lt\/produktas\/emily-griffin-myleti-ta-kuris-salia-2\/","name":"Emily Griffin \u201eMyl\u0117ti t\u0105, kuris \u0161alia?\u201c","isPartOf":{"@id":"https:\/\/skaitytaknyga.lt\/#website"},"primaryImageOfPage":{"@id":"https:\/\/skaitytaknyga.lt\/produktas\/emily-griffin-myleti-ta-kuris-salia-2\/#primaryimage"},"image":{"@id":"https:\/\/skaitytaknyga.lt\/produktas\/emily-griffin-myleti-ta-kuris-salia-2\/#primaryimage"},"thumbnailUrl":"https:\/\/skaitytaknyga.lt\/wp-content\/uploads\/2024\/08\/Myleti-ta-kuris-salia.webp","datePublished":"2024-08-25T09:10:22+00:00","dateModified":"2024-08-25T09:38:25+00:00","description":"Jei negali pamir\u0161ti to, kuris pasipust\u0117 padus, ar gali myl\u0117ti t\u0105, kuris \u0161alia? Elen Dempsi yra laimingai i\u0161tek\u0117jusi u\u017e linksmuolio m\u0117lynakio End\u017eio. Nuo","breadcrumb":{"@id":"https:\/\/skaitytaknyga.lt\/produktas\/emily-griffin-myleti-ta-kuris-salia-2\/#breadcrumb"},"inLanguage":"en-GB","potentialAction":[{"@type":"ReadAction","target":["https:\/\/skaitytaknyga.lt\/produktas\/emily-griffin-myleti-ta-kuris-salia-2\/"]}]},{"@type":"ImageObject","inLanguage":"en-GB","@id":"https:\/\/skaitytaknyga.lt\/produktas\/emily-griffin-myleti-ta-kuris-salia-2\/#primaryimage","url":"https:\/\/skaitytaknyga.lt\/wp-content\/uploads\/2024\/08\/Myleti-ta-kuris-salia.webp","contentUrl":"https:\/\/skaitytaknyga.lt\/wp-content\/uploads\/2024\/08\/Myleti-ta-kuris-salia.webp","width":433,"height":642,"caption":"Emily Griffin \u201eMyl\u0117ti t\u0105, kuris \u0161alia?\u201c"},{"@type":"BreadcrumbList","@id":"https:\/\/skaitytaknyga.lt\/produktas\/emily-griffin-myleti-ta-kuris-salia-2\/#breadcrumb","itemListElement":[{"@type":"ListItem","position":1,"name":"Home","item":"https:\/\/skaitytaknyga.lt\/"},{"@type":"ListItem","position":2,"name":"Parduotuv\u0117","item":"https:\/\/skaitytaknyga.lt\/knygu-parduotuve\/"},{"@type":"ListItem","position":3,"name":"Emily Griffin \u201eMyl\u0117ti t\u0105, kuris \u0161alia?\u201c"}]},{"@type":"WebSite","@id":"https:\/\/skaitytaknyga.lt\/#website","url":"https:\/\/skaitytaknyga.lt\/","name":"skaitytaknyga.lt","description":"Skaitytaknyga.lt \u2013 tai ma\u017eas \u0161eimos verslas, kuris prasid\u0117jo nuo meil\u0117s knygoms ir siekio i\u0161gelb\u0117ti knygas nuo likimo prie konteinerio. Kas vienam nereikalingas daiktas \u2013 kitam lobis, o mes esame tarpininkai, kurie padeda abiems tapti laimingesniems ???? \u017dinome kaip nelengva i\u0161gyventi ma\u017eiems verslams, tad nuo \u0161iol, \u010dia rasite ir kit\u0173, ma\u017e\u0173 \u0161eim\u0173 versl\u0173, rank\u0173 darbo, dovan\u0173 sau ir artimiesiems.","publisher":{"@id":"https:\/\/skaitytaknyga.lt\/#organization"},"potentialAction":[{"@type":"SearchAction","target":{"@type":"EntryPoint","urlTemplate":"https:\/\/skaitytaknyga.lt\/?s={search_term_string}"},"query-input":{"@type":"PropertyValueSpecification","valueRequired":true,"valueName":"search_term_string"}}],"inLanguage":"en-GB"},{"@type":"Organization","@id":"https:\/\/skaitytaknyga.lt\/#organization","name":"skaitytaknyga.lt","url":"https:\/\/skaitytaknyga.lt\/","logo":{"@type":"ImageObject","inLanguage":"en-GB","@id":"https:\/\/skaitytaknyga.lt\/#\/schema\/logo\/image\/","url":"https:\/\/skaitytaknyga.lt\/wp-content\/uploads\/2024\/05\/cropped-cropped-cropped-02_00843_jt3bggkj1j3HLc7SyY6rEUpg.jpeg","contentUrl":"https:\/\/skaitytaknyga.lt\/wp-content\/uploads\/2024\/05\/cropped-cropped-cropped-02_00843_jt3bggkj1j3HLc7SyY6rEUpg.jpeg","width":1600,"height":1600,"caption":"skaitytaknyga.lt"},"image":{"@id":"https:\/\/skaitytaknyga.lt\/#\/schema\/logo\/image\/"},"sameAs":["https:\/\/www.facebook.com\/skaitytaknyga\/"]}]}},"_links":{"self":[{"href":"https:\/\/skaitytaknyga.lt\/en\/wp-json\/wp\/v2\/product\/13535","targetHints":{"allow":["GET"]}}],"collection":[{"href":"https:\/\/skaitytaknyga.lt\/en\/wp-json\/wp\/v2\/product"}],"about":[{"href":"https:\/\/skaitytaknyga.lt\/en\/wp-json\/wp\/v2\/types\/product"}],"replies":[{"embeddable":true,"href":"https:\/\/skaitytaknyga.lt\/en\/wp-json\/wp\/v2\/comments?post=13535"}],"wp:featuredmedia":[{"embeddable":true,"href":"https:\/\/skaitytaknyga.lt\/en\/wp-json\/wp\/v2\/media\/13550"}],"wp:attachment":[{"href":"https:\/\/skaitytaknyga.lt\/en\/wp-json\/wp\/v2\/media?parent=13535"}],"wp:term":[{"taxonomy":"product_brand","embeddable":true,"href":"https:\/\/skaitytaknyga.lt\/en\/wp-json\/wp\/v2\/product_brand?post=13535"},{"taxonomy":"product_cat","embeddable":true,"href":"https:\/\/skaitytaknyga.lt\/en\/wp-json\/wp\/v2\/product_cat?post=13535"},{"taxonomy":"product_tag","embeddable":true,"href":"https:\/\/skaitytaknyga.lt\/en\/wp-json\/wp\/v2\/product_tag?post=13535"}],"curies":[{"name":"wp","href":"https:\/\/api.w.org\/{rel}","templated":true}]}}