{"id":13532,"date":"2024-08-25T12:07:52","date_gmt":"2024-08-25T09:07:52","guid":{"rendered":"https:\/\/skaitytaknyga.lt\/?post_type=product&#038;p=13532"},"modified":"2025-08-02T08:01:37","modified_gmt":"2025-08-02T05:01:37","slug":"anatolijus-malovicko-ziniuonio-patarimai-kaip-suvokti-ligu-priezastis-ir-pagyti-be-vaistu","status":"publish","type":"product","link":"https:\/\/skaitytaknyga.lt\/en\/produktas\/anatolijus-malovicko-ziniuonio-patarimai-kaip-suvokti-ligu-priezastis-ir-pagyti-be-vaistu\/","title":{"rendered":"Anatolijus Malovi\u010dko \u201e\u017diniuonio patarimai. Kaip suvokti lig\u0173 prie\u017eastis ir pagyti be vaist\u0173\u201c"},"content":{"rendered":"<p>Beveik 40 met\u0173 \u017eolininko \u00a0praktik\u0105 turintis autorius\u00a0<strong>Anatolijus Malovi\u010dko<\/strong>\u00a0tikisi, kad i\u0161mintingam ir nuosekliam skaitytojui \u0161ie patarimai knygoje\u00a0<strong>\u201e\u017diniuonio patarimai. Kaip suvokti lig\u0173 prie\u017eastis ir pagyti be vaist\u0173\u201c<\/strong>\u00a0pad\u0117s suvokti bei \u012fgyti praktini\u0173 \u017eini\u0173, kaip reikia r\u016bpintis savo sveikata ir gerove.<\/p>\n<p>\u0160iandien daug \u017einome apie \u017emogaus k\u016bn\u0105, bet tai, k\u0105 jau \u017einome, mums rodo, kad jo veiklos mes negalime permanyti. Tai, ko negalime suvokti, ir yra problema \u2013 kod\u0117l taip nuostabiai sur\u0119stas \u017emogaus k\u016bnas suserga?<\/p>\n<ul class=\"about-product d-none d-xl-block mt-4\">\n<li><strong>Autorius:<\/strong>\u00a0Anatolijus Malovi\u010dko<\/li>\n<li><strong>Leid\u0117jas:<\/strong>\u00a0Asveja<\/li>\n<li><strong>Metai:<\/strong>\u00a01999<\/li>\n<li><strong>Puslapiai:<\/strong>\u00a0208<\/li>\n<li><strong>Prek\u0117s kodas:<\/strong>\u00a02200100721258<\/li>\n<li><strong>Versijos kodas:<\/strong>\u00a0PT.<\/li>\n<li><strong>Formatas:<\/strong>\u00a013 x 20 cm, mink\u0161ti vir\u0161eliai<\/li>\n<li><strong>Kalba:<\/strong>\u00a0Lietuvi\u0173<\/li>\n<\/ul>\n<p>&nbsp;<\/p>\n","protected":false},"excerpt":{"rendered":"<p>Beveik 40 met\u0173 \u017eolininko \u00a0praktik\u0105 turintis autorius\u00a0Anatolijus Malovi\u010dko\u00a0tikisi, kad i\u0161mintingam ir nuosekliam skaitytojui \u0161ie patarimai knygoje\u00a0\u201e\u017diniuonio patarimai. Kaip suvokti lig\u0173 prie\u017eastis ir pagyti be vaist\u0173\u201c\u00a0pad\u0117s suvokti bei \u012fgyti praktini\u0173 \u017eini\u0173, kaip reikia r\u016bpintis savo sveikata ir gerove. \u0160iandien daug \u017einome apie \u017emogaus k\u016bn\u0105, bet tai, k\u0105 jau \u017einome, mums rodo, kad jo veiklos mes negalime permanyti. Tai, ko negalime suvokti, ir yra problema \u2013 kod\u0117l taip nuostabiai sur\u0119stas \u017emogaus k\u016bnas suserga? Autorius:\u00a0Anatolijus Malovi\u010dko Leid\u0117jas:\u00a0Asveja Metai:\u00a01999 Puslapiai:\u00a0208 Prek\u0117s kodas:\u00a02200100721258 Versijos kodas:\u00a0PT. Formatas:\u00a013 x 20 cm, mink\u0161ti vir\u0161eliai Kalba:\u00a0Lietuvi\u0173 &nbsp;<\/p>\n","protected":false},"featured_media":13552,"comment_status":"open","ping_status":"closed","template":"","meta":{"_acf_changed":false,"site-sidebar-layout":"default","site-content-layout":"","ast-site-content-layout":"default","site-content-style":"default","site-sidebar-style":"default","ast-global-header-display":"","ast-banner-title-visibility":"","ast-main-header-display":"","ast-hfb-above-header-display":"","ast-hfb-below-header-display":"","ast-hfb-mobile-header-display":"","site-post-title":"","ast-breadcrumbs-content":"","ast-featured-img":"","footer-sml-layout":"","ast-disable-related-posts":"","theme-transparent-header-meta":"default","adv-header-id-meta":"","stick-header-meta":"","header-above-stick-meta":"","header-main-stick-meta":"","header-below-stick-meta":"","astra-migrate-meta-layouts":"set","ast-page-background-enabled":"default","ast-page-background-meta":{"desktop":{"background-color":"","background-image":"","background-repeat":"repeat","background-position":"center center","background-size":"auto","background-attachment":"scroll","background-type":"","background-media":"","overlay-type":"","overlay-color":"","overlay-opacity":"","overlay-gradient":""},"tablet":{"background-color":"","background-image":"","background-repeat":"repeat","background-position":"center center","background-size":"auto","background-attachment":"scroll","background-type":"","background-media":"","overlay-type":"","overlay-color":"","overlay-opacity":"","overlay-gradient":""},"mobile":{"background-color":"","background-image":"","background-repeat":"repeat","background-position":"center center","background-size":"auto","background-attachment":"scroll","background-type":"","background-media":"","overlay-type":"","overlay-color":"","overlay-opacity":"","overlay-gradient":""}},"ast-content-background-meta":{"desktop":{"background-color":"var(--ast-global-color-4)","background-image":"","background-repeat":"repeat","background-position":"center center","background-size":"auto","background-attachment":"scroll","background-type":"","background-media":"","overlay-type":"","overlay-color":"","overlay-opacity":"","overlay-gradient":""},"tablet":{"background-color":"var(--ast-global-color-4)","background-image":"","background-repeat":"repeat","background-position":"center center","background-size":"auto","background-attachment":"scroll","background-type":"","background-media":"","overlay-type":"","overlay-color":"","overlay-opacity":"","overlay-gradient":""},"mobile":{"background-color":"var(--ast-global-color-4)","background-image":"","background-repeat":"repeat","background-position":"center center","background-size":"auto","background-attachment":"scroll","background-type":"","background-media":"","overlay-type":"","overlay-color":"","overlay-opacity":"","overlay-gradient":""}}},"product_brand":[],"product_cat":[15,55],"product_tag":[],"class_list":{"0":"post-13532","1":"product","2":"type-product","3":"status-publish","4":"has-post-thumbnail","6":"product_cat-uncategorized","7":"product_cat-sveikata-ir-sveika-mityba","8":"desktop-align-left","9":"tablet-align-left","10":"mobile-align-left","12":"first","13":"outofstock","14":"shipping-taxable","15":"purchasable","16":"product-type-simple"},"acf":[],"yoast_head":"<!-- This site is optimized with the Yoast SEO plugin v27.0 - https:\/\/yoast.com\/product\/yoast-seo-wordpress\/ -->\n<title>Anatolijus Malovi\u010dko \u201e\u017diniuonio patarimai. Kaip suvokti lig\u0173 prie\u017eastis ir pagyti be vaist\u0173\u201c<\/title>\n<meta name=\"description\" content=\"Beveik 40 met\u0173 \u017eolininko \u00a0praktik\u0105 turintis autorius\u00a0Anatolijus Malovi\u010dko\u00a0tikisi, kad i\u0161mintingam ir nuosekliam skaitytojui \u0161ie patarimai\" \/>\n<meta name=\"robots\" content=\"index, follow, max-snippet:-1, max-image-preview:large, max-video-preview:-1\" \/>\n<link rel=\"canonical\" href=\"https:\/\/skaitytaknyga.lt\/en\/produktas\/anatolijus-malovicko-ziniuonio-patarimai-kaip-suvokti-ligu-priezastis-ir-pagyti-be-vaistu\/\" \/>\n<meta property=\"og:locale\" content=\"en_GB\" \/>\n<meta property=\"og:locale:alternate\" content=\"lt_LT\" \/>\n<meta property=\"og:type\" content=\"article\" \/>\n<meta property=\"og:title\" content=\"Anatolijus Malovi\u010dko \u201e\u017diniuonio patarimai. Kaip suvokti lig\u0173 prie\u017eastis ir pagyti be vaist\u0173\u201c\" \/>\n<meta property=\"og:description\" content=\"Beveik 40 met\u0173 \u017eolininko \u00a0praktik\u0105 turintis autorius\u00a0Anatolijus Malovi\u010dko\u00a0tikisi, kad i\u0161mintingam ir nuosekliam skaitytojui \u0161ie patarimai\" \/>\n<meta property=\"og:url\" content=\"https:\/\/skaitytaknyga.lt\/en\/produktas\/anatolijus-malovicko-ziniuonio-patarimai-kaip-suvokti-ligu-priezastis-ir-pagyti-be-vaistu\/\" \/>\n<meta property=\"og:site_name\" content=\"Skaitytaknyga\" \/>\n<meta property=\"article:publisher\" content=\"https:\/\/www.facebook.com\/skaitytaknyga\/\" \/>\n<meta property=\"article:modified_time\" content=\"2025-08-02T05:01:37+00:00\" \/>\n<meta property=\"og:image\" content=\"https:\/\/skaitytaknyga.lt\/wp-content\/uploads\/2024\/08\/Ziniuonio-patarimai.-Kaip-suvokti-ligu-priezastis-ir-pagyti-be-vaistu.webp\" \/>\n\t<meta property=\"og:image:width\" content=\"565\" \/>\n\t<meta property=\"og:image:height\" content=\"800\" \/>\n\t<meta property=\"og:image:type\" content=\"image\/webp\" \/>\n<meta name=\"twitter:card\" content=\"summary_large_image\" \/>\n<meta name=\"twitter:label1\" content=\"Estimated reading time\" \/>\n\t<meta name=\"twitter:data1\" content=\"1 minute\" \/>\n<script type=\"application\/ld+json\" class=\"yoast-schema-graph\">{\"@context\":\"https:\/\/schema.org\",\"@graph\":[{\"@type\":\"WebPage\",\"@id\":\"https:\/\/skaitytaknyga.lt\/produktas\/anatolijus-malovicko-ziniuonio-patarimai-kaip-suvokti-ligu-priezastis-ir-pagyti-be-vaistu\/\",\"url\":\"https:\/\/skaitytaknyga.lt\/produktas\/anatolijus-malovicko-ziniuonio-patarimai-kaip-suvokti-ligu-priezastis-ir-pagyti-be-vaistu\/\",\"name\":\"Anatolijus Malovi\u010dko \u201e\u017diniuonio patarimai. Kaip suvokti lig\u0173 prie\u017eastis ir pagyti be vaist\u0173\u201c\",\"isPartOf\":{\"@id\":\"https:\/\/skaitytaknyga.lt\/#website\"},\"primaryImageOfPage\":{\"@id\":\"https:\/\/skaitytaknyga.lt\/produktas\/anatolijus-malovicko-ziniuonio-patarimai-kaip-suvokti-ligu-priezastis-ir-pagyti-be-vaistu\/#primaryimage\"},\"image\":{\"@id\":\"https:\/\/skaitytaknyga.lt\/produktas\/anatolijus-malovicko-ziniuonio-patarimai-kaip-suvokti-ligu-priezastis-ir-pagyti-be-vaistu\/#primaryimage\"},\"thumbnailUrl\":\"https:\/\/skaitytaknyga.lt\/wp-content\/uploads\/2024\/08\/Ziniuonio-patarimai.-Kaip-suvokti-ligu-priezastis-ir-pagyti-be-vaistu.webp\",\"datePublished\":\"2024-08-25T09:07:52+00:00\",\"dateModified\":\"2025-08-02T05:01:37+00:00\",\"description\":\"Beveik 40 met\u0173 \u017eolininko \u00a0praktik\u0105 turintis autorius\u00a0Anatolijus Malovi\u010dko\u00a0tikisi, kad i\u0161mintingam ir nuosekliam skaitytojui \u0161ie patarimai\",\"breadcrumb\":{\"@id\":\"https:\/\/skaitytaknyga.lt\/produktas\/anatolijus-malovicko-ziniuonio-patarimai-kaip-suvokti-ligu-priezastis-ir-pagyti-be-vaistu\/#breadcrumb\"},\"inLanguage\":\"en-GB\",\"potentialAction\":[{\"@type\":\"ReadAction\",\"target\":[\"https:\/\/skaitytaknyga.lt\/produktas\/anatolijus-malovicko-ziniuonio-patarimai-kaip-suvokti-ligu-priezastis-ir-pagyti-be-vaistu\/\"]}]},{\"@type\":\"ImageObject\",\"inLanguage\":\"en-GB\",\"@id\":\"https:\/\/skaitytaknyga.lt\/produktas\/anatolijus-malovicko-ziniuonio-patarimai-kaip-suvokti-ligu-priezastis-ir-pagyti-be-vaistu\/#primaryimage\",\"url\":\"https:\/\/skaitytaknyga.lt\/wp-content\/uploads\/2024\/08\/Ziniuonio-patarimai.-Kaip-suvokti-ligu-priezastis-ir-pagyti-be-vaistu.webp\",\"contentUrl\":\"https:\/\/skaitytaknyga.lt\/wp-content\/uploads\/2024\/08\/Ziniuonio-patarimai.-Kaip-suvokti-ligu-priezastis-ir-pagyti-be-vaistu.webp\",\"width\":565,\"height\":800,\"caption\":\"Anatolijus Malovi\u010dko \u201e\u017diniuonio patarimai. Kaip suvokti lig\u0173 prie\u017eastis ir pagyti be vaist\u0173\u201c\"},{\"@type\":\"BreadcrumbList\",\"@id\":\"https:\/\/skaitytaknyga.lt\/produktas\/anatolijus-malovicko-ziniuonio-patarimai-kaip-suvokti-ligu-priezastis-ir-pagyti-be-vaistu\/#breadcrumb\",\"itemListElement\":[{\"@type\":\"ListItem\",\"position\":1,\"name\":\"Home\",\"item\":\"https:\/\/skaitytaknyga.lt\/\"},{\"@type\":\"ListItem\",\"position\":2,\"name\":\"Parduotuv\u0117\",\"item\":\"https:\/\/skaitytaknyga.lt\/knygu-parduotuve\/\"},{\"@type\":\"ListItem\",\"position\":3,\"name\":\"Anatolijus Malovi\u010dko \u201e\u017diniuonio patarimai. Kaip suvokti lig\u0173 prie\u017eastis ir pagyti be vaist\u0173\u201c\"}]},{\"@type\":\"WebSite\",\"@id\":\"https:\/\/skaitytaknyga.lt\/#website\",\"url\":\"https:\/\/skaitytaknyga.lt\/\",\"name\":\"skaitytaknyga.lt\",\"description\":\"Skaitytaknyga.lt \u2013 tai ma\u017eas \u0161eimos verslas, kuris prasid\u0117jo nuo meil\u0117s knygoms ir siekio i\u0161gelb\u0117ti knygas nuo likimo prie konteinerio. Kas vienam nereikalingas daiktas \u2013 kitam lobis, o mes esame tarpininkai, kurie padeda abiems tapti laimingesniems ???? \u017dinome kaip nelengva i\u0161gyventi ma\u017eiems verslams, tad nuo \u0161iol, \u010dia rasite ir kit\u0173, ma\u017e\u0173 \u0161eim\u0173 versl\u0173, rank\u0173 darbo, dovan\u0173 sau ir artimiesiems.\",\"publisher\":{\"@id\":\"https:\/\/skaitytaknyga.lt\/#organization\"},\"potentialAction\":[{\"@type\":\"SearchAction\",\"target\":{\"@type\":\"EntryPoint\",\"urlTemplate\":\"https:\/\/skaitytaknyga.lt\/?s={search_term_string}\"},\"query-input\":{\"@type\":\"PropertyValueSpecification\",\"valueRequired\":true,\"valueName\":\"search_term_string\"}}],\"inLanguage\":\"en-GB\"},{\"@type\":\"Organization\",\"@id\":\"https:\/\/skaitytaknyga.lt\/#organization\",\"name\":\"skaitytaknyga.lt\",\"url\":\"https:\/\/skaitytaknyga.lt\/\",\"logo\":{\"@type\":\"ImageObject\",\"inLanguage\":\"en-GB\",\"@id\":\"https:\/\/skaitytaknyga.lt\/#\/schema\/logo\/image\/\",\"url\":\"https:\/\/skaitytaknyga.lt\/wp-content\/uploads\/2024\/05\/cropped-cropped-cropped-02_00843_jt3bggkj1j3HLc7SyY6rEUpg.jpeg\",\"contentUrl\":\"https:\/\/skaitytaknyga.lt\/wp-content\/uploads\/2024\/05\/cropped-cropped-cropped-02_00843_jt3bggkj1j3HLc7SyY6rEUpg.jpeg\",\"width\":1600,\"height\":1600,\"caption\":\"skaitytaknyga.lt\"},\"image\":{\"@id\":\"https:\/\/skaitytaknyga.lt\/#\/schema\/logo\/image\/\"},\"sameAs\":[\"https:\/\/www.facebook.com\/skaitytaknyga\/\"]}]}<\/script>\n<!-- \/ Yoast SEO plugin. -->","yoast_head_json":{"title":"Anatolijus Malovi\u010dko \u201e\u017diniuonio patarimai. Kaip suvokti lig\u0173 prie\u017eastis ir pagyti be vaist\u0173\u201c","description":"Beveik 40 met\u0173 \u017eolininko \u00a0praktik\u0105 turintis autorius\u00a0Anatolijus Malovi\u010dko\u00a0tikisi, kad i\u0161mintingam ir nuosekliam skaitytojui \u0161ie patarimai","robots":{"index":"index","follow":"follow","max-snippet":"max-snippet:-1","max-image-preview":"max-image-preview:large","max-video-preview":"max-video-preview:-1"},"canonical":"https:\/\/skaitytaknyga.lt\/en\/produktas\/anatolijus-malovicko-ziniuonio-patarimai-kaip-suvokti-ligu-priezastis-ir-pagyti-be-vaistu\/","og_locale":"en_GB","og_type":"article","og_title":"[:lt]Anatolijus Malovi\u010dko \u201e\u017diniuonio patarimai. Kaip suvokti lig\u0173 prie\u017eastis ir pagyti be vaist\u0173\u201c[:] - Skaitytaknyga","og_description":"Beveik 40 met\u0173 \u017eolininko \u00a0praktik\u0105 turintis autorius\u00a0Anatolijus Malovi\u010dko\u00a0tikisi, kad i\u0161mintingam ir nuosekliam skaitytojui \u0161ie patarimai","og_url":"https:\/\/skaitytaknyga.lt\/en\/produktas\/anatolijus-malovicko-ziniuonio-patarimai-kaip-suvokti-ligu-priezastis-ir-pagyti-be-vaistu\/","og_site_name":"Skaitytaknyga","article_publisher":"https:\/\/www.facebook.com\/skaitytaknyga\/","article_modified_time":"2025-08-02T05:01:37+00:00","og_image":[{"width":565,"height":800,"url":"https:\/\/skaitytaknyga.lt\/wp-content\/uploads\/2024\/08\/Ziniuonio-patarimai.-Kaip-suvokti-ligu-priezastis-ir-pagyti-be-vaistu.webp","type":"image\/webp"}],"twitter_card":"summary_large_image","twitter_misc":{"Estimated reading time":"1 minute"},"schema":{"@context":"https:\/\/schema.org","@graph":[{"@type":"WebPage","@id":"https:\/\/skaitytaknyga.lt\/produktas\/anatolijus-malovicko-ziniuonio-patarimai-kaip-suvokti-ligu-priezastis-ir-pagyti-be-vaistu\/","url":"https:\/\/skaitytaknyga.lt\/produktas\/anatolijus-malovicko-ziniuonio-patarimai-kaip-suvokti-ligu-priezastis-ir-pagyti-be-vaistu\/","name":"Anatolijus Malovi\u010dko \u201e\u017diniuonio patarimai. Kaip suvokti lig\u0173 prie\u017eastis ir pagyti be vaist\u0173\u201c","isPartOf":{"@id":"https:\/\/skaitytaknyga.lt\/#website"},"primaryImageOfPage":{"@id":"https:\/\/skaitytaknyga.lt\/produktas\/anatolijus-malovicko-ziniuonio-patarimai-kaip-suvokti-ligu-priezastis-ir-pagyti-be-vaistu\/#primaryimage"},"image":{"@id":"https:\/\/skaitytaknyga.lt\/produktas\/anatolijus-malovicko-ziniuonio-patarimai-kaip-suvokti-ligu-priezastis-ir-pagyti-be-vaistu\/#primaryimage"},"thumbnailUrl":"https:\/\/skaitytaknyga.lt\/wp-content\/uploads\/2024\/08\/Ziniuonio-patarimai.-Kaip-suvokti-ligu-priezastis-ir-pagyti-be-vaistu.webp","datePublished":"2024-08-25T09:07:52+00:00","dateModified":"2025-08-02T05:01:37+00:00","description":"Beveik 40 met\u0173 \u017eolininko \u00a0praktik\u0105 turintis autorius\u00a0Anatolijus Malovi\u010dko\u00a0tikisi, kad i\u0161mintingam ir nuosekliam skaitytojui \u0161ie patarimai","breadcrumb":{"@id":"https:\/\/skaitytaknyga.lt\/produktas\/anatolijus-malovicko-ziniuonio-patarimai-kaip-suvokti-ligu-priezastis-ir-pagyti-be-vaistu\/#breadcrumb"},"inLanguage":"en-GB","potentialAction":[{"@type":"ReadAction","target":["https:\/\/skaitytaknyga.lt\/produktas\/anatolijus-malovicko-ziniuonio-patarimai-kaip-suvokti-ligu-priezastis-ir-pagyti-be-vaistu\/"]}]},{"@type":"ImageObject","inLanguage":"en-GB","@id":"https:\/\/skaitytaknyga.lt\/produktas\/anatolijus-malovicko-ziniuonio-patarimai-kaip-suvokti-ligu-priezastis-ir-pagyti-be-vaistu\/#primaryimage","url":"https:\/\/skaitytaknyga.lt\/wp-content\/uploads\/2024\/08\/Ziniuonio-patarimai.-Kaip-suvokti-ligu-priezastis-ir-pagyti-be-vaistu.webp","contentUrl":"https:\/\/skaitytaknyga.lt\/wp-content\/uploads\/2024\/08\/Ziniuonio-patarimai.-Kaip-suvokti-ligu-priezastis-ir-pagyti-be-vaistu.webp","width":565,"height":800,"caption":"Anatolijus Malovi\u010dko \u201e\u017diniuonio patarimai. Kaip suvokti lig\u0173 prie\u017eastis ir pagyti be vaist\u0173\u201c"},{"@type":"BreadcrumbList","@id":"https:\/\/skaitytaknyga.lt\/produktas\/anatolijus-malovicko-ziniuonio-patarimai-kaip-suvokti-ligu-priezastis-ir-pagyti-be-vaistu\/#breadcrumb","itemListElement":[{"@type":"ListItem","position":1,"name":"Home","item":"https:\/\/skaitytaknyga.lt\/"},{"@type":"ListItem","position":2,"name":"Parduotuv\u0117","item":"https:\/\/skaitytaknyga.lt\/knygu-parduotuve\/"},{"@type":"ListItem","position":3,"name":"Anatolijus Malovi\u010dko \u201e\u017diniuonio patarimai. Kaip suvokti lig\u0173 prie\u017eastis ir pagyti be vaist\u0173\u201c"}]},{"@type":"WebSite","@id":"https:\/\/skaitytaknyga.lt\/#website","url":"https:\/\/skaitytaknyga.lt\/","name":"skaitytaknyga.lt","description":"Skaitytaknyga.lt \u2013 tai ma\u017eas \u0161eimos verslas, kuris prasid\u0117jo nuo meil\u0117s knygoms ir siekio i\u0161gelb\u0117ti knygas nuo likimo prie konteinerio. Kas vienam nereikalingas daiktas \u2013 kitam lobis, o mes esame tarpininkai, kurie padeda abiems tapti laimingesniems ???? \u017dinome kaip nelengva i\u0161gyventi ma\u017eiems verslams, tad nuo \u0161iol, \u010dia rasite ir kit\u0173, ma\u017e\u0173 \u0161eim\u0173 versl\u0173, rank\u0173 darbo, dovan\u0173 sau ir artimiesiems.","publisher":{"@id":"https:\/\/skaitytaknyga.lt\/#organization"},"potentialAction":[{"@type":"SearchAction","target":{"@type":"EntryPoint","urlTemplate":"https:\/\/skaitytaknyga.lt\/?s={search_term_string}"},"query-input":{"@type":"PropertyValueSpecification","valueRequired":true,"valueName":"search_term_string"}}],"inLanguage":"en-GB"},{"@type":"Organization","@id":"https:\/\/skaitytaknyga.lt\/#organization","name":"skaitytaknyga.lt","url":"https:\/\/skaitytaknyga.lt\/","logo":{"@type":"ImageObject","inLanguage":"en-GB","@id":"https:\/\/skaitytaknyga.lt\/#\/schema\/logo\/image\/","url":"https:\/\/skaitytaknyga.lt\/wp-content\/uploads\/2024\/05\/cropped-cropped-cropped-02_00843_jt3bggkj1j3HLc7SyY6rEUpg.jpeg","contentUrl":"https:\/\/skaitytaknyga.lt\/wp-content\/uploads\/2024\/05\/cropped-cropped-cropped-02_00843_jt3bggkj1j3HLc7SyY6rEUpg.jpeg","width":1600,"height":1600,"caption":"skaitytaknyga.lt"},"image":{"@id":"https:\/\/skaitytaknyga.lt\/#\/schema\/logo\/image\/"},"sameAs":["https:\/\/www.facebook.com\/skaitytaknyga\/"]}]}},"_links":{"self":[{"href":"https:\/\/skaitytaknyga.lt\/en\/wp-json\/wp\/v2\/product\/13532","targetHints":{"allow":["GET"]}}],"collection":[{"href":"https:\/\/skaitytaknyga.lt\/en\/wp-json\/wp\/v2\/product"}],"about":[{"href":"https:\/\/skaitytaknyga.lt\/en\/wp-json\/wp\/v2\/types\/product"}],"replies":[{"embeddable":true,"href":"https:\/\/skaitytaknyga.lt\/en\/wp-json\/wp\/v2\/comments?post=13532"}],"wp:featuredmedia":[{"embeddable":true,"href":"https:\/\/skaitytaknyga.lt\/en\/wp-json\/wp\/v2\/media\/13552"}],"wp:attachment":[{"href":"https:\/\/skaitytaknyga.lt\/en\/wp-json\/wp\/v2\/media?parent=13532"}],"wp:term":[{"taxonomy":"product_brand","embeddable":true,"href":"https:\/\/skaitytaknyga.lt\/en\/wp-json\/wp\/v2\/product_brand?post=13532"},{"taxonomy":"product_cat","embeddable":true,"href":"https:\/\/skaitytaknyga.lt\/en\/wp-json\/wp\/v2\/product_cat?post=13532"},{"taxonomy":"product_tag","embeddable":true,"href":"https:\/\/skaitytaknyga.lt\/en\/wp-json\/wp\/v2\/product_tag?post=13532"}],"curies":[{"name":"wp","href":"https:\/\/api.w.org\/{rel}","templated":true}]}}