{"id":13525,"date":"2024-08-23T22:00:21","date_gmt":"2024-08-23T19:00:21","guid":{"rendered":"https:\/\/skaitytaknyga.lt\/?post_type=product&#038;p=13525"},"modified":"2026-03-05T16:00:46","modified_gmt":"2026-03-05T14:00:46","slug":"taylor-adams-taikiklyje","status":"publish","type":"product","link":"https:\/\/skaitytaknyga.lt\/en\/produktas\/taylor-adams-taikiklyje\/","title":{"rendered":"Taikiklyje"},"content":{"rendered":"<p><strong>Jeigu jie i\u0161gyvens, i\u0161saugota santuoka bus tarsi papildomas prizas&#8230;<\/strong><\/p>\n<p>Po dar vieno persileidimo El\u0117 ir D\u017eeimsas Eversmenai atsisveikina su senuoju gyvenimu ir ketina prad\u0117ti nauj\u0105 kitoje valstijoje. Ta\u010diau Mohavi\u0173 dykumos viduryje j\u0173 tojota sugenda. Dar viena apmaudi nes\u0117km\u0117? Vargu. Variklyje D\u017eeimsas aptinka kulkos skyl\u0119&#8230;<\/p>\n<p>Per myli\u0105 nuo j\u0173 tojotos snaiperis Viljamas Tepas u\u017etaiso \u201eLapua Magnum&#8221; 8,6 mm kalibro \u0161oviniais ir saujomis kremta kukur\u016bz\u0173 tra\u0161ku\u010dius. Jis \u2013 vienas geriausi\u0173 \u0161auli\u0173 \u017eem\u0117je. Ne gyvas \u017emogus, o balistinis kompiuteris. Jo gyslomis teka ledinis vanduo, jo pom\u0117gis \u2013 \u017eudyti atsitiktinius keliu traukian\u010dius vairuotojus. Viso labo \u2013 nedidel\u0117 pramoga Nevadoje.<\/p>\n<p>Tepas supranta, kad jo med\u017eiojamos aukos neturi n\u0117 menkiausios galimyb\u0117s pasiprie\u0161inti.<br \/>\nTa\u010diau D\u017eeimsas ir El\u0117 pabandys tai padaryti.<\/p>\n<p><em>Ra\u0161iau ir perra\u0161in\u0117jau \u201eTaikiklyje&#8221; trejus metus. Daug i\u0161mokau. Kai kurias pamokas teko i\u0161eiti dukart. Pasikeit\u0117 knygos pabaiga. Pasikeit\u0117 prad\u017eia. Pasikeit\u0117 persona\u017eai. Didel\u0117s istorijos dalys buvo ne kart\u0105 perra\u0161ytos ar i\u0161vis atmestos. Jei lygintume geb\u0117jim\u0105 para\u0161yti tikr\u0105 roman\u0105 su mokymusi va\u017eiuoti dvira\u010diu, tai a\u0161 sudau\u017eiau kelis dvira\u010dius ir su\u017eeid\u017eiau bent vien\u0105 praeiv\u012f. Tai sunkus darbas, ir tas, kas sako kitaip, daro me\u0161kos paslaug\u0105. Knygos nera\u0161omos \u2013 knygos perra\u0161omos.<\/em><br \/>\n<em>Nei\u0161si\u017eadu n\u0117 vieno i\u0161lieto (perkeltine prasme) prakaito la\u0161o. Kiekvienas perra\u0161ymas ar nes\u0117km\u0117 grynino \u201eTaikiklyje&#8221;, dar\u0117 geresn\u012f, protingesn\u012f ir tvirtesn\u012f. Did\u017eiuojuosi \u0161ita knyga ir nuo\u0161ird\u017eiai tikiuosi, kad jums patiks, jei tik b\u016bsite tokie malon\u016bs ir j\u0105 perskaitysite.<\/em><\/p>\n<ul class=\"about-product d-none d-xl-block mt-4\">\n<li><strong>Originalus pavadinimas:<\/strong>\u00a0Eyeshot<\/li>\n<li><strong>Autorius:<\/strong>\u00a0Taylor Adams<\/li>\n<li><strong>Leid\u0117jas:<\/strong>\u00a0BALTO leidybos namai<\/li>\n<li><strong>Metai:<\/strong>\u00a02019<\/li>\n<li><strong>Puslapiai:<\/strong>\u00a0320<\/li>\n<li><strong>ISBN:<\/strong>\u00a09786098233650<\/li>\n<li><strong>Versijos kodas:<\/strong>\u00a010<\/li>\n<li><strong>Formatas:<\/strong>\u00a014,3 x 22 x 3 cm, kieti vir\u0161eliai<\/li>\n<li><strong>Kalba:<\/strong>\u00a0Lietuvi\u0173<\/li>\n<li><strong>Vert\u0117jas:<\/strong>\u00a0Karolina Masaityt\u0117<\/li>\n<\/ul>\n","protected":false},"excerpt":{"rendered":"<p>Jeigu jie i\u0161gyvens, i\u0161saugota santuoka bus tarsi papildomas prizas&#8230; Po dar vieno persileidimo El\u0117 ir D\u017eeimsas Eversmenai atsisveikina su senuoju gyvenimu ir ketina prad\u0117ti nauj\u0105 kitoje valstijoje. Ta\u010diau Mohavi\u0173 dykumos viduryje j\u0173 tojota sugenda. Dar viena apmaudi nes\u0117km\u0117? Vargu. Variklyje D\u017eeimsas aptinka kulkos skyl\u0119&#8230; Per myli\u0105 nuo j\u0173 tojotos snaiperis Viljamas Tepas u\u017etaiso \u201eLapua Magnum&#8221; 8,6 mm kalibro \u0161oviniais ir saujomis kremta kukur\u016bz\u0173 tra\u0161ku\u010dius. Jis \u2013 vienas geriausi\u0173 \u0161auli\u0173 \u017eem\u0117je. Ne gyvas \u017emogus, o balistinis kompiuteris. Jo gyslomis teka ledinis vanduo, jo pom\u0117gis \u2013 \u017eudyti atsitiktinius keliu traukian\u010dius vairuotojus. Viso labo \u2013 nedidel\u0117 pramoga Nevadoje. Tepas supranta, kad jo med\u017eiojamos aukos neturi n\u0117 menkiausios galimyb\u0117s pasiprie\u0161inti. Ta\u010diau D\u017eeimsas ir El\u0117 pabandys tai padaryti. Ra\u0161iau ir perra\u0161in\u0117jau \u201eTaikiklyje&#8221; trejus metus. Daug i\u0161mokau. Kai kurias pamokas teko i\u0161eiti dukart. Pasikeit\u0117 knygos pabaiga. Pasikeit\u0117 prad\u017eia. Pasikeit\u0117 persona\u017eai. Didel\u0117s istorijos dalys buvo ne kart\u0105 perra\u0161ytos ar i\u0161vis atmestos. Jei lygintume geb\u0117jim\u0105 para\u0161yti tikr\u0105 roman\u0105 su mokymusi va\u017eiuoti dvira\u010diu, tai a\u0161 sudau\u017eiau kelis dvira\u010dius ir su\u017eeid\u017eiau bent vien\u0105 praeiv\u012f. Tai sunkus darbas, ir tas, kas sako kitaip, daro me\u0161kos paslaug\u0105. Knygos nera\u0161omos \u2013 knygos perra\u0161omos. Nei\u0161si\u017eadu n\u0117 vieno i\u0161lieto (perkeltine prasme) prakaito la\u0161o. Kiekvienas perra\u0161ymas ar nes\u0117km\u0117 grynino \u201eTaikiklyje&#8221;, dar\u0117 geresn\u012f, protingesn\u012f ir tvirtesn\u012f. Did\u017eiuojuosi \u0161ita knyga ir nuo\u0161ird\u017eiai tikiuosi, kad jums patiks, jei tik b\u016bsite tokie malon\u016bs ir j\u0105 perskaitysite. Originalus pavadinimas:\u00a0Eyeshot Autorius:\u00a0Taylor Adams Leid\u0117jas:\u00a0BALTO leidybos namai Metai:\u00a02019 Puslapiai:\u00a0320 ISBN:\u00a09786098233650 Versijos kodas:\u00a010 Formatas:\u00a014,3 x 22 x 3 cm, kieti vir\u0161eliai Kalba:\u00a0Lietuvi\u0173 Vert\u0117jas:\u00a0Karolina Masaityt\u0117<\/p>\n","protected":false},"featured_media":13526,"comment_status":"closed","ping_status":"closed","template":"","meta":{"_acf_changed":false,"site-sidebar-layout":"default","site-content-layout":"","ast-site-content-layout":"default","site-content-style":"default","site-sidebar-style":"default","ast-global-header-display":"","ast-banner-title-visibility":"","ast-main-header-display":"","ast-hfb-above-header-display":"","ast-hfb-below-header-display":"","ast-hfb-mobile-header-display":"","site-post-title":"","ast-breadcrumbs-content":"","ast-featured-img":"","footer-sml-layout":"","ast-disable-related-posts":"","theme-transparent-header-meta":"default","adv-header-id-meta":"","stick-header-meta":"","header-above-stick-meta":"","header-main-stick-meta":"","header-below-stick-meta":"","astra-migrate-meta-layouts":"set","ast-page-background-enabled":"default","ast-page-background-meta":{"desktop":{"background-color":"","background-image":"","background-repeat":"repeat","background-position":"center center","background-size":"auto","background-attachment":"scroll","background-type":"","background-media":"","overlay-type":"","overlay-color":"","overlay-opacity":"","overlay-gradient":""},"tablet":{"background-color":"","background-image":"","background-repeat":"repeat","background-position":"center center","background-size":"auto","background-attachment":"scroll","background-type":"","background-media":"","overlay-type":"","overlay-color":"","overlay-opacity":"","overlay-gradient":""},"mobile":{"background-color":"","background-image":"","background-repeat":"repeat","background-position":"center center","background-size":"auto","background-attachment":"scroll","background-type":"","background-media":"","overlay-type":"","overlay-color":"","overlay-opacity":"","overlay-gradient":""}},"ast-content-background-meta":{"desktop":{"background-color":"var(--ast-global-color-4)","background-image":"","background-repeat":"repeat","background-position":"center center","background-size":"auto","background-attachment":"scroll","background-type":"","background-media":"","overlay-type":"","overlay-color":"","overlay-opacity":"","overlay-gradient":""},"tablet":{"background-color":"var(--ast-global-color-4)","background-image":"","background-repeat":"repeat","background-position":"center center","background-size":"auto","background-attachment":"scroll","background-type":"","background-media":"","overlay-type":"","overlay-color":"","overlay-opacity":"","overlay-gradient":""},"mobile":{"background-color":"var(--ast-global-color-4)","background-image":"","background-repeat":"repeat","background-position":"center center","background-size":"auto","background-attachment":"scroll","background-type":"","background-media":"","overlay-type":"","overlay-color":"","overlay-opacity":"","overlay-gradient":""}}},"product_brand":[],"product_cat":[9581],"product_tag":[1378],"class_list":{"0":"post-13525","1":"product","2":"type-product","3":"status-publish","4":"has-post-thumbnail","6":"product_cat-kriminaliniai-romanai","7":"product_tag-sergejus-pavlovas","8":"pa_leidimo-metai-672","9":"desktop-align-left","10":"tablet-align-left","11":"mobile-align-left","13":"first","14":"instock","15":"shipping-taxable","16":"purchasable","17":"product-type-simple"},"acf":[],"yoast_head":"<!-- This site is optimized with the Yoast SEO plugin v27.0 - https:\/\/yoast.com\/product\/yoast-seo-wordpress\/ -->\n<title>\u201eYpating\u0173 vaik\u0173 namai\u201cTaylor Adams \u201eTaikiklyje<\/title>\n<meta name=\"description\" content=\"Tepas supranta, kad jo med\u017eiojamos aukos neturi n\u0117 menkiausios galimyb\u0117s pasiprie\u0161inti.Ta\u010diau D\u017eeimsas ir El\u0117 pabandys tai padaryti.\" \/>\n<meta name=\"robots\" content=\"index, follow, max-snippet:-1, max-image-preview:large, max-video-preview:-1\" \/>\n<link rel=\"canonical\" href=\"https:\/\/skaitytaknyga.lt\/en\/produktas\/taylor-adams-taikiklyje\/\" \/>\n<meta property=\"og:locale\" content=\"en_GB\" \/>\n<meta property=\"og:locale:alternate\" content=\"lt_LT\" \/>\n<meta property=\"og:type\" content=\"article\" \/>\n<meta property=\"og:title\" content=\"\u201eYpating\u0173 vaik\u0173 namai\u201cTaylor Adams \u201eTaikiklyje\" \/>\n<meta property=\"og:description\" content=\"Tepas supranta, kad jo med\u017eiojamos aukos neturi n\u0117 menkiausios galimyb\u0117s pasiprie\u0161inti.Ta\u010diau D\u017eeimsas ir El\u0117 pabandys tai padaryti.\" \/>\n<meta property=\"og:url\" content=\"https:\/\/skaitytaknyga.lt\/en\/produktas\/taylor-adams-taikiklyje\/\" \/>\n<meta property=\"og:site_name\" content=\"Skaitytaknyga\" \/>\n<meta property=\"article:publisher\" content=\"https:\/\/www.facebook.com\/skaitytaknyga\/\" \/>\n<meta property=\"article:modified_time\" content=\"2026-03-05T14:00:46+00:00\" \/>\n<meta property=\"og:image\" content=\"https:\/\/skaitytaknyga.lt\/wp-content\/uploads\/2024\/08\/1566560990_taikiklyje_2d.webp\" \/>\n\t<meta property=\"og:image:width\" content=\"537\" \/>\n\t<meta property=\"og:image:height\" content=\"800\" \/>\n\t<meta property=\"og:image:type\" content=\"image\/webp\" \/>\n<meta name=\"twitter:card\" content=\"summary_large_image\" \/>\n<meta name=\"twitter:label1\" content=\"Estimated reading time\" \/>\n\t<meta name=\"twitter:data1\" content=\"2 minutes\" \/>\n<script type=\"application\/ld+json\" class=\"yoast-schema-graph\">{\"@context\":\"https:\/\/schema.org\",\"@graph\":[{\"@type\":\"WebPage\",\"@id\":\"https:\/\/skaitytaknyga.lt\/produktas\/taylor-adams-taikiklyje\/\",\"url\":\"https:\/\/skaitytaknyga.lt\/produktas\/taylor-adams-taikiklyje\/\",\"name\":\"\u201eYpating\u0173 vaik\u0173 namai\u201cTaylor Adams \u201eTaikiklyje\",\"isPartOf\":{\"@id\":\"https:\/\/skaitytaknyga.lt\/#website\"},\"primaryImageOfPage\":{\"@id\":\"https:\/\/skaitytaknyga.lt\/produktas\/taylor-adams-taikiklyje\/#primaryimage\"},\"image\":{\"@id\":\"https:\/\/skaitytaknyga.lt\/produktas\/taylor-adams-taikiklyje\/#primaryimage\"},\"thumbnailUrl\":\"https:\/\/skaitytaknyga.lt\/wp-content\/uploads\/2024\/08\/1566560990_taikiklyje_2d.webp\",\"datePublished\":\"2024-08-23T19:00:21+00:00\",\"dateModified\":\"2026-03-05T14:00:46+00:00\",\"description\":\"Tepas supranta, kad jo med\u017eiojamos aukos neturi n\u0117 menkiausios galimyb\u0117s pasiprie\u0161inti.Ta\u010diau D\u017eeimsas ir El\u0117 pabandys tai padaryti.\",\"breadcrumb\":{\"@id\":\"https:\/\/skaitytaknyga.lt\/produktas\/taylor-adams-taikiklyje\/#breadcrumb\"},\"inLanguage\":\"en-GB\",\"potentialAction\":[{\"@type\":\"ReadAction\",\"target\":[\"https:\/\/skaitytaknyga.lt\/produktas\/taylor-adams-taikiklyje\/\"]}]},{\"@type\":\"ImageObject\",\"inLanguage\":\"en-GB\",\"@id\":\"https:\/\/skaitytaknyga.lt\/produktas\/taylor-adams-taikiklyje\/#primaryimage\",\"url\":\"https:\/\/skaitytaknyga.lt\/wp-content\/uploads\/2024\/08\/1566560990_taikiklyje_2d.webp\",\"contentUrl\":\"https:\/\/skaitytaknyga.lt\/wp-content\/uploads\/2024\/08\/1566560990_taikiklyje_2d.webp\",\"width\":537,\"height\":800,\"caption\":\"Taylor Adams \u201eTaikiklyje\u201c\"},{\"@type\":\"BreadcrumbList\",\"@id\":\"https:\/\/skaitytaknyga.lt\/produktas\/taylor-adams-taikiklyje\/#breadcrumb\",\"itemListElement\":[{\"@type\":\"ListItem\",\"position\":1,\"name\":\"Home\",\"item\":\"https:\/\/skaitytaknyga.lt\/\"},{\"@type\":\"ListItem\",\"position\":2,\"name\":\"Parduotuv\u0117\",\"item\":\"https:\/\/skaitytaknyga.lt\/knygu-parduotuve\/\"},{\"@type\":\"ListItem\",\"position\":3,\"name\":\"Taikiklyje\"}]},{\"@type\":\"WebSite\",\"@id\":\"https:\/\/skaitytaknyga.lt\/#website\",\"url\":\"https:\/\/skaitytaknyga.lt\/\",\"name\":\"skaitytaknyga.lt\",\"description\":\"Skaitytaknyga.lt \u2013 tai ma\u017eas \u0161eimos verslas, kuris prasid\u0117jo nuo meil\u0117s knygoms ir siekio i\u0161gelb\u0117ti knygas nuo likimo prie konteinerio. Kas vienam nereikalingas daiktas \u2013 kitam lobis, o mes esame tarpininkai, kurie padeda abiems tapti laimingesniems ???? \u017dinome kaip nelengva i\u0161gyventi ma\u017eiems verslams, tad nuo \u0161iol, \u010dia rasite ir kit\u0173, ma\u017e\u0173 \u0161eim\u0173 versl\u0173, rank\u0173 darbo, dovan\u0173 sau ir artimiesiems.\",\"publisher\":{\"@id\":\"https:\/\/skaitytaknyga.lt\/#organization\"},\"potentialAction\":[{\"@type\":\"SearchAction\",\"target\":{\"@type\":\"EntryPoint\",\"urlTemplate\":\"https:\/\/skaitytaknyga.lt\/?s={search_term_string}\"},\"query-input\":{\"@type\":\"PropertyValueSpecification\",\"valueRequired\":true,\"valueName\":\"search_term_string\"}}],\"inLanguage\":\"en-GB\"},{\"@type\":\"Organization\",\"@id\":\"https:\/\/skaitytaknyga.lt\/#organization\",\"name\":\"skaitytaknyga.lt\",\"url\":\"https:\/\/skaitytaknyga.lt\/\",\"logo\":{\"@type\":\"ImageObject\",\"inLanguage\":\"en-GB\",\"@id\":\"https:\/\/skaitytaknyga.lt\/#\/schema\/logo\/image\/\",\"url\":\"https:\/\/skaitytaknyga.lt\/wp-content\/uploads\/2024\/05\/cropped-cropped-cropped-02_00843_jt3bggkj1j3HLc7SyY6rEUpg.jpeg\",\"contentUrl\":\"https:\/\/skaitytaknyga.lt\/wp-content\/uploads\/2024\/05\/cropped-cropped-cropped-02_00843_jt3bggkj1j3HLc7SyY6rEUpg.jpeg\",\"width\":1600,\"height\":1600,\"caption\":\"skaitytaknyga.lt\"},\"image\":{\"@id\":\"https:\/\/skaitytaknyga.lt\/#\/schema\/logo\/image\/\"},\"sameAs\":[\"https:\/\/www.facebook.com\/skaitytaknyga\/\"]}]}<\/script>\n<!-- \/ Yoast SEO plugin. -->","yoast_head_json":{"title":"\u201eYpating\u0173 vaik\u0173 namai\u201cTaylor Adams \u201eTaikiklyje","description":"Tepas supranta, kad jo med\u017eiojamos aukos neturi n\u0117 menkiausios galimyb\u0117s pasiprie\u0161inti.Ta\u010diau D\u017eeimsas ir El\u0117 pabandys tai padaryti.","robots":{"index":"index","follow":"follow","max-snippet":"max-snippet:-1","max-image-preview":"max-image-preview:large","max-video-preview":"max-video-preview:-1"},"canonical":"https:\/\/skaitytaknyga.lt\/en\/produktas\/taylor-adams-taikiklyje\/","og_locale":"en_GB","og_type":"article","og_title":"\u201eYpating\u0173 vaik\u0173 namai\u201cTaylor Adams \u201eTaikiklyje","og_description":"Tepas supranta, kad jo med\u017eiojamos aukos neturi n\u0117 menkiausios galimyb\u0117s pasiprie\u0161inti.Ta\u010diau D\u017eeimsas ir El\u0117 pabandys tai padaryti.","og_url":"https:\/\/skaitytaknyga.lt\/en\/produktas\/taylor-adams-taikiklyje\/","og_site_name":"Skaitytaknyga","article_publisher":"https:\/\/www.facebook.com\/skaitytaknyga\/","article_modified_time":"2026-03-05T14:00:46+00:00","og_image":[{"width":537,"height":800,"url":"https:\/\/skaitytaknyga.lt\/wp-content\/uploads\/2024\/08\/1566560990_taikiklyje_2d.webp","type":"image\/webp"}],"twitter_card":"summary_large_image","twitter_misc":{"Estimated reading time":"2 minutes"},"schema":{"@context":"https:\/\/schema.org","@graph":[{"@type":"WebPage","@id":"https:\/\/skaitytaknyga.lt\/produktas\/taylor-adams-taikiklyje\/","url":"https:\/\/skaitytaknyga.lt\/produktas\/taylor-adams-taikiklyje\/","name":"\u201eYpating\u0173 vaik\u0173 namai\u201cTaylor Adams \u201eTaikiklyje","isPartOf":{"@id":"https:\/\/skaitytaknyga.lt\/#website"},"primaryImageOfPage":{"@id":"https:\/\/skaitytaknyga.lt\/produktas\/taylor-adams-taikiklyje\/#primaryimage"},"image":{"@id":"https:\/\/skaitytaknyga.lt\/produktas\/taylor-adams-taikiklyje\/#primaryimage"},"thumbnailUrl":"https:\/\/skaitytaknyga.lt\/wp-content\/uploads\/2024\/08\/1566560990_taikiklyje_2d.webp","datePublished":"2024-08-23T19:00:21+00:00","dateModified":"2026-03-05T14:00:46+00:00","description":"Tepas supranta, kad jo med\u017eiojamos aukos neturi n\u0117 menkiausios galimyb\u0117s pasiprie\u0161inti.Ta\u010diau D\u017eeimsas ir El\u0117 pabandys tai padaryti.","breadcrumb":{"@id":"https:\/\/skaitytaknyga.lt\/produktas\/taylor-adams-taikiklyje\/#breadcrumb"},"inLanguage":"en-GB","potentialAction":[{"@type":"ReadAction","target":["https:\/\/skaitytaknyga.lt\/produktas\/taylor-adams-taikiklyje\/"]}]},{"@type":"ImageObject","inLanguage":"en-GB","@id":"https:\/\/skaitytaknyga.lt\/produktas\/taylor-adams-taikiklyje\/#primaryimage","url":"https:\/\/skaitytaknyga.lt\/wp-content\/uploads\/2024\/08\/1566560990_taikiklyje_2d.webp","contentUrl":"https:\/\/skaitytaknyga.lt\/wp-content\/uploads\/2024\/08\/1566560990_taikiklyje_2d.webp","width":537,"height":800,"caption":"Taylor Adams \u201eTaikiklyje\u201c"},{"@type":"BreadcrumbList","@id":"https:\/\/skaitytaknyga.lt\/produktas\/taylor-adams-taikiklyje\/#breadcrumb","itemListElement":[{"@type":"ListItem","position":1,"name":"Home","item":"https:\/\/skaitytaknyga.lt\/"},{"@type":"ListItem","position":2,"name":"Parduotuv\u0117","item":"https:\/\/skaitytaknyga.lt\/knygu-parduotuve\/"},{"@type":"ListItem","position":3,"name":"Taikiklyje"}]},{"@type":"WebSite","@id":"https:\/\/skaitytaknyga.lt\/#website","url":"https:\/\/skaitytaknyga.lt\/","name":"skaitytaknyga.lt","description":"Skaitytaknyga.lt \u2013 tai ma\u017eas \u0161eimos verslas, kuris prasid\u0117jo nuo meil\u0117s knygoms ir siekio i\u0161gelb\u0117ti knygas nuo likimo prie konteinerio. Kas vienam nereikalingas daiktas \u2013 kitam lobis, o mes esame tarpininkai, kurie padeda abiems tapti laimingesniems ???? \u017dinome kaip nelengva i\u0161gyventi ma\u017eiems verslams, tad nuo \u0161iol, \u010dia rasite ir kit\u0173, ma\u017e\u0173 \u0161eim\u0173 versl\u0173, rank\u0173 darbo, dovan\u0173 sau ir artimiesiems.","publisher":{"@id":"https:\/\/skaitytaknyga.lt\/#organization"},"potentialAction":[{"@type":"SearchAction","target":{"@type":"EntryPoint","urlTemplate":"https:\/\/skaitytaknyga.lt\/?s={search_term_string}"},"query-input":{"@type":"PropertyValueSpecification","valueRequired":true,"valueName":"search_term_string"}}],"inLanguage":"en-GB"},{"@type":"Organization","@id":"https:\/\/skaitytaknyga.lt\/#organization","name":"skaitytaknyga.lt","url":"https:\/\/skaitytaknyga.lt\/","logo":{"@type":"ImageObject","inLanguage":"en-GB","@id":"https:\/\/skaitytaknyga.lt\/#\/schema\/logo\/image\/","url":"https:\/\/skaitytaknyga.lt\/wp-content\/uploads\/2024\/05\/cropped-cropped-cropped-02_00843_jt3bggkj1j3HLc7SyY6rEUpg.jpeg","contentUrl":"https:\/\/skaitytaknyga.lt\/wp-content\/uploads\/2024\/05\/cropped-cropped-cropped-02_00843_jt3bggkj1j3HLc7SyY6rEUpg.jpeg","width":1600,"height":1600,"caption":"skaitytaknyga.lt"},"image":{"@id":"https:\/\/skaitytaknyga.lt\/#\/schema\/logo\/image\/"},"sameAs":["https:\/\/www.facebook.com\/skaitytaknyga\/"]}]}},"_links":{"self":[{"href":"https:\/\/skaitytaknyga.lt\/en\/wp-json\/wp\/v2\/product\/13525","targetHints":{"allow":["GET"]}}],"collection":[{"href":"https:\/\/skaitytaknyga.lt\/en\/wp-json\/wp\/v2\/product"}],"about":[{"href":"https:\/\/skaitytaknyga.lt\/en\/wp-json\/wp\/v2\/types\/product"}],"replies":[{"embeddable":true,"href":"https:\/\/skaitytaknyga.lt\/en\/wp-json\/wp\/v2\/comments?post=13525"}],"wp:featuredmedia":[{"embeddable":true,"href":"https:\/\/skaitytaknyga.lt\/en\/wp-json\/wp\/v2\/media\/13526"}],"wp:attachment":[{"href":"https:\/\/skaitytaknyga.lt\/en\/wp-json\/wp\/v2\/media?parent=13525"}],"wp:term":[{"taxonomy":"product_brand","embeddable":true,"href":"https:\/\/skaitytaknyga.lt\/en\/wp-json\/wp\/v2\/product_brand?post=13525"},{"taxonomy":"product_cat","embeddable":true,"href":"https:\/\/skaitytaknyga.lt\/en\/wp-json\/wp\/v2\/product_cat?post=13525"},{"taxonomy":"product_tag","embeddable":true,"href":"https:\/\/skaitytaknyga.lt\/en\/wp-json\/wp\/v2\/product_tag?post=13525"}],"curies":[{"name":"wp","href":"https:\/\/api.w.org\/{rel}","templated":true}]}}