{"id":13523,"date":"2024-08-23T21:57:33","date_gmt":"2024-08-23T18:57:33","guid":{"rendered":"https:\/\/skaitytaknyga.lt\/?post_type=product&#038;p=13523"},"modified":"2024-08-23T21:59:30","modified_gmt":"2024-08-23T18:59:30","slug":"fernando-savater-gyvenimo-klausimai-2","status":"publish","type":"product","link":"https:\/\/skaitytaknyga.lt\/en\/produktas\/fernando-savater-gyvenimo-klausimai-2\/","title":{"rendered":"Chris Greenhalgh \u201eSuvilioti Ingrid\u0105 Bergman\u201c"},"content":{"rendered":"<p>1945-ieji. Karo i\u0161kankintas, ta\u010diau laisv\u0119 \u0161ven\u010diantis Pary\u017eius. \u017davioji kultinio filmo \u201eKasablanka\u201c \u017evaig\u017ed\u0117, vienas garsiausi\u0173 karo fotoreporteri\u0173 ir akimirk\u0105 tetruk\u0119s slaptas romanas, am\u017eiams pakeit\u0119s j\u0173 likimus. Ta\u010diau juk sakoma, kad d\u0117l toki\u0173 akimirk\u0173 verta gyventi&#8230;<\/p>\n<p>Gyvenimo d\u017eiaugsm\u0105 prarad\u0119s karo fotografas Robertas Kapa trok\u0161ta atitr\u016bkti nuo siaubo, kur\u012f jam teko patirti fronto linijose. Netik\u0117tai Pary\u017eiuje, \u201eRitz\u201c vie\u0161bu\u010dio foj\u0117, jis i\u0161vysta aktor\u0119 Ingrid\u0105 Bergman \u2013 gra\u017eiausi\u0105 ir geid\u017eiamiausi\u0105 moter\u012f, filmo \u201eKasablanka\u201c \u017evaig\u017ed\u0119. Kapa taip susi\u017eavi ja, kad ry\u017etasi nutr\u016bktgalvi\u0161kam poelgiui. Jis paki\u0161a ra\u0161tel\u012f po Ingridos vie\u0161bu\u010dio durimis su kvietimu \u012f pasimatym\u0105. Aktor\u0117 sutinka pavakarieniauti. Taip prasideda svaiginantis romanas. \u012esimyl\u0117j\u0117liai u\u017ekand\u017eiauja Pary\u017eiaus kavin\u0117se ir \u0161oka iki pary\u010di\u0173 naktiniuose klubuose. Robertas Kapa leid\u017eia rytus skaitydamas vonioje \u201eKar\u0105 ir taik\u0105\u201c, o popietes \u2013 \u017eirg\u0173 lenktyn\u0117se. Ingrida Bergman susitinka su kariais ir skaito jiems poezij\u0105.<\/p>\n<p>Kad ir kokia ner\u016bpestinga atrodyt\u0173 kasdienyb\u0117, Kap\u0105 persekioja karo siaubas, t\u0117vo savi\u017eudyb\u0117 ir tragi\u0161ka mylimos merginos \u017e\u016btis. Ingrida padeda jam pamir\u0161ti dalykus, kurie gyvenim\u0105 dar\u0117 sud\u0117ting\u0105, ta\u010diau ji kruop\u0161\u010diai saugo savo reputacij\u0105 \u2013 juk Holivude jos laukia vyras ir dukra, be to, skandalas gali su\u017elugti karjer\u0105. Meil\u0117 sugr\u0105\u017eino jiems d\u017eiaugsm\u0105. Ta\u010diau kiek ilgai \u017eymi aktor\u0117 gali sl\u0117pti roman\u0105?.. Apie tai pasakoja tikrais \u012fvykiais paremta istorija, atskleid\u017eianti, kad da\u017enai \u017emon\u0117s, kurie, regis, gyvenime turi visk\u0105, i\u0161 ties\u0173 neturi nieko&#8230;<\/p>\n<p><strong>Ingrid Bergman<\/strong>\u00a0(1915\u20131982) \u2013 \u0161ved\u0173 aktor\u0117, vaidinusi daugelyje Europos ir Amerikos film\u0173. Apdovanota presti\u017ei\u0161kiausiais kino apdovanojimais ir laikoma vis\u0173 laik\u0173 ketvirt\u0105ja \u012ftakingiausia aktore amerikie\u010di\u0173 kino istorijoje. Geriausiai pa\u017e\u012fstama kaip Ilsos Lund vaidmens atlik\u0117ja legendiniame filme \u201eKasablanka\u201c (1942).<\/p>\n<p><strong>Autorius:<\/strong> Chris Greenhalgh<br \/>\n<strong>Leid\u0117jas:<\/strong> Sofoklis<br \/>\n<strong>Metai:<\/strong> 2014<br \/>\n<strong>Puslapiai<\/strong>: 334<br \/>\n<strong>ISBN:<\/strong> 9786094441226<br \/>\n<strong>Formatas:<\/strong> 21 x 14 cm, kieti vir\u0161eliai<br \/>\n<strong>Kalba:<\/strong> Lietuvi\u0173<br \/>\n<strong>Vert\u0117jas:<\/strong> Milda Baronait\u0117<\/p>\n","protected":false},"excerpt":{"rendered":"<p>1945-ieji. Karo i\u0161kankintas, ta\u010diau laisv\u0119 \u0161ven\u010diantis Pary\u017eius. \u017davioji kultinio filmo \u201eKasablanka\u201c \u017evaig\u017ed\u0117, vienas garsiausi\u0173 karo fotoreporteri\u0173 ir akimirk\u0105 tetruk\u0119s slaptas romanas, am\u017eiams pakeit\u0119s j\u0173 likimus. Ta\u010diau juk sakoma, kad d\u0117l toki\u0173 akimirk\u0173 verta gyventi&#8230; Gyvenimo d\u017eiaugsm\u0105 prarad\u0119s karo fotografas Robertas Kapa trok\u0161ta atitr\u016bkti nuo siaubo, kur\u012f jam teko patirti fronto linijose. Netik\u0117tai Pary\u017eiuje, \u201eRitz\u201c vie\u0161bu\u010dio foj\u0117, jis i\u0161vysta aktor\u0119 Ingrid\u0105 Bergman \u2013 gra\u017eiausi\u0105 ir geid\u017eiamiausi\u0105 moter\u012f, filmo \u201eKasablanka\u201c \u017evaig\u017ed\u0119. Kapa taip susi\u017eavi ja, kad ry\u017etasi nutr\u016bktgalvi\u0161kam poelgiui. Jis paki\u0161a ra\u0161tel\u012f po Ingridos vie\u0161bu\u010dio durimis su kvietimu \u012f pasimatym\u0105. Aktor\u0117 sutinka pavakarieniauti. Taip prasideda svaiginantis romanas. \u012esimyl\u0117j\u0117liai u\u017ekand\u017eiauja Pary\u017eiaus kavin\u0117se ir \u0161oka iki pary\u010di\u0173 naktiniuose klubuose. Robertas Kapa leid\u017eia rytus skaitydamas vonioje \u201eKar\u0105 ir taik\u0105\u201c, o popietes \u2013 \u017eirg\u0173 lenktyn\u0117se. Ingrida Bergman susitinka su kariais ir skaito jiems poezij\u0105. Kad ir kokia ner\u016bpestinga atrodyt\u0173 kasdienyb\u0117, Kap\u0105 persekioja karo siaubas, t\u0117vo savi\u017eudyb\u0117 ir tragi\u0161ka mylimos merginos \u017e\u016btis. Ingrida padeda jam pamir\u0161ti dalykus, kurie gyvenim\u0105 dar\u0117 sud\u0117ting\u0105, ta\u010diau ji kruop\u0161\u010diai saugo savo reputacij\u0105 \u2013 juk Holivude jos laukia vyras ir dukra, be to, skandalas gali su\u017elugti karjer\u0105. Meil\u0117 sugr\u0105\u017eino jiems d\u017eiaugsm\u0105. Ta\u010diau kiek ilgai \u017eymi aktor\u0117 gali sl\u0117pti roman\u0105?.. Apie tai pasakoja tikrais \u012fvykiais paremta istorija, atskleid\u017eianti, kad da\u017enai \u017emon\u0117s, kurie, regis, gyvenime turi visk\u0105, i\u0161 ties\u0173 neturi nieko&#8230; Ingrid Bergman\u00a0(1915\u20131982) \u2013 \u0161ved\u0173 aktor\u0117, vaidinusi daugelyje Europos ir Amerikos film\u0173. Apdovanota presti\u017ei\u0161kiausiais kino apdovanojimais ir laikoma vis\u0173 laik\u0173 ketvirt\u0105ja \u012ftakingiausia aktore amerikie\u010di\u0173 kino istorijoje. Geriausiai pa\u017e\u012fstama kaip Ilsos Lund vaidmens atlik\u0117ja legendiniame filme \u201eKasablanka\u201c (1942). Autorius: Chris Greenhalgh Leid\u0117jas: Sofoklis Metai: 2014 Puslapiai: 334 ISBN: 9786094441226 Formatas: 21 x 14 cm, kieti vir\u0161eliai Kalba: Lietuvi\u0173 Vert\u0117jas: Milda Baronait\u0117<\/p>\n","protected":false},"featured_media":13524,"comment_status":"closed","ping_status":"closed","template":"","meta":{"_acf_changed":false,"site-sidebar-layout":"default","site-content-layout":"","ast-site-content-layout":"default","site-content-style":"default","site-sidebar-style":"default","ast-global-header-display":"","ast-banner-title-visibility":"","ast-main-header-display":"","ast-hfb-above-header-display":"","ast-hfb-below-header-display":"","ast-hfb-mobile-header-display":"","site-post-title":"","ast-breadcrumbs-content":"","ast-featured-img":"","footer-sml-layout":"","ast-disable-related-posts":"","theme-transparent-header-meta":"default","adv-header-id-meta":"","stick-header-meta":"","header-above-stick-meta":"","header-main-stick-meta":"","header-below-stick-meta":"","astra-migrate-meta-layouts":"set","ast-page-background-enabled":"default","ast-page-background-meta":{"desktop":{"background-color":"","background-image":"","background-repeat":"repeat","background-position":"center center","background-size":"auto","background-attachment":"scroll","background-type":"","background-media":"","overlay-type":"","overlay-color":"","overlay-opacity":"","overlay-gradient":""},"tablet":{"background-color":"","background-image":"","background-repeat":"repeat","background-position":"center center","background-size":"auto","background-attachment":"scroll","background-type":"","background-media":"","overlay-type":"","overlay-color":"","overlay-opacity":"","overlay-gradient":""},"mobile":{"background-color":"","background-image":"","background-repeat":"repeat","background-position":"center center","background-size":"auto","background-attachment":"scroll","background-type":"","background-media":"","overlay-type":"","overlay-color":"","overlay-opacity":"","overlay-gradient":""}},"ast-content-background-meta":{"desktop":{"background-color":"var(--ast-global-color-4)","background-image":"","background-repeat":"repeat","background-position":"center center","background-size":"auto","background-attachment":"scroll","background-type":"","background-media":"","overlay-type":"","overlay-color":"","overlay-opacity":"","overlay-gradient":""},"tablet":{"background-color":"var(--ast-global-color-4)","background-image":"","background-repeat":"repeat","background-position":"center center","background-size":"auto","background-attachment":"scroll","background-type":"","background-media":"","overlay-type":"","overlay-color":"","overlay-opacity":"","overlay-gradient":""},"mobile":{"background-color":"var(--ast-global-color-4)","background-image":"","background-repeat":"repeat","background-position":"center center","background-size":"auto","background-attachment":"scroll","background-type":"","background-media":"","overlay-type":"","overlay-color":"","overlay-opacity":"","overlay-gradient":""}}},"product_brand":[],"product_cat":[31],"product_tag":[],"class_list":{"0":"post-13523","1":"product","2":"type-product","3":"status-publish","4":"has-post-thumbnail","6":"product_cat-grozine-literatura","7":"pa_leidimo-metai-645","8":"desktop-align-left","9":"tablet-align-left","10":"mobile-align-left","12":"first","13":"instock","14":"shipping-taxable","15":"purchasable","16":"product-type-simple"},"acf":[],"yoast_head":"<!-- This site is optimized with the Yoast SEO plugin v27.0 - https:\/\/yoast.com\/product\/yoast-seo-wordpress\/ -->\n<title>Chris Greenhalgh \u201eSuvilioti Ingrid\u0105 Bergman\u201c<\/title>\n<meta name=\"description\" content=\"1945-ieji. Karo i\u0161kankintas, ta\u010diau laisv\u0119 \u0161ven\u010diantis Pary\u017eius. \u017davioji kultinio filmo \u201eKasablanka\u201c \u017evaig\u017ed\u0117, vienas garsiausi\u0173 karo fotoreporteri\u0173 ir\" \/>\n<meta name=\"robots\" content=\"index, follow, max-snippet:-1, max-image-preview:large, max-video-preview:-1\" \/>\n<link rel=\"canonical\" href=\"https:\/\/skaitytaknyga.lt\/en\/produktas\/fernando-savater-gyvenimo-klausimai-2\/\" \/>\n<meta property=\"og:locale\" content=\"en_GB\" \/>\n<meta property=\"og:locale:alternate\" content=\"lt_LT\" \/>\n<meta property=\"og:type\" content=\"article\" \/>\n<meta property=\"og:title\" content=\"Chris Greenhalgh \u201eSuvilioti Ingrid\u0105 Bergman\u201c\" \/>\n<meta property=\"og:description\" content=\"1945-ieji. Karo i\u0161kankintas, ta\u010diau laisv\u0119 \u0161ven\u010diantis Pary\u017eius. \u017davioji kultinio filmo \u201eKasablanka\u201c \u017evaig\u017ed\u0117, vienas garsiausi\u0173 karo fotoreporteri\u0173 ir\" \/>\n<meta property=\"og:url\" content=\"https:\/\/skaitytaknyga.lt\/en\/produktas\/fernando-savater-gyvenimo-klausimai-2\/\" \/>\n<meta property=\"og:site_name\" content=\"Skaitytaknyga\" \/>\n<meta property=\"article:publisher\" content=\"https:\/\/www.facebook.com\/skaitytaknyga\/\" \/>\n<meta property=\"article:modified_time\" content=\"2024-08-23T18:59:30+00:00\" \/>\n<meta property=\"og:image\" content=\"https:\/\/skaitytaknyga.lt\/wp-content\/uploads\/2024\/08\/1462884055_suvilioti-ingrida-bergman-1.webp\" \/>\n\t<meta property=\"og:image:width\" content=\"533\" \/>\n\t<meta property=\"og:image:height\" content=\"800\" \/>\n\t<meta property=\"og:image:type\" content=\"image\/webp\" \/>\n<meta name=\"twitter:card\" content=\"summary_large_image\" \/>\n<meta name=\"twitter:label1\" content=\"Estimated reading time\" \/>\n\t<meta name=\"twitter:data1\" content=\"2 minutes\" \/>\n<script type=\"application\/ld+json\" class=\"yoast-schema-graph\">{\"@context\":\"https:\/\/schema.org\",\"@graph\":[{\"@type\":\"WebPage\",\"@id\":\"https:\/\/skaitytaknyga.lt\/produktas\/fernando-savater-gyvenimo-klausimai-2\/\",\"url\":\"https:\/\/skaitytaknyga.lt\/produktas\/fernando-savater-gyvenimo-klausimai-2\/\",\"name\":\"Chris Greenhalgh \u201eSuvilioti Ingrid\u0105 Bergman\u201c\",\"isPartOf\":{\"@id\":\"https:\/\/skaitytaknyga.lt\/#website\"},\"primaryImageOfPage\":{\"@id\":\"https:\/\/skaitytaknyga.lt\/produktas\/fernando-savater-gyvenimo-klausimai-2\/#primaryimage\"},\"image\":{\"@id\":\"https:\/\/skaitytaknyga.lt\/produktas\/fernando-savater-gyvenimo-klausimai-2\/#primaryimage\"},\"thumbnailUrl\":\"https:\/\/skaitytaknyga.lt\/wp-content\/uploads\/2024\/08\/1462884055_suvilioti-ingrida-bergman-1.webp\",\"datePublished\":\"2024-08-23T18:57:33+00:00\",\"dateModified\":\"2024-08-23T18:59:30+00:00\",\"description\":\"1945-ieji. Karo i\u0161kankintas, ta\u010diau laisv\u0119 \u0161ven\u010diantis Pary\u017eius. \u017davioji kultinio filmo \u201eKasablanka\u201c \u017evaig\u017ed\u0117, vienas garsiausi\u0173 karo fotoreporteri\u0173 ir\",\"breadcrumb\":{\"@id\":\"https:\/\/skaitytaknyga.lt\/produktas\/fernando-savater-gyvenimo-klausimai-2\/#breadcrumb\"},\"inLanguage\":\"en-GB\",\"potentialAction\":[{\"@type\":\"ReadAction\",\"target\":[\"https:\/\/skaitytaknyga.lt\/produktas\/fernando-savater-gyvenimo-klausimai-2\/\"]}]},{\"@type\":\"ImageObject\",\"inLanguage\":\"en-GB\",\"@id\":\"https:\/\/skaitytaknyga.lt\/produktas\/fernando-savater-gyvenimo-klausimai-2\/#primaryimage\",\"url\":\"https:\/\/skaitytaknyga.lt\/wp-content\/uploads\/2024\/08\/1462884055_suvilioti-ingrida-bergman-1.webp\",\"contentUrl\":\"https:\/\/skaitytaknyga.lt\/wp-content\/uploads\/2024\/08\/1462884055_suvilioti-ingrida-bergman-1.webp\",\"width\":533,\"height\":800,\"caption\":\"Chris Greenhalgh \u201eSuvilioti Ingrid\u0105 Bergman\u201c\"},{\"@type\":\"BreadcrumbList\",\"@id\":\"https:\/\/skaitytaknyga.lt\/produktas\/fernando-savater-gyvenimo-klausimai-2\/#breadcrumb\",\"itemListElement\":[{\"@type\":\"ListItem\",\"position\":1,\"name\":\"Home\",\"item\":\"https:\/\/skaitytaknyga.lt\/\"},{\"@type\":\"ListItem\",\"position\":2,\"name\":\"Parduotuv\u0117\",\"item\":\"https:\/\/skaitytaknyga.lt\/knygu-parduotuve\/\"},{\"@type\":\"ListItem\",\"position\":3,\"name\":\"Chris Greenhalgh \u201eSuvilioti Ingrid\u0105 Bergman\u201c\"}]},{\"@type\":\"WebSite\",\"@id\":\"https:\/\/skaitytaknyga.lt\/#website\",\"url\":\"https:\/\/skaitytaknyga.lt\/\",\"name\":\"skaitytaknyga.lt\",\"description\":\"Skaitytaknyga.lt \u2013 tai ma\u017eas \u0161eimos verslas, kuris prasid\u0117jo nuo meil\u0117s knygoms ir siekio i\u0161gelb\u0117ti knygas nuo likimo prie konteinerio. Kas vienam nereikalingas daiktas \u2013 kitam lobis, o mes esame tarpininkai, kurie padeda abiems tapti laimingesniems ???? \u017dinome kaip nelengva i\u0161gyventi ma\u017eiems verslams, tad nuo \u0161iol, \u010dia rasite ir kit\u0173, ma\u017e\u0173 \u0161eim\u0173 versl\u0173, rank\u0173 darbo, dovan\u0173 sau ir artimiesiems.\",\"publisher\":{\"@id\":\"https:\/\/skaitytaknyga.lt\/#organization\"},\"potentialAction\":[{\"@type\":\"SearchAction\",\"target\":{\"@type\":\"EntryPoint\",\"urlTemplate\":\"https:\/\/skaitytaknyga.lt\/?s={search_term_string}\"},\"query-input\":{\"@type\":\"PropertyValueSpecification\",\"valueRequired\":true,\"valueName\":\"search_term_string\"}}],\"inLanguage\":\"en-GB\"},{\"@type\":\"Organization\",\"@id\":\"https:\/\/skaitytaknyga.lt\/#organization\",\"name\":\"skaitytaknyga.lt\",\"url\":\"https:\/\/skaitytaknyga.lt\/\",\"logo\":{\"@type\":\"ImageObject\",\"inLanguage\":\"en-GB\",\"@id\":\"https:\/\/skaitytaknyga.lt\/#\/schema\/logo\/image\/\",\"url\":\"https:\/\/skaitytaknyga.lt\/wp-content\/uploads\/2024\/05\/cropped-cropped-cropped-02_00843_jt3bggkj1j3HLc7SyY6rEUpg.jpeg\",\"contentUrl\":\"https:\/\/skaitytaknyga.lt\/wp-content\/uploads\/2024\/05\/cropped-cropped-cropped-02_00843_jt3bggkj1j3HLc7SyY6rEUpg.jpeg\",\"width\":1600,\"height\":1600,\"caption\":\"skaitytaknyga.lt\"},\"image\":{\"@id\":\"https:\/\/skaitytaknyga.lt\/#\/schema\/logo\/image\/\"},\"sameAs\":[\"https:\/\/www.facebook.com\/skaitytaknyga\/\"]}]}<\/script>\n<!-- \/ Yoast SEO plugin. -->","yoast_head_json":{"title":"Chris Greenhalgh \u201eSuvilioti Ingrid\u0105 Bergman\u201c","description":"1945-ieji. Karo i\u0161kankintas, ta\u010diau laisv\u0119 \u0161ven\u010diantis Pary\u017eius. \u017davioji kultinio filmo \u201eKasablanka\u201c \u017evaig\u017ed\u0117, vienas garsiausi\u0173 karo fotoreporteri\u0173 ir","robots":{"index":"index","follow":"follow","max-snippet":"max-snippet:-1","max-image-preview":"max-image-preview:large","max-video-preview":"max-video-preview:-1"},"canonical":"https:\/\/skaitytaknyga.lt\/en\/produktas\/fernando-savater-gyvenimo-klausimai-2\/","og_locale":"en_GB","og_type":"article","og_title":"[:lt]Chris Greenhalgh \u201eSuvilioti Ingrid\u0105 Bergman\u201c[:] - Skaitytaknyga","og_description":"1945-ieji. Karo i\u0161kankintas, ta\u010diau laisv\u0119 \u0161ven\u010diantis Pary\u017eius. \u017davioji kultinio filmo \u201eKasablanka\u201c \u017evaig\u017ed\u0117, vienas garsiausi\u0173 karo fotoreporteri\u0173 ir","og_url":"https:\/\/skaitytaknyga.lt\/en\/produktas\/fernando-savater-gyvenimo-klausimai-2\/","og_site_name":"Skaitytaknyga","article_publisher":"https:\/\/www.facebook.com\/skaitytaknyga\/","article_modified_time":"2024-08-23T18:59:30+00:00","og_image":[{"width":533,"height":800,"url":"https:\/\/skaitytaknyga.lt\/wp-content\/uploads\/2024\/08\/1462884055_suvilioti-ingrida-bergman-1.webp","type":"image\/webp"}],"twitter_card":"summary_large_image","twitter_misc":{"Estimated reading time":"2 minutes"},"schema":{"@context":"https:\/\/schema.org","@graph":[{"@type":"WebPage","@id":"https:\/\/skaitytaknyga.lt\/produktas\/fernando-savater-gyvenimo-klausimai-2\/","url":"https:\/\/skaitytaknyga.lt\/produktas\/fernando-savater-gyvenimo-klausimai-2\/","name":"Chris Greenhalgh \u201eSuvilioti Ingrid\u0105 Bergman\u201c","isPartOf":{"@id":"https:\/\/skaitytaknyga.lt\/#website"},"primaryImageOfPage":{"@id":"https:\/\/skaitytaknyga.lt\/produktas\/fernando-savater-gyvenimo-klausimai-2\/#primaryimage"},"image":{"@id":"https:\/\/skaitytaknyga.lt\/produktas\/fernando-savater-gyvenimo-klausimai-2\/#primaryimage"},"thumbnailUrl":"https:\/\/skaitytaknyga.lt\/wp-content\/uploads\/2024\/08\/1462884055_suvilioti-ingrida-bergman-1.webp","datePublished":"2024-08-23T18:57:33+00:00","dateModified":"2024-08-23T18:59:30+00:00","description":"1945-ieji. Karo i\u0161kankintas, ta\u010diau laisv\u0119 \u0161ven\u010diantis Pary\u017eius. \u017davioji kultinio filmo \u201eKasablanka\u201c \u017evaig\u017ed\u0117, vienas garsiausi\u0173 karo fotoreporteri\u0173 ir","breadcrumb":{"@id":"https:\/\/skaitytaknyga.lt\/produktas\/fernando-savater-gyvenimo-klausimai-2\/#breadcrumb"},"inLanguage":"en-GB","potentialAction":[{"@type":"ReadAction","target":["https:\/\/skaitytaknyga.lt\/produktas\/fernando-savater-gyvenimo-klausimai-2\/"]}]},{"@type":"ImageObject","inLanguage":"en-GB","@id":"https:\/\/skaitytaknyga.lt\/produktas\/fernando-savater-gyvenimo-klausimai-2\/#primaryimage","url":"https:\/\/skaitytaknyga.lt\/wp-content\/uploads\/2024\/08\/1462884055_suvilioti-ingrida-bergman-1.webp","contentUrl":"https:\/\/skaitytaknyga.lt\/wp-content\/uploads\/2024\/08\/1462884055_suvilioti-ingrida-bergman-1.webp","width":533,"height":800,"caption":"Chris Greenhalgh \u201eSuvilioti Ingrid\u0105 Bergman\u201c"},{"@type":"BreadcrumbList","@id":"https:\/\/skaitytaknyga.lt\/produktas\/fernando-savater-gyvenimo-klausimai-2\/#breadcrumb","itemListElement":[{"@type":"ListItem","position":1,"name":"Home","item":"https:\/\/skaitytaknyga.lt\/"},{"@type":"ListItem","position":2,"name":"Parduotuv\u0117","item":"https:\/\/skaitytaknyga.lt\/knygu-parduotuve\/"},{"@type":"ListItem","position":3,"name":"Chris Greenhalgh \u201eSuvilioti Ingrid\u0105 Bergman\u201c"}]},{"@type":"WebSite","@id":"https:\/\/skaitytaknyga.lt\/#website","url":"https:\/\/skaitytaknyga.lt\/","name":"skaitytaknyga.lt","description":"Skaitytaknyga.lt \u2013 tai ma\u017eas \u0161eimos verslas, kuris prasid\u0117jo nuo meil\u0117s knygoms ir siekio i\u0161gelb\u0117ti knygas nuo likimo prie konteinerio. Kas vienam nereikalingas daiktas \u2013 kitam lobis, o mes esame tarpininkai, kurie padeda abiems tapti laimingesniems ???? \u017dinome kaip nelengva i\u0161gyventi ma\u017eiems verslams, tad nuo \u0161iol, \u010dia rasite ir kit\u0173, ma\u017e\u0173 \u0161eim\u0173 versl\u0173, rank\u0173 darbo, dovan\u0173 sau ir artimiesiems.","publisher":{"@id":"https:\/\/skaitytaknyga.lt\/#organization"},"potentialAction":[{"@type":"SearchAction","target":{"@type":"EntryPoint","urlTemplate":"https:\/\/skaitytaknyga.lt\/?s={search_term_string}"},"query-input":{"@type":"PropertyValueSpecification","valueRequired":true,"valueName":"search_term_string"}}],"inLanguage":"en-GB"},{"@type":"Organization","@id":"https:\/\/skaitytaknyga.lt\/#organization","name":"skaitytaknyga.lt","url":"https:\/\/skaitytaknyga.lt\/","logo":{"@type":"ImageObject","inLanguage":"en-GB","@id":"https:\/\/skaitytaknyga.lt\/#\/schema\/logo\/image\/","url":"https:\/\/skaitytaknyga.lt\/wp-content\/uploads\/2024\/05\/cropped-cropped-cropped-02_00843_jt3bggkj1j3HLc7SyY6rEUpg.jpeg","contentUrl":"https:\/\/skaitytaknyga.lt\/wp-content\/uploads\/2024\/05\/cropped-cropped-cropped-02_00843_jt3bggkj1j3HLc7SyY6rEUpg.jpeg","width":1600,"height":1600,"caption":"skaitytaknyga.lt"},"image":{"@id":"https:\/\/skaitytaknyga.lt\/#\/schema\/logo\/image\/"},"sameAs":["https:\/\/www.facebook.com\/skaitytaknyga\/"]}]}},"_links":{"self":[{"href":"https:\/\/skaitytaknyga.lt\/en\/wp-json\/wp\/v2\/product\/13523","targetHints":{"allow":["GET"]}}],"collection":[{"href":"https:\/\/skaitytaknyga.lt\/en\/wp-json\/wp\/v2\/product"}],"about":[{"href":"https:\/\/skaitytaknyga.lt\/en\/wp-json\/wp\/v2\/types\/product"}],"replies":[{"embeddable":true,"href":"https:\/\/skaitytaknyga.lt\/en\/wp-json\/wp\/v2\/comments?post=13523"}],"wp:featuredmedia":[{"embeddable":true,"href":"https:\/\/skaitytaknyga.lt\/en\/wp-json\/wp\/v2\/media\/13524"}],"wp:attachment":[{"href":"https:\/\/skaitytaknyga.lt\/en\/wp-json\/wp\/v2\/media?parent=13523"}],"wp:term":[{"taxonomy":"product_brand","embeddable":true,"href":"https:\/\/skaitytaknyga.lt\/en\/wp-json\/wp\/v2\/product_brand?post=13523"},{"taxonomy":"product_cat","embeddable":true,"href":"https:\/\/skaitytaknyga.lt\/en\/wp-json\/wp\/v2\/product_cat?post=13523"},{"taxonomy":"product_tag","embeddable":true,"href":"https:\/\/skaitytaknyga.lt\/en\/wp-json\/wp\/v2\/product_tag?post=13523"}],"curies":[{"name":"wp","href":"https:\/\/api.w.org\/{rel}","templated":true}]}}