{"id":13521,"date":"2024-08-23T21:55:34","date_gmt":"2024-08-23T18:55:34","guid":{"rendered":"https:\/\/skaitytaknyga.lt\/?post_type=product&#038;p=13521"},"modified":"2025-08-28T15:46:39","modified_gmt":"2025-08-28T12:46:39","slug":"fernando-savater-gyvenimo-klausimai","status":"publish","type":"product","link":"https:\/\/skaitytaknyga.lt\/en\/produktas\/fernando-savater-gyvenimo-klausimai\/","title":{"rendered":"Gyvenimo klausimai"},"content":{"rendered":"<p>Fernando Savater \u2013 Madrido universiteto filosofijos profesoriaus \u2013 knyga Gyvenimo klausimai tur\u0117jo mil\u017eini\u0161k\u0105 pasisekim\u0105, ji i\u0161versta \u012f dvide\u0161imt pasaulio kalb\u0173. Tai filosofijos \u012fvadas norintiesiems susipa\u017einti su intelektin\u0117s tradicijos pagrindais. Kas yra tiesa, laisv\u0117, mirtis, teisingumas, laikas, gro\u017eis \u2013 \u0161ie klausimai \u017emog\u0173 lydi vis\u0105 gyvenim\u0105. \u0160ios knygos autoriaus nuostata tokia: filosofija moko kelti klausimus \u2013 prasmingai ir i\u0161 esm\u0117s, ir geriau visai neatsakyti \u012f rimtus klausimus, nei tenkintis skubotais atsakymais.<\/p>\n<p>Knyg\u0105 autorius skiria \u201ctiems, kuriems dar ne viskas ai\u0161ku\u201d. \u0160ia knyga kaip vadov\u0117liu gal\u0117t\u0173 naudotis vidurini\u0173 mokykl\u0173 baigiam\u0173j\u0173 klasi\u0173 moksleiviai, susipa\u017e\u012fstantys su svarbiausiomis Vakar\u0173 filosofijos temomis, kurios \u010dia pateikiamos ne istori\u0161kai, o kaip klausimai ar gyvybin\u0117s problemos. Kiekvieno skyriaus pabaigoje pateikiama klausim\u0173 atmintin\u0117.<\/p>\n<p>Autorius: Fernando Savater<br \/>\nLeid\u0117jas: Tyto alba<br \/>\nMetai: 2002<br \/>\nPuslapiai: 296<br \/>\nISBN: 9789986162780<br \/>\nFormatas: 15 x 21,8 x 2,8 cm, kieti vir\u0161eliai<br \/>\nKalba: Lietuvi\u0173<br \/>\nVert\u0117jas: Pranas Bieliauskas<\/p>\n","protected":false},"excerpt":{"rendered":"<p>Fernando Savater \u2013 Madrido universiteto filosofijos profesoriaus \u2013 knyga Gyvenimo klausimai tur\u0117jo mil\u017eini\u0161k\u0105 pasisekim\u0105, ji i\u0161versta \u012f dvide\u0161imt pasaulio kalb\u0173. Tai filosofijos \u012fvadas norintiesiems susipa\u017einti su intelektin\u0117s tradicijos pagrindais. Kas yra tiesa, laisv\u0117, mirtis, teisingumas, laikas, gro\u017eis \u2013 \u0161ie klausimai \u017emog\u0173 lydi vis\u0105 gyvenim\u0105. \u0160ios knygos autoriaus nuostata tokia: filosofija moko kelti klausimus \u2013 prasmingai ir i\u0161 esm\u0117s, ir geriau visai neatsakyti \u012f rimtus klausimus, nei tenkintis skubotais atsakymais. Knyg\u0105 autorius skiria \u201ctiems, kuriems dar ne viskas ai\u0161ku\u201d. \u0160ia knyga kaip vadov\u0117liu gal\u0117t\u0173 naudotis vidurini\u0173 mokykl\u0173 baigiam\u0173j\u0173 klasi\u0173 moksleiviai, susipa\u017e\u012fstantys su svarbiausiomis Vakar\u0173 filosofijos temomis, kurios \u010dia pateikiamos ne istori\u0161kai, o kaip klausimai ar gyvybin\u0117s problemos. Kiekvieno skyriaus pabaigoje pateikiama klausim\u0173 atmintin\u0117. Autorius: Fernando Savater Leid\u0117jas: Tyto alba Metai: 2002 Puslapiai: 296 ISBN: 9789986162780 Formatas: 15 x 21,8 x 2,8 cm, kieti vir\u0161eliai Kalba: Lietuvi\u0173 Vert\u0117jas: Pranas Bieliauskas<\/p>\n","protected":false},"featured_media":13522,"comment_status":"closed","ping_status":"closed","template":"","meta":{"_acf_changed":false,"site-sidebar-layout":"default","site-content-layout":"","ast-site-content-layout":"default","site-content-style":"default","site-sidebar-style":"default","ast-global-header-display":"","ast-banner-title-visibility":"","ast-main-header-display":"","ast-hfb-above-header-display":"","ast-hfb-below-header-display":"","ast-hfb-mobile-header-display":"","site-post-title":"","ast-breadcrumbs-content":"","ast-featured-img":"","footer-sml-layout":"","ast-disable-related-posts":"","theme-transparent-header-meta":"default","adv-header-id-meta":"","stick-header-meta":"","header-above-stick-meta":"","header-main-stick-meta":"","header-below-stick-meta":"","astra-migrate-meta-layouts":"set","ast-page-background-enabled":"default","ast-page-background-meta":{"desktop":{"background-color":"","background-image":"","background-repeat":"repeat","background-position":"center center","background-size":"auto","background-attachment":"scroll","background-type":"","background-media":"","overlay-type":"","overlay-color":"","overlay-opacity":"","overlay-gradient":""},"tablet":{"background-color":"","background-image":"","background-repeat":"repeat","background-position":"center center","background-size":"auto","background-attachment":"scroll","background-type":"","background-media":"","overlay-type":"","overlay-color":"","overlay-opacity":"","overlay-gradient":""},"mobile":{"background-color":"","background-image":"","background-repeat":"repeat","background-position":"center center","background-size":"auto","background-attachment":"scroll","background-type":"","background-media":"","overlay-type":"","overlay-color":"","overlay-opacity":"","overlay-gradient":""}},"ast-content-background-meta":{"desktop":{"background-color":"var(--ast-global-color-4)","background-image":"","background-repeat":"repeat","background-position":"center center","background-size":"auto","background-attachment":"scroll","background-type":"","background-media":"","overlay-type":"","overlay-color":"","overlay-opacity":"","overlay-gradient":""},"tablet":{"background-color":"var(--ast-global-color-4)","background-image":"","background-repeat":"repeat","background-position":"center center","background-size":"auto","background-attachment":"scroll","background-type":"","background-media":"","overlay-type":"","overlay-color":"","overlay-opacity":"","overlay-gradient":""},"mobile":{"background-color":"var(--ast-global-color-4)","background-image":"","background-repeat":"repeat","background-position":"center center","background-size":"auto","background-attachment":"scroll","background-type":"","background-media":"","overlay-type":"","overlay-color":"","overlay-opacity":"","overlay-gradient":""}}},"product_brand":[],"product_cat":[31],"product_tag":[2270,2273,2271,2272,1627,1392,1396],"class_list":{"0":"post-13521","1":"product","2":"type-product","3":"status-publish","4":"has-post-thumbnail","6":"product_cat-grozine-literatura","7":"product_tag-dvasinis-tobulejimas","8":"product_tag-fernando-savater","9":"product_tag-gyvenimo-ismintis","10":"product_tag-gyvenimo-klausimai","11":"product_tag-gyvenimo-prasme","12":"product_tag-psichologija","13":"product_tag-saviugda","14":"pa_leidimo-metai-645","15":"desktop-align-left","16":"tablet-align-left","17":"mobile-align-left","19":"first","20":"instock","21":"shipping-taxable","22":"purchasable","23":"product-type-simple"},"acf":[],"yoast_head":"<!-- This site is optimized with the Yoast SEO plugin v27.4 - https:\/\/yoast.com\/product\/yoast-seo-wordpress\/ -->\n<title>Gyvenimo klausimai<\/title>\n<meta name=\"description\" content=\"Fernando Savater \u2013 Madrido universiteto filosofijos profesoriaus \u2013 knyga Gyvenimo klausimai tur\u0117jo mil\u017eini\u0161k\u0105 pasisekim\u0105, ji i\u0161versta \u012f dvide\u0161imt pasaulio\" \/>\n<meta name=\"robots\" content=\"index, follow, max-snippet:-1, max-image-preview:large, max-video-preview:-1\" \/>\n<link rel=\"canonical\" href=\"https:\/\/skaitytaknyga.lt\/en\/produktas\/fernando-savater-gyvenimo-klausimai\/\" \/>\n<meta property=\"og:locale\" content=\"en_GB\" \/>\n<meta property=\"og:locale:alternate\" content=\"lt_LT\" \/>\n<meta property=\"og:type\" content=\"article\" \/>\n<meta property=\"og:title\" content=\"Gyvenimo klausimai\" \/>\n<meta property=\"og:description\" content=\"Fernando Savater \u2013 Madrido universiteto filosofijos profesoriaus \u2013 knyga Gyvenimo klausimai tur\u0117jo mil\u017eini\u0161k\u0105 pasisekim\u0105, ji i\u0161versta \u012f dvide\u0161imt pasaulio\" \/>\n<meta property=\"og:url\" content=\"https:\/\/skaitytaknyga.lt\/en\/produktas\/fernando-savater-gyvenimo-klausimai\/\" \/>\n<meta property=\"og:site_name\" content=\"Skaitytaknyga\" \/>\n<meta property=\"article:publisher\" content=\"https:\/\/www.facebook.com\/skaitytaknyga\/\" \/>\n<meta property=\"article:modified_time\" content=\"2025-08-28T12:46:39+00:00\" \/>\n<meta property=\"og:image\" content=\"https:\/\/skaitytaknyga.lt\/wp-content\/uploads\/2024\/08\/1525417742_Scan_04-05-2018_1008.webp\" \/>\n\t<meta property=\"og:image:width\" content=\"554\" \/>\n\t<meta property=\"og:image:height\" content=\"800\" \/>\n\t<meta property=\"og:image:type\" content=\"image\/webp\" \/>\n<meta name=\"twitter:card\" content=\"summary_large_image\" \/>\n<meta name=\"twitter:label1\" content=\"Estimated reading time\" \/>\n\t<meta name=\"twitter:data1\" content=\"1 minute\" \/>\n<script type=\"application\/ld+json\" class=\"yoast-schema-graph\">{\"@context\":\"https:\\\/\\\/schema.org\",\"@graph\":[{\"@type\":\"WebPage\",\"@id\":\"https:\\\/\\\/skaitytaknyga.lt\\\/produktas\\\/fernando-savater-gyvenimo-klausimai\\\/\",\"url\":\"https:\\\/\\\/skaitytaknyga.lt\\\/produktas\\\/fernando-savater-gyvenimo-klausimai\\\/\",\"name\":\"Gyvenimo klausimai\",\"isPartOf\":{\"@id\":\"https:\\\/\\\/skaitytaknyga.lt\\\/#website\"},\"primaryImageOfPage\":{\"@id\":\"https:\\\/\\\/skaitytaknyga.lt\\\/produktas\\\/fernando-savater-gyvenimo-klausimai\\\/#primaryimage\"},\"image\":{\"@id\":\"https:\\\/\\\/skaitytaknyga.lt\\\/produktas\\\/fernando-savater-gyvenimo-klausimai\\\/#primaryimage\"},\"thumbnailUrl\":\"https:\\\/\\\/skaitytaknyga.lt\\\/wp-content\\\/uploads\\\/2024\\\/08\\\/1525417742_Scan_04-05-2018_1008.webp\",\"datePublished\":\"2024-08-23T18:55:34+00:00\",\"dateModified\":\"2025-08-28T12:46:39+00:00\",\"description\":\"Fernando Savater \u2013 Madrido universiteto filosofijos profesoriaus \u2013 knyga Gyvenimo klausimai tur\u0117jo mil\u017eini\u0161k\u0105 pasisekim\u0105, ji i\u0161versta \u012f dvide\u0161imt pasaulio\",\"breadcrumb\":{\"@id\":\"https:\\\/\\\/skaitytaknyga.lt\\\/produktas\\\/fernando-savater-gyvenimo-klausimai\\\/#breadcrumb\"},\"inLanguage\":\"en-GB\",\"potentialAction\":[{\"@type\":\"ReadAction\",\"target\":[\"https:\\\/\\\/skaitytaknyga.lt\\\/produktas\\\/fernando-savater-gyvenimo-klausimai\\\/\"]}]},{\"@type\":\"ImageObject\",\"inLanguage\":\"en-GB\",\"@id\":\"https:\\\/\\\/skaitytaknyga.lt\\\/produktas\\\/fernando-savater-gyvenimo-klausimai\\\/#primaryimage\",\"url\":\"https:\\\/\\\/skaitytaknyga.lt\\\/wp-content\\\/uploads\\\/2024\\\/08\\\/1525417742_Scan_04-05-2018_1008.webp\",\"contentUrl\":\"https:\\\/\\\/skaitytaknyga.lt\\\/wp-content\\\/uploads\\\/2024\\\/08\\\/1525417742_Scan_04-05-2018_1008.webp\",\"width\":554,\"height\":800,\"caption\":\"Fernando Savater \u201eGyvenimo klausimai\u201c\"},{\"@type\":\"BreadcrumbList\",\"@id\":\"https:\\\/\\\/skaitytaknyga.lt\\\/produktas\\\/fernando-savater-gyvenimo-klausimai\\\/#breadcrumb\",\"itemListElement\":[{\"@type\":\"ListItem\",\"position\":1,\"name\":\"Home\",\"item\":\"https:\\\/\\\/skaitytaknyga.lt\\\/\"},{\"@type\":\"ListItem\",\"position\":2,\"name\":\"Parduotuv\u0117\",\"item\":\"https:\\\/\\\/skaitytaknyga.lt\\\/knygu-parduotuve\\\/\"},{\"@type\":\"ListItem\",\"position\":3,\"name\":\"Gyvenimo klausimai\"}]},{\"@type\":\"WebSite\",\"@id\":\"https:\\\/\\\/skaitytaknyga.lt\\\/#website\",\"url\":\"https:\\\/\\\/skaitytaknyga.lt\\\/\",\"name\":\"skaitytaknyga.lt\",\"description\":\"Skaitytaknyga.lt \u2013 tai ma\u017eas \u0161eimos verslas, kuris prasid\u0117jo nuo meil\u0117s knygoms ir siekio i\u0161gelb\u0117ti knygas nuo likimo prie konteinerio. Kas vienam nereikalingas daiktas \u2013 kitam lobis, o mes esame tarpininkai, kurie padeda abiems tapti laimingesniems ???? \u017dinome kaip nelengva i\u0161gyventi ma\u017eiems verslams, tad nuo \u0161iol, \u010dia rasite ir kit\u0173, ma\u017e\u0173 \u0161eim\u0173 versl\u0173, rank\u0173 darbo, dovan\u0173 sau ir artimiesiems.\",\"publisher\":{\"@id\":\"https:\\\/\\\/skaitytaknyga.lt\\\/#organization\"},\"potentialAction\":[{\"@type\":\"SearchAction\",\"target\":{\"@type\":\"EntryPoint\",\"urlTemplate\":\"https:\\\/\\\/skaitytaknyga.lt\\\/?s={search_term_string}\"},\"query-input\":{\"@type\":\"PropertyValueSpecification\",\"valueRequired\":true,\"valueName\":\"search_term_string\"}}],\"inLanguage\":\"en-GB\"},{\"@type\":\"Organization\",\"@id\":\"https:\\\/\\\/skaitytaknyga.lt\\\/#organization\",\"name\":\"skaitytaknyga.lt\",\"url\":\"https:\\\/\\\/skaitytaknyga.lt\\\/\",\"logo\":{\"@type\":\"ImageObject\",\"inLanguage\":\"en-GB\",\"@id\":\"https:\\\/\\\/skaitytaknyga.lt\\\/#\\\/schema\\\/logo\\\/image\\\/\",\"url\":\"https:\\\/\\\/skaitytaknyga.lt\\\/wp-content\\\/uploads\\\/2024\\\/05\\\/cropped-cropped-cropped-02_00843_jt3bggkj1j3HLc7SyY6rEUpg.jpeg\",\"contentUrl\":\"https:\\\/\\\/skaitytaknyga.lt\\\/wp-content\\\/uploads\\\/2024\\\/05\\\/cropped-cropped-cropped-02_00843_jt3bggkj1j3HLc7SyY6rEUpg.jpeg\",\"width\":1600,\"height\":1600,\"caption\":\"skaitytaknyga.lt\"},\"image\":{\"@id\":\"https:\\\/\\\/skaitytaknyga.lt\\\/#\\\/schema\\\/logo\\\/image\\\/\"},\"sameAs\":[\"https:\\\/\\\/www.facebook.com\\\/skaitytaknyga\\\/\"]}]}<\/script>\n<!-- \/ Yoast SEO plugin. -->","yoast_head_json":{"title":"Gyvenimo klausimai","description":"Fernando Savater \u2013 Madrido universiteto filosofijos profesoriaus \u2013 knyga Gyvenimo klausimai tur\u0117jo mil\u017eini\u0161k\u0105 pasisekim\u0105, ji i\u0161versta \u012f dvide\u0161imt pasaulio","robots":{"index":"index","follow":"follow","max-snippet":"max-snippet:-1","max-image-preview":"max-image-preview:large","max-video-preview":"max-video-preview:-1"},"canonical":"https:\/\/skaitytaknyga.lt\/en\/produktas\/fernando-savater-gyvenimo-klausimai\/","og_locale":"en_GB","og_type":"article","og_title":"[:lt]Gyvenimo klausimai[:] - Skaitytaknyga","og_description":"Fernando Savater \u2013 Madrido universiteto filosofijos profesoriaus \u2013 knyga Gyvenimo klausimai tur\u0117jo mil\u017eini\u0161k\u0105 pasisekim\u0105, ji i\u0161versta \u012f dvide\u0161imt pasaulio","og_url":"https:\/\/skaitytaknyga.lt\/en\/produktas\/fernando-savater-gyvenimo-klausimai\/","og_site_name":"Skaitytaknyga","article_publisher":"https:\/\/www.facebook.com\/skaitytaknyga\/","article_modified_time":"2025-08-28T12:46:39+00:00","og_image":[{"width":554,"height":800,"url":"https:\/\/skaitytaknyga.lt\/wp-content\/uploads\/2024\/08\/1525417742_Scan_04-05-2018_1008.webp","type":"image\/webp"}],"twitter_card":"summary_large_image","twitter_misc":{"Estimated reading time":"1 minute"},"schema":{"@context":"https:\/\/schema.org","@graph":[{"@type":"WebPage","@id":"https:\/\/skaitytaknyga.lt\/produktas\/fernando-savater-gyvenimo-klausimai\/","url":"https:\/\/skaitytaknyga.lt\/produktas\/fernando-savater-gyvenimo-klausimai\/","name":"Gyvenimo klausimai","isPartOf":{"@id":"https:\/\/skaitytaknyga.lt\/#website"},"primaryImageOfPage":{"@id":"https:\/\/skaitytaknyga.lt\/produktas\/fernando-savater-gyvenimo-klausimai\/#primaryimage"},"image":{"@id":"https:\/\/skaitytaknyga.lt\/produktas\/fernando-savater-gyvenimo-klausimai\/#primaryimage"},"thumbnailUrl":"https:\/\/skaitytaknyga.lt\/wp-content\/uploads\/2024\/08\/1525417742_Scan_04-05-2018_1008.webp","datePublished":"2024-08-23T18:55:34+00:00","dateModified":"2025-08-28T12:46:39+00:00","description":"Fernando Savater \u2013 Madrido universiteto filosofijos profesoriaus \u2013 knyga Gyvenimo klausimai tur\u0117jo mil\u017eini\u0161k\u0105 pasisekim\u0105, ji i\u0161versta \u012f dvide\u0161imt pasaulio","breadcrumb":{"@id":"https:\/\/skaitytaknyga.lt\/produktas\/fernando-savater-gyvenimo-klausimai\/#breadcrumb"},"inLanguage":"en-GB","potentialAction":[{"@type":"ReadAction","target":["https:\/\/skaitytaknyga.lt\/produktas\/fernando-savater-gyvenimo-klausimai\/"]}]},{"@type":"ImageObject","inLanguage":"en-GB","@id":"https:\/\/skaitytaknyga.lt\/produktas\/fernando-savater-gyvenimo-klausimai\/#primaryimage","url":"https:\/\/skaitytaknyga.lt\/wp-content\/uploads\/2024\/08\/1525417742_Scan_04-05-2018_1008.webp","contentUrl":"https:\/\/skaitytaknyga.lt\/wp-content\/uploads\/2024\/08\/1525417742_Scan_04-05-2018_1008.webp","width":554,"height":800,"caption":"Fernando Savater \u201eGyvenimo klausimai\u201c"},{"@type":"BreadcrumbList","@id":"https:\/\/skaitytaknyga.lt\/produktas\/fernando-savater-gyvenimo-klausimai\/#breadcrumb","itemListElement":[{"@type":"ListItem","position":1,"name":"Home","item":"https:\/\/skaitytaknyga.lt\/"},{"@type":"ListItem","position":2,"name":"Parduotuv\u0117","item":"https:\/\/skaitytaknyga.lt\/knygu-parduotuve\/"},{"@type":"ListItem","position":3,"name":"Gyvenimo klausimai"}]},{"@type":"WebSite","@id":"https:\/\/skaitytaknyga.lt\/#website","url":"https:\/\/skaitytaknyga.lt\/","name":"skaitytaknyga.lt","description":"Skaitytaknyga.lt \u2013 tai ma\u017eas \u0161eimos verslas, kuris prasid\u0117jo nuo meil\u0117s knygoms ir siekio i\u0161gelb\u0117ti knygas nuo likimo prie konteinerio. Kas vienam nereikalingas daiktas \u2013 kitam lobis, o mes esame tarpininkai, kurie padeda abiems tapti laimingesniems ???? \u017dinome kaip nelengva i\u0161gyventi ma\u017eiems verslams, tad nuo \u0161iol, \u010dia rasite ir kit\u0173, ma\u017e\u0173 \u0161eim\u0173 versl\u0173, rank\u0173 darbo, dovan\u0173 sau ir artimiesiems.","publisher":{"@id":"https:\/\/skaitytaknyga.lt\/#organization"},"potentialAction":[{"@type":"SearchAction","target":{"@type":"EntryPoint","urlTemplate":"https:\/\/skaitytaknyga.lt\/?s={search_term_string}"},"query-input":{"@type":"PropertyValueSpecification","valueRequired":true,"valueName":"search_term_string"}}],"inLanguage":"en-GB"},{"@type":"Organization","@id":"https:\/\/skaitytaknyga.lt\/#organization","name":"skaitytaknyga.lt","url":"https:\/\/skaitytaknyga.lt\/","logo":{"@type":"ImageObject","inLanguage":"en-GB","@id":"https:\/\/skaitytaknyga.lt\/#\/schema\/logo\/image\/","url":"https:\/\/skaitytaknyga.lt\/wp-content\/uploads\/2024\/05\/cropped-cropped-cropped-02_00843_jt3bggkj1j3HLc7SyY6rEUpg.jpeg","contentUrl":"https:\/\/skaitytaknyga.lt\/wp-content\/uploads\/2024\/05\/cropped-cropped-cropped-02_00843_jt3bggkj1j3HLc7SyY6rEUpg.jpeg","width":1600,"height":1600,"caption":"skaitytaknyga.lt"},"image":{"@id":"https:\/\/skaitytaknyga.lt\/#\/schema\/logo\/image\/"},"sameAs":["https:\/\/www.facebook.com\/skaitytaknyga\/"]}]}},"_links":{"self":[{"href":"https:\/\/skaitytaknyga.lt\/en\/wp-json\/wp\/v2\/product\/13521","targetHints":{"allow":["GET"]}}],"collection":[{"href":"https:\/\/skaitytaknyga.lt\/en\/wp-json\/wp\/v2\/product"}],"about":[{"href":"https:\/\/skaitytaknyga.lt\/en\/wp-json\/wp\/v2\/types\/product"}],"replies":[{"embeddable":true,"href":"https:\/\/skaitytaknyga.lt\/en\/wp-json\/wp\/v2\/comments?post=13521"}],"wp:featuredmedia":[{"embeddable":true,"href":"https:\/\/skaitytaknyga.lt\/en\/wp-json\/wp\/v2\/media\/13522"}],"wp:attachment":[{"href":"https:\/\/skaitytaknyga.lt\/en\/wp-json\/wp\/v2\/media?parent=13521"}],"wp:term":[{"taxonomy":"product_brand","embeddable":true,"href":"https:\/\/skaitytaknyga.lt\/en\/wp-json\/wp\/v2\/product_brand?post=13521"},{"taxonomy":"product_cat","embeddable":true,"href":"https:\/\/skaitytaknyga.lt\/en\/wp-json\/wp\/v2\/product_cat?post=13521"},{"taxonomy":"product_tag","embeddable":true,"href":"https:\/\/skaitytaknyga.lt\/en\/wp-json\/wp\/v2\/product_tag?post=13521"}],"curies":[{"name":"wp","href":"https:\/\/api.w.org\/{rel}","templated":true}]}}