{"id":13519,"date":"2024-08-23T21:53:11","date_gmt":"2024-08-23T18:53:11","guid":{"rendered":"https:\/\/skaitytaknyga.lt\/?post_type=product&#038;p=13519"},"modified":"2026-03-18T11:12:13","modified_gmt":"2026-03-18T09:12:13","slug":"consuelo-de-saint-exupery-rozes-memuarai","status":"publish","type":"product","link":"https:\/\/skaitytaknyga.lt\/en\/produktas\/consuelo-de-saint-exupery-rozes-memuarai\/","title":{"rendered":"\u201eR\u016bta Stalili\u016bnait\u0117: A\u0161 esu Barbora. Atsiminimai apie legendin\u0119 scenos karalien\u0119\u201c"},"content":{"rendered":"<p><strong>Atsiminimai apie scenos karalien\u0119, u\u017e turinio ir formos i\u0161skirtinum\u0105, 2015 m. \u012fvertinti presti\u017eine\u00a0<em>Vytauto Gedgaudo<\/em>\u00a0premija.<\/strong><\/p>\n<p>Fenomenali aktor\u0117, scenos karalien\u0117, suk\u016brusi nemirting\u0105j\u012f Barboros Radvilait\u0117s vaidmen\u012f ir tapusi meil\u0117s Lietuvai simboliu. \u201eA\u0161 esu Barbora\u201c \u2013 neeilinis, intymus \u017evilgsnis \u012f Lietuvos teatro primadonos R\u016btos Stalili\u016bnait\u0117s gyvenim\u0105 jos draug\u0173 ir koleg\u0173 akimis. Kas i\u0161 ties\u0173 buvo R\u016bta? Praskleiskime scenos u\u017edang\u0105&#8230;<\/p>\n<p>B\u016bdama jautrios sielos, R\u016bta atsiskleisdavo tik patiems artimiausiems \u017emon\u0117ms, tad \u0161ie atsiminimai \u2013 galimyb\u0117 giliau pa\u017evelgti \u012f legendin\u0117s aktor\u0117s gyvenim\u0105. Tos, kuri buvo atidi kukliam kaimo \u017emogui, ir scenos karalien\u0117s, gal\u0117jusios d\u0117l triuk\u0161ming\u0173 \u017ei\u016brov\u0173 sustabdyti spektakl\u012f&#8230;<\/p>\n<p>Knygoje surinkta daugiau nei 50 R\u016bt\u0105 Stalili\u016bnait\u0119 pa\u017einojusi\u0173 koleg\u0173, ra\u0161ytoj\u0173, re\u017eisieri\u0173, dailinink\u0173, bendra\u017eygi\u0173, gimtin\u0117s \u017emoni\u0173 atsiminim\u0173 apie vien\u0105 i\u0161kiliausi\u0173 Lietuvos teatro ir kino aktori\u0173. Mintimis dalijasi re\u017eisieriai Jonas Jura\u0161as, Gytis Padegimas, Eimuntas Nekro\u0161ius, Rimas Tuminas, ra\u0161ytojai Donaldas Kajokas, Sara Poisson, Grigorijus Kanovi\u010dius, teatrolog\u0117 Audron\u0117 Girdzijauskait\u0117, aktoriai Regimantas Adomaitis, J\u016brat\u0117 Onaityt\u0117, Petras Venslovas ir daugelis kit\u0173.<\/p>\n<p>Tekstus papildo aktor\u0117s fotografijos i\u0161 spektakli\u0173, susitikim\u0173 su gerb\u0117jais, literat\u016brini\u0173 vakar\u0173, gimtin\u0117s.<\/p>\n<ul class=\"about-product d-none d-xl-block mt-4\">\n<li><strong>Autorius:<\/strong>\u00a0Svaj\u016bnas Sabaliauskas<\/li>\n<li><strong>Leid\u0117jas:<\/strong>\u00a0Obuolys<\/li>\n<li><strong>Metai:<\/strong>\u00a02014<\/li>\n<li><strong>Puslapiai:<\/strong>\u00a0411<\/li>\n<li><strong>ISBN:<\/strong>\u00a09786094036347<\/li>\n<li><strong>Versijos kodas:<\/strong>\u00a0M.<\/li>\n<li><strong>Formatas:<\/strong>\u00a014,2 x 21,3 cm, kieti vir\u0161eliai<\/li>\n<li><strong>Kalba:<\/strong>\u00a0Lietuvi\u0173<\/li>\n<\/ul>\n","protected":false},"excerpt":{"rendered":"<p>Atsiminimai apie scenos karalien\u0119, u\u017e turinio ir formos i\u0161skirtinum\u0105, 2015 m. \u012fvertinti presti\u017eine\u00a0Vytauto Gedgaudo\u00a0premija. Fenomenali aktor\u0117, scenos karalien\u0117, suk\u016brusi nemirting\u0105j\u012f Barboros Radvilait\u0117s vaidmen\u012f ir tapusi meil\u0117s Lietuvai simboliu. \u201eA\u0161 esu Barbora\u201c \u2013 neeilinis, intymus \u017evilgsnis \u012f Lietuvos teatro primadonos R\u016btos Stalili\u016bnait\u0117s gyvenim\u0105 jos draug\u0173 ir koleg\u0173 akimis. Kas i\u0161 ties\u0173 buvo R\u016bta? Praskleiskime scenos u\u017edang\u0105&#8230; B\u016bdama jautrios sielos, R\u016bta atsiskleisdavo tik patiems artimiausiems \u017emon\u0117ms, tad \u0161ie atsiminimai \u2013 galimyb\u0117 giliau pa\u017evelgti \u012f legendin\u0117s aktor\u0117s gyvenim\u0105. Tos, kuri buvo atidi kukliam kaimo \u017emogui, ir scenos karalien\u0117s, gal\u0117jusios d\u0117l triuk\u0161ming\u0173 \u017ei\u016brov\u0173 sustabdyti spektakl\u012f&#8230; Knygoje surinkta daugiau nei 50 R\u016bt\u0105 Stalili\u016bnait\u0119 pa\u017einojusi\u0173 koleg\u0173, ra\u0161ytoj\u0173, re\u017eisieri\u0173, dailinink\u0173, bendra\u017eygi\u0173, gimtin\u0117s \u017emoni\u0173 atsiminim\u0173 apie vien\u0105 i\u0161kiliausi\u0173 Lietuvos teatro ir kino aktori\u0173. Mintimis dalijasi re\u017eisieriai Jonas Jura\u0161as, Gytis Padegimas, Eimuntas Nekro\u0161ius, Rimas Tuminas, ra\u0161ytojai Donaldas Kajokas, Sara Poisson, Grigorijus Kanovi\u010dius, teatrolog\u0117 Audron\u0117 Girdzijauskait\u0117, aktoriai Regimantas Adomaitis, J\u016brat\u0117 Onaityt\u0117, Petras Venslovas ir daugelis kit\u0173. Tekstus papildo aktor\u0117s fotografijos i\u0161 spektakli\u0173, susitikim\u0173 su gerb\u0117jais, literat\u016brini\u0173 vakar\u0173, gimtin\u0117s. Autorius:\u00a0Svaj\u016bnas Sabaliauskas Leid\u0117jas:\u00a0Obuolys Metai:\u00a02014 Puslapiai:\u00a0411 ISBN:\u00a09786094036347 Versijos kodas:\u00a0M. Formatas:\u00a014,2 x 21,3 cm, kieti vir\u0161eliai Kalba:\u00a0Lietuvi\u0173<\/p>\n","protected":false},"featured_media":13520,"comment_status":"closed","ping_status":"closed","template":"","meta":{"_acf_changed":false,"site-sidebar-layout":"default","site-content-layout":"","ast-site-content-layout":"default","site-content-style":"default","site-sidebar-style":"default","ast-global-header-display":"","ast-banner-title-visibility":"","ast-main-header-display":"","ast-hfb-above-header-display":"","ast-hfb-below-header-display":"","ast-hfb-mobile-header-display":"","site-post-title":"","ast-breadcrumbs-content":"","ast-featured-img":"","footer-sml-layout":"","ast-disable-related-posts":"","theme-transparent-header-meta":"default","adv-header-id-meta":"","stick-header-meta":"","header-above-stick-meta":"","header-main-stick-meta":"","header-below-stick-meta":"","astra-migrate-meta-layouts":"set","ast-page-background-enabled":"default","ast-page-background-meta":{"desktop":{"background-color":"","background-image":"","background-repeat":"repeat","background-position":"center center","background-size":"auto","background-attachment":"scroll","background-type":"","background-media":"","overlay-type":"","overlay-color":"","overlay-opacity":"","overlay-gradient":""},"tablet":{"background-color":"","background-image":"","background-repeat":"repeat","background-position":"center center","background-size":"auto","background-attachment":"scroll","background-type":"","background-media":"","overlay-type":"","overlay-color":"","overlay-opacity":"","overlay-gradient":""},"mobile":{"background-color":"","background-image":"","background-repeat":"repeat","background-position":"center center","background-size":"auto","background-attachment":"scroll","background-type":"","background-media":"","overlay-type":"","overlay-color":"","overlay-opacity":"","overlay-gradient":""}},"ast-content-background-meta":{"desktop":{"background-color":"var(--ast-global-color-4)","background-image":"","background-repeat":"repeat","background-position":"center center","background-size":"auto","background-attachment":"scroll","background-type":"","background-media":"","overlay-type":"","overlay-color":"","overlay-opacity":"","overlay-gradient":""},"tablet":{"background-color":"var(--ast-global-color-4)","background-image":"","background-repeat":"repeat","background-position":"center center","background-size":"auto","background-attachment":"scroll","background-type":"","background-media":"","overlay-type":"","overlay-color":"","overlay-opacity":"","overlay-gradient":""},"mobile":{"background-color":"var(--ast-global-color-4)","background-image":"","background-repeat":"repeat","background-position":"center center","background-size":"auto","background-attachment":"scroll","background-type":"","background-media":"","overlay-type":"","overlay-color":"","overlay-opacity":"","overlay-gradient":""}}},"product_brand":[],"product_cat":[33],"product_tag":[],"class_list":{"0":"post-13519","1":"product","2":"type-product","3":"status-publish","4":"has-post-thumbnail","6":"product_cat-biografijos","7":"desktop-align-left","8":"tablet-align-left","9":"mobile-align-left","11":"first","12":"instock","13":"shipping-taxable","14":"purchasable","15":"product-type-simple"},"acf":[],"yoast_head":"<!-- This site is optimized with the Yoast SEO plugin v27.0 - https:\/\/yoast.com\/product\/yoast-seo-wordpress\/ -->\n<title>\u201eR\u016bta Stalili\u016bnait\u0117: A\u0161 esu Barbora. Atsiminimai apie legendin\u0119 scenos karalien\u0119\u201c<\/title>\n<meta name=\"description\" content=\"Atsiminimai apie scenos karalien\u0119, u\u017e turinio ir formos i\u0161skirtinum\u0105, 2015 m. \u012fvertinti presti\u017eine\u00a0Vytauto Gedgaudo\u00a0premija. Fenomenali aktor\u0117, scenos\" \/>\n<meta name=\"robots\" content=\"index, follow, max-snippet:-1, max-image-preview:large, max-video-preview:-1\" \/>\n<link rel=\"canonical\" href=\"https:\/\/skaitytaknyga.lt\/en\/produktas\/consuelo-de-saint-exupery-rozes-memuarai\/\" \/>\n<meta property=\"og:locale\" content=\"en_GB\" \/>\n<meta property=\"og:locale:alternate\" content=\"lt_LT\" \/>\n<meta property=\"og:type\" content=\"article\" \/>\n<meta property=\"og:title\" content=\"\u201eR\u016bta Stalili\u016bnait\u0117: A\u0161 esu Barbora. Atsiminimai apie legendin\u0119 scenos karalien\u0119\u201c\" \/>\n<meta property=\"og:description\" content=\"Atsiminimai apie scenos karalien\u0119, u\u017e turinio ir formos i\u0161skirtinum\u0105, 2015 m. \u012fvertinti presti\u017eine\u00a0Vytauto Gedgaudo\u00a0premija. Fenomenali aktor\u0117, scenos\" \/>\n<meta property=\"og:url\" content=\"https:\/\/skaitytaknyga.lt\/en\/produktas\/consuelo-de-saint-exupery-rozes-memuarai\/\" \/>\n<meta property=\"og:site_name\" content=\"Skaitytaknyga\" \/>\n<meta property=\"article:publisher\" content=\"https:\/\/www.facebook.com\/skaitytaknyga\/\" \/>\n<meta property=\"article:modified_time\" content=\"2026-03-18T09:12:13+00:00\" \/>\n<meta property=\"og:image\" content=\"https:\/\/skaitytaknyga.lt\/wp-content\/uploads\/2024\/08\/000000000002156384-59de82ee7296f-asset-knyguklubas-cdb_staliliunaite_virselis_2d_p1-main.jpg\" \/>\n\t<meta property=\"og:image:width\" content=\"255\" \/>\n\t<meta property=\"og:image:height\" content=\"381\" \/>\n\t<meta property=\"og:image:type\" content=\"image\/jpeg\" \/>\n<meta name=\"twitter:card\" content=\"summary_large_image\" \/>\n<meta name=\"twitter:label1\" content=\"Estimated reading time\" \/>\n\t<meta name=\"twitter:data1\" content=\"2 minutes\" \/>\n<script type=\"application\/ld+json\" class=\"yoast-schema-graph\">{\"@context\":\"https:\/\/schema.org\",\"@graph\":[{\"@type\":\"WebPage\",\"@id\":\"https:\/\/skaitytaknyga.lt\/produktas\/consuelo-de-saint-exupery-rozes-memuarai\/\",\"url\":\"https:\/\/skaitytaknyga.lt\/produktas\/consuelo-de-saint-exupery-rozes-memuarai\/\",\"name\":\"\u201eR\u016bta Stalili\u016bnait\u0117: A\u0161 esu Barbora. Atsiminimai apie legendin\u0119 scenos karalien\u0119\u201c\",\"isPartOf\":{\"@id\":\"https:\/\/skaitytaknyga.lt\/#website\"},\"primaryImageOfPage\":{\"@id\":\"https:\/\/skaitytaknyga.lt\/produktas\/consuelo-de-saint-exupery-rozes-memuarai\/#primaryimage\"},\"image\":{\"@id\":\"https:\/\/skaitytaknyga.lt\/produktas\/consuelo-de-saint-exupery-rozes-memuarai\/#primaryimage\"},\"thumbnailUrl\":\"https:\/\/skaitytaknyga.lt\/wp-content\/uploads\/2024\/08\/000000000002156384-59de82ee7296f-asset-knyguklubas-cdb_staliliunaite_virselis_2d_p1-main.jpg\",\"datePublished\":\"2024-08-23T18:53:11+00:00\",\"dateModified\":\"2026-03-18T09:12:13+00:00\",\"description\":\"Atsiminimai apie scenos karalien\u0119, u\u017e turinio ir formos i\u0161skirtinum\u0105, 2015 m. \u012fvertinti presti\u017eine\u00a0Vytauto Gedgaudo\u00a0premija. Fenomenali aktor\u0117, scenos\",\"breadcrumb\":{\"@id\":\"https:\/\/skaitytaknyga.lt\/produktas\/consuelo-de-saint-exupery-rozes-memuarai\/#breadcrumb\"},\"inLanguage\":\"en-GB\",\"potentialAction\":[{\"@type\":\"ReadAction\",\"target\":[\"https:\/\/skaitytaknyga.lt\/produktas\/consuelo-de-saint-exupery-rozes-memuarai\/\"]}]},{\"@type\":\"ImageObject\",\"inLanguage\":\"en-GB\",\"@id\":\"https:\/\/skaitytaknyga.lt\/produktas\/consuelo-de-saint-exupery-rozes-memuarai\/#primaryimage\",\"url\":\"https:\/\/skaitytaknyga.lt\/wp-content\/uploads\/2024\/08\/000000000002156384-59de82ee7296f-asset-knyguklubas-cdb_staliliunaite_virselis_2d_p1-main.jpg\",\"contentUrl\":\"https:\/\/skaitytaknyga.lt\/wp-content\/uploads\/2024\/08\/000000000002156384-59de82ee7296f-asset-knyguklubas-cdb_staliliunaite_virselis_2d_p1-main.jpg\",\"width\":255,\"height\":381,\"caption\":\"Svaj\u016bnas Sabaliauskas \u201eR\u016bta Stalili\u016bnait\u0117: A\u0161 esu Barbora.\"},{\"@type\":\"BreadcrumbList\",\"@id\":\"https:\/\/skaitytaknyga.lt\/produktas\/consuelo-de-saint-exupery-rozes-memuarai\/#breadcrumb\",\"itemListElement\":[{\"@type\":\"ListItem\",\"position\":1,\"name\":\"Home\",\"item\":\"https:\/\/skaitytaknyga.lt\/\"},{\"@type\":\"ListItem\",\"position\":2,\"name\":\"Parduotuv\u0117\",\"item\":\"https:\/\/skaitytaknyga.lt\/knygu-parduotuve\/\"},{\"@type\":\"ListItem\",\"position\":3,\"name\":\"\u201eR\u016bta Stalili\u016bnait\u0117: A\u0161 esu Barbora. Atsiminimai apie legendin\u0119 scenos karalien\u0119\u201c\"}]},{\"@type\":\"WebSite\",\"@id\":\"https:\/\/skaitytaknyga.lt\/#website\",\"url\":\"https:\/\/skaitytaknyga.lt\/\",\"name\":\"skaitytaknyga.lt\",\"description\":\"Skaitytaknyga.lt \u2013 tai ma\u017eas \u0161eimos verslas, kuris prasid\u0117jo nuo meil\u0117s knygoms ir siekio i\u0161gelb\u0117ti knygas nuo likimo prie konteinerio. Kas vienam nereikalingas daiktas \u2013 kitam lobis, o mes esame tarpininkai, kurie padeda abiems tapti laimingesniems ???? \u017dinome kaip nelengva i\u0161gyventi ma\u017eiems verslams, tad nuo \u0161iol, \u010dia rasite ir kit\u0173, ma\u017e\u0173 \u0161eim\u0173 versl\u0173, rank\u0173 darbo, dovan\u0173 sau ir artimiesiems.\",\"publisher\":{\"@id\":\"https:\/\/skaitytaknyga.lt\/#organization\"},\"potentialAction\":[{\"@type\":\"SearchAction\",\"target\":{\"@type\":\"EntryPoint\",\"urlTemplate\":\"https:\/\/skaitytaknyga.lt\/?s={search_term_string}\"},\"query-input\":{\"@type\":\"PropertyValueSpecification\",\"valueRequired\":true,\"valueName\":\"search_term_string\"}}],\"inLanguage\":\"en-GB\"},{\"@type\":\"Organization\",\"@id\":\"https:\/\/skaitytaknyga.lt\/#organization\",\"name\":\"skaitytaknyga.lt\",\"url\":\"https:\/\/skaitytaknyga.lt\/\",\"logo\":{\"@type\":\"ImageObject\",\"inLanguage\":\"en-GB\",\"@id\":\"https:\/\/skaitytaknyga.lt\/#\/schema\/logo\/image\/\",\"url\":\"https:\/\/skaitytaknyga.lt\/wp-content\/uploads\/2024\/05\/cropped-cropped-cropped-02_00843_jt3bggkj1j3HLc7SyY6rEUpg.jpeg\",\"contentUrl\":\"https:\/\/skaitytaknyga.lt\/wp-content\/uploads\/2024\/05\/cropped-cropped-cropped-02_00843_jt3bggkj1j3HLc7SyY6rEUpg.jpeg\",\"width\":1600,\"height\":1600,\"caption\":\"skaitytaknyga.lt\"},\"image\":{\"@id\":\"https:\/\/skaitytaknyga.lt\/#\/schema\/logo\/image\/\"},\"sameAs\":[\"https:\/\/www.facebook.com\/skaitytaknyga\/\"]}]}<\/script>\n<!-- \/ Yoast SEO plugin. -->","yoast_head_json":{"title":"\u201eR\u016bta Stalili\u016bnait\u0117: A\u0161 esu Barbora. Atsiminimai apie legendin\u0119 scenos karalien\u0119\u201c","description":"Atsiminimai apie scenos karalien\u0119, u\u017e turinio ir formos i\u0161skirtinum\u0105, 2015 m. \u012fvertinti presti\u017eine\u00a0Vytauto Gedgaudo\u00a0premija. Fenomenali aktor\u0117, scenos","robots":{"index":"index","follow":"follow","max-snippet":"max-snippet:-1","max-image-preview":"max-image-preview:large","max-video-preview":"max-video-preview:-1"},"canonical":"https:\/\/skaitytaknyga.lt\/en\/produktas\/consuelo-de-saint-exupery-rozes-memuarai\/","og_locale":"en_GB","og_type":"article","og_title":"[:lt]\u201eR\u016bta Stalili\u016bnait\u0117: A\u0161 esu Barbora. Atsiminimai apie legendin\u0119 scenos karalien\u0119\u201c[:] - Skaitytaknyga","og_description":"Atsiminimai apie scenos karalien\u0119, u\u017e turinio ir formos i\u0161skirtinum\u0105, 2015 m. \u012fvertinti presti\u017eine\u00a0Vytauto Gedgaudo\u00a0premija. Fenomenali aktor\u0117, scenos","og_url":"https:\/\/skaitytaknyga.lt\/en\/produktas\/consuelo-de-saint-exupery-rozes-memuarai\/","og_site_name":"Skaitytaknyga","article_publisher":"https:\/\/www.facebook.com\/skaitytaknyga\/","article_modified_time":"2026-03-18T09:12:13+00:00","og_image":[{"width":255,"height":381,"url":"https:\/\/skaitytaknyga.lt\/wp-content\/uploads\/2024\/08\/000000000002156384-59de82ee7296f-asset-knyguklubas-cdb_staliliunaite_virselis_2d_p1-main.jpg","type":"image\/jpeg"}],"twitter_card":"summary_large_image","twitter_misc":{"Estimated reading time":"2 minutes"},"schema":{"@context":"https:\/\/schema.org","@graph":[{"@type":"WebPage","@id":"https:\/\/skaitytaknyga.lt\/produktas\/consuelo-de-saint-exupery-rozes-memuarai\/","url":"https:\/\/skaitytaknyga.lt\/produktas\/consuelo-de-saint-exupery-rozes-memuarai\/","name":"\u201eR\u016bta Stalili\u016bnait\u0117: A\u0161 esu Barbora. Atsiminimai apie legendin\u0119 scenos karalien\u0119\u201c","isPartOf":{"@id":"https:\/\/skaitytaknyga.lt\/#website"},"primaryImageOfPage":{"@id":"https:\/\/skaitytaknyga.lt\/produktas\/consuelo-de-saint-exupery-rozes-memuarai\/#primaryimage"},"image":{"@id":"https:\/\/skaitytaknyga.lt\/produktas\/consuelo-de-saint-exupery-rozes-memuarai\/#primaryimage"},"thumbnailUrl":"https:\/\/skaitytaknyga.lt\/wp-content\/uploads\/2024\/08\/000000000002156384-59de82ee7296f-asset-knyguklubas-cdb_staliliunaite_virselis_2d_p1-main.jpg","datePublished":"2024-08-23T18:53:11+00:00","dateModified":"2026-03-18T09:12:13+00:00","description":"Atsiminimai apie scenos karalien\u0119, u\u017e turinio ir formos i\u0161skirtinum\u0105, 2015 m. \u012fvertinti presti\u017eine\u00a0Vytauto Gedgaudo\u00a0premija. Fenomenali aktor\u0117, scenos","breadcrumb":{"@id":"https:\/\/skaitytaknyga.lt\/produktas\/consuelo-de-saint-exupery-rozes-memuarai\/#breadcrumb"},"inLanguage":"en-GB","potentialAction":[{"@type":"ReadAction","target":["https:\/\/skaitytaknyga.lt\/produktas\/consuelo-de-saint-exupery-rozes-memuarai\/"]}]},{"@type":"ImageObject","inLanguage":"en-GB","@id":"https:\/\/skaitytaknyga.lt\/produktas\/consuelo-de-saint-exupery-rozes-memuarai\/#primaryimage","url":"https:\/\/skaitytaknyga.lt\/wp-content\/uploads\/2024\/08\/000000000002156384-59de82ee7296f-asset-knyguklubas-cdb_staliliunaite_virselis_2d_p1-main.jpg","contentUrl":"https:\/\/skaitytaknyga.lt\/wp-content\/uploads\/2024\/08\/000000000002156384-59de82ee7296f-asset-knyguklubas-cdb_staliliunaite_virselis_2d_p1-main.jpg","width":255,"height":381,"caption":"Svaj\u016bnas Sabaliauskas \u201eR\u016bta Stalili\u016bnait\u0117: A\u0161 esu Barbora."},{"@type":"BreadcrumbList","@id":"https:\/\/skaitytaknyga.lt\/produktas\/consuelo-de-saint-exupery-rozes-memuarai\/#breadcrumb","itemListElement":[{"@type":"ListItem","position":1,"name":"Home","item":"https:\/\/skaitytaknyga.lt\/"},{"@type":"ListItem","position":2,"name":"Parduotuv\u0117","item":"https:\/\/skaitytaknyga.lt\/knygu-parduotuve\/"},{"@type":"ListItem","position":3,"name":"\u201eR\u016bta Stalili\u016bnait\u0117: A\u0161 esu Barbora. Atsiminimai apie legendin\u0119 scenos karalien\u0119\u201c"}]},{"@type":"WebSite","@id":"https:\/\/skaitytaknyga.lt\/#website","url":"https:\/\/skaitytaknyga.lt\/","name":"skaitytaknyga.lt","description":"Skaitytaknyga.lt \u2013 tai ma\u017eas \u0161eimos verslas, kuris prasid\u0117jo nuo meil\u0117s knygoms ir siekio i\u0161gelb\u0117ti knygas nuo likimo prie konteinerio. Kas vienam nereikalingas daiktas \u2013 kitam lobis, o mes esame tarpininkai, kurie padeda abiems tapti laimingesniems ???? \u017dinome kaip nelengva i\u0161gyventi ma\u017eiems verslams, tad nuo \u0161iol, \u010dia rasite ir kit\u0173, ma\u017e\u0173 \u0161eim\u0173 versl\u0173, rank\u0173 darbo, dovan\u0173 sau ir artimiesiems.","publisher":{"@id":"https:\/\/skaitytaknyga.lt\/#organization"},"potentialAction":[{"@type":"SearchAction","target":{"@type":"EntryPoint","urlTemplate":"https:\/\/skaitytaknyga.lt\/?s={search_term_string}"},"query-input":{"@type":"PropertyValueSpecification","valueRequired":true,"valueName":"search_term_string"}}],"inLanguage":"en-GB"},{"@type":"Organization","@id":"https:\/\/skaitytaknyga.lt\/#organization","name":"skaitytaknyga.lt","url":"https:\/\/skaitytaknyga.lt\/","logo":{"@type":"ImageObject","inLanguage":"en-GB","@id":"https:\/\/skaitytaknyga.lt\/#\/schema\/logo\/image\/","url":"https:\/\/skaitytaknyga.lt\/wp-content\/uploads\/2024\/05\/cropped-cropped-cropped-02_00843_jt3bggkj1j3HLc7SyY6rEUpg.jpeg","contentUrl":"https:\/\/skaitytaknyga.lt\/wp-content\/uploads\/2024\/05\/cropped-cropped-cropped-02_00843_jt3bggkj1j3HLc7SyY6rEUpg.jpeg","width":1600,"height":1600,"caption":"skaitytaknyga.lt"},"image":{"@id":"https:\/\/skaitytaknyga.lt\/#\/schema\/logo\/image\/"},"sameAs":["https:\/\/www.facebook.com\/skaitytaknyga\/"]}]}},"_links":{"self":[{"href":"https:\/\/skaitytaknyga.lt\/en\/wp-json\/wp\/v2\/product\/13519","targetHints":{"allow":["GET"]}}],"collection":[{"href":"https:\/\/skaitytaknyga.lt\/en\/wp-json\/wp\/v2\/product"}],"about":[{"href":"https:\/\/skaitytaknyga.lt\/en\/wp-json\/wp\/v2\/types\/product"}],"replies":[{"embeddable":true,"href":"https:\/\/skaitytaknyga.lt\/en\/wp-json\/wp\/v2\/comments?post=13519"}],"wp:featuredmedia":[{"embeddable":true,"href":"https:\/\/skaitytaknyga.lt\/en\/wp-json\/wp\/v2\/media\/13520"}],"wp:attachment":[{"href":"https:\/\/skaitytaknyga.lt\/en\/wp-json\/wp\/v2\/media?parent=13519"}],"wp:term":[{"taxonomy":"product_brand","embeddable":true,"href":"https:\/\/skaitytaknyga.lt\/en\/wp-json\/wp\/v2\/product_brand?post=13519"},{"taxonomy":"product_cat","embeddable":true,"href":"https:\/\/skaitytaknyga.lt\/en\/wp-json\/wp\/v2\/product_cat?post=13519"},{"taxonomy":"product_tag","embeddable":true,"href":"https:\/\/skaitytaknyga.lt\/en\/wp-json\/wp\/v2\/product_tag?post=13519"}],"curies":[{"name":"wp","href":"https:\/\/api.w.org\/{rel}","templated":true}]}}