{"id":13517,"date":"2024-08-23T21:48:33","date_gmt":"2024-08-23T18:48:33","guid":{"rendered":"https:\/\/skaitytaknyga.lt\/?post_type=product&#038;p=13517"},"modified":"2024-08-23T21:50:04","modified_gmt":"2024-08-23T18:50:04","slug":"arkadij-strugackij-boris-strugackij-sunku-buti-dievu","status":"publish","type":"product","link":"https:\/\/skaitytaknyga.lt\/en\/produktas\/arkadij-strugackij-boris-strugackij-sunku-buti-dievu\/","title":{"rendered":"Arkadij Strugackij, Boris Strugackij \u201eSunku b\u016bti Dievu\u201c"},"content":{"rendered":"<p>I\u0161 ateities \u017dem\u0117s \u012f \u017emoni\u0173 apgyvendint\u0105 kit\u0105 planet\u0105, kurioje vis dar viduram\u017eiai, atvyksta slaptasis agentas Antonas. Jo misija \u2013 i\u0161gelb\u0117ti moklsininkus ir menininkus i\u0161 atsilikusios planetos, kurios vald\u017eia siekia teokratinio totalitarizmo, o juos gaudo su\u017ev\u0117r\u0117j\u0119 fanati\u0161ki konservatoriai&#8230;<\/p>\n<p>Knyga\u00a0<strong>\u201eSunku b\u016bti Dievu\u201c<\/strong>\u00a0kelia klausimus apie \u017emonijos tobul\u0117jimo kain\u0105 ir apie tai, kaip religija gali tapti priemone progresui stabdyti.<\/p>\n<p>Broliai\u00a0<strong>Arkadijus ir Borisas Strugackiai<\/strong>\u00a0savo filosofi\u0161kus k\u016brinius prad\u0117jo publikuoti septintame de\u0161imtmetyje, kai Soviet\u0173 S\u0105jungoje buvo \u017eavimasi kosminiais skryd\u017eiais, kalbama apie kosmoso u\u017ekariavim\u0105 ir dauguma vaik\u0173 svajojo tapti kosmonautais. Bet ra\u0161ytojai netrukus nusisuko nuo utopinio socialistinio realizmo ir \u0117m\u0117 \u017evelgti \u012f tamsii\u0105j\u0105 b\u016bties pus\u0119, tuo pat metu ironizuodami sovietin\u0119 sistem\u0105.<\/p>\n<ul class=\"about-product d-none d-xl-block mt-4\">\n<li><strong>Autorius:<\/strong>\u00a0Arkadij Strugackij,\u00a0Boris Strugackij<\/li>\n<li><strong>Leid\u0117jas:<\/strong>\u00a0Kitos knygos<\/li>\n<li><strong>Metai:<\/strong>\u00a02016<\/li>\n<li><strong>Puslapiai:<\/strong>\u00a0216<\/li>\n<li><strong>ISBN:<\/strong>\u00a09786094272356<\/li>\n<li><strong>Versijos kodas:<\/strong>\u00a0PT.<\/li>\n<li><strong>Formatas:<\/strong>\u00a013,5 x 2,1 x 20 cm<\/li>\n<li><strong>Kalba:<\/strong>\u00a0Lietuvi\u0173<\/li>\n<li><strong>Vert\u0117jas:<\/strong>\u00a0Dalia Saukaityt\u0117<\/li>\n<\/ul>\n","protected":false},"excerpt":{"rendered":"<p>I\u0161 ateities \u017dem\u0117s \u012f \u017emoni\u0173 apgyvendint\u0105 kit\u0105 planet\u0105, kurioje vis dar viduram\u017eiai, atvyksta slaptasis agentas Antonas. Jo misija \u2013 i\u0161gelb\u0117ti moklsininkus ir menininkus i\u0161 atsilikusios planetos, kurios vald\u017eia siekia teokratinio totalitarizmo, o juos gaudo su\u017ev\u0117r\u0117j\u0119 fanati\u0161ki konservatoriai&#8230; Knyga\u00a0\u201eSunku b\u016bti Dievu\u201c\u00a0kelia klausimus apie \u017emonijos tobul\u0117jimo kain\u0105 ir apie tai, kaip religija gali tapti priemone progresui stabdyti. Broliai\u00a0Arkadijus ir Borisas Strugackiai\u00a0savo filosofi\u0161kus k\u016brinius prad\u0117jo publikuoti septintame de\u0161imtmetyje, kai Soviet\u0173 S\u0105jungoje buvo \u017eavimasi kosminiais skryd\u017eiais, kalbama apie kosmoso u\u017ekariavim\u0105 ir dauguma vaik\u0173 svajojo tapti kosmonautais. Bet ra\u0161ytojai netrukus nusisuko nuo utopinio socialistinio realizmo ir \u0117m\u0117 \u017evelgti \u012f tamsii\u0105j\u0105 b\u016bties pus\u0119, tuo pat metu ironizuodami sovietin\u0119 sistem\u0105. Autorius:\u00a0Arkadij Strugackij,\u00a0Boris Strugackij Leid\u0117jas:\u00a0Kitos knygos Metai:\u00a02016 Puslapiai:\u00a0216 ISBN:\u00a09786094272356 Versijos kodas:\u00a0PT. Formatas:\u00a013,5 x 2,1 x 20 cm Kalba:\u00a0Lietuvi\u0173 Vert\u0117jas:\u00a0Dalia Saukaityt\u0117<\/p>\n","protected":false},"featured_media":13518,"comment_status":"closed","ping_status":"closed","template":"","meta":{"_acf_changed":false,"site-sidebar-layout":"default","site-content-layout":"","ast-site-content-layout":"default","site-content-style":"default","site-sidebar-style":"default","ast-global-header-display":"","ast-banner-title-visibility":"","ast-main-header-display":"","ast-hfb-above-header-display":"","ast-hfb-below-header-display":"","ast-hfb-mobile-header-display":"","site-post-title":"","ast-breadcrumbs-content":"","ast-featured-img":"","footer-sml-layout":"","ast-disable-related-posts":"","theme-transparent-header-meta":"default","adv-header-id-meta":"","stick-header-meta":"","header-above-stick-meta":"","header-main-stick-meta":"","header-below-stick-meta":"","astra-migrate-meta-layouts":"set","ast-page-background-enabled":"default","ast-page-background-meta":{"desktop":{"background-color":"","background-image":"","background-repeat":"repeat","background-position":"center center","background-size":"auto","background-attachment":"scroll","background-type":"","background-media":"","overlay-type":"","overlay-color":"","overlay-opacity":"","overlay-gradient":""},"tablet":{"background-color":"","background-image":"","background-repeat":"repeat","background-position":"center center","background-size":"auto","background-attachment":"scroll","background-type":"","background-media":"","overlay-type":"","overlay-color":"","overlay-opacity":"","overlay-gradient":""},"mobile":{"background-color":"","background-image":"","background-repeat":"repeat","background-position":"center center","background-size":"auto","background-attachment":"scroll","background-type":"","background-media":"","overlay-type":"","overlay-color":"","overlay-opacity":"","overlay-gradient":""}},"ast-content-background-meta":{"desktop":{"background-color":"var(--ast-global-color-4)","background-image":"","background-repeat":"repeat","background-position":"center center","background-size":"auto","background-attachment":"scroll","background-type":"","background-media":"","overlay-type":"","overlay-color":"","overlay-opacity":"","overlay-gradient":""},"tablet":{"background-color":"var(--ast-global-color-4)","background-image":"","background-repeat":"repeat","background-position":"center center","background-size":"auto","background-attachment":"scroll","background-type":"","background-media":"","overlay-type":"","overlay-color":"","overlay-opacity":"","overlay-gradient":""},"mobile":{"background-color":"var(--ast-global-color-4)","background-image":"","background-repeat":"repeat","background-position":"center center","background-size":"auto","background-attachment":"scroll","background-type":"","background-media":"","overlay-type":"","overlay-color":"","overlay-opacity":"","overlay-gradient":""}}},"product_brand":[],"product_cat":[31],"product_tag":[],"class_list":{"0":"post-13517","1":"product","2":"type-product","3":"status-publish","4":"has-post-thumbnail","6":"product_cat-grozine-literatura","7":"pa_leidimo-metai-645","8":"desktop-align-left","9":"tablet-align-left","10":"mobile-align-left","12":"first","13":"instock","14":"shipping-taxable","15":"purchasable","16":"product-type-simple"},"acf":[],"yoast_head":"<!-- This site is optimized with the Yoast SEO plugin v27.0 - https:\/\/yoast.com\/product\/yoast-seo-wordpress\/ -->\n<title>Arkadij Strugackij, Boris Strugackij \u201eSunku b\u016bti Dievu\u201c<\/title>\n<meta name=\"description\" content=\"I\u0161 ateities \u017dem\u0117s \u012f \u017emoni\u0173 apgyvendint\u0105 kit\u0105 planet\u0105, kurioje vis dar viduram\u017eiai, atvyksta slaptasis agentas Antonas. Jo misija \u2013 i\u0161gelb\u0117ti moklsininkus\" \/>\n<meta name=\"robots\" content=\"index, follow, max-snippet:-1, max-image-preview:large, max-video-preview:-1\" \/>\n<link rel=\"canonical\" href=\"https:\/\/skaitytaknyga.lt\/en\/produktas\/arkadij-strugackij-boris-strugackij-sunku-buti-dievu\/\" \/>\n<meta property=\"og:locale\" content=\"en_GB\" \/>\n<meta property=\"og:locale:alternate\" content=\"lt_LT\" \/>\n<meta property=\"og:type\" content=\"article\" \/>\n<meta property=\"og:title\" content=\"Arkadij Strugackij, Boris Strugackij \u201eSunku b\u016bti Dievu\u201c\" \/>\n<meta property=\"og:description\" content=\"I\u0161 ateities \u017dem\u0117s \u012f \u017emoni\u0173 apgyvendint\u0105 kit\u0105 planet\u0105, kurioje vis dar viduram\u017eiai, atvyksta slaptasis agentas Antonas. Jo misija \u2013 i\u0161gelb\u0117ti moklsininkus\" \/>\n<meta property=\"og:url\" content=\"https:\/\/skaitytaknyga.lt\/en\/produktas\/arkadij-strugackij-boris-strugackij-sunku-buti-dievu\/\" \/>\n<meta property=\"og:site_name\" content=\"Skaitytaknyga\" \/>\n<meta property=\"article:publisher\" content=\"https:\/\/www.facebook.com\/skaitytaknyga\/\" \/>\n<meta property=\"article:modified_time\" content=\"2024-08-23T18:50:04+00:00\" \/>\n<meta property=\"og:image\" content=\"https:\/\/skaitytaknyga.lt\/wp-content\/uploads\/2024\/08\/1466079579_sunku-buti-dievu.webp\" \/>\n\t<meta property=\"og:image:width\" content=\"519\" \/>\n\t<meta property=\"og:image:height\" content=\"799\" \/>\n\t<meta property=\"og:image:type\" content=\"image\/webp\" \/>\n<meta name=\"twitter:card\" content=\"summary_large_image\" \/>\n<meta name=\"twitter:label1\" content=\"Estimated reading time\" \/>\n\t<meta name=\"twitter:data1\" content=\"1 minute\" \/>\n<script type=\"application\/ld+json\" class=\"yoast-schema-graph\">{\"@context\":\"https:\/\/schema.org\",\"@graph\":[{\"@type\":\"WebPage\",\"@id\":\"https:\/\/skaitytaknyga.lt\/produktas\/arkadij-strugackij-boris-strugackij-sunku-buti-dievu\/\",\"url\":\"https:\/\/skaitytaknyga.lt\/produktas\/arkadij-strugackij-boris-strugackij-sunku-buti-dievu\/\",\"name\":\"Arkadij Strugackij, Boris Strugackij \u201eSunku b\u016bti Dievu\u201c\",\"isPartOf\":{\"@id\":\"https:\/\/skaitytaknyga.lt\/#website\"},\"primaryImageOfPage\":{\"@id\":\"https:\/\/skaitytaknyga.lt\/produktas\/arkadij-strugackij-boris-strugackij-sunku-buti-dievu\/#primaryimage\"},\"image\":{\"@id\":\"https:\/\/skaitytaknyga.lt\/produktas\/arkadij-strugackij-boris-strugackij-sunku-buti-dievu\/#primaryimage\"},\"thumbnailUrl\":\"https:\/\/skaitytaknyga.lt\/wp-content\/uploads\/2024\/08\/1466079579_sunku-buti-dievu.webp\",\"datePublished\":\"2024-08-23T18:48:33+00:00\",\"dateModified\":\"2024-08-23T18:50:04+00:00\",\"description\":\"I\u0161 ateities \u017dem\u0117s \u012f \u017emoni\u0173 apgyvendint\u0105 kit\u0105 planet\u0105, kurioje vis dar viduram\u017eiai, atvyksta slaptasis agentas Antonas. Jo misija \u2013 i\u0161gelb\u0117ti moklsininkus\",\"breadcrumb\":{\"@id\":\"https:\/\/skaitytaknyga.lt\/produktas\/arkadij-strugackij-boris-strugackij-sunku-buti-dievu\/#breadcrumb\"},\"inLanguage\":\"en-GB\",\"potentialAction\":[{\"@type\":\"ReadAction\",\"target\":[\"https:\/\/skaitytaknyga.lt\/produktas\/arkadij-strugackij-boris-strugackij-sunku-buti-dievu\/\"]}]},{\"@type\":\"ImageObject\",\"inLanguage\":\"en-GB\",\"@id\":\"https:\/\/skaitytaknyga.lt\/produktas\/arkadij-strugackij-boris-strugackij-sunku-buti-dievu\/#primaryimage\",\"url\":\"https:\/\/skaitytaknyga.lt\/wp-content\/uploads\/2024\/08\/1466079579_sunku-buti-dievu.webp\",\"contentUrl\":\"https:\/\/skaitytaknyga.lt\/wp-content\/uploads\/2024\/08\/1466079579_sunku-buti-dievu.webp\",\"width\":519,\"height\":799,\"caption\":\"Arkadij Strugackij, Boris Strugackij \u201eSunku b\u016bti Dievu\u201c\"},{\"@type\":\"BreadcrumbList\",\"@id\":\"https:\/\/skaitytaknyga.lt\/produktas\/arkadij-strugackij-boris-strugackij-sunku-buti-dievu\/#breadcrumb\",\"itemListElement\":[{\"@type\":\"ListItem\",\"position\":1,\"name\":\"Home\",\"item\":\"https:\/\/skaitytaknyga.lt\/\"},{\"@type\":\"ListItem\",\"position\":2,\"name\":\"Parduotuv\u0117\",\"item\":\"https:\/\/skaitytaknyga.lt\/knygu-parduotuve\/\"},{\"@type\":\"ListItem\",\"position\":3,\"name\":\"Arkadij Strugackij, Boris Strugackij \u201eSunku b\u016bti Dievu\u201c\"}]},{\"@type\":\"WebSite\",\"@id\":\"https:\/\/skaitytaknyga.lt\/#website\",\"url\":\"https:\/\/skaitytaknyga.lt\/\",\"name\":\"skaitytaknyga.lt\",\"description\":\"Skaitytaknyga.lt \u2013 tai ma\u017eas \u0161eimos verslas, kuris prasid\u0117jo nuo meil\u0117s knygoms ir siekio i\u0161gelb\u0117ti knygas nuo likimo prie konteinerio. Kas vienam nereikalingas daiktas \u2013 kitam lobis, o mes esame tarpininkai, kurie padeda abiems tapti laimingesniems ???? \u017dinome kaip nelengva i\u0161gyventi ma\u017eiems verslams, tad nuo \u0161iol, \u010dia rasite ir kit\u0173, ma\u017e\u0173 \u0161eim\u0173 versl\u0173, rank\u0173 darbo, dovan\u0173 sau ir artimiesiems.\",\"publisher\":{\"@id\":\"https:\/\/skaitytaknyga.lt\/#organization\"},\"potentialAction\":[{\"@type\":\"SearchAction\",\"target\":{\"@type\":\"EntryPoint\",\"urlTemplate\":\"https:\/\/skaitytaknyga.lt\/?s={search_term_string}\"},\"query-input\":{\"@type\":\"PropertyValueSpecification\",\"valueRequired\":true,\"valueName\":\"search_term_string\"}}],\"inLanguage\":\"en-GB\"},{\"@type\":\"Organization\",\"@id\":\"https:\/\/skaitytaknyga.lt\/#organization\",\"name\":\"skaitytaknyga.lt\",\"url\":\"https:\/\/skaitytaknyga.lt\/\",\"logo\":{\"@type\":\"ImageObject\",\"inLanguage\":\"en-GB\",\"@id\":\"https:\/\/skaitytaknyga.lt\/#\/schema\/logo\/image\/\",\"url\":\"https:\/\/skaitytaknyga.lt\/wp-content\/uploads\/2024\/05\/cropped-cropped-cropped-02_00843_jt3bggkj1j3HLc7SyY6rEUpg.jpeg\",\"contentUrl\":\"https:\/\/skaitytaknyga.lt\/wp-content\/uploads\/2024\/05\/cropped-cropped-cropped-02_00843_jt3bggkj1j3HLc7SyY6rEUpg.jpeg\",\"width\":1600,\"height\":1600,\"caption\":\"skaitytaknyga.lt\"},\"image\":{\"@id\":\"https:\/\/skaitytaknyga.lt\/#\/schema\/logo\/image\/\"},\"sameAs\":[\"https:\/\/www.facebook.com\/skaitytaknyga\/\"]}]}<\/script>\n<!-- \/ Yoast SEO plugin. -->","yoast_head_json":{"title":"Arkadij Strugackij, Boris Strugackij \u201eSunku b\u016bti Dievu\u201c","description":"I\u0161 ateities \u017dem\u0117s \u012f \u017emoni\u0173 apgyvendint\u0105 kit\u0105 planet\u0105, kurioje vis dar viduram\u017eiai, atvyksta slaptasis agentas Antonas. Jo misija \u2013 i\u0161gelb\u0117ti moklsininkus","robots":{"index":"index","follow":"follow","max-snippet":"max-snippet:-1","max-image-preview":"max-image-preview:large","max-video-preview":"max-video-preview:-1"},"canonical":"https:\/\/skaitytaknyga.lt\/en\/produktas\/arkadij-strugackij-boris-strugackij-sunku-buti-dievu\/","og_locale":"en_GB","og_type":"article","og_title":"[:lt]Arkadij Strugackij, Boris Strugackij \u201eSunku b\u016bti Dievu\u201c[:] - Skaitytaknyga","og_description":"I\u0161 ateities \u017dem\u0117s \u012f \u017emoni\u0173 apgyvendint\u0105 kit\u0105 planet\u0105, kurioje vis dar viduram\u017eiai, atvyksta slaptasis agentas Antonas. Jo misija \u2013 i\u0161gelb\u0117ti moklsininkus","og_url":"https:\/\/skaitytaknyga.lt\/en\/produktas\/arkadij-strugackij-boris-strugackij-sunku-buti-dievu\/","og_site_name":"Skaitytaknyga","article_publisher":"https:\/\/www.facebook.com\/skaitytaknyga\/","article_modified_time":"2024-08-23T18:50:04+00:00","og_image":[{"width":519,"height":799,"url":"https:\/\/skaitytaknyga.lt\/wp-content\/uploads\/2024\/08\/1466079579_sunku-buti-dievu.webp","type":"image\/webp"}],"twitter_card":"summary_large_image","twitter_misc":{"Estimated reading time":"1 minute"},"schema":{"@context":"https:\/\/schema.org","@graph":[{"@type":"WebPage","@id":"https:\/\/skaitytaknyga.lt\/produktas\/arkadij-strugackij-boris-strugackij-sunku-buti-dievu\/","url":"https:\/\/skaitytaknyga.lt\/produktas\/arkadij-strugackij-boris-strugackij-sunku-buti-dievu\/","name":"Arkadij Strugackij, Boris Strugackij \u201eSunku b\u016bti Dievu\u201c","isPartOf":{"@id":"https:\/\/skaitytaknyga.lt\/#website"},"primaryImageOfPage":{"@id":"https:\/\/skaitytaknyga.lt\/produktas\/arkadij-strugackij-boris-strugackij-sunku-buti-dievu\/#primaryimage"},"image":{"@id":"https:\/\/skaitytaknyga.lt\/produktas\/arkadij-strugackij-boris-strugackij-sunku-buti-dievu\/#primaryimage"},"thumbnailUrl":"https:\/\/skaitytaknyga.lt\/wp-content\/uploads\/2024\/08\/1466079579_sunku-buti-dievu.webp","datePublished":"2024-08-23T18:48:33+00:00","dateModified":"2024-08-23T18:50:04+00:00","description":"I\u0161 ateities \u017dem\u0117s \u012f \u017emoni\u0173 apgyvendint\u0105 kit\u0105 planet\u0105, kurioje vis dar viduram\u017eiai, atvyksta slaptasis agentas Antonas. Jo misija \u2013 i\u0161gelb\u0117ti moklsininkus","breadcrumb":{"@id":"https:\/\/skaitytaknyga.lt\/produktas\/arkadij-strugackij-boris-strugackij-sunku-buti-dievu\/#breadcrumb"},"inLanguage":"en-GB","potentialAction":[{"@type":"ReadAction","target":["https:\/\/skaitytaknyga.lt\/produktas\/arkadij-strugackij-boris-strugackij-sunku-buti-dievu\/"]}]},{"@type":"ImageObject","inLanguage":"en-GB","@id":"https:\/\/skaitytaknyga.lt\/produktas\/arkadij-strugackij-boris-strugackij-sunku-buti-dievu\/#primaryimage","url":"https:\/\/skaitytaknyga.lt\/wp-content\/uploads\/2024\/08\/1466079579_sunku-buti-dievu.webp","contentUrl":"https:\/\/skaitytaknyga.lt\/wp-content\/uploads\/2024\/08\/1466079579_sunku-buti-dievu.webp","width":519,"height":799,"caption":"Arkadij Strugackij, Boris Strugackij \u201eSunku b\u016bti Dievu\u201c"},{"@type":"BreadcrumbList","@id":"https:\/\/skaitytaknyga.lt\/produktas\/arkadij-strugackij-boris-strugackij-sunku-buti-dievu\/#breadcrumb","itemListElement":[{"@type":"ListItem","position":1,"name":"Home","item":"https:\/\/skaitytaknyga.lt\/"},{"@type":"ListItem","position":2,"name":"Parduotuv\u0117","item":"https:\/\/skaitytaknyga.lt\/knygu-parduotuve\/"},{"@type":"ListItem","position":3,"name":"Arkadij Strugackij, Boris Strugackij \u201eSunku b\u016bti Dievu\u201c"}]},{"@type":"WebSite","@id":"https:\/\/skaitytaknyga.lt\/#website","url":"https:\/\/skaitytaknyga.lt\/","name":"skaitytaknyga.lt","description":"Skaitytaknyga.lt \u2013 tai ma\u017eas \u0161eimos verslas, kuris prasid\u0117jo nuo meil\u0117s knygoms ir siekio i\u0161gelb\u0117ti knygas nuo likimo prie konteinerio. Kas vienam nereikalingas daiktas \u2013 kitam lobis, o mes esame tarpininkai, kurie padeda abiems tapti laimingesniems ???? \u017dinome kaip nelengva i\u0161gyventi ma\u017eiems verslams, tad nuo \u0161iol, \u010dia rasite ir kit\u0173, ma\u017e\u0173 \u0161eim\u0173 versl\u0173, rank\u0173 darbo, dovan\u0173 sau ir artimiesiems.","publisher":{"@id":"https:\/\/skaitytaknyga.lt\/#organization"},"potentialAction":[{"@type":"SearchAction","target":{"@type":"EntryPoint","urlTemplate":"https:\/\/skaitytaknyga.lt\/?s={search_term_string}"},"query-input":{"@type":"PropertyValueSpecification","valueRequired":true,"valueName":"search_term_string"}}],"inLanguage":"en-GB"},{"@type":"Organization","@id":"https:\/\/skaitytaknyga.lt\/#organization","name":"skaitytaknyga.lt","url":"https:\/\/skaitytaknyga.lt\/","logo":{"@type":"ImageObject","inLanguage":"en-GB","@id":"https:\/\/skaitytaknyga.lt\/#\/schema\/logo\/image\/","url":"https:\/\/skaitytaknyga.lt\/wp-content\/uploads\/2024\/05\/cropped-cropped-cropped-02_00843_jt3bggkj1j3HLc7SyY6rEUpg.jpeg","contentUrl":"https:\/\/skaitytaknyga.lt\/wp-content\/uploads\/2024\/05\/cropped-cropped-cropped-02_00843_jt3bggkj1j3HLc7SyY6rEUpg.jpeg","width":1600,"height":1600,"caption":"skaitytaknyga.lt"},"image":{"@id":"https:\/\/skaitytaknyga.lt\/#\/schema\/logo\/image\/"},"sameAs":["https:\/\/www.facebook.com\/skaitytaknyga\/"]}]}},"_links":{"self":[{"href":"https:\/\/skaitytaknyga.lt\/en\/wp-json\/wp\/v2\/product\/13517","targetHints":{"allow":["GET"]}}],"collection":[{"href":"https:\/\/skaitytaknyga.lt\/en\/wp-json\/wp\/v2\/product"}],"about":[{"href":"https:\/\/skaitytaknyga.lt\/en\/wp-json\/wp\/v2\/types\/product"}],"replies":[{"embeddable":true,"href":"https:\/\/skaitytaknyga.lt\/en\/wp-json\/wp\/v2\/comments?post=13517"}],"wp:featuredmedia":[{"embeddable":true,"href":"https:\/\/skaitytaknyga.lt\/en\/wp-json\/wp\/v2\/media\/13518"}],"wp:attachment":[{"href":"https:\/\/skaitytaknyga.lt\/en\/wp-json\/wp\/v2\/media?parent=13517"}],"wp:term":[{"taxonomy":"product_brand","embeddable":true,"href":"https:\/\/skaitytaknyga.lt\/en\/wp-json\/wp\/v2\/product_brand?post=13517"},{"taxonomy":"product_cat","embeddable":true,"href":"https:\/\/skaitytaknyga.lt\/en\/wp-json\/wp\/v2\/product_cat?post=13517"},{"taxonomy":"product_tag","embeddable":true,"href":"https:\/\/skaitytaknyga.lt\/en\/wp-json\/wp\/v2\/product_tag?post=13517"}],"curies":[{"name":"wp","href":"https:\/\/api.w.org\/{rel}","templated":true}]}}