{"id":13515,"date":"2024-08-23T21:45:23","date_gmt":"2024-08-23T18:45:23","guid":{"rendered":"https:\/\/skaitytaknyga.lt\/?post_type=product&#038;p=13515"},"modified":"2026-03-05T15:16:53","modified_gmt":"2026-03-05T13:16:53","slug":"hugh-howey-sachta","status":"publish","type":"product","link":"https:\/\/skaitytaknyga.lt\/en\/produktas\/hugh-howey-sachta\/","title":{"rendered":"\u0160achta"},"content":{"rendered":"<p><strong>K\u0105 darytum, jei pasaulis tapt\u0173 negyvenamas?<\/strong><\/p>\n<p><strong>Ir jei \u017emonijai likt\u0173 vienintelis prieglobstis po \u017eeme?<\/strong><\/p>\n<p><strong>O tu pats netik\u0117tai gautum teis\u0119 spr\u0119sti \u2013 k\u0105 i\u0161gelb\u0117ti, o k\u0105 \u2013 pra\u017eudyti?<\/strong><\/p>\n<p>Did\u017eiulis miestas i\u0161 \u0161imtas keturiasde\u0161imt keturi\u0173 lygi\u0173 sl\u016bgso giliai \u017eem\u0117je. Su i\u0161oriniu pasauliu \u0161i\u0105 mil\u017eini\u0161k\u0105 \u0161acht\u0105 sieja tik did\u017eiuliai ekranai, kuriuose veriasi filmavimo kamer\u0173 fiksuojami vaizdai. Kadaise \u017eem\u0117s pavir\u0161iuje buvo miestai, vir\u0117 gyvenimas. Dabar ten \u2013 tik nuolau\u017eos ir griuv\u0117siai. Ir n\u0117 vieno \u017emogaus \u2013 jie visi po \u017eeme, \u0161achtoje. U\u017edarame pasaulyje, kuriame vie\u0161patauja grie\u017etos taisykl\u0117s, paslaptys, melas ir baim\u0117. Niekas nebeprisimena, koks \u012fvykis \u017emonij\u0105 privert\u0117 apsigyventi po \u017eeme, kaip ir niekas ne\u017eino, kas i\u0161 tikr\u0173j\u0173 dabar valdo vis\u0173 j\u0173 gyvenim\u0105. I\u0161gyventi \u010dia gali tik aklai ir bes\u0105lygi\u0161kai paklusdamas sistemai. U\u017e svajones, klausimus ir bandymus mai\u0161tauti baud\u017eiama vienintele bausme \u2013 mirtimi. Dauguma nuolankiai pakl\u016bsta. Ta\u010diau ne visi. Alison kadaise i\u0161dr\u012fso pa\u017eeisti \u0161achtos taisykles. Tre\u010di\u0173j\u0173 jos dingimo metini\u0173 i\u0161vakar\u0117se pat\u012f did\u017eiausi\u0105 \u0161achtos tabu sulau\u017eyti ry\u017etasi ir jos vyras \u0161erifas Holstonas. Ta\u010diau jis n\u0117 nenutuokia, kad \u0161is jo sprendimas bus lemtingas ne tik jam, bet ir visam \u0161achtos gyvenimui&#8230;<\/p>\n<p><strong>Vienas kit\u0105 vejantys \u012fvykiai, sud\u0117tingi santykiai, meil\u0117 ir pasirinkimai, su kuriais susiduria \u017emon\u0117s, ekstremali\u0173 s\u0105lyg\u0173 \u012fkalinti u\u017edaroje erdv\u0117je ir priversti rasti b\u016bd\u0105 gyventi ir i\u0161gyventi kartu. \u0160i knyga \u2013 daugiau nei tiesiog d\u0117mes\u012f prikaustanti istorija, tai \u017evilgsnis \u012f pa\u010di\u0105 \u017emogi\u0161kumo esm\u0119.<\/strong><\/p>\n<p><span class=\"product-full-width__description-specs-name\">ISBN kodas:\u00a0<\/span>9786090121801<\/p>\n<p><span class=\"product-full-width__description-specs-name\">Puslapi\u0173 skai\u010dius:\u00a0<\/span>544<\/p>\n<p><span class=\"product-full-width__description-specs-name\">Vir\u0161elio tipas:\u00a0<\/span>Kietas<\/p>\n<p><span class=\"product-full-width__description-specs-name\">Originalo kalba:\u00a0<\/span>Angl\u0173<\/p>\n<p><span class=\"product-full-width__description-specs-name\">Spalvingumas:\u00a0<\/span>Nespalvotas<\/p>\n<p><span class=\"product-full-width__description-specs-name\">Formatas:\u00a0<\/span>24,3&#215;15,3&#215;3,5<\/p>\n<p><span class=\"product-full-width__description-specs-name\">Vert\u0117jas:\u00a0<\/span>Rita Kaminskait\u0117<\/p>\n<p><span class=\"product-full-width__description-specs-name\">Vir\u0161elio dizaineris:\u00a0<\/span>Karolis \u017dukas<\/p>\n<p><span class=\"product-full-width__description-specs-name\">Leidimo metai:\u00a0<\/span>2016<\/p>\n","protected":false},"excerpt":{"rendered":"<p>K\u0105 darytum, jei pasaulis tapt\u0173 negyvenamas? Ir jei \u017emonijai likt\u0173 vienintelis prieglobstis po \u017eeme? O tu pats netik\u0117tai gautum teis\u0119 spr\u0119sti \u2013 k\u0105 i\u0161gelb\u0117ti, o k\u0105 \u2013 pra\u017eudyti? Did\u017eiulis miestas i\u0161 \u0161imtas keturiasde\u0161imt keturi\u0173 lygi\u0173 sl\u016bgso giliai \u017eem\u0117je. Su i\u0161oriniu pasauliu \u0161i\u0105 mil\u017eini\u0161k\u0105 \u0161acht\u0105 sieja tik did\u017eiuliai ekranai, kuriuose veriasi filmavimo kamer\u0173 fiksuojami vaizdai. Kadaise \u017eem\u0117s pavir\u0161iuje buvo miestai, vir\u0117 gyvenimas. Dabar ten \u2013 tik nuolau\u017eos ir griuv\u0117siai. Ir n\u0117 vieno \u017emogaus \u2013 jie visi po \u017eeme, \u0161achtoje. U\u017edarame pasaulyje, kuriame vie\u0161patauja grie\u017etos taisykl\u0117s, paslaptys, melas ir baim\u0117. Niekas nebeprisimena, koks \u012fvykis \u017emonij\u0105 privert\u0117 apsigyventi po \u017eeme, kaip ir niekas ne\u017eino, kas i\u0161 tikr\u0173j\u0173 dabar valdo vis\u0173 j\u0173 gyvenim\u0105. I\u0161gyventi \u010dia gali tik aklai ir bes\u0105lygi\u0161kai paklusdamas sistemai. U\u017e svajones, klausimus ir bandymus mai\u0161tauti baud\u017eiama vienintele bausme \u2013 mirtimi. Dauguma nuolankiai pakl\u016bsta. Ta\u010diau ne visi. Alison kadaise i\u0161dr\u012fso pa\u017eeisti \u0161achtos taisykles. Tre\u010di\u0173j\u0173 jos dingimo metini\u0173 i\u0161vakar\u0117se pat\u012f did\u017eiausi\u0105 \u0161achtos tabu sulau\u017eyti ry\u017etasi ir jos vyras \u0161erifas Holstonas. Ta\u010diau jis n\u0117 nenutuokia, kad \u0161is jo sprendimas bus lemtingas ne tik jam, bet ir visam \u0161achtos gyvenimui&#8230; Vienas kit\u0105 vejantys \u012fvykiai, sud\u0117tingi santykiai, meil\u0117 ir pasirinkimai, su kuriais susiduria \u017emon\u0117s, ekstremali\u0173 s\u0105lyg\u0173 \u012fkalinti u\u017edaroje erdv\u0117je ir priversti rasti b\u016bd\u0105 gyventi ir i\u0161gyventi kartu. \u0160i knyga \u2013 daugiau nei tiesiog d\u0117mes\u012f prikaustanti istorija, tai \u017evilgsnis \u012f pa\u010di\u0105 \u017emogi\u0161kumo esm\u0119. ISBN kodas:\u00a09786090121801 Puslapi\u0173 skai\u010dius:\u00a0544 Vir\u0161elio tipas:\u00a0Kietas Originalo kalba:\u00a0Angl\u0173 Spalvingumas:\u00a0Nespalvotas Formatas:\u00a024,3&#215;15,3&#215;3,5 Vert\u0117jas:\u00a0Rita Kaminskait\u0117 Vir\u0161elio dizaineris:\u00a0Karolis \u017dukas Leidimo metai:\u00a02016<\/p>\n","protected":false},"featured_media":13516,"comment_status":"closed","ping_status":"closed","template":"","meta":{"_acf_changed":false,"site-sidebar-layout":"default","site-content-layout":"","ast-site-content-layout":"default","site-content-style":"default","site-sidebar-style":"default","ast-global-header-display":"","ast-banner-title-visibility":"","ast-main-header-display":"","ast-hfb-above-header-display":"","ast-hfb-below-header-display":"","ast-hfb-mobile-header-display":"","site-post-title":"","ast-breadcrumbs-content":"","ast-featured-img":"","footer-sml-layout":"","ast-disable-related-posts":"","theme-transparent-header-meta":"default","adv-header-id-meta":"","stick-header-meta":"","header-above-stick-meta":"","header-main-stick-meta":"","header-below-stick-meta":"","astra-migrate-meta-layouts":"set","ast-page-background-enabled":"default","ast-page-background-meta":{"desktop":{"background-color":"","background-image":"","background-repeat":"repeat","background-position":"center center","background-size":"auto","background-attachment":"scroll","background-type":"","background-media":"","overlay-type":"","overlay-color":"","overlay-opacity":"","overlay-gradient":""},"tablet":{"background-color":"","background-image":"","background-repeat":"repeat","background-position":"center center","background-size":"auto","background-attachment":"scroll","background-type":"","background-media":"","overlay-type":"","overlay-color":"","overlay-opacity":"","overlay-gradient":""},"mobile":{"background-color":"","background-image":"","background-repeat":"repeat","background-position":"center center","background-size":"auto","background-attachment":"scroll","background-type":"","background-media":"","overlay-type":"","overlay-color":"","overlay-opacity":"","overlay-gradient":""}},"ast-content-background-meta":{"desktop":{"background-color":"var(--ast-global-color-4)","background-image":"","background-repeat":"repeat","background-position":"center center","background-size":"auto","background-attachment":"scroll","background-type":"","background-media":"","overlay-type":"","overlay-color":"","overlay-opacity":"","overlay-gradient":""},"tablet":{"background-color":"var(--ast-global-color-4)","background-image":"","background-repeat":"repeat","background-position":"center center","background-size":"auto","background-attachment":"scroll","background-type":"","background-media":"","overlay-type":"","overlay-color":"","overlay-opacity":"","overlay-gradient":""},"mobile":{"background-color":"var(--ast-global-color-4)","background-image":"","background-repeat":"repeat","background-position":"center center","background-size":"auto","background-attachment":"scroll","background-type":"","background-media":"","overlay-type":"","overlay-color":"","overlay-opacity":"","overlay-gradient":""}}},"product_brand":[],"product_cat":[15],"product_tag":[1673,2935,2190,1451,2936,2937],"class_list":{"0":"post-13515","1":"product","2":"type-product","3":"status-publish","4":"has-post-thumbnail","6":"product_cat-uncategorized","7":"product_tag-distopija","8":"product_tag-hugh-howey","9":"product_tag-moksline-fantastika","10":"product_tag-nuotykiai","11":"product_tag-postapokalipse","12":"product_tag-sachta","13":"pa_leidimo-metai-672","14":"desktop-align-left","15":"tablet-align-left","16":"mobile-align-left","18":"first","19":"instock","20":"shipping-taxable","21":"purchasable","22":"product-type-simple"},"acf":[],"yoast_head":"<!-- This site is optimized with the Yoast SEO plugin v27.0 - https:\/\/yoast.com\/product\/yoast-seo-wordpress\/ -->\n<title>\u201eYpating\u0173 vaik\u0173 namai\u201c<\/title>\n<meta name=\"description\" content=\"Vienas kit\u0105 vejantys \u012fvykiai, sud\u0117tingi santykiai, meil\u0117 ir pasirinkimai, su kuriais susiduria \u017emon\u0117s, ekstremali\u0173 s\u0105lyg\u0173 \u012fkalinti u\u017edaroje erdv\u0117je ir priversti rasti b\u016bd\u0105 gyventi ir i\u0161gyventi kartu.\" \/>\n<meta name=\"robots\" content=\"index, follow, max-snippet:-1, max-image-preview:large, max-video-preview:-1\" \/>\n<link rel=\"canonical\" href=\"https:\/\/skaitytaknyga.lt\/en\/produktas\/hugh-howey-sachta\/\" \/>\n<meta property=\"og:locale\" content=\"en_GB\" \/>\n<meta property=\"og:locale:alternate\" content=\"lt_LT\" \/>\n<meta property=\"og:type\" content=\"article\" \/>\n<meta property=\"og:title\" content=\"\u201eYpating\u0173 vaik\u0173 namai\u201c\" \/>\n<meta property=\"og:description\" content=\"Vienas kit\u0105 vejantys \u012fvykiai, sud\u0117tingi santykiai, meil\u0117 ir pasirinkimai, su kuriais susiduria \u017emon\u0117s, ekstremali\u0173 s\u0105lyg\u0173 \u012fkalinti u\u017edaroje erdv\u0117je ir priversti rasti b\u016bd\u0105 gyventi ir i\u0161gyventi kartu.\" \/>\n<meta property=\"og:url\" content=\"https:\/\/skaitytaknyga.lt\/en\/produktas\/hugh-howey-sachta\/\" \/>\n<meta property=\"og:site_name\" content=\"Skaitytaknyga\" \/>\n<meta property=\"article:publisher\" content=\"https:\/\/www.facebook.com\/skaitytaknyga\/\" \/>\n<meta property=\"article:modified_time\" content=\"2026-03-05T13:16:53+00:00\" \/>\n<meta property=\"og:image\" content=\"https:\/\/skaitytaknyga.lt\/wp-content\/uploads\/2024\/08\/resize_267x400_download-1.jpg\" \/>\n\t<meta property=\"og:image:width\" content=\"240\" \/>\n\t<meta property=\"og:image:height\" content=\"400\" \/>\n\t<meta property=\"og:image:type\" content=\"image\/jpeg\" \/>\n<meta name=\"twitter:card\" content=\"summary_large_image\" \/>\n<meta name=\"twitter:label1\" content=\"Estimated reading time\" \/>\n\t<meta name=\"twitter:data1\" content=\"2 minutes\" \/>\n<script type=\"application\/ld+json\" class=\"yoast-schema-graph\">{\"@context\":\"https:\/\/schema.org\",\"@graph\":[{\"@type\":\"WebPage\",\"@id\":\"https:\/\/skaitytaknyga.lt\/produktas\/hugh-howey-sachta\/\",\"url\":\"https:\/\/skaitytaknyga.lt\/produktas\/hugh-howey-sachta\/\",\"name\":\"\u201eYpating\u0173 vaik\u0173 namai\u201c\",\"isPartOf\":{\"@id\":\"https:\/\/skaitytaknyga.lt\/#website\"},\"primaryImageOfPage\":{\"@id\":\"https:\/\/skaitytaknyga.lt\/produktas\/hugh-howey-sachta\/#primaryimage\"},\"image\":{\"@id\":\"https:\/\/skaitytaknyga.lt\/produktas\/hugh-howey-sachta\/#primaryimage\"},\"thumbnailUrl\":\"https:\/\/skaitytaknyga.lt\/wp-content\/uploads\/2024\/08\/resize_267x400_download-1.jpg\",\"datePublished\":\"2024-08-23T18:45:23+00:00\",\"dateModified\":\"2026-03-05T13:16:53+00:00\",\"description\":\"Vienas kit\u0105 vejantys \u012fvykiai, sud\u0117tingi santykiai, meil\u0117 ir pasirinkimai, su kuriais susiduria \u017emon\u0117s, ekstremali\u0173 s\u0105lyg\u0173 \u012fkalinti u\u017edaroje erdv\u0117je ir priversti rasti b\u016bd\u0105 gyventi ir i\u0161gyventi kartu.\",\"breadcrumb\":{\"@id\":\"https:\/\/skaitytaknyga.lt\/produktas\/hugh-howey-sachta\/#breadcrumb\"},\"inLanguage\":\"en-GB\",\"potentialAction\":[{\"@type\":\"ReadAction\",\"target\":[\"https:\/\/skaitytaknyga.lt\/produktas\/hugh-howey-sachta\/\"]}]},{\"@type\":\"ImageObject\",\"inLanguage\":\"en-GB\",\"@id\":\"https:\/\/skaitytaknyga.lt\/produktas\/hugh-howey-sachta\/#primaryimage\",\"url\":\"https:\/\/skaitytaknyga.lt\/wp-content\/uploads\/2024\/08\/resize_267x400_download-1.jpg\",\"contentUrl\":\"https:\/\/skaitytaknyga.lt\/wp-content\/uploads\/2024\/08\/resize_267x400_download-1.jpg\",\"width\":240,\"height\":400,\"caption\":\"Hugh Howey \u201e\u0160achta\u201c\"},{\"@type\":\"BreadcrumbList\",\"@id\":\"https:\/\/skaitytaknyga.lt\/produktas\/hugh-howey-sachta\/#breadcrumb\",\"itemListElement\":[{\"@type\":\"ListItem\",\"position\":1,\"name\":\"Home\",\"item\":\"https:\/\/skaitytaknyga.lt\/\"},{\"@type\":\"ListItem\",\"position\":2,\"name\":\"Parduotuv\u0117\",\"item\":\"https:\/\/skaitytaknyga.lt\/knygu-parduotuve\/\"},{\"@type\":\"ListItem\",\"position\":3,\"name\":\"\u0160achta\"}]},{\"@type\":\"WebSite\",\"@id\":\"https:\/\/skaitytaknyga.lt\/#website\",\"url\":\"https:\/\/skaitytaknyga.lt\/\",\"name\":\"skaitytaknyga.lt\",\"description\":\"Skaitytaknyga.lt \u2013 tai ma\u017eas \u0161eimos verslas, kuris prasid\u0117jo nuo meil\u0117s knygoms ir siekio i\u0161gelb\u0117ti knygas nuo likimo prie konteinerio. Kas vienam nereikalingas daiktas \u2013 kitam lobis, o mes esame tarpininkai, kurie padeda abiems tapti laimingesniems ???? \u017dinome kaip nelengva i\u0161gyventi ma\u017eiems verslams, tad nuo \u0161iol, \u010dia rasite ir kit\u0173, ma\u017e\u0173 \u0161eim\u0173 versl\u0173, rank\u0173 darbo, dovan\u0173 sau ir artimiesiems.\",\"publisher\":{\"@id\":\"https:\/\/skaitytaknyga.lt\/#organization\"},\"potentialAction\":[{\"@type\":\"SearchAction\",\"target\":{\"@type\":\"EntryPoint\",\"urlTemplate\":\"https:\/\/skaitytaknyga.lt\/?s={search_term_string}\"},\"query-input\":{\"@type\":\"PropertyValueSpecification\",\"valueRequired\":true,\"valueName\":\"search_term_string\"}}],\"inLanguage\":\"en-GB\"},{\"@type\":\"Organization\",\"@id\":\"https:\/\/skaitytaknyga.lt\/#organization\",\"name\":\"skaitytaknyga.lt\",\"url\":\"https:\/\/skaitytaknyga.lt\/\",\"logo\":{\"@type\":\"ImageObject\",\"inLanguage\":\"en-GB\",\"@id\":\"https:\/\/skaitytaknyga.lt\/#\/schema\/logo\/image\/\",\"url\":\"https:\/\/skaitytaknyga.lt\/wp-content\/uploads\/2024\/05\/cropped-cropped-cropped-02_00843_jt3bggkj1j3HLc7SyY6rEUpg.jpeg\",\"contentUrl\":\"https:\/\/skaitytaknyga.lt\/wp-content\/uploads\/2024\/05\/cropped-cropped-cropped-02_00843_jt3bggkj1j3HLc7SyY6rEUpg.jpeg\",\"width\":1600,\"height\":1600,\"caption\":\"skaitytaknyga.lt\"},\"image\":{\"@id\":\"https:\/\/skaitytaknyga.lt\/#\/schema\/logo\/image\/\"},\"sameAs\":[\"https:\/\/www.facebook.com\/skaitytaknyga\/\"]}]}<\/script>\n<!-- \/ Yoast SEO plugin. -->","yoast_head_json":{"title":"\u201eYpating\u0173 vaik\u0173 namai\u201c","description":"Vienas kit\u0105 vejantys \u012fvykiai, sud\u0117tingi santykiai, meil\u0117 ir pasirinkimai, su kuriais susiduria \u017emon\u0117s, ekstremali\u0173 s\u0105lyg\u0173 \u012fkalinti u\u017edaroje erdv\u0117je ir priversti rasti b\u016bd\u0105 gyventi ir i\u0161gyventi kartu.","robots":{"index":"index","follow":"follow","max-snippet":"max-snippet:-1","max-image-preview":"max-image-preview:large","max-video-preview":"max-video-preview:-1"},"canonical":"https:\/\/skaitytaknyga.lt\/en\/produktas\/hugh-howey-sachta\/","og_locale":"en_GB","og_type":"article","og_title":"\u201eYpating\u0173 vaik\u0173 namai\u201c","og_description":"Vienas kit\u0105 vejantys \u012fvykiai, sud\u0117tingi santykiai, meil\u0117 ir pasirinkimai, su kuriais susiduria \u017emon\u0117s, ekstremali\u0173 s\u0105lyg\u0173 \u012fkalinti u\u017edaroje erdv\u0117je ir priversti rasti b\u016bd\u0105 gyventi ir i\u0161gyventi kartu.","og_url":"https:\/\/skaitytaknyga.lt\/en\/produktas\/hugh-howey-sachta\/","og_site_name":"Skaitytaknyga","article_publisher":"https:\/\/www.facebook.com\/skaitytaknyga\/","article_modified_time":"2026-03-05T13:16:53+00:00","og_image":[{"width":240,"height":400,"url":"https:\/\/skaitytaknyga.lt\/wp-content\/uploads\/2024\/08\/resize_267x400_download-1.jpg","type":"image\/jpeg"}],"twitter_card":"summary_large_image","twitter_misc":{"Estimated reading time":"2 minutes"},"schema":{"@context":"https:\/\/schema.org","@graph":[{"@type":"WebPage","@id":"https:\/\/skaitytaknyga.lt\/produktas\/hugh-howey-sachta\/","url":"https:\/\/skaitytaknyga.lt\/produktas\/hugh-howey-sachta\/","name":"\u201eYpating\u0173 vaik\u0173 namai\u201c","isPartOf":{"@id":"https:\/\/skaitytaknyga.lt\/#website"},"primaryImageOfPage":{"@id":"https:\/\/skaitytaknyga.lt\/produktas\/hugh-howey-sachta\/#primaryimage"},"image":{"@id":"https:\/\/skaitytaknyga.lt\/produktas\/hugh-howey-sachta\/#primaryimage"},"thumbnailUrl":"https:\/\/skaitytaknyga.lt\/wp-content\/uploads\/2024\/08\/resize_267x400_download-1.jpg","datePublished":"2024-08-23T18:45:23+00:00","dateModified":"2026-03-05T13:16:53+00:00","description":"Vienas kit\u0105 vejantys \u012fvykiai, sud\u0117tingi santykiai, meil\u0117 ir pasirinkimai, su kuriais susiduria \u017emon\u0117s, ekstremali\u0173 s\u0105lyg\u0173 \u012fkalinti u\u017edaroje erdv\u0117je ir priversti rasti b\u016bd\u0105 gyventi ir i\u0161gyventi kartu.","breadcrumb":{"@id":"https:\/\/skaitytaknyga.lt\/produktas\/hugh-howey-sachta\/#breadcrumb"},"inLanguage":"en-GB","potentialAction":[{"@type":"ReadAction","target":["https:\/\/skaitytaknyga.lt\/produktas\/hugh-howey-sachta\/"]}]},{"@type":"ImageObject","inLanguage":"en-GB","@id":"https:\/\/skaitytaknyga.lt\/produktas\/hugh-howey-sachta\/#primaryimage","url":"https:\/\/skaitytaknyga.lt\/wp-content\/uploads\/2024\/08\/resize_267x400_download-1.jpg","contentUrl":"https:\/\/skaitytaknyga.lt\/wp-content\/uploads\/2024\/08\/resize_267x400_download-1.jpg","width":240,"height":400,"caption":"Hugh Howey \u201e\u0160achta\u201c"},{"@type":"BreadcrumbList","@id":"https:\/\/skaitytaknyga.lt\/produktas\/hugh-howey-sachta\/#breadcrumb","itemListElement":[{"@type":"ListItem","position":1,"name":"Home","item":"https:\/\/skaitytaknyga.lt\/"},{"@type":"ListItem","position":2,"name":"Parduotuv\u0117","item":"https:\/\/skaitytaknyga.lt\/knygu-parduotuve\/"},{"@type":"ListItem","position":3,"name":"\u0160achta"}]},{"@type":"WebSite","@id":"https:\/\/skaitytaknyga.lt\/#website","url":"https:\/\/skaitytaknyga.lt\/","name":"skaitytaknyga.lt","description":"Skaitytaknyga.lt \u2013 tai ma\u017eas \u0161eimos verslas, kuris prasid\u0117jo nuo meil\u0117s knygoms ir siekio i\u0161gelb\u0117ti knygas nuo likimo prie konteinerio. Kas vienam nereikalingas daiktas \u2013 kitam lobis, o mes esame tarpininkai, kurie padeda abiems tapti laimingesniems ???? \u017dinome kaip nelengva i\u0161gyventi ma\u017eiems verslams, tad nuo \u0161iol, \u010dia rasite ir kit\u0173, ma\u017e\u0173 \u0161eim\u0173 versl\u0173, rank\u0173 darbo, dovan\u0173 sau ir artimiesiems.","publisher":{"@id":"https:\/\/skaitytaknyga.lt\/#organization"},"potentialAction":[{"@type":"SearchAction","target":{"@type":"EntryPoint","urlTemplate":"https:\/\/skaitytaknyga.lt\/?s={search_term_string}"},"query-input":{"@type":"PropertyValueSpecification","valueRequired":true,"valueName":"search_term_string"}}],"inLanguage":"en-GB"},{"@type":"Organization","@id":"https:\/\/skaitytaknyga.lt\/#organization","name":"skaitytaknyga.lt","url":"https:\/\/skaitytaknyga.lt\/","logo":{"@type":"ImageObject","inLanguage":"en-GB","@id":"https:\/\/skaitytaknyga.lt\/#\/schema\/logo\/image\/","url":"https:\/\/skaitytaknyga.lt\/wp-content\/uploads\/2024\/05\/cropped-cropped-cropped-02_00843_jt3bggkj1j3HLc7SyY6rEUpg.jpeg","contentUrl":"https:\/\/skaitytaknyga.lt\/wp-content\/uploads\/2024\/05\/cropped-cropped-cropped-02_00843_jt3bggkj1j3HLc7SyY6rEUpg.jpeg","width":1600,"height":1600,"caption":"skaitytaknyga.lt"},"image":{"@id":"https:\/\/skaitytaknyga.lt\/#\/schema\/logo\/image\/"},"sameAs":["https:\/\/www.facebook.com\/skaitytaknyga\/"]}]}},"_links":{"self":[{"href":"https:\/\/skaitytaknyga.lt\/en\/wp-json\/wp\/v2\/product\/13515","targetHints":{"allow":["GET"]}}],"collection":[{"href":"https:\/\/skaitytaknyga.lt\/en\/wp-json\/wp\/v2\/product"}],"about":[{"href":"https:\/\/skaitytaknyga.lt\/en\/wp-json\/wp\/v2\/types\/product"}],"replies":[{"embeddable":true,"href":"https:\/\/skaitytaknyga.lt\/en\/wp-json\/wp\/v2\/comments?post=13515"}],"wp:featuredmedia":[{"embeddable":true,"href":"https:\/\/skaitytaknyga.lt\/en\/wp-json\/wp\/v2\/media\/13516"}],"wp:attachment":[{"href":"https:\/\/skaitytaknyga.lt\/en\/wp-json\/wp\/v2\/media?parent=13515"}],"wp:term":[{"taxonomy":"product_brand","embeddable":true,"href":"https:\/\/skaitytaknyga.lt\/en\/wp-json\/wp\/v2\/product_brand?post=13515"},{"taxonomy":"product_cat","embeddable":true,"href":"https:\/\/skaitytaknyga.lt\/en\/wp-json\/wp\/v2\/product_cat?post=13515"},{"taxonomy":"product_tag","embeddable":true,"href":"https:\/\/skaitytaknyga.lt\/en\/wp-json\/wp\/v2\/product_tag?post=13515"}],"curies":[{"name":"wp","href":"https:\/\/api.w.org\/{rel}","templated":true}]}}