{"id":13513,"date":"2024-08-23T21:40:48","date_gmt":"2024-08-23T18:40:48","guid":{"rendered":"https:\/\/skaitytaknyga.lt\/?post_type=product&#038;p=13513"},"modified":"2024-08-23T21:51:10","modified_gmt":"2024-08-23T18:51:10","slug":"doloresa-kazragyte-ramybes-nerimas","status":"publish","type":"product","link":"https:\/\/skaitytaknyga.lt\/en\/produktas\/doloresa-kazragyte-ramybes-nerimas\/","title":{"rendered":"Doloresa Kazragyt\u0117 \u201eRamyb\u0117s nerimas\u201c"},"content":{"rendered":"<p>\u201e<strong>Ramyb\u0117s nerimas\u201c \u2013 \u0161e\u0161toji aktor\u0117s Doloresos Kazragyt\u0117s autobiografini\u0173 es\u0117 knyga. Apie laukian\u010dius Anapus ir esan\u010dius \u0161alia, apie gyvenim\u0105 teatre ir teatr\u0105 gyvenime, apie Diev\u0105, meil\u0119, mirt\u012f \u2013 be patoso, nemoralizuojant, su \u0161viesia i\u0161mintimi, leid\u017eian\u010dia pro ma\u017e\u0105 kaimo trobos langel\u012f pamatyti vis\u0105 pasaul\u012f.<\/strong><\/p>\n<p><strong>***<\/strong><\/p>\n<p><em>Nesu ra\u0161ytoja (t\u016bkstant\u012f kart\u0173 sakiau), ra\u0161au, k\u0105 pasi\u016blo gyvenimas, k\u0105 mato akys, kas sujaudina siel\u0105. Apskritai tai joks ra\u0161ymas (nors lapas ir ra\u0161iklis prie\u0161 akis), gal tik i\u0161sikalb\u0117jimas? I\u0161sikalbu, nes ka\u017ekas liepia, jokios kitos prie\u017easties ne\u017einau.<\/em><\/p>\n<p><strong>***<\/strong><br \/>\n<em>Kelion\u0117s \u017eenklai. A\u0161 jais tikiu. Kartais jie ai\u0161k\u016bs, kartais vos juntami, kai ateina pabaiga \u2013 jie i\u0161ry\u0161k\u0117ja, tampa ap\u010diuopiami. Tai u\u017egniau\u017eia kvap\u0105 \u2013 nes jie kalba apie Anapusin\u012f gyvenim\u0105, \u017emogaus Dvasios am\u017einyb\u0119, jie (daugelis to nepastebi) ai\u0161kiai kalba apie tai, kad Mirtis \u2013 tik nesuvokiamos durys \u012f\u00a0\u00a0kit\u0105 pasaul\u012f.<\/em><\/p>\n<ul class=\"about-product mb-3\">\n<li><strong style=\"font-weight: bold;\">Autorius:<\/strong><a href=\"https:\/\/skaitytaknyga.lt\/?s=kazragyt%C4%97&#038;post_type=product&#038;dgwt_wcas=1\"><span class=\"Apple-converted-space\">\u00a0<\/span>Doloresa Kazragyt\u0117<\/a><\/li>\n<li><strong>Leid\u0117jas:<\/strong>\u00a0Tyto alba<\/li>\n<li><strong>Metai:<\/strong>\u00a02010<\/li>\n<li><strong>Puslapiai:<\/strong>\u00a0296<\/li>\n<li><strong>ISBN:<\/strong>\u00a09789986167563<\/li>\n<li><strong>Versijos kodas:<\/strong>\u00a0PT.<\/li>\n<li><strong>Formatas:<\/strong>\u00a015 x 23,1 cm, kieti vir\u0161eliai<\/li>\n<li><strong>Kalba:<\/strong>\u00a0Lietuvi\u0173<\/li>\n<\/ul>\n","protected":false},"excerpt":{"rendered":"<p>\u201eRamyb\u0117s nerimas\u201c \u2013 \u0161e\u0161toji aktor\u0117s Doloresos Kazragyt\u0117s autobiografini\u0173 es\u0117 knyga. Apie laukian\u010dius Anapus ir esan\u010dius \u0161alia, apie gyvenim\u0105 teatre ir teatr\u0105 gyvenime, apie Diev\u0105, meil\u0119, mirt\u012f \u2013 be patoso, nemoralizuojant, su \u0161viesia i\u0161mintimi, leid\u017eian\u010dia pro ma\u017e\u0105 kaimo trobos langel\u012f pamatyti vis\u0105 pasaul\u012f. *** Nesu ra\u0161ytoja (t\u016bkstant\u012f kart\u0173 sakiau), ra\u0161au, k\u0105 pasi\u016blo gyvenimas, k\u0105 mato akys, kas sujaudina siel\u0105. Apskritai tai joks ra\u0161ymas (nors lapas ir ra\u0161iklis prie\u0161 akis), gal tik i\u0161sikalb\u0117jimas? I\u0161sikalbu, nes ka\u017ekas liepia, jokios kitos prie\u017easties ne\u017einau. *** Kelion\u0117s \u017eenklai. A\u0161 jais tikiu. Kartais jie ai\u0161k\u016bs, kartais vos juntami, kai ateina pabaiga \u2013 jie i\u0161ry\u0161k\u0117ja, tampa ap\u010diuopiami. Tai u\u017egniau\u017eia kvap\u0105 \u2013 nes jie kalba apie Anapusin\u012f gyvenim\u0105, \u017emogaus Dvasios am\u017einyb\u0119, jie (daugelis to nepastebi) ai\u0161kiai kalba apie tai, kad Mirtis \u2013 tik nesuvokiamos durys \u012f\u00a0\u00a0kit\u0105 pasaul\u012f. Autorius:\u00a0Doloresa Kazragyt\u0117 Leid\u0117jas:\u00a0Tyto alba Metai:\u00a02010 Puslapiai:\u00a0296 ISBN:\u00a09789986167563 Versijos kodas:\u00a0PT. Formatas:\u00a015 x 23,1 cm, kieti vir\u0161eliai Kalba:\u00a0Lietuvi\u0173<\/p>\n","protected":false},"featured_media":13514,"comment_status":"closed","ping_status":"closed","template":"","meta":{"_acf_changed":false,"site-sidebar-layout":"default","site-content-layout":"","ast-site-content-layout":"default","site-content-style":"default","site-sidebar-style":"default","ast-global-header-display":"","ast-banner-title-visibility":"","ast-main-header-display":"","ast-hfb-above-header-display":"","ast-hfb-below-header-display":"","ast-hfb-mobile-header-display":"","site-post-title":"","ast-breadcrumbs-content":"","ast-featured-img":"","footer-sml-layout":"","ast-disable-related-posts":"","theme-transparent-header-meta":"default","adv-header-id-meta":"","stick-header-meta":"","header-above-stick-meta":"","header-main-stick-meta":"","header-below-stick-meta":"","astra-migrate-meta-layouts":"set","ast-page-background-enabled":"default","ast-page-background-meta":{"desktop":{"background-color":"","background-image":"","background-repeat":"repeat","background-position":"center center","background-size":"auto","background-attachment":"scroll","background-type":"","background-media":"","overlay-type":"","overlay-color":"","overlay-opacity":"","overlay-gradient":""},"tablet":{"background-color":"","background-image":"","background-repeat":"repeat","background-position":"center center","background-size":"auto","background-attachment":"scroll","background-type":"","background-media":"","overlay-type":"","overlay-color":"","overlay-opacity":"","overlay-gradient":""},"mobile":{"background-color":"","background-image":"","background-repeat":"repeat","background-position":"center center","background-size":"auto","background-attachment":"scroll","background-type":"","background-media":"","overlay-type":"","overlay-color":"","overlay-opacity":"","overlay-gradient":""}},"ast-content-background-meta":{"desktop":{"background-color":"var(--ast-global-color-4)","background-image":"","background-repeat":"repeat","background-position":"center center","background-size":"auto","background-attachment":"scroll","background-type":"","background-media":"","overlay-type":"","overlay-color":"","overlay-opacity":"","overlay-gradient":""},"tablet":{"background-color":"var(--ast-global-color-4)","background-image":"","background-repeat":"repeat","background-position":"center center","background-size":"auto","background-attachment":"scroll","background-type":"","background-media":"","overlay-type":"","overlay-color":"","overlay-opacity":"","overlay-gradient":""},"mobile":{"background-color":"var(--ast-global-color-4)","background-image":"","background-repeat":"repeat","background-position":"center center","background-size":"auto","background-attachment":"scroll","background-type":"","background-media":"","overlay-type":"","overlay-color":"","overlay-opacity":"","overlay-gradient":""}}},"product_brand":[],"product_cat":[31],"product_tag":[],"class_list":{"0":"post-13513","1":"product","2":"type-product","3":"status-publish","4":"has-post-thumbnail","6":"product_cat-grozine-literatura","7":"pa_leidimo-metai-645","8":"desktop-align-left","9":"tablet-align-left","10":"mobile-align-left","12":"first","13":"instock","14":"shipping-taxable","15":"purchasable","16":"product-type-simple"},"acf":[],"yoast_head":"<!-- This site is optimized with the Yoast SEO plugin v27.0 - https:\/\/yoast.com\/product\/yoast-seo-wordpress\/ -->\n<title>Doloresa Kazragyt\u0117 \u201eRamyb\u0117s nerimas\u201c<\/title>\n<meta name=\"description\" content=\"\u201eRamyb\u0117s nerimas\u201c \u2013 \u0161e\u0161toji aktor\u0117s Doloresos Kazragyt\u0117s autobiografini\u0173 es\u0117 knyga. Apie laukian\u010dius Anapus ir esan\u010dius \u0161alia, apie gyvenim\u0105 teatre ir\" \/>\n<meta name=\"robots\" content=\"index, follow, max-snippet:-1, max-image-preview:large, max-video-preview:-1\" \/>\n<link rel=\"canonical\" href=\"https:\/\/skaitytaknyga.lt\/en\/produktas\/doloresa-kazragyte-ramybes-nerimas\/\" \/>\n<meta property=\"og:locale\" content=\"en_GB\" \/>\n<meta property=\"og:locale:alternate\" content=\"lt_LT\" \/>\n<meta property=\"og:type\" content=\"article\" \/>\n<meta property=\"og:title\" content=\"Doloresa Kazragyt\u0117 \u201eRamyb\u0117s nerimas\u201c\" \/>\n<meta property=\"og:description\" content=\"\u201eRamyb\u0117s nerimas\u201c \u2013 \u0161e\u0161toji aktor\u0117s Doloresos Kazragyt\u0117s autobiografini\u0173 es\u0117 knyga. Apie laukian\u010dius Anapus ir esan\u010dius \u0161alia, apie gyvenim\u0105 teatre ir\" \/>\n<meta property=\"og:url\" content=\"https:\/\/skaitytaknyga.lt\/en\/produktas\/doloresa-kazragyte-ramybes-nerimas\/\" \/>\n<meta property=\"og:site_name\" content=\"Skaitytaknyga\" \/>\n<meta property=\"article:publisher\" content=\"https:\/\/www.facebook.com\/skaitytaknyga\/\" \/>\n<meta property=\"article:modified_time\" content=\"2024-08-23T18:51:10+00:00\" \/>\n<meta property=\"og:image\" content=\"https:\/\/skaitytaknyga.lt\/wp-content\/uploads\/2024\/08\/1462873187_6f7e9982505ab19d10323dffdd37cd81050c18c9.webp\" \/>\n\t<meta property=\"og:image:width\" content=\"579\" \/>\n\t<meta property=\"og:image:height\" content=\"800\" \/>\n\t<meta property=\"og:image:type\" content=\"image\/webp\" \/>\n<meta name=\"twitter:card\" content=\"summary_large_image\" \/>\n<meta name=\"twitter:label1\" content=\"Estimated reading time\" \/>\n\t<meta name=\"twitter:data1\" content=\"2 minutes\" \/>\n<script type=\"application\/ld+json\" class=\"yoast-schema-graph\">{\"@context\":\"https:\/\/schema.org\",\"@graph\":[{\"@type\":\"WebPage\",\"@id\":\"https:\/\/skaitytaknyga.lt\/produktas\/doloresa-kazragyte-ramybes-nerimas\/\",\"url\":\"https:\/\/skaitytaknyga.lt\/produktas\/doloresa-kazragyte-ramybes-nerimas\/\",\"name\":\"Doloresa Kazragyt\u0117 \u201eRamyb\u0117s nerimas\u201c\",\"isPartOf\":{\"@id\":\"https:\/\/skaitytaknyga.lt\/#website\"},\"primaryImageOfPage\":{\"@id\":\"https:\/\/skaitytaknyga.lt\/produktas\/doloresa-kazragyte-ramybes-nerimas\/#primaryimage\"},\"image\":{\"@id\":\"https:\/\/skaitytaknyga.lt\/produktas\/doloresa-kazragyte-ramybes-nerimas\/#primaryimage\"},\"thumbnailUrl\":\"https:\/\/skaitytaknyga.lt\/wp-content\/uploads\/2024\/08\/1462873187_6f7e9982505ab19d10323dffdd37cd81050c18c9.webp\",\"datePublished\":\"2024-08-23T18:40:48+00:00\",\"dateModified\":\"2024-08-23T18:51:10+00:00\",\"description\":\"\u201eRamyb\u0117s nerimas\u201c \u2013 \u0161e\u0161toji aktor\u0117s Doloresos Kazragyt\u0117s autobiografini\u0173 es\u0117 knyga. Apie laukian\u010dius Anapus ir esan\u010dius \u0161alia, apie gyvenim\u0105 teatre ir\",\"breadcrumb\":{\"@id\":\"https:\/\/skaitytaknyga.lt\/produktas\/doloresa-kazragyte-ramybes-nerimas\/#breadcrumb\"},\"inLanguage\":\"en-GB\",\"potentialAction\":[{\"@type\":\"ReadAction\",\"target\":[\"https:\/\/skaitytaknyga.lt\/produktas\/doloresa-kazragyte-ramybes-nerimas\/\"]}]},{\"@type\":\"ImageObject\",\"inLanguage\":\"en-GB\",\"@id\":\"https:\/\/skaitytaknyga.lt\/produktas\/doloresa-kazragyte-ramybes-nerimas\/#primaryimage\",\"url\":\"https:\/\/skaitytaknyga.lt\/wp-content\/uploads\/2024\/08\/1462873187_6f7e9982505ab19d10323dffdd37cd81050c18c9.webp\",\"contentUrl\":\"https:\/\/skaitytaknyga.lt\/wp-content\/uploads\/2024\/08\/1462873187_6f7e9982505ab19d10323dffdd37cd81050c18c9.webp\",\"width\":579,\"height\":800,\"caption\":\"Doloresa Kazragyt\u0117 \u201eRamyb\u0117s nerimas\u201c\"},{\"@type\":\"BreadcrumbList\",\"@id\":\"https:\/\/skaitytaknyga.lt\/produktas\/doloresa-kazragyte-ramybes-nerimas\/#breadcrumb\",\"itemListElement\":[{\"@type\":\"ListItem\",\"position\":1,\"name\":\"Home\",\"item\":\"https:\/\/skaitytaknyga.lt\/\"},{\"@type\":\"ListItem\",\"position\":2,\"name\":\"Parduotuv\u0117\",\"item\":\"https:\/\/skaitytaknyga.lt\/knygu-parduotuve\/\"},{\"@type\":\"ListItem\",\"position\":3,\"name\":\"Doloresa Kazragyt\u0117 \u201eRamyb\u0117s nerimas\u201c\"}]},{\"@type\":\"WebSite\",\"@id\":\"https:\/\/skaitytaknyga.lt\/#website\",\"url\":\"https:\/\/skaitytaknyga.lt\/\",\"name\":\"skaitytaknyga.lt\",\"description\":\"Skaitytaknyga.lt \u2013 tai ma\u017eas \u0161eimos verslas, kuris prasid\u0117jo nuo meil\u0117s knygoms ir siekio i\u0161gelb\u0117ti knygas nuo likimo prie konteinerio. Kas vienam nereikalingas daiktas \u2013 kitam lobis, o mes esame tarpininkai, kurie padeda abiems tapti laimingesniems ???? \u017dinome kaip nelengva i\u0161gyventi ma\u017eiems verslams, tad nuo \u0161iol, \u010dia rasite ir kit\u0173, ma\u017e\u0173 \u0161eim\u0173 versl\u0173, rank\u0173 darbo, dovan\u0173 sau ir artimiesiems.\",\"publisher\":{\"@id\":\"https:\/\/skaitytaknyga.lt\/#organization\"},\"potentialAction\":[{\"@type\":\"SearchAction\",\"target\":{\"@type\":\"EntryPoint\",\"urlTemplate\":\"https:\/\/skaitytaknyga.lt\/?s={search_term_string}\"},\"query-input\":{\"@type\":\"PropertyValueSpecification\",\"valueRequired\":true,\"valueName\":\"search_term_string\"}}],\"inLanguage\":\"en-GB\"},{\"@type\":\"Organization\",\"@id\":\"https:\/\/skaitytaknyga.lt\/#organization\",\"name\":\"skaitytaknyga.lt\",\"url\":\"https:\/\/skaitytaknyga.lt\/\",\"logo\":{\"@type\":\"ImageObject\",\"inLanguage\":\"en-GB\",\"@id\":\"https:\/\/skaitytaknyga.lt\/#\/schema\/logo\/image\/\",\"url\":\"https:\/\/skaitytaknyga.lt\/wp-content\/uploads\/2024\/05\/cropped-cropped-cropped-02_00843_jt3bggkj1j3HLc7SyY6rEUpg.jpeg\",\"contentUrl\":\"https:\/\/skaitytaknyga.lt\/wp-content\/uploads\/2024\/05\/cropped-cropped-cropped-02_00843_jt3bggkj1j3HLc7SyY6rEUpg.jpeg\",\"width\":1600,\"height\":1600,\"caption\":\"skaitytaknyga.lt\"},\"image\":{\"@id\":\"https:\/\/skaitytaknyga.lt\/#\/schema\/logo\/image\/\"},\"sameAs\":[\"https:\/\/www.facebook.com\/skaitytaknyga\/\"]}]}<\/script>\n<!-- \/ Yoast SEO plugin. -->","yoast_head_json":{"title":"Doloresa Kazragyt\u0117 \u201eRamyb\u0117s nerimas\u201c","description":"\u201eRamyb\u0117s nerimas\u201c \u2013 \u0161e\u0161toji aktor\u0117s Doloresos Kazragyt\u0117s autobiografini\u0173 es\u0117 knyga. Apie laukian\u010dius Anapus ir esan\u010dius \u0161alia, apie gyvenim\u0105 teatre ir","robots":{"index":"index","follow":"follow","max-snippet":"max-snippet:-1","max-image-preview":"max-image-preview:large","max-video-preview":"max-video-preview:-1"},"canonical":"https:\/\/skaitytaknyga.lt\/en\/produktas\/doloresa-kazragyte-ramybes-nerimas\/","og_locale":"en_GB","og_type":"article","og_title":"[:lt]Doloresa Kazragyt\u0117 \u201eRamyb\u0117s nerimas\u201c[:] - Skaitytaknyga","og_description":"\u201eRamyb\u0117s nerimas\u201c \u2013 \u0161e\u0161toji aktor\u0117s Doloresos Kazragyt\u0117s autobiografini\u0173 es\u0117 knyga. Apie laukian\u010dius Anapus ir esan\u010dius \u0161alia, apie gyvenim\u0105 teatre ir","og_url":"https:\/\/skaitytaknyga.lt\/en\/produktas\/doloresa-kazragyte-ramybes-nerimas\/","og_site_name":"Skaitytaknyga","article_publisher":"https:\/\/www.facebook.com\/skaitytaknyga\/","article_modified_time":"2024-08-23T18:51:10+00:00","og_image":[{"width":579,"height":800,"url":"https:\/\/skaitytaknyga.lt\/wp-content\/uploads\/2024\/08\/1462873187_6f7e9982505ab19d10323dffdd37cd81050c18c9.webp","type":"image\/webp"}],"twitter_card":"summary_large_image","twitter_misc":{"Estimated reading time":"2 minutes"},"schema":{"@context":"https:\/\/schema.org","@graph":[{"@type":"WebPage","@id":"https:\/\/skaitytaknyga.lt\/produktas\/doloresa-kazragyte-ramybes-nerimas\/","url":"https:\/\/skaitytaknyga.lt\/produktas\/doloresa-kazragyte-ramybes-nerimas\/","name":"Doloresa Kazragyt\u0117 \u201eRamyb\u0117s nerimas\u201c","isPartOf":{"@id":"https:\/\/skaitytaknyga.lt\/#website"},"primaryImageOfPage":{"@id":"https:\/\/skaitytaknyga.lt\/produktas\/doloresa-kazragyte-ramybes-nerimas\/#primaryimage"},"image":{"@id":"https:\/\/skaitytaknyga.lt\/produktas\/doloresa-kazragyte-ramybes-nerimas\/#primaryimage"},"thumbnailUrl":"https:\/\/skaitytaknyga.lt\/wp-content\/uploads\/2024\/08\/1462873187_6f7e9982505ab19d10323dffdd37cd81050c18c9.webp","datePublished":"2024-08-23T18:40:48+00:00","dateModified":"2024-08-23T18:51:10+00:00","description":"\u201eRamyb\u0117s nerimas\u201c \u2013 \u0161e\u0161toji aktor\u0117s Doloresos Kazragyt\u0117s autobiografini\u0173 es\u0117 knyga. Apie laukian\u010dius Anapus ir esan\u010dius \u0161alia, apie gyvenim\u0105 teatre ir","breadcrumb":{"@id":"https:\/\/skaitytaknyga.lt\/produktas\/doloresa-kazragyte-ramybes-nerimas\/#breadcrumb"},"inLanguage":"en-GB","potentialAction":[{"@type":"ReadAction","target":["https:\/\/skaitytaknyga.lt\/produktas\/doloresa-kazragyte-ramybes-nerimas\/"]}]},{"@type":"ImageObject","inLanguage":"en-GB","@id":"https:\/\/skaitytaknyga.lt\/produktas\/doloresa-kazragyte-ramybes-nerimas\/#primaryimage","url":"https:\/\/skaitytaknyga.lt\/wp-content\/uploads\/2024\/08\/1462873187_6f7e9982505ab19d10323dffdd37cd81050c18c9.webp","contentUrl":"https:\/\/skaitytaknyga.lt\/wp-content\/uploads\/2024\/08\/1462873187_6f7e9982505ab19d10323dffdd37cd81050c18c9.webp","width":579,"height":800,"caption":"Doloresa Kazragyt\u0117 \u201eRamyb\u0117s nerimas\u201c"},{"@type":"BreadcrumbList","@id":"https:\/\/skaitytaknyga.lt\/produktas\/doloresa-kazragyte-ramybes-nerimas\/#breadcrumb","itemListElement":[{"@type":"ListItem","position":1,"name":"Home","item":"https:\/\/skaitytaknyga.lt\/"},{"@type":"ListItem","position":2,"name":"Parduotuv\u0117","item":"https:\/\/skaitytaknyga.lt\/knygu-parduotuve\/"},{"@type":"ListItem","position":3,"name":"Doloresa Kazragyt\u0117 \u201eRamyb\u0117s nerimas\u201c"}]},{"@type":"WebSite","@id":"https:\/\/skaitytaknyga.lt\/#website","url":"https:\/\/skaitytaknyga.lt\/","name":"skaitytaknyga.lt","description":"Skaitytaknyga.lt \u2013 tai ma\u017eas \u0161eimos verslas, kuris prasid\u0117jo nuo meil\u0117s knygoms ir siekio i\u0161gelb\u0117ti knygas nuo likimo prie konteinerio. Kas vienam nereikalingas daiktas \u2013 kitam lobis, o mes esame tarpininkai, kurie padeda abiems tapti laimingesniems ???? \u017dinome kaip nelengva i\u0161gyventi ma\u017eiems verslams, tad nuo \u0161iol, \u010dia rasite ir kit\u0173, ma\u017e\u0173 \u0161eim\u0173 versl\u0173, rank\u0173 darbo, dovan\u0173 sau ir artimiesiems.","publisher":{"@id":"https:\/\/skaitytaknyga.lt\/#organization"},"potentialAction":[{"@type":"SearchAction","target":{"@type":"EntryPoint","urlTemplate":"https:\/\/skaitytaknyga.lt\/?s={search_term_string}"},"query-input":{"@type":"PropertyValueSpecification","valueRequired":true,"valueName":"search_term_string"}}],"inLanguage":"en-GB"},{"@type":"Organization","@id":"https:\/\/skaitytaknyga.lt\/#organization","name":"skaitytaknyga.lt","url":"https:\/\/skaitytaknyga.lt\/","logo":{"@type":"ImageObject","inLanguage":"en-GB","@id":"https:\/\/skaitytaknyga.lt\/#\/schema\/logo\/image\/","url":"https:\/\/skaitytaknyga.lt\/wp-content\/uploads\/2024\/05\/cropped-cropped-cropped-02_00843_jt3bggkj1j3HLc7SyY6rEUpg.jpeg","contentUrl":"https:\/\/skaitytaknyga.lt\/wp-content\/uploads\/2024\/05\/cropped-cropped-cropped-02_00843_jt3bggkj1j3HLc7SyY6rEUpg.jpeg","width":1600,"height":1600,"caption":"skaitytaknyga.lt"},"image":{"@id":"https:\/\/skaitytaknyga.lt\/#\/schema\/logo\/image\/"},"sameAs":["https:\/\/www.facebook.com\/skaitytaknyga\/"]}]}},"_links":{"self":[{"href":"https:\/\/skaitytaknyga.lt\/en\/wp-json\/wp\/v2\/product\/13513","targetHints":{"allow":["GET"]}}],"collection":[{"href":"https:\/\/skaitytaknyga.lt\/en\/wp-json\/wp\/v2\/product"}],"about":[{"href":"https:\/\/skaitytaknyga.lt\/en\/wp-json\/wp\/v2\/types\/product"}],"replies":[{"embeddable":true,"href":"https:\/\/skaitytaknyga.lt\/en\/wp-json\/wp\/v2\/comments?post=13513"}],"wp:featuredmedia":[{"embeddable":true,"href":"https:\/\/skaitytaknyga.lt\/en\/wp-json\/wp\/v2\/media\/13514"}],"wp:attachment":[{"href":"https:\/\/skaitytaknyga.lt\/en\/wp-json\/wp\/v2\/media?parent=13513"}],"wp:term":[{"taxonomy":"product_brand","embeddable":true,"href":"https:\/\/skaitytaknyga.lt\/en\/wp-json\/wp\/v2\/product_brand?post=13513"},{"taxonomy":"product_cat","embeddable":true,"href":"https:\/\/skaitytaknyga.lt\/en\/wp-json\/wp\/v2\/product_cat?post=13513"},{"taxonomy":"product_tag","embeddable":true,"href":"https:\/\/skaitytaknyga.lt\/en\/wp-json\/wp\/v2\/product_tag?post=13513"}],"curies":[{"name":"wp","href":"https:\/\/api.w.org\/{rel}","templated":true}]}}