{"id":13511,"date":"2024-08-23T21:37:39","date_gmt":"2024-08-23T18:37:39","guid":{"rendered":"https:\/\/skaitytaknyga.lt\/?post_type=product&#038;p=13511"},"modified":"2025-05-13T14:37:38","modified_gmt":"2025-05-13T11:37:38","slug":"liliana-tu-365-feng-sui-patarimai","status":"publish","type":"product","link":"https:\/\/skaitytaknyga.lt\/en\/produktas\/liliana-tu-365-feng-sui-patarimai\/","title":{"rendered":"365 feng \u0161ui patarimai"},"content":{"rendered":"<p>Kas dien\u0105 \u012fgyvendin\u0119 vos po vien\u0105 paprastut\u0119 feng \u0161ui nuostat\u0105, prab\u0117gus metams pasteb\u0117site, kad J\u016bs\u0173 gyvenimas tapo \u0161viesesnis, s\u0117kmingesnis, malonesnis &#8211; ir namie, \u0161eimoje, ir darbe.<\/p>\n<p>Perskait\u0119 \u0161i\u0105 knyg\u0105 su\u017einosite, ko reikia, kad namai b\u016bt\u0173 jauk\u016bs, o nami\u0161kiai &#8211; laimingi; s\u0117km\u0117 lyd\u0117t\u0173 darbuose ir tarnyboje; ry\u0161iai su aplinkiniais tapt\u0173 darn\u016bs; sveikata b\u016bt\u0173 puiki, protas imlus; visur lyd\u0117t\u0173 s\u0117km\u0117, o pinig\u0173 niekada netr\u016bkt\u0173.<\/p>\n<ul class=\"about-product d-none d-xl-block mt-4\">\n<li><strong>Originalus pavadinimas:<\/strong>\u00a0365 feng shui tips<\/li>\n<li><strong>Autorius:<\/strong>\u00a0Liliana T\u016b<\/li>\n<li><strong>Leid\u0117jas:<\/strong>\u00a0Akt\u0117ja<\/li>\n<li><strong>Metai:<\/strong>\u00a02007<\/li>\n<li><strong>Puslapiai:<\/strong>\u00a0362<\/li>\n<li><strong>ISBN:<\/strong>\u00a09789955210894<\/li>\n<li><strong>Versijos kodas:<\/strong>\u00a0PT.<\/li>\n<li><strong>Formatas:<\/strong>\u00a014 x 16,5 cm, mink\u0161ti vir\u0161eliai<\/li>\n<li><strong>Kalba:<\/strong>\u00a0Lietuvi\u0173<\/li>\n<li><strong>Vert\u0117jas:<\/strong>\u00a0Liuda Petkevi\u010di\u016bt\u0117<\/li>\n<\/ul>\n","protected":false},"excerpt":{"rendered":"<p>Kas dien\u0105 \u012fgyvendin\u0119 vos po vien\u0105 paprastut\u0119 feng \u0161ui nuostat\u0105, prab\u0117gus metams pasteb\u0117site, kad J\u016bs\u0173 gyvenimas tapo \u0161viesesnis, s\u0117kmingesnis, malonesnis &#8211; ir namie, \u0161eimoje, ir darbe. Perskait\u0119 \u0161i\u0105 knyg\u0105 su\u017einosite, ko reikia, kad namai b\u016bt\u0173 jauk\u016bs, o nami\u0161kiai &#8211; laimingi; s\u0117km\u0117 lyd\u0117t\u0173 darbuose ir tarnyboje; ry\u0161iai su aplinkiniais tapt\u0173 darn\u016bs; sveikata b\u016bt\u0173 puiki, protas imlus; visur lyd\u0117t\u0173 s\u0117km\u0117, o pinig\u0173 niekada netr\u016bkt\u0173. Originalus pavadinimas:\u00a0365 feng shui tips Autorius:\u00a0Liliana T\u016b Leid\u0117jas:\u00a0Akt\u0117ja Metai:\u00a02007 Puslapiai:\u00a0362 ISBN:\u00a09789955210894 Versijos kodas:\u00a0PT. Formatas:\u00a014 x 16,5 cm, mink\u0161ti vir\u0161eliai Kalba:\u00a0Lietuvi\u0173 Vert\u0117jas:\u00a0Liuda Petkevi\u010di\u016bt\u0117<\/p>\n","protected":false},"featured_media":13512,"comment_status":"closed","ping_status":"closed","template":"","meta":{"_acf_changed":false,"site-sidebar-layout":"default","site-content-layout":"","ast-site-content-layout":"default","site-content-style":"default","site-sidebar-style":"default","ast-global-header-display":"","ast-banner-title-visibility":"","ast-main-header-display":"","ast-hfb-above-header-display":"","ast-hfb-below-header-display":"","ast-hfb-mobile-header-display":"","site-post-title":"","ast-breadcrumbs-content":"","ast-featured-img":"","footer-sml-layout":"","ast-disable-related-posts":"","theme-transparent-header-meta":"default","adv-header-id-meta":"","stick-header-meta":"","header-above-stick-meta":"","header-main-stick-meta":"","header-below-stick-meta":"","astra-migrate-meta-layouts":"set","ast-page-background-enabled":"default","ast-page-background-meta":{"desktop":{"background-color":"","background-image":"","background-repeat":"repeat","background-position":"center center","background-size":"auto","background-attachment":"scroll","background-type":"","background-media":"","overlay-type":"","overlay-color":"","overlay-opacity":"","overlay-gradient":""},"tablet":{"background-color":"","background-image":"","background-repeat":"repeat","background-position":"center center","background-size":"auto","background-attachment":"scroll","background-type":"","background-media":"","overlay-type":"","overlay-color":"","overlay-opacity":"","overlay-gradient":""},"mobile":{"background-color":"","background-image":"","background-repeat":"repeat","background-position":"center center","background-size":"auto","background-attachment":"scroll","background-type":"","background-media":"","overlay-type":"","overlay-color":"","overlay-opacity":"","overlay-gradient":""}},"ast-content-background-meta":{"desktop":{"background-color":"var(--ast-global-color-4)","background-image":"","background-repeat":"repeat","background-position":"center center","background-size":"auto","background-attachment":"scroll","background-type":"","background-media":"","overlay-type":"","overlay-color":"","overlay-opacity":"","overlay-gradient":""},"tablet":{"background-color":"var(--ast-global-color-4)","background-image":"","background-repeat":"repeat","background-position":"center center","background-size":"auto","background-attachment":"scroll","background-type":"","background-media":"","overlay-type":"","overlay-color":"","overlay-opacity":"","overlay-gradient":""},"mobile":{"background-color":"var(--ast-global-color-4)","background-image":"","background-repeat":"repeat","background-position":"center center","background-size":"auto","background-attachment":"scroll","background-type":"","background-media":"","overlay-type":"","overlay-color":"","overlay-opacity":"","overlay-gradient":""}}},"product_brand":[],"product_cat":[30],"product_tag":[2267,2261,2266,2268,2265,2264],"class_list":{"0":"post-13511","1":"product","2":"type-product","3":"status-publish","4":"has-post-thumbnail","6":"product_cat-psichologija-ir-saviugda","7":"product_tag-365-feng-sui-patarimai","8":"product_tag-fengsui","9":"product_tag-kasdieniai-patarimai","10":"product_tag-liliana-tu","11":"product_tag-namu-harmonija-2","12":"product_tag-rytu-filosofija","13":"desktop-align-left","14":"tablet-align-left","15":"mobile-align-left","17":"first","18":"instock","19":"shipping-taxable","20":"purchasable","21":"product-type-simple"},"acf":[],"yoast_head":"<!-- This site is optimized with the Yoast SEO plugin v27.0 - https:\/\/yoast.com\/product\/yoast-seo-wordpress\/ -->\n<title>365 feng \u0161ui patarimai<\/title>\n<meta name=\"description\" content=\"Kas dien\u0105 \u012fgyvendin\u0119 vos po vien\u0105 paprastut\u0119 feng \u0161ui nuostat\u0105, prab\u0117gus metams pasteb\u0117site, kad J\u016bs\u0173 gyvenimas tapo \u0161viesesnis, s\u0117kingesnis, malonesnis - ir namie, \u0161eimoje, ir darbe.\" \/>\n<meta name=\"robots\" content=\"index, follow, max-snippet:-1, max-image-preview:large, max-video-preview:-1\" \/>\n<link rel=\"canonical\" href=\"https:\/\/skaitytaknyga.lt\/en\/produktas\/liliana-tu-365-feng-sui-patarimai\/\" \/>\n<meta property=\"og:locale\" content=\"en_GB\" \/>\n<meta property=\"og:locale:alternate\" content=\"lt_LT\" \/>\n<meta property=\"og:type\" content=\"article\" \/>\n<meta property=\"og:title\" content=\"365 feng \u0161ui patarimai\" \/>\n<meta property=\"og:description\" content=\"Kas dien\u0105 \u012fgyvendin\u0119 vos po vien\u0105 paprastut\u0119 feng \u0161ui nuostat\u0105, prab\u0117gus metams pasteb\u0117site, kad J\u016bs\u0173 gyvenimas tapo \u0161viesesnis, s\u0117kingesnis, malonesnis - ir namie, \u0161eimoje, ir darbe.\" \/>\n<meta property=\"og:url\" content=\"https:\/\/skaitytaknyga.lt\/en\/produktas\/liliana-tu-365-feng-sui-patarimai\/\" \/>\n<meta property=\"og:site_name\" content=\"Skaitytaknyga\" \/>\n<meta property=\"article:publisher\" content=\"https:\/\/www.facebook.com\/skaitytaknyga\/\" \/>\n<meta property=\"article:modified_time\" content=\"2025-05-13T11:37:38+00:00\" \/>\n<meta property=\"og:image\" content=\"https:\/\/skaitytaknyga.lt\/wp-content\/uploads\/2024\/08\/1462882847_img0019-001.webp\" \/>\n\t<meta property=\"og:image:width\" content=\"684\" \/>\n\t<meta property=\"og:image:height\" content=\"800\" \/>\n\t<meta property=\"og:image:type\" content=\"image\/webp\" \/>\n<meta name=\"twitter:card\" content=\"summary_large_image\" \/>\n<meta name=\"twitter:label1\" content=\"Estimated reading time\" \/>\n\t<meta name=\"twitter:data1\" content=\"1 minute\" \/>\n<script type=\"application\/ld+json\" class=\"yoast-schema-graph\">{\"@context\":\"https:\/\/schema.org\",\"@graph\":[{\"@type\":\"WebPage\",\"@id\":\"https:\/\/skaitytaknyga.lt\/produktas\/liliana-tu-365-feng-sui-patarimai\/\",\"url\":\"https:\/\/skaitytaknyga.lt\/produktas\/liliana-tu-365-feng-sui-patarimai\/\",\"name\":\"365 feng \u0161ui patarimai\",\"isPartOf\":{\"@id\":\"https:\/\/skaitytaknyga.lt\/#website\"},\"primaryImageOfPage\":{\"@id\":\"https:\/\/skaitytaknyga.lt\/produktas\/liliana-tu-365-feng-sui-patarimai\/#primaryimage\"},\"image\":{\"@id\":\"https:\/\/skaitytaknyga.lt\/produktas\/liliana-tu-365-feng-sui-patarimai\/#primaryimage\"},\"thumbnailUrl\":\"https:\/\/skaitytaknyga.lt\/wp-content\/uploads\/2024\/08\/1462882847_img0019-001.webp\",\"datePublished\":\"2024-08-23T18:37:39+00:00\",\"dateModified\":\"2025-05-13T11:37:38+00:00\",\"description\":\"Kas dien\u0105 \u012fgyvendin\u0119 vos po vien\u0105 paprastut\u0119 feng \u0161ui nuostat\u0105, prab\u0117gus metams pasteb\u0117site, kad J\u016bs\u0173 gyvenimas tapo \u0161viesesnis, s\u0117kingesnis, malonesnis - ir namie, \u0161eimoje, ir darbe.\",\"breadcrumb\":{\"@id\":\"https:\/\/skaitytaknyga.lt\/produktas\/liliana-tu-365-feng-sui-patarimai\/#breadcrumb\"},\"inLanguage\":\"en-GB\",\"potentialAction\":[{\"@type\":\"ReadAction\",\"target\":[\"https:\/\/skaitytaknyga.lt\/produktas\/liliana-tu-365-feng-sui-patarimai\/\"]}]},{\"@type\":\"ImageObject\",\"inLanguage\":\"en-GB\",\"@id\":\"https:\/\/skaitytaknyga.lt\/produktas\/liliana-tu-365-feng-sui-patarimai\/#primaryimage\",\"url\":\"https:\/\/skaitytaknyga.lt\/wp-content\/uploads\/2024\/08\/1462882847_img0019-001.webp\",\"contentUrl\":\"https:\/\/skaitytaknyga.lt\/wp-content\/uploads\/2024\/08\/1462882847_img0019-001.webp\",\"width\":684,\"height\":800,\"caption\":\"365 feng \u0161ui patarimai\"},{\"@type\":\"BreadcrumbList\",\"@id\":\"https:\/\/skaitytaknyga.lt\/produktas\/liliana-tu-365-feng-sui-patarimai\/#breadcrumb\",\"itemListElement\":[{\"@type\":\"ListItem\",\"position\":1,\"name\":\"Home\",\"item\":\"https:\/\/skaitytaknyga.lt\/\"},{\"@type\":\"ListItem\",\"position\":2,\"name\":\"Parduotuv\u0117\",\"item\":\"https:\/\/skaitytaknyga.lt\/knygu-parduotuve\/\"},{\"@type\":\"ListItem\",\"position\":3,\"name\":\"365 feng \u0161ui patarimai\"}]},{\"@type\":\"WebSite\",\"@id\":\"https:\/\/skaitytaknyga.lt\/#website\",\"url\":\"https:\/\/skaitytaknyga.lt\/\",\"name\":\"skaitytaknyga.lt\",\"description\":\"Skaitytaknyga.lt \u2013 tai ma\u017eas \u0161eimos verslas, kuris prasid\u0117jo nuo meil\u0117s knygoms ir siekio i\u0161gelb\u0117ti knygas nuo likimo prie konteinerio. Kas vienam nereikalingas daiktas \u2013 kitam lobis, o mes esame tarpininkai, kurie padeda abiems tapti laimingesniems ???? \u017dinome kaip nelengva i\u0161gyventi ma\u017eiems verslams, tad nuo \u0161iol, \u010dia rasite ir kit\u0173, ma\u017e\u0173 \u0161eim\u0173 versl\u0173, rank\u0173 darbo, dovan\u0173 sau ir artimiesiems.\",\"publisher\":{\"@id\":\"https:\/\/skaitytaknyga.lt\/#organization\"},\"potentialAction\":[{\"@type\":\"SearchAction\",\"target\":{\"@type\":\"EntryPoint\",\"urlTemplate\":\"https:\/\/skaitytaknyga.lt\/?s={search_term_string}\"},\"query-input\":{\"@type\":\"PropertyValueSpecification\",\"valueRequired\":true,\"valueName\":\"search_term_string\"}}],\"inLanguage\":\"en-GB\"},{\"@type\":\"Organization\",\"@id\":\"https:\/\/skaitytaknyga.lt\/#organization\",\"name\":\"skaitytaknyga.lt\",\"url\":\"https:\/\/skaitytaknyga.lt\/\",\"logo\":{\"@type\":\"ImageObject\",\"inLanguage\":\"en-GB\",\"@id\":\"https:\/\/skaitytaknyga.lt\/#\/schema\/logo\/image\/\",\"url\":\"https:\/\/skaitytaknyga.lt\/wp-content\/uploads\/2024\/05\/cropped-cropped-cropped-02_00843_jt3bggkj1j3HLc7SyY6rEUpg.jpeg\",\"contentUrl\":\"https:\/\/skaitytaknyga.lt\/wp-content\/uploads\/2024\/05\/cropped-cropped-cropped-02_00843_jt3bggkj1j3HLc7SyY6rEUpg.jpeg\",\"width\":1600,\"height\":1600,\"caption\":\"skaitytaknyga.lt\"},\"image\":{\"@id\":\"https:\/\/skaitytaknyga.lt\/#\/schema\/logo\/image\/\"},\"sameAs\":[\"https:\/\/www.facebook.com\/skaitytaknyga\/\"]}]}<\/script>\n<!-- \/ Yoast SEO plugin. -->","yoast_head_json":{"title":"365 feng \u0161ui patarimai","description":"Kas dien\u0105 \u012fgyvendin\u0119 vos po vien\u0105 paprastut\u0119 feng \u0161ui nuostat\u0105, prab\u0117gus metams pasteb\u0117site, kad J\u016bs\u0173 gyvenimas tapo \u0161viesesnis, s\u0117kingesnis, malonesnis - ir namie, \u0161eimoje, ir darbe.","robots":{"index":"index","follow":"follow","max-snippet":"max-snippet:-1","max-image-preview":"max-image-preview:large","max-video-preview":"max-video-preview:-1"},"canonical":"https:\/\/skaitytaknyga.lt\/en\/produktas\/liliana-tu-365-feng-sui-patarimai\/","og_locale":"en_GB","og_type":"article","og_title":"[:lt]365 feng \u0161ui patarimai[:] - Skaitytaknyga","og_description":"Kas dien\u0105 \u012fgyvendin\u0119 vos po vien\u0105 paprastut\u0119 feng \u0161ui nuostat\u0105, prab\u0117gus metams pasteb\u0117site, kad J\u016bs\u0173 gyvenimas tapo \u0161viesesnis, s\u0117kingesnis, malonesnis - ir namie, \u0161eimoje, ir darbe.","og_url":"https:\/\/skaitytaknyga.lt\/en\/produktas\/liliana-tu-365-feng-sui-patarimai\/","og_site_name":"Skaitytaknyga","article_publisher":"https:\/\/www.facebook.com\/skaitytaknyga\/","article_modified_time":"2025-05-13T11:37:38+00:00","og_image":[{"width":684,"height":800,"url":"https:\/\/skaitytaknyga.lt\/wp-content\/uploads\/2024\/08\/1462882847_img0019-001.webp","type":"image\/webp"}],"twitter_card":"summary_large_image","twitter_misc":{"Estimated reading time":"1 minute"},"schema":{"@context":"https:\/\/schema.org","@graph":[{"@type":"WebPage","@id":"https:\/\/skaitytaknyga.lt\/produktas\/liliana-tu-365-feng-sui-patarimai\/","url":"https:\/\/skaitytaknyga.lt\/produktas\/liliana-tu-365-feng-sui-patarimai\/","name":"365 feng \u0161ui patarimai","isPartOf":{"@id":"https:\/\/skaitytaknyga.lt\/#website"},"primaryImageOfPage":{"@id":"https:\/\/skaitytaknyga.lt\/produktas\/liliana-tu-365-feng-sui-patarimai\/#primaryimage"},"image":{"@id":"https:\/\/skaitytaknyga.lt\/produktas\/liliana-tu-365-feng-sui-patarimai\/#primaryimage"},"thumbnailUrl":"https:\/\/skaitytaknyga.lt\/wp-content\/uploads\/2024\/08\/1462882847_img0019-001.webp","datePublished":"2024-08-23T18:37:39+00:00","dateModified":"2025-05-13T11:37:38+00:00","description":"Kas dien\u0105 \u012fgyvendin\u0119 vos po vien\u0105 paprastut\u0119 feng \u0161ui nuostat\u0105, prab\u0117gus metams pasteb\u0117site, kad J\u016bs\u0173 gyvenimas tapo \u0161viesesnis, s\u0117kingesnis, malonesnis - ir namie, \u0161eimoje, ir darbe.","breadcrumb":{"@id":"https:\/\/skaitytaknyga.lt\/produktas\/liliana-tu-365-feng-sui-patarimai\/#breadcrumb"},"inLanguage":"en-GB","potentialAction":[{"@type":"ReadAction","target":["https:\/\/skaitytaknyga.lt\/produktas\/liliana-tu-365-feng-sui-patarimai\/"]}]},{"@type":"ImageObject","inLanguage":"en-GB","@id":"https:\/\/skaitytaknyga.lt\/produktas\/liliana-tu-365-feng-sui-patarimai\/#primaryimage","url":"https:\/\/skaitytaknyga.lt\/wp-content\/uploads\/2024\/08\/1462882847_img0019-001.webp","contentUrl":"https:\/\/skaitytaknyga.lt\/wp-content\/uploads\/2024\/08\/1462882847_img0019-001.webp","width":684,"height":800,"caption":"365 feng \u0161ui patarimai"},{"@type":"BreadcrumbList","@id":"https:\/\/skaitytaknyga.lt\/produktas\/liliana-tu-365-feng-sui-patarimai\/#breadcrumb","itemListElement":[{"@type":"ListItem","position":1,"name":"Home","item":"https:\/\/skaitytaknyga.lt\/"},{"@type":"ListItem","position":2,"name":"Parduotuv\u0117","item":"https:\/\/skaitytaknyga.lt\/knygu-parduotuve\/"},{"@type":"ListItem","position":3,"name":"365 feng \u0161ui patarimai"}]},{"@type":"WebSite","@id":"https:\/\/skaitytaknyga.lt\/#website","url":"https:\/\/skaitytaknyga.lt\/","name":"skaitytaknyga.lt","description":"Skaitytaknyga.lt \u2013 tai ma\u017eas \u0161eimos verslas, kuris prasid\u0117jo nuo meil\u0117s knygoms ir siekio i\u0161gelb\u0117ti knygas nuo likimo prie konteinerio. Kas vienam nereikalingas daiktas \u2013 kitam lobis, o mes esame tarpininkai, kurie padeda abiems tapti laimingesniems ???? \u017dinome kaip nelengva i\u0161gyventi ma\u017eiems verslams, tad nuo \u0161iol, \u010dia rasite ir kit\u0173, ma\u017e\u0173 \u0161eim\u0173 versl\u0173, rank\u0173 darbo, dovan\u0173 sau ir artimiesiems.","publisher":{"@id":"https:\/\/skaitytaknyga.lt\/#organization"},"potentialAction":[{"@type":"SearchAction","target":{"@type":"EntryPoint","urlTemplate":"https:\/\/skaitytaknyga.lt\/?s={search_term_string}"},"query-input":{"@type":"PropertyValueSpecification","valueRequired":true,"valueName":"search_term_string"}}],"inLanguage":"en-GB"},{"@type":"Organization","@id":"https:\/\/skaitytaknyga.lt\/#organization","name":"skaitytaknyga.lt","url":"https:\/\/skaitytaknyga.lt\/","logo":{"@type":"ImageObject","inLanguage":"en-GB","@id":"https:\/\/skaitytaknyga.lt\/#\/schema\/logo\/image\/","url":"https:\/\/skaitytaknyga.lt\/wp-content\/uploads\/2024\/05\/cropped-cropped-cropped-02_00843_jt3bggkj1j3HLc7SyY6rEUpg.jpeg","contentUrl":"https:\/\/skaitytaknyga.lt\/wp-content\/uploads\/2024\/05\/cropped-cropped-cropped-02_00843_jt3bggkj1j3HLc7SyY6rEUpg.jpeg","width":1600,"height":1600,"caption":"skaitytaknyga.lt"},"image":{"@id":"https:\/\/skaitytaknyga.lt\/#\/schema\/logo\/image\/"},"sameAs":["https:\/\/www.facebook.com\/skaitytaknyga\/"]}]}},"_links":{"self":[{"href":"https:\/\/skaitytaknyga.lt\/en\/wp-json\/wp\/v2\/product\/13511","targetHints":{"allow":["GET"]}}],"collection":[{"href":"https:\/\/skaitytaknyga.lt\/en\/wp-json\/wp\/v2\/product"}],"about":[{"href":"https:\/\/skaitytaknyga.lt\/en\/wp-json\/wp\/v2\/types\/product"}],"replies":[{"embeddable":true,"href":"https:\/\/skaitytaknyga.lt\/en\/wp-json\/wp\/v2\/comments?post=13511"}],"wp:featuredmedia":[{"embeddable":true,"href":"https:\/\/skaitytaknyga.lt\/en\/wp-json\/wp\/v2\/media\/13512"}],"wp:attachment":[{"href":"https:\/\/skaitytaknyga.lt\/en\/wp-json\/wp\/v2\/media?parent=13511"}],"wp:term":[{"taxonomy":"product_brand","embeddable":true,"href":"https:\/\/skaitytaknyga.lt\/en\/wp-json\/wp\/v2\/product_brand?post=13511"},{"taxonomy":"product_cat","embeddable":true,"href":"https:\/\/skaitytaknyga.lt\/en\/wp-json\/wp\/v2\/product_cat?post=13511"},{"taxonomy":"product_tag","embeddable":true,"href":"https:\/\/skaitytaknyga.lt\/en\/wp-json\/wp\/v2\/product_tag?post=13511"}],"curies":[{"name":"wp","href":"https:\/\/api.w.org\/{rel}","templated":true}]}}