{"id":13502,"date":"2024-08-23T11:45:24","date_gmt":"2024-08-23T08:45:24","guid":{"rendered":"https:\/\/skaitytaknyga.lt\/?post_type=product&#038;p=13502"},"modified":"2024-08-23T12:46:30","modified_gmt":"2024-08-23T09:46:30","slug":"geleziniai-gyvates-kiausiniai","status":"publish","type":"product","link":"https:\/\/skaitytaknyga.lt\/en\/produktas\/geleziniai-gyvates-kiausiniai\/","title":{"rendered":"Saulius \u0160altenis \u201eGele\u017einiai gyvat\u0117s kiau\u0161iniai\u201c"},"content":{"rendered":"<p><strong style=\"font-weight: bold;\">Saulius \u0160ALTENIS<\/strong><span class=\"Apple-converted-space\">\u00a0<\/span>(g. 1945) \u2013 prozininkas, dramaturgas, kino scenaristas. 2019 m. u\u017e daugialyp\u0119 literat\u016brin\u0119 k\u016bryb\u0105 ir i\u0161skirtin\u012f stili\u0173 bei viso gyvenimo nuopelnus Sauliui \u0160alteniui skirta<span class=\"Apple-converted-space\">\u00a0<\/span><strong style=\"font-weight: bold;\">Lietuvos nacionalin\u0117 kult\u016bros ir meno premija.<\/strong><\/p>\n<p>Ar \u012fmanoma kitaip, naujai papasakoti apie \u017evarb\u0173 laisv\u0117s skersv\u0117j\u012f? Apie ideali\u0105 meil\u0119? Jei ra\u0161ytojas sumano ka\u017ek\u0105 netik\u0117ta \u2013 taip. Saulius \u0160altenis l\u016b\u017eio ir sumai\u0161ties met\u0105 regi ne dalyvio, bet steb\u0117tojo akimis. \u012e prosenelio Antonio gimtin\u0119 gr\u012f\u017eusi Jael\u0117 Gvadelup\u0117 su\u017eeid\u017eiama ne tik kulkomis. I\u0161 gele\u017eini\u0173 gyvat\u0117s kiau\u0161ini\u0173 i\u0161sirit\u0119 agresija, prievarta, godulys j\u0105 stulbina, bet mergina steb\u0117tinai atspari. \u012e budelio \u2013 aukos prie\u0161statas ji gali pa\u017evelgti svetim\u0161al\u0117s akimis. Romano veik\u0117j\u0173 (\u017eurnalist\u0117s ar disidento) nuomones vertinti neutraliai. Tai dar \u012fstabiau, nes posovietin\u0117s tikrov\u0117s groteskas da\u017enai pranoksta Piet\u0173 Amerikos egzotik\u0105.<\/p>\n<p>Romane nauja ir tai, kad heroj\u0173 jausmai ir santykiai svarbiau u\u017e visk\u0105. Dukra, motina, vyras, \u017emona susij\u0119 egzistenci\u0161kai, nors ir traumuoti praeities baisybi\u0173.<\/p>\n<p>Pasakojimas vientisas ir dinami\u0161kas, tankiai supintas i\u0161 aksomo \u0161velnumo ir smurto brutalumo gij\u0173. Tokia tiksli metafor\u0173 akupunkt\u016bra pavaldi tik prozos meistrui!<\/p>\n<p>Gerai suver\u017eta intrigos spyruokl\u0117 kutena smalsum\u0105: ar Jael\u0117-El\u0117 suras i\u0161 kautyni\u0173 lauko j\u0105 i\u0161ne\u0161us\u012f Sniegyn\u0173 Vyr\u0105? Ar susitaikys su Piet\u0173 Amerikoje likusia motina? Ar gr\u012f\u0161 \u012f Lietuv\u0105?<br \/>\nTik pabud\u0119s i\u0161 svaigaus skaitymo u\u017esimir\u0161imo prisimeni, kad \u0161iemet su\u0117jo trisde\u0161imt met\u0173 nuo tos nesenos istorijos dram\u0173.<\/p>\n<p>J\u016brat\u0117 Sprindyt\u0117<\/p>\n<ul class=\"about-product mb-3\">\n<li><strong style=\"font-weight: bold;\">Autorius:<\/strong><span class=\"Apple-converted-space\">\u00a0<\/span>Saulius \u0160altenis<\/li>\n<li><strong style=\"font-weight: bold;\">Leid\u0117jas:<\/strong><span class=\"Apple-converted-space\">\u00a0<\/span>Tyto alba<\/li>\n<li><strong style=\"font-weight: bold;\">Metai:<\/strong><span class=\"Apple-converted-space\">\u00a0<\/span>2020<\/li>\n<li><strong style=\"font-weight: bold;\">Puslapiai:<\/strong><span class=\"Apple-converted-space\">\u00a0<\/span>200<\/li>\n<li><strong style=\"font-weight: bold;\">ISBN:<\/strong><span class=\"Apple-converted-space\">\u00a0<\/span>9786094664601<\/li>\n<li><strong style=\"font-weight: bold;\">Versijos kodas:<\/strong><span class=\"Apple-converted-space\">\u00a0<\/span>PT.<\/li>\n<li class=\"toggleable type-new-formats \"><strong style=\"font-weight: bold;\">Formatas:<\/strong><span class=\"Apple-converted-space\">\u00a0<\/span>14,7 x 22,1 x 1,5 cm, kieti vir\u0161eliai<\/li>\n<li><strong style=\"font-weight: bold;\">Kalba:<\/strong><span class=\"Apple-converted-space\">\u00a0<\/span>Lietuvi\u0173<\/li>\n<\/ul>\n","protected":false},"excerpt":{"rendered":"<p>Saulius \u0160ALTENIS\u00a0(g. 1945) \u2013 prozininkas, dramaturgas, kino scenaristas. 2019 m. u\u017e daugialyp\u0119 literat\u016brin\u0119 k\u016bryb\u0105 ir i\u0161skirtin\u012f stili\u0173 bei viso gyvenimo nuopelnus Sauliui \u0160alteniui skirta\u00a0Lietuvos nacionalin\u0117 kult\u016bros ir meno premija. Ar \u012fmanoma kitaip, naujai papasakoti apie \u017evarb\u0173 laisv\u0117s skersv\u0117j\u012f? Apie ideali\u0105 meil\u0119? Jei ra\u0161ytojas sumano ka\u017ek\u0105 netik\u0117ta \u2013 taip. Saulius \u0160altenis l\u016b\u017eio ir sumai\u0161ties met\u0105 regi ne dalyvio, bet steb\u0117tojo akimis. \u012e prosenelio Antonio gimtin\u0119 gr\u012f\u017eusi Jael\u0117 Gvadelup\u0117 su\u017eeid\u017eiama ne tik kulkomis. I\u0161 gele\u017eini\u0173 gyvat\u0117s kiau\u0161ini\u0173 i\u0161sirit\u0119 agresija, prievarta, godulys j\u0105 stulbina, bet mergina steb\u0117tinai atspari. \u012e budelio \u2013 aukos prie\u0161statas ji gali pa\u017evelgti svetim\u0161al\u0117s akimis. Romano veik\u0117j\u0173 (\u017eurnalist\u0117s ar disidento) nuomones vertinti neutraliai. Tai dar \u012fstabiau, nes posovietin\u0117s tikrov\u0117s groteskas da\u017enai pranoksta Piet\u0173 Amerikos egzotik\u0105. Romane nauja ir tai, kad heroj\u0173 jausmai ir santykiai svarbiau u\u017e visk\u0105. Dukra, motina, vyras, \u017emona susij\u0119 egzistenci\u0161kai, nors ir traumuoti praeities baisybi\u0173. Pasakojimas vientisas ir dinami\u0161kas, tankiai supintas i\u0161 aksomo \u0161velnumo ir smurto brutalumo gij\u0173. Tokia tiksli metafor\u0173 akupunkt\u016bra pavaldi tik prozos meistrui! Gerai suver\u017eta intrigos spyruokl\u0117 kutena smalsum\u0105: ar Jael\u0117-El\u0117 suras i\u0161 kautyni\u0173 lauko j\u0105 i\u0161ne\u0161us\u012f Sniegyn\u0173 Vyr\u0105? Ar susitaikys su Piet\u0173 Amerikoje likusia motina? Ar gr\u012f\u0161 \u012f Lietuv\u0105? Tik pabud\u0119s i\u0161 svaigaus skaitymo u\u017esimir\u0161imo prisimeni, kad \u0161iemet su\u0117jo trisde\u0161imt met\u0173 nuo tos nesenos istorijos dram\u0173. J\u016brat\u0117 Sprindyt\u0117 Autorius:\u00a0Saulius \u0160altenis Leid\u0117jas:\u00a0Tyto alba Metai:\u00a02020 Puslapiai:\u00a0200 ISBN:\u00a09786094664601 Versijos kodas:\u00a0PT. Formatas:\u00a014,7 x 22,1 x 1,5 cm, kieti vir\u0161eliai Kalba:\u00a0Lietuvi\u0173<\/p>\n","protected":false},"featured_media":13503,"comment_status":"closed","ping_status":"closed","template":"","meta":{"_acf_changed":false,"site-sidebar-layout":"default","site-content-layout":"","ast-site-content-layout":"default","site-content-style":"default","site-sidebar-style":"default","ast-global-header-display":"","ast-banner-title-visibility":"","ast-main-header-display":"","ast-hfb-above-header-display":"","ast-hfb-below-header-display":"","ast-hfb-mobile-header-display":"","site-post-title":"","ast-breadcrumbs-content":"","ast-featured-img":"","footer-sml-layout":"","ast-disable-related-posts":"","theme-transparent-header-meta":"default","adv-header-id-meta":"","stick-header-meta":"","header-above-stick-meta":"","header-main-stick-meta":"","header-below-stick-meta":"","astra-migrate-meta-layouts":"set","ast-page-background-enabled":"default","ast-page-background-meta":{"desktop":{"background-color":"","background-image":"","background-repeat":"repeat","background-position":"center center","background-size":"auto","background-attachment":"scroll","background-type":"","background-media":"","overlay-type":"","overlay-color":"","overlay-opacity":"","overlay-gradient":""},"tablet":{"background-color":"","background-image":"","background-repeat":"repeat","background-position":"center center","background-size":"auto","background-attachment":"scroll","background-type":"","background-media":"","overlay-type":"","overlay-color":"","overlay-opacity":"","overlay-gradient":""},"mobile":{"background-color":"","background-image":"","background-repeat":"repeat","background-position":"center center","background-size":"auto","background-attachment":"scroll","background-type":"","background-media":"","overlay-type":"","overlay-color":"","overlay-opacity":"","overlay-gradient":""}},"ast-content-background-meta":{"desktop":{"background-color":"var(--ast-global-color-4)","background-image":"","background-repeat":"repeat","background-position":"center center","background-size":"auto","background-attachment":"scroll","background-type":"","background-media":"","overlay-type":"","overlay-color":"","overlay-opacity":"","overlay-gradient":""},"tablet":{"background-color":"var(--ast-global-color-4)","background-image":"","background-repeat":"repeat","background-position":"center center","background-size":"auto","background-attachment":"scroll","background-type":"","background-media":"","overlay-type":"","overlay-color":"","overlay-opacity":"","overlay-gradient":""},"mobile":{"background-color":"var(--ast-global-color-4)","background-image":"","background-repeat":"repeat","background-position":"center center","background-size":"auto","background-attachment":"scroll","background-type":"","background-media":"","overlay-type":"","overlay-color":"","overlay-opacity":"","overlay-gradient":""}}},"product_brand":[],"product_cat":[31],"product_tag":[],"class_list":{"0":"post-13502","1":"product","2":"type-product","3":"status-publish","4":"has-post-thumbnail","6":"product_cat-grozine-literatura","7":"pa_leidimo-metai-645","8":"desktop-align-left","9":"tablet-align-left","10":"mobile-align-left","12":"first","13":"instock","14":"shipping-taxable","15":"purchasable","16":"product-type-simple"},"acf":[],"yoast_head":"<!-- This site is optimized with the Yoast SEO plugin v27.0 - https:\/\/yoast.com\/product\/yoast-seo-wordpress\/ -->\n<title>Saulius \u0160altenis \u201eGele\u017einiai gyvat\u0117s kiau\u0161iniai\u201c<\/title>\n<meta name=\"description\" content=\"Saulius \u0160ALTENIS\u00a0(g. 1945) \u2013 prozininkas, dramaturgas, kino scenaristas. 2019 m. u\u017e daugialyp\u0119 literat\u016brin\u0119 k\u016bryb\u0105 ir i\u0161skirtin\u012f stili\u0173 bei viso gyvenimo\" \/>\n<meta name=\"robots\" content=\"index, follow, max-snippet:-1, max-image-preview:large, max-video-preview:-1\" \/>\n<link rel=\"canonical\" href=\"https:\/\/skaitytaknyga.lt\/en\/produktas\/geleziniai-gyvates-kiausiniai\/\" \/>\n<meta property=\"og:locale\" content=\"en_GB\" \/>\n<meta property=\"og:locale:alternate\" content=\"lt_LT\" \/>\n<meta property=\"og:type\" content=\"article\" \/>\n<meta property=\"og:title\" content=\"Saulius \u0160altenis \u201eGele\u017einiai gyvat\u0117s kiau\u0161iniai\u201c\" \/>\n<meta property=\"og:description\" content=\"Saulius \u0160ALTENIS\u00a0(g. 1945) \u2013 prozininkas, dramaturgas, kino scenaristas. 2019 m. u\u017e daugialyp\u0119 literat\u016brin\u0119 k\u016bryb\u0105 ir i\u0161skirtin\u012f stili\u0173 bei viso gyvenimo\" \/>\n<meta property=\"og:url\" content=\"https:\/\/skaitytaknyga.lt\/en\/produktas\/geleziniai-gyvates-kiausiniai\/\" \/>\n<meta property=\"og:site_name\" content=\"Skaitytaknyga\" \/>\n<meta property=\"article:publisher\" content=\"https:\/\/www.facebook.com\/skaitytaknyga\/\" \/>\n<meta property=\"article:modified_time\" content=\"2024-08-23T09:46:30+00:00\" \/>\n<meta property=\"og:image\" content=\"https:\/\/skaitytaknyga.lt\/wp-content\/uploads\/2024\/08\/img_4922.jpeg\" \/>\n\t<meta property=\"og:image:width\" content=\"423\" \/>\n\t<meta property=\"og:image:height\" content=\"635\" \/>\n\t<meta property=\"og:image:type\" content=\"image\/jpeg\" \/>\n<meta name=\"twitter:card\" content=\"summary_large_image\" \/>\n<meta name=\"twitter:label1\" content=\"Estimated reading time\" \/>\n\t<meta name=\"twitter:data1\" content=\"2 minutes\" \/>\n<script type=\"application\/ld+json\" class=\"yoast-schema-graph\">{\"@context\":\"https:\/\/schema.org\",\"@graph\":[{\"@type\":\"WebPage\",\"@id\":\"https:\/\/skaitytaknyga.lt\/produktas\/geleziniai-gyvates-kiausiniai\/\",\"url\":\"https:\/\/skaitytaknyga.lt\/produktas\/geleziniai-gyvates-kiausiniai\/\",\"name\":\"Saulius \u0160altenis \u201eGele\u017einiai gyvat\u0117s kiau\u0161iniai\u201c\",\"isPartOf\":{\"@id\":\"https:\/\/skaitytaknyga.lt\/#website\"},\"primaryImageOfPage\":{\"@id\":\"https:\/\/skaitytaknyga.lt\/produktas\/geleziniai-gyvates-kiausiniai\/#primaryimage\"},\"image\":{\"@id\":\"https:\/\/skaitytaknyga.lt\/produktas\/geleziniai-gyvates-kiausiniai\/#primaryimage\"},\"thumbnailUrl\":\"https:\/\/skaitytaknyga.lt\/wp-content\/uploads\/2024\/08\/img_4922.jpeg\",\"datePublished\":\"2024-08-23T08:45:24+00:00\",\"dateModified\":\"2024-08-23T09:46:30+00:00\",\"description\":\"Saulius \u0160ALTENIS\u00a0(g. 1945) \u2013 prozininkas, dramaturgas, kino scenaristas. 2019 m. u\u017e daugialyp\u0119 literat\u016brin\u0119 k\u016bryb\u0105 ir i\u0161skirtin\u012f stili\u0173 bei viso gyvenimo\",\"breadcrumb\":{\"@id\":\"https:\/\/skaitytaknyga.lt\/produktas\/geleziniai-gyvates-kiausiniai\/#breadcrumb\"},\"inLanguage\":\"en-GB\",\"potentialAction\":[{\"@type\":\"ReadAction\",\"target\":[\"https:\/\/skaitytaknyga.lt\/produktas\/geleziniai-gyvates-kiausiniai\/\"]}]},{\"@type\":\"ImageObject\",\"inLanguage\":\"en-GB\",\"@id\":\"https:\/\/skaitytaknyga.lt\/produktas\/geleziniai-gyvates-kiausiniai\/#primaryimage\",\"url\":\"https:\/\/skaitytaknyga.lt\/wp-content\/uploads\/2024\/08\/img_4922.jpeg\",\"contentUrl\":\"https:\/\/skaitytaknyga.lt\/wp-content\/uploads\/2024\/08\/img_4922.jpeg\",\"width\":423,\"height\":635,\"caption\":\"Saulius \u0160altenis \u201eGele\u017einiai gyvat\u0117s kiau\u0161iniai\u201c\"},{\"@type\":\"BreadcrumbList\",\"@id\":\"https:\/\/skaitytaknyga.lt\/produktas\/geleziniai-gyvates-kiausiniai\/#breadcrumb\",\"itemListElement\":[{\"@type\":\"ListItem\",\"position\":1,\"name\":\"Home\",\"item\":\"https:\/\/skaitytaknyga.lt\/\"},{\"@type\":\"ListItem\",\"position\":2,\"name\":\"Parduotuv\u0117\",\"item\":\"https:\/\/skaitytaknyga.lt\/knygu-parduotuve\/\"},{\"@type\":\"ListItem\",\"position\":3,\"name\":\"Saulius \u0160altenis \u201eGele\u017einiai gyvat\u0117s kiau\u0161iniai\u201c\"}]},{\"@type\":\"WebSite\",\"@id\":\"https:\/\/skaitytaknyga.lt\/#website\",\"url\":\"https:\/\/skaitytaknyga.lt\/\",\"name\":\"skaitytaknyga.lt\",\"description\":\"Skaitytaknyga.lt \u2013 tai ma\u017eas \u0161eimos verslas, kuris prasid\u0117jo nuo meil\u0117s knygoms ir siekio i\u0161gelb\u0117ti knygas nuo likimo prie konteinerio. Kas vienam nereikalingas daiktas \u2013 kitam lobis, o mes esame tarpininkai, kurie padeda abiems tapti laimingesniems ???? \u017dinome kaip nelengva i\u0161gyventi ma\u017eiems verslams, tad nuo \u0161iol, \u010dia rasite ir kit\u0173, ma\u017e\u0173 \u0161eim\u0173 versl\u0173, rank\u0173 darbo, dovan\u0173 sau ir artimiesiems.\",\"publisher\":{\"@id\":\"https:\/\/skaitytaknyga.lt\/#organization\"},\"potentialAction\":[{\"@type\":\"SearchAction\",\"target\":{\"@type\":\"EntryPoint\",\"urlTemplate\":\"https:\/\/skaitytaknyga.lt\/?s={search_term_string}\"},\"query-input\":{\"@type\":\"PropertyValueSpecification\",\"valueRequired\":true,\"valueName\":\"search_term_string\"}}],\"inLanguage\":\"en-GB\"},{\"@type\":\"Organization\",\"@id\":\"https:\/\/skaitytaknyga.lt\/#organization\",\"name\":\"skaitytaknyga.lt\",\"url\":\"https:\/\/skaitytaknyga.lt\/\",\"logo\":{\"@type\":\"ImageObject\",\"inLanguage\":\"en-GB\",\"@id\":\"https:\/\/skaitytaknyga.lt\/#\/schema\/logo\/image\/\",\"url\":\"https:\/\/skaitytaknyga.lt\/wp-content\/uploads\/2024\/05\/cropped-cropped-cropped-02_00843_jt3bggkj1j3HLc7SyY6rEUpg.jpeg\",\"contentUrl\":\"https:\/\/skaitytaknyga.lt\/wp-content\/uploads\/2024\/05\/cropped-cropped-cropped-02_00843_jt3bggkj1j3HLc7SyY6rEUpg.jpeg\",\"width\":1600,\"height\":1600,\"caption\":\"skaitytaknyga.lt\"},\"image\":{\"@id\":\"https:\/\/skaitytaknyga.lt\/#\/schema\/logo\/image\/\"},\"sameAs\":[\"https:\/\/www.facebook.com\/skaitytaknyga\/\"]}]}<\/script>\n<!-- \/ Yoast SEO plugin. -->","yoast_head_json":{"title":"Saulius \u0160altenis \u201eGele\u017einiai gyvat\u0117s kiau\u0161iniai\u201c","description":"Saulius \u0160ALTENIS\u00a0(g. 1945) \u2013 prozininkas, dramaturgas, kino scenaristas. 2019 m. u\u017e daugialyp\u0119 literat\u016brin\u0119 k\u016bryb\u0105 ir i\u0161skirtin\u012f stili\u0173 bei viso gyvenimo","robots":{"index":"index","follow":"follow","max-snippet":"max-snippet:-1","max-image-preview":"max-image-preview:large","max-video-preview":"max-video-preview:-1"},"canonical":"https:\/\/skaitytaknyga.lt\/en\/produktas\/geleziniai-gyvates-kiausiniai\/","og_locale":"en_GB","og_type":"article","og_title":"[:lt]Saulius \u0160altenis \u201eGele\u017einiai gyvat\u0117s kiau\u0161iniai\u201c[:] - Skaitytaknyga","og_description":"Saulius \u0160ALTENIS\u00a0(g. 1945) \u2013 prozininkas, dramaturgas, kino scenaristas. 2019 m. u\u017e daugialyp\u0119 literat\u016brin\u0119 k\u016bryb\u0105 ir i\u0161skirtin\u012f stili\u0173 bei viso gyvenimo","og_url":"https:\/\/skaitytaknyga.lt\/en\/produktas\/geleziniai-gyvates-kiausiniai\/","og_site_name":"Skaitytaknyga","article_publisher":"https:\/\/www.facebook.com\/skaitytaknyga\/","article_modified_time":"2024-08-23T09:46:30+00:00","og_image":[{"width":423,"height":635,"url":"https:\/\/skaitytaknyga.lt\/wp-content\/uploads\/2024\/08\/img_4922.jpeg","type":"image\/jpeg"}],"twitter_card":"summary_large_image","twitter_misc":{"Estimated reading time":"2 minutes"},"schema":{"@context":"https:\/\/schema.org","@graph":[{"@type":"WebPage","@id":"https:\/\/skaitytaknyga.lt\/produktas\/geleziniai-gyvates-kiausiniai\/","url":"https:\/\/skaitytaknyga.lt\/produktas\/geleziniai-gyvates-kiausiniai\/","name":"Saulius \u0160altenis \u201eGele\u017einiai gyvat\u0117s kiau\u0161iniai\u201c","isPartOf":{"@id":"https:\/\/skaitytaknyga.lt\/#website"},"primaryImageOfPage":{"@id":"https:\/\/skaitytaknyga.lt\/produktas\/geleziniai-gyvates-kiausiniai\/#primaryimage"},"image":{"@id":"https:\/\/skaitytaknyga.lt\/produktas\/geleziniai-gyvates-kiausiniai\/#primaryimage"},"thumbnailUrl":"https:\/\/skaitytaknyga.lt\/wp-content\/uploads\/2024\/08\/img_4922.jpeg","datePublished":"2024-08-23T08:45:24+00:00","dateModified":"2024-08-23T09:46:30+00:00","description":"Saulius \u0160ALTENIS\u00a0(g. 1945) \u2013 prozininkas, dramaturgas, kino scenaristas. 2019 m. u\u017e daugialyp\u0119 literat\u016brin\u0119 k\u016bryb\u0105 ir i\u0161skirtin\u012f stili\u0173 bei viso gyvenimo","breadcrumb":{"@id":"https:\/\/skaitytaknyga.lt\/produktas\/geleziniai-gyvates-kiausiniai\/#breadcrumb"},"inLanguage":"en-GB","potentialAction":[{"@type":"ReadAction","target":["https:\/\/skaitytaknyga.lt\/produktas\/geleziniai-gyvates-kiausiniai\/"]}]},{"@type":"ImageObject","inLanguage":"en-GB","@id":"https:\/\/skaitytaknyga.lt\/produktas\/geleziniai-gyvates-kiausiniai\/#primaryimage","url":"https:\/\/skaitytaknyga.lt\/wp-content\/uploads\/2024\/08\/img_4922.jpeg","contentUrl":"https:\/\/skaitytaknyga.lt\/wp-content\/uploads\/2024\/08\/img_4922.jpeg","width":423,"height":635,"caption":"Saulius \u0160altenis \u201eGele\u017einiai gyvat\u0117s kiau\u0161iniai\u201c"},{"@type":"BreadcrumbList","@id":"https:\/\/skaitytaknyga.lt\/produktas\/geleziniai-gyvates-kiausiniai\/#breadcrumb","itemListElement":[{"@type":"ListItem","position":1,"name":"Home","item":"https:\/\/skaitytaknyga.lt\/"},{"@type":"ListItem","position":2,"name":"Parduotuv\u0117","item":"https:\/\/skaitytaknyga.lt\/knygu-parduotuve\/"},{"@type":"ListItem","position":3,"name":"Saulius \u0160altenis \u201eGele\u017einiai gyvat\u0117s kiau\u0161iniai\u201c"}]},{"@type":"WebSite","@id":"https:\/\/skaitytaknyga.lt\/#website","url":"https:\/\/skaitytaknyga.lt\/","name":"skaitytaknyga.lt","description":"Skaitytaknyga.lt \u2013 tai ma\u017eas \u0161eimos verslas, kuris prasid\u0117jo nuo meil\u0117s knygoms ir siekio i\u0161gelb\u0117ti knygas nuo likimo prie konteinerio. Kas vienam nereikalingas daiktas \u2013 kitam lobis, o mes esame tarpininkai, kurie padeda abiems tapti laimingesniems ???? \u017dinome kaip nelengva i\u0161gyventi ma\u017eiems verslams, tad nuo \u0161iol, \u010dia rasite ir kit\u0173, ma\u017e\u0173 \u0161eim\u0173 versl\u0173, rank\u0173 darbo, dovan\u0173 sau ir artimiesiems.","publisher":{"@id":"https:\/\/skaitytaknyga.lt\/#organization"},"potentialAction":[{"@type":"SearchAction","target":{"@type":"EntryPoint","urlTemplate":"https:\/\/skaitytaknyga.lt\/?s={search_term_string}"},"query-input":{"@type":"PropertyValueSpecification","valueRequired":true,"valueName":"search_term_string"}}],"inLanguage":"en-GB"},{"@type":"Organization","@id":"https:\/\/skaitytaknyga.lt\/#organization","name":"skaitytaknyga.lt","url":"https:\/\/skaitytaknyga.lt\/","logo":{"@type":"ImageObject","inLanguage":"en-GB","@id":"https:\/\/skaitytaknyga.lt\/#\/schema\/logo\/image\/","url":"https:\/\/skaitytaknyga.lt\/wp-content\/uploads\/2024\/05\/cropped-cropped-cropped-02_00843_jt3bggkj1j3HLc7SyY6rEUpg.jpeg","contentUrl":"https:\/\/skaitytaknyga.lt\/wp-content\/uploads\/2024\/05\/cropped-cropped-cropped-02_00843_jt3bggkj1j3HLc7SyY6rEUpg.jpeg","width":1600,"height":1600,"caption":"skaitytaknyga.lt"},"image":{"@id":"https:\/\/skaitytaknyga.lt\/#\/schema\/logo\/image\/"},"sameAs":["https:\/\/www.facebook.com\/skaitytaknyga\/"]}]}},"_links":{"self":[{"href":"https:\/\/skaitytaknyga.lt\/en\/wp-json\/wp\/v2\/product\/13502","targetHints":{"allow":["GET"]}}],"collection":[{"href":"https:\/\/skaitytaknyga.lt\/en\/wp-json\/wp\/v2\/product"}],"about":[{"href":"https:\/\/skaitytaknyga.lt\/en\/wp-json\/wp\/v2\/types\/product"}],"replies":[{"embeddable":true,"href":"https:\/\/skaitytaknyga.lt\/en\/wp-json\/wp\/v2\/comments?post=13502"}],"wp:featuredmedia":[{"embeddable":true,"href":"https:\/\/skaitytaknyga.lt\/en\/wp-json\/wp\/v2\/media\/13503"}],"wp:attachment":[{"href":"https:\/\/skaitytaknyga.lt\/en\/wp-json\/wp\/v2\/media?parent=13502"}],"wp:term":[{"taxonomy":"product_brand","embeddable":true,"href":"https:\/\/skaitytaknyga.lt\/en\/wp-json\/wp\/v2\/product_brand?post=13502"},{"taxonomy":"product_cat","embeddable":true,"href":"https:\/\/skaitytaknyga.lt\/en\/wp-json\/wp\/v2\/product_cat?post=13502"},{"taxonomy":"product_tag","embeddable":true,"href":"https:\/\/skaitytaknyga.lt\/en\/wp-json\/wp\/v2\/product_tag?post=13502"}],"curies":[{"name":"wp","href":"https:\/\/api.w.org\/{rel}","templated":true}]}}