{"id":13500,"date":"2024-08-23T11:42:49","date_gmt":"2024-08-23T08:42:49","guid":{"rendered":"https:\/\/skaitytaknyga.lt\/?post_type=product&#038;p=13500"},"modified":"2024-08-23T12:47:57","modified_gmt":"2024-08-23T09:47:57","slug":"seimos-keliu","status":"publish","type":"product","link":"https:\/\/skaitytaknyga.lt\/en\/produktas\/seimos-keliu\/","title":{"rendered":"Tony Parsons \u201e\u0160eimos keliu\u201c"},"content":{"rendered":"<p style=\"margin-bottom: 0.8rem; margin-top: 0px;\">Paulas myli D\u017eesik\u0105. Myli taip stipriai, kad be \u017emonos jam nieko daugiau nebereikia. Ta\u010diau D\u017eesika be vaik\u0173 niekada nesugeb\u0117s b\u016bti laiminga. Tik k\u016bdikio kaip n\u0117ra, taip n\u0117ra. Ar gali vyras ir moteris vienu du gyventi visavert\u012f \u0161eimos gyvenim\u0105?<\/p>\n<p style=\"margin-bottom: 0.8rem; margin-top: 0px;\">Meg\u0117 nebemyli savo senojo vaikino. Po vienos nakties, praleistos su Australijos papl\u016bdimi\u0173 li\u016btu, ji \u012fsitikina, jog kartais net ir gydytojams pasitaiko pra\u017eiopsoti \u0161eimos planavim\u0105. Ar gimdyti k\u016bdik\u012f, jei nemyli b\u016bsimo vaiko t\u0117vo? Ket\u0117 myli gyvenim\u0105. U\u017eauginusi dvi jaunesni\u0105sias seseris, ji tetrok\u0161ta vieno \u2013 laisv\u0117s. Jos draugas yra jau patyr\u0119s vien\u0105 \u0161eimos gri\u016bt\u012f ir nelink\u0119s dar syk\u012f prad\u0117ti visk\u0105 i\u0161 naujo. Ta\u010diau ar gali \u0161iuolaikin\u0117 moteris apskritai patirti laim\u0119 gyvenime, kuriame n\u0117ra vietos vaikams?<\/p>\n<p style=\"margin-bottom: 0.8rem; margin-top: 0px;\">Trys seserys. Trys poros. Du n\u0117\u0161tumai. \u0160e\u0161etas vyr\u0173 ir moter\u0173, m\u0117ginan\u010di\u0173 spr\u0119sti meil\u0117s u\u017edavinius ir ie\u0161kan\u010di\u0173 prasm\u0117s \u0161eimyniniame gyvenime.<\/p>\n<ul class=\"about-product mb-3\" style=\"padding: 0px; font-size: 0.75rem; line-height: 1.75; margin: 0px 0px 1rem !important 0px;\">\n<li><strong style=\"font-weight: bold;\">Autorius:<\/strong><span class=\"Apple-converted-space\">\u00a0<\/span>Tony Parsons<\/li>\n<li><strong style=\"font-weight: bold;\">Leid\u0117jas:<\/strong><span class=\"Apple-converted-space\">\u00a0<\/span>Alma littera<\/li>\n<li><strong style=\"font-weight: bold;\">Metai:<\/strong><span class=\"Apple-converted-space\">\u00a0<\/span>2006<\/li>\n<li><strong style=\"font-weight: bold;\">Puslapiai:<\/strong><span class=\"Apple-converted-space\">\u00a0<\/span>432<\/li>\n<li><strong style=\"font-weight: bold;\">ISBN:<\/strong><span class=\"Apple-converted-space\">\u00a0<\/span>9789955243007<\/li>\n<li class=\"toggleable type-new-formats \"><strong style=\"font-weight: bold;\">Formatas:<\/strong><span class=\"Apple-converted-space\">\u00a0<\/span>13 x 20,5 cm, kieti vir\u0161eliai<\/li>\n<li><strong style=\"font-weight: bold;\">Kalba:<\/strong><span class=\"Apple-converted-space\">\u00a0<\/span>Lietuvi\u0173<\/li>\n<li><strong style=\"font-weight: bold;\">Vert\u0117jas:<\/strong><span class=\"Apple-converted-space\">\u00a0<\/span>Gytis Kudarauskas<\/li>\n<\/ul>\n","protected":false},"excerpt":{"rendered":"<p>Paulas myli D\u017eesik\u0105. Myli taip stipriai, kad be \u017emonos jam nieko daugiau nebereikia. Ta\u010diau D\u017eesika be vaik\u0173 niekada nesugeb\u0117s b\u016bti laiminga. Tik k\u016bdikio kaip n\u0117ra, taip n\u0117ra. Ar gali vyras ir moteris vienu du gyventi visavert\u012f \u0161eimos gyvenim\u0105? Meg\u0117 nebemyli savo senojo vaikino. Po vienos nakties, praleistos su Australijos papl\u016bdimi\u0173 li\u016btu, ji \u012fsitikina, jog kartais net ir gydytojams pasitaiko pra\u017eiopsoti \u0161eimos planavim\u0105. Ar gimdyti k\u016bdik\u012f, jei nemyli b\u016bsimo vaiko t\u0117vo? Ket\u0117 myli gyvenim\u0105. U\u017eauginusi dvi jaunesni\u0105sias seseris, ji tetrok\u0161ta vieno \u2013 laisv\u0117s. Jos draugas yra jau patyr\u0119s vien\u0105 \u0161eimos gri\u016bt\u012f ir nelink\u0119s dar syk\u012f prad\u0117ti visk\u0105 i\u0161 naujo. Ta\u010diau ar gali \u0161iuolaikin\u0117 moteris apskritai patirti laim\u0119 gyvenime, kuriame n\u0117ra vietos vaikams? Trys seserys. Trys poros. Du n\u0117\u0161tumai. \u0160e\u0161etas vyr\u0173 ir moter\u0173, m\u0117ginan\u010di\u0173 spr\u0119sti meil\u0117s u\u017edavinius ir ie\u0161kan\u010di\u0173 prasm\u0117s \u0161eimyniniame gyvenime. Autorius:\u00a0Tony Parsons Leid\u0117jas:\u00a0Alma littera Metai:\u00a02006 Puslapiai:\u00a0432 ISBN:\u00a09789955243007 Formatas:\u00a013 x 20,5 cm, kieti vir\u0161eliai Kalba:\u00a0Lietuvi\u0173 Vert\u0117jas:\u00a0Gytis Kudarauskas<\/p>\n","protected":false},"featured_media":13497,"comment_status":"closed","ping_status":"closed","template":"","meta":{"_acf_changed":false,"site-sidebar-layout":"default","site-content-layout":"","ast-site-content-layout":"default","site-content-style":"default","site-sidebar-style":"default","ast-global-header-display":"","ast-banner-title-visibility":"","ast-main-header-display":"","ast-hfb-above-header-display":"","ast-hfb-below-header-display":"","ast-hfb-mobile-header-display":"","site-post-title":"","ast-breadcrumbs-content":"","ast-featured-img":"","footer-sml-layout":"","ast-disable-related-posts":"","theme-transparent-header-meta":"default","adv-header-id-meta":"","stick-header-meta":"","header-above-stick-meta":"","header-main-stick-meta":"","header-below-stick-meta":"","astra-migrate-meta-layouts":"set","ast-page-background-enabled":"default","ast-page-background-meta":{"desktop":{"background-color":"","background-image":"","background-repeat":"repeat","background-position":"center center","background-size":"auto","background-attachment":"scroll","background-type":"","background-media":"","overlay-type":"","overlay-color":"","overlay-opacity":"","overlay-gradient":""},"tablet":{"background-color":"","background-image":"","background-repeat":"repeat","background-position":"center center","background-size":"auto","background-attachment":"scroll","background-type":"","background-media":"","overlay-type":"","overlay-color":"","overlay-opacity":"","overlay-gradient":""},"mobile":{"background-color":"","background-image":"","background-repeat":"repeat","background-position":"center center","background-size":"auto","background-attachment":"scroll","background-type":"","background-media":"","overlay-type":"","overlay-color":"","overlay-opacity":"","overlay-gradient":""}},"ast-content-background-meta":{"desktop":{"background-color":"var(--ast-global-color-4)","background-image":"","background-repeat":"repeat","background-position":"center center","background-size":"auto","background-attachment":"scroll","background-type":"","background-media":"","overlay-type":"","overlay-color":"","overlay-opacity":"","overlay-gradient":""},"tablet":{"background-color":"var(--ast-global-color-4)","background-image":"","background-repeat":"repeat","background-position":"center center","background-size":"auto","background-attachment":"scroll","background-type":"","background-media":"","overlay-type":"","overlay-color":"","overlay-opacity":"","overlay-gradient":""},"mobile":{"background-color":"var(--ast-global-color-4)","background-image":"","background-repeat":"repeat","background-position":"center center","background-size":"auto","background-attachment":"scroll","background-type":"","background-media":"","overlay-type":"","overlay-color":"","overlay-opacity":"","overlay-gradient":""}}},"product_brand":[],"product_cat":[31],"product_tag":[],"class_list":{"0":"post-13500","1":"product","2":"type-product","3":"status-publish","4":"has-post-thumbnail","6":"product_cat-grozine-literatura","7":"pa_leidimo-metai-645","8":"desktop-align-left","9":"tablet-align-left","10":"mobile-align-left","12":"first","13":"instock","14":"shipping-taxable","15":"purchasable","16":"product-type-simple"},"acf":[],"yoast_head":"<!-- This site is optimized with the Yoast SEO plugin v27.0 - https:\/\/yoast.com\/product\/yoast-seo-wordpress\/ -->\n<title>Tony Parsons \u201e\u0160eimos keliu\u201c<\/title>\n<meta name=\"description\" content=\"Paulas myli D\u017eesik\u0105. Myli taip stipriai, kad be \u017emonos jam nieko daugiau nebereikia. Ta\u010diau D\u017eesika be vaik\u0173 niekada nesugeb\u0117s b\u016bti laiminga. Tik k\u016bdikio\" \/>\n<meta name=\"robots\" content=\"index, follow, max-snippet:-1, max-image-preview:large, max-video-preview:-1\" \/>\n<link rel=\"canonical\" href=\"https:\/\/skaitytaknyga.lt\/en\/produktas\/seimos-keliu\/\" \/>\n<meta property=\"og:locale\" content=\"en_GB\" \/>\n<meta property=\"og:locale:alternate\" content=\"lt_LT\" \/>\n<meta property=\"og:type\" content=\"article\" \/>\n<meta property=\"og:title\" content=\"Tony Parsons \u201e\u0160eimos keliu\u201c\" \/>\n<meta property=\"og:description\" content=\"Paulas myli D\u017eesik\u0105. Myli taip stipriai, kad be \u017emonos jam nieko daugiau nebereikia. Ta\u010diau D\u017eesika be vaik\u0173 niekada nesugeb\u0117s b\u016bti laiminga. Tik k\u016bdikio\" \/>\n<meta property=\"og:url\" content=\"https:\/\/skaitytaknyga.lt\/en\/produktas\/seimos-keliu\/\" \/>\n<meta property=\"og:site_name\" content=\"Skaitytaknyga\" \/>\n<meta property=\"article:publisher\" content=\"https:\/\/www.facebook.com\/skaitytaknyga\/\" \/>\n<meta property=\"article:modified_time\" content=\"2024-08-23T09:47:57+00:00\" \/>\n<meta property=\"og:image\" content=\"https:\/\/skaitytaknyga.lt\/wp-content\/uploads\/2024\/08\/img_4914-1.jpeg\" \/>\n\t<meta property=\"og:image:width\" content=\"525\" \/>\n\t<meta property=\"og:image:height\" content=\"800\" \/>\n\t<meta property=\"og:image:type\" content=\"image\/jpeg\" \/>\n<meta name=\"twitter:card\" content=\"summary_large_image\" \/>\n<meta name=\"twitter:label1\" content=\"Estimated reading time\" \/>\n\t<meta name=\"twitter:data1\" content=\"2 minutes\" \/>\n<script type=\"application\/ld+json\" class=\"yoast-schema-graph\">{\"@context\":\"https:\/\/schema.org\",\"@graph\":[{\"@type\":\"WebPage\",\"@id\":\"https:\/\/skaitytaknyga.lt\/produktas\/seimos-keliu\/\",\"url\":\"https:\/\/skaitytaknyga.lt\/produktas\/seimos-keliu\/\",\"name\":\"Tony Parsons \u201e\u0160eimos keliu\u201c\",\"isPartOf\":{\"@id\":\"https:\/\/skaitytaknyga.lt\/#website\"},\"primaryImageOfPage\":{\"@id\":\"https:\/\/skaitytaknyga.lt\/produktas\/seimos-keliu\/#primaryimage\"},\"image\":{\"@id\":\"https:\/\/skaitytaknyga.lt\/produktas\/seimos-keliu\/#primaryimage\"},\"thumbnailUrl\":\"https:\/\/skaitytaknyga.lt\/wp-content\/uploads\/2024\/08\/img_4914-1.jpeg\",\"datePublished\":\"2024-08-23T08:42:49+00:00\",\"dateModified\":\"2024-08-23T09:47:57+00:00\",\"description\":\"Paulas myli D\u017eesik\u0105. Myli taip stipriai, kad be \u017emonos jam nieko daugiau nebereikia. Ta\u010diau D\u017eesika be vaik\u0173 niekada nesugeb\u0117s b\u016bti laiminga. Tik k\u016bdikio\",\"breadcrumb\":{\"@id\":\"https:\/\/skaitytaknyga.lt\/produktas\/seimos-keliu\/#breadcrumb\"},\"inLanguage\":\"en-GB\",\"potentialAction\":[{\"@type\":\"ReadAction\",\"target\":[\"https:\/\/skaitytaknyga.lt\/produktas\/seimos-keliu\/\"]}]},{\"@type\":\"ImageObject\",\"inLanguage\":\"en-GB\",\"@id\":\"https:\/\/skaitytaknyga.lt\/produktas\/seimos-keliu\/#primaryimage\",\"url\":\"https:\/\/skaitytaknyga.lt\/wp-content\/uploads\/2024\/08\/img_4914-1.jpeg\",\"contentUrl\":\"https:\/\/skaitytaknyga.lt\/wp-content\/uploads\/2024\/08\/img_4914-1.jpeg\",\"width\":525,\"height\":800,\"caption\":\"Kate Jacobs \u201ePenktadienio vakaro mezgimo klubas\u201c\"},{\"@type\":\"BreadcrumbList\",\"@id\":\"https:\/\/skaitytaknyga.lt\/produktas\/seimos-keliu\/#breadcrumb\",\"itemListElement\":[{\"@type\":\"ListItem\",\"position\":1,\"name\":\"Home\",\"item\":\"https:\/\/skaitytaknyga.lt\/\"},{\"@type\":\"ListItem\",\"position\":2,\"name\":\"Parduotuv\u0117\",\"item\":\"https:\/\/skaitytaknyga.lt\/knygu-parduotuve\/\"},{\"@type\":\"ListItem\",\"position\":3,\"name\":\"Tony Parsons \u201e\u0160eimos keliu\u201c\"}]},{\"@type\":\"WebSite\",\"@id\":\"https:\/\/skaitytaknyga.lt\/#website\",\"url\":\"https:\/\/skaitytaknyga.lt\/\",\"name\":\"skaitytaknyga.lt\",\"description\":\"Skaitytaknyga.lt \u2013 tai ma\u017eas \u0161eimos verslas, kuris prasid\u0117jo nuo meil\u0117s knygoms ir siekio i\u0161gelb\u0117ti knygas nuo likimo prie konteinerio. Kas vienam nereikalingas daiktas \u2013 kitam lobis, o mes esame tarpininkai, kurie padeda abiems tapti laimingesniems ???? \u017dinome kaip nelengva i\u0161gyventi ma\u017eiems verslams, tad nuo \u0161iol, \u010dia rasite ir kit\u0173, ma\u017e\u0173 \u0161eim\u0173 versl\u0173, rank\u0173 darbo, dovan\u0173 sau ir artimiesiems.\",\"publisher\":{\"@id\":\"https:\/\/skaitytaknyga.lt\/#organization\"},\"potentialAction\":[{\"@type\":\"SearchAction\",\"target\":{\"@type\":\"EntryPoint\",\"urlTemplate\":\"https:\/\/skaitytaknyga.lt\/?s={search_term_string}\"},\"query-input\":{\"@type\":\"PropertyValueSpecification\",\"valueRequired\":true,\"valueName\":\"search_term_string\"}}],\"inLanguage\":\"en-GB\"},{\"@type\":\"Organization\",\"@id\":\"https:\/\/skaitytaknyga.lt\/#organization\",\"name\":\"skaitytaknyga.lt\",\"url\":\"https:\/\/skaitytaknyga.lt\/\",\"logo\":{\"@type\":\"ImageObject\",\"inLanguage\":\"en-GB\",\"@id\":\"https:\/\/skaitytaknyga.lt\/#\/schema\/logo\/image\/\",\"url\":\"https:\/\/skaitytaknyga.lt\/wp-content\/uploads\/2024\/05\/cropped-cropped-cropped-02_00843_jt3bggkj1j3HLc7SyY6rEUpg.jpeg\",\"contentUrl\":\"https:\/\/skaitytaknyga.lt\/wp-content\/uploads\/2024\/05\/cropped-cropped-cropped-02_00843_jt3bggkj1j3HLc7SyY6rEUpg.jpeg\",\"width\":1600,\"height\":1600,\"caption\":\"skaitytaknyga.lt\"},\"image\":{\"@id\":\"https:\/\/skaitytaknyga.lt\/#\/schema\/logo\/image\/\"},\"sameAs\":[\"https:\/\/www.facebook.com\/skaitytaknyga\/\"]}]}<\/script>\n<!-- \/ Yoast SEO plugin. -->","yoast_head_json":{"title":"Tony Parsons \u201e\u0160eimos keliu\u201c","description":"Paulas myli D\u017eesik\u0105. Myli taip stipriai, kad be \u017emonos jam nieko daugiau nebereikia. Ta\u010diau D\u017eesika be vaik\u0173 niekada nesugeb\u0117s b\u016bti laiminga. Tik k\u016bdikio","robots":{"index":"index","follow":"follow","max-snippet":"max-snippet:-1","max-image-preview":"max-image-preview:large","max-video-preview":"max-video-preview:-1"},"canonical":"https:\/\/skaitytaknyga.lt\/en\/produktas\/seimos-keliu\/","og_locale":"en_GB","og_type":"article","og_title":"[:lt]Tony Parsons \u201e\u0160eimos keliu\u201c[:] - Skaitytaknyga","og_description":"Paulas myli D\u017eesik\u0105. Myli taip stipriai, kad be \u017emonos jam nieko daugiau nebereikia. Ta\u010diau D\u017eesika be vaik\u0173 niekada nesugeb\u0117s b\u016bti laiminga. Tik k\u016bdikio","og_url":"https:\/\/skaitytaknyga.lt\/en\/produktas\/seimos-keliu\/","og_site_name":"Skaitytaknyga","article_publisher":"https:\/\/www.facebook.com\/skaitytaknyga\/","article_modified_time":"2024-08-23T09:47:57+00:00","og_image":[{"width":525,"height":800,"url":"https:\/\/skaitytaknyga.lt\/wp-content\/uploads\/2024\/08\/img_4914-1.jpeg","type":"image\/jpeg"}],"twitter_card":"summary_large_image","twitter_misc":{"Estimated reading time":"2 minutes"},"schema":{"@context":"https:\/\/schema.org","@graph":[{"@type":"WebPage","@id":"https:\/\/skaitytaknyga.lt\/produktas\/seimos-keliu\/","url":"https:\/\/skaitytaknyga.lt\/produktas\/seimos-keliu\/","name":"Tony Parsons \u201e\u0160eimos keliu\u201c","isPartOf":{"@id":"https:\/\/skaitytaknyga.lt\/#website"},"primaryImageOfPage":{"@id":"https:\/\/skaitytaknyga.lt\/produktas\/seimos-keliu\/#primaryimage"},"image":{"@id":"https:\/\/skaitytaknyga.lt\/produktas\/seimos-keliu\/#primaryimage"},"thumbnailUrl":"https:\/\/skaitytaknyga.lt\/wp-content\/uploads\/2024\/08\/img_4914-1.jpeg","datePublished":"2024-08-23T08:42:49+00:00","dateModified":"2024-08-23T09:47:57+00:00","description":"Paulas myli D\u017eesik\u0105. Myli taip stipriai, kad be \u017emonos jam nieko daugiau nebereikia. Ta\u010diau D\u017eesika be vaik\u0173 niekada nesugeb\u0117s b\u016bti laiminga. Tik k\u016bdikio","breadcrumb":{"@id":"https:\/\/skaitytaknyga.lt\/produktas\/seimos-keliu\/#breadcrumb"},"inLanguage":"en-GB","potentialAction":[{"@type":"ReadAction","target":["https:\/\/skaitytaknyga.lt\/produktas\/seimos-keliu\/"]}]},{"@type":"ImageObject","inLanguage":"en-GB","@id":"https:\/\/skaitytaknyga.lt\/produktas\/seimos-keliu\/#primaryimage","url":"https:\/\/skaitytaknyga.lt\/wp-content\/uploads\/2024\/08\/img_4914-1.jpeg","contentUrl":"https:\/\/skaitytaknyga.lt\/wp-content\/uploads\/2024\/08\/img_4914-1.jpeg","width":525,"height":800,"caption":"Kate Jacobs \u201ePenktadienio vakaro mezgimo klubas\u201c"},{"@type":"BreadcrumbList","@id":"https:\/\/skaitytaknyga.lt\/produktas\/seimos-keliu\/#breadcrumb","itemListElement":[{"@type":"ListItem","position":1,"name":"Home","item":"https:\/\/skaitytaknyga.lt\/"},{"@type":"ListItem","position":2,"name":"Parduotuv\u0117","item":"https:\/\/skaitytaknyga.lt\/knygu-parduotuve\/"},{"@type":"ListItem","position":3,"name":"Tony Parsons \u201e\u0160eimos keliu\u201c"}]},{"@type":"WebSite","@id":"https:\/\/skaitytaknyga.lt\/#website","url":"https:\/\/skaitytaknyga.lt\/","name":"skaitytaknyga.lt","description":"Skaitytaknyga.lt \u2013 tai ma\u017eas \u0161eimos verslas, kuris prasid\u0117jo nuo meil\u0117s knygoms ir siekio i\u0161gelb\u0117ti knygas nuo likimo prie konteinerio. Kas vienam nereikalingas daiktas \u2013 kitam lobis, o mes esame tarpininkai, kurie padeda abiems tapti laimingesniems ???? \u017dinome kaip nelengva i\u0161gyventi ma\u017eiems verslams, tad nuo \u0161iol, \u010dia rasite ir kit\u0173, ma\u017e\u0173 \u0161eim\u0173 versl\u0173, rank\u0173 darbo, dovan\u0173 sau ir artimiesiems.","publisher":{"@id":"https:\/\/skaitytaknyga.lt\/#organization"},"potentialAction":[{"@type":"SearchAction","target":{"@type":"EntryPoint","urlTemplate":"https:\/\/skaitytaknyga.lt\/?s={search_term_string}"},"query-input":{"@type":"PropertyValueSpecification","valueRequired":true,"valueName":"search_term_string"}}],"inLanguage":"en-GB"},{"@type":"Organization","@id":"https:\/\/skaitytaknyga.lt\/#organization","name":"skaitytaknyga.lt","url":"https:\/\/skaitytaknyga.lt\/","logo":{"@type":"ImageObject","inLanguage":"en-GB","@id":"https:\/\/skaitytaknyga.lt\/#\/schema\/logo\/image\/","url":"https:\/\/skaitytaknyga.lt\/wp-content\/uploads\/2024\/05\/cropped-cropped-cropped-02_00843_jt3bggkj1j3HLc7SyY6rEUpg.jpeg","contentUrl":"https:\/\/skaitytaknyga.lt\/wp-content\/uploads\/2024\/05\/cropped-cropped-cropped-02_00843_jt3bggkj1j3HLc7SyY6rEUpg.jpeg","width":1600,"height":1600,"caption":"skaitytaknyga.lt"},"image":{"@id":"https:\/\/skaitytaknyga.lt\/#\/schema\/logo\/image\/"},"sameAs":["https:\/\/www.facebook.com\/skaitytaknyga\/"]}]}},"_links":{"self":[{"href":"https:\/\/skaitytaknyga.lt\/en\/wp-json\/wp\/v2\/product\/13500","targetHints":{"allow":["GET"]}}],"collection":[{"href":"https:\/\/skaitytaknyga.lt\/en\/wp-json\/wp\/v2\/product"}],"about":[{"href":"https:\/\/skaitytaknyga.lt\/en\/wp-json\/wp\/v2\/types\/product"}],"replies":[{"embeddable":true,"href":"https:\/\/skaitytaknyga.lt\/en\/wp-json\/wp\/v2\/comments?post=13500"}],"wp:featuredmedia":[{"embeddable":true,"href":"https:\/\/skaitytaknyga.lt\/en\/wp-json\/wp\/v2\/media\/13497"}],"wp:attachment":[{"href":"https:\/\/skaitytaknyga.lt\/en\/wp-json\/wp\/v2\/media?parent=13500"}],"wp:term":[{"taxonomy":"product_brand","embeddable":true,"href":"https:\/\/skaitytaknyga.lt\/en\/wp-json\/wp\/v2\/product_brand?post=13500"},{"taxonomy":"product_cat","embeddable":true,"href":"https:\/\/skaitytaknyga.lt\/en\/wp-json\/wp\/v2\/product_cat?post=13500"},{"taxonomy":"product_tag","embeddable":true,"href":"https:\/\/skaitytaknyga.lt\/en\/wp-json\/wp\/v2\/product_tag?post=13500"}],"curies":[{"name":"wp","href":"https:\/\/api.w.org\/{rel}","templated":true}]}}