{"id":13498,"date":"2024-08-23T11:38:30","date_gmt":"2024-08-23T08:38:30","guid":{"rendered":"https:\/\/skaitytaknyga.lt\/?post_type=product&#038;p=13498"},"modified":"2025-04-27T09:37:29","modified_gmt":"2025-04-27T06:37:29","slug":"rozes-memuarai","status":"publish","type":"product","link":"https:\/\/skaitytaknyga.lt\/en\/produktas\/rozes-memuarai\/","title":{"rendered":"Consuelo de Saint-Exup\u00e9ry \u201eRo\u017e\u0117s memuarai\u201c"},"content":{"rendered":"<p>Garsiojo pranc\u016bz\u0173 ra\u0161ytojo ir lak\u016bno Antuano de Sent-Egziuperi \u017emonos Konsuelo prisiminimai apie j\u0173 gyvenim\u0105 ir meil\u0119.<\/p>\n<ul class=\"about-product mb-3\">\n<li><strong style=\"font-weight: bold;\">Autorius:<\/strong><span class=\"Apple-converted-space\">\u00a0<\/span>Consuelo de Saint-Exup\u00e9ry<\/li>\n<li><strong style=\"font-weight: bold;\">Leid\u0117jas:<\/strong><span class=\"Apple-converted-space\">\u00a0<\/span>Alma littera<\/li>\n<li><strong style=\"font-weight: bold;\">Metai:<\/strong><span class=\"Apple-converted-space\">\u00a0<\/span>2001<\/li>\n<li><strong style=\"font-weight: bold;\">Puslapiai:<\/strong><span class=\"Apple-converted-space\">\u00a0<\/span>256<\/li>\n<li class=\"toggleable type-new-formats \"><strong style=\"font-weight: bold;\">Formatas:<\/strong><span class=\"Apple-converted-space\">\u00a0<\/span>15 x 24 cm, kieti vir\u0161eliai<\/li>\n<li><strong style=\"font-weight: bold;\">Kalba:<\/strong><span class=\"Apple-converted-space\">\u00a0<\/span>Lietuvi\u0173<\/li>\n<\/ul>\n","protected":false},"excerpt":{"rendered":"<p>Garsiojo pranc\u016bz\u0173 ra\u0161ytojo ir lak\u016bno Antuano de Sent-Egziuperi \u017emonos Konsuelo prisiminimai apie j\u0173 gyvenim\u0105 ir meil\u0119. Autorius:\u00a0Consuelo de Saint-Exup\u00e9ry Leid\u0117jas:\u00a0Alma littera Metai:\u00a02001 Puslapiai:\u00a0256 Formatas:\u00a015 x 24 cm, kieti vir\u0161eliai Kalba:\u00a0Lietuvi\u0173<\/p>\n","protected":false},"featured_media":13499,"comment_status":"closed","ping_status":"closed","template":"","meta":{"_acf_changed":false,"site-sidebar-layout":"default","site-content-layout":"","ast-site-content-layout":"default","site-content-style":"default","site-sidebar-style":"default","ast-global-header-display":"","ast-banner-title-visibility":"","ast-main-header-display":"","ast-hfb-above-header-display":"","ast-hfb-below-header-display":"","ast-hfb-mobile-header-display":"","site-post-title":"","ast-breadcrumbs-content":"","ast-featured-img":"","footer-sml-layout":"","ast-disable-related-posts":"","theme-transparent-header-meta":"default","adv-header-id-meta":"","stick-header-meta":"","header-above-stick-meta":"","header-main-stick-meta":"","header-below-stick-meta":"","astra-migrate-meta-layouts":"set","ast-page-background-enabled":"default","ast-page-background-meta":{"desktop":{"background-color":"","background-image":"","background-repeat":"repeat","background-position":"center center","background-size":"auto","background-attachment":"scroll","background-type":"","background-media":"","overlay-type":"","overlay-color":"","overlay-opacity":"","overlay-gradient":""},"tablet":{"background-color":"","background-image":"","background-repeat":"repeat","background-position":"center center","background-size":"auto","background-attachment":"scroll","background-type":"","background-media":"","overlay-type":"","overlay-color":"","overlay-opacity":"","overlay-gradient":""},"mobile":{"background-color":"","background-image":"","background-repeat":"repeat","background-position":"center center","background-size":"auto","background-attachment":"scroll","background-type":"","background-media":"","overlay-type":"","overlay-color":"","overlay-opacity":"","overlay-gradient":""}},"ast-content-background-meta":{"desktop":{"background-color":"var(--ast-global-color-4)","background-image":"","background-repeat":"repeat","background-position":"center center","background-size":"auto","background-attachment":"scroll","background-type":"","background-media":"","overlay-type":"","overlay-color":"","overlay-opacity":"","overlay-gradient":""},"tablet":{"background-color":"var(--ast-global-color-4)","background-image":"","background-repeat":"repeat","background-position":"center center","background-size":"auto","background-attachment":"scroll","background-type":"","background-media":"","overlay-type":"","overlay-color":"","overlay-opacity":"","overlay-gradient":""},"mobile":{"background-color":"var(--ast-global-color-4)","background-image":"","background-repeat":"repeat","background-position":"center center","background-size":"auto","background-attachment":"scroll","background-type":"","background-media":"","overlay-type":"","overlay-color":"","overlay-opacity":"","overlay-gradient":""}}},"product_brand":[],"product_cat":[33],"product_tag":[],"class_list":{"0":"post-13498","1":"product","2":"type-product","3":"status-publish","4":"has-post-thumbnail","6":"product_cat-biografijos","7":"desktop-align-left","8":"tablet-align-left","9":"mobile-align-left","11":"first","12":"outofstock","13":"shipping-taxable","14":"purchasable","15":"product-type-simple"},"acf":[],"yoast_head":"<!-- This site is optimized with the Yoast SEO plugin v27.0 - https:\/\/yoast.com\/product\/yoast-seo-wordpress\/ -->\n<title>Consuelo de Saint-Exup\u00e9ry \u201eRo\u017e\u0117s memuarai\u201c<\/title>\n<meta name=\"description\" content=\"Garsiojo pranc\u016bz\u0173 ra\u0161ytojo ir lak\u016bno Antuano de Sent-Egziuperi \u017emonos Konsuelo prisiminimai apie j\u0173 gyvenim\u0105 ir meil\u0119. Autorius:\u00a0Consuelo de Saint-Exup\u00e9ry\" \/>\n<meta name=\"robots\" content=\"index, follow, max-snippet:-1, max-image-preview:large, max-video-preview:-1\" \/>\n<link rel=\"canonical\" href=\"https:\/\/skaitytaknyga.lt\/en\/produktas\/rozes-memuarai\/\" \/>\n<meta property=\"og:locale\" content=\"en_GB\" \/>\n<meta property=\"og:locale:alternate\" content=\"lt_LT\" \/>\n<meta property=\"og:type\" content=\"article\" \/>\n<meta property=\"og:title\" content=\"Consuelo de Saint-Exup\u00e9ry \u201eRo\u017e\u0117s memuarai\u201c\" \/>\n<meta property=\"og:description\" content=\"Garsiojo pranc\u016bz\u0173 ra\u0161ytojo ir lak\u016bno Antuano de Sent-Egziuperi \u017emonos Konsuelo prisiminimai apie j\u0173 gyvenim\u0105 ir meil\u0119. Autorius:\u00a0Consuelo de Saint-Exup\u00e9ry\" \/>\n<meta property=\"og:url\" content=\"https:\/\/skaitytaknyga.lt\/en\/produktas\/rozes-memuarai\/\" \/>\n<meta property=\"og:site_name\" content=\"Skaitytaknyga\" \/>\n<meta property=\"article:publisher\" content=\"https:\/\/www.facebook.com\/skaitytaknyga\/\" \/>\n<meta property=\"article:modified_time\" content=\"2025-04-27T06:37:29+00:00\" \/>\n<meta property=\"og:image\" content=\"https:\/\/skaitytaknyga.lt\/wp-content\/uploads\/2024\/08\/img_4920.jpeg\" \/>\n\t<meta property=\"og:image:width\" content=\"368\" \/>\n\t<meta property=\"og:image:height\" content=\"600\" \/>\n\t<meta property=\"og:image:type\" content=\"image\/jpeg\" \/>\n<meta name=\"twitter:card\" content=\"summary_large_image\" \/>\n<meta name=\"twitter:label1\" content=\"Estimated reading time\" \/>\n\t<meta name=\"twitter:data1\" content=\"1 minute\" \/>\n<script type=\"application\/ld+json\" class=\"yoast-schema-graph\">{\"@context\":\"https:\/\/schema.org\",\"@graph\":[{\"@type\":\"WebPage\",\"@id\":\"https:\/\/skaitytaknyga.lt\/produktas\/rozes-memuarai\/\",\"url\":\"https:\/\/skaitytaknyga.lt\/produktas\/rozes-memuarai\/\",\"name\":\"Consuelo de Saint-Exup\u00e9ry \u201eRo\u017e\u0117s memuarai\u201c\",\"isPartOf\":{\"@id\":\"https:\/\/skaitytaknyga.lt\/#website\"},\"primaryImageOfPage\":{\"@id\":\"https:\/\/skaitytaknyga.lt\/produktas\/rozes-memuarai\/#primaryimage\"},\"image\":{\"@id\":\"https:\/\/skaitytaknyga.lt\/produktas\/rozes-memuarai\/#primaryimage\"},\"thumbnailUrl\":\"https:\/\/skaitytaknyga.lt\/wp-content\/uploads\/2024\/08\/img_4920.jpeg\",\"datePublished\":\"2024-08-23T08:38:30+00:00\",\"dateModified\":\"2025-04-27T06:37:29+00:00\",\"description\":\"Garsiojo pranc\u016bz\u0173 ra\u0161ytojo ir lak\u016bno Antuano de Sent-Egziuperi \u017emonos Konsuelo prisiminimai apie j\u0173 gyvenim\u0105 ir meil\u0119. Autorius:\u00a0Consuelo de Saint-Exup\u00e9ry\",\"breadcrumb\":{\"@id\":\"https:\/\/skaitytaknyga.lt\/produktas\/rozes-memuarai\/#breadcrumb\"},\"inLanguage\":\"en-GB\",\"potentialAction\":[{\"@type\":\"ReadAction\",\"target\":[\"https:\/\/skaitytaknyga.lt\/produktas\/rozes-memuarai\/\"]}]},{\"@type\":\"ImageObject\",\"inLanguage\":\"en-GB\",\"@id\":\"https:\/\/skaitytaknyga.lt\/produktas\/rozes-memuarai\/#primaryimage\",\"url\":\"https:\/\/skaitytaknyga.lt\/wp-content\/uploads\/2024\/08\/img_4920.jpeg\",\"contentUrl\":\"https:\/\/skaitytaknyga.lt\/wp-content\/uploads\/2024\/08\/img_4920.jpeg\",\"width\":368,\"height\":600,\"caption\":\"Consuelo de Saint-Exup\u00e9ry \u201eRo\u017e\u0117s memuarai\u201c\"},{\"@type\":\"BreadcrumbList\",\"@id\":\"https:\/\/skaitytaknyga.lt\/produktas\/rozes-memuarai\/#breadcrumb\",\"itemListElement\":[{\"@type\":\"ListItem\",\"position\":1,\"name\":\"Home\",\"item\":\"https:\/\/skaitytaknyga.lt\/\"},{\"@type\":\"ListItem\",\"position\":2,\"name\":\"Parduotuv\u0117\",\"item\":\"https:\/\/skaitytaknyga.lt\/knygu-parduotuve\/\"},{\"@type\":\"ListItem\",\"position\":3,\"name\":\"Consuelo de Saint-Exup\u00e9ry \u201eRo\u017e\u0117s memuarai\u201c\"}]},{\"@type\":\"WebSite\",\"@id\":\"https:\/\/skaitytaknyga.lt\/#website\",\"url\":\"https:\/\/skaitytaknyga.lt\/\",\"name\":\"skaitytaknyga.lt\",\"description\":\"Skaitytaknyga.lt \u2013 tai ma\u017eas \u0161eimos verslas, kuris prasid\u0117jo nuo meil\u0117s knygoms ir siekio i\u0161gelb\u0117ti knygas nuo likimo prie konteinerio. Kas vienam nereikalingas daiktas \u2013 kitam lobis, o mes esame tarpininkai, kurie padeda abiems tapti laimingesniems ???? \u017dinome kaip nelengva i\u0161gyventi ma\u017eiems verslams, tad nuo \u0161iol, \u010dia rasite ir kit\u0173, ma\u017e\u0173 \u0161eim\u0173 versl\u0173, rank\u0173 darbo, dovan\u0173 sau ir artimiesiems.\",\"publisher\":{\"@id\":\"https:\/\/skaitytaknyga.lt\/#organization\"},\"potentialAction\":[{\"@type\":\"SearchAction\",\"target\":{\"@type\":\"EntryPoint\",\"urlTemplate\":\"https:\/\/skaitytaknyga.lt\/?s={search_term_string}\"},\"query-input\":{\"@type\":\"PropertyValueSpecification\",\"valueRequired\":true,\"valueName\":\"search_term_string\"}}],\"inLanguage\":\"en-GB\"},{\"@type\":\"Organization\",\"@id\":\"https:\/\/skaitytaknyga.lt\/#organization\",\"name\":\"skaitytaknyga.lt\",\"url\":\"https:\/\/skaitytaknyga.lt\/\",\"logo\":{\"@type\":\"ImageObject\",\"inLanguage\":\"en-GB\",\"@id\":\"https:\/\/skaitytaknyga.lt\/#\/schema\/logo\/image\/\",\"url\":\"https:\/\/skaitytaknyga.lt\/wp-content\/uploads\/2024\/05\/cropped-cropped-cropped-02_00843_jt3bggkj1j3HLc7SyY6rEUpg.jpeg\",\"contentUrl\":\"https:\/\/skaitytaknyga.lt\/wp-content\/uploads\/2024\/05\/cropped-cropped-cropped-02_00843_jt3bggkj1j3HLc7SyY6rEUpg.jpeg\",\"width\":1600,\"height\":1600,\"caption\":\"skaitytaknyga.lt\"},\"image\":{\"@id\":\"https:\/\/skaitytaknyga.lt\/#\/schema\/logo\/image\/\"},\"sameAs\":[\"https:\/\/www.facebook.com\/skaitytaknyga\/\"]}]}<\/script>\n<!-- \/ Yoast SEO plugin. -->","yoast_head_json":{"title":"Consuelo de Saint-Exup\u00e9ry \u201eRo\u017e\u0117s memuarai\u201c","description":"Garsiojo pranc\u016bz\u0173 ra\u0161ytojo ir lak\u016bno Antuano de Sent-Egziuperi \u017emonos Konsuelo prisiminimai apie j\u0173 gyvenim\u0105 ir meil\u0119. Autorius:\u00a0Consuelo de Saint-Exup\u00e9ry","robots":{"index":"index","follow":"follow","max-snippet":"max-snippet:-1","max-image-preview":"max-image-preview:large","max-video-preview":"max-video-preview:-1"},"canonical":"https:\/\/skaitytaknyga.lt\/en\/produktas\/rozes-memuarai\/","og_locale":"en_GB","og_type":"article","og_title":"[:lt]Consuelo de Saint-Exup\u00e9ry \u201eRo\u017e\u0117s memuarai\u201c[:] - Skaitytaknyga","og_description":"Garsiojo pranc\u016bz\u0173 ra\u0161ytojo ir lak\u016bno Antuano de Sent-Egziuperi \u017emonos Konsuelo prisiminimai apie j\u0173 gyvenim\u0105 ir meil\u0119. Autorius:\u00a0Consuelo de Saint-Exup\u00e9ry","og_url":"https:\/\/skaitytaknyga.lt\/en\/produktas\/rozes-memuarai\/","og_site_name":"Skaitytaknyga","article_publisher":"https:\/\/www.facebook.com\/skaitytaknyga\/","article_modified_time":"2025-04-27T06:37:29+00:00","og_image":[{"width":368,"height":600,"url":"https:\/\/skaitytaknyga.lt\/wp-content\/uploads\/2024\/08\/img_4920.jpeg","type":"image\/jpeg"}],"twitter_card":"summary_large_image","twitter_misc":{"Estimated reading time":"1 minute"},"schema":{"@context":"https:\/\/schema.org","@graph":[{"@type":"WebPage","@id":"https:\/\/skaitytaknyga.lt\/produktas\/rozes-memuarai\/","url":"https:\/\/skaitytaknyga.lt\/produktas\/rozes-memuarai\/","name":"Consuelo de Saint-Exup\u00e9ry \u201eRo\u017e\u0117s memuarai\u201c","isPartOf":{"@id":"https:\/\/skaitytaknyga.lt\/#website"},"primaryImageOfPage":{"@id":"https:\/\/skaitytaknyga.lt\/produktas\/rozes-memuarai\/#primaryimage"},"image":{"@id":"https:\/\/skaitytaknyga.lt\/produktas\/rozes-memuarai\/#primaryimage"},"thumbnailUrl":"https:\/\/skaitytaknyga.lt\/wp-content\/uploads\/2024\/08\/img_4920.jpeg","datePublished":"2024-08-23T08:38:30+00:00","dateModified":"2025-04-27T06:37:29+00:00","description":"Garsiojo pranc\u016bz\u0173 ra\u0161ytojo ir lak\u016bno Antuano de Sent-Egziuperi \u017emonos Konsuelo prisiminimai apie j\u0173 gyvenim\u0105 ir meil\u0119. Autorius:\u00a0Consuelo de Saint-Exup\u00e9ry","breadcrumb":{"@id":"https:\/\/skaitytaknyga.lt\/produktas\/rozes-memuarai\/#breadcrumb"},"inLanguage":"en-GB","potentialAction":[{"@type":"ReadAction","target":["https:\/\/skaitytaknyga.lt\/produktas\/rozes-memuarai\/"]}]},{"@type":"ImageObject","inLanguage":"en-GB","@id":"https:\/\/skaitytaknyga.lt\/produktas\/rozes-memuarai\/#primaryimage","url":"https:\/\/skaitytaknyga.lt\/wp-content\/uploads\/2024\/08\/img_4920.jpeg","contentUrl":"https:\/\/skaitytaknyga.lt\/wp-content\/uploads\/2024\/08\/img_4920.jpeg","width":368,"height":600,"caption":"Consuelo de Saint-Exup\u00e9ry \u201eRo\u017e\u0117s memuarai\u201c"},{"@type":"BreadcrumbList","@id":"https:\/\/skaitytaknyga.lt\/produktas\/rozes-memuarai\/#breadcrumb","itemListElement":[{"@type":"ListItem","position":1,"name":"Home","item":"https:\/\/skaitytaknyga.lt\/"},{"@type":"ListItem","position":2,"name":"Parduotuv\u0117","item":"https:\/\/skaitytaknyga.lt\/knygu-parduotuve\/"},{"@type":"ListItem","position":3,"name":"Consuelo de Saint-Exup\u00e9ry \u201eRo\u017e\u0117s memuarai\u201c"}]},{"@type":"WebSite","@id":"https:\/\/skaitytaknyga.lt\/#website","url":"https:\/\/skaitytaknyga.lt\/","name":"skaitytaknyga.lt","description":"Skaitytaknyga.lt \u2013 tai ma\u017eas \u0161eimos verslas, kuris prasid\u0117jo nuo meil\u0117s knygoms ir siekio i\u0161gelb\u0117ti knygas nuo likimo prie konteinerio. Kas vienam nereikalingas daiktas \u2013 kitam lobis, o mes esame tarpininkai, kurie padeda abiems tapti laimingesniems ???? \u017dinome kaip nelengva i\u0161gyventi ma\u017eiems verslams, tad nuo \u0161iol, \u010dia rasite ir kit\u0173, ma\u017e\u0173 \u0161eim\u0173 versl\u0173, rank\u0173 darbo, dovan\u0173 sau ir artimiesiems.","publisher":{"@id":"https:\/\/skaitytaknyga.lt\/#organization"},"potentialAction":[{"@type":"SearchAction","target":{"@type":"EntryPoint","urlTemplate":"https:\/\/skaitytaknyga.lt\/?s={search_term_string}"},"query-input":{"@type":"PropertyValueSpecification","valueRequired":true,"valueName":"search_term_string"}}],"inLanguage":"en-GB"},{"@type":"Organization","@id":"https:\/\/skaitytaknyga.lt\/#organization","name":"skaitytaknyga.lt","url":"https:\/\/skaitytaknyga.lt\/","logo":{"@type":"ImageObject","inLanguage":"en-GB","@id":"https:\/\/skaitytaknyga.lt\/#\/schema\/logo\/image\/","url":"https:\/\/skaitytaknyga.lt\/wp-content\/uploads\/2024\/05\/cropped-cropped-cropped-02_00843_jt3bggkj1j3HLc7SyY6rEUpg.jpeg","contentUrl":"https:\/\/skaitytaknyga.lt\/wp-content\/uploads\/2024\/05\/cropped-cropped-cropped-02_00843_jt3bggkj1j3HLc7SyY6rEUpg.jpeg","width":1600,"height":1600,"caption":"skaitytaknyga.lt"},"image":{"@id":"https:\/\/skaitytaknyga.lt\/#\/schema\/logo\/image\/"},"sameAs":["https:\/\/www.facebook.com\/skaitytaknyga\/"]}]}},"_links":{"self":[{"href":"https:\/\/skaitytaknyga.lt\/en\/wp-json\/wp\/v2\/product\/13498","targetHints":{"allow":["GET"]}}],"collection":[{"href":"https:\/\/skaitytaknyga.lt\/en\/wp-json\/wp\/v2\/product"}],"about":[{"href":"https:\/\/skaitytaknyga.lt\/en\/wp-json\/wp\/v2\/types\/product"}],"replies":[{"embeddable":true,"href":"https:\/\/skaitytaknyga.lt\/en\/wp-json\/wp\/v2\/comments?post=13498"}],"wp:featuredmedia":[{"embeddable":true,"href":"https:\/\/skaitytaknyga.lt\/en\/wp-json\/wp\/v2\/media\/13499"}],"wp:attachment":[{"href":"https:\/\/skaitytaknyga.lt\/en\/wp-json\/wp\/v2\/media?parent=13498"}],"wp:term":[{"taxonomy":"product_brand","embeddable":true,"href":"https:\/\/skaitytaknyga.lt\/en\/wp-json\/wp\/v2\/product_brand?post=13498"},{"taxonomy":"product_cat","embeddable":true,"href":"https:\/\/skaitytaknyga.lt\/en\/wp-json\/wp\/v2\/product_cat?post=13498"},{"taxonomy":"product_tag","embeddable":true,"href":"https:\/\/skaitytaknyga.lt\/en\/wp-json\/wp\/v2\/product_tag?post=13498"}],"curies":[{"name":"wp","href":"https:\/\/api.w.org\/{rel}","templated":true}]}}