{"id":13494,"date":"2024-08-23T08:57:53","date_gmt":"2024-08-23T05:57:53","guid":{"rendered":"https:\/\/skaitytaknyga.lt\/?post_type=product&#038;p=13494"},"modified":"2024-08-23T12:48:10","modified_gmt":"2024-08-23T09:48:10","slug":"penktadienio-vakaro-mezgimo-klubas","status":"publish","type":"product","link":"https:\/\/skaitytaknyga.lt\/en\/produktas\/penktadienio-vakaro-mezgimo-klubas\/","title":{"rendered":"Kate Jacobs \u201ePenktadienio vakaro mezgimo klubas\u201c"},"content":{"rendered":"<div>\u201ePenktadienio Vakaro Mezgimo Klubas\u201c \u2014 pirmasis Kate Jacobs romanas. Tai jaudinantis pasakojimas apie moter\u0173 draugyst\u0119.<\/div>\n<div>D\u017eord\u017eija\u00a0\u2013 vieni\u0161a mama, auginanti dvylikamet\u0119 dukter\u012f Dakot\u0105, ir nedidel\u0117s verpal\u0173 krautuv\u0117l\u0117s Auk\u0161tutiniame Manhetene savinink\u0117. Moterys penktadienio vakarais renkasi jos krautuv\u0117l\u0117je pasitarti d\u0117l mezgimo projekt\u0173, paplep\u0117ti apie savo meil\u0117s ir gyvenimo reikalus&#8230; ir taip neju\u010dia susikuria Penktadienio Vakaro Mezgimo Klubas.<\/div>\n<div>Tada netik\u0117tai, po daugelio met\u0173, pasirodo Dakotos t\u0117vas, jos buvusi geriausia draug\u0117 Ket, kuriai apkarto prabangus gyvenimas. Ir viskas apvirsta auk\u0161tyn kojom&#8230;<\/div>\n<ul class=\"about-product mb-3\">\n<li><strong style=\"font-weight: bold;\">Originalus pavadinimas:<\/strong><span class=\"Apple-converted-space\">\u00a0<\/span>Friday Night Knitting Club<\/li>\n<li><strong style=\"font-weight: bold;\">Autorius:<\/strong><span class=\"Apple-converted-space\">\u00a0<\/span>Kate Jacobs<\/li>\n<li><strong style=\"font-weight: bold;\">Leid\u0117jas:<\/strong><span class=\"Apple-converted-space\">\u00a0<\/span>Versus Aureus<\/li>\n<li><strong style=\"font-weight: bold;\">Metai:<\/strong><span class=\"Apple-converted-space\">\u00a0<\/span>2007<\/li>\n<li><strong style=\"font-weight: bold;\">Puslapiai:<\/strong><span class=\"Apple-converted-space\">\u00a0<\/span>488<\/li>\n<li><strong style=\"font-weight: bold;\">ISBN:<\/strong><span class=\"Apple-converted-space\">\u00a0<\/span>9789955340256<\/li>\n<li class=\"toggleable type-new-formats \"><strong style=\"font-weight: bold;\">Formatas:<\/strong><span class=\"Apple-converted-space\">\u00a0<\/span>14,5 x 21 cm, kieti vir\u0161eliai<\/li>\n<li><strong style=\"font-weight: bold;\">Kalba:<\/strong><span class=\"Apple-converted-space\">\u00a0<\/span>Lietuvi\u0173<\/li>\n<li><strong style=\"font-weight: bold;\">Vert\u0117jas:<\/strong><span class=\"Apple-converted-space\">\u00a0<\/span>Dal\u0117 Virginija Jakutien\u0117<\/li>\n<\/ul>\n","protected":false},"excerpt":{"rendered":"<p>\u201ePenktadienio Vakaro Mezgimo Klubas\u201c \u2014 pirmasis Kate Jacobs romanas. Tai jaudinantis pasakojimas apie moter\u0173 draugyst\u0119. D\u017eord\u017eija\u00a0\u2013 vieni\u0161a mama, auginanti dvylikamet\u0119 dukter\u012f Dakot\u0105, ir nedidel\u0117s verpal\u0173 krautuv\u0117l\u0117s Auk\u0161tutiniame Manhetene savinink\u0117. Moterys penktadienio vakarais renkasi jos krautuv\u0117l\u0117je pasitarti d\u0117l mezgimo projekt\u0173, paplep\u0117ti apie savo meil\u0117s ir gyvenimo reikalus&#8230; ir taip neju\u010dia susikuria Penktadienio Vakaro Mezgimo Klubas. Tada netik\u0117tai, po daugelio met\u0173, pasirodo Dakotos t\u0117vas, jos buvusi geriausia draug\u0117 Ket, kuriai apkarto prabangus gyvenimas. Ir viskas apvirsta auk\u0161tyn kojom&#8230; Originalus pavadinimas:\u00a0Friday Night Knitting Club Autorius:\u00a0Kate Jacobs Leid\u0117jas:\u00a0Versus Aureus Metai:\u00a02007 Puslapiai:\u00a0488 ISBN:\u00a09789955340256 Formatas:\u00a014,5 x 21 cm, kieti vir\u0161eliai Kalba:\u00a0Lietuvi\u0173 Vert\u0117jas:\u00a0Dal\u0117 Virginija Jakutien\u0117<\/p>\n","protected":false},"featured_media":13497,"comment_status":"closed","ping_status":"closed","template":"","meta":{"_acf_changed":false,"site-sidebar-layout":"default","site-content-layout":"","ast-site-content-layout":"default","site-content-style":"default","site-sidebar-style":"default","ast-global-header-display":"","ast-banner-title-visibility":"","ast-main-header-display":"","ast-hfb-above-header-display":"","ast-hfb-below-header-display":"","ast-hfb-mobile-header-display":"","site-post-title":"","ast-breadcrumbs-content":"","ast-featured-img":"","footer-sml-layout":"","ast-disable-related-posts":"","theme-transparent-header-meta":"default","adv-header-id-meta":"","stick-header-meta":"","header-above-stick-meta":"","header-main-stick-meta":"","header-below-stick-meta":"","astra-migrate-meta-layouts":"set","ast-page-background-enabled":"default","ast-page-background-meta":{"desktop":{"background-color":"","background-image":"","background-repeat":"repeat","background-position":"center center","background-size":"auto","background-attachment":"scroll","background-type":"","background-media":"","overlay-type":"","overlay-color":"","overlay-opacity":"","overlay-gradient":""},"tablet":{"background-color":"","background-image":"","background-repeat":"repeat","background-position":"center center","background-size":"auto","background-attachment":"scroll","background-type":"","background-media":"","overlay-type":"","overlay-color":"","overlay-opacity":"","overlay-gradient":""},"mobile":{"background-color":"","background-image":"","background-repeat":"repeat","background-position":"center center","background-size":"auto","background-attachment":"scroll","background-type":"","background-media":"","overlay-type":"","overlay-color":"","overlay-opacity":"","overlay-gradient":""}},"ast-content-background-meta":{"desktop":{"background-color":"var(--ast-global-color-4)","background-image":"","background-repeat":"repeat","background-position":"center center","background-size":"auto","background-attachment":"scroll","background-type":"","background-media":"","overlay-type":"","overlay-color":"","overlay-opacity":"","overlay-gradient":""},"tablet":{"background-color":"var(--ast-global-color-4)","background-image":"","background-repeat":"repeat","background-position":"center center","background-size":"auto","background-attachment":"scroll","background-type":"","background-media":"","overlay-type":"","overlay-color":"","overlay-opacity":"","overlay-gradient":""},"mobile":{"background-color":"var(--ast-global-color-4)","background-image":"","background-repeat":"repeat","background-position":"center center","background-size":"auto","background-attachment":"scroll","background-type":"","background-media":"","overlay-type":"","overlay-color":"","overlay-opacity":"","overlay-gradient":""}}},"product_brand":[],"product_cat":[31],"product_tag":[],"class_list":{"0":"post-13494","1":"product","2":"type-product","3":"status-publish","4":"has-post-thumbnail","6":"product_cat-grozine-literatura","7":"pa_leidimo-metai-645","8":"desktop-align-left","9":"tablet-align-left","10":"mobile-align-left","12":"first","13":"instock","14":"shipping-taxable","15":"purchasable","16":"product-type-simple"},"acf":[],"yoast_head":"<!-- This site is optimized with the Yoast SEO plugin v27.0 - https:\/\/yoast.com\/product\/yoast-seo-wordpress\/ -->\n<title>Kate Jacobs \u201ePenktadienio vakaro mezgimo klubas\u201c<\/title>\n<meta name=\"description\" content=\"\u201ePenktadienio Vakaro Mezgimo Klubas\u201c \u2014 pirmasis Kate Jacobs romanas. Tai jaudinantis pasakojimas apie moter\u0173 draugyst\u0119. D\u017eord\u017eija\u00a0\u2013 vieni\u0161a mama,\" \/>\n<meta name=\"robots\" content=\"index, follow, max-snippet:-1, max-image-preview:large, max-video-preview:-1\" \/>\n<link rel=\"canonical\" href=\"https:\/\/skaitytaknyga.lt\/en\/produktas\/penktadienio-vakaro-mezgimo-klubas\/\" \/>\n<meta property=\"og:locale\" content=\"en_GB\" \/>\n<meta property=\"og:locale:alternate\" content=\"lt_LT\" \/>\n<meta property=\"og:type\" content=\"article\" \/>\n<meta property=\"og:title\" content=\"Kate Jacobs \u201ePenktadienio vakaro mezgimo klubas\u201c\" \/>\n<meta property=\"og:description\" content=\"\u201ePenktadienio Vakaro Mezgimo Klubas\u201c \u2014 pirmasis Kate Jacobs romanas. Tai jaudinantis pasakojimas apie moter\u0173 draugyst\u0119. D\u017eord\u017eija\u00a0\u2013 vieni\u0161a mama,\" \/>\n<meta property=\"og:url\" content=\"https:\/\/skaitytaknyga.lt\/en\/produktas\/penktadienio-vakaro-mezgimo-klubas\/\" \/>\n<meta property=\"og:site_name\" content=\"Skaitytaknyga\" \/>\n<meta property=\"article:publisher\" content=\"https:\/\/www.facebook.com\/skaitytaknyga\/\" \/>\n<meta property=\"article:modified_time\" content=\"2024-08-23T09:48:10+00:00\" \/>\n<meta property=\"og:image\" content=\"https:\/\/skaitytaknyga.lt\/wp-content\/uploads\/2024\/08\/img_4914-1.jpeg\" \/>\n\t<meta property=\"og:image:width\" content=\"525\" \/>\n\t<meta property=\"og:image:height\" content=\"800\" \/>\n\t<meta property=\"og:image:type\" content=\"image\/jpeg\" \/>\n<meta name=\"twitter:card\" content=\"summary_large_image\" \/>\n<meta name=\"twitter:label1\" content=\"Estimated reading time\" \/>\n\t<meta name=\"twitter:data1\" content=\"1 minute\" \/>\n<script type=\"application\/ld+json\" class=\"yoast-schema-graph\">{\"@context\":\"https:\/\/schema.org\",\"@graph\":[{\"@type\":\"WebPage\",\"@id\":\"https:\/\/skaitytaknyga.lt\/produktas\/penktadienio-vakaro-mezgimo-klubas\/\",\"url\":\"https:\/\/skaitytaknyga.lt\/produktas\/penktadienio-vakaro-mezgimo-klubas\/\",\"name\":\"Kate Jacobs \u201ePenktadienio vakaro mezgimo klubas\u201c\",\"isPartOf\":{\"@id\":\"https:\/\/skaitytaknyga.lt\/#website\"},\"primaryImageOfPage\":{\"@id\":\"https:\/\/skaitytaknyga.lt\/produktas\/penktadienio-vakaro-mezgimo-klubas\/#primaryimage\"},\"image\":{\"@id\":\"https:\/\/skaitytaknyga.lt\/produktas\/penktadienio-vakaro-mezgimo-klubas\/#primaryimage\"},\"thumbnailUrl\":\"https:\/\/skaitytaknyga.lt\/wp-content\/uploads\/2024\/08\/img_4914-1.jpeg\",\"datePublished\":\"2024-08-23T05:57:53+00:00\",\"dateModified\":\"2024-08-23T09:48:10+00:00\",\"description\":\"\u201ePenktadienio Vakaro Mezgimo Klubas\u201c \u2014 pirmasis Kate Jacobs romanas. Tai jaudinantis pasakojimas apie moter\u0173 draugyst\u0119. D\u017eord\u017eija\u00a0\u2013 vieni\u0161a mama,\",\"breadcrumb\":{\"@id\":\"https:\/\/skaitytaknyga.lt\/produktas\/penktadienio-vakaro-mezgimo-klubas\/#breadcrumb\"},\"inLanguage\":\"en-GB\",\"potentialAction\":[{\"@type\":\"ReadAction\",\"target\":[\"https:\/\/skaitytaknyga.lt\/produktas\/penktadienio-vakaro-mezgimo-klubas\/\"]}]},{\"@type\":\"ImageObject\",\"inLanguage\":\"en-GB\",\"@id\":\"https:\/\/skaitytaknyga.lt\/produktas\/penktadienio-vakaro-mezgimo-klubas\/#primaryimage\",\"url\":\"https:\/\/skaitytaknyga.lt\/wp-content\/uploads\/2024\/08\/img_4914-1.jpeg\",\"contentUrl\":\"https:\/\/skaitytaknyga.lt\/wp-content\/uploads\/2024\/08\/img_4914-1.jpeg\",\"width\":525,\"height\":800,\"caption\":\"Kate Jacobs \u201ePenktadienio vakaro mezgimo klubas\u201c\"},{\"@type\":\"BreadcrumbList\",\"@id\":\"https:\/\/skaitytaknyga.lt\/produktas\/penktadienio-vakaro-mezgimo-klubas\/#breadcrumb\",\"itemListElement\":[{\"@type\":\"ListItem\",\"position\":1,\"name\":\"Home\",\"item\":\"https:\/\/skaitytaknyga.lt\/\"},{\"@type\":\"ListItem\",\"position\":2,\"name\":\"Parduotuv\u0117\",\"item\":\"https:\/\/skaitytaknyga.lt\/knygu-parduotuve\/\"},{\"@type\":\"ListItem\",\"position\":3,\"name\":\"Kate Jacobs \u201ePenktadienio vakaro mezgimo klubas\u201c\"}]},{\"@type\":\"WebSite\",\"@id\":\"https:\/\/skaitytaknyga.lt\/#website\",\"url\":\"https:\/\/skaitytaknyga.lt\/\",\"name\":\"skaitytaknyga.lt\",\"description\":\"Skaitytaknyga.lt \u2013 tai ma\u017eas \u0161eimos verslas, kuris prasid\u0117jo nuo meil\u0117s knygoms ir siekio i\u0161gelb\u0117ti knygas nuo likimo prie konteinerio. Kas vienam nereikalingas daiktas \u2013 kitam lobis, o mes esame tarpininkai, kurie padeda abiems tapti laimingesniems ???? \u017dinome kaip nelengva i\u0161gyventi ma\u017eiems verslams, tad nuo \u0161iol, \u010dia rasite ir kit\u0173, ma\u017e\u0173 \u0161eim\u0173 versl\u0173, rank\u0173 darbo, dovan\u0173 sau ir artimiesiems.\",\"publisher\":{\"@id\":\"https:\/\/skaitytaknyga.lt\/#organization\"},\"potentialAction\":[{\"@type\":\"SearchAction\",\"target\":{\"@type\":\"EntryPoint\",\"urlTemplate\":\"https:\/\/skaitytaknyga.lt\/?s={search_term_string}\"},\"query-input\":{\"@type\":\"PropertyValueSpecification\",\"valueRequired\":true,\"valueName\":\"search_term_string\"}}],\"inLanguage\":\"en-GB\"},{\"@type\":\"Organization\",\"@id\":\"https:\/\/skaitytaknyga.lt\/#organization\",\"name\":\"skaitytaknyga.lt\",\"url\":\"https:\/\/skaitytaknyga.lt\/\",\"logo\":{\"@type\":\"ImageObject\",\"inLanguage\":\"en-GB\",\"@id\":\"https:\/\/skaitytaknyga.lt\/#\/schema\/logo\/image\/\",\"url\":\"https:\/\/skaitytaknyga.lt\/wp-content\/uploads\/2024\/05\/cropped-cropped-cropped-02_00843_jt3bggkj1j3HLc7SyY6rEUpg.jpeg\",\"contentUrl\":\"https:\/\/skaitytaknyga.lt\/wp-content\/uploads\/2024\/05\/cropped-cropped-cropped-02_00843_jt3bggkj1j3HLc7SyY6rEUpg.jpeg\",\"width\":1600,\"height\":1600,\"caption\":\"skaitytaknyga.lt\"},\"image\":{\"@id\":\"https:\/\/skaitytaknyga.lt\/#\/schema\/logo\/image\/\"},\"sameAs\":[\"https:\/\/www.facebook.com\/skaitytaknyga\/\"]}]}<\/script>\n<!-- \/ Yoast SEO plugin. -->","yoast_head_json":{"title":"Kate Jacobs \u201ePenktadienio vakaro mezgimo klubas\u201c","description":"\u201ePenktadienio Vakaro Mezgimo Klubas\u201c \u2014 pirmasis Kate Jacobs romanas. Tai jaudinantis pasakojimas apie moter\u0173 draugyst\u0119. D\u017eord\u017eija\u00a0\u2013 vieni\u0161a mama,","robots":{"index":"index","follow":"follow","max-snippet":"max-snippet:-1","max-image-preview":"max-image-preview:large","max-video-preview":"max-video-preview:-1"},"canonical":"https:\/\/skaitytaknyga.lt\/en\/produktas\/penktadienio-vakaro-mezgimo-klubas\/","og_locale":"en_GB","og_type":"article","og_title":"[:lt]Kate Jacobs \u201ePenktadienio vakaro mezgimo klubas\u201c[:] - Skaitytaknyga","og_description":"\u201ePenktadienio Vakaro Mezgimo Klubas\u201c \u2014 pirmasis Kate Jacobs romanas. Tai jaudinantis pasakojimas apie moter\u0173 draugyst\u0119. D\u017eord\u017eija\u00a0\u2013 vieni\u0161a mama,","og_url":"https:\/\/skaitytaknyga.lt\/en\/produktas\/penktadienio-vakaro-mezgimo-klubas\/","og_site_name":"Skaitytaknyga","article_publisher":"https:\/\/www.facebook.com\/skaitytaknyga\/","article_modified_time":"2024-08-23T09:48:10+00:00","og_image":[{"width":525,"height":800,"url":"https:\/\/skaitytaknyga.lt\/wp-content\/uploads\/2024\/08\/img_4914-1.jpeg","type":"image\/jpeg"}],"twitter_card":"summary_large_image","twitter_misc":{"Estimated reading time":"1 minute"},"schema":{"@context":"https:\/\/schema.org","@graph":[{"@type":"WebPage","@id":"https:\/\/skaitytaknyga.lt\/produktas\/penktadienio-vakaro-mezgimo-klubas\/","url":"https:\/\/skaitytaknyga.lt\/produktas\/penktadienio-vakaro-mezgimo-klubas\/","name":"Kate Jacobs \u201ePenktadienio vakaro mezgimo klubas\u201c","isPartOf":{"@id":"https:\/\/skaitytaknyga.lt\/#website"},"primaryImageOfPage":{"@id":"https:\/\/skaitytaknyga.lt\/produktas\/penktadienio-vakaro-mezgimo-klubas\/#primaryimage"},"image":{"@id":"https:\/\/skaitytaknyga.lt\/produktas\/penktadienio-vakaro-mezgimo-klubas\/#primaryimage"},"thumbnailUrl":"https:\/\/skaitytaknyga.lt\/wp-content\/uploads\/2024\/08\/img_4914-1.jpeg","datePublished":"2024-08-23T05:57:53+00:00","dateModified":"2024-08-23T09:48:10+00:00","description":"\u201ePenktadienio Vakaro Mezgimo Klubas\u201c \u2014 pirmasis Kate Jacobs romanas. Tai jaudinantis pasakojimas apie moter\u0173 draugyst\u0119. D\u017eord\u017eija\u00a0\u2013 vieni\u0161a mama,","breadcrumb":{"@id":"https:\/\/skaitytaknyga.lt\/produktas\/penktadienio-vakaro-mezgimo-klubas\/#breadcrumb"},"inLanguage":"en-GB","potentialAction":[{"@type":"ReadAction","target":["https:\/\/skaitytaknyga.lt\/produktas\/penktadienio-vakaro-mezgimo-klubas\/"]}]},{"@type":"ImageObject","inLanguage":"en-GB","@id":"https:\/\/skaitytaknyga.lt\/produktas\/penktadienio-vakaro-mezgimo-klubas\/#primaryimage","url":"https:\/\/skaitytaknyga.lt\/wp-content\/uploads\/2024\/08\/img_4914-1.jpeg","contentUrl":"https:\/\/skaitytaknyga.lt\/wp-content\/uploads\/2024\/08\/img_4914-1.jpeg","width":525,"height":800,"caption":"Kate Jacobs \u201ePenktadienio vakaro mezgimo klubas\u201c"},{"@type":"BreadcrumbList","@id":"https:\/\/skaitytaknyga.lt\/produktas\/penktadienio-vakaro-mezgimo-klubas\/#breadcrumb","itemListElement":[{"@type":"ListItem","position":1,"name":"Home","item":"https:\/\/skaitytaknyga.lt\/"},{"@type":"ListItem","position":2,"name":"Parduotuv\u0117","item":"https:\/\/skaitytaknyga.lt\/knygu-parduotuve\/"},{"@type":"ListItem","position":3,"name":"Kate Jacobs \u201ePenktadienio vakaro mezgimo klubas\u201c"}]},{"@type":"WebSite","@id":"https:\/\/skaitytaknyga.lt\/#website","url":"https:\/\/skaitytaknyga.lt\/","name":"skaitytaknyga.lt","description":"Skaitytaknyga.lt \u2013 tai ma\u017eas \u0161eimos verslas, kuris prasid\u0117jo nuo meil\u0117s knygoms ir siekio i\u0161gelb\u0117ti knygas nuo likimo prie konteinerio. Kas vienam nereikalingas daiktas \u2013 kitam lobis, o mes esame tarpininkai, kurie padeda abiems tapti laimingesniems ???? \u017dinome kaip nelengva i\u0161gyventi ma\u017eiems verslams, tad nuo \u0161iol, \u010dia rasite ir kit\u0173, ma\u017e\u0173 \u0161eim\u0173 versl\u0173, rank\u0173 darbo, dovan\u0173 sau ir artimiesiems.","publisher":{"@id":"https:\/\/skaitytaknyga.lt\/#organization"},"potentialAction":[{"@type":"SearchAction","target":{"@type":"EntryPoint","urlTemplate":"https:\/\/skaitytaknyga.lt\/?s={search_term_string}"},"query-input":{"@type":"PropertyValueSpecification","valueRequired":true,"valueName":"search_term_string"}}],"inLanguage":"en-GB"},{"@type":"Organization","@id":"https:\/\/skaitytaknyga.lt\/#organization","name":"skaitytaknyga.lt","url":"https:\/\/skaitytaknyga.lt\/","logo":{"@type":"ImageObject","inLanguage":"en-GB","@id":"https:\/\/skaitytaknyga.lt\/#\/schema\/logo\/image\/","url":"https:\/\/skaitytaknyga.lt\/wp-content\/uploads\/2024\/05\/cropped-cropped-cropped-02_00843_jt3bggkj1j3HLc7SyY6rEUpg.jpeg","contentUrl":"https:\/\/skaitytaknyga.lt\/wp-content\/uploads\/2024\/05\/cropped-cropped-cropped-02_00843_jt3bggkj1j3HLc7SyY6rEUpg.jpeg","width":1600,"height":1600,"caption":"skaitytaknyga.lt"},"image":{"@id":"https:\/\/skaitytaknyga.lt\/#\/schema\/logo\/image\/"},"sameAs":["https:\/\/www.facebook.com\/skaitytaknyga\/"]}]}},"_links":{"self":[{"href":"https:\/\/skaitytaknyga.lt\/en\/wp-json\/wp\/v2\/product\/13494","targetHints":{"allow":["GET"]}}],"collection":[{"href":"https:\/\/skaitytaknyga.lt\/en\/wp-json\/wp\/v2\/product"}],"about":[{"href":"https:\/\/skaitytaknyga.lt\/en\/wp-json\/wp\/v2\/types\/product"}],"replies":[{"embeddable":true,"href":"https:\/\/skaitytaknyga.lt\/en\/wp-json\/wp\/v2\/comments?post=13494"}],"wp:featuredmedia":[{"embeddable":true,"href":"https:\/\/skaitytaknyga.lt\/en\/wp-json\/wp\/v2\/media\/13497"}],"wp:attachment":[{"href":"https:\/\/skaitytaknyga.lt\/en\/wp-json\/wp\/v2\/media?parent=13494"}],"wp:term":[{"taxonomy":"product_brand","embeddable":true,"href":"https:\/\/skaitytaknyga.lt\/en\/wp-json\/wp\/v2\/product_brand?post=13494"},{"taxonomy":"product_cat","embeddable":true,"href":"https:\/\/skaitytaknyga.lt\/en\/wp-json\/wp\/v2\/product_cat?post=13494"},{"taxonomy":"product_tag","embeddable":true,"href":"https:\/\/skaitytaknyga.lt\/en\/wp-json\/wp\/v2\/product_tag?post=13494"}],"curies":[{"name":"wp","href":"https:\/\/api.w.org\/{rel}","templated":true}]}}