{"id":13492,"date":"2024-08-23T08:48:42","date_gmt":"2024-08-23T05:48:42","guid":{"rendered":"https:\/\/skaitytaknyga.lt\/?post_type=product&#038;p=13492"},"modified":"2025-05-15T10:52:58","modified_gmt":"2025-05-15T07:52:58","slug":"kate-mosse-labirintas","status":"publish","type":"product","link":"https:\/\/skaitytaknyga.lt\/en\/produktas\/kate-mosse-labirintas\/","title":{"rendered":"Labirintas"},"content":{"rendered":"<p><strong style=\"font-weight: bold;\">Trys paslaptys. Dvi moterys. Vienas Gralis&#8230;<\/strong><\/p>\n<p>2005-ieji, Piet\u0173 Pranc\u016bzija. Pir\u0117n\u0173 klanai Karkason\u0117je jau kelet\u0105 am\u017ei\u0173 slepia didel\u0119 paslapt\u012f, susijusi\u0105 su dingusiais be p\u0117dsak\u0173 paskutiniais eretikais katarais ir j\u0173 saugotu \u0160ventuoju Graliu. \u0160i\u0105 paslapt\u012f ne vien\u0105 de\u0161imtmet\u012f bando atskleisti istorikai, ta\u010diau dar n\u0117 vienas nepriart\u0117jo prie jos tarp arti kaip Alisa Taner. B\u016btent ji, vykdydama archeologinius kasin\u0117jimus pa\u010dioje Karkason\u0117s po\u017eemini\u0173 labirint\u0173 \u0161irdyje, netik\u0117tai aptinka du skeletus ir ant sienos bei \u017eiedo i\u0161rai\u017eyt\u0105 labirint\u0105.<\/p>\n<p>\u0160ie atradimai gali visi\u0161kai sugriauti daugel\u012f mokslinink\u0173 hipotezi\u0173 apie katarus ir \u0160vent\u0105j\u012f Gral\u012f arba&#8230; kainuoti jai gyvyb\u0119, nes \u012ftakingi ir vald\u017ei\u0105 savo rankose laikantys \u017emon\u0117s d\u0117l neai\u0161ki\u0173 prie\u017eas\u010di\u0173 pasireng\u0119 viskam, kad tik katar\u0173 Gralio paslaptis i\u0161likt\u0173 neatskleista.<\/p>\n<p>XIII a., brutalaus pilietinio karo prad\u017eios Karkason\u0117s mieste, kuriame glaud\u017eiasi Katalik\u0173 ba\u017eny\u010dios eretikais paskelbti katarai, i\u0161vakar\u0117s. Kai Karkason\u0119 u\u017epuola kry\u017eiuo\u010diai, jaunutei \u017eolininkei Alaisai t\u0117vas \u012fduoda knyg\u0105 \u2013 vien\u0105 \u201eLabirinto trilogijos\u201c, atskleid\u017eian\u010dios \u0160ventojo Gralio paslapt\u012f, dali\u0173. Nors nesupranta \u010dia esan\u010di\u0173 simboli\u0173 ir diagram\u0173 prasmi\u0173, Alaisa nujau\u010dia, kad jos likimas priklauso nuo \u0161ios knygos paslap\u010di\u0173 i\u0161saugojimo bet kokia kaina&#8230;<\/p>\n<p>Talentingai susiedama dviej\u0173 moter\u0173, atskirt\u0173 laiko, bet sujungt\u0173 bendros paslapties, gyvenimus, Kate Mosse pasakoja istorij\u0105, persmelkt\u0105 Piet\u0173 Pranc\u016bzijos atmosferos ir misti\u0161k\u0173 istorijos bei religijos detali\u0173.<\/p>\n<ul class=\"about-product mb-3\">\n<li><strong style=\"font-weight: bold;\">Originalus pavadinimas:<\/strong><span class=\"Apple-converted-space\">\u00a0<\/span>Labyrinth<\/li>\n<li><strong style=\"font-weight: bold;\">Autorius:<\/strong><span class=\"Apple-converted-space\">\u00a0<\/span>Kate Mosse<\/li>\n<li><strong style=\"font-weight: bold;\">Leid\u0117jas:<\/strong><span class=\"Apple-converted-space\">\u00a0<\/span>Alma littera<\/li>\n<li><strong style=\"font-weight: bold;\">Metai:<\/strong><span class=\"Apple-converted-space\">\u00a0<\/span>2007<\/li>\n<li><strong style=\"font-weight: bold;\">Puslapiai:<\/strong><span class=\"Apple-converted-space\">\u00a0<\/span>576<\/li>\n<li><strong style=\"font-weight: bold;\">ISBN:<\/strong><span class=\"Apple-converted-space\">\u00a0<\/span>9789955247494<\/li>\n<li><strong style=\"font-weight: bold;\">Versijos kodas:<\/strong><span class=\"Apple-converted-space\">\u00a0<\/span>PS<\/li>\n<li class=\"toggleable type-new-formats \"><strong style=\"font-weight: bold;\">Formatas:<\/strong><span class=\"Apple-converted-space\">\u00a0<\/span>14,5 x 24 cm, kieti vir\u0161eliai<\/li>\n<li><strong style=\"font-weight: bold;\">Kalba:<\/strong><span class=\"Apple-converted-space\">\u00a0<\/span>Lietuvi\u0173<\/li>\n<li><strong style=\"font-weight: bold;\">Vert\u0117jas:<\/strong><span class=\"Apple-converted-space\">\u00a0<\/span>Dalius Kaminskas<\/li>\n<\/ul>\n","protected":false},"excerpt":{"rendered":"<p>Trys paslaptys. Dvi moterys. Vienas Gralis&#8230; 2005-ieji, Piet\u0173 Pranc\u016bzija. Pir\u0117n\u0173 klanai Karkason\u0117je jau kelet\u0105 am\u017ei\u0173 slepia didel\u0119 paslapt\u012f, susijusi\u0105 su dingusiais be p\u0117dsak\u0173 paskutiniais eretikais katarais ir j\u0173 saugotu \u0160ventuoju Graliu. \u0160i\u0105 paslapt\u012f ne vien\u0105 de\u0161imtmet\u012f bando atskleisti istorikai, ta\u010diau dar n\u0117 vienas nepriart\u0117jo prie jos tarp arti kaip Alisa Taner. B\u016btent ji, vykdydama archeologinius kasin\u0117jimus pa\u010dioje Karkason\u0117s po\u017eemini\u0173 labirint\u0173 \u0161irdyje, netik\u0117tai aptinka du skeletus ir ant sienos bei \u017eiedo i\u0161rai\u017eyt\u0105 labirint\u0105. \u0160ie atradimai gali visi\u0161kai sugriauti daugel\u012f mokslinink\u0173 hipotezi\u0173 apie katarus ir \u0160vent\u0105j\u012f Gral\u012f arba&#8230; kainuoti jai gyvyb\u0119, nes \u012ftakingi ir vald\u017ei\u0105 savo rankose laikantys \u017emon\u0117s d\u0117l neai\u0161ki\u0173 prie\u017eas\u010di\u0173 pasireng\u0119 viskam, kad tik katar\u0173 Gralio paslaptis i\u0161likt\u0173 neatskleista. XIII a., brutalaus pilietinio karo prad\u017eios Karkason\u0117s mieste, kuriame glaud\u017eiasi Katalik\u0173 ba\u017eny\u010dios eretikais paskelbti katarai, i\u0161vakar\u0117s. Kai Karkason\u0119 u\u017epuola kry\u017eiuo\u010diai, jaunutei \u017eolininkei Alaisai t\u0117vas \u012fduoda knyg\u0105 \u2013 vien\u0105 \u201eLabirinto trilogijos\u201c, atskleid\u017eian\u010dios \u0160ventojo Gralio paslapt\u012f, dali\u0173. Nors nesupranta \u010dia esan\u010di\u0173 simboli\u0173 ir diagram\u0173 prasmi\u0173, Alaisa nujau\u010dia, kad jos likimas priklauso nuo \u0161ios knygos paslap\u010di\u0173 i\u0161saugojimo bet kokia kaina&#8230; Talentingai susiedama dviej\u0173 moter\u0173, atskirt\u0173 laiko, bet sujungt\u0173 bendros paslapties, gyvenimus, Kate Mosse pasakoja istorij\u0105, persmelkt\u0105 Piet\u0173 Pranc\u016bzijos atmosferos ir misti\u0161k\u0173 istorijos bei religijos detali\u0173. Originalus pavadinimas:\u00a0Labyrinth Autorius:\u00a0Kate Mosse Leid\u0117jas:\u00a0Alma littera Metai:\u00a02007 Puslapiai:\u00a0576 ISBN:\u00a09789955247494 Versijos kodas:\u00a0PS Formatas:\u00a014,5 x 24 cm, kieti vir\u0161eliai Kalba:\u00a0Lietuvi\u0173 Vert\u0117jas:\u00a0Dalius Kaminskas<\/p>\n","protected":false},"featured_media":13493,"comment_status":"closed","ping_status":"closed","template":"","meta":{"_acf_changed":false,"site-sidebar-layout":"default","site-content-layout":"","ast-site-content-layout":"default","site-content-style":"default","site-sidebar-style":"default","ast-global-header-display":"","ast-banner-title-visibility":"","ast-main-header-display":"","ast-hfb-above-header-display":"","ast-hfb-below-header-display":"","ast-hfb-mobile-header-display":"","site-post-title":"","ast-breadcrumbs-content":"","ast-featured-img":"","footer-sml-layout":"","ast-disable-related-posts":"","theme-transparent-header-meta":"default","adv-header-id-meta":"","stick-header-meta":"","header-above-stick-meta":"","header-main-stick-meta":"","header-below-stick-meta":"","astra-migrate-meta-layouts":"set","ast-page-background-enabled":"default","ast-page-background-meta":{"desktop":{"background-color":"","background-image":"","background-repeat":"repeat","background-position":"center center","background-size":"auto","background-attachment":"scroll","background-type":"","background-media":"","overlay-type":"","overlay-color":"","overlay-opacity":"","overlay-gradient":""},"tablet":{"background-color":"","background-image":"","background-repeat":"repeat","background-position":"center center","background-size":"auto","background-attachment":"scroll","background-type":"","background-media":"","overlay-type":"","overlay-color":"","overlay-opacity":"","overlay-gradient":""},"mobile":{"background-color":"","background-image":"","background-repeat":"repeat","background-position":"center center","background-size":"auto","background-attachment":"scroll","background-type":"","background-media":"","overlay-type":"","overlay-color":"","overlay-opacity":"","overlay-gradient":""}},"ast-content-background-meta":{"desktop":{"background-color":"var(--ast-global-color-4)","background-image":"","background-repeat":"repeat","background-position":"center center","background-size":"auto","background-attachment":"scroll","background-type":"","background-media":"","overlay-type":"","overlay-color":"","overlay-opacity":"","overlay-gradient":""},"tablet":{"background-color":"var(--ast-global-color-4)","background-image":"","background-repeat":"repeat","background-position":"center center","background-size":"auto","background-attachment":"scroll","background-type":"","background-media":"","overlay-type":"","overlay-color":"","overlay-opacity":"","overlay-gradient":""},"mobile":{"background-color":"var(--ast-global-color-4)","background-image":"","background-repeat":"repeat","background-position":"center center","background-size":"auto","background-attachment":"scroll","background-type":"","background-media":"","overlay-type":"","overlay-color":"","overlay-opacity":"","overlay-gradient":""}}},"product_brand":[],"product_cat":[31],"product_tag":[3037,3036,2815,1478,3039,3038,3040],"class_list":{"0":"post-13492","1":"product","2":"type-product","3":"status-publish","4":"has-post-thumbnail","6":"product_cat-grozine-literatura","7":"product_tag-istorine-proza","8":"product_tag-kate-mosse","9":"product_tag-moteru-likimai","10":"product_tag-paslaptys","11":"product_tag-pietu-prancuzija","12":"product_tag-sventasis-gralis","13":"product_tag-viduramziai","14":"pa_leidimo-metai-645","15":"desktop-align-left","16":"tablet-align-left","17":"mobile-align-left","19":"first","20":"instock","21":"shipping-taxable","22":"purchasable","23":"product-type-simple"},"acf":[],"yoast_head":"<!-- This site is optimized with the Yoast SEO plugin v27.0 - https:\/\/yoast.com\/product\/yoast-seo-wordpress\/ -->\n<title>Labirintas<\/title>\n<meta name=\"description\" content=\"Trys paslaptys. Dvi moterys. Vienas Gralis... 2005-ieji, Piet\u0173 Pranc\u016bzija. Pir\u0117n\u0173 klanai Karkason\u0117je jau kelet\u0105 am\u017ei\u0173 slepia didel\u0119 paslapt\u012f, susijusi\u0105 su\" \/>\n<meta name=\"robots\" content=\"index, follow, max-snippet:-1, max-image-preview:large, max-video-preview:-1\" \/>\n<link rel=\"canonical\" href=\"https:\/\/skaitytaknyga.lt\/en\/produktas\/kate-mosse-labirintas\/\" \/>\n<meta property=\"og:locale\" content=\"en_GB\" \/>\n<meta property=\"og:locale:alternate\" content=\"lt_LT\" \/>\n<meta property=\"og:type\" content=\"article\" \/>\n<meta property=\"og:title\" content=\"Labirintas\" \/>\n<meta property=\"og:description\" content=\"Trys paslaptys. Dvi moterys. Vienas Gralis... 2005-ieji, Piet\u0173 Pranc\u016bzija. Pir\u0117n\u0173 klanai Karkason\u0117je jau kelet\u0105 am\u017ei\u0173 slepia didel\u0119 paslapt\u012f, susijusi\u0105 su\" \/>\n<meta property=\"og:url\" content=\"https:\/\/skaitytaknyga.lt\/en\/produktas\/kate-mosse-labirintas\/\" \/>\n<meta property=\"og:site_name\" content=\"Skaitytaknyga\" \/>\n<meta property=\"article:publisher\" content=\"https:\/\/www.facebook.com\/skaitytaknyga\/\" \/>\n<meta property=\"article:modified_time\" content=\"2025-05-15T07:52:58+00:00\" \/>\n<meta property=\"og:image\" content=\"https:\/\/skaitytaknyga.lt\/wp-content\/uploads\/2024\/08\/img_4913.jpeg\" \/>\n\t<meta property=\"og:image:width\" content=\"462\" \/>\n\t<meta property=\"og:image:height\" content=\"799\" \/>\n\t<meta property=\"og:image:type\" content=\"image\/jpeg\" \/>\n<meta name=\"twitter:card\" content=\"summary_large_image\" \/>\n<meta name=\"twitter:label1\" content=\"Estimated reading time\" \/>\n\t<meta name=\"twitter:data1\" content=\"2 minutes\" \/>\n<script type=\"application\/ld+json\" class=\"yoast-schema-graph\">{\"@context\":\"https:\/\/schema.org\",\"@graph\":[{\"@type\":\"WebPage\",\"@id\":\"https:\/\/skaitytaknyga.lt\/produktas\/kate-mosse-labirintas\/\",\"url\":\"https:\/\/skaitytaknyga.lt\/produktas\/kate-mosse-labirintas\/\",\"name\":\"Labirintas\",\"isPartOf\":{\"@id\":\"https:\/\/skaitytaknyga.lt\/#website\"},\"primaryImageOfPage\":{\"@id\":\"https:\/\/skaitytaknyga.lt\/produktas\/kate-mosse-labirintas\/#primaryimage\"},\"image\":{\"@id\":\"https:\/\/skaitytaknyga.lt\/produktas\/kate-mosse-labirintas\/#primaryimage\"},\"thumbnailUrl\":\"https:\/\/skaitytaknyga.lt\/wp-content\/uploads\/2024\/08\/img_4913.jpeg\",\"datePublished\":\"2024-08-23T05:48:42+00:00\",\"dateModified\":\"2025-05-15T07:52:58+00:00\",\"description\":\"Trys paslaptys. Dvi moterys. Vienas Gralis... 2005-ieji, Piet\u0173 Pranc\u016bzija. Pir\u0117n\u0173 klanai Karkason\u0117je jau kelet\u0105 am\u017ei\u0173 slepia didel\u0119 paslapt\u012f, susijusi\u0105 su\",\"breadcrumb\":{\"@id\":\"https:\/\/skaitytaknyga.lt\/produktas\/kate-mosse-labirintas\/#breadcrumb\"},\"inLanguage\":\"en-GB\",\"potentialAction\":[{\"@type\":\"ReadAction\",\"target\":[\"https:\/\/skaitytaknyga.lt\/produktas\/kate-mosse-labirintas\/\"]}]},{\"@type\":\"ImageObject\",\"inLanguage\":\"en-GB\",\"@id\":\"https:\/\/skaitytaknyga.lt\/produktas\/kate-mosse-labirintas\/#primaryimage\",\"url\":\"https:\/\/skaitytaknyga.lt\/wp-content\/uploads\/2024\/08\/img_4913.jpeg\",\"contentUrl\":\"https:\/\/skaitytaknyga.lt\/wp-content\/uploads\/2024\/08\/img_4913.jpeg\",\"width\":462,\"height\":799,\"caption\":\"Kate Mosse \u201eLabirintas\u201c\"},{\"@type\":\"BreadcrumbList\",\"@id\":\"https:\/\/skaitytaknyga.lt\/produktas\/kate-mosse-labirintas\/#breadcrumb\",\"itemListElement\":[{\"@type\":\"ListItem\",\"position\":1,\"name\":\"Home\",\"item\":\"https:\/\/skaitytaknyga.lt\/\"},{\"@type\":\"ListItem\",\"position\":2,\"name\":\"Parduotuv\u0117\",\"item\":\"https:\/\/skaitytaknyga.lt\/knygu-parduotuve\/\"},{\"@type\":\"ListItem\",\"position\":3,\"name\":\"Labirintas\"}]},{\"@type\":\"WebSite\",\"@id\":\"https:\/\/skaitytaknyga.lt\/#website\",\"url\":\"https:\/\/skaitytaknyga.lt\/\",\"name\":\"skaitytaknyga.lt\",\"description\":\"Skaitytaknyga.lt \u2013 tai ma\u017eas \u0161eimos verslas, kuris prasid\u0117jo nuo meil\u0117s knygoms ir siekio i\u0161gelb\u0117ti knygas nuo likimo prie konteinerio. Kas vienam nereikalingas daiktas \u2013 kitam lobis, o mes esame tarpininkai, kurie padeda abiems tapti laimingesniems ???? \u017dinome kaip nelengva i\u0161gyventi ma\u017eiems verslams, tad nuo \u0161iol, \u010dia rasite ir kit\u0173, ma\u017e\u0173 \u0161eim\u0173 versl\u0173, rank\u0173 darbo, dovan\u0173 sau ir artimiesiems.\",\"publisher\":{\"@id\":\"https:\/\/skaitytaknyga.lt\/#organization\"},\"potentialAction\":[{\"@type\":\"SearchAction\",\"target\":{\"@type\":\"EntryPoint\",\"urlTemplate\":\"https:\/\/skaitytaknyga.lt\/?s={search_term_string}\"},\"query-input\":{\"@type\":\"PropertyValueSpecification\",\"valueRequired\":true,\"valueName\":\"search_term_string\"}}],\"inLanguage\":\"en-GB\"},{\"@type\":\"Organization\",\"@id\":\"https:\/\/skaitytaknyga.lt\/#organization\",\"name\":\"skaitytaknyga.lt\",\"url\":\"https:\/\/skaitytaknyga.lt\/\",\"logo\":{\"@type\":\"ImageObject\",\"inLanguage\":\"en-GB\",\"@id\":\"https:\/\/skaitytaknyga.lt\/#\/schema\/logo\/image\/\",\"url\":\"https:\/\/skaitytaknyga.lt\/wp-content\/uploads\/2024\/05\/cropped-cropped-cropped-02_00843_jt3bggkj1j3HLc7SyY6rEUpg.jpeg\",\"contentUrl\":\"https:\/\/skaitytaknyga.lt\/wp-content\/uploads\/2024\/05\/cropped-cropped-cropped-02_00843_jt3bggkj1j3HLc7SyY6rEUpg.jpeg\",\"width\":1600,\"height\":1600,\"caption\":\"skaitytaknyga.lt\"},\"image\":{\"@id\":\"https:\/\/skaitytaknyga.lt\/#\/schema\/logo\/image\/\"},\"sameAs\":[\"https:\/\/www.facebook.com\/skaitytaknyga\/\"]}]}<\/script>\n<!-- \/ Yoast SEO plugin. -->","yoast_head_json":{"title":"Labirintas","description":"Trys paslaptys. Dvi moterys. Vienas Gralis... 2005-ieji, Piet\u0173 Pranc\u016bzija. Pir\u0117n\u0173 klanai Karkason\u0117je jau kelet\u0105 am\u017ei\u0173 slepia didel\u0119 paslapt\u012f, susijusi\u0105 su","robots":{"index":"index","follow":"follow","max-snippet":"max-snippet:-1","max-image-preview":"max-image-preview:large","max-video-preview":"max-video-preview:-1"},"canonical":"https:\/\/skaitytaknyga.lt\/en\/produktas\/kate-mosse-labirintas\/","og_locale":"en_GB","og_type":"article","og_title":"[:lt]Labirintas[:] - Skaitytaknyga","og_description":"Trys paslaptys. Dvi moterys. Vienas Gralis... 2005-ieji, Piet\u0173 Pranc\u016bzija. Pir\u0117n\u0173 klanai Karkason\u0117je jau kelet\u0105 am\u017ei\u0173 slepia didel\u0119 paslapt\u012f, susijusi\u0105 su","og_url":"https:\/\/skaitytaknyga.lt\/en\/produktas\/kate-mosse-labirintas\/","og_site_name":"Skaitytaknyga","article_publisher":"https:\/\/www.facebook.com\/skaitytaknyga\/","article_modified_time":"2025-05-15T07:52:58+00:00","og_image":[{"width":462,"height":799,"url":"https:\/\/skaitytaknyga.lt\/wp-content\/uploads\/2024\/08\/img_4913.jpeg","type":"image\/jpeg"}],"twitter_card":"summary_large_image","twitter_misc":{"Estimated reading time":"2 minutes"},"schema":{"@context":"https:\/\/schema.org","@graph":[{"@type":"WebPage","@id":"https:\/\/skaitytaknyga.lt\/produktas\/kate-mosse-labirintas\/","url":"https:\/\/skaitytaknyga.lt\/produktas\/kate-mosse-labirintas\/","name":"Labirintas","isPartOf":{"@id":"https:\/\/skaitytaknyga.lt\/#website"},"primaryImageOfPage":{"@id":"https:\/\/skaitytaknyga.lt\/produktas\/kate-mosse-labirintas\/#primaryimage"},"image":{"@id":"https:\/\/skaitytaknyga.lt\/produktas\/kate-mosse-labirintas\/#primaryimage"},"thumbnailUrl":"https:\/\/skaitytaknyga.lt\/wp-content\/uploads\/2024\/08\/img_4913.jpeg","datePublished":"2024-08-23T05:48:42+00:00","dateModified":"2025-05-15T07:52:58+00:00","description":"Trys paslaptys. Dvi moterys. Vienas Gralis... 2005-ieji, Piet\u0173 Pranc\u016bzija. Pir\u0117n\u0173 klanai Karkason\u0117je jau kelet\u0105 am\u017ei\u0173 slepia didel\u0119 paslapt\u012f, susijusi\u0105 su","breadcrumb":{"@id":"https:\/\/skaitytaknyga.lt\/produktas\/kate-mosse-labirintas\/#breadcrumb"},"inLanguage":"en-GB","potentialAction":[{"@type":"ReadAction","target":["https:\/\/skaitytaknyga.lt\/produktas\/kate-mosse-labirintas\/"]}]},{"@type":"ImageObject","inLanguage":"en-GB","@id":"https:\/\/skaitytaknyga.lt\/produktas\/kate-mosse-labirintas\/#primaryimage","url":"https:\/\/skaitytaknyga.lt\/wp-content\/uploads\/2024\/08\/img_4913.jpeg","contentUrl":"https:\/\/skaitytaknyga.lt\/wp-content\/uploads\/2024\/08\/img_4913.jpeg","width":462,"height":799,"caption":"Kate Mosse \u201eLabirintas\u201c"},{"@type":"BreadcrumbList","@id":"https:\/\/skaitytaknyga.lt\/produktas\/kate-mosse-labirintas\/#breadcrumb","itemListElement":[{"@type":"ListItem","position":1,"name":"Home","item":"https:\/\/skaitytaknyga.lt\/"},{"@type":"ListItem","position":2,"name":"Parduotuv\u0117","item":"https:\/\/skaitytaknyga.lt\/knygu-parduotuve\/"},{"@type":"ListItem","position":3,"name":"Labirintas"}]},{"@type":"WebSite","@id":"https:\/\/skaitytaknyga.lt\/#website","url":"https:\/\/skaitytaknyga.lt\/","name":"skaitytaknyga.lt","description":"Skaitytaknyga.lt \u2013 tai ma\u017eas \u0161eimos verslas, kuris prasid\u0117jo nuo meil\u0117s knygoms ir siekio i\u0161gelb\u0117ti knygas nuo likimo prie konteinerio. Kas vienam nereikalingas daiktas \u2013 kitam lobis, o mes esame tarpininkai, kurie padeda abiems tapti laimingesniems ???? \u017dinome kaip nelengva i\u0161gyventi ma\u017eiems verslams, tad nuo \u0161iol, \u010dia rasite ir kit\u0173, ma\u017e\u0173 \u0161eim\u0173 versl\u0173, rank\u0173 darbo, dovan\u0173 sau ir artimiesiems.","publisher":{"@id":"https:\/\/skaitytaknyga.lt\/#organization"},"potentialAction":[{"@type":"SearchAction","target":{"@type":"EntryPoint","urlTemplate":"https:\/\/skaitytaknyga.lt\/?s={search_term_string}"},"query-input":{"@type":"PropertyValueSpecification","valueRequired":true,"valueName":"search_term_string"}}],"inLanguage":"en-GB"},{"@type":"Organization","@id":"https:\/\/skaitytaknyga.lt\/#organization","name":"skaitytaknyga.lt","url":"https:\/\/skaitytaknyga.lt\/","logo":{"@type":"ImageObject","inLanguage":"en-GB","@id":"https:\/\/skaitytaknyga.lt\/#\/schema\/logo\/image\/","url":"https:\/\/skaitytaknyga.lt\/wp-content\/uploads\/2024\/05\/cropped-cropped-cropped-02_00843_jt3bggkj1j3HLc7SyY6rEUpg.jpeg","contentUrl":"https:\/\/skaitytaknyga.lt\/wp-content\/uploads\/2024\/05\/cropped-cropped-cropped-02_00843_jt3bggkj1j3HLc7SyY6rEUpg.jpeg","width":1600,"height":1600,"caption":"skaitytaknyga.lt"},"image":{"@id":"https:\/\/skaitytaknyga.lt\/#\/schema\/logo\/image\/"},"sameAs":["https:\/\/www.facebook.com\/skaitytaknyga\/"]}]}},"_links":{"self":[{"href":"https:\/\/skaitytaknyga.lt\/en\/wp-json\/wp\/v2\/product\/13492","targetHints":{"allow":["GET"]}}],"collection":[{"href":"https:\/\/skaitytaknyga.lt\/en\/wp-json\/wp\/v2\/product"}],"about":[{"href":"https:\/\/skaitytaknyga.lt\/en\/wp-json\/wp\/v2\/types\/product"}],"replies":[{"embeddable":true,"href":"https:\/\/skaitytaknyga.lt\/en\/wp-json\/wp\/v2\/comments?post=13492"}],"wp:featuredmedia":[{"embeddable":true,"href":"https:\/\/skaitytaknyga.lt\/en\/wp-json\/wp\/v2\/media\/13493"}],"wp:attachment":[{"href":"https:\/\/skaitytaknyga.lt\/en\/wp-json\/wp\/v2\/media?parent=13492"}],"wp:term":[{"taxonomy":"product_brand","embeddable":true,"href":"https:\/\/skaitytaknyga.lt\/en\/wp-json\/wp\/v2\/product_brand?post=13492"},{"taxonomy":"product_cat","embeddable":true,"href":"https:\/\/skaitytaknyga.lt\/en\/wp-json\/wp\/v2\/product_cat?post=13492"},{"taxonomy":"product_tag","embeddable":true,"href":"https:\/\/skaitytaknyga.lt\/en\/wp-json\/wp\/v2\/product_tag?post=13492"}],"curies":[{"name":"wp","href":"https:\/\/api.w.org\/{rel}","templated":true}]}}