{"id":13487,"date":"2024-08-23T08:33:27","date_gmt":"2024-08-23T05:33:27","guid":{"rendered":"https:\/\/skaitytaknyga.lt\/?post_type=product&#038;p=13487"},"modified":"2024-08-23T21:42:57","modified_gmt":"2024-08-23T18:42:57","slug":"doloresa-kazragyte-gyvenimas-pries-gyvenima","status":"publish","type":"product","link":"https:\/\/skaitytaknyga.lt\/en\/produktas\/doloresa-kazragyte-gyvenimas-pries-gyvenima\/","title":{"rendered":"Doloresa Kazragyt\u0117 \u201eGyvenimas prie\u0161 gyvenim\u0105\u201c"},"content":{"rendered":"<p>\u0160i<span class=\"Apple-converted-space\">\u00a0<\/span><strong style=\"font-weight: bold;\">Doloresos Kazragyt\u0117s<\/strong>, ilgamet\u0117s Kauno dramos teatro aktor\u0117s, knyga yra tikra \u017emogaus dvasios brandos istorija. Tai \u0161viesus, atviras pasakojimas apie aktorius ir \u017emogaus pa\u0161aukim\u0105, apie k\u016brybos ir gyvenimo prasm\u0119.<\/p>\n<p>\u201eMan brangi \u0161i knyga suvokimu, kad kiekvienas esame \u012fpareigoti atkakliai, kantriai, \u012fkv\u0117ptai, visom pastangom palaikyti dievi\u0161k\u0105j\u0105 tvark\u0105, apginti dievi\u0161k\u0105j\u012f pasiuntin\u012f, prabylant\u012f \u012f mus per siel\u0105 ir s\u0105\u017ein\u0119, per ma\u017eut\u0117li\u0173 i\u0161tikimyb\u0119 savo gyvenimams, greta kuri\u0173 nesustoja kar\u016bnuotieji ir i\u0161rinktieji\u201c.<\/p>\n<ul class=\"about-product mb-3\">\n<li><strong style=\"font-weight: bold;\">Autorius:<\/strong><span class=\"Apple-converted-space\">\u00a0<\/span><a href=\"https:\/\/skaitytaknyga.lt\/?s=kazragyt%C4%97&#038;post_type=product&#038;dgwt_wcas=1\">Doloresa Kazragyt\u0117<\/a><\/li>\n<li><strong style=\"font-weight: bold;\">Metai:<\/strong><span class=\"Apple-converted-space\">\u00a0<\/span>2008<\/li>\n<li><strong style=\"font-weight: bold;\">Puslapiai:<\/strong><span class=\"Apple-converted-space\">\u00a0<\/span>342<\/li>\n<li class=\"toggleable type-new-formats \"><strong style=\"font-weight: bold;\">Formatas:<\/strong><span class=\"Apple-converted-space\">\u00a0<\/span>15 x 21 cm, mink\u0161ti vir\u0161eliai<\/li>\n<li><strong style=\"font-weight: bold;\">Kalba:<\/strong><span class=\"Apple-converted-space\">\u00a0<\/span>Lietuvi\u0173<\/li>\n<\/ul>\n","protected":false},"excerpt":{"rendered":"<p>\u0160i\u00a0Doloresos Kazragyt\u0117s, ilgamet\u0117s Kauno dramos teatro aktor\u0117s, knyga yra tikra \u017emogaus dvasios brandos istorija. Tai \u0161viesus, atviras pasakojimas apie aktorius ir \u017emogaus pa\u0161aukim\u0105, apie k\u016brybos ir gyvenimo prasm\u0119. \u201eMan brangi \u0161i knyga suvokimu, kad kiekvienas esame \u012fpareigoti atkakliai, kantriai, \u012fkv\u0117ptai, visom pastangom palaikyti dievi\u0161k\u0105j\u0105 tvark\u0105, apginti dievi\u0161k\u0105j\u012f pasiuntin\u012f, prabylant\u012f \u012f mus per siel\u0105 ir s\u0105\u017ein\u0119, per ma\u017eut\u0117li\u0173 i\u0161tikimyb\u0119 savo gyvenimams, greta kuri\u0173 nesustoja kar\u016bnuotieji ir i\u0161rinktieji\u201c. Autorius:\u00a0Doloresa Kazragyt\u0117 Metai:\u00a02008 Puslapiai:\u00a0342 Formatas:\u00a015 x 21 cm, mink\u0161ti vir\u0161eliai Kalba:\u00a0Lietuvi\u0173<\/p>\n","protected":false},"featured_media":13488,"comment_status":"closed","ping_status":"closed","template":"","meta":{"_acf_changed":false,"site-sidebar-layout":"default","site-content-layout":"","ast-site-content-layout":"default","site-content-style":"default","site-sidebar-style":"default","ast-global-header-display":"","ast-banner-title-visibility":"","ast-main-header-display":"","ast-hfb-above-header-display":"","ast-hfb-below-header-display":"","ast-hfb-mobile-header-display":"","site-post-title":"","ast-breadcrumbs-content":"","ast-featured-img":"","footer-sml-layout":"","ast-disable-related-posts":"","theme-transparent-header-meta":"default","adv-header-id-meta":"","stick-header-meta":"","header-above-stick-meta":"","header-main-stick-meta":"","header-below-stick-meta":"","astra-migrate-meta-layouts":"set","ast-page-background-enabled":"default","ast-page-background-meta":{"desktop":{"background-color":"","background-image":"","background-repeat":"repeat","background-position":"center center","background-size":"auto","background-attachment":"scroll","background-type":"","background-media":"","overlay-type":"","overlay-color":"","overlay-opacity":"","overlay-gradient":""},"tablet":{"background-color":"","background-image":"","background-repeat":"repeat","background-position":"center center","background-size":"auto","background-attachment":"scroll","background-type":"","background-media":"","overlay-type":"","overlay-color":"","overlay-opacity":"","overlay-gradient":""},"mobile":{"background-color":"","background-image":"","background-repeat":"repeat","background-position":"center center","background-size":"auto","background-attachment":"scroll","background-type":"","background-media":"","overlay-type":"","overlay-color":"","overlay-opacity":"","overlay-gradient":""}},"ast-content-background-meta":{"desktop":{"background-color":"var(--ast-global-color-4)","background-image":"","background-repeat":"repeat","background-position":"center center","background-size":"auto","background-attachment":"scroll","background-type":"","background-media":"","overlay-type":"","overlay-color":"","overlay-opacity":"","overlay-gradient":""},"tablet":{"background-color":"var(--ast-global-color-4)","background-image":"","background-repeat":"repeat","background-position":"center center","background-size":"auto","background-attachment":"scroll","background-type":"","background-media":"","overlay-type":"","overlay-color":"","overlay-opacity":"","overlay-gradient":""},"mobile":{"background-color":"var(--ast-global-color-4)","background-image":"","background-repeat":"repeat","background-position":"center center","background-size":"auto","background-attachment":"scroll","background-type":"","background-media":"","overlay-type":"","overlay-color":"","overlay-opacity":"","overlay-gradient":""}}},"product_brand":[],"product_cat":[31],"product_tag":[],"class_list":{"0":"post-13487","1":"product","2":"type-product","3":"status-publish","4":"has-post-thumbnail","6":"product_cat-grozine-literatura","7":"pa_leidimo-metai-645","8":"desktop-align-left","9":"tablet-align-left","10":"mobile-align-left","12":"first","13":"instock","14":"shipping-taxable","15":"purchasable","16":"product-type-simple"},"acf":[],"yoast_head":"<!-- This site is optimized with the Yoast SEO plugin v27.4 - https:\/\/yoast.com\/product\/yoast-seo-wordpress\/ -->\n<title>Doloresa Kazragyt\u0117 \u201eGyvenimas prie\u0161 gyvenim\u0105\u201c<\/title>\n<meta name=\"description\" content=\"\u0160i\u00a0Doloresos Kazragyt\u0117s, ilgamet\u0117s Kauno dramos teatro aktor\u0117s, knyga yra tikra \u017emogaus dvasios brandos istorija. Tai \u0161viesus, atviras pasakojimas apie\" \/>\n<meta name=\"robots\" content=\"index, follow, max-snippet:-1, max-image-preview:large, max-video-preview:-1\" \/>\n<link rel=\"canonical\" href=\"https:\/\/skaitytaknyga.lt\/en\/produktas\/doloresa-kazragyte-gyvenimas-pries-gyvenima\/\" \/>\n<meta property=\"og:locale\" content=\"en_GB\" \/>\n<meta property=\"og:locale:alternate\" content=\"lt_LT\" \/>\n<meta property=\"og:type\" content=\"article\" \/>\n<meta property=\"og:title\" content=\"Doloresa Kazragyt\u0117 \u201eGyvenimas prie\u0161 gyvenim\u0105\u201c\" \/>\n<meta property=\"og:description\" content=\"\u0160i\u00a0Doloresos Kazragyt\u0117s, ilgamet\u0117s Kauno dramos teatro aktor\u0117s, knyga yra tikra \u017emogaus dvasios brandos istorija. Tai \u0161viesus, atviras pasakojimas apie\" \/>\n<meta property=\"og:url\" content=\"https:\/\/skaitytaknyga.lt\/en\/produktas\/doloresa-kazragyte-gyvenimas-pries-gyvenima\/\" \/>\n<meta property=\"og:site_name\" content=\"Skaitytaknyga\" \/>\n<meta property=\"article:publisher\" content=\"https:\/\/www.facebook.com\/skaitytaknyga\/\" \/>\n<meta property=\"article:modified_time\" content=\"2024-08-23T18:42:57+00:00\" \/>\n<meta property=\"og:image\" content=\"https:\/\/skaitytaknyga.lt\/wp-content\/uploads\/2024\/08\/img_4911.jpeg\" \/>\n\t<meta property=\"og:image:width\" content=\"385\" \/>\n\t<meta property=\"og:image:height\" content=\"578\" \/>\n\t<meta property=\"og:image:type\" content=\"image\/jpeg\" \/>\n<meta name=\"twitter:card\" content=\"summary_large_image\" \/>\n<meta name=\"twitter:label1\" content=\"Estimated reading time\" \/>\n\t<meta name=\"twitter:data1\" content=\"1 minute\" \/>\n<script type=\"application\/ld+json\" class=\"yoast-schema-graph\">{\"@context\":\"https:\\\/\\\/schema.org\",\"@graph\":[{\"@type\":\"WebPage\",\"@id\":\"https:\\\/\\\/skaitytaknyga.lt\\\/produktas\\\/doloresa-kazragyte-gyvenimas-pries-gyvenima\\\/\",\"url\":\"https:\\\/\\\/skaitytaknyga.lt\\\/produktas\\\/doloresa-kazragyte-gyvenimas-pries-gyvenima\\\/\",\"name\":\"Doloresa Kazragyt\u0117 \u201eGyvenimas prie\u0161 gyvenim\u0105\u201c\",\"isPartOf\":{\"@id\":\"https:\\\/\\\/skaitytaknyga.lt\\\/#website\"},\"primaryImageOfPage\":{\"@id\":\"https:\\\/\\\/skaitytaknyga.lt\\\/produktas\\\/doloresa-kazragyte-gyvenimas-pries-gyvenima\\\/#primaryimage\"},\"image\":{\"@id\":\"https:\\\/\\\/skaitytaknyga.lt\\\/produktas\\\/doloresa-kazragyte-gyvenimas-pries-gyvenima\\\/#primaryimage\"},\"thumbnailUrl\":\"https:\\\/\\\/skaitytaknyga.lt\\\/wp-content\\\/uploads\\\/2024\\\/08\\\/img_4911.jpeg\",\"datePublished\":\"2024-08-23T05:33:27+00:00\",\"dateModified\":\"2024-08-23T18:42:57+00:00\",\"description\":\"\u0160i\u00a0Doloresos Kazragyt\u0117s, ilgamet\u0117s Kauno dramos teatro aktor\u0117s, knyga yra tikra \u017emogaus dvasios brandos istorija. Tai \u0161viesus, atviras pasakojimas apie\",\"breadcrumb\":{\"@id\":\"https:\\\/\\\/skaitytaknyga.lt\\\/produktas\\\/doloresa-kazragyte-gyvenimas-pries-gyvenima\\\/#breadcrumb\"},\"inLanguage\":\"en-GB\",\"potentialAction\":[{\"@type\":\"ReadAction\",\"target\":[\"https:\\\/\\\/skaitytaknyga.lt\\\/produktas\\\/doloresa-kazragyte-gyvenimas-pries-gyvenima\\\/\"]}]},{\"@type\":\"ImageObject\",\"inLanguage\":\"en-GB\",\"@id\":\"https:\\\/\\\/skaitytaknyga.lt\\\/produktas\\\/doloresa-kazragyte-gyvenimas-pries-gyvenima\\\/#primaryimage\",\"url\":\"https:\\\/\\\/skaitytaknyga.lt\\\/wp-content\\\/uploads\\\/2024\\\/08\\\/img_4911.jpeg\",\"contentUrl\":\"https:\\\/\\\/skaitytaknyga.lt\\\/wp-content\\\/uploads\\\/2024\\\/08\\\/img_4911.jpeg\",\"width\":385,\"height\":578,\"caption\":\"Doloresa Kazragyt\u0117 \u201eGyvenimas prie\u0161 gyvenim\u0105\u201c\"},{\"@type\":\"BreadcrumbList\",\"@id\":\"https:\\\/\\\/skaitytaknyga.lt\\\/produktas\\\/doloresa-kazragyte-gyvenimas-pries-gyvenima\\\/#breadcrumb\",\"itemListElement\":[{\"@type\":\"ListItem\",\"position\":1,\"name\":\"Home\",\"item\":\"https:\\\/\\\/skaitytaknyga.lt\\\/\"},{\"@type\":\"ListItem\",\"position\":2,\"name\":\"Parduotuv\u0117\",\"item\":\"https:\\\/\\\/skaitytaknyga.lt\\\/knygu-parduotuve\\\/\"},{\"@type\":\"ListItem\",\"position\":3,\"name\":\"Doloresa Kazragyt\u0117 \u201eGyvenimas prie\u0161 gyvenim\u0105\u201c\"}]},{\"@type\":\"WebSite\",\"@id\":\"https:\\\/\\\/skaitytaknyga.lt\\\/#website\",\"url\":\"https:\\\/\\\/skaitytaknyga.lt\\\/\",\"name\":\"skaitytaknyga.lt\",\"description\":\"Skaitytaknyga.lt \u2013 tai ma\u017eas \u0161eimos verslas, kuris prasid\u0117jo nuo meil\u0117s knygoms ir siekio i\u0161gelb\u0117ti knygas nuo likimo prie konteinerio. Kas vienam nereikalingas daiktas \u2013 kitam lobis, o mes esame tarpininkai, kurie padeda abiems tapti laimingesniems ???? \u017dinome kaip nelengva i\u0161gyventi ma\u017eiems verslams, tad nuo \u0161iol, \u010dia rasite ir kit\u0173, ma\u017e\u0173 \u0161eim\u0173 versl\u0173, rank\u0173 darbo, dovan\u0173 sau ir artimiesiems.\",\"publisher\":{\"@id\":\"https:\\\/\\\/skaitytaknyga.lt\\\/#organization\"},\"potentialAction\":[{\"@type\":\"SearchAction\",\"target\":{\"@type\":\"EntryPoint\",\"urlTemplate\":\"https:\\\/\\\/skaitytaknyga.lt\\\/?s={search_term_string}\"},\"query-input\":{\"@type\":\"PropertyValueSpecification\",\"valueRequired\":true,\"valueName\":\"search_term_string\"}}],\"inLanguage\":\"en-GB\"},{\"@type\":\"Organization\",\"@id\":\"https:\\\/\\\/skaitytaknyga.lt\\\/#organization\",\"name\":\"skaitytaknyga.lt\",\"url\":\"https:\\\/\\\/skaitytaknyga.lt\\\/\",\"logo\":{\"@type\":\"ImageObject\",\"inLanguage\":\"en-GB\",\"@id\":\"https:\\\/\\\/skaitytaknyga.lt\\\/#\\\/schema\\\/logo\\\/image\\\/\",\"url\":\"https:\\\/\\\/skaitytaknyga.lt\\\/wp-content\\\/uploads\\\/2024\\\/05\\\/cropped-cropped-cropped-02_00843_jt3bggkj1j3HLc7SyY6rEUpg.jpeg\",\"contentUrl\":\"https:\\\/\\\/skaitytaknyga.lt\\\/wp-content\\\/uploads\\\/2024\\\/05\\\/cropped-cropped-cropped-02_00843_jt3bggkj1j3HLc7SyY6rEUpg.jpeg\",\"width\":1600,\"height\":1600,\"caption\":\"skaitytaknyga.lt\"},\"image\":{\"@id\":\"https:\\\/\\\/skaitytaknyga.lt\\\/#\\\/schema\\\/logo\\\/image\\\/\"},\"sameAs\":[\"https:\\\/\\\/www.facebook.com\\\/skaitytaknyga\\\/\"]}]}<\/script>\n<!-- \/ Yoast SEO plugin. -->","yoast_head_json":{"title":"Doloresa Kazragyt\u0117 \u201eGyvenimas prie\u0161 gyvenim\u0105\u201c","description":"\u0160i\u00a0Doloresos Kazragyt\u0117s, ilgamet\u0117s Kauno dramos teatro aktor\u0117s, knyga yra tikra \u017emogaus dvasios brandos istorija. Tai \u0161viesus, atviras pasakojimas apie","robots":{"index":"index","follow":"follow","max-snippet":"max-snippet:-1","max-image-preview":"max-image-preview:large","max-video-preview":"max-video-preview:-1"},"canonical":"https:\/\/skaitytaknyga.lt\/en\/produktas\/doloresa-kazragyte-gyvenimas-pries-gyvenima\/","og_locale":"en_GB","og_type":"article","og_title":"[:lt]Doloresa Kazragyt\u0117 \u201eGyvenimas prie\u0161 gyvenim\u0105\u201c[:] - Skaitytaknyga","og_description":"\u0160i\u00a0Doloresos Kazragyt\u0117s, ilgamet\u0117s Kauno dramos teatro aktor\u0117s, knyga yra tikra \u017emogaus dvasios brandos istorija. Tai \u0161viesus, atviras pasakojimas apie","og_url":"https:\/\/skaitytaknyga.lt\/en\/produktas\/doloresa-kazragyte-gyvenimas-pries-gyvenima\/","og_site_name":"Skaitytaknyga","article_publisher":"https:\/\/www.facebook.com\/skaitytaknyga\/","article_modified_time":"2024-08-23T18:42:57+00:00","og_image":[{"width":385,"height":578,"url":"https:\/\/skaitytaknyga.lt\/wp-content\/uploads\/2024\/08\/img_4911.jpeg","type":"image\/jpeg"}],"twitter_card":"summary_large_image","twitter_misc":{"Estimated reading time":"1 minute"},"schema":{"@context":"https:\/\/schema.org","@graph":[{"@type":"WebPage","@id":"https:\/\/skaitytaknyga.lt\/produktas\/doloresa-kazragyte-gyvenimas-pries-gyvenima\/","url":"https:\/\/skaitytaknyga.lt\/produktas\/doloresa-kazragyte-gyvenimas-pries-gyvenima\/","name":"Doloresa Kazragyt\u0117 \u201eGyvenimas prie\u0161 gyvenim\u0105\u201c","isPartOf":{"@id":"https:\/\/skaitytaknyga.lt\/#website"},"primaryImageOfPage":{"@id":"https:\/\/skaitytaknyga.lt\/produktas\/doloresa-kazragyte-gyvenimas-pries-gyvenima\/#primaryimage"},"image":{"@id":"https:\/\/skaitytaknyga.lt\/produktas\/doloresa-kazragyte-gyvenimas-pries-gyvenima\/#primaryimage"},"thumbnailUrl":"https:\/\/skaitytaknyga.lt\/wp-content\/uploads\/2024\/08\/img_4911.jpeg","datePublished":"2024-08-23T05:33:27+00:00","dateModified":"2024-08-23T18:42:57+00:00","description":"\u0160i\u00a0Doloresos Kazragyt\u0117s, ilgamet\u0117s Kauno dramos teatro aktor\u0117s, knyga yra tikra \u017emogaus dvasios brandos istorija. Tai \u0161viesus, atviras pasakojimas apie","breadcrumb":{"@id":"https:\/\/skaitytaknyga.lt\/produktas\/doloresa-kazragyte-gyvenimas-pries-gyvenima\/#breadcrumb"},"inLanguage":"en-GB","potentialAction":[{"@type":"ReadAction","target":["https:\/\/skaitytaknyga.lt\/produktas\/doloresa-kazragyte-gyvenimas-pries-gyvenima\/"]}]},{"@type":"ImageObject","inLanguage":"en-GB","@id":"https:\/\/skaitytaknyga.lt\/produktas\/doloresa-kazragyte-gyvenimas-pries-gyvenima\/#primaryimage","url":"https:\/\/skaitytaknyga.lt\/wp-content\/uploads\/2024\/08\/img_4911.jpeg","contentUrl":"https:\/\/skaitytaknyga.lt\/wp-content\/uploads\/2024\/08\/img_4911.jpeg","width":385,"height":578,"caption":"Doloresa Kazragyt\u0117 \u201eGyvenimas prie\u0161 gyvenim\u0105\u201c"},{"@type":"BreadcrumbList","@id":"https:\/\/skaitytaknyga.lt\/produktas\/doloresa-kazragyte-gyvenimas-pries-gyvenima\/#breadcrumb","itemListElement":[{"@type":"ListItem","position":1,"name":"Home","item":"https:\/\/skaitytaknyga.lt\/"},{"@type":"ListItem","position":2,"name":"Parduotuv\u0117","item":"https:\/\/skaitytaknyga.lt\/knygu-parduotuve\/"},{"@type":"ListItem","position":3,"name":"Doloresa Kazragyt\u0117 \u201eGyvenimas prie\u0161 gyvenim\u0105\u201c"}]},{"@type":"WebSite","@id":"https:\/\/skaitytaknyga.lt\/#website","url":"https:\/\/skaitytaknyga.lt\/","name":"skaitytaknyga.lt","description":"Skaitytaknyga.lt \u2013 tai ma\u017eas \u0161eimos verslas, kuris prasid\u0117jo nuo meil\u0117s knygoms ir siekio i\u0161gelb\u0117ti knygas nuo likimo prie konteinerio. Kas vienam nereikalingas daiktas \u2013 kitam lobis, o mes esame tarpininkai, kurie padeda abiems tapti laimingesniems ???? \u017dinome kaip nelengva i\u0161gyventi ma\u017eiems verslams, tad nuo \u0161iol, \u010dia rasite ir kit\u0173, ma\u017e\u0173 \u0161eim\u0173 versl\u0173, rank\u0173 darbo, dovan\u0173 sau ir artimiesiems.","publisher":{"@id":"https:\/\/skaitytaknyga.lt\/#organization"},"potentialAction":[{"@type":"SearchAction","target":{"@type":"EntryPoint","urlTemplate":"https:\/\/skaitytaknyga.lt\/?s={search_term_string}"},"query-input":{"@type":"PropertyValueSpecification","valueRequired":true,"valueName":"search_term_string"}}],"inLanguage":"en-GB"},{"@type":"Organization","@id":"https:\/\/skaitytaknyga.lt\/#organization","name":"skaitytaknyga.lt","url":"https:\/\/skaitytaknyga.lt\/","logo":{"@type":"ImageObject","inLanguage":"en-GB","@id":"https:\/\/skaitytaknyga.lt\/#\/schema\/logo\/image\/","url":"https:\/\/skaitytaknyga.lt\/wp-content\/uploads\/2024\/05\/cropped-cropped-cropped-02_00843_jt3bggkj1j3HLc7SyY6rEUpg.jpeg","contentUrl":"https:\/\/skaitytaknyga.lt\/wp-content\/uploads\/2024\/05\/cropped-cropped-cropped-02_00843_jt3bggkj1j3HLc7SyY6rEUpg.jpeg","width":1600,"height":1600,"caption":"skaitytaknyga.lt"},"image":{"@id":"https:\/\/skaitytaknyga.lt\/#\/schema\/logo\/image\/"},"sameAs":["https:\/\/www.facebook.com\/skaitytaknyga\/"]}]}},"_links":{"self":[{"href":"https:\/\/skaitytaknyga.lt\/en\/wp-json\/wp\/v2\/product\/13487","targetHints":{"allow":["GET"]}}],"collection":[{"href":"https:\/\/skaitytaknyga.lt\/en\/wp-json\/wp\/v2\/product"}],"about":[{"href":"https:\/\/skaitytaknyga.lt\/en\/wp-json\/wp\/v2\/types\/product"}],"replies":[{"embeddable":true,"href":"https:\/\/skaitytaknyga.lt\/en\/wp-json\/wp\/v2\/comments?post=13487"}],"wp:featuredmedia":[{"embeddable":true,"href":"https:\/\/skaitytaknyga.lt\/en\/wp-json\/wp\/v2\/media\/13488"}],"wp:attachment":[{"href":"https:\/\/skaitytaknyga.lt\/en\/wp-json\/wp\/v2\/media?parent=13487"}],"wp:term":[{"taxonomy":"product_brand","embeddable":true,"href":"https:\/\/skaitytaknyga.lt\/en\/wp-json\/wp\/v2\/product_brand?post=13487"},{"taxonomy":"product_cat","embeddable":true,"href":"https:\/\/skaitytaknyga.lt\/en\/wp-json\/wp\/v2\/product_cat?post=13487"},{"taxonomy":"product_tag","embeddable":true,"href":"https:\/\/skaitytaknyga.lt\/en\/wp-json\/wp\/v2\/product_tag?post=13487"}],"curies":[{"name":"wp","href":"https:\/\/api.w.org\/{rel}","templated":true}]}}