{"id":13485,"date":"2024-08-23T08:29:48","date_gmt":"2024-08-23T05:29:48","guid":{"rendered":"https:\/\/skaitytaknyga.lt\/?post_type=product&#038;p=13485"},"modified":"2024-08-23T11:57:04","modified_gmt":"2024-08-23T08:57:04","slug":"jurgis-baltrusaitis-kalba-su-lemtimi","status":"publish","type":"product","link":"https:\/\/skaitytaknyga.lt\/en\/produktas\/jurgis-baltrusaitis-kalba-su-lemtimi\/","title":{"rendered":"Jurgis Baltru\u0161aitis \u201eKalba su lemtimi\u201c"},"content":{"rendered":"<p><span>Pirm\u0105 kart\u0105 Lietuvoje viena knyga i\u0161leid\u017eiami poeto, vert\u0117jo, diplomato Jurgio Baltru\u0161ai\u010dio (1873-1944) rusi\u0161kosios poezijos vertimai \u012f lietuvi\u0173 kalb\u0105. Did\u017ei\u0105j\u0105 gyvenimo dal\u012f praleid\u0119s Rusijoje, k\u016br\u0119s lietuvi\u0173 ir rus\u0173 kalbomis, i\u0161pa\u017ein\u0119s simbolizmo estetik\u0105 poetas filosofi\u0161kai apm\u0105st\u0117 \u017emogaus b\u016bt\u012f, jo viet\u0105 visatos sandaroje, tos b\u016bties dramati\u0161kum\u0105, ir drauge viltingai tik\u0117jo pasaulio harmonija.<\/span><\/p>\n<ul class=\"about-product mb-3\">\n<li><strong style=\"font-weight: 700\">Autorius:<\/strong><span class=\"Apple-converted-space\">&nbsp;<\/span>Jurgis Baltru\u0161aitis<\/li>\n<li><strong style=\"font-weight: 700\">Leid\u0117jas:<\/strong><span class=\"Apple-converted-space\">&nbsp;<\/span>Lietuvos ra\u0161ytoj\u0173 s\u0105jungos leidykla<\/li>\n<li><strong style=\"font-weight: 700\">Metai:<\/strong><span class=\"Apple-converted-space\">&nbsp;<\/span>2007<\/li>\n<li><strong style=\"font-weight: 700\">Puslapiai:<\/strong><span class=\"Apple-converted-space\">&nbsp;<\/span>543<\/li>\n<li><strong style=\"font-weight: 700\">ISBN:<\/strong><span class=\"Apple-converted-space\">&nbsp;<\/span>9789986395096<\/li>\n<li><strong style=\"font-weight: 700\">Versijos kodas:<\/strong><span class=\"Apple-converted-space\">&nbsp;<\/span>PT.<\/li>\n<li class=\"toggleable type-new-formats \"><strong style=\"font-weight: 700\">Formatas:<\/strong><span class=\"Apple-converted-space\">&nbsp;<\/span>14 x 25 cm, kieti vir\u0161eliai<\/li>\n<li><strong style=\"font-weight: 700\">Kalba:<\/strong><span class=\"Apple-converted-space\">&nbsp;<\/span><span>Lietuvi\u0173<\/span><\/li>\n<\/ul>\n","protected":false},"excerpt":{"rendered":"<p>Pirm\u0105 kart\u0105 Lietuvoje viena knyga i\u0161leid\u017eiami poeto, vert\u0117jo, diplomato Jurgio Baltru\u0161ai\u010dio (1873-1944) rusi\u0161kosios poezijos vertimai \u012f lietuvi\u0173 kalb\u0105. Did\u017ei\u0105j\u0105 gyvenimo dal\u012f praleid\u0119s Rusijoje, k\u016br\u0119s lietuvi\u0173 ir rus\u0173 kalbomis, i\u0161pa\u017ein\u0119s simbolizmo estetik\u0105 poetas filosofi\u0161kai apm\u0105st\u0117 \u017emogaus b\u016bt\u012f, jo viet\u0105 visatos sandaroje, tos b\u016bties dramati\u0161kum\u0105, ir drauge viltingai tik\u0117jo pasaulio harmonija. Autorius:&nbsp;Jurgis Baltru\u0161aitis Leid\u0117jas:&nbsp;Lietuvos ra\u0161ytoj\u0173 s\u0105jungos leidykla Metai:&nbsp;2007 Puslapiai:&nbsp;543 ISBN:&nbsp;9789986395096 Versijos kodas:&nbsp;PT. Formatas:&nbsp;14 x 25 cm, kieti vir\u0161eliai Kalba:&nbsp;Lietuvi\u0173<\/p>\n","protected":false},"featured_media":13486,"comment_status":"closed","ping_status":"closed","template":"","meta":{"_acf_changed":false,"site-sidebar-layout":"default","site-content-layout":"","ast-site-content-layout":"default","site-content-style":"default","site-sidebar-style":"default","ast-global-header-display":"","ast-banner-title-visibility":"","ast-main-header-display":"","ast-hfb-above-header-display":"","ast-hfb-below-header-display":"","ast-hfb-mobile-header-display":"","site-post-title":"","ast-breadcrumbs-content":"","ast-featured-img":"","footer-sml-layout":"","ast-disable-related-posts":"","theme-transparent-header-meta":"","adv-header-id-meta":"","stick-header-meta":"","header-above-stick-meta":"","header-main-stick-meta":"","header-below-stick-meta":"","astra-migrate-meta-layouts":"default","ast-page-background-enabled":"default","ast-page-background-meta":{"desktop":{"background-color":"","background-image":"","background-repeat":"repeat","background-position":"center center","background-size":"auto","background-attachment":"scroll","background-type":"","background-media":"","overlay-type":"","overlay-color":"","overlay-opacity":"","overlay-gradient":""},"tablet":{"background-color":"","background-image":"","background-repeat":"repeat","background-position":"center center","background-size":"auto","background-attachment":"scroll","background-type":"","background-media":"","overlay-type":"","overlay-color":"","overlay-opacity":"","overlay-gradient":""},"mobile":{"background-color":"","background-image":"","background-repeat":"repeat","background-position":"center center","background-size":"auto","background-attachment":"scroll","background-type":"","background-media":"","overlay-type":"","overlay-color":"","overlay-opacity":"","overlay-gradient":""}},"ast-content-background-meta":{"desktop":{"background-color":"var(--ast-global-color-4)","background-image":"","background-repeat":"repeat","background-position":"center center","background-size":"auto","background-attachment":"scroll","background-type":"","background-media":"","overlay-type":"","overlay-color":"","overlay-opacity":"","overlay-gradient":""},"tablet":{"background-color":"var(--ast-global-color-4)","background-image":"","background-repeat":"repeat","background-position":"center center","background-size":"auto","background-attachment":"scroll","background-type":"","background-media":"","overlay-type":"","overlay-color":"","overlay-opacity":"","overlay-gradient":""},"mobile":{"background-color":"var(--ast-global-color-4)","background-image":"","background-repeat":"repeat","background-position":"center center","background-size":"auto","background-attachment":"scroll","background-type":"","background-media":"","overlay-type":"","overlay-color":"","overlay-opacity":"","overlay-gradient":""}}},"product_brand":[],"product_cat":[31],"product_tag":[],"class_list":{"0":"post-13485","1":"product","2":"type-product","3":"status-publish","4":"has-post-thumbnail","6":"product_cat-grozine-literatura","7":"pa_leidimo-metai-645","8":"desktop-align-left","9":"tablet-align-left","10":"mobile-align-left","12":"first","13":"instock","14":"shipping-taxable","15":"purchasable","16":"product-type-simple"},"acf":[],"yoast_head":"<!-- This site is optimized with the Yoast SEO plugin v27.0 - https:\/\/yoast.com\/product\/yoast-seo-wordpress\/ -->\n<title>Jurgis Baltru\u0161aitis \u201eKalba su lemtimi\u201c<\/title>\n<meta name=\"description\" content=\"Pirm\u0105 kart\u0105 Lietuvoje viena knyga i\u0161leid\u017eiami poeto, vert\u0117jo, diplomato Jurgio Baltru\u0161ai\u010dio (1873-1944) rusi\u0161kosios poezijos vertimai \u012f lietuvi\u0173 kalb\u0105.\" \/>\n<meta name=\"robots\" content=\"index, follow, max-snippet:-1, max-image-preview:large, max-video-preview:-1\" \/>\n<link rel=\"canonical\" href=\"https:\/\/skaitytaknyga.lt\/en\/produktas\/jurgis-baltrusaitis-kalba-su-lemtimi\/\" \/>\n<meta property=\"og:locale\" content=\"en_GB\" \/>\n<meta property=\"og:locale:alternate\" content=\"lt_LT\" \/>\n<meta property=\"og:type\" content=\"article\" \/>\n<meta property=\"og:title\" content=\"Jurgis Baltru\u0161aitis \u201eKalba su lemtimi\u201c\" \/>\n<meta property=\"og:description\" content=\"Pirm\u0105 kart\u0105 Lietuvoje viena knyga i\u0161leid\u017eiami poeto, vert\u0117jo, diplomato Jurgio Baltru\u0161ai\u010dio (1873-1944) rusi\u0161kosios poezijos vertimai \u012f lietuvi\u0173 kalb\u0105.\" \/>\n<meta property=\"og:url\" content=\"https:\/\/skaitytaknyga.lt\/en\/produktas\/jurgis-baltrusaitis-kalba-su-lemtimi\/\" \/>\n<meta property=\"og:site_name\" content=\"Skaitytaknyga\" \/>\n<meta property=\"article:publisher\" content=\"https:\/\/www.facebook.com\/skaitytaknyga\/\" \/>\n<meta property=\"article:modified_time\" content=\"2024-08-23T08:57:04+00:00\" \/>\n<meta property=\"og:image\" content=\"https:\/\/skaitytaknyga.lt\/wp-content\/uploads\/2024\/08\/img_4910.jpeg\" \/>\n\t<meta property=\"og:image:width\" content=\"448\" \/>\n\t<meta property=\"og:image:height\" content=\"800\" \/>\n\t<meta property=\"og:image:type\" content=\"image\/jpeg\" \/>\n<meta name=\"twitter:card\" content=\"summary_large_image\" \/>\n<meta name=\"twitter:label1\" content=\"Estimated reading time\" \/>\n\t<meta name=\"twitter:data1\" content=\"1 minute\" \/>\n<script type=\"application\/ld+json\" class=\"yoast-schema-graph\">{\"@context\":\"https:\/\/schema.org\",\"@graph\":[{\"@type\":\"WebPage\",\"@id\":\"https:\/\/skaitytaknyga.lt\/produktas\/jurgis-baltrusaitis-kalba-su-lemtimi\/\",\"url\":\"https:\/\/skaitytaknyga.lt\/produktas\/jurgis-baltrusaitis-kalba-su-lemtimi\/\",\"name\":\"Jurgis Baltru\u0161aitis \u201eKalba su lemtimi\u201c\",\"isPartOf\":{\"@id\":\"https:\/\/skaitytaknyga.lt\/#website\"},\"primaryImageOfPage\":{\"@id\":\"https:\/\/skaitytaknyga.lt\/produktas\/jurgis-baltrusaitis-kalba-su-lemtimi\/#primaryimage\"},\"image\":{\"@id\":\"https:\/\/skaitytaknyga.lt\/produktas\/jurgis-baltrusaitis-kalba-su-lemtimi\/#primaryimage\"},\"thumbnailUrl\":\"https:\/\/skaitytaknyga.lt\/wp-content\/uploads\/2024\/08\/img_4910.jpeg\",\"datePublished\":\"2024-08-23T05:29:48+00:00\",\"dateModified\":\"2024-08-23T08:57:04+00:00\",\"description\":\"Pirm\u0105 kart\u0105 Lietuvoje viena knyga i\u0161leid\u017eiami poeto, vert\u0117jo, diplomato Jurgio Baltru\u0161ai\u010dio (1873-1944) rusi\u0161kosios poezijos vertimai \u012f lietuvi\u0173 kalb\u0105.\",\"breadcrumb\":{\"@id\":\"https:\/\/skaitytaknyga.lt\/produktas\/jurgis-baltrusaitis-kalba-su-lemtimi\/#breadcrumb\"},\"inLanguage\":\"en-GB\",\"potentialAction\":[{\"@type\":\"ReadAction\",\"target\":[\"https:\/\/skaitytaknyga.lt\/produktas\/jurgis-baltrusaitis-kalba-su-lemtimi\/\"]}]},{\"@type\":\"ImageObject\",\"inLanguage\":\"en-GB\",\"@id\":\"https:\/\/skaitytaknyga.lt\/produktas\/jurgis-baltrusaitis-kalba-su-lemtimi\/#primaryimage\",\"url\":\"https:\/\/skaitytaknyga.lt\/wp-content\/uploads\/2024\/08\/img_4910.jpeg\",\"contentUrl\":\"https:\/\/skaitytaknyga.lt\/wp-content\/uploads\/2024\/08\/img_4910.jpeg\",\"width\":448,\"height\":800,\"caption\":\"Jurgis Baltru\u0161aitis \u201eKalba su lemtimi\u201c\"},{\"@type\":\"BreadcrumbList\",\"@id\":\"https:\/\/skaitytaknyga.lt\/produktas\/jurgis-baltrusaitis-kalba-su-lemtimi\/#breadcrumb\",\"itemListElement\":[{\"@type\":\"ListItem\",\"position\":1,\"name\":\"Home\",\"item\":\"https:\/\/skaitytaknyga.lt\/\"},{\"@type\":\"ListItem\",\"position\":2,\"name\":\"Parduotuv\u0117\",\"item\":\"https:\/\/skaitytaknyga.lt\/knygu-parduotuve\/\"},{\"@type\":\"ListItem\",\"position\":3,\"name\":\"Jurgis Baltru\u0161aitis \u201eKalba su lemtimi\u201c\"}]},{\"@type\":\"WebSite\",\"@id\":\"https:\/\/skaitytaknyga.lt\/#website\",\"url\":\"https:\/\/skaitytaknyga.lt\/\",\"name\":\"skaitytaknyga.lt\",\"description\":\"Skaitytaknyga.lt \u2013 tai ma\u017eas \u0161eimos verslas, kuris prasid\u0117jo nuo meil\u0117s knygoms ir siekio i\u0161gelb\u0117ti knygas nuo likimo prie konteinerio. Kas vienam nereikalingas daiktas \u2013 kitam lobis, o mes esame tarpininkai, kurie padeda abiems tapti laimingesniems ???? \u017dinome kaip nelengva i\u0161gyventi ma\u017eiems verslams, tad nuo \u0161iol, \u010dia rasite ir kit\u0173, ma\u017e\u0173 \u0161eim\u0173 versl\u0173, rank\u0173 darbo, dovan\u0173 sau ir artimiesiems.\",\"publisher\":{\"@id\":\"https:\/\/skaitytaknyga.lt\/#organization\"},\"potentialAction\":[{\"@type\":\"SearchAction\",\"target\":{\"@type\":\"EntryPoint\",\"urlTemplate\":\"https:\/\/skaitytaknyga.lt\/?s={search_term_string}\"},\"query-input\":{\"@type\":\"PropertyValueSpecification\",\"valueRequired\":true,\"valueName\":\"search_term_string\"}}],\"inLanguage\":\"en-GB\"},{\"@type\":\"Organization\",\"@id\":\"https:\/\/skaitytaknyga.lt\/#organization\",\"name\":\"skaitytaknyga.lt\",\"url\":\"https:\/\/skaitytaknyga.lt\/\",\"logo\":{\"@type\":\"ImageObject\",\"inLanguage\":\"en-GB\",\"@id\":\"https:\/\/skaitytaknyga.lt\/#\/schema\/logo\/image\/\",\"url\":\"https:\/\/skaitytaknyga.lt\/wp-content\/uploads\/2024\/05\/cropped-cropped-cropped-02_00843_jt3bggkj1j3HLc7SyY6rEUpg.jpeg\",\"contentUrl\":\"https:\/\/skaitytaknyga.lt\/wp-content\/uploads\/2024\/05\/cropped-cropped-cropped-02_00843_jt3bggkj1j3HLc7SyY6rEUpg.jpeg\",\"width\":1600,\"height\":1600,\"caption\":\"skaitytaknyga.lt\"},\"image\":{\"@id\":\"https:\/\/skaitytaknyga.lt\/#\/schema\/logo\/image\/\"},\"sameAs\":[\"https:\/\/www.facebook.com\/skaitytaknyga\/\"]}]}<\/script>\n<!-- \/ Yoast SEO plugin. -->","yoast_head_json":{"title":"Jurgis Baltru\u0161aitis \u201eKalba su lemtimi\u201c","description":"Pirm\u0105 kart\u0105 Lietuvoje viena knyga i\u0161leid\u017eiami poeto, vert\u0117jo, diplomato Jurgio Baltru\u0161ai\u010dio (1873-1944) rusi\u0161kosios poezijos vertimai \u012f lietuvi\u0173 kalb\u0105.","robots":{"index":"index","follow":"follow","max-snippet":"max-snippet:-1","max-image-preview":"max-image-preview:large","max-video-preview":"max-video-preview:-1"},"canonical":"https:\/\/skaitytaknyga.lt\/en\/produktas\/jurgis-baltrusaitis-kalba-su-lemtimi\/","og_locale":"en_GB","og_type":"article","og_title":"[:lt]Jurgis Baltru\u0161aitis \u201eKalba su lemtimi\u201c[:] - Skaitytaknyga","og_description":"Pirm\u0105 kart\u0105 Lietuvoje viena knyga i\u0161leid\u017eiami poeto, vert\u0117jo, diplomato Jurgio Baltru\u0161ai\u010dio (1873-1944) rusi\u0161kosios poezijos vertimai \u012f lietuvi\u0173 kalb\u0105.","og_url":"https:\/\/skaitytaknyga.lt\/en\/produktas\/jurgis-baltrusaitis-kalba-su-lemtimi\/","og_site_name":"Skaitytaknyga","article_publisher":"https:\/\/www.facebook.com\/skaitytaknyga\/","article_modified_time":"2024-08-23T08:57:04+00:00","og_image":[{"width":448,"height":800,"url":"https:\/\/skaitytaknyga.lt\/wp-content\/uploads\/2024\/08\/img_4910.jpeg","type":"image\/jpeg"}],"twitter_card":"summary_large_image","twitter_misc":{"Estimated reading time":"1 minute"},"schema":{"@context":"https:\/\/schema.org","@graph":[{"@type":"WebPage","@id":"https:\/\/skaitytaknyga.lt\/produktas\/jurgis-baltrusaitis-kalba-su-lemtimi\/","url":"https:\/\/skaitytaknyga.lt\/produktas\/jurgis-baltrusaitis-kalba-su-lemtimi\/","name":"Jurgis Baltru\u0161aitis \u201eKalba su lemtimi\u201c","isPartOf":{"@id":"https:\/\/skaitytaknyga.lt\/#website"},"primaryImageOfPage":{"@id":"https:\/\/skaitytaknyga.lt\/produktas\/jurgis-baltrusaitis-kalba-su-lemtimi\/#primaryimage"},"image":{"@id":"https:\/\/skaitytaknyga.lt\/produktas\/jurgis-baltrusaitis-kalba-su-lemtimi\/#primaryimage"},"thumbnailUrl":"https:\/\/skaitytaknyga.lt\/wp-content\/uploads\/2024\/08\/img_4910.jpeg","datePublished":"2024-08-23T05:29:48+00:00","dateModified":"2024-08-23T08:57:04+00:00","description":"Pirm\u0105 kart\u0105 Lietuvoje viena knyga i\u0161leid\u017eiami poeto, vert\u0117jo, diplomato Jurgio Baltru\u0161ai\u010dio (1873-1944) rusi\u0161kosios poezijos vertimai \u012f lietuvi\u0173 kalb\u0105.","breadcrumb":{"@id":"https:\/\/skaitytaknyga.lt\/produktas\/jurgis-baltrusaitis-kalba-su-lemtimi\/#breadcrumb"},"inLanguage":"en-GB","potentialAction":[{"@type":"ReadAction","target":["https:\/\/skaitytaknyga.lt\/produktas\/jurgis-baltrusaitis-kalba-su-lemtimi\/"]}]},{"@type":"ImageObject","inLanguage":"en-GB","@id":"https:\/\/skaitytaknyga.lt\/produktas\/jurgis-baltrusaitis-kalba-su-lemtimi\/#primaryimage","url":"https:\/\/skaitytaknyga.lt\/wp-content\/uploads\/2024\/08\/img_4910.jpeg","contentUrl":"https:\/\/skaitytaknyga.lt\/wp-content\/uploads\/2024\/08\/img_4910.jpeg","width":448,"height":800,"caption":"Jurgis Baltru\u0161aitis \u201eKalba su lemtimi\u201c"},{"@type":"BreadcrumbList","@id":"https:\/\/skaitytaknyga.lt\/produktas\/jurgis-baltrusaitis-kalba-su-lemtimi\/#breadcrumb","itemListElement":[{"@type":"ListItem","position":1,"name":"Home","item":"https:\/\/skaitytaknyga.lt\/"},{"@type":"ListItem","position":2,"name":"Parduotuv\u0117","item":"https:\/\/skaitytaknyga.lt\/knygu-parduotuve\/"},{"@type":"ListItem","position":3,"name":"Jurgis Baltru\u0161aitis \u201eKalba su lemtimi\u201c"}]},{"@type":"WebSite","@id":"https:\/\/skaitytaknyga.lt\/#website","url":"https:\/\/skaitytaknyga.lt\/","name":"skaitytaknyga.lt","description":"Skaitytaknyga.lt \u2013 tai ma\u017eas \u0161eimos verslas, kuris prasid\u0117jo nuo meil\u0117s knygoms ir siekio i\u0161gelb\u0117ti knygas nuo likimo prie konteinerio. Kas vienam nereikalingas daiktas \u2013 kitam lobis, o mes esame tarpininkai, kurie padeda abiems tapti laimingesniems ???? \u017dinome kaip nelengva i\u0161gyventi ma\u017eiems verslams, tad nuo \u0161iol, \u010dia rasite ir kit\u0173, ma\u017e\u0173 \u0161eim\u0173 versl\u0173, rank\u0173 darbo, dovan\u0173 sau ir artimiesiems.","publisher":{"@id":"https:\/\/skaitytaknyga.lt\/#organization"},"potentialAction":[{"@type":"SearchAction","target":{"@type":"EntryPoint","urlTemplate":"https:\/\/skaitytaknyga.lt\/?s={search_term_string}"},"query-input":{"@type":"PropertyValueSpecification","valueRequired":true,"valueName":"search_term_string"}}],"inLanguage":"en-GB"},{"@type":"Organization","@id":"https:\/\/skaitytaknyga.lt\/#organization","name":"skaitytaknyga.lt","url":"https:\/\/skaitytaknyga.lt\/","logo":{"@type":"ImageObject","inLanguage":"en-GB","@id":"https:\/\/skaitytaknyga.lt\/#\/schema\/logo\/image\/","url":"https:\/\/skaitytaknyga.lt\/wp-content\/uploads\/2024\/05\/cropped-cropped-cropped-02_00843_jt3bggkj1j3HLc7SyY6rEUpg.jpeg","contentUrl":"https:\/\/skaitytaknyga.lt\/wp-content\/uploads\/2024\/05\/cropped-cropped-cropped-02_00843_jt3bggkj1j3HLc7SyY6rEUpg.jpeg","width":1600,"height":1600,"caption":"skaitytaknyga.lt"},"image":{"@id":"https:\/\/skaitytaknyga.lt\/#\/schema\/logo\/image\/"},"sameAs":["https:\/\/www.facebook.com\/skaitytaknyga\/"]}]}},"_links":{"self":[{"href":"https:\/\/skaitytaknyga.lt\/en\/wp-json\/wp\/v2\/product\/13485","targetHints":{"allow":["GET"]}}],"collection":[{"href":"https:\/\/skaitytaknyga.lt\/en\/wp-json\/wp\/v2\/product"}],"about":[{"href":"https:\/\/skaitytaknyga.lt\/en\/wp-json\/wp\/v2\/types\/product"}],"replies":[{"embeddable":true,"href":"https:\/\/skaitytaknyga.lt\/en\/wp-json\/wp\/v2\/comments?post=13485"}],"wp:featuredmedia":[{"embeddable":true,"href":"https:\/\/skaitytaknyga.lt\/en\/wp-json\/wp\/v2\/media\/13486"}],"wp:attachment":[{"href":"https:\/\/skaitytaknyga.lt\/en\/wp-json\/wp\/v2\/media?parent=13485"}],"wp:term":[{"taxonomy":"product_brand","embeddable":true,"href":"https:\/\/skaitytaknyga.lt\/en\/wp-json\/wp\/v2\/product_brand?post=13485"},{"taxonomy":"product_cat","embeddable":true,"href":"https:\/\/skaitytaknyga.lt\/en\/wp-json\/wp\/v2\/product_cat?post=13485"},{"taxonomy":"product_tag","embeddable":true,"href":"https:\/\/skaitytaknyga.lt\/en\/wp-json\/wp\/v2\/product_tag?post=13485"}],"curies":[{"name":"wp","href":"https:\/\/api.w.org\/{rel}","templated":true}]}}