{"id":13483,"date":"2024-08-23T08:22:27","date_gmt":"2024-08-23T05:22:27","guid":{"rendered":"https:\/\/skaitytaknyga.lt\/?post_type=product&#038;p=13483"},"modified":"2025-05-28T10:40:27","modified_gmt":"2025-05-28T07:40:27","slug":"mylimojo-gyvenimas-dvasios-gyvenimas-sekuliariame-pasaulyje-2-2","status":"publish","type":"product","link":"https:\/\/skaitytaknyga.lt\/en\/produktas\/mylimojo-gyvenimas-dvasios-gyvenimas-sekuliariame-pasaulyje-2-2\/","title":{"rendered":"Veidrod\u017eio istorija"},"content":{"rendered":"<p>Kitados retas, brangus ir manieringas daiktas, \u0161iandien veidrodis yra \u012fprastas nam\u0173 puo\u0161ybos ar miesto architekt\u016bros elementas. Am\u017eiams b\u0117gant veidrodis patyr\u0117 daugyb\u0119 susi\u017eav\u0117jim\u0105 kelian\u010di\u0173 metamorfozi\u0173 \u2013 nuo ma\u017eu\u010dio metalinio veidrod\u0117lio, taip vertinto kilming\u0173 dam\u0173, iki moderni\u0173 m\u016bs\u0173 civilizacijos veidrod\u017ei\u0173, kuriuos \u0161iandien matome visur.<\/p>\n<p>\u201eVeidrod\u017eio istorija\u201c\u2013 tai ir \u017emogaus ry\u0161io su savo atvaizdu, savo antrininku, istorija. Susiedamas ties\u0105 su regimybe, bendryb\u0119 su atskirybe, veidrodis \u012fk\u016bnija aistras ir fantomus; vieniems tai yra dievi\u0161kumo atspindys, kitiems \u2013 gundymo ir iliuzij\u0173 \u012frankis&#8230;<\/p>\n<p>\u0160ioje knygoje Sabine Melchior-Bonnet analizuoja \u012fvairius veidrod\u017eio simbolikos aspektus ir atskleid\u017eia, koki\u0105 nepaprast\u0105 \u012ftak\u0105 \u0161is kasdienis daiktas padar\u0117 m\u016bs\u0173 psichikai: garsioji \u201eveidrod\u017eio stadija&#8221;, kurios metu individas atranda save, \u010dia \u012fra\u0161oma \u012f ilgaam\u017e\u0119 veidrod\u017eio istorij\u0105. \u017daviu pasakojimo stiliumi autor\u0117 meistri\u0161kai supyn\u0117 moksl\u0105 ir men\u0105, literat\u016br\u0105 ir filosofij\u0105, istorij\u0105 ir apm\u0105stymus. Jau pati istorin\u0117s es\u0117 apie veidrod\u012f id\u0117ja yra nuostabi. Juk tas kitados brangus, dabar banalus objektas atspindi m\u016bs\u0173 civilizacijos nueit\u0105 keli\u0105.<\/p>\n<p>Santykis su veidrod\u017eiu, ypa\u010d moteriai, yra dviprasmis. Tikra teisyb\u0117, kad ji \u201eNubunda gyvenimui, kai pamato savo atvaizd\u0105&#8221;. Pasak Simone Weil, \u201elabai gra\u017ei moteris, \u017ei\u016br\u0117dama \u012f savo atvaizd\u0105 veidrodyje, gali pamanyti, kad ji tokia ir yra, o negra\u017ei moteris \u017eino, kad ji &#8211; ne vien \u0161is atvaizdas&#8221;.<\/p>\n<p>Sabine Melchior-Bonnet d\u0117sto College de France Modernaus Vakar\u0173 m\u0105stymo istorijos katedroje.<\/p>\n<ul class=\"about-product mb-3\">\n<li><strong style=\"font-weight: 700\">Autorius:<\/strong><span class=\"Apple-converted-space\">&nbsp;<\/span>Sabine Melchior-Bonnet<\/li>\n<li><strong style=\"font-weight: 700\">Leid\u0117jas:<\/strong><span class=\"Apple-converted-space\">&nbsp;<\/span>Baltos lankos<\/li>\n<li><strong style=\"font-weight: 700\">Metai:<\/strong><span class=\"Apple-converted-space\">&nbsp;<\/span>2005<\/li>\n<li><strong style=\"font-weight: 700\">Puslapiai:<\/strong><span class=\"Apple-converted-space\">&nbsp;<\/span>280<\/li>\n<li><strong style=\"font-weight: 700\">ISBN:<\/strong><span class=\"Apple-converted-space\">&nbsp;<\/span>9955230061<\/li>\n<li class=\"toggleable type-new-formats \"><strong style=\"font-weight: 700\">Formatas:<\/strong><span class=\"Apple-converted-space\">&nbsp;<\/span>12 x 21 cm, mink\u0161ti vir\u0161eliai<\/li>\n<li><strong style=\"font-weight: 700\">Kalba:<\/strong><span class=\"Apple-converted-space\">&nbsp;<\/span><span>Lietuvi\u0173<\/span><\/li>\n<li><strong style=\"font-weight: 700\">Vert\u0117jas:<\/strong><span class=\"Apple-converted-space\">&nbsp;<\/span>Nijol\u0117 Ka\u0161elionien\u0117, Dainius Vaitiek\u016bnas<\/li>\n<\/ul>\n","protected":false},"excerpt":{"rendered":"<p>Kitados retas, brangus ir manieringas daiktas, \u0161iandien veidrodis yra \u012fprastas nam\u0173 puo\u0161ybos ar miesto architekt\u016bros elementas. Am\u017eiams b\u0117gant veidrodis patyr\u0117 daugyb\u0119 susi\u017eav\u0117jim\u0105 kelian\u010di\u0173 metamorfozi\u0173 \u2013 nuo ma\u017eu\u010dio metalinio veidrod\u0117lio, taip vertinto kilming\u0173 dam\u0173, iki moderni\u0173 m\u016bs\u0173 civilizacijos veidrod\u017ei\u0173, kuriuos \u0161iandien matome visur. \u201eVeidrod\u017eio istorija\u201c\u2013 tai ir \u017emogaus ry\u0161io su savo atvaizdu, savo antrininku, istorija. Susiedamas ties\u0105 su regimybe, bendryb\u0119 su atskirybe, veidrodis \u012fk\u016bnija aistras ir fantomus; vieniems tai yra dievi\u0161kumo atspindys, kitiems \u2013 gundymo ir iliuzij\u0173 \u012frankis&#8230; \u0160ioje knygoje Sabine Melchior-Bonnet analizuoja \u012fvairius veidrod\u017eio simbolikos aspektus ir atskleid\u017eia, koki\u0105 nepaprast\u0105 \u012ftak\u0105 \u0161is kasdienis daiktas padar\u0117 m\u016bs\u0173 psichikai: garsioji \u201eveidrod\u017eio stadija&#8221;, kurios metu individas atranda save, \u010dia \u012fra\u0161oma \u012f ilgaam\u017e\u0119 veidrod\u017eio istorij\u0105. \u017daviu pasakojimo stiliumi autor\u0117 meistri\u0161kai supyn\u0117 moksl\u0105 ir men\u0105, literat\u016br\u0105 ir filosofij\u0105, istorij\u0105 ir apm\u0105stymus. Jau pati istorin\u0117s es\u0117 apie veidrod\u012f id\u0117ja yra nuostabi. Juk tas kitados brangus, dabar banalus objektas atspindi m\u016bs\u0173 civilizacijos nueit\u0105 keli\u0105. Santykis su veidrod\u017eiu, ypa\u010d moteriai, yra dviprasmis. Tikra teisyb\u0117, kad ji \u201eNubunda gyvenimui, kai pamato savo atvaizd\u0105&#8221;. Pasak Simone Weil, \u201elabai gra\u017ei moteris, \u017ei\u016br\u0117dama \u012f savo atvaizd\u0105 veidrodyje, gali pamanyti, kad ji tokia ir yra, o negra\u017ei moteris \u017eino, kad ji &#8211; ne vien \u0161is atvaizdas&#8221;. Sabine Melchior-Bonnet d\u0117sto College de France Modernaus Vakar\u0173 m\u0105stymo istorijos katedroje. Autorius:&nbsp;Sabine Melchior-Bonnet Leid\u0117jas:&nbsp;Baltos lankos Metai:&nbsp;2005 Puslapiai:&nbsp;280 ISBN:&nbsp;9955230061 Formatas:&nbsp;12 x 21 cm, mink\u0161ti vir\u0161eliai Kalba:&nbsp;Lietuvi\u0173 Vert\u0117jas:&nbsp;Nijol\u0117 Ka\u0161elionien\u0117, Dainius Vaitiek\u016bnas<\/p>\n","protected":false},"featured_media":13484,"comment_status":"open","ping_status":"closed","template":"","meta":{"_acf_changed":false,"site-sidebar-layout":"default","site-content-layout":"","ast-site-content-layout":"default","site-content-style":"default","site-sidebar-style":"default","ast-global-header-display":"","ast-banner-title-visibility":"","ast-main-header-display":"","ast-hfb-above-header-display":"","ast-hfb-below-header-display":"","ast-hfb-mobile-header-display":"","site-post-title":"","ast-breadcrumbs-content":"","ast-featured-img":"","footer-sml-layout":"","ast-disable-related-posts":"","theme-transparent-header-meta":"default","adv-header-id-meta":"","stick-header-meta":"","header-above-stick-meta":"","header-main-stick-meta":"","header-below-stick-meta":"","astra-migrate-meta-layouts":"set","ast-page-background-enabled":"default","ast-page-background-meta":{"desktop":{"background-color":"","background-image":"","background-repeat":"repeat","background-position":"center center","background-size":"auto","background-attachment":"scroll","background-type":"","background-media":"","overlay-type":"","overlay-color":"","overlay-opacity":"","overlay-gradient":""},"tablet":{"background-color":"","background-image":"","background-repeat":"repeat","background-position":"center center","background-size":"auto","background-attachment":"scroll","background-type":"","background-media":"","overlay-type":"","overlay-color":"","overlay-opacity":"","overlay-gradient":""},"mobile":{"background-color":"","background-image":"","background-repeat":"repeat","background-position":"center center","background-size":"auto","background-attachment":"scroll","background-type":"","background-media":"","overlay-type":"","overlay-color":"","overlay-opacity":"","overlay-gradient":""}},"ast-content-background-meta":{"desktop":{"background-color":"var(--ast-global-color-4)","background-image":"","background-repeat":"repeat","background-position":"center center","background-size":"auto","background-attachment":"scroll","background-type":"","background-media":"","overlay-type":"","overlay-color":"","overlay-opacity":"","overlay-gradient":""},"tablet":{"background-color":"var(--ast-global-color-4)","background-image":"","background-repeat":"repeat","background-position":"center center","background-size":"auto","background-attachment":"scroll","background-type":"","background-media":"","overlay-type":"","overlay-color":"","overlay-opacity":"","overlay-gradient":""},"mobile":{"background-color":"var(--ast-global-color-4)","background-image":"","background-repeat":"repeat","background-position":"center center","background-size":"auto","background-attachment":"scroll","background-type":"","background-media":"","overlay-type":"","overlay-color":"","overlay-opacity":"","overlay-gradient":""}}},"product_brand":[],"product_cat":[174,165],"product_tag":[1467,2649,1392,4567,3510,4568,4569],"class_list":{"0":"post-13483","1":"product","2":"type-product","3":"status-publish","4":"has-post-thumbnail","6":"product_cat-istorija-ir-politologija","7":"product_cat-religija-filosofija-ir-ezoterika","8":"product_tag-filosofija","9":"product_tag-kulturos-istorija","10":"product_tag-psichologija","11":"product_tag-sabine-melchior-bonnet","12":"product_tag-simboliai","13":"product_tag-veidrodis","14":"product_tag-vizualumas","15":"desktop-align-left","16":"tablet-align-left","17":"mobile-align-left","19":"first","20":"instock","21":"shipping-taxable","22":"purchasable","23":"product-type-simple"},"acf":[],"yoast_head":"<!-- This site is optimized with the Yoast SEO plugin v27.0 - https:\/\/yoast.com\/product\/yoast-seo-wordpress\/ -->\n<title>Veidrod\u017eio istorija<\/title>\n<meta name=\"description\" content=\"Kitados retas, brangus ir manieringas daiktas, \u0161iandien veidrodis yra \u012fprastas nam\u0173 puo\u0161ybos ar miesto architekt\u016bros elementas. Am\u017eiams b\u0117gant veidrodis\" \/>\n<meta name=\"robots\" content=\"index, follow, max-snippet:-1, max-image-preview:large, max-video-preview:-1\" \/>\n<link rel=\"canonical\" href=\"https:\/\/skaitytaknyga.lt\/en\/produktas\/mylimojo-gyvenimas-dvasios-gyvenimas-sekuliariame-pasaulyje-2-2\/\" \/>\n<meta property=\"og:locale\" content=\"en_GB\" \/>\n<meta property=\"og:locale:alternate\" content=\"lt_LT\" \/>\n<meta property=\"og:type\" content=\"article\" \/>\n<meta property=\"og:title\" content=\"Veidrod\u017eio istorija\" \/>\n<meta property=\"og:description\" content=\"Kitados retas, brangus ir manieringas daiktas, \u0161iandien veidrodis yra \u012fprastas nam\u0173 puo\u0161ybos ar miesto architekt\u016bros elementas. Am\u017eiams b\u0117gant veidrodis\" \/>\n<meta property=\"og:url\" content=\"https:\/\/skaitytaknyga.lt\/en\/produktas\/mylimojo-gyvenimas-dvasios-gyvenimas-sekuliariame-pasaulyje-2-2\/\" \/>\n<meta property=\"og:site_name\" content=\"Skaitytaknyga\" \/>\n<meta property=\"article:publisher\" content=\"https:\/\/www.facebook.com\/skaitytaknyga\/\" \/>\n<meta property=\"article:modified_time\" content=\"2025-05-28T07:40:27+00:00\" \/>\n<meta property=\"og:image\" content=\"https:\/\/skaitytaknyga.lt\/wp-content\/uploads\/2024\/08\/img_4909.jpeg\" \/>\n\t<meta property=\"og:image:width\" content=\"488\" \/>\n\t<meta property=\"og:image:height\" content=\"800\" \/>\n\t<meta property=\"og:image:type\" content=\"image\/jpeg\" \/>\n<meta name=\"twitter:card\" content=\"summary_large_image\" \/>\n<meta name=\"twitter:label1\" content=\"Estimated reading time\" \/>\n\t<meta name=\"twitter:data1\" content=\"1 minute\" \/>\n<script type=\"application\/ld+json\" class=\"yoast-schema-graph\">{\"@context\":\"https:\/\/schema.org\",\"@graph\":[{\"@type\":\"WebPage\",\"@id\":\"https:\/\/skaitytaknyga.lt\/produktas\/mylimojo-gyvenimas-dvasios-gyvenimas-sekuliariame-pasaulyje-2-2\/\",\"url\":\"https:\/\/skaitytaknyga.lt\/produktas\/mylimojo-gyvenimas-dvasios-gyvenimas-sekuliariame-pasaulyje-2-2\/\",\"name\":\"Veidrod\u017eio istorija\",\"isPartOf\":{\"@id\":\"https:\/\/skaitytaknyga.lt\/#website\"},\"primaryImageOfPage\":{\"@id\":\"https:\/\/skaitytaknyga.lt\/produktas\/mylimojo-gyvenimas-dvasios-gyvenimas-sekuliariame-pasaulyje-2-2\/#primaryimage\"},\"image\":{\"@id\":\"https:\/\/skaitytaknyga.lt\/produktas\/mylimojo-gyvenimas-dvasios-gyvenimas-sekuliariame-pasaulyje-2-2\/#primaryimage\"},\"thumbnailUrl\":\"https:\/\/skaitytaknyga.lt\/wp-content\/uploads\/2024\/08\/img_4909.jpeg\",\"datePublished\":\"2024-08-23T05:22:27+00:00\",\"dateModified\":\"2025-05-28T07:40:27+00:00\",\"description\":\"Kitados retas, brangus ir manieringas daiktas, \u0161iandien veidrodis yra \u012fprastas nam\u0173 puo\u0161ybos ar miesto architekt\u016bros elementas. Am\u017eiams b\u0117gant veidrodis\",\"breadcrumb\":{\"@id\":\"https:\/\/skaitytaknyga.lt\/produktas\/mylimojo-gyvenimas-dvasios-gyvenimas-sekuliariame-pasaulyje-2-2\/#breadcrumb\"},\"inLanguage\":\"en-GB\",\"potentialAction\":[{\"@type\":\"ReadAction\",\"target\":[\"https:\/\/skaitytaknyga.lt\/produktas\/mylimojo-gyvenimas-dvasios-gyvenimas-sekuliariame-pasaulyje-2-2\/\"]}]},{\"@type\":\"ImageObject\",\"inLanguage\":\"en-GB\",\"@id\":\"https:\/\/skaitytaknyga.lt\/produktas\/mylimojo-gyvenimas-dvasios-gyvenimas-sekuliariame-pasaulyje-2-2\/#primaryimage\",\"url\":\"https:\/\/skaitytaknyga.lt\/wp-content\/uploads\/2024\/08\/img_4909.jpeg\",\"contentUrl\":\"https:\/\/skaitytaknyga.lt\/wp-content\/uploads\/2024\/08\/img_4909.jpeg\",\"width\":488,\"height\":800,\"caption\":\"Sabine Melchior-Bonnet \u201eVeidrod\u017eio istorija\u201c\"},{\"@type\":\"BreadcrumbList\",\"@id\":\"https:\/\/skaitytaknyga.lt\/produktas\/mylimojo-gyvenimas-dvasios-gyvenimas-sekuliariame-pasaulyje-2-2\/#breadcrumb\",\"itemListElement\":[{\"@type\":\"ListItem\",\"position\":1,\"name\":\"Home\",\"item\":\"https:\/\/skaitytaknyga.lt\/\"},{\"@type\":\"ListItem\",\"position\":2,\"name\":\"Parduotuv\u0117\",\"item\":\"https:\/\/skaitytaknyga.lt\/knygu-parduotuve\/\"},{\"@type\":\"ListItem\",\"position\":3,\"name\":\"Veidrod\u017eio istorija\"}]},{\"@type\":\"WebSite\",\"@id\":\"https:\/\/skaitytaknyga.lt\/#website\",\"url\":\"https:\/\/skaitytaknyga.lt\/\",\"name\":\"skaitytaknyga.lt\",\"description\":\"Skaitytaknyga.lt \u2013 tai ma\u017eas \u0161eimos verslas, kuris prasid\u0117jo nuo meil\u0117s knygoms ir siekio i\u0161gelb\u0117ti knygas nuo likimo prie konteinerio. Kas vienam nereikalingas daiktas \u2013 kitam lobis, o mes esame tarpininkai, kurie padeda abiems tapti laimingesniems ???? \u017dinome kaip nelengva i\u0161gyventi ma\u017eiems verslams, tad nuo \u0161iol, \u010dia rasite ir kit\u0173, ma\u017e\u0173 \u0161eim\u0173 versl\u0173, rank\u0173 darbo, dovan\u0173 sau ir artimiesiems.\",\"publisher\":{\"@id\":\"https:\/\/skaitytaknyga.lt\/#organization\"},\"potentialAction\":[{\"@type\":\"SearchAction\",\"target\":{\"@type\":\"EntryPoint\",\"urlTemplate\":\"https:\/\/skaitytaknyga.lt\/?s={search_term_string}\"},\"query-input\":{\"@type\":\"PropertyValueSpecification\",\"valueRequired\":true,\"valueName\":\"search_term_string\"}}],\"inLanguage\":\"en-GB\"},{\"@type\":\"Organization\",\"@id\":\"https:\/\/skaitytaknyga.lt\/#organization\",\"name\":\"skaitytaknyga.lt\",\"url\":\"https:\/\/skaitytaknyga.lt\/\",\"logo\":{\"@type\":\"ImageObject\",\"inLanguage\":\"en-GB\",\"@id\":\"https:\/\/skaitytaknyga.lt\/#\/schema\/logo\/image\/\",\"url\":\"https:\/\/skaitytaknyga.lt\/wp-content\/uploads\/2024\/05\/cropped-cropped-cropped-02_00843_jt3bggkj1j3HLc7SyY6rEUpg.jpeg\",\"contentUrl\":\"https:\/\/skaitytaknyga.lt\/wp-content\/uploads\/2024\/05\/cropped-cropped-cropped-02_00843_jt3bggkj1j3HLc7SyY6rEUpg.jpeg\",\"width\":1600,\"height\":1600,\"caption\":\"skaitytaknyga.lt\"},\"image\":{\"@id\":\"https:\/\/skaitytaknyga.lt\/#\/schema\/logo\/image\/\"},\"sameAs\":[\"https:\/\/www.facebook.com\/skaitytaknyga\/\"]}]}<\/script>\n<!-- \/ Yoast SEO plugin. -->","yoast_head_json":{"title":"Veidrod\u017eio istorija","description":"Kitados retas, brangus ir manieringas daiktas, \u0161iandien veidrodis yra \u012fprastas nam\u0173 puo\u0161ybos ar miesto architekt\u016bros elementas. Am\u017eiams b\u0117gant veidrodis","robots":{"index":"index","follow":"follow","max-snippet":"max-snippet:-1","max-image-preview":"max-image-preview:large","max-video-preview":"max-video-preview:-1"},"canonical":"https:\/\/skaitytaknyga.lt\/en\/produktas\/mylimojo-gyvenimas-dvasios-gyvenimas-sekuliariame-pasaulyje-2-2\/","og_locale":"en_GB","og_type":"article","og_title":"[:lt]Veidrod\u017eio istorija[:] - Skaitytaknyga","og_description":"Kitados retas, brangus ir manieringas daiktas, \u0161iandien veidrodis yra \u012fprastas nam\u0173 puo\u0161ybos ar miesto architekt\u016bros elementas. Am\u017eiams b\u0117gant veidrodis","og_url":"https:\/\/skaitytaknyga.lt\/en\/produktas\/mylimojo-gyvenimas-dvasios-gyvenimas-sekuliariame-pasaulyje-2-2\/","og_site_name":"Skaitytaknyga","article_publisher":"https:\/\/www.facebook.com\/skaitytaknyga\/","article_modified_time":"2025-05-28T07:40:27+00:00","og_image":[{"width":488,"height":800,"url":"https:\/\/skaitytaknyga.lt\/wp-content\/uploads\/2024\/08\/img_4909.jpeg","type":"image\/jpeg"}],"twitter_card":"summary_large_image","twitter_misc":{"Estimated reading time":"1 minute"},"schema":{"@context":"https:\/\/schema.org","@graph":[{"@type":"WebPage","@id":"https:\/\/skaitytaknyga.lt\/produktas\/mylimojo-gyvenimas-dvasios-gyvenimas-sekuliariame-pasaulyje-2-2\/","url":"https:\/\/skaitytaknyga.lt\/produktas\/mylimojo-gyvenimas-dvasios-gyvenimas-sekuliariame-pasaulyje-2-2\/","name":"Veidrod\u017eio istorija","isPartOf":{"@id":"https:\/\/skaitytaknyga.lt\/#website"},"primaryImageOfPage":{"@id":"https:\/\/skaitytaknyga.lt\/produktas\/mylimojo-gyvenimas-dvasios-gyvenimas-sekuliariame-pasaulyje-2-2\/#primaryimage"},"image":{"@id":"https:\/\/skaitytaknyga.lt\/produktas\/mylimojo-gyvenimas-dvasios-gyvenimas-sekuliariame-pasaulyje-2-2\/#primaryimage"},"thumbnailUrl":"https:\/\/skaitytaknyga.lt\/wp-content\/uploads\/2024\/08\/img_4909.jpeg","datePublished":"2024-08-23T05:22:27+00:00","dateModified":"2025-05-28T07:40:27+00:00","description":"Kitados retas, brangus ir manieringas daiktas, \u0161iandien veidrodis yra \u012fprastas nam\u0173 puo\u0161ybos ar miesto architekt\u016bros elementas. Am\u017eiams b\u0117gant veidrodis","breadcrumb":{"@id":"https:\/\/skaitytaknyga.lt\/produktas\/mylimojo-gyvenimas-dvasios-gyvenimas-sekuliariame-pasaulyje-2-2\/#breadcrumb"},"inLanguage":"en-GB","potentialAction":[{"@type":"ReadAction","target":["https:\/\/skaitytaknyga.lt\/produktas\/mylimojo-gyvenimas-dvasios-gyvenimas-sekuliariame-pasaulyje-2-2\/"]}]},{"@type":"ImageObject","inLanguage":"en-GB","@id":"https:\/\/skaitytaknyga.lt\/produktas\/mylimojo-gyvenimas-dvasios-gyvenimas-sekuliariame-pasaulyje-2-2\/#primaryimage","url":"https:\/\/skaitytaknyga.lt\/wp-content\/uploads\/2024\/08\/img_4909.jpeg","contentUrl":"https:\/\/skaitytaknyga.lt\/wp-content\/uploads\/2024\/08\/img_4909.jpeg","width":488,"height":800,"caption":"Sabine Melchior-Bonnet \u201eVeidrod\u017eio istorija\u201c"},{"@type":"BreadcrumbList","@id":"https:\/\/skaitytaknyga.lt\/produktas\/mylimojo-gyvenimas-dvasios-gyvenimas-sekuliariame-pasaulyje-2-2\/#breadcrumb","itemListElement":[{"@type":"ListItem","position":1,"name":"Home","item":"https:\/\/skaitytaknyga.lt\/"},{"@type":"ListItem","position":2,"name":"Parduotuv\u0117","item":"https:\/\/skaitytaknyga.lt\/knygu-parduotuve\/"},{"@type":"ListItem","position":3,"name":"Veidrod\u017eio istorija"}]},{"@type":"WebSite","@id":"https:\/\/skaitytaknyga.lt\/#website","url":"https:\/\/skaitytaknyga.lt\/","name":"skaitytaknyga.lt","description":"Skaitytaknyga.lt \u2013 tai ma\u017eas \u0161eimos verslas, kuris prasid\u0117jo nuo meil\u0117s knygoms ir siekio i\u0161gelb\u0117ti knygas nuo likimo prie konteinerio. Kas vienam nereikalingas daiktas \u2013 kitam lobis, o mes esame tarpininkai, kurie padeda abiems tapti laimingesniems ???? \u017dinome kaip nelengva i\u0161gyventi ma\u017eiems verslams, tad nuo \u0161iol, \u010dia rasite ir kit\u0173, ma\u017e\u0173 \u0161eim\u0173 versl\u0173, rank\u0173 darbo, dovan\u0173 sau ir artimiesiems.","publisher":{"@id":"https:\/\/skaitytaknyga.lt\/#organization"},"potentialAction":[{"@type":"SearchAction","target":{"@type":"EntryPoint","urlTemplate":"https:\/\/skaitytaknyga.lt\/?s={search_term_string}"},"query-input":{"@type":"PropertyValueSpecification","valueRequired":true,"valueName":"search_term_string"}}],"inLanguage":"en-GB"},{"@type":"Organization","@id":"https:\/\/skaitytaknyga.lt\/#organization","name":"skaitytaknyga.lt","url":"https:\/\/skaitytaknyga.lt\/","logo":{"@type":"ImageObject","inLanguage":"en-GB","@id":"https:\/\/skaitytaknyga.lt\/#\/schema\/logo\/image\/","url":"https:\/\/skaitytaknyga.lt\/wp-content\/uploads\/2024\/05\/cropped-cropped-cropped-02_00843_jt3bggkj1j3HLc7SyY6rEUpg.jpeg","contentUrl":"https:\/\/skaitytaknyga.lt\/wp-content\/uploads\/2024\/05\/cropped-cropped-cropped-02_00843_jt3bggkj1j3HLc7SyY6rEUpg.jpeg","width":1600,"height":1600,"caption":"skaitytaknyga.lt"},"image":{"@id":"https:\/\/skaitytaknyga.lt\/#\/schema\/logo\/image\/"},"sameAs":["https:\/\/www.facebook.com\/skaitytaknyga\/"]}]}},"_links":{"self":[{"href":"https:\/\/skaitytaknyga.lt\/en\/wp-json\/wp\/v2\/product\/13483","targetHints":{"allow":["GET"]}}],"collection":[{"href":"https:\/\/skaitytaknyga.lt\/en\/wp-json\/wp\/v2\/product"}],"about":[{"href":"https:\/\/skaitytaknyga.lt\/en\/wp-json\/wp\/v2\/types\/product"}],"replies":[{"embeddable":true,"href":"https:\/\/skaitytaknyga.lt\/en\/wp-json\/wp\/v2\/comments?post=13483"}],"wp:featuredmedia":[{"embeddable":true,"href":"https:\/\/skaitytaknyga.lt\/en\/wp-json\/wp\/v2\/media\/13484"}],"wp:attachment":[{"href":"https:\/\/skaitytaknyga.lt\/en\/wp-json\/wp\/v2\/media?parent=13483"}],"wp:term":[{"taxonomy":"product_brand","embeddable":true,"href":"https:\/\/skaitytaknyga.lt\/en\/wp-json\/wp\/v2\/product_brand?post=13483"},{"taxonomy":"product_cat","embeddable":true,"href":"https:\/\/skaitytaknyga.lt\/en\/wp-json\/wp\/v2\/product_cat?post=13483"},{"taxonomy":"product_tag","embeddable":true,"href":"https:\/\/skaitytaknyga.lt\/en\/wp-json\/wp\/v2\/product_tag?post=13483"}],"curies":[{"name":"wp","href":"https:\/\/api.w.org\/{rel}","templated":true}]}}