{"id":13479,"date":"2024-08-23T08:13:07","date_gmt":"2024-08-23T05:13:07","guid":{"rendered":"https:\/\/skaitytaknyga.lt\/?post_type=product&#038;p=13479"},"modified":"2025-06-26T15:39:19","modified_gmt":"2025-06-26T12:39:19","slug":"paul-strathern-mendelejevo-sapnas","status":"publish","type":"product","link":"https:\/\/skaitytaknyga.lt\/en\/produktas\/paul-strathern-mendelejevo-sapnas\/","title":{"rendered":"Mendelejevo sapnas"},"content":{"rendered":"<p>Pasakojimas apie ekscentri\u0161k\u0105 mokslinink\u0105, jo sapn\u0105 ir periodin\u0117s lentel\u0117s kilm\u0119.<\/p>\n<p>1869 m. vasario 17 d. \u012fnoringasis rus\u0173 mokslininkas Dmitrijus Mendelejevas suko galv\u0105, kaip sutvarkyti besivystant\u012f chemijos moksl\u0105. \u0160is a\u0161traus proto keistuolis, nuvargintas bevaisi\u0173 pastang\u0173, u\u017esn\u016bdo prie darbo stalo. Mendelejevo susapnuota periodin\u0117 element\u0173 lentel\u0117 i\u0161 pagrind\u0173 pakeit\u0117 po\u017ei\u016br\u012f \u012f pasaul\u012f.<\/p>\n<p>2001 m. pristatyta apdovanoti Aventis bendr\u0105ja premija u\u017e knyg\u0105 apie moksl\u0105.<\/p>\n","protected":false},"excerpt":{"rendered":"<p>Pasakojimas apie ekscentri\u0161k\u0105 mokslinink\u0105, jo sapn\u0105 ir periodin\u0117s lentel\u0117s kilm\u0119.<\/p>\n<p>1869 m. vasario 17 d. \u012fnoringasis rus\u0173 mokslininkas Dmitrijus Mendelejevas suko galv\u0105, kaip sutvarkyti besivystant\u012f chemijos moksl\u0105. \u0160is a\u0161traus proto keistuolis, nuvargintas bevaisi\u0173 pastang\u0173, u\u017esn\u016bdo prie darbo stalo. Mendelejevo susapnuota periodin\u0117 element\u0173 lentel\u0117 i\u0161 pagrind\u0173 pakeit\u0117 po\u017ei\u016br\u012f \u012f pasaul\u012f.<\/p>\n<p>2001 m. pristatyta apdovanoti<\/p>\n<ul class=\"about-product mb-3\">\n<li><strong style=\"font-weight: bold;\">Autorius:<\/strong> Paul Strathern<\/li>\n<li><strong style=\"font-weight: bold;\">Leid\u0117jas:<\/strong> Jotema<\/li>\n<li><strong style=\"font-weight: bold;\">Metai:<\/strong> 2008<\/li>\n<li><strong style=\"font-weight: bold;\">Puslapiai:<\/strong> 288<\/li>\n<li><strong style=\"font-weight: bold;\">ISBN:<\/strong> 9789955131472<\/li>\n<li><strong style=\"font-weight: bold;\">Versijos kodas:<\/strong> PT.<\/li>\n<li><strong style=\"font-weight: bold;\">Kalba:<\/strong> Lietuvi\u0173<\/li>\n<li><strong style=\"font-weight: bold;\">Vert\u0117jas:<\/strong> Edita Ma\u017eonien\u0117<\/li>\n<\/ul>\n","protected":false},"featured_media":13480,"comment_status":"open","ping_status":"closed","template":"","meta":{"_acf_changed":false,"site-sidebar-layout":"default","site-content-layout":"","ast-site-content-layout":"default","site-content-style":"default","site-sidebar-style":"default","ast-global-header-display":"","ast-banner-title-visibility":"","ast-main-header-display":"","ast-hfb-above-header-display":"","ast-hfb-below-header-display":"","ast-hfb-mobile-header-display":"","site-post-title":"","ast-breadcrumbs-content":"","ast-featured-img":"","footer-sml-layout":"","ast-disable-related-posts":"","theme-transparent-header-meta":"default","adv-header-id-meta":"","stick-header-meta":"","header-above-stick-meta":"","header-main-stick-meta":"","header-below-stick-meta":"","astra-migrate-meta-layouts":"set","ast-page-background-enabled":"default","ast-page-background-meta":{"desktop":{"background-color":"","background-image":"","background-repeat":"repeat","background-position":"center center","background-size":"auto","background-attachment":"scroll","background-type":"","background-media":"","overlay-type":"","overlay-color":"","overlay-opacity":"","overlay-gradient":""},"tablet":{"background-color":"","background-image":"","background-repeat":"repeat","background-position":"center center","background-size":"auto","background-attachment":"scroll","background-type":"","background-media":"","overlay-type":"","overlay-color":"","overlay-opacity":"","overlay-gradient":""},"mobile":{"background-color":"","background-image":"","background-repeat":"repeat","background-position":"center center","background-size":"auto","background-attachment":"scroll","background-type":"","background-media":"","overlay-type":"","overlay-color":"","overlay-opacity":"","overlay-gradient":""}},"ast-content-background-meta":{"desktop":{"background-color":"var(--ast-global-color-4)","background-image":"","background-repeat":"repeat","background-position":"center center","background-size":"auto","background-attachment":"scroll","background-type":"","background-media":"","overlay-type":"","overlay-color":"","overlay-opacity":"","overlay-gradient":""},"tablet":{"background-color":"var(--ast-global-color-4)","background-image":"","background-repeat":"repeat","background-position":"center center","background-size":"auto","background-attachment":"scroll","background-type":"","background-media":"","overlay-type":"","overlay-color":"","overlay-opacity":"","overlay-gradient":""},"mobile":{"background-color":"var(--ast-global-color-4)","background-image":"","background-repeat":"repeat","background-position":"center center","background-size":"auto","background-attachment":"scroll","background-type":"","background-media":"","overlay-type":"","overlay-color":"","overlay-opacity":"","overlay-gradient":""}}},"product_brand":[],"product_cat":[33,31],"product_tag":[5868,5867,4597,5866,1524,5788,5863,5865,5864],"class_list":{"0":"post-13479","1":"product","2":"type-product","3":"status-publish","4":"has-post-thumbnail","6":"product_cat-biografijos","7":"product_cat-grozine-literatura","8":"product_tag-5868","9":"product_tag-aventis-premija","10":"product_tag-chemija","11":"product_tag-dmitrijus-mendelejevas","12":"product_tag-mokslas","13":"product_tag-mokslininkas","14":"product_tag-paul-strathern","15":"product_tag-periodine-lentele","16":"product_tag-sapnas","17":"desktop-align-left","18":"tablet-align-left","19":"mobile-align-left","21":"first","22":"instock","23":"shipping-taxable","24":"purchasable","25":"product-type-simple"},"acf":[],"yoast_head":"<!-- This site is optimized with the Yoast SEO plugin v27.0 - https:\/\/yoast.com\/product\/yoast-seo-wordpress\/ -->\n<title>Mendelejevo sapnas<\/title>\n<meta name=\"description\" content=\"Pasakojimas apie ekscentri\u0161k\u0105 mokslinink\u0105, jo sapn\u0105 ir periodin\u0117s lentel\u0117s kilm\u0119.  1869 m. vasario 17 d. \u012fnoringasis rus\u0173 mokslininkas Dmitrijus Mendelejevas suko galv\u0105, kaip sutvarkyti besivystant\u012f chemijos moksl\u0105. \u0160is a\u0161traus proto keistuolis, nuvargintas bevaisi\u0173 pastang\u0173, u\u017esn\u016bdo prie darbo stalo. Mendelejevo susapnuota periodin\u0117 element\u0173 lentel\u0117 i\u0161 pagrind\u0173 pakeit\u0117 po\u017ei\u016br\u012f \u012f pasaul\u012f.  2001 m. pristatyta apdovanoti   Autorius: Paul Strathern  Leid\u0117jas: Jotema  Metai: 2008  Puslapiai: 288  ISBN: 9789955131472  Versijos kodas: PT.  Kalba: Lietuvi\u0173  Vert\u0117jas: Edita Ma\u017eonien\u0117\" \/>\n<meta name=\"robots\" content=\"index, follow, max-snippet:-1, max-image-preview:large, max-video-preview:-1\" \/>\n<link rel=\"canonical\" href=\"https:\/\/skaitytaknyga.lt\/en\/produktas\/paul-strathern-mendelejevo-sapnas\/\" \/>\n<meta property=\"og:locale\" content=\"en_GB\" \/>\n<meta property=\"og:locale:alternate\" content=\"lt_LT\" \/>\n<meta property=\"og:type\" content=\"article\" \/>\n<meta property=\"og:title\" content=\"Mendelejevo sapnas\" \/>\n<meta property=\"og:description\" content=\"Pasakojimas apie ekscentri\u0161k\u0105 mokslinink\u0105, jo sapn\u0105 ir periodin\u0117s lentel\u0117s kilm\u0119.  1869 m. vasario 17 d. \u012fnoringasis rus\u0173 mokslininkas Dmitrijus Mendelejevas suko galv\u0105, kaip sutvarkyti besivystant\u012f chemijos moksl\u0105. \u0160is a\u0161traus proto keistuolis, nuvargintas bevaisi\u0173 pastang\u0173, u\u017esn\u016bdo prie darbo stalo. Mendelejevo susapnuota periodin\u0117 element\u0173 lentel\u0117 i\u0161 pagrind\u0173 pakeit\u0117 po\u017ei\u016br\u012f \u012f pasaul\u012f.  2001 m. pristatyta apdovanoti   Autorius: Paul Strathern  Leid\u0117jas: Jotema  Metai: 2008  Puslapiai: 288  ISBN: 9789955131472  Versijos kodas: PT.  Kalba: Lietuvi\u0173  Vert\u0117jas: Edita Ma\u017eonien\u0117\" \/>\n<meta property=\"og:url\" content=\"https:\/\/skaitytaknyga.lt\/en\/produktas\/paul-strathern-mendelejevo-sapnas\/\" \/>\n<meta property=\"og:site_name\" content=\"Skaitytaknyga\" \/>\n<meta property=\"article:publisher\" content=\"https:\/\/www.facebook.com\/skaitytaknyga\/\" \/>\n<meta property=\"article:modified_time\" content=\"2025-06-26T12:39:19+00:00\" \/>\n<meta property=\"og:image\" content=\"https:\/\/skaitytaknyga.lt\/wp-content\/uploads\/2024\/08\/img_4907.jpeg\" \/>\n\t<meta property=\"og:image:width\" content=\"530\" \/>\n\t<meta property=\"og:image:height\" content=\"800\" \/>\n\t<meta property=\"og:image:type\" content=\"image\/jpeg\" \/>\n<meta name=\"twitter:card\" content=\"summary_large_image\" \/>\n<meta name=\"twitter:label1\" content=\"Estimated reading time\" \/>\n\t<meta name=\"twitter:data1\" content=\"1 minute\" \/>\n<script type=\"application\/ld+json\" class=\"yoast-schema-graph\">{\"@context\":\"https:\/\/schema.org\",\"@graph\":[{\"@type\":\"WebPage\",\"@id\":\"https:\/\/skaitytaknyga.lt\/produktas\/paul-strathern-mendelejevo-sapnas\/\",\"url\":\"https:\/\/skaitytaknyga.lt\/produktas\/paul-strathern-mendelejevo-sapnas\/\",\"name\":\"Mendelejevo sapnas\",\"isPartOf\":{\"@id\":\"https:\/\/skaitytaknyga.lt\/#website\"},\"primaryImageOfPage\":{\"@id\":\"https:\/\/skaitytaknyga.lt\/produktas\/paul-strathern-mendelejevo-sapnas\/#primaryimage\"},\"image\":{\"@id\":\"https:\/\/skaitytaknyga.lt\/produktas\/paul-strathern-mendelejevo-sapnas\/#primaryimage\"},\"thumbnailUrl\":\"https:\/\/skaitytaknyga.lt\/wp-content\/uploads\/2024\/08\/img_4907.jpeg\",\"datePublished\":\"2024-08-23T05:13:07+00:00\",\"dateModified\":\"2025-06-26T12:39:19+00:00\",\"description\":\"Pasakojimas apie ekscentri\u0161k\u0105 mokslinink\u0105, jo sapn\u0105 ir periodin\u0117s lentel\u0117s kilm\u0119. 1869 m. vasario 17 d. \u012fnoringasis rus\u0173 mokslininkas Dmitrijus Mendelejevas suko galv\u0105, kaip sutvarkyti besivystant\u012f chemijos moksl\u0105. \u0160is a\u0161traus proto keistuolis, nuvargintas bevaisi\u0173 pastang\u0173, u\u017esn\u016bdo prie darbo stalo. Mendelejevo susapnuota periodin\u0117 element\u0173 lentel\u0117 i\u0161 pagrind\u0173 pakeit\u0117 po\u017ei\u016br\u012f \u012f pasaul\u012f. 2001 m. pristatyta apdovanoti Autorius: Paul Strathern Leid\u0117jas: Jotema Metai: 2008 Puslapiai: 288 ISBN: 9789955131472 Versijos kodas: PT. Kalba: Lietuvi\u0173 Vert\u0117jas: Edita Ma\u017eonien\u0117\",\"breadcrumb\":{\"@id\":\"https:\/\/skaitytaknyga.lt\/produktas\/paul-strathern-mendelejevo-sapnas\/#breadcrumb\"},\"inLanguage\":\"en-GB\",\"potentialAction\":[{\"@type\":\"ReadAction\",\"target\":[\"https:\/\/skaitytaknyga.lt\/produktas\/paul-strathern-mendelejevo-sapnas\/\"]}]},{\"@type\":\"ImageObject\",\"inLanguage\":\"en-GB\",\"@id\":\"https:\/\/skaitytaknyga.lt\/produktas\/paul-strathern-mendelejevo-sapnas\/#primaryimage\",\"url\":\"https:\/\/skaitytaknyga.lt\/wp-content\/uploads\/2024\/08\/img_4907.jpeg\",\"contentUrl\":\"https:\/\/skaitytaknyga.lt\/wp-content\/uploads\/2024\/08\/img_4907.jpeg\",\"width\":530,\"height\":800,\"caption\":\"Paul Strathern Mendelejevo sapnas\"},{\"@type\":\"BreadcrumbList\",\"@id\":\"https:\/\/skaitytaknyga.lt\/produktas\/paul-strathern-mendelejevo-sapnas\/#breadcrumb\",\"itemListElement\":[{\"@type\":\"ListItem\",\"position\":1,\"name\":\"Home\",\"item\":\"https:\/\/skaitytaknyga.lt\/\"},{\"@type\":\"ListItem\",\"position\":2,\"name\":\"Parduotuv\u0117\",\"item\":\"https:\/\/skaitytaknyga.lt\/knygu-parduotuve\/\"},{\"@type\":\"ListItem\",\"position\":3,\"name\":\"Mendelejevo sapnas\"}]},{\"@type\":\"WebSite\",\"@id\":\"https:\/\/skaitytaknyga.lt\/#website\",\"url\":\"https:\/\/skaitytaknyga.lt\/\",\"name\":\"skaitytaknyga.lt\",\"description\":\"Skaitytaknyga.lt \u2013 tai ma\u017eas \u0161eimos verslas, kuris prasid\u0117jo nuo meil\u0117s knygoms ir siekio i\u0161gelb\u0117ti knygas nuo likimo prie konteinerio. Kas vienam nereikalingas daiktas \u2013 kitam lobis, o mes esame tarpininkai, kurie padeda abiems tapti laimingesniems ???? \u017dinome kaip nelengva i\u0161gyventi ma\u017eiems verslams, tad nuo \u0161iol, \u010dia rasite ir kit\u0173, ma\u017e\u0173 \u0161eim\u0173 versl\u0173, rank\u0173 darbo, dovan\u0173 sau ir artimiesiems.\",\"publisher\":{\"@id\":\"https:\/\/skaitytaknyga.lt\/#organization\"},\"potentialAction\":[{\"@type\":\"SearchAction\",\"target\":{\"@type\":\"EntryPoint\",\"urlTemplate\":\"https:\/\/skaitytaknyga.lt\/?s={search_term_string}\"},\"query-input\":{\"@type\":\"PropertyValueSpecification\",\"valueRequired\":true,\"valueName\":\"search_term_string\"}}],\"inLanguage\":\"en-GB\"},{\"@type\":\"Organization\",\"@id\":\"https:\/\/skaitytaknyga.lt\/#organization\",\"name\":\"skaitytaknyga.lt\",\"url\":\"https:\/\/skaitytaknyga.lt\/\",\"logo\":{\"@type\":\"ImageObject\",\"inLanguage\":\"en-GB\",\"@id\":\"https:\/\/skaitytaknyga.lt\/#\/schema\/logo\/image\/\",\"url\":\"https:\/\/skaitytaknyga.lt\/wp-content\/uploads\/2024\/05\/cropped-cropped-cropped-02_00843_jt3bggkj1j3HLc7SyY6rEUpg.jpeg\",\"contentUrl\":\"https:\/\/skaitytaknyga.lt\/wp-content\/uploads\/2024\/05\/cropped-cropped-cropped-02_00843_jt3bggkj1j3HLc7SyY6rEUpg.jpeg\",\"width\":1600,\"height\":1600,\"caption\":\"skaitytaknyga.lt\"},\"image\":{\"@id\":\"https:\/\/skaitytaknyga.lt\/#\/schema\/logo\/image\/\"},\"sameAs\":[\"https:\/\/www.facebook.com\/skaitytaknyga\/\"]}]}<\/script>\n<!-- \/ Yoast SEO plugin. -->","yoast_head_json":{"title":"Mendelejevo sapnas","description":"Pasakojimas apie ekscentri\u0161k\u0105 mokslinink\u0105, jo sapn\u0105 ir periodin\u0117s lentel\u0117s kilm\u0119.  1869 m. vasario 17 d. \u012fnoringasis rus\u0173 mokslininkas Dmitrijus Mendelejevas suko galv\u0105, kaip sutvarkyti besivystant\u012f chemijos moksl\u0105. \u0160is a\u0161traus proto keistuolis, nuvargintas bevaisi\u0173 pastang\u0173, u\u017esn\u016bdo prie darbo stalo. Mendelejevo susapnuota periodin\u0117 element\u0173 lentel\u0117 i\u0161 pagrind\u0173 pakeit\u0117 po\u017ei\u016br\u012f \u012f pasaul\u012f.  2001 m. pristatyta apdovanoti   Autorius: Paul Strathern  Leid\u0117jas: Jotema  Metai: 2008  Puslapiai: 288  ISBN: 9789955131472  Versijos kodas: PT.  Kalba: Lietuvi\u0173  Vert\u0117jas: Edita Ma\u017eonien\u0117","robots":{"index":"index","follow":"follow","max-snippet":"max-snippet:-1","max-image-preview":"max-image-preview:large","max-video-preview":"max-video-preview:-1"},"canonical":"https:\/\/skaitytaknyga.lt\/en\/produktas\/paul-strathern-mendelejevo-sapnas\/","og_locale":"en_GB","og_type":"article","og_title":"[:lt]Mendelejevo sapnas[:] - Skaitytaknyga","og_description":"Pasakojimas apie ekscentri\u0161k\u0105 mokslinink\u0105, jo sapn\u0105 ir periodin\u0117s lentel\u0117s kilm\u0119.  1869 m. vasario 17 d. \u012fnoringasis rus\u0173 mokslininkas Dmitrijus Mendelejevas suko galv\u0105, kaip sutvarkyti besivystant\u012f chemijos moksl\u0105. \u0160is a\u0161traus proto keistuolis, nuvargintas bevaisi\u0173 pastang\u0173, u\u017esn\u016bdo prie darbo stalo. Mendelejevo susapnuota periodin\u0117 element\u0173 lentel\u0117 i\u0161 pagrind\u0173 pakeit\u0117 po\u017ei\u016br\u012f \u012f pasaul\u012f.  2001 m. pristatyta apdovanoti   Autorius: Paul Strathern  Leid\u0117jas: Jotema  Metai: 2008  Puslapiai: 288  ISBN: 9789955131472  Versijos kodas: PT.  Kalba: Lietuvi\u0173  Vert\u0117jas: Edita Ma\u017eonien\u0117","og_url":"https:\/\/skaitytaknyga.lt\/en\/produktas\/paul-strathern-mendelejevo-sapnas\/","og_site_name":"Skaitytaknyga","article_publisher":"https:\/\/www.facebook.com\/skaitytaknyga\/","article_modified_time":"2025-06-26T12:39:19+00:00","og_image":[{"width":530,"height":800,"url":"https:\/\/skaitytaknyga.lt\/wp-content\/uploads\/2024\/08\/img_4907.jpeg","type":"image\/jpeg"}],"twitter_card":"summary_large_image","twitter_misc":{"Estimated reading time":"1 minute"},"schema":{"@context":"https:\/\/schema.org","@graph":[{"@type":"WebPage","@id":"https:\/\/skaitytaknyga.lt\/produktas\/paul-strathern-mendelejevo-sapnas\/","url":"https:\/\/skaitytaknyga.lt\/produktas\/paul-strathern-mendelejevo-sapnas\/","name":"Mendelejevo sapnas","isPartOf":{"@id":"https:\/\/skaitytaknyga.lt\/#website"},"primaryImageOfPage":{"@id":"https:\/\/skaitytaknyga.lt\/produktas\/paul-strathern-mendelejevo-sapnas\/#primaryimage"},"image":{"@id":"https:\/\/skaitytaknyga.lt\/produktas\/paul-strathern-mendelejevo-sapnas\/#primaryimage"},"thumbnailUrl":"https:\/\/skaitytaknyga.lt\/wp-content\/uploads\/2024\/08\/img_4907.jpeg","datePublished":"2024-08-23T05:13:07+00:00","dateModified":"2025-06-26T12:39:19+00:00","description":"Pasakojimas apie ekscentri\u0161k\u0105 mokslinink\u0105, jo sapn\u0105 ir periodin\u0117s lentel\u0117s kilm\u0119. 1869 m. vasario 17 d. \u012fnoringasis rus\u0173 mokslininkas Dmitrijus Mendelejevas suko galv\u0105, kaip sutvarkyti besivystant\u012f chemijos moksl\u0105. \u0160is a\u0161traus proto keistuolis, nuvargintas bevaisi\u0173 pastang\u0173, u\u017esn\u016bdo prie darbo stalo. Mendelejevo susapnuota periodin\u0117 element\u0173 lentel\u0117 i\u0161 pagrind\u0173 pakeit\u0117 po\u017ei\u016br\u012f \u012f pasaul\u012f. 2001 m. pristatyta apdovanoti Autorius: Paul Strathern Leid\u0117jas: Jotema Metai: 2008 Puslapiai: 288 ISBN: 9789955131472 Versijos kodas: PT. Kalba: Lietuvi\u0173 Vert\u0117jas: Edita Ma\u017eonien\u0117","breadcrumb":{"@id":"https:\/\/skaitytaknyga.lt\/produktas\/paul-strathern-mendelejevo-sapnas\/#breadcrumb"},"inLanguage":"en-GB","potentialAction":[{"@type":"ReadAction","target":["https:\/\/skaitytaknyga.lt\/produktas\/paul-strathern-mendelejevo-sapnas\/"]}]},{"@type":"ImageObject","inLanguage":"en-GB","@id":"https:\/\/skaitytaknyga.lt\/produktas\/paul-strathern-mendelejevo-sapnas\/#primaryimage","url":"https:\/\/skaitytaknyga.lt\/wp-content\/uploads\/2024\/08\/img_4907.jpeg","contentUrl":"https:\/\/skaitytaknyga.lt\/wp-content\/uploads\/2024\/08\/img_4907.jpeg","width":530,"height":800,"caption":"Paul Strathern Mendelejevo sapnas"},{"@type":"BreadcrumbList","@id":"https:\/\/skaitytaknyga.lt\/produktas\/paul-strathern-mendelejevo-sapnas\/#breadcrumb","itemListElement":[{"@type":"ListItem","position":1,"name":"Home","item":"https:\/\/skaitytaknyga.lt\/"},{"@type":"ListItem","position":2,"name":"Parduotuv\u0117","item":"https:\/\/skaitytaknyga.lt\/knygu-parduotuve\/"},{"@type":"ListItem","position":3,"name":"Mendelejevo sapnas"}]},{"@type":"WebSite","@id":"https:\/\/skaitytaknyga.lt\/#website","url":"https:\/\/skaitytaknyga.lt\/","name":"skaitytaknyga.lt","description":"Skaitytaknyga.lt \u2013 tai ma\u017eas \u0161eimos verslas, kuris prasid\u0117jo nuo meil\u0117s knygoms ir siekio i\u0161gelb\u0117ti knygas nuo likimo prie konteinerio. Kas vienam nereikalingas daiktas \u2013 kitam lobis, o mes esame tarpininkai, kurie padeda abiems tapti laimingesniems ???? \u017dinome kaip nelengva i\u0161gyventi ma\u017eiems verslams, tad nuo \u0161iol, \u010dia rasite ir kit\u0173, ma\u017e\u0173 \u0161eim\u0173 versl\u0173, rank\u0173 darbo, dovan\u0173 sau ir artimiesiems.","publisher":{"@id":"https:\/\/skaitytaknyga.lt\/#organization"},"potentialAction":[{"@type":"SearchAction","target":{"@type":"EntryPoint","urlTemplate":"https:\/\/skaitytaknyga.lt\/?s={search_term_string}"},"query-input":{"@type":"PropertyValueSpecification","valueRequired":true,"valueName":"search_term_string"}}],"inLanguage":"en-GB"},{"@type":"Organization","@id":"https:\/\/skaitytaknyga.lt\/#organization","name":"skaitytaknyga.lt","url":"https:\/\/skaitytaknyga.lt\/","logo":{"@type":"ImageObject","inLanguage":"en-GB","@id":"https:\/\/skaitytaknyga.lt\/#\/schema\/logo\/image\/","url":"https:\/\/skaitytaknyga.lt\/wp-content\/uploads\/2024\/05\/cropped-cropped-cropped-02_00843_jt3bggkj1j3HLc7SyY6rEUpg.jpeg","contentUrl":"https:\/\/skaitytaknyga.lt\/wp-content\/uploads\/2024\/05\/cropped-cropped-cropped-02_00843_jt3bggkj1j3HLc7SyY6rEUpg.jpeg","width":1600,"height":1600,"caption":"skaitytaknyga.lt"},"image":{"@id":"https:\/\/skaitytaknyga.lt\/#\/schema\/logo\/image\/"},"sameAs":["https:\/\/www.facebook.com\/skaitytaknyga\/"]}]}},"_links":{"self":[{"href":"https:\/\/skaitytaknyga.lt\/en\/wp-json\/wp\/v2\/product\/13479","targetHints":{"allow":["GET"]}}],"collection":[{"href":"https:\/\/skaitytaknyga.lt\/en\/wp-json\/wp\/v2\/product"}],"about":[{"href":"https:\/\/skaitytaknyga.lt\/en\/wp-json\/wp\/v2\/types\/product"}],"replies":[{"embeddable":true,"href":"https:\/\/skaitytaknyga.lt\/en\/wp-json\/wp\/v2\/comments?post=13479"}],"wp:featuredmedia":[{"embeddable":true,"href":"https:\/\/skaitytaknyga.lt\/en\/wp-json\/wp\/v2\/media\/13480"}],"wp:attachment":[{"href":"https:\/\/skaitytaknyga.lt\/en\/wp-json\/wp\/v2\/media?parent=13479"}],"wp:term":[{"taxonomy":"product_brand","embeddable":true,"href":"https:\/\/skaitytaknyga.lt\/en\/wp-json\/wp\/v2\/product_brand?post=13479"},{"taxonomy":"product_cat","embeddable":true,"href":"https:\/\/skaitytaknyga.lt\/en\/wp-json\/wp\/v2\/product_cat?post=13479"},{"taxonomy":"product_tag","embeddable":true,"href":"https:\/\/skaitytaknyga.lt\/en\/wp-json\/wp\/v2\/product_tag?post=13479"}],"curies":[{"name":"wp","href":"https:\/\/api.w.org\/{rel}","templated":true}]}}