{"id":13478,"date":"2024-08-23T08:11:58","date_gmt":"2024-08-23T05:11:58","guid":{"rendered":"https:\/\/skaitytaknyga.lt\/produktas\/tracy-chevalier-puole-angelai\/"},"modified":"2026-03-18T11:12:13","modified_gmt":"2026-03-18T09:12:13","slug":"tracy-chevalier-puole-angelai","status":"publish","type":"product","link":"https:\/\/skaitytaknyga.lt\/en\/produktas\/tracy-chevalier-puole-angelai\/","title":{"rendered":"\u201ePuol\u0119 angelai\u201c"},"content":{"rendered":"<p>1901 met\u0173 sausis, diena po karalien\u0117s Viktorijos mirties: dvi \u0161eimos lanko gretimus kapus pra\u0161matniose kapin\u0117se. Vien\u0105 kap\u0105 puo\u0161ia sentimentalus angelas, o kit\u0105 \u2013 \u012fmantri urna. Voterhausai garbina velion\u0119 karalien\u0119 ir tvirtai laikosi karalien\u0117s Viktorijos laik\u0173 tradicij\u0173; Koulmanai \u017eengia \u012f modernesn\u0119 visuomen\u0119.<\/p>\n<p>Abiej\u0173 \u0161eim\u0173 nepritarimui, \u0161eimos neatskiriamai susiejamos, kai kapin\u0117se susidraugauja j\u0173 dukterys. Ir dar blogiau: susidraugauja su purvinu duobkasio s\u016bnumi. Mergait\u0117ms augant, \u012fsib\u0117g\u0117ja naujasis am\u017eius, arklius pakei\u010dia automobiliai, o vietoj duj\u0173 ap\u0161vietimo atsiranda elektra, \u0161alis i\u0161tr\u016bksta i\u0161 engian\u010di\u0173 karalien\u0117s Viktorijos laik\u0173 prieblandos \u012f auksin\u0119 karaliaus Eduardo VII vasar\u0105.<\/p>\n<p>Gra\u017ei ir gyvenimu nusivylusi ponia Koulman ima siekti didesn\u0117s asmenin\u0117s laisv\u0117s ir sulaukia pragai\u0161ting\u0173 pasekmi\u0173, kurios Koulman\u0173 ir Voterhaus\u0173 gyvenimus pakei\u010dia visam laikui.<\/p>\n","protected":false},"excerpt":{"rendered":"<p>1901 met\u0173 sausis, diena po karalien\u0117s Viktorijos mirties: dvi \u0161eimos lanko gretimus kapus pra\u0161matniose kapin\u0117se. Vien\u0105 kap\u0105 puo\u0161ia sentimentalus angelas, o kit\u0105 \u2013 \u012fmantri urna. Voterhausai garbina velion\u0119 karalien\u0119 ir tvirtai laikosi karalien\u0117s Viktorijos laik\u0173 tradicij\u0173; Koulmanai \u017eengia \u012f modernesn\u0119 visuomen\u0119.<\/p>\n<p>Abiej\u0173 \u0161eim\u0173 nepritarimui, \u0161eimos neatskiriamai susiejamos, kai kapin\u0117se susidraugauja j\u0173 dukterys. Ir dar blogiau: susidraugauja su purvinu duobkasio s\u016bnumi. Mergait\u0117ms augant, \u012fsib\u0117g\u0117ja naujasis am\u017eius, arklius pakei\u010dia automobiliai, o vietoj duj\u0173 ap\u0161vietimo atsiranda elektra, \u0161alis i\u0161tr\u016bksta i\u0161 engian\u010di\u0173 karalien\u0117s Viktorijos laik\u0173 prieblandos \u012f auksin\u0119 karaliaus Eduardo VII vasar\u0105.<\/p>\n<p>Gra\u017ei ir gyvenimu nusivylusi ponia Koulman ima siekti didesn\u0117s asmenin\u0117s laisv\u0117s ir sulaukia pragai\u0161ting\u0173 pasekmi\u0173, kurios Koulman\u0173 ir Voterhaus\u0173 gyvenimus pakei\u010dia visam laikui.<\/p>\n<ul class=\"about-product mb-3\">\n<li><strong style=\"font-weight: bold;\">Autorius:<\/strong> Tracy Chevalier<\/li>\n<li><strong style=\"font-weight: bold;\">Leid\u0117jas:<\/strong> Jotema<\/li>\n<li><strong style=\"font-weight: bold;\">Metai:<\/strong> 2007<\/li>\n<li><strong style=\"font-weight: bold;\">Puslapiai:<\/strong> 280<\/li>\n<li><strong style=\"font-weight: bold;\">ISBN:<\/strong> 9789955131076<\/li>\n<li><strong style=\"font-weight: bold;\">Versijos kodas:<\/strong> PT.<\/li>\n<li class=\"toggleable type-new-formats \"><strong style=\"font-weight: bold;\">Formatas:<\/strong> 15 x 22 cm, kieti vir\u0161eliai<\/li>\n<li><strong style=\"font-weight: bold;\">Kalba:<\/strong> Lietuvi\u0173<\/li>\n<li><strong style=\"font-weight: bold;\">Vert\u0117jas:<\/strong> Mykol\u0117 Luko\u0161ien\u0117<\/li>\n<\/ul>\n","protected":false},"featured_media":13477,"comment_status":"open","ping_status":"closed","template":"","meta":{"_acf_changed":false,"site-sidebar-layout":"default","site-content-layout":"","ast-site-content-layout":"default","site-content-style":"default","site-sidebar-style":"default","ast-global-header-display":"","ast-banner-title-visibility":"","ast-main-header-display":"","ast-hfb-above-header-display":"","ast-hfb-below-header-display":"","ast-hfb-mobile-header-display":"","site-post-title":"","ast-breadcrumbs-content":"","ast-featured-img":"","footer-sml-layout":"","ast-disable-related-posts":"","theme-transparent-header-meta":"default","adv-header-id-meta":"","stick-header-meta":"","header-above-stick-meta":"","header-main-stick-meta":"","header-below-stick-meta":"","astra-migrate-meta-layouts":"set","ast-page-background-enabled":"default","ast-page-background-meta":{"desktop":{"background-color":"","background-image":"","background-repeat":"repeat","background-position":"center center","background-size":"auto","background-attachment":"scroll","background-type":"","background-media":"","overlay-type":"","overlay-color":"","overlay-opacity":"","overlay-gradient":""},"tablet":{"background-color":"","background-image":"","background-repeat":"repeat","background-position":"center center","background-size":"auto","background-attachment":"scroll","background-type":"","background-media":"","overlay-type":"","overlay-color":"","overlay-opacity":"","overlay-gradient":""},"mobile":{"background-color":"","background-image":"","background-repeat":"repeat","background-position":"center center","background-size":"auto","background-attachment":"scroll","background-type":"","background-media":"","overlay-type":"","overlay-color":"","overlay-opacity":"","overlay-gradient":""}},"ast-content-background-meta":{"desktop":{"background-color":"var(--ast-global-color-4)","background-image":"","background-repeat":"repeat","background-position":"center center","background-size":"auto","background-attachment":"scroll","background-type":"","background-media":"","overlay-type":"","overlay-color":"","overlay-opacity":"","overlay-gradient":""},"tablet":{"background-color":"var(--ast-global-color-4)","background-image":"","background-repeat":"repeat","background-position":"center center","background-size":"auto","background-attachment":"scroll","background-type":"","background-media":"","overlay-type":"","overlay-color":"","overlay-opacity":"","overlay-gradient":""},"mobile":{"background-color":"var(--ast-global-color-4)","background-image":"","background-repeat":"repeat","background-position":"center center","background-size":"auto","background-attachment":"scroll","background-type":"","background-media":"","overlay-type":"","overlay-color":"","overlay-opacity":"","overlay-gradient":""}}},"product_brand":[],"product_cat":[9618],"product_tag":[],"class_list":{"0":"post-13478","1":"product","2":"type-product","3":"status-publish","4":"has-post-thumbnail","6":"product_cat-istoriniai-romanai","7":"desktop-align-left","8":"tablet-align-left","9":"mobile-align-left","11":"first","12":"instock","13":"shipping-taxable","14":"purchasable","15":"product-type-simple"},"acf":[],"yoast_head":"<!-- This site is optimized with the Yoast SEO plugin v27.0 - https:\/\/yoast.com\/product\/yoast-seo-wordpress\/ -->\n<title>\u201ePuol\u0119 angelai\u201c<\/title>\n<meta name=\"description\" content=\"1901 met\u0173 sausis, diena po karalien\u0117s Viktorijos mirties: dvi \u0161eimos lanko gretimus kapus pra\u0161matniose kapin\u0117se. Vien\u0105 kap\u0105 puo\u0161ia sentimentalus angelas, o kit\u0105 \u2013 \u012fmantri urna. Voterhausai garbina velion\u0119 karalien\u0119 ir tvirtai laikosi karalien\u0117s Viktorijos laik\u0173 tradicij\u0173; Koulmanai \u017eengia \u012f modernesn\u0119 visuomen\u0119.  Abiej\u0173 \u0161eim\u0173 nepritarimui, \u0161eimos neatskiriamai susiejamos, kai kapin\u0117se susidraugauja j\u0173 dukterys. Ir dar blogiau: susidraugauja su purvinu duobkasio s\u016bnumi. Mergait\u0117ms augant, \u012fsib\u0117g\u0117ja naujasis am\u017eius, arklius pakei\u010dia automobiliai, o vietoj duj\u0173 ap\u0161vietimo atsiranda elektra, \u0161alis i\u0161tr\u016bksta i\u0161 engian\u010di\u0173 karalien\u0117s Viktorijos laik\u0173 prieblandos \u012f auksin\u0119 karaliaus Eduardo VII vasar\u0105.  Gra\u017ei ir gyvenimu nusivylusi ponia Koulman ima siekti didesn\u0117s asmenin\u0117s laisv\u0117s ir sulaukia pragai\u0161ting\u0173 pasekmi\u0173, kurios Koulman\u0173 ir Voterhaus\u0173 gyvenimus pakei\u010dia visam laikui.   Autorius: Tracy Chevalier  Leid\u0117jas: Jotema  Metai: 2007  Puslapiai: 280  ISBN: 9789955131076  Versijos kodas: PT.  Formatas: 15 x 22 cm, kieti vir\u0161eliai  Kalba: Lietuvi\u0173  Vert\u0117jas: Mykol\u0117 Luko\u0161ien\u0117\" \/>\n<meta name=\"robots\" content=\"index, follow, max-snippet:-1, max-image-preview:large, max-video-preview:-1\" \/>\n<link rel=\"canonical\" href=\"https:\/\/skaitytaknyga.lt\/en\/produktas\/tracy-chevalier-puole-angelai\/\" \/>\n<meta property=\"og:locale\" content=\"en_GB\" \/>\n<meta property=\"og:locale:alternate\" content=\"lt_LT\" \/>\n<meta property=\"og:type\" content=\"article\" \/>\n<meta property=\"og:title\" content=\"\u201ePuol\u0119 angelai\u201c\" \/>\n<meta property=\"og:description\" content=\"1901 met\u0173 sausis, diena po karalien\u0117s Viktorijos mirties: dvi \u0161eimos lanko gretimus kapus pra\u0161matniose kapin\u0117se. Vien\u0105 kap\u0105 puo\u0161ia sentimentalus angelas, o kit\u0105 \u2013 \u012fmantri urna. Voterhausai garbina velion\u0119 karalien\u0119 ir tvirtai laikosi karalien\u0117s Viktorijos laik\u0173 tradicij\u0173; Koulmanai \u017eengia \u012f modernesn\u0119 visuomen\u0119.  Abiej\u0173 \u0161eim\u0173 nepritarimui, \u0161eimos neatskiriamai susiejamos, kai kapin\u0117se susidraugauja j\u0173 dukterys. Ir dar blogiau: susidraugauja su purvinu duobkasio s\u016bnumi. Mergait\u0117ms augant, \u012fsib\u0117g\u0117ja naujasis am\u017eius, arklius pakei\u010dia automobiliai, o vietoj duj\u0173 ap\u0161vietimo atsiranda elektra, \u0161alis i\u0161tr\u016bksta i\u0161 engian\u010di\u0173 karalien\u0117s Viktorijos laik\u0173 prieblandos \u012f auksin\u0119 karaliaus Eduardo VII vasar\u0105.  Gra\u017ei ir gyvenimu nusivylusi ponia Koulman ima siekti didesn\u0117s asmenin\u0117s laisv\u0117s ir sulaukia pragai\u0161ting\u0173 pasekmi\u0173, kurios Koulman\u0173 ir Voterhaus\u0173 gyvenimus pakei\u010dia visam laikui.   Autorius: Tracy Chevalier  Leid\u0117jas: Jotema  Metai: 2007  Puslapiai: 280  ISBN: 9789955131076  Versijos kodas: PT.  Formatas: 15 x 22 cm, kieti vir\u0161eliai  Kalba: Lietuvi\u0173  Vert\u0117jas: Mykol\u0117 Luko\u0161ien\u0117\" \/>\n<meta property=\"og:url\" content=\"https:\/\/skaitytaknyga.lt\/en\/produktas\/tracy-chevalier-puole-angelai\/\" \/>\n<meta property=\"og:site_name\" content=\"Skaitytaknyga\" \/>\n<meta property=\"article:publisher\" content=\"https:\/\/www.facebook.com\/skaitytaknyga\/\" \/>\n<meta property=\"article:modified_time\" content=\"2026-03-18T09:12:13+00:00\" \/>\n<meta property=\"og:image\" content=\"https:\/\/skaitytaknyga.lt\/wp-content\/uploads\/2024\/08\/img_4906.jpeg\" \/>\n\t<meta property=\"og:image:width\" content=\"524\" \/>\n\t<meta property=\"og:image:height\" content=\"799\" \/>\n\t<meta property=\"og:image:type\" content=\"image\/jpeg\" \/>\n<meta name=\"twitter:card\" content=\"summary_large_image\" \/>\n<meta name=\"twitter:label1\" content=\"Estimated reading time\" \/>\n\t<meta name=\"twitter:data1\" content=\"1 minute\" \/>\n<script type=\"application\/ld+json\" class=\"yoast-schema-graph\">{\"@context\":\"https:\/\/schema.org\",\"@graph\":[{\"@type\":\"WebPage\",\"@id\":\"https:\/\/skaitytaknyga.lt\/produktas\/tracy-chevalier-puole-angelai\/\",\"url\":\"https:\/\/skaitytaknyga.lt\/produktas\/tracy-chevalier-puole-angelai\/\",\"name\":\"\u201ePuol\u0119 angelai\u201c\",\"isPartOf\":{\"@id\":\"https:\/\/skaitytaknyga.lt\/#website\"},\"primaryImageOfPage\":{\"@id\":\"https:\/\/skaitytaknyga.lt\/produktas\/tracy-chevalier-puole-angelai\/#primaryimage\"},\"image\":{\"@id\":\"https:\/\/skaitytaknyga.lt\/produktas\/tracy-chevalier-puole-angelai\/#primaryimage\"},\"thumbnailUrl\":\"https:\/\/skaitytaknyga.lt\/wp-content\/uploads\/2024\/08\/img_4906.jpeg\",\"datePublished\":\"2024-08-23T05:11:58+00:00\",\"dateModified\":\"2026-03-18T09:12:13+00:00\",\"description\":\"1901 met\u0173 sausis, diena po karalien\u0117s Viktorijos mirties: dvi \u0161eimos lanko gretimus kapus pra\u0161matniose kapin\u0117se. Vien\u0105 kap\u0105 puo\u0161ia sentimentalus angelas, o kit\u0105 \u2013 \u012fmantri urna. Voterhausai garbina velion\u0119 karalien\u0119 ir tvirtai laikosi karalien\u0117s Viktorijos laik\u0173 tradicij\u0173; Koulmanai \u017eengia \u012f modernesn\u0119 visuomen\u0119. Abiej\u0173 \u0161eim\u0173 nepritarimui, \u0161eimos neatskiriamai susiejamos, kai kapin\u0117se susidraugauja j\u0173 dukterys. Ir dar blogiau: susidraugauja su purvinu duobkasio s\u016bnumi. Mergait\u0117ms augant, \u012fsib\u0117g\u0117ja naujasis am\u017eius, arklius pakei\u010dia automobiliai, o vietoj duj\u0173 ap\u0161vietimo atsiranda elektra, \u0161alis i\u0161tr\u016bksta i\u0161 engian\u010di\u0173 karalien\u0117s Viktorijos laik\u0173 prieblandos \u012f auksin\u0119 karaliaus Eduardo VII vasar\u0105. Gra\u017ei ir gyvenimu nusivylusi ponia Koulman ima siekti didesn\u0117s asmenin\u0117s laisv\u0117s ir sulaukia pragai\u0161ting\u0173 pasekmi\u0173, kurios Koulman\u0173 ir Voterhaus\u0173 gyvenimus pakei\u010dia visam laikui. Autorius: Tracy Chevalier Leid\u0117jas: Jotema Metai: 2007 Puslapiai: 280 ISBN: 9789955131076 Versijos kodas: PT. Formatas: 15 x 22 cm, kieti vir\u0161eliai Kalba: Lietuvi\u0173 Vert\u0117jas: Mykol\u0117 Luko\u0161ien\u0117\",\"breadcrumb\":{\"@id\":\"https:\/\/skaitytaknyga.lt\/produktas\/tracy-chevalier-puole-angelai\/#breadcrumb\"},\"inLanguage\":\"en-GB\",\"potentialAction\":[{\"@type\":\"ReadAction\",\"target\":[\"https:\/\/skaitytaknyga.lt\/produktas\/tracy-chevalier-puole-angelai\/\"]}]},{\"@type\":\"ImageObject\",\"inLanguage\":\"en-GB\",\"@id\":\"https:\/\/skaitytaknyga.lt\/produktas\/tracy-chevalier-puole-angelai\/#primaryimage\",\"url\":\"https:\/\/skaitytaknyga.lt\/wp-content\/uploads\/2024\/08\/img_4906.jpeg\",\"contentUrl\":\"https:\/\/skaitytaknyga.lt\/wp-content\/uploads\/2024\/08\/img_4906.jpeg\",\"width\":524,\"height\":799,\"caption\":\"Tracy Chevalier \u201ePuol\u0119 angelai\u201c\"},{\"@type\":\"BreadcrumbList\",\"@id\":\"https:\/\/skaitytaknyga.lt\/produktas\/tracy-chevalier-puole-angelai\/#breadcrumb\",\"itemListElement\":[{\"@type\":\"ListItem\",\"position\":1,\"name\":\"Home\",\"item\":\"https:\/\/skaitytaknyga.lt\/\"},{\"@type\":\"ListItem\",\"position\":2,\"name\":\"Parduotuv\u0117\",\"item\":\"https:\/\/skaitytaknyga.lt\/knygu-parduotuve\/\"},{\"@type\":\"ListItem\",\"position\":3,\"name\":\"\u201ePuol\u0119 angelai\u201c\"}]},{\"@type\":\"WebSite\",\"@id\":\"https:\/\/skaitytaknyga.lt\/#website\",\"url\":\"https:\/\/skaitytaknyga.lt\/\",\"name\":\"skaitytaknyga.lt\",\"description\":\"Skaitytaknyga.lt \u2013 tai ma\u017eas \u0161eimos verslas, kuris prasid\u0117jo nuo meil\u0117s knygoms ir siekio i\u0161gelb\u0117ti knygas nuo likimo prie konteinerio. Kas vienam nereikalingas daiktas \u2013 kitam lobis, o mes esame tarpininkai, kurie padeda abiems tapti laimingesniems ???? \u017dinome kaip nelengva i\u0161gyventi ma\u017eiems verslams, tad nuo \u0161iol, \u010dia rasite ir kit\u0173, ma\u017e\u0173 \u0161eim\u0173 versl\u0173, rank\u0173 darbo, dovan\u0173 sau ir artimiesiems.\",\"publisher\":{\"@id\":\"https:\/\/skaitytaknyga.lt\/#organization\"},\"potentialAction\":[{\"@type\":\"SearchAction\",\"target\":{\"@type\":\"EntryPoint\",\"urlTemplate\":\"https:\/\/skaitytaknyga.lt\/?s={search_term_string}\"},\"query-input\":{\"@type\":\"PropertyValueSpecification\",\"valueRequired\":true,\"valueName\":\"search_term_string\"}}],\"inLanguage\":\"en-GB\"},{\"@type\":\"Organization\",\"@id\":\"https:\/\/skaitytaknyga.lt\/#organization\",\"name\":\"skaitytaknyga.lt\",\"url\":\"https:\/\/skaitytaknyga.lt\/\",\"logo\":{\"@type\":\"ImageObject\",\"inLanguage\":\"en-GB\",\"@id\":\"https:\/\/skaitytaknyga.lt\/#\/schema\/logo\/image\/\",\"url\":\"https:\/\/skaitytaknyga.lt\/wp-content\/uploads\/2024\/05\/cropped-cropped-cropped-02_00843_jt3bggkj1j3HLc7SyY6rEUpg.jpeg\",\"contentUrl\":\"https:\/\/skaitytaknyga.lt\/wp-content\/uploads\/2024\/05\/cropped-cropped-cropped-02_00843_jt3bggkj1j3HLc7SyY6rEUpg.jpeg\",\"width\":1600,\"height\":1600,\"caption\":\"skaitytaknyga.lt\"},\"image\":{\"@id\":\"https:\/\/skaitytaknyga.lt\/#\/schema\/logo\/image\/\"},\"sameAs\":[\"https:\/\/www.facebook.com\/skaitytaknyga\/\"]}]}<\/script>\n<!-- \/ Yoast SEO plugin. -->","yoast_head_json":{"title":"\u201ePuol\u0119 angelai\u201c","description":"1901 met\u0173 sausis, diena po karalien\u0117s Viktorijos mirties: dvi \u0161eimos lanko gretimus kapus pra\u0161matniose kapin\u0117se. Vien\u0105 kap\u0105 puo\u0161ia sentimentalus angelas, o kit\u0105 \u2013 \u012fmantri urna. Voterhausai garbina velion\u0119 karalien\u0119 ir tvirtai laikosi karalien\u0117s Viktorijos laik\u0173 tradicij\u0173; Koulmanai \u017eengia \u012f modernesn\u0119 visuomen\u0119.  Abiej\u0173 \u0161eim\u0173 nepritarimui, \u0161eimos neatskiriamai susiejamos, kai kapin\u0117se susidraugauja j\u0173 dukterys. Ir dar blogiau: susidraugauja su purvinu duobkasio s\u016bnumi. Mergait\u0117ms augant, \u012fsib\u0117g\u0117ja naujasis am\u017eius, arklius pakei\u010dia automobiliai, o vietoj duj\u0173 ap\u0161vietimo atsiranda elektra, \u0161alis i\u0161tr\u016bksta i\u0161 engian\u010di\u0173 karalien\u0117s Viktorijos laik\u0173 prieblandos \u012f auksin\u0119 karaliaus Eduardo VII vasar\u0105.  Gra\u017ei ir gyvenimu nusivylusi ponia Koulman ima siekti didesn\u0117s asmenin\u0117s laisv\u0117s ir sulaukia pragai\u0161ting\u0173 pasekmi\u0173, kurios Koulman\u0173 ir Voterhaus\u0173 gyvenimus pakei\u010dia visam laikui.   Autorius: Tracy Chevalier  Leid\u0117jas: Jotema  Metai: 2007  Puslapiai: 280  ISBN: 9789955131076  Versijos kodas: PT.  Formatas: 15 x 22 cm, kieti vir\u0161eliai  Kalba: Lietuvi\u0173  Vert\u0117jas: Mykol\u0117 Luko\u0161ien\u0117","robots":{"index":"index","follow":"follow","max-snippet":"max-snippet:-1","max-image-preview":"max-image-preview:large","max-video-preview":"max-video-preview:-1"},"canonical":"https:\/\/skaitytaknyga.lt\/en\/produktas\/tracy-chevalier-puole-angelai\/","og_locale":"en_GB","og_type":"article","og_title":"[:lt]\u201ePuol\u0119 angelai\u201c[:] - Skaitytaknyga","og_description":"1901 met\u0173 sausis, diena po karalien\u0117s Viktorijos mirties: dvi \u0161eimos lanko gretimus kapus pra\u0161matniose kapin\u0117se. Vien\u0105 kap\u0105 puo\u0161ia sentimentalus angelas, o kit\u0105 \u2013 \u012fmantri urna. Voterhausai garbina velion\u0119 karalien\u0119 ir tvirtai laikosi karalien\u0117s Viktorijos laik\u0173 tradicij\u0173; Koulmanai \u017eengia \u012f modernesn\u0119 visuomen\u0119.  Abiej\u0173 \u0161eim\u0173 nepritarimui, \u0161eimos neatskiriamai susiejamos, kai kapin\u0117se susidraugauja j\u0173 dukterys. Ir dar blogiau: susidraugauja su purvinu duobkasio s\u016bnumi. Mergait\u0117ms augant, \u012fsib\u0117g\u0117ja naujasis am\u017eius, arklius pakei\u010dia automobiliai, o vietoj duj\u0173 ap\u0161vietimo atsiranda elektra, \u0161alis i\u0161tr\u016bksta i\u0161 engian\u010di\u0173 karalien\u0117s Viktorijos laik\u0173 prieblandos \u012f auksin\u0119 karaliaus Eduardo VII vasar\u0105.  Gra\u017ei ir gyvenimu nusivylusi ponia Koulman ima siekti didesn\u0117s asmenin\u0117s laisv\u0117s ir sulaukia pragai\u0161ting\u0173 pasekmi\u0173, kurios Koulman\u0173 ir Voterhaus\u0173 gyvenimus pakei\u010dia visam laikui.   Autorius: Tracy Chevalier  Leid\u0117jas: Jotema  Metai: 2007  Puslapiai: 280  ISBN: 9789955131076  Versijos kodas: PT.  Formatas: 15 x 22 cm, kieti vir\u0161eliai  Kalba: Lietuvi\u0173  Vert\u0117jas: Mykol\u0117 Luko\u0161ien\u0117","og_url":"https:\/\/skaitytaknyga.lt\/en\/produktas\/tracy-chevalier-puole-angelai\/","og_site_name":"Skaitytaknyga","article_publisher":"https:\/\/www.facebook.com\/skaitytaknyga\/","article_modified_time":"2026-03-18T09:12:13+00:00","og_image":[{"width":524,"height":799,"url":"https:\/\/skaitytaknyga.lt\/wp-content\/uploads\/2024\/08\/img_4906.jpeg","type":"image\/jpeg"}],"twitter_card":"summary_large_image","twitter_misc":{"Estimated reading time":"1 minute"},"schema":{"@context":"https:\/\/schema.org","@graph":[{"@type":"WebPage","@id":"https:\/\/skaitytaknyga.lt\/produktas\/tracy-chevalier-puole-angelai\/","url":"https:\/\/skaitytaknyga.lt\/produktas\/tracy-chevalier-puole-angelai\/","name":"\u201ePuol\u0119 angelai\u201c","isPartOf":{"@id":"https:\/\/skaitytaknyga.lt\/#website"},"primaryImageOfPage":{"@id":"https:\/\/skaitytaknyga.lt\/produktas\/tracy-chevalier-puole-angelai\/#primaryimage"},"image":{"@id":"https:\/\/skaitytaknyga.lt\/produktas\/tracy-chevalier-puole-angelai\/#primaryimage"},"thumbnailUrl":"https:\/\/skaitytaknyga.lt\/wp-content\/uploads\/2024\/08\/img_4906.jpeg","datePublished":"2024-08-23T05:11:58+00:00","dateModified":"2026-03-18T09:12:13+00:00","description":"1901 met\u0173 sausis, diena po karalien\u0117s Viktorijos mirties: dvi \u0161eimos lanko gretimus kapus pra\u0161matniose kapin\u0117se. Vien\u0105 kap\u0105 puo\u0161ia sentimentalus angelas, o kit\u0105 \u2013 \u012fmantri urna. Voterhausai garbina velion\u0119 karalien\u0119 ir tvirtai laikosi karalien\u0117s Viktorijos laik\u0173 tradicij\u0173; Koulmanai \u017eengia \u012f modernesn\u0119 visuomen\u0119. Abiej\u0173 \u0161eim\u0173 nepritarimui, \u0161eimos neatskiriamai susiejamos, kai kapin\u0117se susidraugauja j\u0173 dukterys. Ir dar blogiau: susidraugauja su purvinu duobkasio s\u016bnumi. Mergait\u0117ms augant, \u012fsib\u0117g\u0117ja naujasis am\u017eius, arklius pakei\u010dia automobiliai, o vietoj duj\u0173 ap\u0161vietimo atsiranda elektra, \u0161alis i\u0161tr\u016bksta i\u0161 engian\u010di\u0173 karalien\u0117s Viktorijos laik\u0173 prieblandos \u012f auksin\u0119 karaliaus Eduardo VII vasar\u0105. Gra\u017ei ir gyvenimu nusivylusi ponia Koulman ima siekti didesn\u0117s asmenin\u0117s laisv\u0117s ir sulaukia pragai\u0161ting\u0173 pasekmi\u0173, kurios Koulman\u0173 ir Voterhaus\u0173 gyvenimus pakei\u010dia visam laikui. Autorius: Tracy Chevalier Leid\u0117jas: Jotema Metai: 2007 Puslapiai: 280 ISBN: 9789955131076 Versijos kodas: PT. Formatas: 15 x 22 cm, kieti vir\u0161eliai Kalba: Lietuvi\u0173 Vert\u0117jas: Mykol\u0117 Luko\u0161ien\u0117","breadcrumb":{"@id":"https:\/\/skaitytaknyga.lt\/produktas\/tracy-chevalier-puole-angelai\/#breadcrumb"},"inLanguage":"en-GB","potentialAction":[{"@type":"ReadAction","target":["https:\/\/skaitytaknyga.lt\/produktas\/tracy-chevalier-puole-angelai\/"]}]},{"@type":"ImageObject","inLanguage":"en-GB","@id":"https:\/\/skaitytaknyga.lt\/produktas\/tracy-chevalier-puole-angelai\/#primaryimage","url":"https:\/\/skaitytaknyga.lt\/wp-content\/uploads\/2024\/08\/img_4906.jpeg","contentUrl":"https:\/\/skaitytaknyga.lt\/wp-content\/uploads\/2024\/08\/img_4906.jpeg","width":524,"height":799,"caption":"Tracy Chevalier \u201ePuol\u0119 angelai\u201c"},{"@type":"BreadcrumbList","@id":"https:\/\/skaitytaknyga.lt\/produktas\/tracy-chevalier-puole-angelai\/#breadcrumb","itemListElement":[{"@type":"ListItem","position":1,"name":"Home","item":"https:\/\/skaitytaknyga.lt\/"},{"@type":"ListItem","position":2,"name":"Parduotuv\u0117","item":"https:\/\/skaitytaknyga.lt\/knygu-parduotuve\/"},{"@type":"ListItem","position":3,"name":"\u201ePuol\u0119 angelai\u201c"}]},{"@type":"WebSite","@id":"https:\/\/skaitytaknyga.lt\/#website","url":"https:\/\/skaitytaknyga.lt\/","name":"skaitytaknyga.lt","description":"Skaitytaknyga.lt \u2013 tai ma\u017eas \u0161eimos verslas, kuris prasid\u0117jo nuo meil\u0117s knygoms ir siekio i\u0161gelb\u0117ti knygas nuo likimo prie konteinerio. Kas vienam nereikalingas daiktas \u2013 kitam lobis, o mes esame tarpininkai, kurie padeda abiems tapti laimingesniems ???? \u017dinome kaip nelengva i\u0161gyventi ma\u017eiems verslams, tad nuo \u0161iol, \u010dia rasite ir kit\u0173, ma\u017e\u0173 \u0161eim\u0173 versl\u0173, rank\u0173 darbo, dovan\u0173 sau ir artimiesiems.","publisher":{"@id":"https:\/\/skaitytaknyga.lt\/#organization"},"potentialAction":[{"@type":"SearchAction","target":{"@type":"EntryPoint","urlTemplate":"https:\/\/skaitytaknyga.lt\/?s={search_term_string}"},"query-input":{"@type":"PropertyValueSpecification","valueRequired":true,"valueName":"search_term_string"}}],"inLanguage":"en-GB"},{"@type":"Organization","@id":"https:\/\/skaitytaknyga.lt\/#organization","name":"skaitytaknyga.lt","url":"https:\/\/skaitytaknyga.lt\/","logo":{"@type":"ImageObject","inLanguage":"en-GB","@id":"https:\/\/skaitytaknyga.lt\/#\/schema\/logo\/image\/","url":"https:\/\/skaitytaknyga.lt\/wp-content\/uploads\/2024\/05\/cropped-cropped-cropped-02_00843_jt3bggkj1j3HLc7SyY6rEUpg.jpeg","contentUrl":"https:\/\/skaitytaknyga.lt\/wp-content\/uploads\/2024\/05\/cropped-cropped-cropped-02_00843_jt3bggkj1j3HLc7SyY6rEUpg.jpeg","width":1600,"height":1600,"caption":"skaitytaknyga.lt"},"image":{"@id":"https:\/\/skaitytaknyga.lt\/#\/schema\/logo\/image\/"},"sameAs":["https:\/\/www.facebook.com\/skaitytaknyga\/"]}]}},"_links":{"self":[{"href":"https:\/\/skaitytaknyga.lt\/en\/wp-json\/wp\/v2\/product\/13478","targetHints":{"allow":["GET"]}}],"collection":[{"href":"https:\/\/skaitytaknyga.lt\/en\/wp-json\/wp\/v2\/product"}],"about":[{"href":"https:\/\/skaitytaknyga.lt\/en\/wp-json\/wp\/v2\/types\/product"}],"replies":[{"embeddable":true,"href":"https:\/\/skaitytaknyga.lt\/en\/wp-json\/wp\/v2\/comments?post=13478"}],"wp:featuredmedia":[{"embeddable":true,"href":"https:\/\/skaitytaknyga.lt\/en\/wp-json\/wp\/v2\/media\/13477"}],"wp:attachment":[{"href":"https:\/\/skaitytaknyga.lt\/en\/wp-json\/wp\/v2\/media?parent=13478"}],"wp:term":[{"taxonomy":"product_brand","embeddable":true,"href":"https:\/\/skaitytaknyga.lt\/en\/wp-json\/wp\/v2\/product_brand?post=13478"},{"taxonomy":"product_cat","embeddable":true,"href":"https:\/\/skaitytaknyga.lt\/en\/wp-json\/wp\/v2\/product_cat?post=13478"},{"taxonomy":"product_tag","embeddable":true,"href":"https:\/\/skaitytaknyga.lt\/en\/wp-json\/wp\/v2\/product_tag?post=13478"}],"curies":[{"name":"wp","href":"https:\/\/api.w.org\/{rel}","templated":true}]}}