{"id":13472,"date":"2024-08-20T19:41:40","date_gmt":"2024-08-20T16:41:40","guid":{"rendered":"https:\/\/skaitytaknyga.lt\/?post_type=product&#038;p=13472"},"modified":"2024-08-23T11:57:51","modified_gmt":"2024-08-23T08:57:51","slug":"lucien-vaikas-kuris-zaide-su-menuliu","status":"publish","type":"product","link":"https:\/\/skaitytaknyga.lt\/en\/produktas\/lucien-vaikas-kuris-zaide-su-menuliu\/","title":{"rendered":"Lucien \u201eVaikas, kuris \u017eaid\u0117 su m\u0117nuliu\u201c"},"content":{"rendered":"<p>Knygos autorius\u00a0<strong>Liusjenas<\/strong>\u00a0(tikroji pavard\u0117 Aim\u00e9 Duval, 1918\u20131984) \u2013 dainininkas, j\u0117zuitas, alkoholikas \u2013 dr\u0105siai, atvirai ir nuo\u0161ird\u017eiai pasakoja savo istorij\u0105 \u012ftikinamai atskleisdamas, kad alkoholizmas yra ne tr\u016bkumas, malonumas ar linksmyb\u0117s, o liga, kan\u010dia ir vergyst\u0117.<\/p>\n<p>Kai pagaliau tai pripa\u017e\u012fstama, kyla tro\u0161kimas i\u0161silaisvinti ir i\u0161mokti gyventi laimingai. Kaip tai padaryti? Atsakymas \u2013 \u0161ioje knygoje.<\/p>\n<ul class=\"about-product d-none d-xl-block mt-4\">\n<li><strong>Originalus pavadinimas:<\/strong>\u00a0L&#8217;enfant Qui Jouait Avec la Lune<\/li>\n<li><strong>Autorius:<\/strong>\u00a0Lucien<\/li>\n<li><strong>Leid\u0117jas:<\/strong>\u00a0Katalik\u0173 pasaulio leidiniai<\/li>\n<li><strong>Metai:<\/strong>\u00a02013<\/li>\n<li><strong>Puslapiai:<\/strong>\u00a0152<\/li>\n<li><strong>ISBN:<\/strong>\u00a09789955292203<\/li>\n<li><strong>Formatas:<\/strong>\u00a014 x 21 cm, mink\u0161ti vir\u0161eliai<\/li>\n<li><strong>Kalba:<\/strong>\u00a0Lietuvi\u0173<\/li>\n<li><strong>Vert\u0117jas:<\/strong>\u00a0Andrius Leliuga<\/li>\n<\/ul>\n","protected":false},"excerpt":{"rendered":"<p>Knygos autorius\u00a0Liusjenas\u00a0(tikroji pavard\u0117 Aim\u00e9 Duval, 1918\u20131984) \u2013 dainininkas, j\u0117zuitas, alkoholikas \u2013 dr\u0105siai, atvirai ir nuo\u0161ird\u017eiai pasakoja savo istorij\u0105 \u012ftikinamai atskleisdamas, kad alkoholizmas yra ne tr\u016bkumas, malonumas ar linksmyb\u0117s, o liga, kan\u010dia ir vergyst\u0117. Kai pagaliau tai pripa\u017e\u012fstama, kyla tro\u0161kimas i\u0161silaisvinti ir i\u0161mokti gyventi laimingai. Kaip tai padaryti? Atsakymas \u2013 \u0161ioje knygoje. Originalus pavadinimas:\u00a0L&#8217;enfant Qui Jouait Avec la Lune Autorius:\u00a0Lucien Leid\u0117jas:\u00a0Katalik\u0173 pasaulio leidiniai Metai:\u00a02013 Puslapiai:\u00a0152 ISBN:\u00a09789955292203 Formatas:\u00a014 x 21 cm, mink\u0161ti vir\u0161eliai Kalba:\u00a0Lietuvi\u0173 Vert\u0117jas:\u00a0Andrius Leliuga<\/p>\n","protected":false},"featured_media":13473,"comment_status":"open","ping_status":"closed","template":"","meta":{"_acf_changed":false,"site-sidebar-layout":"default","site-content-layout":"","ast-site-content-layout":"default","site-content-style":"default","site-sidebar-style":"default","ast-global-header-display":"","ast-banner-title-visibility":"","ast-main-header-display":"","ast-hfb-above-header-display":"","ast-hfb-below-header-display":"","ast-hfb-mobile-header-display":"","site-post-title":"","ast-breadcrumbs-content":"","ast-featured-img":"","footer-sml-layout":"","ast-disable-related-posts":"","theme-transparent-header-meta":"default","adv-header-id-meta":"","stick-header-meta":"","header-above-stick-meta":"","header-main-stick-meta":"","header-below-stick-meta":"","astra-migrate-meta-layouts":"set","ast-page-background-enabled":"default","ast-page-background-meta":{"desktop":{"background-color":"","background-image":"","background-repeat":"repeat","background-position":"center center","background-size":"auto","background-attachment":"scroll","background-type":"","background-media":"","overlay-type":"","overlay-color":"","overlay-opacity":"","overlay-gradient":""},"tablet":{"background-color":"","background-image":"","background-repeat":"repeat","background-position":"center center","background-size":"auto","background-attachment":"scroll","background-type":"","background-media":"","overlay-type":"","overlay-color":"","overlay-opacity":"","overlay-gradient":""},"mobile":{"background-color":"","background-image":"","background-repeat":"repeat","background-position":"center center","background-size":"auto","background-attachment":"scroll","background-type":"","background-media":"","overlay-type":"","overlay-color":"","overlay-opacity":"","overlay-gradient":""}},"ast-content-background-meta":{"desktop":{"background-color":"var(--ast-global-color-4)","background-image":"","background-repeat":"repeat","background-position":"center center","background-size":"auto","background-attachment":"scroll","background-type":"","background-media":"","overlay-type":"","overlay-color":"","overlay-opacity":"","overlay-gradient":""},"tablet":{"background-color":"var(--ast-global-color-4)","background-image":"","background-repeat":"repeat","background-position":"center center","background-size":"auto","background-attachment":"scroll","background-type":"","background-media":"","overlay-type":"","overlay-color":"","overlay-opacity":"","overlay-gradient":""},"mobile":{"background-color":"var(--ast-global-color-4)","background-image":"","background-repeat":"repeat","background-position":"center center","background-size":"auto","background-attachment":"scroll","background-type":"","background-media":"","overlay-type":"","overlay-color":"","overlay-opacity":"","overlay-gradient":""}}},"product_brand":[],"product_cat":[165],"product_tag":[],"class_list":{"0":"post-13472","1":"product","2":"type-product","3":"status-publish","4":"has-post-thumbnail","6":"product_cat-religija-filosofija-ir-ezoterika","7":"desktop-align-left","8":"tablet-align-left","9":"mobile-align-left","11":"first","12":"instock","13":"shipping-taxable","14":"purchasable","15":"product-type-simple"},"acf":[],"yoast_head":"<!-- This site is optimized with the Yoast SEO plugin v27.0 - https:\/\/yoast.com\/product\/yoast-seo-wordpress\/ -->\n<title>Lucien \u201eVaikas, kuris \u017eaid\u0117 su m\u0117nuliu\u201c<\/title>\n<meta name=\"description\" content=\"Knygos autorius\u00a0Liusjenas\u00a0atskleisd\u017eia, kad alkoholizmas yra ne tr\u016bkumas, malonumas ar linksmyb\u0117s, o liga, kan\u010dia ir vergyst\u0117.\" \/>\n<meta name=\"robots\" content=\"index, follow, max-snippet:-1, max-image-preview:large, max-video-preview:-1\" \/>\n<link rel=\"canonical\" href=\"https:\/\/skaitytaknyga.lt\/en\/produktas\/lucien-vaikas-kuris-zaide-su-menuliu\/\" \/>\n<meta property=\"og:locale\" content=\"en_GB\" \/>\n<meta property=\"og:locale:alternate\" content=\"lt_LT\" \/>\n<meta property=\"og:type\" content=\"article\" \/>\n<meta property=\"og:title\" content=\"Lucien \u201eVaikas, kuris \u017eaid\u0117 su m\u0117nuliu\u201c\" \/>\n<meta property=\"og:description\" content=\"Knygos autorius\u00a0Liusjenas\u00a0atskleisd\u017eia, kad alkoholizmas yra ne tr\u016bkumas, malonumas ar linksmyb\u0117s, o liga, kan\u010dia ir vergyst\u0117.\" \/>\n<meta property=\"og:url\" content=\"https:\/\/skaitytaknyga.lt\/en\/produktas\/lucien-vaikas-kuris-zaide-su-menuliu\/\" \/>\n<meta property=\"og:site_name\" content=\"Skaitytaknyga\" \/>\n<meta property=\"article:publisher\" content=\"https:\/\/www.facebook.com\/skaitytaknyga\/\" \/>\n<meta property=\"article:modified_time\" content=\"2024-08-23T08:57:51+00:00\" \/>\n<meta property=\"og:image\" content=\"https:\/\/skaitytaknyga.lt\/wp-content\/uploads\/2024\/08\/1462879999_img0004.webp\" \/>\n\t<meta property=\"og:image:width\" content=\"531\" \/>\n\t<meta property=\"og:image:height\" content=\"800\" \/>\n\t<meta property=\"og:image:type\" content=\"image\/webp\" \/>\n<meta name=\"twitter:card\" content=\"summary_large_image\" \/>\n<meta name=\"twitter:label1\" content=\"Estimated reading time\" \/>\n\t<meta name=\"twitter:data1\" content=\"1 minute\" \/>\n<script type=\"application\/ld+json\" class=\"yoast-schema-graph\">{\"@context\":\"https:\/\/schema.org\",\"@graph\":[{\"@type\":\"WebPage\",\"@id\":\"https:\/\/skaitytaknyga.lt\/produktas\/lucien-vaikas-kuris-zaide-su-menuliu\/\",\"url\":\"https:\/\/skaitytaknyga.lt\/produktas\/lucien-vaikas-kuris-zaide-su-menuliu\/\",\"name\":\"Lucien \u201eVaikas, kuris \u017eaid\u0117 su m\u0117nuliu\u201c\",\"isPartOf\":{\"@id\":\"https:\/\/skaitytaknyga.lt\/#website\"},\"primaryImageOfPage\":{\"@id\":\"https:\/\/skaitytaknyga.lt\/produktas\/lucien-vaikas-kuris-zaide-su-menuliu\/#primaryimage\"},\"image\":{\"@id\":\"https:\/\/skaitytaknyga.lt\/produktas\/lucien-vaikas-kuris-zaide-su-menuliu\/#primaryimage\"},\"thumbnailUrl\":\"https:\/\/skaitytaknyga.lt\/wp-content\/uploads\/2024\/08\/1462879999_img0004.webp\",\"datePublished\":\"2024-08-20T16:41:40+00:00\",\"dateModified\":\"2024-08-23T08:57:51+00:00\",\"description\":\"Knygos autorius\u00a0Liusjenas\u00a0atskleisd\u017eia, kad alkoholizmas yra ne tr\u016bkumas, malonumas ar linksmyb\u0117s, o liga, kan\u010dia ir vergyst\u0117.\",\"breadcrumb\":{\"@id\":\"https:\/\/skaitytaknyga.lt\/produktas\/lucien-vaikas-kuris-zaide-su-menuliu\/#breadcrumb\"},\"inLanguage\":\"en-GB\",\"potentialAction\":[{\"@type\":\"ReadAction\",\"target\":[\"https:\/\/skaitytaknyga.lt\/produktas\/lucien-vaikas-kuris-zaide-su-menuliu\/\"]}]},{\"@type\":\"ImageObject\",\"inLanguage\":\"en-GB\",\"@id\":\"https:\/\/skaitytaknyga.lt\/produktas\/lucien-vaikas-kuris-zaide-su-menuliu\/#primaryimage\",\"url\":\"https:\/\/skaitytaknyga.lt\/wp-content\/uploads\/2024\/08\/1462879999_img0004.webp\",\"contentUrl\":\"https:\/\/skaitytaknyga.lt\/wp-content\/uploads\/2024\/08\/1462879999_img0004.webp\",\"width\":531,\"height\":800,\"caption\":\"Lucien \u201eVaikas, kuris \u017eaid\u0117 su m\u0117nuliu\u201c\"},{\"@type\":\"BreadcrumbList\",\"@id\":\"https:\/\/skaitytaknyga.lt\/produktas\/lucien-vaikas-kuris-zaide-su-menuliu\/#breadcrumb\",\"itemListElement\":[{\"@type\":\"ListItem\",\"position\":1,\"name\":\"Home\",\"item\":\"https:\/\/skaitytaknyga.lt\/\"},{\"@type\":\"ListItem\",\"position\":2,\"name\":\"Parduotuv\u0117\",\"item\":\"https:\/\/skaitytaknyga.lt\/knygu-parduotuve\/\"},{\"@type\":\"ListItem\",\"position\":3,\"name\":\"Lucien \u201eVaikas, kuris \u017eaid\u0117 su m\u0117nuliu\u201c\"}]},{\"@type\":\"WebSite\",\"@id\":\"https:\/\/skaitytaknyga.lt\/#website\",\"url\":\"https:\/\/skaitytaknyga.lt\/\",\"name\":\"skaitytaknyga.lt\",\"description\":\"Skaitytaknyga.lt \u2013 tai ma\u017eas \u0161eimos verslas, kuris prasid\u0117jo nuo meil\u0117s knygoms ir siekio i\u0161gelb\u0117ti knygas nuo likimo prie konteinerio. Kas vienam nereikalingas daiktas \u2013 kitam lobis, o mes esame tarpininkai, kurie padeda abiems tapti laimingesniems ???? \u017dinome kaip nelengva i\u0161gyventi ma\u017eiems verslams, tad nuo \u0161iol, \u010dia rasite ir kit\u0173, ma\u017e\u0173 \u0161eim\u0173 versl\u0173, rank\u0173 darbo, dovan\u0173 sau ir artimiesiems.\",\"publisher\":{\"@id\":\"https:\/\/skaitytaknyga.lt\/#organization\"},\"potentialAction\":[{\"@type\":\"SearchAction\",\"target\":{\"@type\":\"EntryPoint\",\"urlTemplate\":\"https:\/\/skaitytaknyga.lt\/?s={search_term_string}\"},\"query-input\":{\"@type\":\"PropertyValueSpecification\",\"valueRequired\":true,\"valueName\":\"search_term_string\"}}],\"inLanguage\":\"en-GB\"},{\"@type\":\"Organization\",\"@id\":\"https:\/\/skaitytaknyga.lt\/#organization\",\"name\":\"skaitytaknyga.lt\",\"url\":\"https:\/\/skaitytaknyga.lt\/\",\"logo\":{\"@type\":\"ImageObject\",\"inLanguage\":\"en-GB\",\"@id\":\"https:\/\/skaitytaknyga.lt\/#\/schema\/logo\/image\/\",\"url\":\"https:\/\/skaitytaknyga.lt\/wp-content\/uploads\/2024\/05\/cropped-cropped-cropped-02_00843_jt3bggkj1j3HLc7SyY6rEUpg.jpeg\",\"contentUrl\":\"https:\/\/skaitytaknyga.lt\/wp-content\/uploads\/2024\/05\/cropped-cropped-cropped-02_00843_jt3bggkj1j3HLc7SyY6rEUpg.jpeg\",\"width\":1600,\"height\":1600,\"caption\":\"skaitytaknyga.lt\"},\"image\":{\"@id\":\"https:\/\/skaitytaknyga.lt\/#\/schema\/logo\/image\/\"},\"sameAs\":[\"https:\/\/www.facebook.com\/skaitytaknyga\/\"]}]}<\/script>\n<!-- \/ Yoast SEO plugin. -->","yoast_head_json":{"title":"Lucien \u201eVaikas, kuris \u017eaid\u0117 su m\u0117nuliu\u201c","description":"Knygos autorius\u00a0Liusjenas\u00a0atskleisd\u017eia, kad alkoholizmas yra ne tr\u016bkumas, malonumas ar linksmyb\u0117s, o liga, kan\u010dia ir vergyst\u0117.","robots":{"index":"index","follow":"follow","max-snippet":"max-snippet:-1","max-image-preview":"max-image-preview:large","max-video-preview":"max-video-preview:-1"},"canonical":"https:\/\/skaitytaknyga.lt\/en\/produktas\/lucien-vaikas-kuris-zaide-su-menuliu\/","og_locale":"en_GB","og_type":"article","og_title":"[:lt]Lucien \u201eVaikas, kuris \u017eaid\u0117 su m\u0117nuliu\u201c[:] - Skaitytaknyga","og_description":"Knygos autorius\u00a0Liusjenas\u00a0atskleisd\u017eia, kad alkoholizmas yra ne tr\u016bkumas, malonumas ar linksmyb\u0117s, o liga, kan\u010dia ir vergyst\u0117.","og_url":"https:\/\/skaitytaknyga.lt\/en\/produktas\/lucien-vaikas-kuris-zaide-su-menuliu\/","og_site_name":"Skaitytaknyga","article_publisher":"https:\/\/www.facebook.com\/skaitytaknyga\/","article_modified_time":"2024-08-23T08:57:51+00:00","og_image":[{"width":531,"height":800,"url":"https:\/\/skaitytaknyga.lt\/wp-content\/uploads\/2024\/08\/1462879999_img0004.webp","type":"image\/webp"}],"twitter_card":"summary_large_image","twitter_misc":{"Estimated reading time":"1 minute"},"schema":{"@context":"https:\/\/schema.org","@graph":[{"@type":"WebPage","@id":"https:\/\/skaitytaknyga.lt\/produktas\/lucien-vaikas-kuris-zaide-su-menuliu\/","url":"https:\/\/skaitytaknyga.lt\/produktas\/lucien-vaikas-kuris-zaide-su-menuliu\/","name":"Lucien \u201eVaikas, kuris \u017eaid\u0117 su m\u0117nuliu\u201c","isPartOf":{"@id":"https:\/\/skaitytaknyga.lt\/#website"},"primaryImageOfPage":{"@id":"https:\/\/skaitytaknyga.lt\/produktas\/lucien-vaikas-kuris-zaide-su-menuliu\/#primaryimage"},"image":{"@id":"https:\/\/skaitytaknyga.lt\/produktas\/lucien-vaikas-kuris-zaide-su-menuliu\/#primaryimage"},"thumbnailUrl":"https:\/\/skaitytaknyga.lt\/wp-content\/uploads\/2024\/08\/1462879999_img0004.webp","datePublished":"2024-08-20T16:41:40+00:00","dateModified":"2024-08-23T08:57:51+00:00","description":"Knygos autorius\u00a0Liusjenas\u00a0atskleisd\u017eia, kad alkoholizmas yra ne tr\u016bkumas, malonumas ar linksmyb\u0117s, o liga, kan\u010dia ir vergyst\u0117.","breadcrumb":{"@id":"https:\/\/skaitytaknyga.lt\/produktas\/lucien-vaikas-kuris-zaide-su-menuliu\/#breadcrumb"},"inLanguage":"en-GB","potentialAction":[{"@type":"ReadAction","target":["https:\/\/skaitytaknyga.lt\/produktas\/lucien-vaikas-kuris-zaide-su-menuliu\/"]}]},{"@type":"ImageObject","inLanguage":"en-GB","@id":"https:\/\/skaitytaknyga.lt\/produktas\/lucien-vaikas-kuris-zaide-su-menuliu\/#primaryimage","url":"https:\/\/skaitytaknyga.lt\/wp-content\/uploads\/2024\/08\/1462879999_img0004.webp","contentUrl":"https:\/\/skaitytaknyga.lt\/wp-content\/uploads\/2024\/08\/1462879999_img0004.webp","width":531,"height":800,"caption":"Lucien \u201eVaikas, kuris \u017eaid\u0117 su m\u0117nuliu\u201c"},{"@type":"BreadcrumbList","@id":"https:\/\/skaitytaknyga.lt\/produktas\/lucien-vaikas-kuris-zaide-su-menuliu\/#breadcrumb","itemListElement":[{"@type":"ListItem","position":1,"name":"Home","item":"https:\/\/skaitytaknyga.lt\/"},{"@type":"ListItem","position":2,"name":"Parduotuv\u0117","item":"https:\/\/skaitytaknyga.lt\/knygu-parduotuve\/"},{"@type":"ListItem","position":3,"name":"Lucien \u201eVaikas, kuris \u017eaid\u0117 su m\u0117nuliu\u201c"}]},{"@type":"WebSite","@id":"https:\/\/skaitytaknyga.lt\/#website","url":"https:\/\/skaitytaknyga.lt\/","name":"skaitytaknyga.lt","description":"Skaitytaknyga.lt \u2013 tai ma\u017eas \u0161eimos verslas, kuris prasid\u0117jo nuo meil\u0117s knygoms ir siekio i\u0161gelb\u0117ti knygas nuo likimo prie konteinerio. Kas vienam nereikalingas daiktas \u2013 kitam lobis, o mes esame tarpininkai, kurie padeda abiems tapti laimingesniems ???? \u017dinome kaip nelengva i\u0161gyventi ma\u017eiems verslams, tad nuo \u0161iol, \u010dia rasite ir kit\u0173, ma\u017e\u0173 \u0161eim\u0173 versl\u0173, rank\u0173 darbo, dovan\u0173 sau ir artimiesiems.","publisher":{"@id":"https:\/\/skaitytaknyga.lt\/#organization"},"potentialAction":[{"@type":"SearchAction","target":{"@type":"EntryPoint","urlTemplate":"https:\/\/skaitytaknyga.lt\/?s={search_term_string}"},"query-input":{"@type":"PropertyValueSpecification","valueRequired":true,"valueName":"search_term_string"}}],"inLanguage":"en-GB"},{"@type":"Organization","@id":"https:\/\/skaitytaknyga.lt\/#organization","name":"skaitytaknyga.lt","url":"https:\/\/skaitytaknyga.lt\/","logo":{"@type":"ImageObject","inLanguage":"en-GB","@id":"https:\/\/skaitytaknyga.lt\/#\/schema\/logo\/image\/","url":"https:\/\/skaitytaknyga.lt\/wp-content\/uploads\/2024\/05\/cropped-cropped-cropped-02_00843_jt3bggkj1j3HLc7SyY6rEUpg.jpeg","contentUrl":"https:\/\/skaitytaknyga.lt\/wp-content\/uploads\/2024\/05\/cropped-cropped-cropped-02_00843_jt3bggkj1j3HLc7SyY6rEUpg.jpeg","width":1600,"height":1600,"caption":"skaitytaknyga.lt"},"image":{"@id":"https:\/\/skaitytaknyga.lt\/#\/schema\/logo\/image\/"},"sameAs":["https:\/\/www.facebook.com\/skaitytaknyga\/"]}]}},"_links":{"self":[{"href":"https:\/\/skaitytaknyga.lt\/en\/wp-json\/wp\/v2\/product\/13472","targetHints":{"allow":["GET"]}}],"collection":[{"href":"https:\/\/skaitytaknyga.lt\/en\/wp-json\/wp\/v2\/product"}],"about":[{"href":"https:\/\/skaitytaknyga.lt\/en\/wp-json\/wp\/v2\/types\/product"}],"replies":[{"embeddable":true,"href":"https:\/\/skaitytaknyga.lt\/en\/wp-json\/wp\/v2\/comments?post=13472"}],"wp:featuredmedia":[{"embeddable":true,"href":"https:\/\/skaitytaknyga.lt\/en\/wp-json\/wp\/v2\/media\/13473"}],"wp:attachment":[{"href":"https:\/\/skaitytaknyga.lt\/en\/wp-json\/wp\/v2\/media?parent=13472"}],"wp:term":[{"taxonomy":"product_brand","embeddable":true,"href":"https:\/\/skaitytaknyga.lt\/en\/wp-json\/wp\/v2\/product_brand?post=13472"},{"taxonomy":"product_cat","embeddable":true,"href":"https:\/\/skaitytaknyga.lt\/en\/wp-json\/wp\/v2\/product_cat?post=13472"},{"taxonomy":"product_tag","embeddable":true,"href":"https:\/\/skaitytaknyga.lt\/en\/wp-json\/wp\/v2\/product_tag?post=13472"}],"curies":[{"name":"wp","href":"https:\/\/api.w.org\/{rel}","templated":true}]}}