{"id":13466,"date":"2024-08-20T19:31:19","date_gmt":"2024-08-20T16:31:19","guid":{"rendered":"https:\/\/skaitytaknyga.lt\/?post_type=product&#038;p=13466"},"modified":"2025-09-27T21:32:28","modified_gmt":"2025-09-27T18:32:28","slug":"apie-mirti-ir-mirima","status":"publish","type":"product","link":"https:\/\/skaitytaknyga.lt\/en\/produktas\/apie-mirti-ir-mirima\/","title":{"rendered":"Apie mirt\u012f ir mirim\u0105"},"content":{"rendered":"<p>\u0160i knyga n\u0117ra vadov\u0117lis apie nepagydom\u0173 ligoni\u0173 slaugym\u0105 ar i\u0161sami mir\u0161tan\u010di\u0173j\u0173 psichologijos studija. Tai tiesiog pasakojimas apie galimyb\u0119 i\u0161 naujo pa\u017evelgti \u012f ligon\u012f kaip \u012f \u017emog\u0173, pakalbinti j\u012f ir i\u0161 jo su\u017einoti, k\u0105 mes darome gerai, o k\u0105 ne. Autor\u0117 tiesiog pasakoja apie ligonius, pasidalijusius su ja kan\u010diomis, l\u016bkes\u010diais ir viltimis.<\/p>\n<p>\u0160ios istorijos paskatins ir kitus nevengti \u201ebevilti\u0161k\u0173\u201c ligoni\u0173, b\u016bti su jais nuo\u0161irdesniems ir palengvinti \u017emon\u0117ms paskutines j\u0173 dienas. Tie, kuriems tai pavyks, suvoks, kad \u0161is bendravimas teikia abipus\u0119 naud\u0105; jie geriau pa\u017eins \u017emoni\u0173 m\u0105stysen\u0105, unikalius \u017emogi\u0161kuosius m\u016bs\u0173 egzistencijos aspektus; tokie i\u0161gyvenimai praturtins ir galb\u016bt pad\u0117s nebe taip nerimastingai \u017evelgti \u012f savo pa\u010di\u0173 mirt\u012f.<\/p>\n<ul class=\"about-product d-none d-xl-block mt-4\">\n<li><strong>Autorius:<\/strong>\u00a0Elisabeth K\u00fcbler-Ross<\/li>\n<li><strong>Leid\u0117jas:<\/strong>\u00a0Katalik\u0173 pasaulio leidiniai<\/li>\n<li><strong>Metai:<\/strong>\u00a02008<\/li>\n<li><strong>Puslapiai:<\/strong>\u00a0332<\/li>\n<li><strong>ISBN:<\/strong>\u00a09789955290759<\/li>\n<li><strong>Versijos kodas:<\/strong>\u00a0PT.<\/li>\n<li><strong>Formatas:<\/strong>\u00a012,5 x 20 cm, mink\u0161ti vir\u0161eliai<\/li>\n<li><strong>Kalba:<\/strong>\u00a0Lietuvi\u0173<\/li>\n<li><strong>Vert\u0117jas:<\/strong>\u00a0Rasa Drazdauskien\u0117<\/li>\n<\/ul>\n","protected":false},"excerpt":{"rendered":"<p>\u0160i knyga n\u0117ra vadov\u0117lis apie nepagydom\u0173 ligoni\u0173 slaugym\u0105 ar i\u0161sami mir\u0161tan\u010di\u0173j\u0173 psichologijos studija. Tai tiesiog pasakojimas apie galimyb\u0119 i\u0161 naujo pa\u017evelgti \u012f ligon\u012f kaip \u012f \u017emog\u0173, pakalbinti j\u012f ir i\u0161 jo su\u017einoti, k\u0105 mes darome gerai, o k\u0105 ne. Autor\u0117 tiesiog pasakoja apie ligonius, pasidalijusius su ja kan\u010diomis, l\u016bkes\u010diais ir viltimis. \u0160ios istorijos paskatins ir kitus nevengti \u201ebevilti\u0161k\u0173\u201c ligoni\u0173, b\u016bti su jais nuo\u0161irdesniems ir palengvinti \u017emon\u0117ms paskutines j\u0173 dienas. Tie, kuriems tai pavyks, suvoks, kad \u0161is bendravimas teikia abipus\u0119 naud\u0105; jie geriau pa\u017eins \u017emoni\u0173 m\u0105stysen\u0105, unikalius \u017emogi\u0161kuosius m\u016bs\u0173 egzistencijos aspektus; tokie i\u0161gyvenimai praturtins ir galb\u016bt pad\u0117s nebe taip nerimastingai \u017evelgti \u012f savo pa\u010di\u0173 mirt\u012f. Autorius:\u00a0Elisabeth K\u00fcbler-Ross Leid\u0117jas:\u00a0Katalik\u0173 pasaulio leidiniai Metai:\u00a02008 Puslapiai:\u00a0332 ISBN:\u00a09789955290759 Versijos kodas:\u00a0PT. Formatas:\u00a012,5 x 20 cm, mink\u0161ti vir\u0161eliai Kalba:\u00a0Lietuvi\u0173 Vert\u0117jas:\u00a0Rasa Drazdauskien\u0117<\/p>\n","protected":false},"featured_media":21042,"comment_status":"open","ping_status":"closed","template":"","meta":{"_acf_changed":false,"site-sidebar-layout":"default","site-content-layout":"","ast-site-content-layout":"default","site-content-style":"default","site-sidebar-style":"default","ast-global-header-display":"","ast-banner-title-visibility":"","ast-main-header-display":"","ast-hfb-above-header-display":"","ast-hfb-below-header-display":"","ast-hfb-mobile-header-display":"","site-post-title":"","ast-breadcrumbs-content":"","ast-featured-img":"","footer-sml-layout":"","ast-disable-related-posts":"","theme-transparent-header-meta":"default","adv-header-id-meta":"","stick-header-meta":"","header-above-stick-meta":"","header-main-stick-meta":"","header-below-stick-meta":"","astra-migrate-meta-layouts":"set","ast-page-background-enabled":"default","ast-page-background-meta":{"desktop":{"background-color":"","background-image":"","background-repeat":"repeat","background-position":"center center","background-size":"auto","background-attachment":"scroll","background-type":"","background-media":"","overlay-type":"","overlay-color":"","overlay-opacity":"","overlay-gradient":""},"tablet":{"background-color":"","background-image":"","background-repeat":"repeat","background-position":"center center","background-size":"auto","background-attachment":"scroll","background-type":"","background-media":"","overlay-type":"","overlay-color":"","overlay-opacity":"","overlay-gradient":""},"mobile":{"background-color":"","background-image":"","background-repeat":"repeat","background-position":"center center","background-size":"auto","background-attachment":"scroll","background-type":"","background-media":"","overlay-type":"","overlay-color":"","overlay-opacity":"","overlay-gradient":""}},"ast-content-background-meta":{"desktop":{"background-color":"var(--ast-global-color-4)","background-image":"","background-repeat":"repeat","background-position":"center center","background-size":"auto","background-attachment":"scroll","background-type":"","background-media":"","overlay-type":"","overlay-color":"","overlay-opacity":"","overlay-gradient":""},"tablet":{"background-color":"var(--ast-global-color-4)","background-image":"","background-repeat":"repeat","background-position":"center center","background-size":"auto","background-attachment":"scroll","background-type":"","background-media":"","overlay-type":"","overlay-color":"","overlay-opacity":"","overlay-gradient":""},"mobile":{"background-color":"var(--ast-global-color-4)","background-image":"","background-repeat":"repeat","background-position":"center center","background-size":"auto","background-attachment":"scroll","background-type":"","background-media":"","overlay-type":"","overlay-color":"","overlay-opacity":"","overlay-gradient":""}}},"product_brand":[],"product_cat":[165],"product_tag":[],"class_list":{"0":"post-13466","1":"product","2":"type-product","3":"status-publish","4":"has-post-thumbnail","6":"product_cat-religija-filosofija-ir-ezoterika","7":"desktop-align-left","8":"tablet-align-left","9":"mobile-align-left","11":"first","12":"outofstock","13":"shipping-taxable","14":"purchasable","15":"product-type-simple"},"acf":[],"yoast_head":"<!-- This site is optimized with the Yoast SEO plugin v27.0 - https:\/\/yoast.com\/product\/yoast-seo-wordpress\/ -->\n<title>Apie mirt\u012f ir mirim\u0105<\/title>\n<meta name=\"description\" content=\"Tai tiesiog pasakojimas apie galimyb\u0119 i\u0161 naujo pa\u017evelgti \u012f ligon\u012f kaip \u012f \u017emog\u0173, pakalbinti j\u012f ir i\u0161 jo su\u017einoti, k\u0105 mes darome gerai, o k\u0105 ne. Autor\u0117 tiesiog pasakoja apie ligonius, pasidalijusius su ja kan\u010diomis, l\u016bkes\u010diais ir viltimis.\" \/>\n<meta name=\"robots\" content=\"index, follow, max-snippet:-1, max-image-preview:large, max-video-preview:-1\" \/>\n<link rel=\"canonical\" href=\"https:\/\/skaitytaknyga.lt\/en\/produktas\/apie-mirti-ir-mirima\/\" \/>\n<meta property=\"og:locale\" content=\"en_GB\" \/>\n<meta property=\"og:locale:alternate\" content=\"lt_LT\" \/>\n<meta property=\"og:type\" content=\"article\" \/>\n<meta property=\"og:title\" content=\"Apie mirt\u012f ir mirim\u0105\" \/>\n<meta property=\"og:description\" content=\"Tai tiesiog pasakojimas apie galimyb\u0119 i\u0161 naujo pa\u017evelgti \u012f ligon\u012f kaip \u012f \u017emog\u0173, pakalbinti j\u012f ir i\u0161 jo su\u017einoti, k\u0105 mes darome gerai, o k\u0105 ne. Autor\u0117 tiesiog pasakoja apie ligonius, pasidalijusius su ja kan\u010diomis, l\u016bkes\u010diais ir viltimis.\" \/>\n<meta property=\"og:url\" content=\"https:\/\/skaitytaknyga.lt\/en\/produktas\/apie-mirti-ir-mirima\/\" \/>\n<meta property=\"og:site_name\" content=\"Skaitytaknyga\" \/>\n<meta property=\"article:publisher\" content=\"https:\/\/www.facebook.com\/skaitytaknyga\/\" \/>\n<meta property=\"article:modified_time\" content=\"2025-09-27T18:32:28+00:00\" \/>\n<meta property=\"og:image\" content=\"https:\/\/skaitytaknyga.lt\/wp-content\/uploads\/2024\/08\/Apie-mirti-ir-mirima-1.webp\" \/>\n\t<meta property=\"og:image:width\" content=\"300\" \/>\n\t<meta property=\"og:image:height\" content=\"474\" \/>\n\t<meta property=\"og:image:type\" content=\"image\/webp\" \/>\n<meta name=\"twitter:card\" content=\"summary_large_image\" \/>\n<meta name=\"twitter:label1\" content=\"Estimated reading time\" \/>\n\t<meta name=\"twitter:data1\" content=\"1 minute\" \/>\n<script type=\"application\/ld+json\" class=\"yoast-schema-graph\">{\"@context\":\"https:\/\/schema.org\",\"@graph\":[{\"@type\":\"WebPage\",\"@id\":\"https:\/\/skaitytaknyga.lt\/produktas\/apie-mirti-ir-mirima\/\",\"url\":\"https:\/\/skaitytaknyga.lt\/produktas\/apie-mirti-ir-mirima\/\",\"name\":\"Apie mirt\u012f ir mirim\u0105\",\"isPartOf\":{\"@id\":\"https:\/\/skaitytaknyga.lt\/#website\"},\"primaryImageOfPage\":{\"@id\":\"https:\/\/skaitytaknyga.lt\/produktas\/apie-mirti-ir-mirima\/#primaryimage\"},\"image\":{\"@id\":\"https:\/\/skaitytaknyga.lt\/produktas\/apie-mirti-ir-mirima\/#primaryimage\"},\"thumbnailUrl\":\"https:\/\/skaitytaknyga.lt\/wp-content\/uploads\/2024\/08\/Apie-mirti-ir-mirima-1.webp\",\"datePublished\":\"2024-08-20T16:31:19+00:00\",\"dateModified\":\"2025-09-27T18:32:28+00:00\",\"description\":\"Tai tiesiog pasakojimas apie galimyb\u0119 i\u0161 naujo pa\u017evelgti \u012f ligon\u012f kaip \u012f \u017emog\u0173, pakalbinti j\u012f ir i\u0161 jo su\u017einoti, k\u0105 mes darome gerai, o k\u0105 ne. Autor\u0117 tiesiog pasakoja apie ligonius, pasidalijusius su ja kan\u010diomis, l\u016bkes\u010diais ir viltimis.\",\"breadcrumb\":{\"@id\":\"https:\/\/skaitytaknyga.lt\/produktas\/apie-mirti-ir-mirima\/#breadcrumb\"},\"inLanguage\":\"en-GB\",\"potentialAction\":[{\"@type\":\"ReadAction\",\"target\":[\"https:\/\/skaitytaknyga.lt\/produktas\/apie-mirti-ir-mirima\/\"]}]},{\"@type\":\"ImageObject\",\"inLanguage\":\"en-GB\",\"@id\":\"https:\/\/skaitytaknyga.lt\/produktas\/apie-mirti-ir-mirima\/#primaryimage\",\"url\":\"https:\/\/skaitytaknyga.lt\/wp-content\/uploads\/2024\/08\/Apie-mirti-ir-mirima-1.webp\",\"contentUrl\":\"https:\/\/skaitytaknyga.lt\/wp-content\/uploads\/2024\/08\/Apie-mirti-ir-mirima-1.webp\",\"width\":300,\"height\":474,\"caption\":\"Apie mirt\u012f ir mirim\u0105\"},{\"@type\":\"BreadcrumbList\",\"@id\":\"https:\/\/skaitytaknyga.lt\/produktas\/apie-mirti-ir-mirima\/#breadcrumb\",\"itemListElement\":[{\"@type\":\"ListItem\",\"position\":1,\"name\":\"Home\",\"item\":\"https:\/\/skaitytaknyga.lt\/\"},{\"@type\":\"ListItem\",\"position\":2,\"name\":\"Parduotuv\u0117\",\"item\":\"https:\/\/skaitytaknyga.lt\/knygu-parduotuve\/\"},{\"@type\":\"ListItem\",\"position\":3,\"name\":\"Apie mirt\u012f ir mirim\u0105\"}]},{\"@type\":\"WebSite\",\"@id\":\"https:\/\/skaitytaknyga.lt\/#website\",\"url\":\"https:\/\/skaitytaknyga.lt\/\",\"name\":\"skaitytaknyga.lt\",\"description\":\"Skaitytaknyga.lt \u2013 tai ma\u017eas \u0161eimos verslas, kuris prasid\u0117jo nuo meil\u0117s knygoms ir siekio i\u0161gelb\u0117ti knygas nuo likimo prie konteinerio. Kas vienam nereikalingas daiktas \u2013 kitam lobis, o mes esame tarpininkai, kurie padeda abiems tapti laimingesniems ???? \u017dinome kaip nelengva i\u0161gyventi ma\u017eiems verslams, tad nuo \u0161iol, \u010dia rasite ir kit\u0173, ma\u017e\u0173 \u0161eim\u0173 versl\u0173, rank\u0173 darbo, dovan\u0173 sau ir artimiesiems.\",\"publisher\":{\"@id\":\"https:\/\/skaitytaknyga.lt\/#organization\"},\"potentialAction\":[{\"@type\":\"SearchAction\",\"target\":{\"@type\":\"EntryPoint\",\"urlTemplate\":\"https:\/\/skaitytaknyga.lt\/?s={search_term_string}\"},\"query-input\":{\"@type\":\"PropertyValueSpecification\",\"valueRequired\":true,\"valueName\":\"search_term_string\"}}],\"inLanguage\":\"en-GB\"},{\"@type\":\"Organization\",\"@id\":\"https:\/\/skaitytaknyga.lt\/#organization\",\"name\":\"skaitytaknyga.lt\",\"url\":\"https:\/\/skaitytaknyga.lt\/\",\"logo\":{\"@type\":\"ImageObject\",\"inLanguage\":\"en-GB\",\"@id\":\"https:\/\/skaitytaknyga.lt\/#\/schema\/logo\/image\/\",\"url\":\"https:\/\/skaitytaknyga.lt\/wp-content\/uploads\/2024\/05\/cropped-cropped-cropped-02_00843_jt3bggkj1j3HLc7SyY6rEUpg.jpeg\",\"contentUrl\":\"https:\/\/skaitytaknyga.lt\/wp-content\/uploads\/2024\/05\/cropped-cropped-cropped-02_00843_jt3bggkj1j3HLc7SyY6rEUpg.jpeg\",\"width\":1600,\"height\":1600,\"caption\":\"skaitytaknyga.lt\"},\"image\":{\"@id\":\"https:\/\/skaitytaknyga.lt\/#\/schema\/logo\/image\/\"},\"sameAs\":[\"https:\/\/www.facebook.com\/skaitytaknyga\/\"]}]}<\/script>\n<!-- \/ Yoast SEO plugin. -->","yoast_head_json":{"title":"Apie mirt\u012f ir mirim\u0105","description":"Tai tiesiog pasakojimas apie galimyb\u0119 i\u0161 naujo pa\u017evelgti \u012f ligon\u012f kaip \u012f \u017emog\u0173, pakalbinti j\u012f ir i\u0161 jo su\u017einoti, k\u0105 mes darome gerai, o k\u0105 ne. Autor\u0117 tiesiog pasakoja apie ligonius, pasidalijusius su ja kan\u010diomis, l\u016bkes\u010diais ir viltimis.","robots":{"index":"index","follow":"follow","max-snippet":"max-snippet:-1","max-image-preview":"max-image-preview:large","max-video-preview":"max-video-preview:-1"},"canonical":"https:\/\/skaitytaknyga.lt\/en\/produktas\/apie-mirti-ir-mirima\/","og_locale":"en_GB","og_type":"article","og_title":"[:lt]Apie mirt\u012f ir mirim\u0105[:] - Skaitytaknyga","og_description":"[:lt]Tai tiesiog pasakojimas apie galimyb\u0119 i\u0161 naujo pa\u017evelgti \u012f ligon\u012f kaip \u012f \u017emog\u0173, pakalbinti j\u012f ir i\u0161 jo su\u017einoti, k\u0105 mes darome gerai, o k\u0105 ne. Autor\u0117 tiesiog pasakoja apie ligonius, pasidalijusius su ja kan\u010diomis, l\u016bkes\u010diais ir viltimis.[:]","og_url":"https:\/\/skaitytaknyga.lt\/en\/produktas\/apie-mirti-ir-mirima\/","og_site_name":"Skaitytaknyga","article_publisher":"https:\/\/www.facebook.com\/skaitytaknyga\/","article_modified_time":"2025-09-27T18:32:28+00:00","og_image":[{"width":300,"height":474,"url":"https:\/\/skaitytaknyga.lt\/wp-content\/uploads\/2024\/08\/Apie-mirti-ir-mirima-1.webp","type":"image\/webp"}],"twitter_card":"summary_large_image","twitter_misc":{"Estimated reading time":"1 minute"},"schema":{"@context":"https:\/\/schema.org","@graph":[{"@type":"WebPage","@id":"https:\/\/skaitytaknyga.lt\/produktas\/apie-mirti-ir-mirima\/","url":"https:\/\/skaitytaknyga.lt\/produktas\/apie-mirti-ir-mirima\/","name":"Apie mirt\u012f ir mirim\u0105","isPartOf":{"@id":"https:\/\/skaitytaknyga.lt\/#website"},"primaryImageOfPage":{"@id":"https:\/\/skaitytaknyga.lt\/produktas\/apie-mirti-ir-mirima\/#primaryimage"},"image":{"@id":"https:\/\/skaitytaknyga.lt\/produktas\/apie-mirti-ir-mirima\/#primaryimage"},"thumbnailUrl":"https:\/\/skaitytaknyga.lt\/wp-content\/uploads\/2024\/08\/Apie-mirti-ir-mirima-1.webp","datePublished":"2024-08-20T16:31:19+00:00","dateModified":"2025-09-27T18:32:28+00:00","description":"Tai tiesiog pasakojimas apie galimyb\u0119 i\u0161 naujo pa\u017evelgti \u012f ligon\u012f kaip \u012f \u017emog\u0173, pakalbinti j\u012f ir i\u0161 jo su\u017einoti, k\u0105 mes darome gerai, o k\u0105 ne. Autor\u0117 tiesiog pasakoja apie ligonius, pasidalijusius su ja kan\u010diomis, l\u016bkes\u010diais ir viltimis.","breadcrumb":{"@id":"https:\/\/skaitytaknyga.lt\/produktas\/apie-mirti-ir-mirima\/#breadcrumb"},"inLanguage":"en-GB","potentialAction":[{"@type":"ReadAction","target":["https:\/\/skaitytaknyga.lt\/produktas\/apie-mirti-ir-mirima\/"]}]},{"@type":"ImageObject","inLanguage":"en-GB","@id":"https:\/\/skaitytaknyga.lt\/produktas\/apie-mirti-ir-mirima\/#primaryimage","url":"https:\/\/skaitytaknyga.lt\/wp-content\/uploads\/2024\/08\/Apie-mirti-ir-mirima-1.webp","contentUrl":"https:\/\/skaitytaknyga.lt\/wp-content\/uploads\/2024\/08\/Apie-mirti-ir-mirima-1.webp","width":300,"height":474,"caption":"Apie mirt\u012f ir mirim\u0105"},{"@type":"BreadcrumbList","@id":"https:\/\/skaitytaknyga.lt\/produktas\/apie-mirti-ir-mirima\/#breadcrumb","itemListElement":[{"@type":"ListItem","position":1,"name":"Home","item":"https:\/\/skaitytaknyga.lt\/"},{"@type":"ListItem","position":2,"name":"Parduotuv\u0117","item":"https:\/\/skaitytaknyga.lt\/knygu-parduotuve\/"},{"@type":"ListItem","position":3,"name":"Apie mirt\u012f ir mirim\u0105"}]},{"@type":"WebSite","@id":"https:\/\/skaitytaknyga.lt\/#website","url":"https:\/\/skaitytaknyga.lt\/","name":"skaitytaknyga.lt","description":"Skaitytaknyga.lt \u2013 tai ma\u017eas \u0161eimos verslas, kuris prasid\u0117jo nuo meil\u0117s knygoms ir siekio i\u0161gelb\u0117ti knygas nuo likimo prie konteinerio. Kas vienam nereikalingas daiktas \u2013 kitam lobis, o mes esame tarpininkai, kurie padeda abiems tapti laimingesniems ???? \u017dinome kaip nelengva i\u0161gyventi ma\u017eiems verslams, tad nuo \u0161iol, \u010dia rasite ir kit\u0173, ma\u017e\u0173 \u0161eim\u0173 versl\u0173, rank\u0173 darbo, dovan\u0173 sau ir artimiesiems.","publisher":{"@id":"https:\/\/skaitytaknyga.lt\/#organization"},"potentialAction":[{"@type":"SearchAction","target":{"@type":"EntryPoint","urlTemplate":"https:\/\/skaitytaknyga.lt\/?s={search_term_string}"},"query-input":{"@type":"PropertyValueSpecification","valueRequired":true,"valueName":"search_term_string"}}],"inLanguage":"en-GB"},{"@type":"Organization","@id":"https:\/\/skaitytaknyga.lt\/#organization","name":"skaitytaknyga.lt","url":"https:\/\/skaitytaknyga.lt\/","logo":{"@type":"ImageObject","inLanguage":"en-GB","@id":"https:\/\/skaitytaknyga.lt\/#\/schema\/logo\/image\/","url":"https:\/\/skaitytaknyga.lt\/wp-content\/uploads\/2024\/05\/cropped-cropped-cropped-02_00843_jt3bggkj1j3HLc7SyY6rEUpg.jpeg","contentUrl":"https:\/\/skaitytaknyga.lt\/wp-content\/uploads\/2024\/05\/cropped-cropped-cropped-02_00843_jt3bggkj1j3HLc7SyY6rEUpg.jpeg","width":1600,"height":1600,"caption":"skaitytaknyga.lt"},"image":{"@id":"https:\/\/skaitytaknyga.lt\/#\/schema\/logo\/image\/"},"sameAs":["https:\/\/www.facebook.com\/skaitytaknyga\/"]}]}},"_links":{"self":[{"href":"https:\/\/skaitytaknyga.lt\/en\/wp-json\/wp\/v2\/product\/13466","targetHints":{"allow":["GET"]}}],"collection":[{"href":"https:\/\/skaitytaknyga.lt\/en\/wp-json\/wp\/v2\/product"}],"about":[{"href":"https:\/\/skaitytaknyga.lt\/en\/wp-json\/wp\/v2\/types\/product"}],"replies":[{"embeddable":true,"href":"https:\/\/skaitytaknyga.lt\/en\/wp-json\/wp\/v2\/comments?post=13466"}],"wp:featuredmedia":[{"embeddable":true,"href":"https:\/\/skaitytaknyga.lt\/en\/wp-json\/wp\/v2\/media\/21042"}],"wp:attachment":[{"href":"https:\/\/skaitytaknyga.lt\/en\/wp-json\/wp\/v2\/media?parent=13466"}],"wp:term":[{"taxonomy":"product_brand","embeddable":true,"href":"https:\/\/skaitytaknyga.lt\/en\/wp-json\/wp\/v2\/product_brand?post=13466"},{"taxonomy":"product_cat","embeddable":true,"href":"https:\/\/skaitytaknyga.lt\/en\/wp-json\/wp\/v2\/product_cat?post=13466"},{"taxonomy":"product_tag","embeddable":true,"href":"https:\/\/skaitytaknyga.lt\/en\/wp-json\/wp\/v2\/product_tag?post=13466"}],"curies":[{"name":"wp","href":"https:\/\/api.w.org\/{rel}","templated":true}]}}