{"id":13463,"date":"2024-08-20T19:25:45","date_gmt":"2024-08-20T16:25:45","guid":{"rendered":"https:\/\/skaitytaknyga.lt\/?post_type=product&#038;p=13463"},"modified":"2025-05-24T20:53:24","modified_gmt":"2025-05-24T17:53:24","slug":"konkordija-antarova-du-gyvenimai","status":"publish","type":"product","link":"https:\/\/skaitytaknyga.lt\/en\/produktas\/konkordija-antarova-du-gyvenimai\/","title":{"rendered":"Du gyvenimai"},"content":{"rendered":"<div>\n<p>Knyga\u00a0<b>&#8220;Du gyvenimai&#8221;\u00a0<\/b>&#8211; visa trilogija vienoje knygoje. Papildyta ketvirt\u0105ja knygos dalimi, K. Antarovos biografija ir asmeninias u\u017era\u0161ais.<\/p>\n<p>Nepaprasto likimo rus\u0173 ra\u0161ytojos, operos daininink\u0117s ir legendinio re\u017eisieriaus Konstantino Stanislavskio mokin\u0117s\u00a0<b>Konkordijos Antarovos<\/b>\u00a0(1886-1959) \u012fsp\u016bdingos apimties romanas \u201eDu gyvenimai\u201c \u2013 knyga, kuri de\u0161imtme\u010dius buvo slapta perra\u0161in\u0117jama ir dalijama i\u0161 rank\u0173 \u012f rankas kaip did\u017eiausias turtas. Tai knyga, kuri gydo siel\u0105, pabudina i\u0161 dvasios letargo ir atgaivina k\u016bn\u0105. Pasakojama, jog pokario metais kai kurie i\u0161kil\u016bs Rusijos medikai savo pacientams \u0161i\u0105 knyg\u0105 skirdavo kaip papildom\u0105 gydymo terapijos priemon\u0119. I\u0161 ties\u0173, j\u0105 perskait\u0119s tiesiog negali ir neturi teis\u0117s gyventi taip pat. Pra\u0117jus daugiau nei pus\u0161im\u010diui met\u0173 nuo suk\u016brimo, \u201eDu gyvenimai\u201c \u0161iandien skamba netgi aktualiau nei tada: kai sunku rasti Keli\u0105, ji gali tapti Vedliu.<\/p>\n<p>Kelion\u0117s ir papro\u010diai, nuostab\u016bs \u017emon\u0117s, dvasinis vystymasis, g\u0117ris ir blogis, erdv\u0117 ir laikas, gyvenimas ir mirtis, muzikos ir \u017eod\u017eio magija \u2013 visa tai \u012ftraukia \u012f u\u017eburiant\u012f pasakojim\u0105, perteikiam\u0105 Liovu\u0161kos, grafo T., l\u016bpomis. Per rekordi\u0161kai trump\u0105 laik\u0105 gimusio ir prad\u017eioje tik artimiausiems \u017emon\u0117ms, o ne spaudai skirto k\u016brinio atsiradimas liks paslaptis. Dalis pasek\u0117j\u0173 net kelia prielaid\u0105, jog Konkordija buvusi tik medium\u0117 tobul\u0117ti nesiliovusiai, am\u017einai gro\u017eio siekusiai did\u017eiojo rus\u0173 ra\u0161ytojo Levo Tolstojaus sielai. I\u0161 ties\u0173, \u201eDu gyvenimai\u201c gal\u0117t\u0173 b\u016bti jo palikimas, nes pats yra sak\u0119s: \u201eKas regi gyvenim\u0105 tobul\u0117jime, negali tik\u0117ti tuo, kad tobul\u0117jimas nutr\u016bksta su mirtimi. Tai, kas tobul\u0117ja, tik kei\u010dia form\u0105.\u201c<\/p>\n<p>S\u0117kminga Ryt\u0173 ir Vakar\u0173 ezoterini\u0173 tradicij\u0173 sintez\u0117 l\u0117m\u0117 \u0161io K. Antarovos romano populiarum\u0105. Ra\u0161ytas Antrojo Pasaulinio karo metais, jis pus\u0119 am\u017eiaus buvo rus\u0173 inteligent\u0173 skaitomas ir persira\u0161in\u0117jamas tik i\u0161 rankra\u0161\u010di\u0173, kurie 1991 m. pateko ir \u012f Lietuv\u0105. 1993 m. romanas buvo i\u0161leistas Rusijoje. Jis i\u0161lieka populiarus ir \u0161iomis dienomis.<\/p>\n<p>Trij\u0173 dali\u0173 romanas kiekvienam pad\u0117s apm\u0105styti savo viet\u0105 \u0161i\u0173 dien\u0173 sud\u0117tingame gyvenime, savo santykius su juo. Puikiais pavyzd\u017eiais per romano herojus atskleid\u017eiama, kaip \u017emon\u0117se verda aistros; akivaizd\u017eiai parodoma, kaip jie t\u0173 aistr\u0173 pavergiami, o v\u0117liau skaitytojui atsiveria keliai, kuriais Gyvenimo Mokytojai veda \u012f dvasios i\u0161silaisvinim\u0105 i\u0161 aistr\u0173; veda i\u0161 silpnumo \u012f tvirtum\u0105, i\u0161 tvirtumo &#8211; \u012f j\u0117g\u0105, o i\u0161 j\u0117gos &#8211; \u012f gro\u017e\u012f&#8230;<\/p>\n<p>I\u0161 rus\u0173 kalbos vert\u0117 Laimut\u0117 Marija \u017dukauskien\u0117, Viktorija \u0160enbergs, Zita Aleknait\u0117<\/p>\n<\/div>\n<div>\n<hr \/>\n<ul class=\"details-list mt5\">\n<li>Autorius:\u00a0Konkordija Antarova<\/li>\n<li>Leid\u0117jas:\u00a0Obuolys<\/li>\n<li>I\u0161leidimo metai:\u00a02019<\/li>\n<li>Knygos puslapi\u0173 skai\u010dius:\u00a01200<\/li>\n<li>Formatas:\u00a017&#215;23, kieti vir\u0161eliai<\/li>\n<li>ISBN ar kodas:\u00a09786094840203<\/li>\n<\/ul>\n<\/div>\n","protected":false},"excerpt":{"rendered":"<p>Knyga\u00a0&#8220;Du gyvenimai&#8221;\u00a0&#8211; visa trilogija vienoje knygoje. Papildyta ketvirt\u0105ja knygos dalimi, K. Antarovos biografija ir asmeninias u\u017era\u0161ais. Nepaprasto likimo rus\u0173 ra\u0161ytojos, operos daininink\u0117s ir legendinio re\u017eisieriaus Konstantino Stanislavskio mokin\u0117s\u00a0Konkordijos Antarovos\u00a0(1886-1959) \u012fsp\u016bdingos apimties romanas \u201eDu gyvenimai\u201c \u2013 knyga, kuri de\u0161imtme\u010dius buvo slapta perra\u0161in\u0117jama ir dalijama i\u0161 rank\u0173 \u012f rankas kaip did\u017eiausias turtas. Tai knyga, kuri gydo siel\u0105, pabudina i\u0161 dvasios letargo ir atgaivina k\u016bn\u0105. Pasakojama, jog pokario metais kai kurie i\u0161kil\u016bs Rusijos medikai savo pacientams \u0161i\u0105 knyg\u0105 skirdavo kaip papildom\u0105 gydymo terapijos priemon\u0119. I\u0161 ties\u0173, j\u0105 perskait\u0119s tiesiog negali ir neturi teis\u0117s gyventi taip pat. Pra\u0117jus daugiau nei pus\u0161im\u010diui met\u0173 nuo suk\u016brimo, \u201eDu gyvenimai\u201c \u0161iandien skamba netgi aktualiau nei tada: kai sunku rasti Keli\u0105, ji gali tapti Vedliu. Kelion\u0117s ir papro\u010diai, nuostab\u016bs \u017emon\u0117s, dvasinis vystymasis, g\u0117ris ir blogis, erdv\u0117 ir laikas, gyvenimas ir mirtis, muzikos ir \u017eod\u017eio magija \u2013 visa tai \u012ftraukia \u012f u\u017eburiant\u012f pasakojim\u0105, perteikiam\u0105 Liovu\u0161kos, grafo T., l\u016bpomis. Per rekordi\u0161kai trump\u0105 laik\u0105 gimusio ir prad\u017eioje tik artimiausiems \u017emon\u0117ms, o ne spaudai skirto k\u016brinio atsiradimas liks paslaptis. Dalis pasek\u0117j\u0173 net kelia prielaid\u0105, jog Konkordija buvusi tik medium\u0117 tobul\u0117ti nesiliovusiai, am\u017einai gro\u017eio siekusiai did\u017eiojo rus\u0173 ra\u0161ytojo Levo Tolstojaus sielai. I\u0161 ties\u0173, \u201eDu gyvenimai\u201c gal\u0117t\u0173 b\u016bti jo palikimas, nes pats yra sak\u0119s: \u201eKas regi gyvenim\u0105 tobul\u0117jime, negali tik\u0117ti tuo, kad tobul\u0117jimas nutr\u016bksta su mirtimi. Tai, kas tobul\u0117ja, tik kei\u010dia form\u0105.\u201c S\u0117kminga Ryt\u0173 ir Vakar\u0173 ezoterini\u0173 tradicij\u0173 sintez\u0117 l\u0117m\u0117 \u0161io K. Antarovos romano populiarum\u0105. Ra\u0161ytas Antrojo Pasaulinio karo metais, jis pus\u0119 am\u017eiaus buvo rus\u0173 inteligent\u0173 skaitomas ir persira\u0161in\u0117jamas tik i\u0161 rankra\u0161\u010di\u0173, kurie 1991 m. pateko ir \u012f Lietuv\u0105. 1993 m. romanas buvo i\u0161leistas Rusijoje. Jis i\u0161lieka populiarus ir \u0161iomis dienomis. Trij\u0173 dali\u0173 romanas kiekvienam pad\u0117s apm\u0105styti savo viet\u0105 \u0161i\u0173 dien\u0173 sud\u0117tingame gyvenime, savo santykius su juo. Puikiais pavyzd\u017eiais per romano herojus atskleid\u017eiama, kaip \u017emon\u0117se verda aistros; akivaizd\u017eiai parodoma, kaip jie t\u0173 aistr\u0173 pavergiami, o v\u0117liau skaitytojui atsiveria keliai, kuriais Gyvenimo Mokytojai veda \u012f dvasios i\u0161silaisvinim\u0105 i\u0161 aistr\u0173; veda i\u0161 silpnumo \u012f tvirtum\u0105, i\u0161 tvirtumo &#8211; \u012f j\u0117g\u0105, o i\u0161 j\u0117gos &#8211; \u012f gro\u017e\u012f&#8230; I\u0161 rus\u0173 kalbos vert\u0117 Laimut\u0117 Marija \u017dukauskien\u0117, Viktorija \u0160enbergs, Zita Aleknait\u0117 Autorius:\u00a0Konkordija Antarova Leid\u0117jas:\u00a0Obuolys I\u0161leidimo metai:\u00a02019 Knygos puslapi\u0173 skai\u010dius:\u00a01200 Formatas:\u00a017&#215;23, kieti vir\u0161eliai ISBN ar kodas:\u00a09786094840203<\/p>\n","protected":false},"featured_media":13465,"comment_status":"open","ping_status":"closed","template":"","meta":{"_acf_changed":false,"site-sidebar-layout":"default","site-content-layout":"","ast-site-content-layout":"default","site-content-style":"default","site-sidebar-style":"default","ast-global-header-display":"","ast-banner-title-visibility":"","ast-main-header-display":"","ast-hfb-above-header-display":"","ast-hfb-below-header-display":"","ast-hfb-mobile-header-display":"","site-post-title":"","ast-breadcrumbs-content":"","ast-featured-img":"","footer-sml-layout":"","ast-disable-related-posts":"","theme-transparent-header-meta":"default","adv-header-id-meta":"","stick-header-meta":"","header-above-stick-meta":"","header-main-stick-meta":"","header-below-stick-meta":"","astra-migrate-meta-layouts":"set","ast-page-background-enabled":"default","ast-page-background-meta":{"desktop":{"background-color":"","background-image":"","background-repeat":"repeat","background-position":"center center","background-size":"auto","background-attachment":"scroll","background-type":"","background-media":"","overlay-type":"","overlay-color":"","overlay-opacity":"","overlay-gradient":""},"tablet":{"background-color":"","background-image":"","background-repeat":"repeat","background-position":"center center","background-size":"auto","background-attachment":"scroll","background-type":"","background-media":"","overlay-type":"","overlay-color":"","overlay-opacity":"","overlay-gradient":""},"mobile":{"background-color":"","background-image":"","background-repeat":"repeat","background-position":"center center","background-size":"auto","background-attachment":"scroll","background-type":"","background-media":"","overlay-type":"","overlay-color":"","overlay-opacity":"","overlay-gradient":""}},"ast-content-background-meta":{"desktop":{"background-color":"var(--ast-global-color-4)","background-image":"","background-repeat":"repeat","background-position":"center center","background-size":"auto","background-attachment":"scroll","background-type":"","background-media":"","overlay-type":"","overlay-color":"","overlay-opacity":"","overlay-gradient":""},"tablet":{"background-color":"var(--ast-global-color-4)","background-image":"","background-repeat":"repeat","background-position":"center center","background-size":"auto","background-attachment":"scroll","background-type":"","background-media":"","overlay-type":"","overlay-color":"","overlay-opacity":"","overlay-gradient":""},"mobile":{"background-color":"var(--ast-global-color-4)","background-image":"","background-repeat":"repeat","background-position":"center center","background-size":"auto","background-attachment":"scroll","background-type":"","background-media":"","overlay-type":"","overlay-color":"","overlay-opacity":"","overlay-gradient":""}}},"product_brand":[],"product_cat":[31,30],"product_tag":[],"class_list":{"0":"post-13463","1":"product","2":"type-product","3":"status-publish","4":"has-post-thumbnail","6":"product_cat-grozine-literatura","7":"product_cat-psichologija-ir-saviugda","8":"desktop-align-left","9":"tablet-align-left","10":"mobile-align-left","12":"first","13":"outofstock","14":"shipping-taxable","15":"purchasable","16":"product-type-simple"},"acf":[],"yoast_head":"<!-- This site is optimized with the Yoast SEO plugin v27.0 - https:\/\/yoast.com\/product\/yoast-seo-wordpress\/ -->\n<title>Du gyvenimai<\/title>\n<meta name=\"description\" content=\"Knyga\u00a0&quot;Du gyvenimai&quot;\u00a0- visa trilogija vienoje knygoje. Papildyta ketvirt\u0105ja knygos dalimi, K. Antarovos biografija ir asmeninias u\u017era\u0161ais. Nepaprasto\" \/>\n<meta name=\"robots\" content=\"index, follow, max-snippet:-1, max-image-preview:large, max-video-preview:-1\" \/>\n<link rel=\"canonical\" href=\"https:\/\/skaitytaknyga.lt\/en\/produktas\/konkordija-antarova-du-gyvenimai\/\" \/>\n<meta property=\"og:locale\" content=\"en_GB\" \/>\n<meta property=\"og:locale:alternate\" content=\"lt_LT\" \/>\n<meta property=\"og:type\" content=\"article\" \/>\n<meta property=\"og:title\" content=\"Du gyvenimai\" \/>\n<meta property=\"og:description\" content=\"Knyga\u00a0&quot;Du gyvenimai&quot;\u00a0- visa trilogija vienoje knygoje. Papildyta ketvirt\u0105ja knygos dalimi, K. Antarovos biografija ir asmeninias u\u017era\u0161ais. Nepaprasto\" \/>\n<meta property=\"og:url\" content=\"https:\/\/skaitytaknyga.lt\/en\/produktas\/konkordija-antarova-du-gyvenimai\/\" \/>\n<meta property=\"og:site_name\" content=\"Skaitytaknyga\" \/>\n<meta property=\"article:publisher\" content=\"https:\/\/www.facebook.com\/skaitytaknyga\/\" \/>\n<meta property=\"article:modified_time\" content=\"2025-05-24T17:53:24+00:00\" \/>\n<meta property=\"og:image\" content=\"https:\/\/skaitytaknyga.lt\/wp-content\/uploads\/2024\/08\/5440c7d51e968-600x600-1-e1724171237377.jpg\" \/>\n\t<meta property=\"og:image:width\" content=\"426\" \/>\n\t<meta property=\"og:image:height\" content=\"592\" \/>\n\t<meta property=\"og:image:type\" content=\"image\/jpeg\" \/>\n<meta name=\"twitter:card\" content=\"summary_large_image\" \/>\n<meta name=\"twitter:label1\" content=\"Estimated reading time\" \/>\n\t<meta name=\"twitter:data1\" content=\"3 minutes\" \/>\n<script type=\"application\/ld+json\" class=\"yoast-schema-graph\">{\"@context\":\"https:\/\/schema.org\",\"@graph\":[{\"@type\":\"WebPage\",\"@id\":\"https:\/\/skaitytaknyga.lt\/produktas\/konkordija-antarova-du-gyvenimai\/\",\"url\":\"https:\/\/skaitytaknyga.lt\/produktas\/konkordija-antarova-du-gyvenimai\/\",\"name\":\"Du gyvenimai\",\"isPartOf\":{\"@id\":\"https:\/\/skaitytaknyga.lt\/#website\"},\"primaryImageOfPage\":{\"@id\":\"https:\/\/skaitytaknyga.lt\/produktas\/konkordija-antarova-du-gyvenimai\/#primaryimage\"},\"image\":{\"@id\":\"https:\/\/skaitytaknyga.lt\/produktas\/konkordija-antarova-du-gyvenimai\/#primaryimage\"},\"thumbnailUrl\":\"https:\/\/skaitytaknyga.lt\/wp-content\/uploads\/2024\/08\/5440c7d51e968-600x600-1-e1724171237377.jpg\",\"datePublished\":\"2024-08-20T16:25:45+00:00\",\"dateModified\":\"2025-05-24T17:53:24+00:00\",\"description\":\"Knyga\u00a0\\\"Du gyvenimai\\\"\u00a0- visa trilogija vienoje knygoje. Papildyta ketvirt\u0105ja knygos dalimi, K. Antarovos biografija ir asmeninias u\u017era\u0161ais. Nepaprasto\",\"breadcrumb\":{\"@id\":\"https:\/\/skaitytaknyga.lt\/produktas\/konkordija-antarova-du-gyvenimai\/#breadcrumb\"},\"inLanguage\":\"en-GB\",\"potentialAction\":[{\"@type\":\"ReadAction\",\"target\":[\"https:\/\/skaitytaknyga.lt\/produktas\/konkordija-antarova-du-gyvenimai\/\"]}]},{\"@type\":\"ImageObject\",\"inLanguage\":\"en-GB\",\"@id\":\"https:\/\/skaitytaknyga.lt\/produktas\/konkordija-antarova-du-gyvenimai\/#primaryimage\",\"url\":\"https:\/\/skaitytaknyga.lt\/wp-content\/uploads\/2024\/08\/5440c7d51e968-600x600-1-e1724171237377.jpg\",\"contentUrl\":\"https:\/\/skaitytaknyga.lt\/wp-content\/uploads\/2024\/08\/5440c7d51e968-600x600-1-e1724171237377.jpg\",\"width\":426,\"height\":592,\"caption\":\"Antarova Du gyvenimai\"},{\"@type\":\"BreadcrumbList\",\"@id\":\"https:\/\/skaitytaknyga.lt\/produktas\/konkordija-antarova-du-gyvenimai\/#breadcrumb\",\"itemListElement\":[{\"@type\":\"ListItem\",\"position\":1,\"name\":\"Home\",\"item\":\"https:\/\/skaitytaknyga.lt\/\"},{\"@type\":\"ListItem\",\"position\":2,\"name\":\"Parduotuv\u0117\",\"item\":\"https:\/\/skaitytaknyga.lt\/knygu-parduotuve\/\"},{\"@type\":\"ListItem\",\"position\":3,\"name\":\"Du gyvenimai\"}]},{\"@type\":\"WebSite\",\"@id\":\"https:\/\/skaitytaknyga.lt\/#website\",\"url\":\"https:\/\/skaitytaknyga.lt\/\",\"name\":\"skaitytaknyga.lt\",\"description\":\"Skaitytaknyga.lt \u2013 tai ma\u017eas \u0161eimos verslas, kuris prasid\u0117jo nuo meil\u0117s knygoms ir siekio i\u0161gelb\u0117ti knygas nuo likimo prie konteinerio. Kas vienam nereikalingas daiktas \u2013 kitam lobis, o mes esame tarpininkai, kurie padeda abiems tapti laimingesniems ???? \u017dinome kaip nelengva i\u0161gyventi ma\u017eiems verslams, tad nuo \u0161iol, \u010dia rasite ir kit\u0173, ma\u017e\u0173 \u0161eim\u0173 versl\u0173, rank\u0173 darbo, dovan\u0173 sau ir artimiesiems.\",\"publisher\":{\"@id\":\"https:\/\/skaitytaknyga.lt\/#organization\"},\"potentialAction\":[{\"@type\":\"SearchAction\",\"target\":{\"@type\":\"EntryPoint\",\"urlTemplate\":\"https:\/\/skaitytaknyga.lt\/?s={search_term_string}\"},\"query-input\":{\"@type\":\"PropertyValueSpecification\",\"valueRequired\":true,\"valueName\":\"search_term_string\"}}],\"inLanguage\":\"en-GB\"},{\"@type\":\"Organization\",\"@id\":\"https:\/\/skaitytaknyga.lt\/#organization\",\"name\":\"skaitytaknyga.lt\",\"url\":\"https:\/\/skaitytaknyga.lt\/\",\"logo\":{\"@type\":\"ImageObject\",\"inLanguage\":\"en-GB\",\"@id\":\"https:\/\/skaitytaknyga.lt\/#\/schema\/logo\/image\/\",\"url\":\"https:\/\/skaitytaknyga.lt\/wp-content\/uploads\/2024\/05\/cropped-cropped-cropped-02_00843_jt3bggkj1j3HLc7SyY6rEUpg.jpeg\",\"contentUrl\":\"https:\/\/skaitytaknyga.lt\/wp-content\/uploads\/2024\/05\/cropped-cropped-cropped-02_00843_jt3bggkj1j3HLc7SyY6rEUpg.jpeg\",\"width\":1600,\"height\":1600,\"caption\":\"skaitytaknyga.lt\"},\"image\":{\"@id\":\"https:\/\/skaitytaknyga.lt\/#\/schema\/logo\/image\/\"},\"sameAs\":[\"https:\/\/www.facebook.com\/skaitytaknyga\/\"]}]}<\/script>\n<!-- \/ Yoast SEO plugin. -->","yoast_head_json":{"title":"Du gyvenimai","description":"Knyga\u00a0\"Du gyvenimai\"\u00a0- visa trilogija vienoje knygoje. Papildyta ketvirt\u0105ja knygos dalimi, K. Antarovos biografija ir asmeninias u\u017era\u0161ais. Nepaprasto","robots":{"index":"index","follow":"follow","max-snippet":"max-snippet:-1","max-image-preview":"max-image-preview:large","max-video-preview":"max-video-preview:-1"},"canonical":"https:\/\/skaitytaknyga.lt\/en\/produktas\/konkordija-antarova-du-gyvenimai\/","og_locale":"en_GB","og_type":"article","og_title":"[:lt]Du gyvenimai[:] - Skaitytaknyga","og_description":"Knyga\u00a0\"Du gyvenimai\"\u00a0- visa trilogija vienoje knygoje. Papildyta ketvirt\u0105ja knygos dalimi, K. Antarovos biografija ir asmeninias u\u017era\u0161ais. Nepaprasto","og_url":"https:\/\/skaitytaknyga.lt\/en\/produktas\/konkordija-antarova-du-gyvenimai\/","og_site_name":"Skaitytaknyga","article_publisher":"https:\/\/www.facebook.com\/skaitytaknyga\/","article_modified_time":"2025-05-24T17:53:24+00:00","og_image":[{"width":426,"height":592,"url":"https:\/\/skaitytaknyga.lt\/wp-content\/uploads\/2024\/08\/5440c7d51e968-600x600-1-e1724171237377.jpg","type":"image\/jpeg"}],"twitter_card":"summary_large_image","twitter_misc":{"Estimated reading time":"3 minutes"},"schema":{"@context":"https:\/\/schema.org","@graph":[{"@type":"WebPage","@id":"https:\/\/skaitytaknyga.lt\/produktas\/konkordija-antarova-du-gyvenimai\/","url":"https:\/\/skaitytaknyga.lt\/produktas\/konkordija-antarova-du-gyvenimai\/","name":"Du gyvenimai","isPartOf":{"@id":"https:\/\/skaitytaknyga.lt\/#website"},"primaryImageOfPage":{"@id":"https:\/\/skaitytaknyga.lt\/produktas\/konkordija-antarova-du-gyvenimai\/#primaryimage"},"image":{"@id":"https:\/\/skaitytaknyga.lt\/produktas\/konkordija-antarova-du-gyvenimai\/#primaryimage"},"thumbnailUrl":"https:\/\/skaitytaknyga.lt\/wp-content\/uploads\/2024\/08\/5440c7d51e968-600x600-1-e1724171237377.jpg","datePublished":"2024-08-20T16:25:45+00:00","dateModified":"2025-05-24T17:53:24+00:00","description":"Knyga\u00a0\"Du gyvenimai\"\u00a0- visa trilogija vienoje knygoje. Papildyta ketvirt\u0105ja knygos dalimi, K. Antarovos biografija ir asmeninias u\u017era\u0161ais. Nepaprasto","breadcrumb":{"@id":"https:\/\/skaitytaknyga.lt\/produktas\/konkordija-antarova-du-gyvenimai\/#breadcrumb"},"inLanguage":"en-GB","potentialAction":[{"@type":"ReadAction","target":["https:\/\/skaitytaknyga.lt\/produktas\/konkordija-antarova-du-gyvenimai\/"]}]},{"@type":"ImageObject","inLanguage":"en-GB","@id":"https:\/\/skaitytaknyga.lt\/produktas\/konkordija-antarova-du-gyvenimai\/#primaryimage","url":"https:\/\/skaitytaknyga.lt\/wp-content\/uploads\/2024\/08\/5440c7d51e968-600x600-1-e1724171237377.jpg","contentUrl":"https:\/\/skaitytaknyga.lt\/wp-content\/uploads\/2024\/08\/5440c7d51e968-600x600-1-e1724171237377.jpg","width":426,"height":592,"caption":"Antarova Du gyvenimai"},{"@type":"BreadcrumbList","@id":"https:\/\/skaitytaknyga.lt\/produktas\/konkordija-antarova-du-gyvenimai\/#breadcrumb","itemListElement":[{"@type":"ListItem","position":1,"name":"Home","item":"https:\/\/skaitytaknyga.lt\/"},{"@type":"ListItem","position":2,"name":"Parduotuv\u0117","item":"https:\/\/skaitytaknyga.lt\/knygu-parduotuve\/"},{"@type":"ListItem","position":3,"name":"Du gyvenimai"}]},{"@type":"WebSite","@id":"https:\/\/skaitytaknyga.lt\/#website","url":"https:\/\/skaitytaknyga.lt\/","name":"skaitytaknyga.lt","description":"Skaitytaknyga.lt \u2013 tai ma\u017eas \u0161eimos verslas, kuris prasid\u0117jo nuo meil\u0117s knygoms ir siekio i\u0161gelb\u0117ti knygas nuo likimo prie konteinerio. Kas vienam nereikalingas daiktas \u2013 kitam lobis, o mes esame tarpininkai, kurie padeda abiems tapti laimingesniems ???? \u017dinome kaip nelengva i\u0161gyventi ma\u017eiems verslams, tad nuo \u0161iol, \u010dia rasite ir kit\u0173, ma\u017e\u0173 \u0161eim\u0173 versl\u0173, rank\u0173 darbo, dovan\u0173 sau ir artimiesiems.","publisher":{"@id":"https:\/\/skaitytaknyga.lt\/#organization"},"potentialAction":[{"@type":"SearchAction","target":{"@type":"EntryPoint","urlTemplate":"https:\/\/skaitytaknyga.lt\/?s={search_term_string}"},"query-input":{"@type":"PropertyValueSpecification","valueRequired":true,"valueName":"search_term_string"}}],"inLanguage":"en-GB"},{"@type":"Organization","@id":"https:\/\/skaitytaknyga.lt\/#organization","name":"skaitytaknyga.lt","url":"https:\/\/skaitytaknyga.lt\/","logo":{"@type":"ImageObject","inLanguage":"en-GB","@id":"https:\/\/skaitytaknyga.lt\/#\/schema\/logo\/image\/","url":"https:\/\/skaitytaknyga.lt\/wp-content\/uploads\/2024\/05\/cropped-cropped-cropped-02_00843_jt3bggkj1j3HLc7SyY6rEUpg.jpeg","contentUrl":"https:\/\/skaitytaknyga.lt\/wp-content\/uploads\/2024\/05\/cropped-cropped-cropped-02_00843_jt3bggkj1j3HLc7SyY6rEUpg.jpeg","width":1600,"height":1600,"caption":"skaitytaknyga.lt"},"image":{"@id":"https:\/\/skaitytaknyga.lt\/#\/schema\/logo\/image\/"},"sameAs":["https:\/\/www.facebook.com\/skaitytaknyga\/"]}]}},"_links":{"self":[{"href":"https:\/\/skaitytaknyga.lt\/en\/wp-json\/wp\/v2\/product\/13463","targetHints":{"allow":["GET"]}}],"collection":[{"href":"https:\/\/skaitytaknyga.lt\/en\/wp-json\/wp\/v2\/product"}],"about":[{"href":"https:\/\/skaitytaknyga.lt\/en\/wp-json\/wp\/v2\/types\/product"}],"replies":[{"embeddable":true,"href":"https:\/\/skaitytaknyga.lt\/en\/wp-json\/wp\/v2\/comments?post=13463"}],"wp:featuredmedia":[{"embeddable":true,"href":"https:\/\/skaitytaknyga.lt\/en\/wp-json\/wp\/v2\/media\/13465"}],"wp:attachment":[{"href":"https:\/\/skaitytaknyga.lt\/en\/wp-json\/wp\/v2\/media?parent=13463"}],"wp:term":[{"taxonomy":"product_brand","embeddable":true,"href":"https:\/\/skaitytaknyga.lt\/en\/wp-json\/wp\/v2\/product_brand?post=13463"},{"taxonomy":"product_cat","embeddable":true,"href":"https:\/\/skaitytaknyga.lt\/en\/wp-json\/wp\/v2\/product_cat?post=13463"},{"taxonomy":"product_tag","embeddable":true,"href":"https:\/\/skaitytaknyga.lt\/en\/wp-json\/wp\/v2\/product_tag?post=13463"}],"curies":[{"name":"wp","href":"https:\/\/api.w.org\/{rel}","templated":true}]}}