{"id":13460,"date":"2024-08-20T19:20:43","date_gmt":"2024-08-20T16:20:43","guid":{"rendered":"https:\/\/skaitytaknyga.lt\/?post_type=product&#038;p=13460"},"modified":"2026-02-05T12:01:58","modified_gmt":"2026-02-05T10:01:58","slug":"tevas-joseph-marie-verlinde-kai-uzdanga-plysta-ezoterikos-issukis-krikscionybei","status":"publish","type":"product","link":"https:\/\/skaitytaknyga.lt\/en\/produktas\/tevas-joseph-marie-verlinde-kai-uzdanga-plysta-ezoterikos-issukis-krikscionybei\/","title":{"rendered":"\u201eKai u\u017edanga ply\u0161ta. Ezoterikos i\u0161\u0161\u016bkis krik\u0161\u010dionybei\u201c"},"content":{"rendered":"<p>K\u0105 dengia slapt\u0173j\u0173 (ezoterini\u0173, hermetini\u0173, okultini\u0173&#8230;) mokym\u0173 u\u017edanga? Ar i\u0161 tikr\u0173j\u0173 j\u0173 sek\u0117jus (gnostikus, rozenkreicerius, masonus, teosofus&#8230;) su jud\u0117jais ir krik\u0161\u010dionimis jungia viena ir ta pati tradicija? Kaip laisvieji m\u016brininkai \u017evelgia \u012f krik\u0161\u010dionyb\u0119? Ar katalikas gali b\u016bti masonu? Ar tikrai Katalik\u0173 Ba\u017eny\u010dia yra pasmerkusi laisv\u0105j\u0105 m\u016brininkij\u0105?<\/p>\n<p>Rasti atsakymus \u012f \u0161iuos ir daugel\u012f kit\u0173 intriguojan\u010di\u0173 klausim\u0173 padeda kun. Juozapas Marija Verlendas (Joseph-Marie Verlinde), pa\u017e\u012fstantis ezoterik\u0105 ne tik i\u0161 knyg\u0173, bet ir savo asmenin\u0117s patirties.<\/p>\n<p>\u0160i knyga &#8211; tai liudijimo, ilg\u0173 analitini\u0173 studij\u0173 ir autoriaus dvasini\u0173 \u012f\u017evalg\u0173 vaisius. Joje tariamai lengvu stiliumi aptariamos \u012fvairios ezoterikos ir okultizmo formos, pateikiama \u0161altiniais paremta istorin\u0117-sistemin\u0117 j\u0173 analiz\u0117.<\/p>\n<p>\u017dakas Verlendas (Jacques Verlinde) gim\u0117 1947\u00a0m. Belgijoje. 1983\u00a0m. \u012f\u0161ventintas kunigu. 1991\u00a0m. dav\u0117 am\u017einuosius \u012f\u017eadus ir gavo brolio Juozapo Marijos vard\u0105 \u0160ventojo Juozapo \u0160eimos vienuolin\u0117je brolijoje. Filosofijos daktaras. D\u0117sto gamtos filosofij\u0105 Liono karali\u0161kajame universitete ir fundamentin\u0119 teologij\u0105 Arso seminarijoje. Daugelio knyg\u0173 ir straipsni\u0173 autorius.<\/p>\n<ul class=\"about-product d-none d-xl-block mt-4\">\n<li><strong>Autorius:<\/strong>\u00a0T\u0117vas Joseph-Marie Verlinde<\/li>\n<li><strong>Leid\u0117jas:<\/strong>\u00a0Katalik\u0173 pasaulio leidiniai<\/li>\n<li><strong>Metai:<\/strong>\u00a02007<\/li>\n<li><strong>Puslapiai:<\/strong>\u00a0272<\/li>\n<li><strong>ISBN:<\/strong>\u00a09789955290445<\/li>\n<li><strong>Versijos kodas:<\/strong>\u00a0PT.<\/li>\n<li><strong>Formatas:<\/strong>\u00a014 x 21,5 cm, mink\u0161ti vir\u0161eliai<\/li>\n<li><strong>Kalba:<\/strong>\u00a0Lietuvi\u0173<\/li>\n<li><strong>Vert\u0117jas:<\/strong>\u00a0Edita Janulevi\u010di\u016bt\u0117<\/li>\n<\/ul>\n","protected":false},"excerpt":{"rendered":"<p>K\u0105 dengia slapt\u0173j\u0173 (ezoterini\u0173, hermetini\u0173, okultini\u0173&#8230;) mokym\u0173 u\u017edanga? Ar i\u0161 tikr\u0173j\u0173 j\u0173 sek\u0117jus (gnostikus, rozenkreicerius, masonus, teosofus&#8230;) su jud\u0117jais ir krik\u0161\u010dionimis jungia viena ir ta pati tradicija? Kaip laisvieji m\u016brininkai \u017evelgia \u012f krik\u0161\u010dionyb\u0119? Ar katalikas gali b\u016bti masonu? Ar tikrai Katalik\u0173 Ba\u017eny\u010dia yra pasmerkusi laisv\u0105j\u0105 m\u016brininkij\u0105? Rasti atsakymus \u012f \u0161iuos ir daugel\u012f kit\u0173 intriguojan\u010di\u0173 klausim\u0173 padeda kun. Juozapas Marija Verlendas (Joseph-Marie Verlinde), pa\u017e\u012fstantis ezoterik\u0105 ne tik i\u0161 knyg\u0173, bet ir savo asmenin\u0117s patirties. \u0160i knyga &#8211; tai liudijimo, ilg\u0173 analitini\u0173 studij\u0173 ir autoriaus dvasini\u0173 \u012f\u017evalg\u0173 vaisius. Joje tariamai lengvu stiliumi aptariamos \u012fvairios ezoterikos ir okultizmo formos, pateikiama \u0161altiniais paremta istorin\u0117-sistemin\u0117 j\u0173 analiz\u0117. \u017dakas Verlendas (Jacques Verlinde) gim\u0117 1947\u00a0m. Belgijoje. 1983\u00a0m. \u012f\u0161ventintas kunigu. 1991\u00a0m. dav\u0117 am\u017einuosius \u012f\u017eadus ir gavo brolio Juozapo Marijos vard\u0105 \u0160ventojo Juozapo \u0160eimos vienuolin\u0117je brolijoje. Filosofijos daktaras. D\u0117sto gamtos filosofij\u0105 Liono karali\u0161kajame universitete ir fundamentin\u0119 teologij\u0105 Arso seminarijoje. Daugelio knyg\u0173 ir straipsni\u0173 autorius. Autorius:\u00a0T\u0117vas Joseph-Marie Verlinde Leid\u0117jas:\u00a0Katalik\u0173 pasaulio leidiniai Metai:\u00a02007 Puslapiai:\u00a0272 ISBN:\u00a09789955290445 Versijos kodas:\u00a0PT. Formatas:\u00a014 x 21,5 cm, mink\u0161ti vir\u0161eliai Kalba:\u00a0Lietuvi\u0173 Vert\u0117jas:\u00a0Edita Janulevi\u010di\u016bt\u0117<\/p>\n","protected":false},"featured_media":13461,"comment_status":"open","ping_status":"closed","template":"","meta":{"_acf_changed":false,"site-sidebar-layout":"default","site-content-layout":"","ast-site-content-layout":"default","site-content-style":"default","site-sidebar-style":"default","ast-global-header-display":"","ast-banner-title-visibility":"","ast-main-header-display":"","ast-hfb-above-header-display":"","ast-hfb-below-header-display":"","ast-hfb-mobile-header-display":"","site-post-title":"","ast-breadcrumbs-content":"","ast-featured-img":"","footer-sml-layout":"","ast-disable-related-posts":"","theme-transparent-header-meta":"default","adv-header-id-meta":"","stick-header-meta":"","header-above-stick-meta":"","header-main-stick-meta":"","header-below-stick-meta":"","astra-migrate-meta-layouts":"set","ast-page-background-enabled":"default","ast-page-background-meta":{"desktop":{"background-color":"","background-image":"","background-repeat":"repeat","background-position":"center center","background-size":"auto","background-attachment":"scroll","background-type":"","background-media":"","overlay-type":"","overlay-color":"","overlay-opacity":"","overlay-gradient":""},"tablet":{"background-color":"","background-image":"","background-repeat":"repeat","background-position":"center center","background-size":"auto","background-attachment":"scroll","background-type":"","background-media":"","overlay-type":"","overlay-color":"","overlay-opacity":"","overlay-gradient":""},"mobile":{"background-color":"","background-image":"","background-repeat":"repeat","background-position":"center center","background-size":"auto","background-attachment":"scroll","background-type":"","background-media":"","overlay-type":"","overlay-color":"","overlay-opacity":"","overlay-gradient":""}},"ast-content-background-meta":{"desktop":{"background-color":"var(--ast-global-color-4)","background-image":"","background-repeat":"repeat","background-position":"center center","background-size":"auto","background-attachment":"scroll","background-type":"","background-media":"","overlay-type":"","overlay-color":"","overlay-opacity":"","overlay-gradient":""},"tablet":{"background-color":"var(--ast-global-color-4)","background-image":"","background-repeat":"repeat","background-position":"center center","background-size":"auto","background-attachment":"scroll","background-type":"","background-media":"","overlay-type":"","overlay-color":"","overlay-opacity":"","overlay-gradient":""},"mobile":{"background-color":"var(--ast-global-color-4)","background-image":"","background-repeat":"repeat","background-position":"center center","background-size":"auto","background-attachment":"scroll","background-type":"","background-media":"","overlay-type":"","overlay-color":"","overlay-opacity":"","overlay-gradient":""}}},"product_brand":[],"product_cat":[165],"product_tag":[9425],"class_list":{"0":"post-13460","1":"product","2":"type-product","3":"status-publish","4":"has-post-thumbnail","6":"product_cat-religija-filosofija-ir-ezoterika","7":"product_tag-tevas-joseph-marie-verlinde","8":"desktop-align-left","9":"tablet-align-left","10":"mobile-align-left","12":"first","13":"instock","14":"shipping-taxable","15":"purchasable","16":"product-type-simple"},"acf":[],"yoast_head":"<!-- This site is optimized with the Yoast SEO plugin v27.0 - https:\/\/yoast.com\/product\/yoast-seo-wordpress\/ -->\n<title>\u201eKai u\u017edanga ply\u0161ta. Ezoterikos i\u0161\u0161\u016bkis krik\u0161\u010dionybei\u201c<\/title>\n<meta name=\"description\" content=\"K\u0105 dengia slapt\u0173j\u0173 (ezoterini\u0173, hermetini\u0173, okultini\u0173\u2026) mokym\u0173 u\u017edanga? Ar i\u0161 tikr\u0173j\u0173 j\u0173 sek\u0117jus (gnostikus, rozenkreicerius, masonus, teosofus\u2026) su jud\u0117jais ir krik\u0161\u010dionimis jungia viena ir ta pati tradicija?\" \/>\n<meta name=\"robots\" content=\"index, follow, max-snippet:-1, max-image-preview:large, max-video-preview:-1\" \/>\n<link rel=\"canonical\" href=\"https:\/\/skaitytaknyga.lt\/en\/produktas\/tevas-joseph-marie-verlinde-kai-uzdanga-plysta-ezoterikos-issukis-krikscionybei\/\" \/>\n<meta property=\"og:locale\" content=\"en_GB\" \/>\n<meta property=\"og:locale:alternate\" content=\"lt_LT\" \/>\n<meta property=\"og:type\" content=\"article\" \/>\n<meta property=\"og:title\" content=\"\u201eKai u\u017edanga ply\u0161ta. Ezoterikos i\u0161\u0161\u016bkis krik\u0161\u010dionybei\u201c\" \/>\n<meta property=\"og:description\" content=\"K\u0105 dengia slapt\u0173j\u0173 (ezoterini\u0173, hermetini\u0173, okultini\u0173\u2026) mokym\u0173 u\u017edanga? Ar i\u0161 tikr\u0173j\u0173 j\u0173 sek\u0117jus (gnostikus, rozenkreicerius, masonus, teosofus\u2026) su jud\u0117jais ir krik\u0161\u010dionimis jungia viena ir ta pati tradicija?\" \/>\n<meta property=\"og:url\" content=\"https:\/\/skaitytaknyga.lt\/en\/produktas\/tevas-joseph-marie-verlinde-kai-uzdanga-plysta-ezoterikos-issukis-krikscionybei\/\" \/>\n<meta property=\"og:site_name\" content=\"Skaitytaknyga\" \/>\n<meta property=\"article:publisher\" content=\"https:\/\/www.facebook.com\/skaitytaknyga\/\" \/>\n<meta property=\"article:modified_time\" content=\"2026-02-05T10:01:58+00:00\" \/>\n<meta property=\"og:image\" content=\"https:\/\/skaitytaknyga.lt\/wp-content\/uploads\/2024\/08\/1462876224_img10.webp\" \/>\n\t<meta property=\"og:image:width\" content=\"555\" \/>\n\t<meta property=\"og:image:height\" content=\"800\" \/>\n\t<meta property=\"og:image:type\" content=\"image\/webp\" \/>\n<meta name=\"twitter:card\" content=\"summary_large_image\" \/>\n<meta name=\"twitter:label1\" content=\"Estimated reading time\" \/>\n\t<meta name=\"twitter:data1\" content=\"2 minutes\" \/>\n<script type=\"application\/ld+json\" class=\"yoast-schema-graph\">{\"@context\":\"https:\/\/schema.org\",\"@graph\":[{\"@type\":\"WebPage\",\"@id\":\"https:\/\/skaitytaknyga.lt\/produktas\/tevas-joseph-marie-verlinde-kai-uzdanga-plysta-ezoterikos-issukis-krikscionybei\/\",\"url\":\"https:\/\/skaitytaknyga.lt\/produktas\/tevas-joseph-marie-verlinde-kai-uzdanga-plysta-ezoterikos-issukis-krikscionybei\/\",\"name\":\"\u201eKai u\u017edanga ply\u0161ta. Ezoterikos i\u0161\u0161\u016bkis krik\u0161\u010dionybei\u201c\",\"isPartOf\":{\"@id\":\"https:\/\/skaitytaknyga.lt\/#website\"},\"primaryImageOfPage\":{\"@id\":\"https:\/\/skaitytaknyga.lt\/produktas\/tevas-joseph-marie-verlinde-kai-uzdanga-plysta-ezoterikos-issukis-krikscionybei\/#primaryimage\"},\"image\":{\"@id\":\"https:\/\/skaitytaknyga.lt\/produktas\/tevas-joseph-marie-verlinde-kai-uzdanga-plysta-ezoterikos-issukis-krikscionybei\/#primaryimage\"},\"thumbnailUrl\":\"https:\/\/skaitytaknyga.lt\/wp-content\/uploads\/2024\/08\/1462876224_img10.webp\",\"datePublished\":\"2024-08-20T16:20:43+00:00\",\"dateModified\":\"2026-02-05T10:01:58+00:00\",\"description\":\"K\u0105 dengia slapt\u0173j\u0173 (ezoterini\u0173, hermetini\u0173, okultini\u0173\u2026) mokym\u0173 u\u017edanga? Ar i\u0161 tikr\u0173j\u0173 j\u0173 sek\u0117jus (gnostikus, rozenkreicerius, masonus, teosofus\u2026) su jud\u0117jais ir krik\u0161\u010dionimis jungia viena ir ta pati tradicija?\",\"breadcrumb\":{\"@id\":\"https:\/\/skaitytaknyga.lt\/produktas\/tevas-joseph-marie-verlinde-kai-uzdanga-plysta-ezoterikos-issukis-krikscionybei\/#breadcrumb\"},\"inLanguage\":\"en-GB\",\"potentialAction\":[{\"@type\":\"ReadAction\",\"target\":[\"https:\/\/skaitytaknyga.lt\/produktas\/tevas-joseph-marie-verlinde-kai-uzdanga-plysta-ezoterikos-issukis-krikscionybei\/\"]}]},{\"@type\":\"ImageObject\",\"inLanguage\":\"en-GB\",\"@id\":\"https:\/\/skaitytaknyga.lt\/produktas\/tevas-joseph-marie-verlinde-kai-uzdanga-plysta-ezoterikos-issukis-krikscionybei\/#primaryimage\",\"url\":\"https:\/\/skaitytaknyga.lt\/wp-content\/uploads\/2024\/08\/1462876224_img10.webp\",\"contentUrl\":\"https:\/\/skaitytaknyga.lt\/wp-content\/uploads\/2024\/08\/1462876224_img10.webp\",\"width\":555,\"height\":800,\"caption\":\"Kai u\u017edanga ply\u0161ta. Ezoterikos i\u0161\u0161\u016bkis krik\u0161\u010dionybeiT\u0117vas Joseph-Marie Verlinde\"},{\"@type\":\"BreadcrumbList\",\"@id\":\"https:\/\/skaitytaknyga.lt\/produktas\/tevas-joseph-marie-verlinde-kai-uzdanga-plysta-ezoterikos-issukis-krikscionybei\/#breadcrumb\",\"itemListElement\":[{\"@type\":\"ListItem\",\"position\":1,\"name\":\"Home\",\"item\":\"https:\/\/skaitytaknyga.lt\/\"},{\"@type\":\"ListItem\",\"position\":2,\"name\":\"Parduotuv\u0117\",\"item\":\"https:\/\/skaitytaknyga.lt\/knygu-parduotuve\/\"},{\"@type\":\"ListItem\",\"position\":3,\"name\":\"\u201eKai u\u017edanga ply\u0161ta. Ezoterikos i\u0161\u0161\u016bkis krik\u0161\u010dionybei\u201c\"}]},{\"@type\":\"WebSite\",\"@id\":\"https:\/\/skaitytaknyga.lt\/#website\",\"url\":\"https:\/\/skaitytaknyga.lt\/\",\"name\":\"skaitytaknyga.lt\",\"description\":\"Skaitytaknyga.lt \u2013 tai ma\u017eas \u0161eimos verslas, kuris prasid\u0117jo nuo meil\u0117s knygoms ir siekio i\u0161gelb\u0117ti knygas nuo likimo prie konteinerio. Kas vienam nereikalingas daiktas \u2013 kitam lobis, o mes esame tarpininkai, kurie padeda abiems tapti laimingesniems ???? \u017dinome kaip nelengva i\u0161gyventi ma\u017eiems verslams, tad nuo \u0161iol, \u010dia rasite ir kit\u0173, ma\u017e\u0173 \u0161eim\u0173 versl\u0173, rank\u0173 darbo, dovan\u0173 sau ir artimiesiems.\",\"publisher\":{\"@id\":\"https:\/\/skaitytaknyga.lt\/#organization\"},\"potentialAction\":[{\"@type\":\"SearchAction\",\"target\":{\"@type\":\"EntryPoint\",\"urlTemplate\":\"https:\/\/skaitytaknyga.lt\/?s={search_term_string}\"},\"query-input\":{\"@type\":\"PropertyValueSpecification\",\"valueRequired\":true,\"valueName\":\"search_term_string\"}}],\"inLanguage\":\"en-GB\"},{\"@type\":\"Organization\",\"@id\":\"https:\/\/skaitytaknyga.lt\/#organization\",\"name\":\"skaitytaknyga.lt\",\"url\":\"https:\/\/skaitytaknyga.lt\/\",\"logo\":{\"@type\":\"ImageObject\",\"inLanguage\":\"en-GB\",\"@id\":\"https:\/\/skaitytaknyga.lt\/#\/schema\/logo\/image\/\",\"url\":\"https:\/\/skaitytaknyga.lt\/wp-content\/uploads\/2024\/05\/cropped-cropped-cropped-02_00843_jt3bggkj1j3HLc7SyY6rEUpg.jpeg\",\"contentUrl\":\"https:\/\/skaitytaknyga.lt\/wp-content\/uploads\/2024\/05\/cropped-cropped-cropped-02_00843_jt3bggkj1j3HLc7SyY6rEUpg.jpeg\",\"width\":1600,\"height\":1600,\"caption\":\"skaitytaknyga.lt\"},\"image\":{\"@id\":\"https:\/\/skaitytaknyga.lt\/#\/schema\/logo\/image\/\"},\"sameAs\":[\"https:\/\/www.facebook.com\/skaitytaknyga\/\"]}]}<\/script>\n<!-- \/ Yoast SEO plugin. -->","yoast_head_json":{"title":"\u201eKai u\u017edanga ply\u0161ta. Ezoterikos i\u0161\u0161\u016bkis krik\u0161\u010dionybei\u201c","description":"K\u0105 dengia slapt\u0173j\u0173 (ezoterini\u0173, hermetini\u0173, okultini\u0173\u2026) mokym\u0173 u\u017edanga? Ar i\u0161 tikr\u0173j\u0173 j\u0173 sek\u0117jus (gnostikus, rozenkreicerius, masonus, teosofus\u2026) su jud\u0117jais ir krik\u0161\u010dionimis jungia viena ir ta pati tradicija?","robots":{"index":"index","follow":"follow","max-snippet":"max-snippet:-1","max-image-preview":"max-image-preview:large","max-video-preview":"max-video-preview:-1"},"canonical":"https:\/\/skaitytaknyga.lt\/en\/produktas\/tevas-joseph-marie-verlinde-kai-uzdanga-plysta-ezoterikos-issukis-krikscionybei\/","og_locale":"en_GB","og_type":"article","og_title":"[:lt]\u201eKai u\u017edanga ply\u0161ta. Ezoterikos i\u0161\u0161\u016bkis krik\u0161\u010dionybei\u201c[:] - Skaitytaknyga","og_description":"K\u0105 dengia slapt\u0173j\u0173 (ezoterini\u0173, hermetini\u0173, okultini\u0173\u2026) mokym\u0173 u\u017edanga? Ar i\u0161 tikr\u0173j\u0173 j\u0173 sek\u0117jus (gnostikus, rozenkreicerius, masonus, teosofus\u2026) su jud\u0117jais ir krik\u0161\u010dionimis jungia viena ir ta pati tradicija?","og_url":"https:\/\/skaitytaknyga.lt\/en\/produktas\/tevas-joseph-marie-verlinde-kai-uzdanga-plysta-ezoterikos-issukis-krikscionybei\/","og_site_name":"Skaitytaknyga","article_publisher":"https:\/\/www.facebook.com\/skaitytaknyga\/","article_modified_time":"2026-02-05T10:01:58+00:00","og_image":[{"width":555,"height":800,"url":"https:\/\/skaitytaknyga.lt\/wp-content\/uploads\/2024\/08\/1462876224_img10.webp","type":"image\/webp"}],"twitter_card":"summary_large_image","twitter_misc":{"Estimated reading time":"2 minutes"},"schema":{"@context":"https:\/\/schema.org","@graph":[{"@type":"WebPage","@id":"https:\/\/skaitytaknyga.lt\/produktas\/tevas-joseph-marie-verlinde-kai-uzdanga-plysta-ezoterikos-issukis-krikscionybei\/","url":"https:\/\/skaitytaknyga.lt\/produktas\/tevas-joseph-marie-verlinde-kai-uzdanga-plysta-ezoterikos-issukis-krikscionybei\/","name":"\u201eKai u\u017edanga ply\u0161ta. Ezoterikos i\u0161\u0161\u016bkis krik\u0161\u010dionybei\u201c","isPartOf":{"@id":"https:\/\/skaitytaknyga.lt\/#website"},"primaryImageOfPage":{"@id":"https:\/\/skaitytaknyga.lt\/produktas\/tevas-joseph-marie-verlinde-kai-uzdanga-plysta-ezoterikos-issukis-krikscionybei\/#primaryimage"},"image":{"@id":"https:\/\/skaitytaknyga.lt\/produktas\/tevas-joseph-marie-verlinde-kai-uzdanga-plysta-ezoterikos-issukis-krikscionybei\/#primaryimage"},"thumbnailUrl":"https:\/\/skaitytaknyga.lt\/wp-content\/uploads\/2024\/08\/1462876224_img10.webp","datePublished":"2024-08-20T16:20:43+00:00","dateModified":"2026-02-05T10:01:58+00:00","description":"K\u0105 dengia slapt\u0173j\u0173 (ezoterini\u0173, hermetini\u0173, okultini\u0173\u2026) mokym\u0173 u\u017edanga? Ar i\u0161 tikr\u0173j\u0173 j\u0173 sek\u0117jus (gnostikus, rozenkreicerius, masonus, teosofus\u2026) su jud\u0117jais ir krik\u0161\u010dionimis jungia viena ir ta pati tradicija?","breadcrumb":{"@id":"https:\/\/skaitytaknyga.lt\/produktas\/tevas-joseph-marie-verlinde-kai-uzdanga-plysta-ezoterikos-issukis-krikscionybei\/#breadcrumb"},"inLanguage":"en-GB","potentialAction":[{"@type":"ReadAction","target":["https:\/\/skaitytaknyga.lt\/produktas\/tevas-joseph-marie-verlinde-kai-uzdanga-plysta-ezoterikos-issukis-krikscionybei\/"]}]},{"@type":"ImageObject","inLanguage":"en-GB","@id":"https:\/\/skaitytaknyga.lt\/produktas\/tevas-joseph-marie-verlinde-kai-uzdanga-plysta-ezoterikos-issukis-krikscionybei\/#primaryimage","url":"https:\/\/skaitytaknyga.lt\/wp-content\/uploads\/2024\/08\/1462876224_img10.webp","contentUrl":"https:\/\/skaitytaknyga.lt\/wp-content\/uploads\/2024\/08\/1462876224_img10.webp","width":555,"height":800,"caption":"Kai u\u017edanga ply\u0161ta. Ezoterikos i\u0161\u0161\u016bkis krik\u0161\u010dionybeiT\u0117vas Joseph-Marie Verlinde"},{"@type":"BreadcrumbList","@id":"https:\/\/skaitytaknyga.lt\/produktas\/tevas-joseph-marie-verlinde-kai-uzdanga-plysta-ezoterikos-issukis-krikscionybei\/#breadcrumb","itemListElement":[{"@type":"ListItem","position":1,"name":"Home","item":"https:\/\/skaitytaknyga.lt\/"},{"@type":"ListItem","position":2,"name":"Parduotuv\u0117","item":"https:\/\/skaitytaknyga.lt\/knygu-parduotuve\/"},{"@type":"ListItem","position":3,"name":"\u201eKai u\u017edanga ply\u0161ta. Ezoterikos i\u0161\u0161\u016bkis krik\u0161\u010dionybei\u201c"}]},{"@type":"WebSite","@id":"https:\/\/skaitytaknyga.lt\/#website","url":"https:\/\/skaitytaknyga.lt\/","name":"skaitytaknyga.lt","description":"Skaitytaknyga.lt \u2013 tai ma\u017eas \u0161eimos verslas, kuris prasid\u0117jo nuo meil\u0117s knygoms ir siekio i\u0161gelb\u0117ti knygas nuo likimo prie konteinerio. Kas vienam nereikalingas daiktas \u2013 kitam lobis, o mes esame tarpininkai, kurie padeda abiems tapti laimingesniems ???? \u017dinome kaip nelengva i\u0161gyventi ma\u017eiems verslams, tad nuo \u0161iol, \u010dia rasite ir kit\u0173, ma\u017e\u0173 \u0161eim\u0173 versl\u0173, rank\u0173 darbo, dovan\u0173 sau ir artimiesiems.","publisher":{"@id":"https:\/\/skaitytaknyga.lt\/#organization"},"potentialAction":[{"@type":"SearchAction","target":{"@type":"EntryPoint","urlTemplate":"https:\/\/skaitytaknyga.lt\/?s={search_term_string}"},"query-input":{"@type":"PropertyValueSpecification","valueRequired":true,"valueName":"search_term_string"}}],"inLanguage":"en-GB"},{"@type":"Organization","@id":"https:\/\/skaitytaknyga.lt\/#organization","name":"skaitytaknyga.lt","url":"https:\/\/skaitytaknyga.lt\/","logo":{"@type":"ImageObject","inLanguage":"en-GB","@id":"https:\/\/skaitytaknyga.lt\/#\/schema\/logo\/image\/","url":"https:\/\/skaitytaknyga.lt\/wp-content\/uploads\/2024\/05\/cropped-cropped-cropped-02_00843_jt3bggkj1j3HLc7SyY6rEUpg.jpeg","contentUrl":"https:\/\/skaitytaknyga.lt\/wp-content\/uploads\/2024\/05\/cropped-cropped-cropped-02_00843_jt3bggkj1j3HLc7SyY6rEUpg.jpeg","width":1600,"height":1600,"caption":"skaitytaknyga.lt"},"image":{"@id":"https:\/\/skaitytaknyga.lt\/#\/schema\/logo\/image\/"},"sameAs":["https:\/\/www.facebook.com\/skaitytaknyga\/"]}]}},"_links":{"self":[{"href":"https:\/\/skaitytaknyga.lt\/en\/wp-json\/wp\/v2\/product\/13460","targetHints":{"allow":["GET"]}}],"collection":[{"href":"https:\/\/skaitytaknyga.lt\/en\/wp-json\/wp\/v2\/product"}],"about":[{"href":"https:\/\/skaitytaknyga.lt\/en\/wp-json\/wp\/v2\/types\/product"}],"replies":[{"embeddable":true,"href":"https:\/\/skaitytaknyga.lt\/en\/wp-json\/wp\/v2\/comments?post=13460"}],"wp:featuredmedia":[{"embeddable":true,"href":"https:\/\/skaitytaknyga.lt\/en\/wp-json\/wp\/v2\/media\/13461"}],"wp:attachment":[{"href":"https:\/\/skaitytaknyga.lt\/en\/wp-json\/wp\/v2\/media?parent=13460"}],"wp:term":[{"taxonomy":"product_brand","embeddable":true,"href":"https:\/\/skaitytaknyga.lt\/en\/wp-json\/wp\/v2\/product_brand?post=13460"},{"taxonomy":"product_cat","embeddable":true,"href":"https:\/\/skaitytaknyga.lt\/en\/wp-json\/wp\/v2\/product_cat?post=13460"},{"taxonomy":"product_tag","embeddable":true,"href":"https:\/\/skaitytaknyga.lt\/en\/wp-json\/wp\/v2\/product_tag?post=13460"}],"curies":[{"name":"wp","href":"https:\/\/api.w.org\/{rel}","templated":true}]}}