{"id":13454,"date":"2024-08-20T19:09:16","date_gmt":"2024-08-20T16:09:16","guid":{"rendered":"https:\/\/skaitytaknyga.lt\/?post_type=product&#038;p=13454"},"modified":"2025-03-28T22:55:45","modified_gmt":"2025-03-28T20:55:45","slug":"hellmut-benesch-psichologijos-atlasas-ii-tomas-2","status":"publish","type":"product","link":"https:\/\/skaitytaknyga.lt\/en\/produktas\/hellmut-benesch-psichologijos-atlasas-ii-tomas-2\/","title":{"rendered":"Ronald Rolheiser \u201eDvasingumo paie\u0161kos\u201c"},"content":{"rendered":"<p>\u0160ioje knygoje\u00a0<strong>Ronaldas Rolheiseris<\/strong>\u00a0ai\u0161kinasi, kas yra dvasingumas. Autorius pabr\u0117\u017eia, kad da\u017enai dvasingum\u0105 siejame su neteisingais dalykais, ir pateikia i\u0161 pirmo \u017evilgsnio netik\u0117t\u0105 apibr\u0117\u017eim\u0105: dvasingumas yra gilus, niekada ramyb\u0117je m\u016bs\u0173 nepaliekantis tro\u0161kimas. Nuo to, \u012f k\u0105 nukreipti m\u016bs\u0173 tro\u0161kimai, priklauso, ar m\u016bs\u0173 dvasingumas yra sveikas.<\/p>\n<p>Knygoje i\u0161samiai aptariama, kas yra krik\u0161\u010dioni\u0161kasis dvasingumas ir kaip paversti j\u012f integralia savo gyvenimo dalimi. Pristatomos nediskutuotinos pamatin\u0117s krik\u0161\u010dioni\u0161kojo dvasingumo vertyb\u0117s, nagrin\u0117jama, koki\u0105 \u012ftak\u0105 dvasingumas daro kiekvienai m\u016bs\u0173 gyvenimo sri\u010diai. \u012etikimai parodoma, kokie liekame pasimet\u0119 ir apnikti abejoni\u0173, jei i\u0161 savo pasaulio i\u0161stumiame Diev\u0105 ir Ba\u017eny\u010di\u0105.<\/p>\n<ul class=\"about-product d-none d-xl-block mt-4\">\n<li><strong>Originalus pavadinimas:<\/strong>\u00a0Seeking Spirituality<\/li>\n<li><strong>Autorius:<\/strong>\u00a0Ronald Rolheiser<\/li>\n<li><strong>Leid\u0117jas:<\/strong>\u00a0Katalik\u0173 pasaulio leidiniai<\/li>\n<li><strong>Metai:<\/strong>\u00a02017<\/li>\n<li><strong>Puslapiai:<\/strong>\u00a0296<\/li>\n<li><strong>ISBN:<\/strong>\u00a09789955293620<\/li>\n<li><strong>Formatas:<\/strong>\u00a014 x 21 x 2 cm, mink\u0161ti vir\u0161eliai<\/li>\n<li><strong>Kalba:<\/strong>\u00a0Lietuvi\u0173<\/li>\n<li><strong>Vert\u0117jas:<\/strong>\u00a0Asta Eligija Leskauskait\u0117<\/li>\n<\/ul>\n","protected":false},"excerpt":{"rendered":"<p>\u0160ioje knygoje\u00a0Ronaldas Rolheiseris\u00a0ai\u0161kinasi, kas yra dvasingumas. Autorius pabr\u0117\u017eia, kad da\u017enai dvasingum\u0105 siejame su neteisingais dalykais, ir pateikia i\u0161 pirmo \u017evilgsnio netik\u0117t\u0105 apibr\u0117\u017eim\u0105: dvasingumas yra gilus, niekada ramyb\u0117je m\u016bs\u0173 nepaliekantis tro\u0161kimas. Nuo to, \u012f k\u0105 nukreipti m\u016bs\u0173 tro\u0161kimai, priklauso, ar m\u016bs\u0173 dvasingumas yra sveikas. Knygoje i\u0161samiai aptariama, kas yra krik\u0161\u010dioni\u0161kasis dvasingumas ir kaip paversti j\u012f integralia savo gyvenimo dalimi. Pristatomos nediskutuotinos pamatin\u0117s krik\u0161\u010dioni\u0161kojo dvasingumo vertyb\u0117s, nagrin\u0117jama, koki\u0105 \u012ftak\u0105 dvasingumas daro kiekvienai m\u016bs\u0173 gyvenimo sri\u010diai. \u012etikimai parodoma, kokie liekame pasimet\u0119 ir apnikti abejoni\u0173, jei i\u0161 savo pasaulio i\u0161stumiame Diev\u0105 ir Ba\u017eny\u010di\u0105. Originalus pavadinimas:\u00a0Seeking Spirituality Autorius:\u00a0Ronald Rolheiser Leid\u0117jas:\u00a0Katalik\u0173 pasaulio leidiniai Metai:\u00a02017 Puslapiai:\u00a0296 ISBN:\u00a09789955293620 Formatas:\u00a014 x 21 x 2 cm, mink\u0161ti vir\u0161eliai Kalba:\u00a0Lietuvi\u0173 Vert\u0117jas:\u00a0Asta Eligija Leskauskait\u0117<\/p>\n","protected":false},"featured_media":13455,"comment_status":"open","ping_status":"closed","template":"","meta":{"_acf_changed":false,"site-sidebar-layout":"default","site-content-layout":"","ast-site-content-layout":"default","site-content-style":"default","site-sidebar-style":"default","ast-global-header-display":"","ast-banner-title-visibility":"","ast-main-header-display":"","ast-hfb-above-header-display":"","ast-hfb-below-header-display":"","ast-hfb-mobile-header-display":"","site-post-title":"","ast-breadcrumbs-content":"","ast-featured-img":"","footer-sml-layout":"","ast-disable-related-posts":"","theme-transparent-header-meta":"default","adv-header-id-meta":"","stick-header-meta":"","header-above-stick-meta":"","header-main-stick-meta":"","header-below-stick-meta":"","astra-migrate-meta-layouts":"set","ast-page-background-enabled":"default","ast-page-background-meta":{"desktop":{"background-color":"","background-image":"","background-repeat":"repeat","background-position":"center center","background-size":"auto","background-attachment":"scroll","background-type":"","background-media":"","overlay-type":"","overlay-color":"","overlay-opacity":"","overlay-gradient":""},"tablet":{"background-color":"","background-image":"","background-repeat":"repeat","background-position":"center center","background-size":"auto","background-attachment":"scroll","background-type":"","background-media":"","overlay-type":"","overlay-color":"","overlay-opacity":"","overlay-gradient":""},"mobile":{"background-color":"","background-image":"","background-repeat":"repeat","background-position":"center center","background-size":"auto","background-attachment":"scroll","background-type":"","background-media":"","overlay-type":"","overlay-color":"","overlay-opacity":"","overlay-gradient":""}},"ast-content-background-meta":{"desktop":{"background-color":"var(--ast-global-color-4)","background-image":"","background-repeat":"repeat","background-position":"center center","background-size":"auto","background-attachment":"scroll","background-type":"","background-media":"","overlay-type":"","overlay-color":"","overlay-opacity":"","overlay-gradient":""},"tablet":{"background-color":"var(--ast-global-color-4)","background-image":"","background-repeat":"repeat","background-position":"center center","background-size":"auto","background-attachment":"scroll","background-type":"","background-media":"","overlay-type":"","overlay-color":"","overlay-opacity":"","overlay-gradient":""},"mobile":{"background-color":"var(--ast-global-color-4)","background-image":"","background-repeat":"repeat","background-position":"center center","background-size":"auto","background-attachment":"scroll","background-type":"","background-media":"","overlay-type":"","overlay-color":"","overlay-opacity":"","overlay-gradient":""}}},"product_brand":[],"product_cat":[165],"product_tag":[],"class_list":{"0":"post-13454","1":"product","2":"type-product","3":"status-publish","4":"has-post-thumbnail","6":"product_cat-religija-filosofija-ir-ezoterika","7":"desktop-align-left","8":"tablet-align-left","9":"mobile-align-left","11":"first","12":"outofstock","13":"shipping-taxable","14":"purchasable","15":"product-type-simple"},"acf":[],"yoast_head":"<!-- This site is optimized with the Yoast SEO plugin v27.0 - https:\/\/yoast.com\/product\/yoast-seo-wordpress\/ -->\n<title>Ronald Rolheiser \u201eDvasingumo paie\u0161kos\u201c<\/title>\n<meta name=\"description\" content=\"Knygoje i\u0161samiai aptariama, kas yra krik\u0161\u010dioni\u0161kasis dvasingumas ir kaip paversti j\u012f integralia savo gyvenimo dalimi. Pristatomos nediskutuotinos pamatin\u0117s krik\u0161\u010dioni\u0161kojo dvasingumo vertyb\u0117s.\" \/>\n<meta name=\"robots\" content=\"index, follow, max-snippet:-1, max-image-preview:large, max-video-preview:-1\" \/>\n<link rel=\"canonical\" href=\"https:\/\/skaitytaknyga.lt\/en\/produktas\/hellmut-benesch-psichologijos-atlasas-ii-tomas-2\/\" \/>\n<meta property=\"og:locale\" content=\"en_GB\" \/>\n<meta property=\"og:locale:alternate\" content=\"lt_LT\" \/>\n<meta property=\"og:type\" content=\"article\" \/>\n<meta property=\"og:title\" content=\"Ronald Rolheiser \u201eDvasingumo paie\u0161kos\u201c\" \/>\n<meta property=\"og:description\" content=\"Knygoje i\u0161samiai aptariama, kas yra krik\u0161\u010dioni\u0161kasis dvasingumas ir kaip paversti j\u012f integralia savo gyvenimo dalimi. Pristatomos nediskutuotinos pamatin\u0117s krik\u0161\u010dioni\u0161kojo dvasingumo vertyb\u0117s.\" \/>\n<meta property=\"og:url\" content=\"https:\/\/skaitytaknyga.lt\/en\/produktas\/hellmut-benesch-psichologijos-atlasas-ii-tomas-2\/\" \/>\n<meta property=\"og:site_name\" content=\"Skaitytaknyga\" \/>\n<meta property=\"article:publisher\" content=\"https:\/\/www.facebook.com\/skaitytaknyga\/\" \/>\n<meta property=\"article:modified_time\" content=\"2025-03-28T20:55:45+00:00\" \/>\n<meta property=\"og:image\" content=\"https:\/\/skaitytaknyga.lt\/wp-content\/uploads\/2024\/08\/1513859035_000000000002174892-5a3a699912416-asset-knyguklubas-dvasingumo-paieskos-600s.webp\" \/>\n\t<meta property=\"og:image:width\" content=\"534\" \/>\n\t<meta property=\"og:image:height\" content=\"800\" \/>\n\t<meta property=\"og:image:type\" content=\"image\/webp\" \/>\n<meta name=\"twitter:card\" content=\"summary_large_image\" \/>\n<meta name=\"twitter:label1\" content=\"Estimated reading time\" \/>\n\t<meta name=\"twitter:data1\" content=\"1 minute\" \/>\n<script type=\"application\/ld+json\" class=\"yoast-schema-graph\">{\"@context\":\"https:\/\/schema.org\",\"@graph\":[{\"@type\":\"WebPage\",\"@id\":\"https:\/\/skaitytaknyga.lt\/produktas\/hellmut-benesch-psichologijos-atlasas-ii-tomas-2\/\",\"url\":\"https:\/\/skaitytaknyga.lt\/produktas\/hellmut-benesch-psichologijos-atlasas-ii-tomas-2\/\",\"name\":\"Ronald Rolheiser \u201eDvasingumo paie\u0161kos\u201c\",\"isPartOf\":{\"@id\":\"https:\/\/skaitytaknyga.lt\/#website\"},\"primaryImageOfPage\":{\"@id\":\"https:\/\/skaitytaknyga.lt\/produktas\/hellmut-benesch-psichologijos-atlasas-ii-tomas-2\/#primaryimage\"},\"image\":{\"@id\":\"https:\/\/skaitytaknyga.lt\/produktas\/hellmut-benesch-psichologijos-atlasas-ii-tomas-2\/#primaryimage\"},\"thumbnailUrl\":\"https:\/\/skaitytaknyga.lt\/wp-content\/uploads\/2024\/08\/1513859035_000000000002174892-5a3a699912416-asset-knyguklubas-dvasingumo-paieskos-600s.webp\",\"datePublished\":\"2024-08-20T16:09:16+00:00\",\"dateModified\":\"2025-03-28T20:55:45+00:00\",\"description\":\"Knygoje i\u0161samiai aptariama, kas yra krik\u0161\u010dioni\u0161kasis dvasingumas ir kaip paversti j\u012f integralia savo gyvenimo dalimi. Pristatomos nediskutuotinos pamatin\u0117s krik\u0161\u010dioni\u0161kojo dvasingumo vertyb\u0117s.\",\"breadcrumb\":{\"@id\":\"https:\/\/skaitytaknyga.lt\/produktas\/hellmut-benesch-psichologijos-atlasas-ii-tomas-2\/#breadcrumb\"},\"inLanguage\":\"en-GB\",\"potentialAction\":[{\"@type\":\"ReadAction\",\"target\":[\"https:\/\/skaitytaknyga.lt\/produktas\/hellmut-benesch-psichologijos-atlasas-ii-tomas-2\/\"]}]},{\"@type\":\"ImageObject\",\"inLanguage\":\"en-GB\",\"@id\":\"https:\/\/skaitytaknyga.lt\/produktas\/hellmut-benesch-psichologijos-atlasas-ii-tomas-2\/#primaryimage\",\"url\":\"https:\/\/skaitytaknyga.lt\/wp-content\/uploads\/2024\/08\/1513859035_000000000002174892-5a3a699912416-asset-knyguklubas-dvasingumo-paieskos-600s.webp\",\"contentUrl\":\"https:\/\/skaitytaknyga.lt\/wp-content\/uploads\/2024\/08\/1513859035_000000000002174892-5a3a699912416-asset-knyguklubas-dvasingumo-paieskos-600s.webp\",\"width\":534,\"height\":800,\"caption\":\"Dvasingumo paie\u0161kos\"},{\"@type\":\"BreadcrumbList\",\"@id\":\"https:\/\/skaitytaknyga.lt\/produktas\/hellmut-benesch-psichologijos-atlasas-ii-tomas-2\/#breadcrumb\",\"itemListElement\":[{\"@type\":\"ListItem\",\"position\":1,\"name\":\"Home\",\"item\":\"https:\/\/skaitytaknyga.lt\/\"},{\"@type\":\"ListItem\",\"position\":2,\"name\":\"Parduotuv\u0117\",\"item\":\"https:\/\/skaitytaknyga.lt\/knygu-parduotuve\/\"},{\"@type\":\"ListItem\",\"position\":3,\"name\":\"Ronald Rolheiser \u201eDvasingumo paie\u0161kos\u201c\"}]},{\"@type\":\"WebSite\",\"@id\":\"https:\/\/skaitytaknyga.lt\/#website\",\"url\":\"https:\/\/skaitytaknyga.lt\/\",\"name\":\"skaitytaknyga.lt\",\"description\":\"Skaitytaknyga.lt \u2013 tai ma\u017eas \u0161eimos verslas, kuris prasid\u0117jo nuo meil\u0117s knygoms ir siekio i\u0161gelb\u0117ti knygas nuo likimo prie konteinerio. Kas vienam nereikalingas daiktas \u2013 kitam lobis, o mes esame tarpininkai, kurie padeda abiems tapti laimingesniems ???? \u017dinome kaip nelengva i\u0161gyventi ma\u017eiems verslams, tad nuo \u0161iol, \u010dia rasite ir kit\u0173, ma\u017e\u0173 \u0161eim\u0173 versl\u0173, rank\u0173 darbo, dovan\u0173 sau ir artimiesiems.\",\"publisher\":{\"@id\":\"https:\/\/skaitytaknyga.lt\/#organization\"},\"potentialAction\":[{\"@type\":\"SearchAction\",\"target\":{\"@type\":\"EntryPoint\",\"urlTemplate\":\"https:\/\/skaitytaknyga.lt\/?s={search_term_string}\"},\"query-input\":{\"@type\":\"PropertyValueSpecification\",\"valueRequired\":true,\"valueName\":\"search_term_string\"}}],\"inLanguage\":\"en-GB\"},{\"@type\":\"Organization\",\"@id\":\"https:\/\/skaitytaknyga.lt\/#organization\",\"name\":\"skaitytaknyga.lt\",\"url\":\"https:\/\/skaitytaknyga.lt\/\",\"logo\":{\"@type\":\"ImageObject\",\"inLanguage\":\"en-GB\",\"@id\":\"https:\/\/skaitytaknyga.lt\/#\/schema\/logo\/image\/\",\"url\":\"https:\/\/skaitytaknyga.lt\/wp-content\/uploads\/2024\/05\/cropped-cropped-cropped-02_00843_jt3bggkj1j3HLc7SyY6rEUpg.jpeg\",\"contentUrl\":\"https:\/\/skaitytaknyga.lt\/wp-content\/uploads\/2024\/05\/cropped-cropped-cropped-02_00843_jt3bggkj1j3HLc7SyY6rEUpg.jpeg\",\"width\":1600,\"height\":1600,\"caption\":\"skaitytaknyga.lt\"},\"image\":{\"@id\":\"https:\/\/skaitytaknyga.lt\/#\/schema\/logo\/image\/\"},\"sameAs\":[\"https:\/\/www.facebook.com\/skaitytaknyga\/\"]}]}<\/script>\n<!-- \/ Yoast SEO plugin. -->","yoast_head_json":{"title":"Ronald Rolheiser \u201eDvasingumo paie\u0161kos\u201c","description":"Knygoje i\u0161samiai aptariama, kas yra krik\u0161\u010dioni\u0161kasis dvasingumas ir kaip paversti j\u012f integralia savo gyvenimo dalimi. Pristatomos nediskutuotinos pamatin\u0117s krik\u0161\u010dioni\u0161kojo dvasingumo vertyb\u0117s.","robots":{"index":"index","follow":"follow","max-snippet":"max-snippet:-1","max-image-preview":"max-image-preview:large","max-video-preview":"max-video-preview:-1"},"canonical":"https:\/\/skaitytaknyga.lt\/en\/produktas\/hellmut-benesch-psichologijos-atlasas-ii-tomas-2\/","og_locale":"en_GB","og_type":"article","og_title":"[:lt]Ronald Rolheiser \u201eDvasingumo paie\u0161kos\u201c[:] - Skaitytaknyga","og_description":"Knygoje i\u0161samiai aptariama, kas yra krik\u0161\u010dioni\u0161kasis dvasingumas ir kaip paversti j\u012f integralia savo gyvenimo dalimi. Pristatomos nediskutuotinos pamatin\u0117s krik\u0161\u010dioni\u0161kojo dvasingumo vertyb\u0117s.","og_url":"https:\/\/skaitytaknyga.lt\/en\/produktas\/hellmut-benesch-psichologijos-atlasas-ii-tomas-2\/","og_site_name":"Skaitytaknyga","article_publisher":"https:\/\/www.facebook.com\/skaitytaknyga\/","article_modified_time":"2025-03-28T20:55:45+00:00","og_image":[{"width":534,"height":800,"url":"https:\/\/skaitytaknyga.lt\/wp-content\/uploads\/2024\/08\/1513859035_000000000002174892-5a3a699912416-asset-knyguklubas-dvasingumo-paieskos-600s.webp","type":"image\/webp"}],"twitter_card":"summary_large_image","twitter_misc":{"Estimated reading time":"1 minute"},"schema":{"@context":"https:\/\/schema.org","@graph":[{"@type":"WebPage","@id":"https:\/\/skaitytaknyga.lt\/produktas\/hellmut-benesch-psichologijos-atlasas-ii-tomas-2\/","url":"https:\/\/skaitytaknyga.lt\/produktas\/hellmut-benesch-psichologijos-atlasas-ii-tomas-2\/","name":"Ronald Rolheiser \u201eDvasingumo paie\u0161kos\u201c","isPartOf":{"@id":"https:\/\/skaitytaknyga.lt\/#website"},"primaryImageOfPage":{"@id":"https:\/\/skaitytaknyga.lt\/produktas\/hellmut-benesch-psichologijos-atlasas-ii-tomas-2\/#primaryimage"},"image":{"@id":"https:\/\/skaitytaknyga.lt\/produktas\/hellmut-benesch-psichologijos-atlasas-ii-tomas-2\/#primaryimage"},"thumbnailUrl":"https:\/\/skaitytaknyga.lt\/wp-content\/uploads\/2024\/08\/1513859035_000000000002174892-5a3a699912416-asset-knyguklubas-dvasingumo-paieskos-600s.webp","datePublished":"2024-08-20T16:09:16+00:00","dateModified":"2025-03-28T20:55:45+00:00","description":"Knygoje i\u0161samiai aptariama, kas yra krik\u0161\u010dioni\u0161kasis dvasingumas ir kaip paversti j\u012f integralia savo gyvenimo dalimi. Pristatomos nediskutuotinos pamatin\u0117s krik\u0161\u010dioni\u0161kojo dvasingumo vertyb\u0117s.","breadcrumb":{"@id":"https:\/\/skaitytaknyga.lt\/produktas\/hellmut-benesch-psichologijos-atlasas-ii-tomas-2\/#breadcrumb"},"inLanguage":"en-GB","potentialAction":[{"@type":"ReadAction","target":["https:\/\/skaitytaknyga.lt\/produktas\/hellmut-benesch-psichologijos-atlasas-ii-tomas-2\/"]}]},{"@type":"ImageObject","inLanguage":"en-GB","@id":"https:\/\/skaitytaknyga.lt\/produktas\/hellmut-benesch-psichologijos-atlasas-ii-tomas-2\/#primaryimage","url":"https:\/\/skaitytaknyga.lt\/wp-content\/uploads\/2024\/08\/1513859035_000000000002174892-5a3a699912416-asset-knyguklubas-dvasingumo-paieskos-600s.webp","contentUrl":"https:\/\/skaitytaknyga.lt\/wp-content\/uploads\/2024\/08\/1513859035_000000000002174892-5a3a699912416-asset-knyguklubas-dvasingumo-paieskos-600s.webp","width":534,"height":800,"caption":"Dvasingumo paie\u0161kos"},{"@type":"BreadcrumbList","@id":"https:\/\/skaitytaknyga.lt\/produktas\/hellmut-benesch-psichologijos-atlasas-ii-tomas-2\/#breadcrumb","itemListElement":[{"@type":"ListItem","position":1,"name":"Home","item":"https:\/\/skaitytaknyga.lt\/"},{"@type":"ListItem","position":2,"name":"Parduotuv\u0117","item":"https:\/\/skaitytaknyga.lt\/knygu-parduotuve\/"},{"@type":"ListItem","position":3,"name":"Ronald Rolheiser \u201eDvasingumo paie\u0161kos\u201c"}]},{"@type":"WebSite","@id":"https:\/\/skaitytaknyga.lt\/#website","url":"https:\/\/skaitytaknyga.lt\/","name":"skaitytaknyga.lt","description":"Skaitytaknyga.lt \u2013 tai ma\u017eas \u0161eimos verslas, kuris prasid\u0117jo nuo meil\u0117s knygoms ir siekio i\u0161gelb\u0117ti knygas nuo likimo prie konteinerio. Kas vienam nereikalingas daiktas \u2013 kitam lobis, o mes esame tarpininkai, kurie padeda abiems tapti laimingesniems ???? \u017dinome kaip nelengva i\u0161gyventi ma\u017eiems verslams, tad nuo \u0161iol, \u010dia rasite ir kit\u0173, ma\u017e\u0173 \u0161eim\u0173 versl\u0173, rank\u0173 darbo, dovan\u0173 sau ir artimiesiems.","publisher":{"@id":"https:\/\/skaitytaknyga.lt\/#organization"},"potentialAction":[{"@type":"SearchAction","target":{"@type":"EntryPoint","urlTemplate":"https:\/\/skaitytaknyga.lt\/?s={search_term_string}"},"query-input":{"@type":"PropertyValueSpecification","valueRequired":true,"valueName":"search_term_string"}}],"inLanguage":"en-GB"},{"@type":"Organization","@id":"https:\/\/skaitytaknyga.lt\/#organization","name":"skaitytaknyga.lt","url":"https:\/\/skaitytaknyga.lt\/","logo":{"@type":"ImageObject","inLanguage":"en-GB","@id":"https:\/\/skaitytaknyga.lt\/#\/schema\/logo\/image\/","url":"https:\/\/skaitytaknyga.lt\/wp-content\/uploads\/2024\/05\/cropped-cropped-cropped-02_00843_jt3bggkj1j3HLc7SyY6rEUpg.jpeg","contentUrl":"https:\/\/skaitytaknyga.lt\/wp-content\/uploads\/2024\/05\/cropped-cropped-cropped-02_00843_jt3bggkj1j3HLc7SyY6rEUpg.jpeg","width":1600,"height":1600,"caption":"skaitytaknyga.lt"},"image":{"@id":"https:\/\/skaitytaknyga.lt\/#\/schema\/logo\/image\/"},"sameAs":["https:\/\/www.facebook.com\/skaitytaknyga\/"]}]}},"_links":{"self":[{"href":"https:\/\/skaitytaknyga.lt\/en\/wp-json\/wp\/v2\/product\/13454","targetHints":{"allow":["GET"]}}],"collection":[{"href":"https:\/\/skaitytaknyga.lt\/en\/wp-json\/wp\/v2\/product"}],"about":[{"href":"https:\/\/skaitytaknyga.lt\/en\/wp-json\/wp\/v2\/types\/product"}],"replies":[{"embeddable":true,"href":"https:\/\/skaitytaknyga.lt\/en\/wp-json\/wp\/v2\/comments?post=13454"}],"wp:featuredmedia":[{"embeddable":true,"href":"https:\/\/skaitytaknyga.lt\/en\/wp-json\/wp\/v2\/media\/13455"}],"wp:attachment":[{"href":"https:\/\/skaitytaknyga.lt\/en\/wp-json\/wp\/v2\/media?parent=13454"}],"wp:term":[{"taxonomy":"product_brand","embeddable":true,"href":"https:\/\/skaitytaknyga.lt\/en\/wp-json\/wp\/v2\/product_brand?post=13454"},{"taxonomy":"product_cat","embeddable":true,"href":"https:\/\/skaitytaknyga.lt\/en\/wp-json\/wp\/v2\/product_cat?post=13454"},{"taxonomy":"product_tag","embeddable":true,"href":"https:\/\/skaitytaknyga.lt\/en\/wp-json\/wp\/v2\/product_tag?post=13454"}],"curies":[{"name":"wp","href":"https:\/\/api.w.org\/{rel}","templated":true}]}}