{"id":13450,"date":"2024-08-20T19:05:28","date_gmt":"2024-08-20T16:05:28","guid":{"rendered":"https:\/\/skaitytaknyga.lt\/?post_type=product&#038;p=13450"},"modified":"2025-05-19T11:02:58","modified_gmt":"2025-05-19T08:02:58","slug":"xiaolan-zhao-menulio-atspindys-vandenyje-2","status":"publish","type":"product","link":"https:\/\/skaitytaknyga.lt\/en\/produktas\/xiaolan-zhao-menulio-atspindys-vandenyje-2\/","title":{"rendered":"Psichologijos atlasas. I tomas"},"content":{"rendered":"<p>Su psichologijos problemomis nuolatos susiduria kiekvienas \u2013 nuo ma\u017eo iki seno. Jos ypa\u010d aktualios m\u016bs\u0173 laikais, kai d\u0117l alinan\u010dio gyvenimo tempo, labai i\u0161sipl\u0117tojusio, vis didesnes \u017emoni\u0173 grupes ir bendruomenes apiman\u010dio tarpusavio bendravimo dvasiniai negalavimai, psichikos sutrikimai darosi da\u017enesni net u\u017e k\u016bno ligas.<\/p>\n<p>Tod\u0117l nuolat did\u0117ja ir psichologijos \u2013 mokslo apie siel\u0105 \u2013 aktualumas.<\/p>\n<p>Dviej\u0173 tom\u0173 \u201ePsichologijos atlase\u201c (i\u0161verstas i\u0161 vokie\u010di\u0173 k.) glaustai, bet nuosekliai ir sistemi\u0161kai i\u0161d\u0117stytos svarbiausios \u017einios apie \u017emogaus psichik\u0105 \u2013 jo i\u0161gyvenimus, m\u0105stym\u0105, elges\u012f, bendravim\u0105 su kitais \u017emon\u0117mis.<\/p>\n<p>Pus\u0117 atlaso apimties skirta tekstui, antra pus\u0117 \u2013 grafinei med\u017eiagai, \u017eymiai palengvinan\u010diai teksto supratim\u0105.<\/p>\n<ul class=\"about-product d-none d-xl-block mt-4\">\n<li><strong>Autorius:<\/strong>\u00a0Hellmut Benesch<\/li>\n<li><strong>Leid\u0117jas:<\/strong>\u00a0Alma littera<\/li>\n<li><strong>Metai:<\/strong>\u00a02001<\/li>\n<li><strong>Puslapiai:<\/strong>\u00a0228<\/li>\n<li><strong>ISBN:<\/strong>\u00a09789955080152<\/li>\n<li><strong>Formatas:<\/strong>\u00a012,5 x 19,5 x 1 cm, mink\u0161ti vir\u0161eliai<\/li>\n<li><strong>Kalba:<\/strong>\u00a0Lietuvi\u0173<\/li>\n<\/ul>\n","protected":false},"excerpt":{"rendered":"<p>Su psichologijos problemomis nuolatos susiduria kiekvienas \u2013 nuo ma\u017eo iki seno. Jos ypa\u010d aktualios m\u016bs\u0173 laikais, kai d\u0117l alinan\u010dio gyvenimo tempo, labai i\u0161sipl\u0117tojusio, vis didesnes \u017emoni\u0173 grupes ir bendruomenes apiman\u010dio tarpusavio bendravimo dvasiniai negalavimai, psichikos sutrikimai darosi da\u017enesni net u\u017e k\u016bno ligas. Tod\u0117l nuolat did\u0117ja ir psichologijos \u2013 mokslo apie siel\u0105 \u2013 aktualumas. Dviej\u0173 tom\u0173 \u201ePsichologijos atlase\u201c (i\u0161verstas i\u0161 vokie\u010di\u0173 k.) glaustai, bet nuosekliai ir sistemi\u0161kai i\u0161d\u0117stytos svarbiausios \u017einios apie \u017emogaus psichik\u0105 \u2013 jo i\u0161gyvenimus, m\u0105stym\u0105, elges\u012f, bendravim\u0105 su kitais \u017emon\u0117mis. Pus\u0117 atlaso apimties skirta tekstui, antra pus\u0117 \u2013 grafinei med\u017eiagai, \u017eymiai palengvinan\u010diai teksto supratim\u0105. Autorius:\u00a0Hellmut Benesch Leid\u0117jas:\u00a0Alma littera Metai:\u00a02001 Puslapiai:\u00a0228 ISBN:\u00a09789955080152 Formatas:\u00a012,5 x 19,5 x 1 cm, mink\u0161ti vir\u0161eliai Kalba:\u00a0Lietuvi\u0173<\/p>\n","protected":false},"featured_media":13451,"comment_status":"open","ping_status":"closed","template":"","meta":{"_acf_changed":false,"site-sidebar-layout":"default","site-content-layout":"","ast-site-content-layout":"default","site-content-style":"default","site-sidebar-style":"default","ast-global-header-display":"","ast-banner-title-visibility":"","ast-main-header-display":"","ast-hfb-above-header-display":"","ast-hfb-below-header-display":"","ast-hfb-mobile-header-display":"","site-post-title":"","ast-breadcrumbs-content":"","ast-featured-img":"","footer-sml-layout":"","ast-disable-related-posts":"","theme-transparent-header-meta":"default","adv-header-id-meta":"","stick-header-meta":"","header-above-stick-meta":"","header-main-stick-meta":"","header-below-stick-meta":"","astra-migrate-meta-layouts":"set","ast-page-background-enabled":"default","ast-page-background-meta":{"desktop":{"background-color":"","background-image":"","background-repeat":"repeat","background-position":"center center","background-size":"auto","background-attachment":"scroll","background-type":"","background-media":"","overlay-type":"","overlay-color":"","overlay-opacity":"","overlay-gradient":""},"tablet":{"background-color":"","background-image":"","background-repeat":"repeat","background-position":"center center","background-size":"auto","background-attachment":"scroll","background-type":"","background-media":"","overlay-type":"","overlay-color":"","overlay-opacity":"","overlay-gradient":""},"mobile":{"background-color":"","background-image":"","background-repeat":"repeat","background-position":"center center","background-size":"auto","background-attachment":"scroll","background-type":"","background-media":"","overlay-type":"","overlay-color":"","overlay-opacity":"","overlay-gradient":""}},"ast-content-background-meta":{"desktop":{"background-color":"var(--ast-global-color-4)","background-image":"","background-repeat":"repeat","background-position":"center center","background-size":"auto","background-attachment":"scroll","background-type":"","background-media":"","overlay-type":"","overlay-color":"","overlay-opacity":"","overlay-gradient":""},"tablet":{"background-color":"var(--ast-global-color-4)","background-image":"","background-repeat":"repeat","background-position":"center center","background-size":"auto","background-attachment":"scroll","background-type":"","background-media":"","overlay-type":"","overlay-color":"","overlay-opacity":"","overlay-gradient":""},"mobile":{"background-color":"var(--ast-global-color-4)","background-image":"","background-repeat":"repeat","background-position":"center center","background-size":"auto","background-attachment":"scroll","background-type":"","background-media":"","overlay-type":"","overlay-color":"","overlay-opacity":"","overlay-gradient":""}}},"product_brand":[],"product_cat":[165],"product_tag":[3342,3884,3883,1392],"class_list":{"0":"post-13450","1":"product","2":"type-product","3":"status-publish","4":"has-post-thumbnail","6":"product_cat-religija-filosofija-ir-ezoterika","7":"product_tag-edukacija","8":"product_tag-hellmut-benesch","9":"product_tag-iliustruota-knyga","10":"product_tag-psichologija","11":"desktop-align-left","12":"tablet-align-left","13":"mobile-align-left","15":"first","16":"instock","17":"shipping-taxable","18":"purchasable","19":"product-type-simple"},"acf":[],"yoast_head":"<!-- This site is optimized with the Yoast SEO plugin v27.0 - https:\/\/yoast.com\/product\/yoast-seo-wordpress\/ -->\n<title>Psichologijos atlasas. I tomas<\/title>\n<meta name=\"description\" content=\"\u201eM\u0117nulio atspindys vandenyje&quot; skirta visiems, kurie domisi ryt\u0173 medicina, bet pirmiausia \u2013 moterims.\" \/>\n<meta name=\"robots\" content=\"index, follow, max-snippet:-1, max-image-preview:large, max-video-preview:-1\" \/>\n<link rel=\"canonical\" href=\"https:\/\/skaitytaknyga.lt\/en\/produktas\/xiaolan-zhao-menulio-atspindys-vandenyje-2\/\" \/>\n<meta property=\"og:locale\" content=\"en_GB\" \/>\n<meta property=\"og:locale:alternate\" content=\"lt_LT\" \/>\n<meta property=\"og:type\" content=\"article\" \/>\n<meta property=\"og:title\" content=\"Psichologijos atlasas. I tomas\" \/>\n<meta property=\"og:description\" content=\"\u201eM\u0117nulio atspindys vandenyje&quot; skirta visiems, kurie domisi ryt\u0173 medicina, bet pirmiausia \u2013 moterims.\" \/>\n<meta property=\"og:url\" content=\"https:\/\/skaitytaknyga.lt\/en\/produktas\/xiaolan-zhao-menulio-atspindys-vandenyje-2\/\" \/>\n<meta property=\"og:site_name\" content=\"Skaitytaknyga\" \/>\n<meta property=\"article:publisher\" content=\"https:\/\/www.facebook.com\/skaitytaknyga\/\" \/>\n<meta property=\"article:modified_time\" content=\"2025-05-19T08:02:58+00:00\" \/>\n<meta property=\"og:image\" content=\"https:\/\/skaitytaknyga.lt\/wp-content\/uploads\/2024\/08\/scan-30-01-2019-1043.webp\" \/>\n\t<meta property=\"og:image:width\" content=\"481\" \/>\n\t<meta property=\"og:image:height\" content=\"800\" \/>\n\t<meta property=\"og:image:type\" content=\"image\/webp\" \/>\n<meta name=\"twitter:card\" content=\"summary_large_image\" \/>\n<meta name=\"twitter:label1\" content=\"Estimated reading time\" \/>\n\t<meta name=\"twitter:data1\" content=\"1 minute\" \/>\n<script type=\"application\/ld+json\" class=\"yoast-schema-graph\">{\"@context\":\"https:\/\/schema.org\",\"@graph\":[{\"@type\":\"WebPage\",\"@id\":\"https:\/\/skaitytaknyga.lt\/produktas\/xiaolan-zhao-menulio-atspindys-vandenyje-2\/\",\"url\":\"https:\/\/skaitytaknyga.lt\/produktas\/xiaolan-zhao-menulio-atspindys-vandenyje-2\/\",\"name\":\"Psichologijos atlasas. I tomas\",\"isPartOf\":{\"@id\":\"https:\/\/skaitytaknyga.lt\/#website\"},\"primaryImageOfPage\":{\"@id\":\"https:\/\/skaitytaknyga.lt\/produktas\/xiaolan-zhao-menulio-atspindys-vandenyje-2\/#primaryimage\"},\"image\":{\"@id\":\"https:\/\/skaitytaknyga.lt\/produktas\/xiaolan-zhao-menulio-atspindys-vandenyje-2\/#primaryimage\"},\"thumbnailUrl\":\"https:\/\/skaitytaknyga.lt\/wp-content\/uploads\/2024\/08\/scan-30-01-2019-1043.webp\",\"datePublished\":\"2024-08-20T16:05:28+00:00\",\"dateModified\":\"2025-05-19T08:02:58+00:00\",\"description\":\"\u201eM\u0117nulio atspindys vandenyje\\\" skirta visiems, kurie domisi ryt\u0173 medicina, bet pirmiausia \u2013 moterims.\",\"breadcrumb\":{\"@id\":\"https:\/\/skaitytaknyga.lt\/produktas\/xiaolan-zhao-menulio-atspindys-vandenyje-2\/#breadcrumb\"},\"inLanguage\":\"en-GB\",\"potentialAction\":[{\"@type\":\"ReadAction\",\"target\":[\"https:\/\/skaitytaknyga.lt\/produktas\/xiaolan-zhao-menulio-atspindys-vandenyje-2\/\"]}]},{\"@type\":\"ImageObject\",\"inLanguage\":\"en-GB\",\"@id\":\"https:\/\/skaitytaknyga.lt\/produktas\/xiaolan-zhao-menulio-atspindys-vandenyje-2\/#primaryimage\",\"url\":\"https:\/\/skaitytaknyga.lt\/wp-content\/uploads\/2024\/08\/scan-30-01-2019-1043.webp\",\"contentUrl\":\"https:\/\/skaitytaknyga.lt\/wp-content\/uploads\/2024\/08\/scan-30-01-2019-1043.webp\",\"width\":481,\"height\":800,\"caption\":\"Psichologijos atlasas. I tomas\"},{\"@type\":\"BreadcrumbList\",\"@id\":\"https:\/\/skaitytaknyga.lt\/produktas\/xiaolan-zhao-menulio-atspindys-vandenyje-2\/#breadcrumb\",\"itemListElement\":[{\"@type\":\"ListItem\",\"position\":1,\"name\":\"Home\",\"item\":\"https:\/\/skaitytaknyga.lt\/\"},{\"@type\":\"ListItem\",\"position\":2,\"name\":\"Parduotuv\u0117\",\"item\":\"https:\/\/skaitytaknyga.lt\/knygu-parduotuve\/\"},{\"@type\":\"ListItem\",\"position\":3,\"name\":\"Psichologijos atlasas. I tomas\"}]},{\"@type\":\"WebSite\",\"@id\":\"https:\/\/skaitytaknyga.lt\/#website\",\"url\":\"https:\/\/skaitytaknyga.lt\/\",\"name\":\"skaitytaknyga.lt\",\"description\":\"Skaitytaknyga.lt \u2013 tai ma\u017eas \u0161eimos verslas, kuris prasid\u0117jo nuo meil\u0117s knygoms ir siekio i\u0161gelb\u0117ti knygas nuo likimo prie konteinerio. Kas vienam nereikalingas daiktas \u2013 kitam lobis, o mes esame tarpininkai, kurie padeda abiems tapti laimingesniems ???? \u017dinome kaip nelengva i\u0161gyventi ma\u017eiems verslams, tad nuo \u0161iol, \u010dia rasite ir kit\u0173, ma\u017e\u0173 \u0161eim\u0173 versl\u0173, rank\u0173 darbo, dovan\u0173 sau ir artimiesiems.\",\"publisher\":{\"@id\":\"https:\/\/skaitytaknyga.lt\/#organization\"},\"potentialAction\":[{\"@type\":\"SearchAction\",\"target\":{\"@type\":\"EntryPoint\",\"urlTemplate\":\"https:\/\/skaitytaknyga.lt\/?s={search_term_string}\"},\"query-input\":{\"@type\":\"PropertyValueSpecification\",\"valueRequired\":true,\"valueName\":\"search_term_string\"}}],\"inLanguage\":\"en-GB\"},{\"@type\":\"Organization\",\"@id\":\"https:\/\/skaitytaknyga.lt\/#organization\",\"name\":\"skaitytaknyga.lt\",\"url\":\"https:\/\/skaitytaknyga.lt\/\",\"logo\":{\"@type\":\"ImageObject\",\"inLanguage\":\"en-GB\",\"@id\":\"https:\/\/skaitytaknyga.lt\/#\/schema\/logo\/image\/\",\"url\":\"https:\/\/skaitytaknyga.lt\/wp-content\/uploads\/2024\/05\/cropped-cropped-cropped-02_00843_jt3bggkj1j3HLc7SyY6rEUpg.jpeg\",\"contentUrl\":\"https:\/\/skaitytaknyga.lt\/wp-content\/uploads\/2024\/05\/cropped-cropped-cropped-02_00843_jt3bggkj1j3HLc7SyY6rEUpg.jpeg\",\"width\":1600,\"height\":1600,\"caption\":\"skaitytaknyga.lt\"},\"image\":{\"@id\":\"https:\/\/skaitytaknyga.lt\/#\/schema\/logo\/image\/\"},\"sameAs\":[\"https:\/\/www.facebook.com\/skaitytaknyga\/\"]}]}<\/script>\n<!-- \/ Yoast SEO plugin. -->","yoast_head_json":{"title":"Psichologijos atlasas. I tomas","description":"\u201eM\u0117nulio atspindys vandenyje\" skirta visiems, kurie domisi ryt\u0173 medicina, bet pirmiausia \u2013 moterims.","robots":{"index":"index","follow":"follow","max-snippet":"max-snippet:-1","max-image-preview":"max-image-preview:large","max-video-preview":"max-video-preview:-1"},"canonical":"https:\/\/skaitytaknyga.lt\/en\/produktas\/xiaolan-zhao-menulio-atspindys-vandenyje-2\/","og_locale":"en_GB","og_type":"article","og_title":"[:lt]Psichologijos atlasas. I tomas[:] - Skaitytaknyga","og_description":"\u201eM\u0117nulio atspindys vandenyje\" skirta visiems, kurie domisi ryt\u0173 medicina, bet pirmiausia \u2013 moterims.","og_url":"https:\/\/skaitytaknyga.lt\/en\/produktas\/xiaolan-zhao-menulio-atspindys-vandenyje-2\/","og_site_name":"Skaitytaknyga","article_publisher":"https:\/\/www.facebook.com\/skaitytaknyga\/","article_modified_time":"2025-05-19T08:02:58+00:00","og_image":[{"width":481,"height":800,"url":"https:\/\/skaitytaknyga.lt\/wp-content\/uploads\/2024\/08\/scan-30-01-2019-1043.webp","type":"image\/webp"}],"twitter_card":"summary_large_image","twitter_misc":{"Estimated reading time":"1 minute"},"schema":{"@context":"https:\/\/schema.org","@graph":[{"@type":"WebPage","@id":"https:\/\/skaitytaknyga.lt\/produktas\/xiaolan-zhao-menulio-atspindys-vandenyje-2\/","url":"https:\/\/skaitytaknyga.lt\/produktas\/xiaolan-zhao-menulio-atspindys-vandenyje-2\/","name":"Psichologijos atlasas. I tomas","isPartOf":{"@id":"https:\/\/skaitytaknyga.lt\/#website"},"primaryImageOfPage":{"@id":"https:\/\/skaitytaknyga.lt\/produktas\/xiaolan-zhao-menulio-atspindys-vandenyje-2\/#primaryimage"},"image":{"@id":"https:\/\/skaitytaknyga.lt\/produktas\/xiaolan-zhao-menulio-atspindys-vandenyje-2\/#primaryimage"},"thumbnailUrl":"https:\/\/skaitytaknyga.lt\/wp-content\/uploads\/2024\/08\/scan-30-01-2019-1043.webp","datePublished":"2024-08-20T16:05:28+00:00","dateModified":"2025-05-19T08:02:58+00:00","description":"\u201eM\u0117nulio atspindys vandenyje\" skirta visiems, kurie domisi ryt\u0173 medicina, bet pirmiausia \u2013 moterims.","breadcrumb":{"@id":"https:\/\/skaitytaknyga.lt\/produktas\/xiaolan-zhao-menulio-atspindys-vandenyje-2\/#breadcrumb"},"inLanguage":"en-GB","potentialAction":[{"@type":"ReadAction","target":["https:\/\/skaitytaknyga.lt\/produktas\/xiaolan-zhao-menulio-atspindys-vandenyje-2\/"]}]},{"@type":"ImageObject","inLanguage":"en-GB","@id":"https:\/\/skaitytaknyga.lt\/produktas\/xiaolan-zhao-menulio-atspindys-vandenyje-2\/#primaryimage","url":"https:\/\/skaitytaknyga.lt\/wp-content\/uploads\/2024\/08\/scan-30-01-2019-1043.webp","contentUrl":"https:\/\/skaitytaknyga.lt\/wp-content\/uploads\/2024\/08\/scan-30-01-2019-1043.webp","width":481,"height":800,"caption":"Psichologijos atlasas. I tomas"},{"@type":"BreadcrumbList","@id":"https:\/\/skaitytaknyga.lt\/produktas\/xiaolan-zhao-menulio-atspindys-vandenyje-2\/#breadcrumb","itemListElement":[{"@type":"ListItem","position":1,"name":"Home","item":"https:\/\/skaitytaknyga.lt\/"},{"@type":"ListItem","position":2,"name":"Parduotuv\u0117","item":"https:\/\/skaitytaknyga.lt\/knygu-parduotuve\/"},{"@type":"ListItem","position":3,"name":"Psichologijos atlasas. I tomas"}]},{"@type":"WebSite","@id":"https:\/\/skaitytaknyga.lt\/#website","url":"https:\/\/skaitytaknyga.lt\/","name":"skaitytaknyga.lt","description":"Skaitytaknyga.lt \u2013 tai ma\u017eas \u0161eimos verslas, kuris prasid\u0117jo nuo meil\u0117s knygoms ir siekio i\u0161gelb\u0117ti knygas nuo likimo prie konteinerio. Kas vienam nereikalingas daiktas \u2013 kitam lobis, o mes esame tarpininkai, kurie padeda abiems tapti laimingesniems ???? \u017dinome kaip nelengva i\u0161gyventi ma\u017eiems verslams, tad nuo \u0161iol, \u010dia rasite ir kit\u0173, ma\u017e\u0173 \u0161eim\u0173 versl\u0173, rank\u0173 darbo, dovan\u0173 sau ir artimiesiems.","publisher":{"@id":"https:\/\/skaitytaknyga.lt\/#organization"},"potentialAction":[{"@type":"SearchAction","target":{"@type":"EntryPoint","urlTemplate":"https:\/\/skaitytaknyga.lt\/?s={search_term_string}"},"query-input":{"@type":"PropertyValueSpecification","valueRequired":true,"valueName":"search_term_string"}}],"inLanguage":"en-GB"},{"@type":"Organization","@id":"https:\/\/skaitytaknyga.lt\/#organization","name":"skaitytaknyga.lt","url":"https:\/\/skaitytaknyga.lt\/","logo":{"@type":"ImageObject","inLanguage":"en-GB","@id":"https:\/\/skaitytaknyga.lt\/#\/schema\/logo\/image\/","url":"https:\/\/skaitytaknyga.lt\/wp-content\/uploads\/2024\/05\/cropped-cropped-cropped-02_00843_jt3bggkj1j3HLc7SyY6rEUpg.jpeg","contentUrl":"https:\/\/skaitytaknyga.lt\/wp-content\/uploads\/2024\/05\/cropped-cropped-cropped-02_00843_jt3bggkj1j3HLc7SyY6rEUpg.jpeg","width":1600,"height":1600,"caption":"skaitytaknyga.lt"},"image":{"@id":"https:\/\/skaitytaknyga.lt\/#\/schema\/logo\/image\/"},"sameAs":["https:\/\/www.facebook.com\/skaitytaknyga\/"]}]}},"_links":{"self":[{"href":"https:\/\/skaitytaknyga.lt\/en\/wp-json\/wp\/v2\/product\/13450","targetHints":{"allow":["GET"]}}],"collection":[{"href":"https:\/\/skaitytaknyga.lt\/en\/wp-json\/wp\/v2\/product"}],"about":[{"href":"https:\/\/skaitytaknyga.lt\/en\/wp-json\/wp\/v2\/types\/product"}],"replies":[{"embeddable":true,"href":"https:\/\/skaitytaknyga.lt\/en\/wp-json\/wp\/v2\/comments?post=13450"}],"wp:featuredmedia":[{"embeddable":true,"href":"https:\/\/skaitytaknyga.lt\/en\/wp-json\/wp\/v2\/media\/13451"}],"wp:attachment":[{"href":"https:\/\/skaitytaknyga.lt\/en\/wp-json\/wp\/v2\/media?parent=13450"}],"wp:term":[{"taxonomy":"product_brand","embeddable":true,"href":"https:\/\/skaitytaknyga.lt\/en\/wp-json\/wp\/v2\/product_brand?post=13450"},{"taxonomy":"product_cat","embeddable":true,"href":"https:\/\/skaitytaknyga.lt\/en\/wp-json\/wp\/v2\/product_cat?post=13450"},{"taxonomy":"product_tag","embeddable":true,"href":"https:\/\/skaitytaknyga.lt\/en\/wp-json\/wp\/v2\/product_tag?post=13450"}],"curies":[{"name":"wp","href":"https:\/\/api.w.org\/{rel}","templated":true}]}}