{"id":13443,"date":"2024-08-16T22:00:37","date_gmt":"2024-08-16T19:00:37","guid":{"rendered":"https:\/\/skaitytaknyga.lt\/produktas\/kaip-iveikti-baimes\/"},"modified":"2025-11-23T13:30:48","modified_gmt":"2025-11-23T11:30:48","slug":"kaip-iveikti-baimes","status":"publish","type":"product","link":"https:\/\/skaitytaknyga.lt\/en\/produktas\/kaip-iveikti-baimes\/","title":{"rendered":"Kaip \u012fveikti baimes"},"content":{"rendered":"<p>Knyga<span class=\"Apple-converted-space\">\u00a0<\/span><strong>\u201eKaip \u012fveikti baimes\u201c<\/strong><span class=\"Apple-converted-space\">\u00a0<\/span>yra puikus vadovas, apimantis daugiau negu 100 labiausiai paplitusi\u0173 baimi\u0173. Michaelis Clarksonas, pateikdamas pavyzd\u017ei\u0173 ir remdamasis psicholog\u0173 bei kit\u0173 specialist\u0173 rekomendacijomis, moko mus, kaip pama\u017eu atsikratyti baimi\u0173, pvz., baim\u0117s nesp\u0117ti atlikti darbo iki nustatyto termino, baim\u0117s sakyti kalb\u0105 vie\u0161ai, reali\u0173 b\u0117d\u0173 sukelto nerimo ir kt.<\/p>\n<ul class=\"about-product mb-3\">\n<li><strong style=\"font-weight: bold;\">Leid\u0117jas:<\/strong><span class=\"Apple-converted-space\">\u00a0<\/span>Alma littera<\/li>\n<li><strong style=\"font-weight: bold;\">Metai:<\/strong><span class=\"Apple-converted-space\">\u00a0<\/span>2005<\/li>\n<li><strong style=\"font-weight: bold;\">Puslapiai:<\/strong><span class=\"Apple-converted-space\">\u00a0<\/span>256<\/li>\n<li><strong style=\"font-weight: bold;\">ISBN:<\/strong><span class=\"Apple-converted-space\">\u00a0<\/span>9789955087526<\/li>\n<li class=\"toggleable type-new-formats \"><strong style=\"font-weight: bold;\">Formatas:<\/strong><span class=\"Apple-converted-space\">\u00a0<\/span>14,5 x 21 cm, mink\u0161ti vir\u0161eliai<\/li>\n<li><strong style=\"font-weight: bold;\">Kalba:<\/strong><span class=\"Apple-converted-space\">\u00a0<\/span>Lietuvi\u0173<\/li>\n<li><strong style=\"font-weight: bold;\">Vert\u0117jas:<\/strong><span class=\"Apple-converted-space\">\u00a0<\/span>Laima Gylien\u0117<\/li>\n<\/ul>\n","protected":false},"excerpt":{"rendered":"<p>Knyga\u00a0\u201eKaip \u012fveikti baimes\u201c\u00a0yra puikus vadovas, apimantis daugiau negu 100 labiausiai paplitusi\u0173 baimi\u0173. Michaelis Clarksonas, pateikdamas pavyzd\u017ei\u0173 ir remdamasis psicholog\u0173 bei kit\u0173 specialist\u0173 rekomendacijomis, moko mus, kaip pama\u017eu atsikratyti baimi\u0173, pvz., baim\u0117s nesp\u0117ti atlikti darbo iki nustatyto termino, baim\u0117s sakyti kalb\u0105 vie\u0161ai, reali\u0173 b\u0117d\u0173 sukelto nerimo ir kt. Leid\u0117jas:\u00a0Alma littera Metai:\u00a02005 Puslapiai:\u00a0256 ISBN:\u00a09789955087526 Formatas:\u00a014,5 x 21 cm, mink\u0161ti vir\u0161eliai Kalba:\u00a0Lietuvi\u0173 Vert\u0117jas:\u00a0Laima Gylien\u0117<\/p>\n","protected":false},"featured_media":22086,"comment_status":"open","ping_status":"closed","template":"","meta":{"_acf_changed":false,"site-sidebar-layout":"default","site-content-layout":"","ast-site-content-layout":"default","site-content-style":"default","site-sidebar-style":"default","ast-global-header-display":"","ast-banner-title-visibility":"","ast-main-header-display":"","ast-hfb-above-header-display":"","ast-hfb-below-header-display":"","ast-hfb-mobile-header-display":"","site-post-title":"","ast-breadcrumbs-content":"","ast-featured-img":"","footer-sml-layout":"","ast-disable-related-posts":"","theme-transparent-header-meta":"default","adv-header-id-meta":"","stick-header-meta":"","header-above-stick-meta":"","header-main-stick-meta":"","header-below-stick-meta":"","astra-migrate-meta-layouts":"set","ast-page-background-enabled":"default","ast-page-background-meta":{"desktop":{"background-color":"","background-image":"","background-repeat":"repeat","background-position":"center center","background-size":"auto","background-attachment":"scroll","background-type":"","background-media":"","overlay-type":"","overlay-color":"","overlay-opacity":"","overlay-gradient":""},"tablet":{"background-color":"","background-image":"","background-repeat":"repeat","background-position":"center center","background-size":"auto","background-attachment":"scroll","background-type":"","background-media":"","overlay-type":"","overlay-color":"","overlay-opacity":"","overlay-gradient":""},"mobile":{"background-color":"","background-image":"","background-repeat":"repeat","background-position":"center center","background-size":"auto","background-attachment":"scroll","background-type":"","background-media":"","overlay-type":"","overlay-color":"","overlay-opacity":"","overlay-gradient":""}},"ast-content-background-meta":{"desktop":{"background-color":"var(--ast-global-color-4)","background-image":"","background-repeat":"repeat","background-position":"center center","background-size":"auto","background-attachment":"scroll","background-type":"","background-media":"","overlay-type":"","overlay-color":"","overlay-opacity":"","overlay-gradient":""},"tablet":{"background-color":"var(--ast-global-color-4)","background-image":"","background-repeat":"repeat","background-position":"center center","background-size":"auto","background-attachment":"scroll","background-type":"","background-media":"","overlay-type":"","overlay-color":"","overlay-opacity":"","overlay-gradient":""},"mobile":{"background-color":"var(--ast-global-color-4)","background-image":"","background-repeat":"repeat","background-position":"center center","background-size":"auto","background-attachment":"scroll","background-type":"","background-media":"","overlay-type":"","overlay-color":"","overlay-opacity":"","overlay-gradient":""}}},"product_brand":[],"product_cat":[30],"product_tag":[],"class_list":{"0":"post-13443","1":"product","2":"type-product","3":"status-publish","4":"has-post-thumbnail","6":"product_cat-psichologija-ir-saviugda","7":"desktop-align-left","8":"tablet-align-left","9":"mobile-align-left","11":"first","12":"instock","13":"shipping-taxable","14":"purchasable","15":"product-type-simple"},"acf":[],"yoast_head":"<!-- This site is optimized with the Yoast SEO plugin v27.0 - https:\/\/yoast.com\/product\/yoast-seo-wordpress\/ -->\n<title>Kaip \u012fveikti baimes<\/title>\n<meta name=\"description\" content=\"Knyga\u00a0\u201eKaip \u012fveikti baimes\u201c\u00a0yra puikus vadovas, apimantis daugiau negu 100 labiausiai paplitusi\u0173 baimi\u0173. Michaelis Clarksonas, pateikdamas pavyzd\u017ei\u0173 ir\" \/>\n<meta name=\"robots\" content=\"index, follow, max-snippet:-1, max-image-preview:large, max-video-preview:-1\" \/>\n<link rel=\"canonical\" href=\"https:\/\/skaitytaknyga.lt\/en\/produktas\/kaip-iveikti-baimes\/\" \/>\n<meta property=\"og:locale\" content=\"en_GB\" \/>\n<meta property=\"og:locale:alternate\" content=\"lt_LT\" \/>\n<meta property=\"og:type\" content=\"article\" \/>\n<meta property=\"og:title\" content=\"Kaip \u012fveikti baimes\" \/>\n<meta property=\"og:description\" content=\"Knyga\u00a0\u201eKaip \u012fveikti baimes\u201c\u00a0yra puikus vadovas, apimantis daugiau negu 100 labiausiai paplitusi\u0173 baimi\u0173. Michaelis Clarksonas, pateikdamas pavyzd\u017ei\u0173 ir\" \/>\n<meta property=\"og:url\" content=\"https:\/\/skaitytaknyga.lt\/en\/produktas\/kaip-iveikti-baimes\/\" \/>\n<meta property=\"og:site_name\" content=\"Skaitytaknyga\" \/>\n<meta property=\"article:publisher\" content=\"https:\/\/www.facebook.com\/skaitytaknyga\/\" \/>\n<meta property=\"article:modified_time\" content=\"2025-11-23T11:30:48+00:00\" \/>\n<meta property=\"og:image\" content=\"https:\/\/skaitytaknyga.lt\/wp-content\/uploads\/2024\/08\/Kaip-iveikti-baimes-1.webp\" \/>\n\t<meta property=\"og:image:width\" content=\"300\" \/>\n\t<meta property=\"og:image:height\" content=\"459\" \/>\n\t<meta property=\"og:image:type\" content=\"image\/webp\" \/>\n<meta name=\"twitter:card\" content=\"summary_large_image\" \/>\n<meta name=\"twitter:label1\" content=\"Estimated reading time\" \/>\n\t<meta name=\"twitter:data1\" content=\"1 minute\" \/>\n<script type=\"application\/ld+json\" class=\"yoast-schema-graph\">{\"@context\":\"https:\/\/schema.org\",\"@graph\":[{\"@type\":\"WebPage\",\"@id\":\"https:\/\/skaitytaknyga.lt\/produktas\/kaip-iveikti-baimes\/\",\"url\":\"https:\/\/skaitytaknyga.lt\/produktas\/kaip-iveikti-baimes\/\",\"name\":\"Kaip \u012fveikti baimes\",\"isPartOf\":{\"@id\":\"https:\/\/skaitytaknyga.lt\/#website\"},\"primaryImageOfPage\":{\"@id\":\"https:\/\/skaitytaknyga.lt\/produktas\/kaip-iveikti-baimes\/#primaryimage\"},\"image\":{\"@id\":\"https:\/\/skaitytaknyga.lt\/produktas\/kaip-iveikti-baimes\/#primaryimage\"},\"thumbnailUrl\":\"https:\/\/skaitytaknyga.lt\/wp-content\/uploads\/2024\/08\/Kaip-iveikti-baimes-1.webp\",\"datePublished\":\"2024-08-16T19:00:37+00:00\",\"dateModified\":\"2025-11-23T11:30:48+00:00\",\"description\":\"Knyga\u00a0\u201eKaip \u012fveikti baimes\u201c\u00a0yra puikus vadovas, apimantis daugiau negu 100 labiausiai paplitusi\u0173 baimi\u0173. Michaelis Clarksonas, pateikdamas pavyzd\u017ei\u0173 ir\",\"breadcrumb\":{\"@id\":\"https:\/\/skaitytaknyga.lt\/produktas\/kaip-iveikti-baimes\/#breadcrumb\"},\"inLanguage\":\"en-GB\",\"potentialAction\":[{\"@type\":\"ReadAction\",\"target\":[\"https:\/\/skaitytaknyga.lt\/produktas\/kaip-iveikti-baimes\/\"]}]},{\"@type\":\"ImageObject\",\"inLanguage\":\"en-GB\",\"@id\":\"https:\/\/skaitytaknyga.lt\/produktas\/kaip-iveikti-baimes\/#primaryimage\",\"url\":\"https:\/\/skaitytaknyga.lt\/wp-content\/uploads\/2024\/08\/Kaip-iveikti-baimes-1.webp\",\"contentUrl\":\"https:\/\/skaitytaknyga.lt\/wp-content\/uploads\/2024\/08\/Kaip-iveikti-baimes-1.webp\",\"width\":300,\"height\":459,\"caption\":\"Kaip \u012fveikti baimes\"},{\"@type\":\"BreadcrumbList\",\"@id\":\"https:\/\/skaitytaknyga.lt\/produktas\/kaip-iveikti-baimes\/#breadcrumb\",\"itemListElement\":[{\"@type\":\"ListItem\",\"position\":1,\"name\":\"Home\",\"item\":\"https:\/\/skaitytaknyga.lt\/\"},{\"@type\":\"ListItem\",\"position\":2,\"name\":\"Parduotuv\u0117\",\"item\":\"https:\/\/skaitytaknyga.lt\/knygu-parduotuve\/\"},{\"@type\":\"ListItem\",\"position\":3,\"name\":\"Kaip \u012fveikti baimes\"}]},{\"@type\":\"WebSite\",\"@id\":\"https:\/\/skaitytaknyga.lt\/#website\",\"url\":\"https:\/\/skaitytaknyga.lt\/\",\"name\":\"skaitytaknyga.lt\",\"description\":\"Skaitytaknyga.lt \u2013 tai ma\u017eas \u0161eimos verslas, kuris prasid\u0117jo nuo meil\u0117s knygoms ir siekio i\u0161gelb\u0117ti knygas nuo likimo prie konteinerio. Kas vienam nereikalingas daiktas \u2013 kitam lobis, o mes esame tarpininkai, kurie padeda abiems tapti laimingesniems ???? \u017dinome kaip nelengva i\u0161gyventi ma\u017eiems verslams, tad nuo \u0161iol, \u010dia rasite ir kit\u0173, ma\u017e\u0173 \u0161eim\u0173 versl\u0173, rank\u0173 darbo, dovan\u0173 sau ir artimiesiems.\",\"publisher\":{\"@id\":\"https:\/\/skaitytaknyga.lt\/#organization\"},\"potentialAction\":[{\"@type\":\"SearchAction\",\"target\":{\"@type\":\"EntryPoint\",\"urlTemplate\":\"https:\/\/skaitytaknyga.lt\/?s={search_term_string}\"},\"query-input\":{\"@type\":\"PropertyValueSpecification\",\"valueRequired\":true,\"valueName\":\"search_term_string\"}}],\"inLanguage\":\"en-GB\"},{\"@type\":\"Organization\",\"@id\":\"https:\/\/skaitytaknyga.lt\/#organization\",\"name\":\"skaitytaknyga.lt\",\"url\":\"https:\/\/skaitytaknyga.lt\/\",\"logo\":{\"@type\":\"ImageObject\",\"inLanguage\":\"en-GB\",\"@id\":\"https:\/\/skaitytaknyga.lt\/#\/schema\/logo\/image\/\",\"url\":\"https:\/\/skaitytaknyga.lt\/wp-content\/uploads\/2024\/05\/cropped-cropped-cropped-02_00843_jt3bggkj1j3HLc7SyY6rEUpg.jpeg\",\"contentUrl\":\"https:\/\/skaitytaknyga.lt\/wp-content\/uploads\/2024\/05\/cropped-cropped-cropped-02_00843_jt3bggkj1j3HLc7SyY6rEUpg.jpeg\",\"width\":1600,\"height\":1600,\"caption\":\"skaitytaknyga.lt\"},\"image\":{\"@id\":\"https:\/\/skaitytaknyga.lt\/#\/schema\/logo\/image\/\"},\"sameAs\":[\"https:\/\/www.facebook.com\/skaitytaknyga\/\"]}]}<\/script>\n<!-- \/ Yoast SEO plugin. -->","yoast_head_json":{"title":"Kaip \u012fveikti baimes","description":"Knyga\u00a0\u201eKaip \u012fveikti baimes\u201c\u00a0yra puikus vadovas, apimantis daugiau negu 100 labiausiai paplitusi\u0173 baimi\u0173. Michaelis Clarksonas, pateikdamas pavyzd\u017ei\u0173 ir","robots":{"index":"index","follow":"follow","max-snippet":"max-snippet:-1","max-image-preview":"max-image-preview:large","max-video-preview":"max-video-preview:-1"},"canonical":"https:\/\/skaitytaknyga.lt\/en\/produktas\/kaip-iveikti-baimes\/","og_locale":"en_GB","og_type":"article","og_title":"[:lt]Kaip \u012fveikti baimes[:] - Skaitytaknyga","og_description":"Knyga\u00a0\u201eKaip \u012fveikti baimes\u201c\u00a0yra puikus vadovas, apimantis daugiau negu 100 labiausiai paplitusi\u0173 baimi\u0173. Michaelis Clarksonas, pateikdamas pavyzd\u017ei\u0173 ir","og_url":"https:\/\/skaitytaknyga.lt\/en\/produktas\/kaip-iveikti-baimes\/","og_site_name":"Skaitytaknyga","article_publisher":"https:\/\/www.facebook.com\/skaitytaknyga\/","article_modified_time":"2025-11-23T11:30:48+00:00","og_image":[{"width":300,"height":459,"url":"https:\/\/skaitytaknyga.lt\/wp-content\/uploads\/2024\/08\/Kaip-iveikti-baimes-1.webp","type":"image\/webp"}],"twitter_card":"summary_large_image","twitter_misc":{"Estimated reading time":"1 minute"},"schema":{"@context":"https:\/\/schema.org","@graph":[{"@type":"WebPage","@id":"https:\/\/skaitytaknyga.lt\/produktas\/kaip-iveikti-baimes\/","url":"https:\/\/skaitytaknyga.lt\/produktas\/kaip-iveikti-baimes\/","name":"Kaip \u012fveikti baimes","isPartOf":{"@id":"https:\/\/skaitytaknyga.lt\/#website"},"primaryImageOfPage":{"@id":"https:\/\/skaitytaknyga.lt\/produktas\/kaip-iveikti-baimes\/#primaryimage"},"image":{"@id":"https:\/\/skaitytaknyga.lt\/produktas\/kaip-iveikti-baimes\/#primaryimage"},"thumbnailUrl":"https:\/\/skaitytaknyga.lt\/wp-content\/uploads\/2024\/08\/Kaip-iveikti-baimes-1.webp","datePublished":"2024-08-16T19:00:37+00:00","dateModified":"2025-11-23T11:30:48+00:00","description":"Knyga\u00a0\u201eKaip \u012fveikti baimes\u201c\u00a0yra puikus vadovas, apimantis daugiau negu 100 labiausiai paplitusi\u0173 baimi\u0173. Michaelis Clarksonas, pateikdamas pavyzd\u017ei\u0173 ir","breadcrumb":{"@id":"https:\/\/skaitytaknyga.lt\/produktas\/kaip-iveikti-baimes\/#breadcrumb"},"inLanguage":"en-GB","potentialAction":[{"@type":"ReadAction","target":["https:\/\/skaitytaknyga.lt\/produktas\/kaip-iveikti-baimes\/"]}]},{"@type":"ImageObject","inLanguage":"en-GB","@id":"https:\/\/skaitytaknyga.lt\/produktas\/kaip-iveikti-baimes\/#primaryimage","url":"https:\/\/skaitytaknyga.lt\/wp-content\/uploads\/2024\/08\/Kaip-iveikti-baimes-1.webp","contentUrl":"https:\/\/skaitytaknyga.lt\/wp-content\/uploads\/2024\/08\/Kaip-iveikti-baimes-1.webp","width":300,"height":459,"caption":"Kaip \u012fveikti baimes"},{"@type":"BreadcrumbList","@id":"https:\/\/skaitytaknyga.lt\/produktas\/kaip-iveikti-baimes\/#breadcrumb","itemListElement":[{"@type":"ListItem","position":1,"name":"Home","item":"https:\/\/skaitytaknyga.lt\/"},{"@type":"ListItem","position":2,"name":"Parduotuv\u0117","item":"https:\/\/skaitytaknyga.lt\/knygu-parduotuve\/"},{"@type":"ListItem","position":3,"name":"Kaip \u012fveikti baimes"}]},{"@type":"WebSite","@id":"https:\/\/skaitytaknyga.lt\/#website","url":"https:\/\/skaitytaknyga.lt\/","name":"skaitytaknyga.lt","description":"Skaitytaknyga.lt \u2013 tai ma\u017eas \u0161eimos verslas, kuris prasid\u0117jo nuo meil\u0117s knygoms ir siekio i\u0161gelb\u0117ti knygas nuo likimo prie konteinerio. Kas vienam nereikalingas daiktas \u2013 kitam lobis, o mes esame tarpininkai, kurie padeda abiems tapti laimingesniems ???? \u017dinome kaip nelengva i\u0161gyventi ma\u017eiems verslams, tad nuo \u0161iol, \u010dia rasite ir kit\u0173, ma\u017e\u0173 \u0161eim\u0173 versl\u0173, rank\u0173 darbo, dovan\u0173 sau ir artimiesiems.","publisher":{"@id":"https:\/\/skaitytaknyga.lt\/#organization"},"potentialAction":[{"@type":"SearchAction","target":{"@type":"EntryPoint","urlTemplate":"https:\/\/skaitytaknyga.lt\/?s={search_term_string}"},"query-input":{"@type":"PropertyValueSpecification","valueRequired":true,"valueName":"search_term_string"}}],"inLanguage":"en-GB"},{"@type":"Organization","@id":"https:\/\/skaitytaknyga.lt\/#organization","name":"skaitytaknyga.lt","url":"https:\/\/skaitytaknyga.lt\/","logo":{"@type":"ImageObject","inLanguage":"en-GB","@id":"https:\/\/skaitytaknyga.lt\/#\/schema\/logo\/image\/","url":"https:\/\/skaitytaknyga.lt\/wp-content\/uploads\/2024\/05\/cropped-cropped-cropped-02_00843_jt3bggkj1j3HLc7SyY6rEUpg.jpeg","contentUrl":"https:\/\/skaitytaknyga.lt\/wp-content\/uploads\/2024\/05\/cropped-cropped-cropped-02_00843_jt3bggkj1j3HLc7SyY6rEUpg.jpeg","width":1600,"height":1600,"caption":"skaitytaknyga.lt"},"image":{"@id":"https:\/\/skaitytaknyga.lt\/#\/schema\/logo\/image\/"},"sameAs":["https:\/\/www.facebook.com\/skaitytaknyga\/"]}]}},"_links":{"self":[{"href":"https:\/\/skaitytaknyga.lt\/en\/wp-json\/wp\/v2\/product\/13443","targetHints":{"allow":["GET"]}}],"collection":[{"href":"https:\/\/skaitytaknyga.lt\/en\/wp-json\/wp\/v2\/product"}],"about":[{"href":"https:\/\/skaitytaknyga.lt\/en\/wp-json\/wp\/v2\/types\/product"}],"replies":[{"embeddable":true,"href":"https:\/\/skaitytaknyga.lt\/en\/wp-json\/wp\/v2\/comments?post=13443"}],"wp:featuredmedia":[{"embeddable":true,"href":"https:\/\/skaitytaknyga.lt\/en\/wp-json\/wp\/v2\/media\/22086"}],"wp:attachment":[{"href":"https:\/\/skaitytaknyga.lt\/en\/wp-json\/wp\/v2\/media?parent=13443"}],"wp:term":[{"taxonomy":"product_brand","embeddable":true,"href":"https:\/\/skaitytaknyga.lt\/en\/wp-json\/wp\/v2\/product_brand?post=13443"},{"taxonomy":"product_cat","embeddable":true,"href":"https:\/\/skaitytaknyga.lt\/en\/wp-json\/wp\/v2\/product_cat?post=13443"},{"taxonomy":"product_tag","embeddable":true,"href":"https:\/\/skaitytaknyga.lt\/en\/wp-json\/wp\/v2\/product_tag?post=13443"}],"curies":[{"name":"wp","href":"https:\/\/api.w.org\/{rel}","templated":true}]}}