{"id":13438,"date":"2024-08-14T18:22:03","date_gmt":"2024-08-14T15:22:03","guid":{"rendered":"https:\/\/skaitytaknyga.lt\/?post_type=product&#038;p=13438"},"modified":"2025-05-19T15:16:45","modified_gmt":"2025-05-19T12:16:45","slug":"juozas-erlickas-pranasystes-2","status":"publish","type":"product","link":"https:\/\/skaitytaknyga.lt\/en\/produktas\/juozas-erlickas-pranasystes-2\/","title":{"rendered":"Pavadinimas"},"content":{"rendered":"<p>Tai paskutin\u0117 gro\u017ein\u0117 knyga.<br \/>\nMat nuo tos dienos, kai Bili\u016bnas nu\u0161ov\u0117 savo katin\u0105, gro\u017eio gro\u017ein\u0117j literat\u016broj vis ma\u017e\u0117jo ir n\u016bnai jau visai nebelik\u0119. Vietoj gro\u017ein\u0117s i\u0161dygo euroromanas. Skirtumas \u010dia toks: gro\u017ein\u0117j &#8211; po vieno vienintelio \u0161\u016bvio \u012f viso labo tik nususus\u012f katin\u0105 skaitytojui nurieda a\u0161ara. Euroromane &#8211; paskerd\u017eiamas tuzinas \u017emoni\u0173, o skaitytoj\u0105 tik juokas ima.<\/p>\n<p>Tai paskutin\u0117 tradicin\u0117 knyga.<br \/>\nKitos jau bus skaitmenin\u0117s. Tad vietoj nugludintos fraz\u0117s: &#8220;Gal nor\u0117tum\u0117te, madam, su manim i\u0161gert litr\u0105 \u0161ampano?&#8221; j\u016bs skaitysite: &#8220;01-02-03&#8221;.<\/p>\n<p>Tai paskutin\u0117 rinktin\u0117 knyga.<br \/>\nPagal Archimedo d\u0117sn\u012f, \u012f gyvenim\u0105 panardintas k\u016br\u0117jas gyvenimo i\u0161stumia tiek, kiek sveria pats. I\u0161stumt\u0105 gyvenim\u0105 i\u0161 knygos pa\u0161aliname. (Skaitytojui ne\u012fdom\u0173 skaityt apie gyvenim\u0105. Skaitytojas pats gyvena. Ir gal daugsyk geriau nei ra\u0161ytojas.) Tai, kas lieka, yra i\u0161liekan\u010dios vertyb\u0117s. U\u017etat knygai suteikiama net 500 met\u0173 garantija. Jei skaitytojas parodys (ir \u012frodys!), kad kuris nors puslapis nevertas d\u0117mesio, jis gal\u0117s kreiptis \u012f teism\u0105. Teis\u0117jas t\u0105 puslap\u012f i\u0161pl\u0117\u0161 ir ton vieton pats para\u0161ys nauj\u0105. Veltui.<\/p>\n<p>N.B! Rinktin\u0117 pagaminta i\u0161 koncentrato. Vartoti atsargiai! Geriausia &#8211; po vien\u0105 lapel\u012f prie\u0161 mieg\u0105. Tinka skiesti vynu.<\/p>\n<ul class=\"about-product mb-3\">\n<li><strong style=\"font-weight: bold;\">Autorius:<\/strong> Juozas Erlickas<\/li>\n<li><strong style=\"font-weight: bold;\">Leid\u0117jas:<\/strong> Lietuvos rytas<\/li>\n<li><strong style=\"font-weight: bold;\">Metai:<\/strong> 2007<\/li>\n<li><strong style=\"font-weight: bold;\">Puslapiai:<\/strong> 544<\/li>\n<li><strong style=\"font-weight: bold;\">ISBN:<\/strong> 9788498196702<\/li>\n<li class=\"toggleable type-new-formats \"><strong style=\"font-weight: bold;\">Formatas:<\/strong> 12,2 x 21 cm, kieti vir\u0161eliai<\/li>\n<li><strong style=\"font-weight: bold;\">Kalba:<\/strong> Lietuvi\u0173<\/li>\n<\/ul>\n","protected":false},"excerpt":{"rendered":"<p>Tai paskutin\u0117 gro\u017ein\u0117 knyga. Mat nuo tos dienos, kai Bili\u016bnas nu\u0161ov\u0117 savo katin\u0105, gro\u017eio gro\u017ein\u0117j literat\u016broj vis ma\u017e\u0117jo ir n\u016bnai jau visai nebelik\u0119. Vietoj gro\u017ein\u0117s i\u0161dygo euroromanas. Skirtumas \u010dia toks: gro\u017ein\u0117j &#8211; po vieno vienintelio \u0161\u016bvio \u012f viso labo tik nususus\u012f katin\u0105 skaitytojui nurieda a\u0161ara. Euroromane &#8211; paskerd\u017eiamas tuzinas \u017emoni\u0173, o skaitytoj\u0105 tik juokas ima. Tai paskutin\u0117 tradicin\u0117 knyga. Kitos jau bus skaitmenin\u0117s. Tad vietoj nugludintos fraz\u0117s: &#8220;Gal nor\u0117tum\u0117te, madam, su manim i\u0161gert litr\u0105 \u0161ampano?&#8221; j\u016bs skaitysite: &#8220;01-02-03&#8221;. Tai paskutin\u0117 rinktin\u0117 knyga. Pagal Archimedo d\u0117sn\u012f, \u012f gyvenim\u0105 panardintas k\u016br\u0117jas gyvenimo i\u0161stumia tiek, kiek sveria pats. I\u0161stumt\u0105 gyvenim\u0105 i\u0161 knygos pa\u0161aliname. (Skaitytojui ne\u012fdom\u0173 skaityt apie gyvenim\u0105. Skaitytojas pats gyvena. Ir gal daugsyk geriau nei ra\u0161ytojas.) Tai, kas lieka, yra i\u0161liekan\u010dios vertyb\u0117s. U\u017etat knygai suteikiama net 500 met\u0173 garantija. Jei skaitytojas parodys (ir \u012frodys!), kad kuris nors puslapis nevertas d\u0117mesio, jis gal\u0117s kreiptis \u012f teism\u0105. Teis\u0117jas t\u0105 puslap\u012f i\u0161pl\u0117\u0161 ir ton vieton pats para\u0161ys nauj\u0105. Veltui. N.B! Rinktin\u0117 pagaminta i\u0161 koncentrato. Vartoti atsargiai! Geriausia &#8211; po vien\u0105 lapel\u012f prie\u0161 mieg\u0105. Tinka skiesti vynu. Autorius: Juozas Erlickas Leid\u0117jas: Lietuvos rytas Metai: 2007 Puslapiai: 544 ISBN: 9788498196702 Formatas: 12,2 x 21 cm, kieti vir\u0161eliai Kalba: Lietuvi\u0173<\/p>\n","protected":false},"featured_media":13439,"comment_status":"closed","ping_status":"closed","template":"","meta":{"_acf_changed":false,"site-sidebar-layout":"default","site-content-layout":"","ast-site-content-layout":"default","site-content-style":"default","site-sidebar-style":"default","ast-global-header-display":"","ast-banner-title-visibility":"","ast-main-header-display":"","ast-hfb-above-header-display":"","ast-hfb-below-header-display":"","ast-hfb-mobile-header-display":"","site-post-title":"","ast-breadcrumbs-content":"","ast-featured-img":"","footer-sml-layout":"","ast-disable-related-posts":"","theme-transparent-header-meta":"default","adv-header-id-meta":"","stick-header-meta":"","header-above-stick-meta":"","header-main-stick-meta":"","header-below-stick-meta":"","astra-migrate-meta-layouts":"set","ast-page-background-enabled":"default","ast-page-background-meta":{"desktop":{"background-color":"","background-image":"","background-repeat":"repeat","background-position":"center center","background-size":"auto","background-attachment":"scroll","background-type":"","background-media":"","overlay-type":"","overlay-color":"","overlay-opacity":"","overlay-gradient":""},"tablet":{"background-color":"","background-image":"","background-repeat":"repeat","background-position":"center center","background-size":"auto","background-attachment":"scroll","background-type":"","background-media":"","overlay-type":"","overlay-color":"","overlay-opacity":"","overlay-gradient":""},"mobile":{"background-color":"","background-image":"","background-repeat":"repeat","background-position":"center center","background-size":"auto","background-attachment":"scroll","background-type":"","background-media":"","overlay-type":"","overlay-color":"","overlay-opacity":"","overlay-gradient":""}},"ast-content-background-meta":{"desktop":{"background-color":"var(--ast-global-color-4)","background-image":"","background-repeat":"repeat","background-position":"center center","background-size":"auto","background-attachment":"scroll","background-type":"","background-media":"","overlay-type":"","overlay-color":"","overlay-opacity":"","overlay-gradient":""},"tablet":{"background-color":"var(--ast-global-color-4)","background-image":"","background-repeat":"repeat","background-position":"center center","background-size":"auto","background-attachment":"scroll","background-type":"","background-media":"","overlay-type":"","overlay-color":"","overlay-opacity":"","overlay-gradient":""},"mobile":{"background-color":"var(--ast-global-color-4)","background-image":"","background-repeat":"repeat","background-position":"center center","background-size":"auto","background-attachment":"scroll","background-type":"","background-media":"","overlay-type":"","overlay-color":"","overlay-opacity":"","overlay-gradient":""}}},"product_brand":[],"product_cat":[31],"product_tag":[1980,1377,1744],"class_list":{"0":"post-13438","1":"product","2":"type-product","3":"status-publish","4":"has-post-thumbnail","6":"product_cat-grozine-literatura","7":"product_tag-humoras","8":"product_tag-juozas-erlickas","9":"product_tag-lietuviu-literatura","10":"pa_leidimo-metai-645","11":"desktop-align-left","12":"tablet-align-left","13":"mobile-align-left","15":"first","16":"instock","17":"shipping-taxable","18":"purchasable","19":"product-type-simple"},"acf":[],"yoast_head":"<!-- This site is optimized with the Yoast SEO plugin v27.0 - https:\/\/yoast.com\/product\/yoast-seo-wordpress\/ -->\n<title>Pavadinimas<\/title>\n<meta name=\"description\" content=\"Tai paskutin\u0117 gro\u017ein\u0117 knyga. Mat nuo tos dienos, kai Bili\u016bnas nu\u0161ov\u0117 savo katin\u0105, gro\u017eio gro\u017ein\u0117j literat\u016broj vis ma\u017e\u0117jo ir n\u016bnai jau visai nebelik\u0119.\" \/>\n<meta name=\"robots\" content=\"index, follow, max-snippet:-1, max-image-preview:large, max-video-preview:-1\" \/>\n<link rel=\"canonical\" href=\"https:\/\/skaitytaknyga.lt\/en\/produktas\/juozas-erlickas-pranasystes-2\/\" \/>\n<meta property=\"og:locale\" content=\"en_GB\" \/>\n<meta property=\"og:locale:alternate\" content=\"lt_LT\" \/>\n<meta property=\"og:type\" content=\"article\" \/>\n<meta property=\"og:title\" content=\"Pavadinimas\" \/>\n<meta property=\"og:description\" content=\"Tai paskutin\u0117 gro\u017ein\u0117 knyga. Mat nuo tos dienos, kai Bili\u016bnas nu\u0161ov\u0117 savo katin\u0105, gro\u017eio gro\u017ein\u0117j literat\u016broj vis ma\u017e\u0117jo ir n\u016bnai jau visai nebelik\u0119.\" \/>\n<meta property=\"og:url\" content=\"https:\/\/skaitytaknyga.lt\/en\/produktas\/juozas-erlickas-pranasystes-2\/\" \/>\n<meta property=\"og:site_name\" content=\"Skaitytaknyga\" \/>\n<meta property=\"article:publisher\" content=\"https:\/\/www.facebook.com\/skaitytaknyga\/\" \/>\n<meta property=\"article:modified_time\" content=\"2025-05-19T12:16:45+00:00\" \/>\n<meta property=\"og:image\" content=\"https:\/\/skaitytaknyga.lt\/wp-content\/uploads\/2024\/08\/img_4806.jpeg\" \/>\n\t<meta property=\"og:image:width\" content=\"467\" \/>\n\t<meta property=\"og:image:height\" content=\"799\" \/>\n\t<meta property=\"og:image:type\" content=\"image\/jpeg\" \/>\n<meta name=\"twitter:card\" content=\"summary_large_image\" \/>\n<meta name=\"twitter:label1\" content=\"Estimated reading time\" \/>\n\t<meta name=\"twitter:data1\" content=\"2 minutes\" \/>\n<script type=\"application\/ld+json\" class=\"yoast-schema-graph\">{\"@context\":\"https:\/\/schema.org\",\"@graph\":[{\"@type\":\"WebPage\",\"@id\":\"https:\/\/skaitytaknyga.lt\/produktas\/juozas-erlickas-pranasystes-2\/\",\"url\":\"https:\/\/skaitytaknyga.lt\/produktas\/juozas-erlickas-pranasystes-2\/\",\"name\":\"Pavadinimas\",\"isPartOf\":{\"@id\":\"https:\/\/skaitytaknyga.lt\/#website\"},\"primaryImageOfPage\":{\"@id\":\"https:\/\/skaitytaknyga.lt\/produktas\/juozas-erlickas-pranasystes-2\/#primaryimage\"},\"image\":{\"@id\":\"https:\/\/skaitytaknyga.lt\/produktas\/juozas-erlickas-pranasystes-2\/#primaryimage\"},\"thumbnailUrl\":\"https:\/\/skaitytaknyga.lt\/wp-content\/uploads\/2024\/08\/img_4806.jpeg\",\"datePublished\":\"2024-08-14T15:22:03+00:00\",\"dateModified\":\"2025-05-19T12:16:45+00:00\",\"description\":\"Tai paskutin\u0117 gro\u017ein\u0117 knyga. Mat nuo tos dienos, kai Bili\u016bnas nu\u0161ov\u0117 savo katin\u0105, gro\u017eio gro\u017ein\u0117j literat\u016broj vis ma\u017e\u0117jo ir n\u016bnai jau visai nebelik\u0119.\",\"breadcrumb\":{\"@id\":\"https:\/\/skaitytaknyga.lt\/produktas\/juozas-erlickas-pranasystes-2\/#breadcrumb\"},\"inLanguage\":\"en-GB\",\"potentialAction\":[{\"@type\":\"ReadAction\",\"target\":[\"https:\/\/skaitytaknyga.lt\/produktas\/juozas-erlickas-pranasystes-2\/\"]}]},{\"@type\":\"ImageObject\",\"inLanguage\":\"en-GB\",\"@id\":\"https:\/\/skaitytaknyga.lt\/produktas\/juozas-erlickas-pranasystes-2\/#primaryimage\",\"url\":\"https:\/\/skaitytaknyga.lt\/wp-content\/uploads\/2024\/08\/img_4806.jpeg\",\"contentUrl\":\"https:\/\/skaitytaknyga.lt\/wp-content\/uploads\/2024\/08\/img_4806.jpeg\",\"width\":467,\"height\":799},{\"@type\":\"BreadcrumbList\",\"@id\":\"https:\/\/skaitytaknyga.lt\/produktas\/juozas-erlickas-pranasystes-2\/#breadcrumb\",\"itemListElement\":[{\"@type\":\"ListItem\",\"position\":1,\"name\":\"Home\",\"item\":\"https:\/\/skaitytaknyga.lt\/\"},{\"@type\":\"ListItem\",\"position\":2,\"name\":\"Parduotuv\u0117\",\"item\":\"https:\/\/skaitytaknyga.lt\/knygu-parduotuve\/\"},{\"@type\":\"ListItem\",\"position\":3,\"name\":\"Pavadinimas\"}]},{\"@type\":\"WebSite\",\"@id\":\"https:\/\/skaitytaknyga.lt\/#website\",\"url\":\"https:\/\/skaitytaknyga.lt\/\",\"name\":\"skaitytaknyga.lt\",\"description\":\"Skaitytaknyga.lt \u2013 tai ma\u017eas \u0161eimos verslas, kuris prasid\u0117jo nuo meil\u0117s knygoms ir siekio i\u0161gelb\u0117ti knygas nuo likimo prie konteinerio. Kas vienam nereikalingas daiktas \u2013 kitam lobis, o mes esame tarpininkai, kurie padeda abiems tapti laimingesniems ???? \u017dinome kaip nelengva i\u0161gyventi ma\u017eiems verslams, tad nuo \u0161iol, \u010dia rasite ir kit\u0173, ma\u017e\u0173 \u0161eim\u0173 versl\u0173, rank\u0173 darbo, dovan\u0173 sau ir artimiesiems.\",\"publisher\":{\"@id\":\"https:\/\/skaitytaknyga.lt\/#organization\"},\"potentialAction\":[{\"@type\":\"SearchAction\",\"target\":{\"@type\":\"EntryPoint\",\"urlTemplate\":\"https:\/\/skaitytaknyga.lt\/?s={search_term_string}\"},\"query-input\":{\"@type\":\"PropertyValueSpecification\",\"valueRequired\":true,\"valueName\":\"search_term_string\"}}],\"inLanguage\":\"en-GB\"},{\"@type\":\"Organization\",\"@id\":\"https:\/\/skaitytaknyga.lt\/#organization\",\"name\":\"skaitytaknyga.lt\",\"url\":\"https:\/\/skaitytaknyga.lt\/\",\"logo\":{\"@type\":\"ImageObject\",\"inLanguage\":\"en-GB\",\"@id\":\"https:\/\/skaitytaknyga.lt\/#\/schema\/logo\/image\/\",\"url\":\"https:\/\/skaitytaknyga.lt\/wp-content\/uploads\/2024\/05\/cropped-cropped-cropped-02_00843_jt3bggkj1j3HLc7SyY6rEUpg.jpeg\",\"contentUrl\":\"https:\/\/skaitytaknyga.lt\/wp-content\/uploads\/2024\/05\/cropped-cropped-cropped-02_00843_jt3bggkj1j3HLc7SyY6rEUpg.jpeg\",\"width\":1600,\"height\":1600,\"caption\":\"skaitytaknyga.lt\"},\"image\":{\"@id\":\"https:\/\/skaitytaknyga.lt\/#\/schema\/logo\/image\/\"},\"sameAs\":[\"https:\/\/www.facebook.com\/skaitytaknyga\/\"]}]}<\/script>\n<!-- \/ Yoast SEO plugin. -->","yoast_head_json":{"title":"Pavadinimas","description":"Tai paskutin\u0117 gro\u017ein\u0117 knyga. Mat nuo tos dienos, kai Bili\u016bnas nu\u0161ov\u0117 savo katin\u0105, gro\u017eio gro\u017ein\u0117j literat\u016broj vis ma\u017e\u0117jo ir n\u016bnai jau visai nebelik\u0119.","robots":{"index":"index","follow":"follow","max-snippet":"max-snippet:-1","max-image-preview":"max-image-preview:large","max-video-preview":"max-video-preview:-1"},"canonical":"https:\/\/skaitytaknyga.lt\/en\/produktas\/juozas-erlickas-pranasystes-2\/","og_locale":"en_GB","og_type":"article","og_title":"[:lt]Pavadinimas[:] - Skaitytaknyga","og_description":"Tai paskutin\u0117 gro\u017ein\u0117 knyga. Mat nuo tos dienos, kai Bili\u016bnas nu\u0161ov\u0117 savo katin\u0105, gro\u017eio gro\u017ein\u0117j literat\u016broj vis ma\u017e\u0117jo ir n\u016bnai jau visai nebelik\u0119.","og_url":"https:\/\/skaitytaknyga.lt\/en\/produktas\/juozas-erlickas-pranasystes-2\/","og_site_name":"Skaitytaknyga","article_publisher":"https:\/\/www.facebook.com\/skaitytaknyga\/","article_modified_time":"2025-05-19T12:16:45+00:00","og_image":[{"width":467,"height":799,"url":"https:\/\/skaitytaknyga.lt\/wp-content\/uploads\/2024\/08\/img_4806.jpeg","type":"image\/jpeg"}],"twitter_card":"summary_large_image","twitter_misc":{"Estimated reading time":"2 minutes"},"schema":{"@context":"https:\/\/schema.org","@graph":[{"@type":"WebPage","@id":"https:\/\/skaitytaknyga.lt\/produktas\/juozas-erlickas-pranasystes-2\/","url":"https:\/\/skaitytaknyga.lt\/produktas\/juozas-erlickas-pranasystes-2\/","name":"Pavadinimas","isPartOf":{"@id":"https:\/\/skaitytaknyga.lt\/#website"},"primaryImageOfPage":{"@id":"https:\/\/skaitytaknyga.lt\/produktas\/juozas-erlickas-pranasystes-2\/#primaryimage"},"image":{"@id":"https:\/\/skaitytaknyga.lt\/produktas\/juozas-erlickas-pranasystes-2\/#primaryimage"},"thumbnailUrl":"https:\/\/skaitytaknyga.lt\/wp-content\/uploads\/2024\/08\/img_4806.jpeg","datePublished":"2024-08-14T15:22:03+00:00","dateModified":"2025-05-19T12:16:45+00:00","description":"Tai paskutin\u0117 gro\u017ein\u0117 knyga. Mat nuo tos dienos, kai Bili\u016bnas nu\u0161ov\u0117 savo katin\u0105, gro\u017eio gro\u017ein\u0117j literat\u016broj vis ma\u017e\u0117jo ir n\u016bnai jau visai nebelik\u0119.","breadcrumb":{"@id":"https:\/\/skaitytaknyga.lt\/produktas\/juozas-erlickas-pranasystes-2\/#breadcrumb"},"inLanguage":"en-GB","potentialAction":[{"@type":"ReadAction","target":["https:\/\/skaitytaknyga.lt\/produktas\/juozas-erlickas-pranasystes-2\/"]}]},{"@type":"ImageObject","inLanguage":"en-GB","@id":"https:\/\/skaitytaknyga.lt\/produktas\/juozas-erlickas-pranasystes-2\/#primaryimage","url":"https:\/\/skaitytaknyga.lt\/wp-content\/uploads\/2024\/08\/img_4806.jpeg","contentUrl":"https:\/\/skaitytaknyga.lt\/wp-content\/uploads\/2024\/08\/img_4806.jpeg","width":467,"height":799},{"@type":"BreadcrumbList","@id":"https:\/\/skaitytaknyga.lt\/produktas\/juozas-erlickas-pranasystes-2\/#breadcrumb","itemListElement":[{"@type":"ListItem","position":1,"name":"Home","item":"https:\/\/skaitytaknyga.lt\/"},{"@type":"ListItem","position":2,"name":"Parduotuv\u0117","item":"https:\/\/skaitytaknyga.lt\/knygu-parduotuve\/"},{"@type":"ListItem","position":3,"name":"Pavadinimas"}]},{"@type":"WebSite","@id":"https:\/\/skaitytaknyga.lt\/#website","url":"https:\/\/skaitytaknyga.lt\/","name":"skaitytaknyga.lt","description":"Skaitytaknyga.lt \u2013 tai ma\u017eas \u0161eimos verslas, kuris prasid\u0117jo nuo meil\u0117s knygoms ir siekio i\u0161gelb\u0117ti knygas nuo likimo prie konteinerio. Kas vienam nereikalingas daiktas \u2013 kitam lobis, o mes esame tarpininkai, kurie padeda abiems tapti laimingesniems ???? \u017dinome kaip nelengva i\u0161gyventi ma\u017eiems verslams, tad nuo \u0161iol, \u010dia rasite ir kit\u0173, ma\u017e\u0173 \u0161eim\u0173 versl\u0173, rank\u0173 darbo, dovan\u0173 sau ir artimiesiems.","publisher":{"@id":"https:\/\/skaitytaknyga.lt\/#organization"},"potentialAction":[{"@type":"SearchAction","target":{"@type":"EntryPoint","urlTemplate":"https:\/\/skaitytaknyga.lt\/?s={search_term_string}"},"query-input":{"@type":"PropertyValueSpecification","valueRequired":true,"valueName":"search_term_string"}}],"inLanguage":"en-GB"},{"@type":"Organization","@id":"https:\/\/skaitytaknyga.lt\/#organization","name":"skaitytaknyga.lt","url":"https:\/\/skaitytaknyga.lt\/","logo":{"@type":"ImageObject","inLanguage":"en-GB","@id":"https:\/\/skaitytaknyga.lt\/#\/schema\/logo\/image\/","url":"https:\/\/skaitytaknyga.lt\/wp-content\/uploads\/2024\/05\/cropped-cropped-cropped-02_00843_jt3bggkj1j3HLc7SyY6rEUpg.jpeg","contentUrl":"https:\/\/skaitytaknyga.lt\/wp-content\/uploads\/2024\/05\/cropped-cropped-cropped-02_00843_jt3bggkj1j3HLc7SyY6rEUpg.jpeg","width":1600,"height":1600,"caption":"skaitytaknyga.lt"},"image":{"@id":"https:\/\/skaitytaknyga.lt\/#\/schema\/logo\/image\/"},"sameAs":["https:\/\/www.facebook.com\/skaitytaknyga\/"]}]}},"_links":{"self":[{"href":"https:\/\/skaitytaknyga.lt\/en\/wp-json\/wp\/v2\/product\/13438","targetHints":{"allow":["GET"]}}],"collection":[{"href":"https:\/\/skaitytaknyga.lt\/en\/wp-json\/wp\/v2\/product"}],"about":[{"href":"https:\/\/skaitytaknyga.lt\/en\/wp-json\/wp\/v2\/types\/product"}],"replies":[{"embeddable":true,"href":"https:\/\/skaitytaknyga.lt\/en\/wp-json\/wp\/v2\/comments?post=13438"}],"wp:featuredmedia":[{"embeddable":true,"href":"https:\/\/skaitytaknyga.lt\/en\/wp-json\/wp\/v2\/media\/13439"}],"wp:attachment":[{"href":"https:\/\/skaitytaknyga.lt\/en\/wp-json\/wp\/v2\/media?parent=13438"}],"wp:term":[{"taxonomy":"product_brand","embeddable":true,"href":"https:\/\/skaitytaknyga.lt\/en\/wp-json\/wp\/v2\/product_brand?post=13438"},{"taxonomy":"product_cat","embeddable":true,"href":"https:\/\/skaitytaknyga.lt\/en\/wp-json\/wp\/v2\/product_cat?post=13438"},{"taxonomy":"product_tag","embeddable":true,"href":"https:\/\/skaitytaknyga.lt\/en\/wp-json\/wp\/v2\/product_tag?post=13438"}],"curies":[{"name":"wp","href":"https:\/\/api.w.org\/{rel}","templated":true}]}}