{"id":13435,"date":"2024-08-14T16:53:32","date_gmt":"2024-08-14T13:53:32","guid":{"rendered":"https:\/\/skaitytaknyga.lt\/?post_type=product&#038;p=13435"},"modified":"2025-05-13T10:21:17","modified_gmt":"2025-05-13T07:21:17","slug":"aleksandra-riplej-skarlete-i-ii-dalys-2","status":"publish","type":"product","link":"https:\/\/skaitytaknyga.lt\/en\/produktas\/aleksandra-riplej-skarlete-i-ii-dalys-2\/","title":{"rendered":"Skarlet\u0117  I-II dalys"},"content":{"rendered":"<p><span>Margaret Mitchell legendiniame romane \u201eV\u0117jo nublok\u0161ti&#8221;, pasakodama nepamir\u0161tam\u0105 meil\u0117s ir i\u0161likimo istorij\u0105, suk\u016br\u0117 neprilygstamus heroj\u0173 portretus.<\/span><\/p>\n<p><span>Knygoje \u201eSkarlet&#8221; Aleksandra Ripley v\u0117l gr\u0105\u017eina skaitytoj\u0105 pas gerai pa\u017e\u012fstamus Ret\u0105, E\u0161l\u012f, aukl\u0119, Sjulin\u0105, tet\u0105 Pitipet ir, \u017einoma, Skarlet. Vis\u0173 \u0161i\u0173 persona\u017e\u0173 laukia nauji i\u0161bandymai. V\u0117l \u012fsiliepsnos meil\u0117, viena \u012fsp\u016bdingiausi\u0173 literat\u016bros istorijoje. \u012evykiai i\u0161 Taros dvaro ir Atlantos nuves mus \u012f Airij\u0105, kur slypi Skarlet gimin\u0117s \u0161aknys. O joki\u0173 rib\u0173 nepaisanti Skarlet Oharos ir Reto Batlerio aistra pasieks stulbinan\u010di\u0105 kulminacij\u0105&#8230;<\/span><\/p>\n<ul class=\"about-product mb-3\">\n<li><strong style=\"font-weight: 700\">Autorius:<\/strong><span class=\"Apple-converted-space\">&nbsp;<\/span>Alexandra Ripley<\/li>\n<li><strong style=\"font-weight: 700\">Leid\u0117jas:<\/strong><span class=\"Apple-converted-space\">&nbsp;<\/span>Alma littera<\/li>\n<li><strong style=\"font-weight: 700\">Metai:<\/strong><span class=\"Apple-converted-space\">&nbsp;<\/span>2010<\/li>\n<li><strong style=\"font-weight: 700\">Puslapiai:<\/strong><span class=\"Apple-converted-space\">&nbsp;<\/span>464<\/li>\n<li><strong style=\"font-weight: 700\">ISBN:<\/strong><span class=\"Apple-converted-space\">&nbsp;<\/span>9789955384717<\/li>\n<li><strong style=\"font-weight: 700\">Versijos kodas:<\/strong><span class=\"Apple-converted-space\">&nbsp;<\/span>PT.<\/li>\n<li class=\"toggleable type-new-formats \"><strong style=\"font-weight: 700\">Formatas:<\/strong><span class=\"Apple-converted-space\">&nbsp;<\/span>15 x 24 cm, kieti vir\u0161eliai<\/li>\n<li><strong style=\"font-weight: 700\">Kalba:<\/strong><span class=\"Apple-converted-space\">&nbsp;<\/span><span>Lietuvi\u0173<\/span><\/li>\n<li><strong style=\"font-weight: 700\">Vert\u0117jas:<\/strong><span class=\"Apple-converted-space\">&nbsp;<\/span>Vilma Rinkevi\u010di\u016bt\u0117<\/li>\n<\/ul>\n","protected":false},"excerpt":{"rendered":"<p>Margaret Mitchell legendiniame romane \u201eV\u0117jo nublok\u0161ti&#8221;, pasakodama nepamir\u0161tam\u0105 meil\u0117s ir i\u0161likimo istorij\u0105, suk\u016br\u0117 neprilygstamus heroj\u0173 portretus. Knygoje \u201eSkarlet&#8221; Aleksandra Ripley v\u0117l gr\u0105\u017eina skaitytoj\u0105 pas gerai pa\u017e\u012fstamus Ret\u0105, E\u0161l\u012f, aukl\u0119, Sjulin\u0105, tet\u0105 Pitipet ir, \u017einoma, Skarlet. Vis\u0173 \u0161i\u0173 persona\u017e\u0173 laukia nauji i\u0161bandymai. V\u0117l \u012fsiliepsnos meil\u0117, viena \u012fsp\u016bdingiausi\u0173 literat\u016bros istorijoje. \u012evykiai i\u0161 Taros dvaro ir Atlantos nuves mus \u012f Airij\u0105, kur slypi Skarlet gimin\u0117s \u0161aknys. O joki\u0173 rib\u0173 nepaisanti Skarlet Oharos ir Reto Batlerio aistra pasieks stulbinan\u010di\u0105 kulminacij\u0105&#8230; Autorius:&nbsp;Alexandra Ripley Leid\u0117jas:&nbsp;Alma littera Metai:&nbsp;2010 Puslapiai:&nbsp;464 ISBN:&nbsp;9789955384717 Versijos kodas:&nbsp;PT. Formatas:&nbsp;15 x 24 cm, kieti vir\u0161eliai Kalba:&nbsp;Lietuvi\u0173 Vert\u0117jas:&nbsp;Vilma Rinkevi\u010di\u016bt\u0117<\/p>\n","protected":false},"featured_media":13436,"comment_status":"closed","ping_status":"closed","template":"","meta":{"_acf_changed":false,"site-sidebar-layout":"default","site-content-layout":"","ast-site-content-layout":"default","site-content-style":"default","site-sidebar-style":"default","ast-global-header-display":"","ast-banner-title-visibility":"","ast-main-header-display":"","ast-hfb-above-header-display":"","ast-hfb-below-header-display":"","ast-hfb-mobile-header-display":"","site-post-title":"","ast-breadcrumbs-content":"","ast-featured-img":"","footer-sml-layout":"","ast-disable-related-posts":"","theme-transparent-header-meta":"","adv-header-id-meta":"","stick-header-meta":"","header-above-stick-meta":"","header-main-stick-meta":"","header-below-stick-meta":"","astra-migrate-meta-layouts":"default","ast-page-background-enabled":"default","ast-page-background-meta":{"desktop":{"background-color":"","background-image":"","background-repeat":"repeat","background-position":"center center","background-size":"auto","background-attachment":"scroll","background-type":"","background-media":"","overlay-type":"","overlay-color":"","overlay-opacity":"","overlay-gradient":""},"tablet":{"background-color":"","background-image":"","background-repeat":"repeat","background-position":"center center","background-size":"auto","background-attachment":"scroll","background-type":"","background-media":"","overlay-type":"","overlay-color":"","overlay-opacity":"","overlay-gradient":""},"mobile":{"background-color":"","background-image":"","background-repeat":"repeat","background-position":"center center","background-size":"auto","background-attachment":"scroll","background-type":"","background-media":"","overlay-type":"","overlay-color":"","overlay-opacity":"","overlay-gradient":""}},"ast-content-background-meta":{"desktop":{"background-color":"var(--ast-global-color-4)","background-image":"","background-repeat":"repeat","background-position":"center center","background-size":"auto","background-attachment":"scroll","background-type":"","background-media":"","overlay-type":"","overlay-color":"","overlay-opacity":"","overlay-gradient":""},"tablet":{"background-color":"var(--ast-global-color-4)","background-image":"","background-repeat":"repeat","background-position":"center center","background-size":"auto","background-attachment":"scroll","background-type":"","background-media":"","overlay-type":"","overlay-color":"","overlay-opacity":"","overlay-gradient":""},"mobile":{"background-color":"var(--ast-global-color-4)","background-image":"","background-repeat":"repeat","background-position":"center center","background-size":"auto","background-attachment":"scroll","background-type":"","background-media":"","overlay-type":"","overlay-color":"","overlay-opacity":"","overlay-gradient":""}}},"product_brand":[],"product_cat":[31],"product_tag":[2144,2125,2069,2014,2126],"class_list":{"0":"post-13435","1":"product","2":"type-product","3":"status-publish","4":"has-post-thumbnail","6":"product_cat-grozine-literatura","7":"product_tag-vejo-nubloksti-tesinys","8":"product_tag-alexandra-ripley","9":"product_tag-istorinis-romanas","10":"product_tag-meiles-romanas","11":"product_tag-skarlete","12":"desktop-align-left","13":"tablet-align-left","14":"mobile-align-left","16":"first","17":"outofstock","18":"shipping-taxable","19":"purchasable","20":"product-type-simple"},"acf":[],"yoast_head":"<!-- This site is optimized with the Yoast SEO plugin v27.0 - https:\/\/yoast.com\/product\/yoast-seo-wordpress\/ -->\n<title>Skarlet\u0117 I-II dalys<\/title>\n<meta name=\"description\" content=\"Margaret Mitchell legendiniame romane \u201eV\u0117jo nublok\u0161ti&quot;, pasakodama nepamir\u0161tam\u0105 meil\u0117s ir i\u0161likimo istorij\u0105, suk\u016br\u0117 neprilygstamus heroj\u0173 portretus.\" \/>\n<meta name=\"robots\" content=\"index, follow, max-snippet:-1, max-image-preview:large, max-video-preview:-1\" \/>\n<link rel=\"canonical\" href=\"https:\/\/skaitytaknyga.lt\/en\/produktas\/aleksandra-riplej-skarlete-i-ii-dalys-2\/\" \/>\n<meta property=\"og:locale\" content=\"en_GB\" \/>\n<meta property=\"og:locale:alternate\" content=\"lt_LT\" \/>\n<meta property=\"og:type\" content=\"article\" \/>\n<meta property=\"og:title\" content=\"Skarlet\u0117 I-II dalys\" \/>\n<meta property=\"og:description\" content=\"Margaret Mitchell legendiniame romane \u201eV\u0117jo nublok\u0161ti&quot;, pasakodama nepamir\u0161tam\u0105 meil\u0117s ir i\u0161likimo istorij\u0105, suk\u016br\u0117 neprilygstamus heroj\u0173 portretus.\" \/>\n<meta property=\"og:url\" content=\"https:\/\/skaitytaknyga.lt\/en\/produktas\/aleksandra-riplej-skarlete-i-ii-dalys-2\/\" \/>\n<meta property=\"og:site_name\" content=\"Skaitytaknyga\" \/>\n<meta property=\"article:publisher\" content=\"https:\/\/www.facebook.com\/skaitytaknyga\/\" \/>\n<meta property=\"article:modified_time\" content=\"2025-05-13T07:21:17+00:00\" \/>\n<meta property=\"og:image\" content=\"https:\/\/skaitytaknyga.lt\/wp-content\/uploads\/2024\/08\/img_4804.jpeg\" \/>\n\t<meta property=\"og:image:width\" content=\"302\" \/>\n\t<meta property=\"og:image:height\" content=\"550\" \/>\n\t<meta property=\"og:image:type\" content=\"image\/jpeg\" \/>\n<meta name=\"twitter:card\" content=\"summary_large_image\" \/>\n<meta name=\"twitter:label1\" content=\"Estimated reading time\" \/>\n\t<meta name=\"twitter:data1\" content=\"1 minute\" \/>\n<script type=\"application\/ld+json\" class=\"yoast-schema-graph\">{\"@context\":\"https:\/\/schema.org\",\"@graph\":[{\"@type\":\"WebPage\",\"@id\":\"https:\/\/skaitytaknyga.lt\/produktas\/aleksandra-riplej-skarlete-i-ii-dalys-2\/\",\"url\":\"https:\/\/skaitytaknyga.lt\/produktas\/aleksandra-riplej-skarlete-i-ii-dalys-2\/\",\"name\":\"Skarlet\u0117 I-II dalys\",\"isPartOf\":{\"@id\":\"https:\/\/skaitytaknyga.lt\/#website\"},\"primaryImageOfPage\":{\"@id\":\"https:\/\/skaitytaknyga.lt\/produktas\/aleksandra-riplej-skarlete-i-ii-dalys-2\/#primaryimage\"},\"image\":{\"@id\":\"https:\/\/skaitytaknyga.lt\/produktas\/aleksandra-riplej-skarlete-i-ii-dalys-2\/#primaryimage\"},\"thumbnailUrl\":\"https:\/\/skaitytaknyga.lt\/wp-content\/uploads\/2024\/08\/img_4804.jpeg\",\"datePublished\":\"2024-08-14T13:53:32+00:00\",\"dateModified\":\"2025-05-13T07:21:17+00:00\",\"description\":\"Margaret Mitchell legendiniame romane \u201eV\u0117jo nublok\u0161ti\\\", pasakodama nepamir\u0161tam\u0105 meil\u0117s ir i\u0161likimo istorij\u0105, suk\u016br\u0117 neprilygstamus heroj\u0173 portretus.\",\"breadcrumb\":{\"@id\":\"https:\/\/skaitytaknyga.lt\/produktas\/aleksandra-riplej-skarlete-i-ii-dalys-2\/#breadcrumb\"},\"inLanguage\":\"en-GB\",\"potentialAction\":[{\"@type\":\"ReadAction\",\"target\":[\"https:\/\/skaitytaknyga.lt\/produktas\/aleksandra-riplej-skarlete-i-ii-dalys-2\/\"]}]},{\"@type\":\"ImageObject\",\"inLanguage\":\"en-GB\",\"@id\":\"https:\/\/skaitytaknyga.lt\/produktas\/aleksandra-riplej-skarlete-i-ii-dalys-2\/#primaryimage\",\"url\":\"https:\/\/skaitytaknyga.lt\/wp-content\/uploads\/2024\/08\/img_4804.jpeg\",\"contentUrl\":\"https:\/\/skaitytaknyga.lt\/wp-content\/uploads\/2024\/08\/img_4804.jpeg\",\"width\":302,\"height\":550},{\"@type\":\"BreadcrumbList\",\"@id\":\"https:\/\/skaitytaknyga.lt\/produktas\/aleksandra-riplej-skarlete-i-ii-dalys-2\/#breadcrumb\",\"itemListElement\":[{\"@type\":\"ListItem\",\"position\":1,\"name\":\"Home\",\"item\":\"https:\/\/skaitytaknyga.lt\/\"},{\"@type\":\"ListItem\",\"position\":2,\"name\":\"Parduotuv\u0117\",\"item\":\"https:\/\/skaitytaknyga.lt\/knygu-parduotuve\/\"},{\"@type\":\"ListItem\",\"position\":3,\"name\":\"Skarlet\u0117 I-II dalys\"}]},{\"@type\":\"WebSite\",\"@id\":\"https:\/\/skaitytaknyga.lt\/#website\",\"url\":\"https:\/\/skaitytaknyga.lt\/\",\"name\":\"skaitytaknyga.lt\",\"description\":\"Skaitytaknyga.lt \u2013 tai ma\u017eas \u0161eimos verslas, kuris prasid\u0117jo nuo meil\u0117s knygoms ir siekio i\u0161gelb\u0117ti knygas nuo likimo prie konteinerio. Kas vienam nereikalingas daiktas \u2013 kitam lobis, o mes esame tarpininkai, kurie padeda abiems tapti laimingesniems ???? \u017dinome kaip nelengva i\u0161gyventi ma\u017eiems verslams, tad nuo \u0161iol, \u010dia rasite ir kit\u0173, ma\u017e\u0173 \u0161eim\u0173 versl\u0173, rank\u0173 darbo, dovan\u0173 sau ir artimiesiems.\",\"publisher\":{\"@id\":\"https:\/\/skaitytaknyga.lt\/#organization\"},\"potentialAction\":[{\"@type\":\"SearchAction\",\"target\":{\"@type\":\"EntryPoint\",\"urlTemplate\":\"https:\/\/skaitytaknyga.lt\/?s={search_term_string}\"},\"query-input\":{\"@type\":\"PropertyValueSpecification\",\"valueRequired\":true,\"valueName\":\"search_term_string\"}}],\"inLanguage\":\"en-GB\"},{\"@type\":\"Organization\",\"@id\":\"https:\/\/skaitytaknyga.lt\/#organization\",\"name\":\"skaitytaknyga.lt\",\"url\":\"https:\/\/skaitytaknyga.lt\/\",\"logo\":{\"@type\":\"ImageObject\",\"inLanguage\":\"en-GB\",\"@id\":\"https:\/\/skaitytaknyga.lt\/#\/schema\/logo\/image\/\",\"url\":\"https:\/\/skaitytaknyga.lt\/wp-content\/uploads\/2024\/05\/cropped-cropped-cropped-02_00843_jt3bggkj1j3HLc7SyY6rEUpg.jpeg\",\"contentUrl\":\"https:\/\/skaitytaknyga.lt\/wp-content\/uploads\/2024\/05\/cropped-cropped-cropped-02_00843_jt3bggkj1j3HLc7SyY6rEUpg.jpeg\",\"width\":1600,\"height\":1600,\"caption\":\"skaitytaknyga.lt\"},\"image\":{\"@id\":\"https:\/\/skaitytaknyga.lt\/#\/schema\/logo\/image\/\"},\"sameAs\":[\"https:\/\/www.facebook.com\/skaitytaknyga\/\"]}]}<\/script>\n<!-- \/ Yoast SEO plugin. -->","yoast_head_json":{"title":"Skarlet\u0117 I-II dalys","description":"Margaret Mitchell legendiniame romane \u201eV\u0117jo nublok\u0161ti\", pasakodama nepamir\u0161tam\u0105 meil\u0117s ir i\u0161likimo istorij\u0105, suk\u016br\u0117 neprilygstamus heroj\u0173 portretus.","robots":{"index":"index","follow":"follow","max-snippet":"max-snippet:-1","max-image-preview":"max-image-preview:large","max-video-preview":"max-video-preview:-1"},"canonical":"https:\/\/skaitytaknyga.lt\/en\/produktas\/aleksandra-riplej-skarlete-i-ii-dalys-2\/","og_locale":"en_GB","og_type":"article","og_title":"[:lt]Skarlet\u0117 I-II dalys[:] - Skaitytaknyga","og_description":"Margaret Mitchell legendiniame romane \u201eV\u0117jo nublok\u0161ti\", pasakodama nepamir\u0161tam\u0105 meil\u0117s ir i\u0161likimo istorij\u0105, suk\u016br\u0117 neprilygstamus heroj\u0173 portretus.","og_url":"https:\/\/skaitytaknyga.lt\/en\/produktas\/aleksandra-riplej-skarlete-i-ii-dalys-2\/","og_site_name":"Skaitytaknyga","article_publisher":"https:\/\/www.facebook.com\/skaitytaknyga\/","article_modified_time":"2025-05-13T07:21:17+00:00","og_image":[{"width":302,"height":550,"url":"https:\/\/skaitytaknyga.lt\/wp-content\/uploads\/2024\/08\/img_4804.jpeg","type":"image\/jpeg"}],"twitter_card":"summary_large_image","twitter_misc":{"Estimated reading time":"1 minute"},"schema":{"@context":"https:\/\/schema.org","@graph":[{"@type":"WebPage","@id":"https:\/\/skaitytaknyga.lt\/produktas\/aleksandra-riplej-skarlete-i-ii-dalys-2\/","url":"https:\/\/skaitytaknyga.lt\/produktas\/aleksandra-riplej-skarlete-i-ii-dalys-2\/","name":"Skarlet\u0117 I-II dalys","isPartOf":{"@id":"https:\/\/skaitytaknyga.lt\/#website"},"primaryImageOfPage":{"@id":"https:\/\/skaitytaknyga.lt\/produktas\/aleksandra-riplej-skarlete-i-ii-dalys-2\/#primaryimage"},"image":{"@id":"https:\/\/skaitytaknyga.lt\/produktas\/aleksandra-riplej-skarlete-i-ii-dalys-2\/#primaryimage"},"thumbnailUrl":"https:\/\/skaitytaknyga.lt\/wp-content\/uploads\/2024\/08\/img_4804.jpeg","datePublished":"2024-08-14T13:53:32+00:00","dateModified":"2025-05-13T07:21:17+00:00","description":"Margaret Mitchell legendiniame romane \u201eV\u0117jo nublok\u0161ti\", pasakodama nepamir\u0161tam\u0105 meil\u0117s ir i\u0161likimo istorij\u0105, suk\u016br\u0117 neprilygstamus heroj\u0173 portretus.","breadcrumb":{"@id":"https:\/\/skaitytaknyga.lt\/produktas\/aleksandra-riplej-skarlete-i-ii-dalys-2\/#breadcrumb"},"inLanguage":"en-GB","potentialAction":[{"@type":"ReadAction","target":["https:\/\/skaitytaknyga.lt\/produktas\/aleksandra-riplej-skarlete-i-ii-dalys-2\/"]}]},{"@type":"ImageObject","inLanguage":"en-GB","@id":"https:\/\/skaitytaknyga.lt\/produktas\/aleksandra-riplej-skarlete-i-ii-dalys-2\/#primaryimage","url":"https:\/\/skaitytaknyga.lt\/wp-content\/uploads\/2024\/08\/img_4804.jpeg","contentUrl":"https:\/\/skaitytaknyga.lt\/wp-content\/uploads\/2024\/08\/img_4804.jpeg","width":302,"height":550},{"@type":"BreadcrumbList","@id":"https:\/\/skaitytaknyga.lt\/produktas\/aleksandra-riplej-skarlete-i-ii-dalys-2\/#breadcrumb","itemListElement":[{"@type":"ListItem","position":1,"name":"Home","item":"https:\/\/skaitytaknyga.lt\/"},{"@type":"ListItem","position":2,"name":"Parduotuv\u0117","item":"https:\/\/skaitytaknyga.lt\/knygu-parduotuve\/"},{"@type":"ListItem","position":3,"name":"Skarlet\u0117 I-II dalys"}]},{"@type":"WebSite","@id":"https:\/\/skaitytaknyga.lt\/#website","url":"https:\/\/skaitytaknyga.lt\/","name":"skaitytaknyga.lt","description":"Skaitytaknyga.lt \u2013 tai ma\u017eas \u0161eimos verslas, kuris prasid\u0117jo nuo meil\u0117s knygoms ir siekio i\u0161gelb\u0117ti knygas nuo likimo prie konteinerio. Kas vienam nereikalingas daiktas \u2013 kitam lobis, o mes esame tarpininkai, kurie padeda abiems tapti laimingesniems ???? \u017dinome kaip nelengva i\u0161gyventi ma\u017eiems verslams, tad nuo \u0161iol, \u010dia rasite ir kit\u0173, ma\u017e\u0173 \u0161eim\u0173 versl\u0173, rank\u0173 darbo, dovan\u0173 sau ir artimiesiems.","publisher":{"@id":"https:\/\/skaitytaknyga.lt\/#organization"},"potentialAction":[{"@type":"SearchAction","target":{"@type":"EntryPoint","urlTemplate":"https:\/\/skaitytaknyga.lt\/?s={search_term_string}"},"query-input":{"@type":"PropertyValueSpecification","valueRequired":true,"valueName":"search_term_string"}}],"inLanguage":"en-GB"},{"@type":"Organization","@id":"https:\/\/skaitytaknyga.lt\/#organization","name":"skaitytaknyga.lt","url":"https:\/\/skaitytaknyga.lt\/","logo":{"@type":"ImageObject","inLanguage":"en-GB","@id":"https:\/\/skaitytaknyga.lt\/#\/schema\/logo\/image\/","url":"https:\/\/skaitytaknyga.lt\/wp-content\/uploads\/2024\/05\/cropped-cropped-cropped-02_00843_jt3bggkj1j3HLc7SyY6rEUpg.jpeg","contentUrl":"https:\/\/skaitytaknyga.lt\/wp-content\/uploads\/2024\/05\/cropped-cropped-cropped-02_00843_jt3bggkj1j3HLc7SyY6rEUpg.jpeg","width":1600,"height":1600,"caption":"skaitytaknyga.lt"},"image":{"@id":"https:\/\/skaitytaknyga.lt\/#\/schema\/logo\/image\/"},"sameAs":["https:\/\/www.facebook.com\/skaitytaknyga\/"]}]}},"_links":{"self":[{"href":"https:\/\/skaitytaknyga.lt\/en\/wp-json\/wp\/v2\/product\/13435","targetHints":{"allow":["GET"]}}],"collection":[{"href":"https:\/\/skaitytaknyga.lt\/en\/wp-json\/wp\/v2\/product"}],"about":[{"href":"https:\/\/skaitytaknyga.lt\/en\/wp-json\/wp\/v2\/types\/product"}],"replies":[{"embeddable":true,"href":"https:\/\/skaitytaknyga.lt\/en\/wp-json\/wp\/v2\/comments?post=13435"}],"wp:featuredmedia":[{"embeddable":true,"href":"https:\/\/skaitytaknyga.lt\/en\/wp-json\/wp\/v2\/media\/13436"}],"wp:attachment":[{"href":"https:\/\/skaitytaknyga.lt\/en\/wp-json\/wp\/v2\/media?parent=13435"}],"wp:term":[{"taxonomy":"product_brand","embeddable":true,"href":"https:\/\/skaitytaknyga.lt\/en\/wp-json\/wp\/v2\/product_brand?post=13435"},{"taxonomy":"product_cat","embeddable":true,"href":"https:\/\/skaitytaknyga.lt\/en\/wp-json\/wp\/v2\/product_cat?post=13435"},{"taxonomy":"product_tag","embeddable":true,"href":"https:\/\/skaitytaknyga.lt\/en\/wp-json\/wp\/v2\/product_tag?post=13435"}],"curies":[{"name":"wp","href":"https:\/\/api.w.org\/{rel}","templated":true}]}}